{"id":76999,"date":"2021-11-25T15:00:27","date_gmt":"2021-11-25T14:00:27","guid":{"rendered":"https:\/\/marktxxl.de\/markt\/produkt\/hdmi-adapter-fuer-phone-pad-zu-tv-lightening-hdmi-kabel-2m-1080p-digital-av-adapter-sync-bildschirm-hdmi-anschluss-fuer-i-phone-pad4-air2-3-pro1-2-plug-und-play-kein-netztei1-erforderlich\/"},"modified":"2023-04-11T02:51:23","modified_gmt":"2023-04-11T00:51:23","slug":"hdmi-adapter-fuer-phone-pad-zu-tv-lightening-hdmi-kabel-2m-1080p-digital-av-adapter-sync-bildschirm-hdmi-anschluss-fuer-i-phone-pad4-air2-3-pro1-2-plug-und-play-kein-netztei1-erforderlich","status":"publish","type":"product","link":"https:\/\/marktxxl.de\/markt\/produkt\/hdmi-adapter-fuer-phone-pad-zu-tv-lightening-hdmi-kabel-2m-1080p-digital-av-adapter-sync-bildschirm-hdmi-anschluss-fuer-i-phone-pad4-air2-3-pro1-2-plug-und-play-kein-netztei1-erforderlich\/","title":{"rendered":"HDMI Adapter f\u00fcr Phone\/Pad zu TV, Lightening HDMI Kabel 2M, 1080P Digital AV Adapter Sync Bildschirm HDMI Anschluss f\u00fcr\u2026"},"content":{"rendered":"<p>\u30101080P HD auf HDMI Adapter\u3011 Das aufhellende HDMI Kabel unterst\u00fctzt den Spiegelanzeigemodus bis zu 1080P HD. Plug und Play, verbinden Sie Ihr i-ph0ne\/pad mit einem HDTV \/ Monitor \/ Projektor oder einem anderen HDMI Eingabeger\u00e4t. Es ist ein ideales HDMI Kabel zum Fernsehen, Meetings, Spiele, Videos, Anrufe oder Online Kurse. Mit diesem HDMI Kabel k\u00f6nnen Sie nicht nur den gro\u00dfen Bildschirm genie\u00dfen, sondern auch Ihre Augen sch\u00fctzen.<br \/>\n\u3010Plug und Play, Einfach zu Bedienen\u3011 Dieses Lightening HDMI Kabel Keine WIFI Verbindung \/ Hotspot \/ Air-Play \/ Einstellung erforderlich, kein Treiber \/ APP Download erforderlich. 10-20 Sekunden f\u00fcr den Verbindungsaufbau. Dieser Schritt ist f\u00fcr die meisten Ger\u00e4te abgeschlossen, aber wenn nicht, k\u00f6nnen Sie Ihr Phone \/ Pad nach oben schieben und auf &#8220;Bildschirmspiegelung&#8221; klicken und dann &#8220;Air OTG Adapter&#8221; wie folgt ausw\u00e4hlen.<br \/>\n\u3010Breite Kompatibilit\u00e4t\u3011HOPLAZA Lightening HDMI Adapter Kompatibel mit i-Phone 13\/13 Pro\/12\/12 Pro\/12 Max\/11\/X\/XS\/XR\/8\/8P\/7\/7P\/6\/6P\/5s\/5, Pod, Pad 4\/5\/6\/7\/8, Pad Air \/2\/3, Pad Pro 1\/2, Unterst\u00fctzt 1-OS 15 und fr\u00fchere Betriebssysteme. Das HDMI Kabel unterst\u00fctzt Facetime, Skype, WhatsApp Videoanrufe und unterst\u00fctzt auch das Streamen von Videos, Bildern, Spielen auf Facebook, YouTube, Instagram, Twitter, Microsoft Office usw.<br \/>\n\u3010HINWEIS\u3011 Aufgrund von Urheberrechtsschutzma\u00dfnahmen ist dieses Lightening HDMI Kabel nicht mit Apps mit &#8220;HDCP&#8221; -Video wie Netflix, HBO GO, Xfinity Player, Amazon Prime, Hulu, Directv, Vude und anderen Apps kompatibel.<br \/>\n\u3010Robust und langlebig\u3011 Advantage Hochleistungschip, kann Hochgeschwindigkeits\u00fcbertragung, Synchronisation von High Definition Video und digitalem Audio gew\u00e4hrleisten, kein zus\u00e4tzlicher USB-Port oder PD zur Unterst\u00fctzung erforderlich, hochwertige, vernickelte Anschl\u00fcsse f\u00fcr bessere W\u00e4rmeableitung, Ein hochwertiger Lightening Connector sorgt f\u00fcr eine stabile Verbindung mit Ihren Ger\u00e4ten f\u00fcr eine stabile Signal\u00fcbertragung. Wenn Sie Fragen zu diesem HDMI-Kabel haben, WIR BIETEN PRODUKTSCHUTZ.<br \/>\n<div class=\"main-cross-sell\" data-asin=\"B09LC68J9V\">\n\n\t<div class=\"WooZone-cross-sell-loader\">\n\t\t<div>\n\t\t\t<div id=\"floatingBarsG\">\n\t\t\t\t<div class=\"blockG\" id=\"rotateG_01\"><\/div>\n\t\t\t\t<div class=\"blockG\" id=\"rotateG_02\"><\/div>\n\t\t\t\t<div class=\"blockG\" id=\"rotateG_03\"><\/div>\n\t\t\t\t<div class=\"blockG\" id=\"rotateG_04\"><\/div>\n\t\t\t\t<div class=\"blockG\" id=\"rotateG_05\"><\/div>\n\t\t\t\t<div class=\"blockG\" id=\"rotateG_06\"><\/div>\n\t\t\t\t<div class=\"blockG\" id=\"rotateG_07\"><\/div>\n\t\t\t\t<div class=\"blockG\" id=\"rotateG_08\"><\/div>\n\t\t\t<\/div>\n\t\t\t<div class=\"WooZone-cross-sell-loader-text\"><\/div>\n\t\t<\/div>\n\t<\/div>\n\n\t\t\n<\/div>\n<div style=\"clear:both;\"><\/div><\/p>\n","protected":false},"excerpt":{"rendered":"<p>\u30101080P HD auf HDMI Adapter\u3011 Das aufhellende HDMI Kabel unterst\u00fctzt den Spiegelanzeigemodus bis zu 1080P HD. Plug und Play, verbinden Sie Ihr i-ph0ne\/pad mit einem HDTV \/ Monitor \/ Projektor oder einem anderen HDMI Eingabeger\u00e4t. Es ist ein ideales HDMI Kabel zum Fernsehen, Meetings, Spiele, Videos, Anrufe oder Online Kurse. Mit diesem HDMI Kabel k\u00f6nnen Sie nicht nur den gro\u00dfen Bildschirm genie\u00dfen, sondern auch Ihre Augen sch\u00fctzen.<br \/>\n\u3010Plug und Play, Einfach zu Bedienen\u3011 Dieses Lightening HDMI Kabel Keine WIFI Verbindung \/ Hotspot \/ Air-Play \/ Einstellung erforderlich, kein Treiber \/ APP Download erforderlich. 10-20 Sekunden f\u00fcr den Verbindungsaufbau. Dieser Schritt ist f\u00fcr die meisten Ger\u00e4te abgeschlossen, aber wenn nicht, k\u00f6nnen Sie Ihr Phone \/ Pad nach oben schieben und auf &#8220;Bildschirmspiegelung&#8221; klicken und dann &#8220;Air OTG Adapter&#8221; wie folgt ausw\u00e4hlen.<br \/>\n\u3010Breite Kompatibilit\u00e4t\u3011HOPLAZA Lightening HDMI Adapter Kompatibel mit i-Phone 13\/13 Pro\/12\/12 Pro\/12 Max\/11\/X\/XS\/XR\/8\/8P\/7\/7P\/6\/6P\/5s\/5, Pod, Pad 4\/5\/6\/7\/8, Pad Air \/2\/3, Pad Pro 1\/2, Unterst\u00fctzt 1-OS 15 und fr\u00fchere Betriebssysteme. Das HDMI Kabel unterst\u00fctzt Facetime, Skype, WhatsApp Videoanrufe und unterst\u00fctzt auch das Streamen von Videos, Bildern, Spielen auf Facebook, YouTube, Instagram, Twitter, Microsoft Office usw.<\/p>\n","protected":false},"featured_media":77000,"comment_status":"open","ping_status":"closed","template":"","meta":[],"product_brand":[],"product_cat":[863],"product_tag":[],"class_list":{"0":"post-76999","1":"product","2":"type-product","3":"status-publish","4":"has-post-thumbnail","6":"product_cat-computer-zubehoer","7":"pa_brand-datastream","8":"pa_manufacturer-datastream","10":"first","11":"instock","12":"shipping-taxable","13":"purchasable","14":"product-type-simple","15":"customify-col","16":"product-has-gallery"},"yoast_head":"<!-- This site is optimized with the Yoast SEO plugin v27.4 - https:\/\/yoast.com\/product\/yoast-seo-wordpress\/ -->\n<title>HDMI Adapter f\u00fcr Phone\/Pad zu TV, Lightening HDMI Kabel 2M, 1080P Digital AV Adapter Sync Bildschirm HDMI Anschluss f\u00fcr\u2026 - Markt-XXL<\/title>\n<meta name=\"description\" content=\"Markt-XXL HDMI Adapter f\u00fcr Phone\/Pad zu TV, Lightening HDMI Kabel 2M, 1080P Digital AV Adapter Sync Bildschirm HDMI Anschluss f\u00fcr\u2026\" \/>\n<meta name=\"robots\" content=\"index, follow, max-snippet:-1, max-image-preview:large, max-video-preview:-1\" \/>\n<link rel=\"canonical\" href=\"https:\/\/marktxxl.de\/markt\/produkt\/hdmi-adapter-fuer-phone-pad-zu-tv-lightening-hdmi-kabel-2m-1080p-digital-av-adapter-sync-bildschirm-hdmi-anschluss-fuer-i-phone-pad4-air2-3-pro1-2-plug-und-play-kein-netztei1-erforderlich\/\" \/>\n<meta property=\"og:locale\" content=\"de_DE\" \/>\n<meta property=\"og:type\" content=\"article\" \/>\n<meta property=\"og:title\" content=\"HDMI Adapter f\u00fcr Phone\/Pad zu TV, Lightening HDMI Kabel 2M, 1080P Digital AV Adapter Sync Bildschirm HDMI Anschluss f\u00fcr\u2026 - Markt-XXL\" \/>\n<meta property=\"og:description\" content=\"Markt-XXL HDMI Adapter f\u00fcr Phone\/Pad zu TV, Lightening HDMI Kabel 2M, 1080P Digital AV Adapter Sync Bildschirm HDMI Anschluss f\u00fcr\u2026\" \/>\n<meta property=\"og:url\" content=\"https:\/\/marktxxl.de\/markt\/produkt\/hdmi-adapter-fuer-phone-pad-zu-tv-lightening-hdmi-kabel-2m-1080p-digital-av-adapter-sync-bildschirm-hdmi-anschluss-fuer-i-phone-pad4-air2-3-pro1-2-plug-und-play-kein-netztei1-erforderlich\/\" \/>\n<meta property=\"og:site_name\" content=\"Markt-XXL\" \/>\n<meta property=\"article:modified_time\" content=\"2023-04-11T00:51:23+00:00\" \/>\n<meta property=\"og:image\" content=\"https:\/\/m.media-amazon.com\/images\/I\/41BgWuKjILL._SL500_.jpg\" \/>\n\t<meta property=\"og:image:width\" content=\"500\" \/>\n\t<meta property=\"og:image:height\" content=\"500\" \/>\n\t<meta property=\"og:image:type\" content=\"image\/jpeg\" \/>\n<meta name=\"twitter:card\" content=\"summary_large_image\" \/>\n<meta name=\"twitter:label1\" content=\"Gesch\u00e4tzte Lesezeit\" \/>\n\t<meta name=\"twitter:data1\" content=\"2\u00a0Minuten\" \/>\n<script type=\"application\/ld+json\" class=\"yoast-schema-graph\">{\"@context\":\"https:\\\/\\\/schema.org\",\"@graph\":[{\"@type\":\"WebPage\",\"@id\":\"https:\\\/\\\/marktxxl.de\\\/markt\\\/produkt\\\/hdmi-adapter-fuer-phone-pad-zu-tv-lightening-hdmi-kabel-2m-1080p-digital-av-adapter-sync-bildschirm-hdmi-anschluss-fuer-i-phone-pad4-air2-3-pro1-2-plug-und-play-kein-netztei1-erforderlich\\\/\",\"url\":\"https:\\\/\\\/marktxxl.de\\\/markt\\\/produkt\\\/hdmi-adapter-fuer-phone-pad-zu-tv-lightening-hdmi-kabel-2m-1080p-digital-av-adapter-sync-bildschirm-hdmi-anschluss-fuer-i-phone-pad4-air2-3-pro1-2-plug-und-play-kein-netztei1-erforderlich\\\/\",\"name\":\"HDMI Adapter f\u00fcr Phone\\\/Pad zu TV, Lightening HDMI Kabel 2M, 1080P Digital AV Adapter Sync Bildschirm HDMI Anschluss f\u00fcr\u2026 - Markt-XXL\",\"isPartOf\":{\"@id\":\"https:\\\/\\\/marktxxl.de\\\/markt\\\/#website\"},\"primaryImageOfPage\":{\"@id\":\"https:\\\/\\\/marktxxl.de\\\/markt\\\/produkt\\\/hdmi-adapter-fuer-phone-pad-zu-tv-lightening-hdmi-kabel-2m-1080p-digital-av-adapter-sync-bildschirm-hdmi-anschluss-fuer-i-phone-pad4-air2-3-pro1-2-plug-und-play-kein-netztei1-erforderlich\\\/#primaryimage\"},\"image\":{\"@id\":\"https:\\\/\\\/marktxxl.de\\\/markt\\\/produkt\\\/hdmi-adapter-fuer-phone-pad-zu-tv-lightening-hdmi-kabel-2m-1080p-digital-av-adapter-sync-bildschirm-hdmi-anschluss-fuer-i-phone-pad4-air2-3-pro1-2-plug-und-play-kein-netztei1-erforderlich\\\/#primaryimage\"},\"thumbnailUrl\":\"https:\\\/\\\/m.media-amazon.com\\\/images\\\/I\\\/41BgWuKjILL._SL500_.jpg\",\"datePublished\":\"2021-11-25T14:00:27+00:00\",\"dateModified\":\"2023-04-11T00:51:23+00:00\",\"description\":\"Markt-XXL HDMI Adapter f\u00fcr Phone\\\/Pad zu TV, Lightening HDMI Kabel 2M, 1080P Digital AV Adapter Sync Bildschirm HDMI Anschluss f\u00fcr\u2026\",\"breadcrumb\":{\"@id\":\"https:\\\/\\\/marktxxl.de\\\/markt\\\/produkt\\\/hdmi-adapter-fuer-phone-pad-zu-tv-lightening-hdmi-kabel-2m-1080p-digital-av-adapter-sync-bildschirm-hdmi-anschluss-fuer-i-phone-pad4-air2-3-pro1-2-plug-und-play-kein-netztei1-erforderlich\\\/#breadcrumb\"},\"inLanguage\":\"de\",\"potentialAction\":[{\"@type\":\"ReadAction\",\"target\":[\"https:\\\/\\\/marktxxl.de\\\/markt\\\/produkt\\\/hdmi-adapter-fuer-phone-pad-zu-tv-lightening-hdmi-kabel-2m-1080p-digital-av-adapter-sync-bildschirm-hdmi-anschluss-fuer-i-phone-pad4-air2-3-pro1-2-plug-und-play-kein-netztei1-erforderlich\\\/\"]}]},{\"@type\":\"ImageObject\",\"inLanguage\":\"de\",\"@id\":\"https:\\\/\\\/marktxxl.de\\\/markt\\\/produkt\\\/hdmi-adapter-fuer-phone-pad-zu-tv-lightening-hdmi-kabel-2m-1080p-digital-av-adapter-sync-bildschirm-hdmi-anschluss-fuer-i-phone-pad4-air2-3-pro1-2-plug-und-play-kein-netztei1-erforderlich\\\/#primaryimage\",\"url\":\"https:\\\/\\\/m.media-amazon.com\\\/images\\\/I\\\/41BgWuKjILL._SL500_.jpg\",\"contentUrl\":\"https:\\\/\\\/m.media-amazon.com\\\/images\\\/I\\\/41BgWuKjILL._SL500_.jpg\",\"width\":500,\"height\":500},{\"@type\":\"BreadcrumbList\",\"@id\":\"https:\\\/\\\/marktxxl.de\\\/markt\\\/produkt\\\/hdmi-adapter-fuer-phone-pad-zu-tv-lightening-hdmi-kabel-2m-1080p-digital-av-adapter-sync-bildschirm-hdmi-anschluss-fuer-i-phone-pad4-air2-3-pro1-2-plug-und-play-kein-netztei1-erforderlich\\\/#breadcrumb\",\"itemListElement\":[{\"@type\":\"ListItem\",\"position\":1,\"name\":\"Startseite\",\"item\":\"https:\\\/\\\/marktxxl.de\\\/markt\\\/\"},{\"@type\":\"ListItem\",\"position\":2,\"name\":\"Markt\",\"item\":\"https:\\\/\\\/marktxxl.de\\\/markt\\\/\"},{\"@type\":\"ListItem\",\"position\":3,\"name\":\"HDMI Adapter f\u00fcr Phone\\\/Pad zu TV, Lightening HDMI Kabel 2M, 1080P Digital AV Adapter Sync Bildschirm HDMI Anschluss f\u00fcr\u2026\"}]},{\"@type\":\"WebSite\",\"@id\":\"https:\\\/\\\/marktxxl.de\\\/markt\\\/#website\",\"url\":\"https:\\\/\\\/marktxxl.de\\\/markt\\\/\",\"name\":\"Markt-XXL\",\"description\":\"Ihr Markt Online\",\"publisher\":{\"@id\":\"https:\\\/\\\/marktxxl.de\\\/markt\\\/#organization\"},\"potentialAction\":[{\"@type\":\"SearchAction\",\"target\":{\"@type\":\"EntryPoint\",\"urlTemplate\":\"https:\\\/\\\/marktxxl.de\\\/markt\\\/?s={search_term_string}\"},\"query-input\":{\"@type\":\"PropertyValueSpecification\",\"valueRequired\":true,\"valueName\":\"search_term_string\"}}],\"inLanguage\":\"de\"},{\"@type\":\"Organization\",\"@id\":\"https:\\\/\\\/marktxxl.de\\\/markt\\\/#organization\",\"name\":\"Markt-XXL\",\"url\":\"https:\\\/\\\/marktxxl.de\\\/markt\\\/\",\"logo\":{\"@type\":\"ImageObject\",\"inLanguage\":\"de\",\"@id\":\"https:\\\/\\\/marktxxl.de\\\/markt\\\/#\\\/schema\\\/logo\\\/image\\\/\",\"url\":\"https:\\\/\\\/marktxxl.de\\\/markt\\\/wp-content\\\/uploads\\\/sites\\\/3\\\/2020\\\/12\\\/logo.png\",\"contentUrl\":\"https:\\\/\\\/marktxxl.de\\\/markt\\\/wp-content\\\/uploads\\\/sites\\\/3\\\/2020\\\/12\\\/logo.png\",\"width\":200,\"height\":70,\"caption\":\"Markt-XXL\"},\"image\":{\"@id\":\"https:\\\/\\\/marktxxl.de\\\/markt\\\/#\\\/schema\\\/logo\\\/image\\\/\"}}]}<\/script>\n<!-- \/ Yoast SEO plugin. -->","yoast_head_json":{"title":"HDMI Adapter f\u00fcr Phone\/Pad zu TV, Lightening HDMI Kabel 2M, 1080P Digital AV Adapter Sync Bildschirm HDMI Anschluss f\u00fcr\u2026 - Markt-XXL","description":"Markt-XXL HDMI Adapter f\u00fcr Phone\/Pad zu TV, Lightening HDMI Kabel 2M, 1080P Digital AV Adapter Sync Bildschirm HDMI Anschluss f\u00fcr\u2026","robots":{"index":"index","follow":"follow","max-snippet":"max-snippet:-1","max-image-preview":"max-image-preview:large","max-video-preview":"max-video-preview:-1"},"canonical":"https:\/\/marktxxl.de\/markt\/produkt\/hdmi-adapter-fuer-phone-pad-zu-tv-lightening-hdmi-kabel-2m-1080p-digital-av-adapter-sync-bildschirm-hdmi-anschluss-fuer-i-phone-pad4-air2-3-pro1-2-plug-und-play-kein-netztei1-erforderlich\/","og_locale":"de_DE","og_type":"article","og_title":"HDMI Adapter f\u00fcr Phone\/Pad zu TV, Lightening HDMI Kabel 2M, 1080P Digital AV Adapter Sync Bildschirm HDMI Anschluss f\u00fcr\u2026 - Markt-XXL","og_description":"Markt-XXL HDMI Adapter f\u00fcr Phone\/Pad zu TV, Lightening HDMI Kabel 2M, 1080P Digital AV Adapter Sync Bildschirm HDMI Anschluss f\u00fcr\u2026","og_url":"https:\/\/marktxxl.de\/markt\/produkt\/hdmi-adapter-fuer-phone-pad-zu-tv-lightening-hdmi-kabel-2m-1080p-digital-av-adapter-sync-bildschirm-hdmi-anschluss-fuer-i-phone-pad4-air2-3-pro1-2-plug-und-play-kein-netztei1-erforderlich\/","og_site_name":"Markt-XXL","article_modified_time":"2023-04-11T00:51:23+00:00","og_image":[{"width":500,"height":500,"url":"https:\/\/m.media-amazon.com\/images\/I\/41BgWuKjILL._SL500_.jpg","type":"image\/jpeg"}],"twitter_card":"summary_large_image","twitter_misc":{"Gesch\u00e4tzte Lesezeit":"2\u00a0Minuten"},"schema":{"@context":"https:\/\/schema.org","@graph":[{"@type":"WebPage","@id":"https:\/\/marktxxl.de\/markt\/produkt\/hdmi-adapter-fuer-phone-pad-zu-tv-lightening-hdmi-kabel-2m-1080p-digital-av-adapter-sync-bildschirm-hdmi-anschluss-fuer-i-phone-pad4-air2-3-pro1-2-plug-und-play-kein-netztei1-erforderlich\/","url":"https:\/\/marktxxl.de\/markt\/produkt\/hdmi-adapter-fuer-phone-pad-zu-tv-lightening-hdmi-kabel-2m-1080p-digital-av-adapter-sync-bildschirm-hdmi-anschluss-fuer-i-phone-pad4-air2-3-pro1-2-plug-und-play-kein-netztei1-erforderlich\/","name":"HDMI Adapter f\u00fcr Phone\/Pad zu TV, Lightening HDMI Kabel 2M, 1080P Digital AV Adapter Sync Bildschirm HDMI Anschluss f\u00fcr\u2026 - Markt-XXL","isPartOf":{"@id":"https:\/\/marktxxl.de\/markt\/#website"},"primaryImageOfPage":{"@id":"https:\/\/marktxxl.de\/markt\/produkt\/hdmi-adapter-fuer-phone-pad-zu-tv-lightening-hdmi-kabel-2m-1080p-digital-av-adapter-sync-bildschirm-hdmi-anschluss-fuer-i-phone-pad4-air2-3-pro1-2-plug-und-play-kein-netztei1-erforderlich\/#primaryimage"},"image":{"@id":"https:\/\/marktxxl.de\/markt\/produkt\/hdmi-adapter-fuer-phone-pad-zu-tv-lightening-hdmi-kabel-2m-1080p-digital-av-adapter-sync-bildschirm-hdmi-anschluss-fuer-i-phone-pad4-air2-3-pro1-2-plug-und-play-kein-netztei1-erforderlich\/#primaryimage"},"thumbnailUrl":"https:\/\/m.media-amazon.com\/images\/I\/41BgWuKjILL._SL500_.jpg","datePublished":"2021-11-25T14:00:27+00:00","dateModified":"2023-04-11T00:51:23+00:00","description":"Markt-XXL HDMI Adapter f\u00fcr Phone\/Pad zu TV, Lightening HDMI Kabel 2M, 1080P Digital AV Adapter Sync Bildschirm HDMI Anschluss f\u00fcr\u2026","breadcrumb":{"@id":"https:\/\/marktxxl.de\/markt\/produkt\/hdmi-adapter-fuer-phone-pad-zu-tv-lightening-hdmi-kabel-2m-1080p-digital-av-adapter-sync-bildschirm-hdmi-anschluss-fuer-i-phone-pad4-air2-3-pro1-2-plug-und-play-kein-netztei1-erforderlich\/#breadcrumb"},"inLanguage":"de","potentialAction":[{"@type":"ReadAction","target":["https:\/\/marktxxl.de\/markt\/produkt\/hdmi-adapter-fuer-phone-pad-zu-tv-lightening-hdmi-kabel-2m-1080p-digital-av-adapter-sync-bildschirm-hdmi-anschluss-fuer-i-phone-pad4-air2-3-pro1-2-plug-und-play-kein-netztei1-erforderlich\/"]}]},{"@type":"ImageObject","inLanguage":"de","@id":"https:\/\/marktxxl.de\/markt\/produkt\/hdmi-adapter-fuer-phone-pad-zu-tv-lightening-hdmi-kabel-2m-1080p-digital-av-adapter-sync-bildschirm-hdmi-anschluss-fuer-i-phone-pad4-air2-3-pro1-2-plug-und-play-kein-netztei1-erforderlich\/#primaryimage","url":"https:\/\/m.media-amazon.com\/images\/I\/41BgWuKjILL._SL500_.jpg","contentUrl":"https:\/\/m.media-amazon.com\/images\/I\/41BgWuKjILL._SL500_.jpg","width":500,"height":500},{"@type":"BreadcrumbList","@id":"https:\/\/marktxxl.de\/markt\/produkt\/hdmi-adapter-fuer-phone-pad-zu-tv-lightening-hdmi-kabel-2m-1080p-digital-av-adapter-sync-bildschirm-hdmi-anschluss-fuer-i-phone-pad4-air2-3-pro1-2-plug-und-play-kein-netztei1-erforderlich\/#breadcrumb","itemListElement":[{"@type":"ListItem","position":1,"name":"Startseite","item":"https:\/\/marktxxl.de\/markt\/"},{"@type":"ListItem","position":2,"name":"Markt","item":"https:\/\/marktxxl.de\/markt\/"},{"@type":"ListItem","position":3,"name":"HDMI Adapter f\u00fcr Phone\/Pad zu TV, Lightening HDMI Kabel 2M, 1080P Digital AV Adapter Sync Bildschirm HDMI Anschluss f\u00fcr\u2026"}]},{"@type":"WebSite","@id":"https:\/\/marktxxl.de\/markt\/#website","url":"https:\/\/marktxxl.de\/markt\/","name":"Markt-XXL","description":"Ihr Markt Online","publisher":{"@id":"https:\/\/marktxxl.de\/markt\/#organization"},"potentialAction":[{"@type":"SearchAction","target":{"@type":"EntryPoint","urlTemplate":"https:\/\/marktxxl.de\/markt\/?s={search_term_string}"},"query-input":{"@type":"PropertyValueSpecification","valueRequired":true,"valueName":"search_term_string"}}],"inLanguage":"de"},{"@type":"Organization","@id":"https:\/\/marktxxl.de\/markt\/#organization","name":"Markt-XXL","url":"https:\/\/marktxxl.de\/markt\/","logo":{"@type":"ImageObject","inLanguage":"de","@id":"https:\/\/marktxxl.de\/markt\/#\/schema\/logo\/image\/","url":"https:\/\/marktxxl.de\/markt\/wp-content\/uploads\/sites\/3\/2020\/12\/logo.png","contentUrl":"https:\/\/marktxxl.de\/markt\/wp-content\/uploads\/sites\/3\/2020\/12\/logo.png","width":200,"height":70,"caption":"Markt-XXL"},"image":{"@id":"https:\/\/marktxxl.de\/markt\/#\/schema\/logo\/image\/"}}]}},"_links":{"self":[{"href":"https:\/\/marktxxl.de\/markt\/wp-json\/wp\/v2\/product\/76999","targetHints":{"allow":["GET"]}}],"collection":[{"href":"https:\/\/marktxxl.de\/markt\/wp-json\/wp\/v2\/product"}],"about":[{"href":"https:\/\/marktxxl.de\/markt\/wp-json\/wp\/v2\/types\/product"}],"replies":[{"embeddable":true,"href":"https:\/\/marktxxl.de\/markt\/wp-json\/wp\/v2\/comments?post=76999"}],"wp:featuredmedia":[{"embeddable":true,"href":"https:\/\/marktxxl.de\/markt\/wp-json\/wp\/v2\/media\/77000"}],"wp:attachment":[{"href":"https:\/\/marktxxl.de\/markt\/wp-json\/wp\/v2\/media?parent=76999"}],"wp:term":[{"taxonomy":"product_brand","embeddable":true,"href":"https:\/\/marktxxl.de\/markt\/wp-json\/wp\/v2\/product_brand?post=76999"},{"taxonomy":"product_cat","embeddable":true,"href":"https:\/\/marktxxl.de\/markt\/wp-json\/wp\/v2\/product_cat?post=76999"},{"taxonomy":"product_tag","embeddable":true,"href":"https:\/\/marktxxl.de\/markt\/wp-json\/wp\/v2\/product_tag?post=76999"}],"curies":[{"name":"wp","href":"https:\/\/api.w.org\/{rel}","templated":true}]}}