{"id":76971,"date":"2021-11-25T15:00:09","date_gmt":"2021-11-25T14:00:09","guid":{"rendered":"https:\/\/marktxxl.de\/markt\/produkt\/brostrend-wlan-verstaerker-repeater-ac1200-dual-wlan-bis-zu-867-mbit-s-bei-5-ghz-und-300-mbit-s-bei-24-ghz-mit-1-ethernet-anschluss-wlan-bruecke-kompatibel-mit-allen-geraeten-mit-wlan\/"},"modified":"2023-04-11T02:51:23","modified_gmt":"2023-04-11T00:51:23","slug":"brostrend-wlan-verstaerker-repeater-ac1200-dual-wlan-bis-zu-867-mbit-s-bei-5-ghz-und-300-mbit-s-bei-24-ghz-mit-1-ethernet-anschluss-wlan-bruecke-kompatibel-mit-allen-geraeten-mit-wlan","status":"publish","type":"product","link":"https:\/\/marktxxl.de\/markt\/produkt\/brostrend-wlan-verstaerker-repeater-ac1200-dual-wlan-bis-zu-867-mbit-s-bei-5-ghz-und-300-mbit-s-bei-24-ghz-mit-1-ethernet-anschluss-wlan-bruecke-kompatibel-mit-allen-geraeten-mit-wlan\/","title":{"rendered":"BrosTrend WLAN Verst\u00e4rker\/Repeater AC1200, Dual WLAN, 867 Mbit\/s 5 GHz und 300 Mbit\/s 2,4 GHz, 1 Ethernet Anschluss\u2026"},"content":{"rendered":"<p>Verbessern Sie die WLAN-Reichweite: Verl\u00e4ngern Sie die Reichweite Ihres bestehendes Signals mit diesem AC1200 WLAN Verst\u00e4rker auf bisher unerreichbare Bereiche und erweitern Sie die Abdeckung um bis zu 110 m2 Anschluss von bis zu 20 Ger\u00e4ten, wie Laptop, Smartphone, Lautsprecher, Tablet, Kamera, etc.<br \/>\nSchnelles 1200 Mbit\/s Dual Band WLAN: Der WLAN Repeater liefert eine WLAN-\u00dcbertragungsgeschwindigkeit von 867 Mbit\/s auf dem 5 GHz Band und 300 Mbit\/s auf dem 2,4 GHz Band. Keine Pufferung bei Online-Spielen, 4K-Video-Streaming und dem Herunterladen gro\u00dfer Dateien<br \/>\nExterne Hochleistungs-Antennen: Zwei Antennen arbeiten zusammen, um gleichzeitig Dualband-WLAN zu liefern. Dank seines soliden und kompakten Designs f\u00fcgt sich dieser WLAN Verst\u00e4rker in Ihr Zuhause ein.<br \/>\nProblemlose Einrichtung in Sekundenschnelle: Koppeln Sie Ihren Router mit diesem WLAN-Verst\u00e4rker ganz einfach durch Dr\u00fccken der WPS-Taste. Eine intelligente LED-Anzeige f\u00fcr das Signal hilft Ihnen, den Verst\u00e4rker f\u00fcr eine gute Signalst\u00e4rke zu platzieren.<br \/>\nArbeitet als WLAN-Br\u00fccke: Dieser WLAN-Verst\u00e4rker Repeater verf\u00fcgt \u00fcber einen schnellen Ethernet-Anschluss. Schlie\u00dfen Sie einfach ein kabelgebundenes Ger\u00e4t, wie z. B. einen Smart TV, eine Spielkonsole oder einen Blu-Ray-Player \u00fcber ein Kabel an, um eine Verbindung zum WLAN-Netz herzustellen. Unterst\u00fctzung des Access Point-Modus (Zugangspunkt-Modus)<br \/>\n<div class=\"main-cross-sell\" data-asin=\"B09JK1RJDS\">\n\n\t<div class=\"WooZone-cross-sell-loader\">\n\t\t<div>\n\t\t\t<div id=\"floatingBarsG\">\n\t\t\t\t<div class=\"blockG\" id=\"rotateG_01\"><\/div>\n\t\t\t\t<div class=\"blockG\" id=\"rotateG_02\"><\/div>\n\t\t\t\t<div class=\"blockG\" id=\"rotateG_03\"><\/div>\n\t\t\t\t<div class=\"blockG\" id=\"rotateG_04\"><\/div>\n\t\t\t\t<div class=\"blockG\" id=\"rotateG_05\"><\/div>\n\t\t\t\t<div class=\"blockG\" id=\"rotateG_06\"><\/div>\n\t\t\t\t<div class=\"blockG\" id=\"rotateG_07\"><\/div>\n\t\t\t\t<div class=\"blockG\" id=\"rotateG_08\"><\/div>\n\t\t\t<\/div>\n\t\t\t<div class=\"WooZone-cross-sell-loader-text\"><\/div>\n\t\t<\/div>\n\t<\/div>\n\n\t\t\n<\/div>\n<div style=\"clear:both;\"><\/div><\/p>\n","protected":false},"excerpt":{"rendered":"<p>Verbessern Sie die WLAN-Reichweite: Verl\u00e4ngern Sie die Reichweite Ihres bestehendes Signals mit diesem AC1200 WLAN Verst\u00e4rker auf bisher unerreichbare Bereiche und erweitern Sie die Abdeckung um bis zu 110 m2 Anschluss von bis zu 20 Ger\u00e4ten, wie Laptop, Smartphone, Lautsprecher, Tablet, Kamera, etc.<br \/>\nSchnelles 1200 Mbit\/s Dual Band WLAN: Der WLAN Repeater liefert eine WLAN-\u00dcbertragungsgeschwindigkeit von 867 Mbit\/s auf dem 5 GHz Band und 300 Mbit\/s auf dem 2,4 GHz Band. Keine Pufferung bei Online-Spielen, 4K-Video-Streaming und dem Herunterladen gro\u00dfer Dateien<br \/>\nExterne Hochleistungs-Antennen: Zwei Antennen arbeiten zusammen, um gleichzeitig Dualband-WLAN zu liefern. Dank seines soliden und kompakten Designs f\u00fcgt sich dieser WLAN Verst\u00e4rker in Ihr Zuhause ein.<\/p>\n","protected":false},"featured_media":76972,"comment_status":"open","ping_status":"closed","template":"","meta":[],"product_brand":[],"product_cat":[863],"product_tag":[],"class_list":{"0":"post-76971","1":"product","2":"type-product","3":"status-publish","4":"has-post-thumbnail","6":"product_cat-computer-zubehoer","7":"pa_brand-brostrend","8":"pa_height-2-zoll","9":"pa_languages-unbekannt-englisch-unbekannt-spanisch","10":"pa_length-5-2-zoll","11":"pa_manufacturer-brostrend-technology-llc","12":"pa_model-ac1200-wifi-booster","13":"pa_warranty-two-year-warrenty","14":"pa_weight-0-3968320716-pfund","15":"pa_width-3-1-zoll","17":"first","18":"instock","19":"shipping-taxable","20":"purchasable","21":"product-type-simple","22":"customify-col","23":"product-has-gallery"},"yoast_head":"<!-- This site is optimized with the Yoast SEO plugin v27.4 - https:\/\/yoast.com\/product\/yoast-seo-wordpress\/ -->\n<title>BrosTrend WLAN Verst\u00e4rker\/Repeater AC1200, Dual WLAN, 867 Mbit\/s 5 GHz und 300 Mbit\/s 2,4 GHz, 1 Ethernet Anschluss\u2026 - Markt-XXL<\/title>\n<meta name=\"description\" content=\"Markt-XXL BrosTrend WLAN Verst\u00e4rker\/Repeater AC1200, Dual WLAN, 867 Mbit\/s 5 GHz und 300 Mbit\/s 2,4 GHz, 1 Ethernet Anschluss\u2026\" \/>\n<meta name=\"robots\" content=\"index, follow, max-snippet:-1, max-image-preview:large, max-video-preview:-1\" \/>\n<link rel=\"canonical\" href=\"https:\/\/marktxxl.de\/markt\/produkt\/brostrend-wlan-verstaerker-repeater-ac1200-dual-wlan-bis-zu-867-mbit-s-bei-5-ghz-und-300-mbit-s-bei-24-ghz-mit-1-ethernet-anschluss-wlan-bruecke-kompatibel-mit-allen-geraeten-mit-wlan\/\" \/>\n<meta property=\"og:locale\" content=\"de_DE\" \/>\n<meta property=\"og:type\" content=\"article\" \/>\n<meta property=\"og:title\" content=\"BrosTrend WLAN Verst\u00e4rker\/Repeater AC1200, Dual WLAN, 867 Mbit\/s 5 GHz und 300 Mbit\/s 2,4 GHz, 1 Ethernet Anschluss\u2026 - Markt-XXL\" \/>\n<meta property=\"og:description\" content=\"Markt-XXL BrosTrend WLAN Verst\u00e4rker\/Repeater AC1200, Dual WLAN, 867 Mbit\/s 5 GHz und 300 Mbit\/s 2,4 GHz, 1 Ethernet Anschluss\u2026\" \/>\n<meta property=\"og:url\" content=\"https:\/\/marktxxl.de\/markt\/produkt\/brostrend-wlan-verstaerker-repeater-ac1200-dual-wlan-bis-zu-867-mbit-s-bei-5-ghz-und-300-mbit-s-bei-24-ghz-mit-1-ethernet-anschluss-wlan-bruecke-kompatibel-mit-allen-geraeten-mit-wlan\/\" \/>\n<meta property=\"og:site_name\" content=\"Markt-XXL\" \/>\n<meta property=\"article:modified_time\" content=\"2023-04-11T00:51:23+00:00\" \/>\n<meta property=\"og:image\" content=\"https:\/\/m.media-amazon.com\/images\/I\/31SGDf4Y5UL._SL500_.jpg\" \/>\n\t<meta property=\"og:image:width\" content=\"400\" \/>\n\t<meta property=\"og:image:height\" content=\"500\" \/>\n\t<meta property=\"og:image:type\" content=\"image\/jpeg\" \/>\n<meta name=\"twitter:card\" content=\"summary_large_image\" \/>\n<meta name=\"twitter:label1\" content=\"Gesch\u00e4tzte Lesezeit\" \/>\n\t<meta name=\"twitter:data1\" content=\"1\u00a0Minute\" \/>\n<script type=\"application\/ld+json\" class=\"yoast-schema-graph\">{\"@context\":\"https:\\\/\\\/schema.org\",\"@graph\":[{\"@type\":\"WebPage\",\"@id\":\"https:\\\/\\\/marktxxl.de\\\/markt\\\/produkt\\\/brostrend-wlan-verstaerker-repeater-ac1200-dual-wlan-bis-zu-867-mbit-s-bei-5-ghz-und-300-mbit-s-bei-24-ghz-mit-1-ethernet-anschluss-wlan-bruecke-kompatibel-mit-allen-geraeten-mit-wlan\\\/\",\"url\":\"https:\\\/\\\/marktxxl.de\\\/markt\\\/produkt\\\/brostrend-wlan-verstaerker-repeater-ac1200-dual-wlan-bis-zu-867-mbit-s-bei-5-ghz-und-300-mbit-s-bei-24-ghz-mit-1-ethernet-anschluss-wlan-bruecke-kompatibel-mit-allen-geraeten-mit-wlan\\\/\",\"name\":\"BrosTrend WLAN Verst\u00e4rker\\\/Repeater AC1200, Dual WLAN, 867 Mbit\\\/s 5 GHz und 300 Mbit\\\/s 2,4 GHz, 1 Ethernet Anschluss\u2026 - Markt-XXL\",\"isPartOf\":{\"@id\":\"https:\\\/\\\/marktxxl.de\\\/markt\\\/#website\"},\"primaryImageOfPage\":{\"@id\":\"https:\\\/\\\/marktxxl.de\\\/markt\\\/produkt\\\/brostrend-wlan-verstaerker-repeater-ac1200-dual-wlan-bis-zu-867-mbit-s-bei-5-ghz-und-300-mbit-s-bei-24-ghz-mit-1-ethernet-anschluss-wlan-bruecke-kompatibel-mit-allen-geraeten-mit-wlan\\\/#primaryimage\"},\"image\":{\"@id\":\"https:\\\/\\\/marktxxl.de\\\/markt\\\/produkt\\\/brostrend-wlan-verstaerker-repeater-ac1200-dual-wlan-bis-zu-867-mbit-s-bei-5-ghz-und-300-mbit-s-bei-24-ghz-mit-1-ethernet-anschluss-wlan-bruecke-kompatibel-mit-allen-geraeten-mit-wlan\\\/#primaryimage\"},\"thumbnailUrl\":\"https:\\\/\\\/m.media-amazon.com\\\/images\\\/I\\\/31SGDf4Y5UL._SL500_.jpg\",\"datePublished\":\"2021-11-25T14:00:09+00:00\",\"dateModified\":\"2023-04-11T00:51:23+00:00\",\"description\":\"Markt-XXL BrosTrend WLAN Verst\u00e4rker\\\/Repeater AC1200, Dual WLAN, 867 Mbit\\\/s 5 GHz und 300 Mbit\\\/s 2,4 GHz, 1 Ethernet Anschluss\u2026\",\"breadcrumb\":{\"@id\":\"https:\\\/\\\/marktxxl.de\\\/markt\\\/produkt\\\/brostrend-wlan-verstaerker-repeater-ac1200-dual-wlan-bis-zu-867-mbit-s-bei-5-ghz-und-300-mbit-s-bei-24-ghz-mit-1-ethernet-anschluss-wlan-bruecke-kompatibel-mit-allen-geraeten-mit-wlan\\\/#breadcrumb\"},\"inLanguage\":\"de\",\"potentialAction\":[{\"@type\":\"ReadAction\",\"target\":[\"https:\\\/\\\/marktxxl.de\\\/markt\\\/produkt\\\/brostrend-wlan-verstaerker-repeater-ac1200-dual-wlan-bis-zu-867-mbit-s-bei-5-ghz-und-300-mbit-s-bei-24-ghz-mit-1-ethernet-anschluss-wlan-bruecke-kompatibel-mit-allen-geraeten-mit-wlan\\\/\"]}]},{\"@type\":\"ImageObject\",\"inLanguage\":\"de\",\"@id\":\"https:\\\/\\\/marktxxl.de\\\/markt\\\/produkt\\\/brostrend-wlan-verstaerker-repeater-ac1200-dual-wlan-bis-zu-867-mbit-s-bei-5-ghz-und-300-mbit-s-bei-24-ghz-mit-1-ethernet-anschluss-wlan-bruecke-kompatibel-mit-allen-geraeten-mit-wlan\\\/#primaryimage\",\"url\":\"https:\\\/\\\/m.media-amazon.com\\\/images\\\/I\\\/31SGDf4Y5UL._SL500_.jpg\",\"contentUrl\":\"https:\\\/\\\/m.media-amazon.com\\\/images\\\/I\\\/31SGDf4Y5UL._SL500_.jpg\",\"width\":400,\"height\":500},{\"@type\":\"BreadcrumbList\",\"@id\":\"https:\\\/\\\/marktxxl.de\\\/markt\\\/produkt\\\/brostrend-wlan-verstaerker-repeater-ac1200-dual-wlan-bis-zu-867-mbit-s-bei-5-ghz-und-300-mbit-s-bei-24-ghz-mit-1-ethernet-anschluss-wlan-bruecke-kompatibel-mit-allen-geraeten-mit-wlan\\\/#breadcrumb\",\"itemListElement\":[{\"@type\":\"ListItem\",\"position\":1,\"name\":\"Startseite\",\"item\":\"https:\\\/\\\/marktxxl.de\\\/markt\\\/\"},{\"@type\":\"ListItem\",\"position\":2,\"name\":\"Markt\",\"item\":\"https:\\\/\\\/marktxxl.de\\\/markt\\\/\"},{\"@type\":\"ListItem\",\"position\":3,\"name\":\"BrosTrend WLAN Verst\u00e4rker\\\/Repeater AC1200, Dual WLAN, 867 Mbit\\\/s 5 GHz und 300 Mbit\\\/s 2,4 GHz, 1 Ethernet Anschluss\u2026\"}]},{\"@type\":\"WebSite\",\"@id\":\"https:\\\/\\\/marktxxl.de\\\/markt\\\/#website\",\"url\":\"https:\\\/\\\/marktxxl.de\\\/markt\\\/\",\"name\":\"Markt-XXL\",\"description\":\"Ihr Markt Online\",\"publisher\":{\"@id\":\"https:\\\/\\\/marktxxl.de\\\/markt\\\/#organization\"},\"potentialAction\":[{\"@type\":\"SearchAction\",\"target\":{\"@type\":\"EntryPoint\",\"urlTemplate\":\"https:\\\/\\\/marktxxl.de\\\/markt\\\/?s={search_term_string}\"},\"query-input\":{\"@type\":\"PropertyValueSpecification\",\"valueRequired\":true,\"valueName\":\"search_term_string\"}}],\"inLanguage\":\"de\"},{\"@type\":\"Organization\",\"@id\":\"https:\\\/\\\/marktxxl.de\\\/markt\\\/#organization\",\"name\":\"Markt-XXL\",\"url\":\"https:\\\/\\\/marktxxl.de\\\/markt\\\/\",\"logo\":{\"@type\":\"ImageObject\",\"inLanguage\":\"de\",\"@id\":\"https:\\\/\\\/marktxxl.de\\\/markt\\\/#\\\/schema\\\/logo\\\/image\\\/\",\"url\":\"https:\\\/\\\/marktxxl.de\\\/markt\\\/wp-content\\\/uploads\\\/sites\\\/3\\\/2020\\\/12\\\/logo.png\",\"contentUrl\":\"https:\\\/\\\/marktxxl.de\\\/markt\\\/wp-content\\\/uploads\\\/sites\\\/3\\\/2020\\\/12\\\/logo.png\",\"width\":200,\"height\":70,\"caption\":\"Markt-XXL\"},\"image\":{\"@id\":\"https:\\\/\\\/marktxxl.de\\\/markt\\\/#\\\/schema\\\/logo\\\/image\\\/\"}}]}<\/script>\n<!-- \/ Yoast SEO plugin. -->","yoast_head_json":{"title":"BrosTrend WLAN Verst\u00e4rker\/Repeater AC1200, Dual WLAN, 867 Mbit\/s 5 GHz und 300 Mbit\/s 2,4 GHz, 1 Ethernet Anschluss\u2026 - Markt-XXL","description":"Markt-XXL BrosTrend WLAN Verst\u00e4rker\/Repeater AC1200, Dual WLAN, 867 Mbit\/s 5 GHz und 300 Mbit\/s 2,4 GHz, 1 Ethernet Anschluss\u2026","robots":{"index":"index","follow":"follow","max-snippet":"max-snippet:-1","max-image-preview":"max-image-preview:large","max-video-preview":"max-video-preview:-1"},"canonical":"https:\/\/marktxxl.de\/markt\/produkt\/brostrend-wlan-verstaerker-repeater-ac1200-dual-wlan-bis-zu-867-mbit-s-bei-5-ghz-und-300-mbit-s-bei-24-ghz-mit-1-ethernet-anschluss-wlan-bruecke-kompatibel-mit-allen-geraeten-mit-wlan\/","og_locale":"de_DE","og_type":"article","og_title":"BrosTrend WLAN Verst\u00e4rker\/Repeater AC1200, Dual WLAN, 867 Mbit\/s 5 GHz und 300 Mbit\/s 2,4 GHz, 1 Ethernet Anschluss\u2026 - Markt-XXL","og_description":"Markt-XXL BrosTrend WLAN Verst\u00e4rker\/Repeater AC1200, Dual WLAN, 867 Mbit\/s 5 GHz und 300 Mbit\/s 2,4 GHz, 1 Ethernet Anschluss\u2026","og_url":"https:\/\/marktxxl.de\/markt\/produkt\/brostrend-wlan-verstaerker-repeater-ac1200-dual-wlan-bis-zu-867-mbit-s-bei-5-ghz-und-300-mbit-s-bei-24-ghz-mit-1-ethernet-anschluss-wlan-bruecke-kompatibel-mit-allen-geraeten-mit-wlan\/","og_site_name":"Markt-XXL","article_modified_time":"2023-04-11T00:51:23+00:00","og_image":[{"width":400,"height":500,"url":"https:\/\/m.media-amazon.com\/images\/I\/31SGDf4Y5UL._SL500_.jpg","type":"image\/jpeg"}],"twitter_card":"summary_large_image","twitter_misc":{"Gesch\u00e4tzte Lesezeit":"1\u00a0Minute"},"schema":{"@context":"https:\/\/schema.org","@graph":[{"@type":"WebPage","@id":"https:\/\/marktxxl.de\/markt\/produkt\/brostrend-wlan-verstaerker-repeater-ac1200-dual-wlan-bis-zu-867-mbit-s-bei-5-ghz-und-300-mbit-s-bei-24-ghz-mit-1-ethernet-anschluss-wlan-bruecke-kompatibel-mit-allen-geraeten-mit-wlan\/","url":"https:\/\/marktxxl.de\/markt\/produkt\/brostrend-wlan-verstaerker-repeater-ac1200-dual-wlan-bis-zu-867-mbit-s-bei-5-ghz-und-300-mbit-s-bei-24-ghz-mit-1-ethernet-anschluss-wlan-bruecke-kompatibel-mit-allen-geraeten-mit-wlan\/","name":"BrosTrend WLAN Verst\u00e4rker\/Repeater AC1200, Dual WLAN, 867 Mbit\/s 5 GHz und 300 Mbit\/s 2,4 GHz, 1 Ethernet Anschluss\u2026 - Markt-XXL","isPartOf":{"@id":"https:\/\/marktxxl.de\/markt\/#website"},"primaryImageOfPage":{"@id":"https:\/\/marktxxl.de\/markt\/produkt\/brostrend-wlan-verstaerker-repeater-ac1200-dual-wlan-bis-zu-867-mbit-s-bei-5-ghz-und-300-mbit-s-bei-24-ghz-mit-1-ethernet-anschluss-wlan-bruecke-kompatibel-mit-allen-geraeten-mit-wlan\/#primaryimage"},"image":{"@id":"https:\/\/marktxxl.de\/markt\/produkt\/brostrend-wlan-verstaerker-repeater-ac1200-dual-wlan-bis-zu-867-mbit-s-bei-5-ghz-und-300-mbit-s-bei-24-ghz-mit-1-ethernet-anschluss-wlan-bruecke-kompatibel-mit-allen-geraeten-mit-wlan\/#primaryimage"},"thumbnailUrl":"https:\/\/m.media-amazon.com\/images\/I\/31SGDf4Y5UL._SL500_.jpg","datePublished":"2021-11-25T14:00:09+00:00","dateModified":"2023-04-11T00:51:23+00:00","description":"Markt-XXL BrosTrend WLAN Verst\u00e4rker\/Repeater AC1200, Dual WLAN, 867 Mbit\/s 5 GHz und 300 Mbit\/s 2,4 GHz, 1 Ethernet Anschluss\u2026","breadcrumb":{"@id":"https:\/\/marktxxl.de\/markt\/produkt\/brostrend-wlan-verstaerker-repeater-ac1200-dual-wlan-bis-zu-867-mbit-s-bei-5-ghz-und-300-mbit-s-bei-24-ghz-mit-1-ethernet-anschluss-wlan-bruecke-kompatibel-mit-allen-geraeten-mit-wlan\/#breadcrumb"},"inLanguage":"de","potentialAction":[{"@type":"ReadAction","target":["https:\/\/marktxxl.de\/markt\/produkt\/brostrend-wlan-verstaerker-repeater-ac1200-dual-wlan-bis-zu-867-mbit-s-bei-5-ghz-und-300-mbit-s-bei-24-ghz-mit-1-ethernet-anschluss-wlan-bruecke-kompatibel-mit-allen-geraeten-mit-wlan\/"]}]},{"@type":"ImageObject","inLanguage":"de","@id":"https:\/\/marktxxl.de\/markt\/produkt\/brostrend-wlan-verstaerker-repeater-ac1200-dual-wlan-bis-zu-867-mbit-s-bei-5-ghz-und-300-mbit-s-bei-24-ghz-mit-1-ethernet-anschluss-wlan-bruecke-kompatibel-mit-allen-geraeten-mit-wlan\/#primaryimage","url":"https:\/\/m.media-amazon.com\/images\/I\/31SGDf4Y5UL._SL500_.jpg","contentUrl":"https:\/\/m.media-amazon.com\/images\/I\/31SGDf4Y5UL._SL500_.jpg","width":400,"height":500},{"@type":"BreadcrumbList","@id":"https:\/\/marktxxl.de\/markt\/produkt\/brostrend-wlan-verstaerker-repeater-ac1200-dual-wlan-bis-zu-867-mbit-s-bei-5-ghz-und-300-mbit-s-bei-24-ghz-mit-1-ethernet-anschluss-wlan-bruecke-kompatibel-mit-allen-geraeten-mit-wlan\/#breadcrumb","itemListElement":[{"@type":"ListItem","position":1,"name":"Startseite","item":"https:\/\/marktxxl.de\/markt\/"},{"@type":"ListItem","position":2,"name":"Markt","item":"https:\/\/marktxxl.de\/markt\/"},{"@type":"ListItem","position":3,"name":"BrosTrend WLAN Verst\u00e4rker\/Repeater AC1200, Dual WLAN, 867 Mbit\/s 5 GHz und 300 Mbit\/s 2,4 GHz, 1 Ethernet Anschluss\u2026"}]},{"@type":"WebSite","@id":"https:\/\/marktxxl.de\/markt\/#website","url":"https:\/\/marktxxl.de\/markt\/","name":"Markt-XXL","description":"Ihr Markt Online","publisher":{"@id":"https:\/\/marktxxl.de\/markt\/#organization"},"potentialAction":[{"@type":"SearchAction","target":{"@type":"EntryPoint","urlTemplate":"https:\/\/marktxxl.de\/markt\/?s={search_term_string}"},"query-input":{"@type":"PropertyValueSpecification","valueRequired":true,"valueName":"search_term_string"}}],"inLanguage":"de"},{"@type":"Organization","@id":"https:\/\/marktxxl.de\/markt\/#organization","name":"Markt-XXL","url":"https:\/\/marktxxl.de\/markt\/","logo":{"@type":"ImageObject","inLanguage":"de","@id":"https:\/\/marktxxl.de\/markt\/#\/schema\/logo\/image\/","url":"https:\/\/marktxxl.de\/markt\/wp-content\/uploads\/sites\/3\/2020\/12\/logo.png","contentUrl":"https:\/\/marktxxl.de\/markt\/wp-content\/uploads\/sites\/3\/2020\/12\/logo.png","width":200,"height":70,"caption":"Markt-XXL"},"image":{"@id":"https:\/\/marktxxl.de\/markt\/#\/schema\/logo\/image\/"}}]}},"_links":{"self":[{"href":"https:\/\/marktxxl.de\/markt\/wp-json\/wp\/v2\/product\/76971","targetHints":{"allow":["GET"]}}],"collection":[{"href":"https:\/\/marktxxl.de\/markt\/wp-json\/wp\/v2\/product"}],"about":[{"href":"https:\/\/marktxxl.de\/markt\/wp-json\/wp\/v2\/types\/product"}],"replies":[{"embeddable":true,"href":"https:\/\/marktxxl.de\/markt\/wp-json\/wp\/v2\/comments?post=76971"}],"wp:featuredmedia":[{"embeddable":true,"href":"https:\/\/marktxxl.de\/markt\/wp-json\/wp\/v2\/media\/76972"}],"wp:attachment":[{"href":"https:\/\/marktxxl.de\/markt\/wp-json\/wp\/v2\/media?parent=76971"}],"wp:term":[{"taxonomy":"product_brand","embeddable":true,"href":"https:\/\/marktxxl.de\/markt\/wp-json\/wp\/v2\/product_brand?post=76971"},{"taxonomy":"product_cat","embeddable":true,"href":"https:\/\/marktxxl.de\/markt\/wp-json\/wp\/v2\/product_cat?post=76971"},{"taxonomy":"product_tag","embeddable":true,"href":"https:\/\/marktxxl.de\/markt\/wp-json\/wp\/v2\/product_tag?post=76971"}],"curies":[{"name":"wp","href":"https:\/\/api.w.org\/{rel}","templated":true}]}}