{"id":76882,"date":"2021-11-25T14:54:50","date_gmt":"2021-11-25T13:54:50","guid":{"rendered":"https:\/\/marktxxl.de\/markt\/produkt\/sogesfurniture-gaming-tisch-r-foermig-grosser-gaming-schreibtisch-computertisch-arbeitstisch\/"},"modified":"2023-04-11T02:51:22","modified_gmt":"2023-04-11T00:51:22","slug":"sogesfurniture-gaming-tisch-r-foermig-grosser-gaming-schreibtisch-computertisch-arbeitstisch","status":"publish","type":"product","link":"https:\/\/marktxxl.de\/markt\/produkt\/sogesfurniture-gaming-tisch-r-foermig-grosser-gaming-schreibtisch-computertisch-arbeitstisch\/","title":{"rendered":"sogesfurniture Gaming Tisch R-F\u00f6rmig, 120x60cm Gro\u00dfer Gaming Schreibtisch Computertisch Arbeitstisch mit Mausunterlage\u2026"},"content":{"rendered":"<p>\u3010Robust Material:\u3011Tischplatte mit stylischer Carbonfaser-Oberfl\u00e4che, glatt, wasserdicht, kratzfest und leicht zu reinigen; Gestell aus robustem Metall in Schwarz lackiert, sehr stabil und erh\u00f6ht die Belastbarkeit von diesem Tisch.<br \/>\n\u3010Gro\u00dfe Gaming-Oberfl\u00e4che:\u3011Insgesamt misst der optimale Gaming Tisch 120x60x80 cm (BxTxH), Gewicht ca. 25 kg; Der Gaming-Schreibtisch verf\u00fcgt \u00fcber gro\u00dfe und best\u00e4ndige Tischplatte aus Carbonfasern, bietet somit viel Platz f\u00fcr Ihre Gaming-Monitore, Ihre Gaming-Tastatur und andere Spielger\u00e4te.<br \/>\n\u3010R-F\u00f6rmig Gaming Tisch:\u3011Einfache Einrichtung, in k\u00fcrzester Zeit spielbereit; Intelligentes Kabelverwaltung System f\u00fcr die unsichtbare Verlegung und B\u00fcndelung Ihrer Kabel; Optimal gro\u00dfes Mauspad in toller Qualit\u00e4t.<br \/>\n\u3010Mehrzweck-Spieltisch:\u3011Dieser Spieltisch verf\u00fcgt \u00fcber zahlreiche zus\u00e4tzliche Funktionen, wie einen praktischen Getr\u00e4nkehalter, Kopfh\u00f6rerhaken, platzsparend auf dem Schreibtisch und leicht zum Trinken und H\u00f6ren zu erreichen.<br \/>\n\u3010100% Zufriedenheit:\u3011Der Gaming Schreibtisch erfordert eine einfache Montage, jeder Teil ist nummeriert wie in der beilegenden Anleitung und es l\u00e4sst sich gut aufbauen. Wenn Ihr Artikel besch\u00e4digt, zerkratzt ankommt oder Teile fehlt, bitte kontaktieren Sie uns, um einen Ersatz oder R\u00fcckerstattung zu bekommen.<br \/>\n<div class=\"main-cross-sell\" data-asin=\"B09LM4D148\">\n\n\t<div class=\"WooZone-cross-sell-loader\">\n\t\t<div>\n\t\t\t<div id=\"floatingBarsG\">\n\t\t\t\t<div class=\"blockG\" id=\"rotateG_01\"><\/div>\n\t\t\t\t<div class=\"blockG\" id=\"rotateG_02\"><\/div>\n\t\t\t\t<div class=\"blockG\" id=\"rotateG_03\"><\/div>\n\t\t\t\t<div class=\"blockG\" id=\"rotateG_04\"><\/div>\n\t\t\t\t<div class=\"blockG\" id=\"rotateG_05\"><\/div>\n\t\t\t\t<div class=\"blockG\" id=\"rotateG_06\"><\/div>\n\t\t\t\t<div class=\"blockG\" id=\"rotateG_07\"><\/div>\n\t\t\t\t<div class=\"blockG\" id=\"rotateG_08\"><\/div>\n\t\t\t<\/div>\n\t\t\t<div class=\"WooZone-cross-sell-loader-text\"><\/div>\n\t\t<\/div>\n\t<\/div>\n\n\t\t\n<\/div>\n<div style=\"clear:both;\"><\/div><\/p>\n","protected":false},"excerpt":{"rendered":"<p>\u3010Robust Material:\u3011Tischplatte mit stylischer Carbonfaser-Oberfl\u00e4che, glatt, wasserdicht, kratzfest und leicht zu reinigen; Gestell aus robustem Metall in Schwarz lackiert, sehr stabil und erh\u00f6ht die Belastbarkeit von diesem Tisch.<br \/>\n\u3010Gro\u00dfe Gaming-Oberfl\u00e4che:\u3011Insgesamt misst der optimale Gaming Tisch 120x60x80 cm (BxTxH), Gewicht ca. 25 kg; Der Gaming-Schreibtisch verf\u00fcgt \u00fcber gro\u00dfe und best\u00e4ndige Tischplatte aus Carbonfasern, bietet somit viel Platz f\u00fcr Ihre Gaming-Monitore, Ihre Gaming-Tastatur und andere Spielger\u00e4te.<br \/>\n\u3010R-F\u00f6rmig Gaming Tisch:\u3011Einfache Einrichtung, in k\u00fcrzester Zeit spielbereit; Intelligentes Kabelverwaltung System f\u00fcr die unsichtbare Verlegung und B\u00fcndelung Ihrer Kabel; Optimal gro\u00dfes Mauspad in toller Qualit\u00e4t.<\/p>\n","protected":false},"featured_media":76883,"comment_status":"open","ping_status":"closed","template":"","meta":[],"product_brand":[],"product_cat":[504,8312],"product_tag":[],"class_list":{"0":"post-76882","1":"product","2":"type-product","3":"status-publish","4":"has-post-thumbnail","6":"product_cat-buerobedarf-schreibwaren","7":"product_cat-bueromoebel-beleuchtung","8":"pa_brand-sogesfurniture","9":"pa_manufacturer-sogesfurniture","11":"first","12":"instock","13":"shipping-taxable","14":"purchasable","15":"product-type-simple","16":"customify-col","17":"product-has-gallery"},"yoast_head":"<!-- This site is optimized with the Yoast SEO plugin v27.4 - https:\/\/yoast.com\/product\/yoast-seo-wordpress\/ -->\n<title>sogesfurniture Gaming Tisch R-F\u00f6rmig, 120x60cm Gro\u00dfer Gaming Schreibtisch Computertisch Arbeitstisch mit Mausunterlage\u2026 - Markt-XXL<\/title>\n<meta name=\"description\" content=\"Markt-XXL sogesfurniture Gaming Tisch R-F\u00f6rmig, 120x60cm Gro\u00dfer Gaming Schreibtisch Computertisch Arbeitstisch mit Mausunterlage\u2026\" \/>\n<meta name=\"robots\" content=\"index, follow, max-snippet:-1, max-image-preview:large, max-video-preview:-1\" \/>\n<link rel=\"canonical\" href=\"https:\/\/marktxxl.de\/markt\/produkt\/sogesfurniture-gaming-tisch-r-foermig-grosser-gaming-schreibtisch-computertisch-arbeitstisch\/\" \/>\n<meta property=\"og:locale\" content=\"de_DE\" \/>\n<meta property=\"og:type\" content=\"article\" \/>\n<meta property=\"og:title\" content=\"sogesfurniture Gaming Tisch R-F\u00f6rmig, 120x60cm Gro\u00dfer Gaming Schreibtisch Computertisch Arbeitstisch mit Mausunterlage\u2026 - Markt-XXL\" \/>\n<meta property=\"og:description\" content=\"Markt-XXL sogesfurniture Gaming Tisch R-F\u00f6rmig, 120x60cm Gro\u00dfer Gaming Schreibtisch Computertisch Arbeitstisch mit Mausunterlage\u2026\" \/>\n<meta property=\"og:url\" content=\"https:\/\/marktxxl.de\/markt\/produkt\/sogesfurniture-gaming-tisch-r-foermig-grosser-gaming-schreibtisch-computertisch-arbeitstisch\/\" \/>\n<meta property=\"og:site_name\" content=\"Markt-XXL\" \/>\n<meta property=\"article:modified_time\" content=\"2023-04-11T00:51:22+00:00\" \/>\n<meta property=\"og:image\" content=\"https:\/\/m.media-amazon.com\/images\/I\/51I9rHl5NuL._SL500_.jpg\" \/>\n\t<meta property=\"og:image:width\" content=\"500\" \/>\n\t<meta property=\"og:image:height\" content=\"500\" \/>\n\t<meta property=\"og:image:type\" content=\"image\/jpeg\" \/>\n<meta name=\"twitter:card\" content=\"summary_large_image\" \/>\n<meta name=\"twitter:label1\" content=\"Gesch\u00e4tzte Lesezeit\" \/>\n\t<meta name=\"twitter:data1\" content=\"1\u00a0Minute\" \/>\n<script type=\"application\/ld+json\" class=\"yoast-schema-graph\">{\"@context\":\"https:\\\/\\\/schema.org\",\"@graph\":[{\"@type\":\"WebPage\",\"@id\":\"https:\\\/\\\/marktxxl.de\\\/markt\\\/produkt\\\/sogesfurniture-gaming-tisch-r-foermig-grosser-gaming-schreibtisch-computertisch-arbeitstisch\\\/\",\"url\":\"https:\\\/\\\/marktxxl.de\\\/markt\\\/produkt\\\/sogesfurniture-gaming-tisch-r-foermig-grosser-gaming-schreibtisch-computertisch-arbeitstisch\\\/\",\"name\":\"sogesfurniture Gaming Tisch R-F\u00f6rmig, 120x60cm Gro\u00dfer Gaming Schreibtisch Computertisch Arbeitstisch mit Mausunterlage\u2026 - Markt-XXL\",\"isPartOf\":{\"@id\":\"https:\\\/\\\/marktxxl.de\\\/markt\\\/#website\"},\"primaryImageOfPage\":{\"@id\":\"https:\\\/\\\/marktxxl.de\\\/markt\\\/produkt\\\/sogesfurniture-gaming-tisch-r-foermig-grosser-gaming-schreibtisch-computertisch-arbeitstisch\\\/#primaryimage\"},\"image\":{\"@id\":\"https:\\\/\\\/marktxxl.de\\\/markt\\\/produkt\\\/sogesfurniture-gaming-tisch-r-foermig-grosser-gaming-schreibtisch-computertisch-arbeitstisch\\\/#primaryimage\"},\"thumbnailUrl\":\"https:\\\/\\\/m.media-amazon.com\\\/images\\\/I\\\/51I9rHl5NuL._SL500_.jpg\",\"datePublished\":\"2021-11-25T13:54:50+00:00\",\"dateModified\":\"2023-04-11T00:51:22+00:00\",\"description\":\"Markt-XXL sogesfurniture Gaming Tisch R-F\u00f6rmig, 120x60cm Gro\u00dfer Gaming Schreibtisch Computertisch Arbeitstisch mit Mausunterlage\u2026\",\"breadcrumb\":{\"@id\":\"https:\\\/\\\/marktxxl.de\\\/markt\\\/produkt\\\/sogesfurniture-gaming-tisch-r-foermig-grosser-gaming-schreibtisch-computertisch-arbeitstisch\\\/#breadcrumb\"},\"inLanguage\":\"de\",\"potentialAction\":[{\"@type\":\"ReadAction\",\"target\":[\"https:\\\/\\\/marktxxl.de\\\/markt\\\/produkt\\\/sogesfurniture-gaming-tisch-r-foermig-grosser-gaming-schreibtisch-computertisch-arbeitstisch\\\/\"]}]},{\"@type\":\"ImageObject\",\"inLanguage\":\"de\",\"@id\":\"https:\\\/\\\/marktxxl.de\\\/markt\\\/produkt\\\/sogesfurniture-gaming-tisch-r-foermig-grosser-gaming-schreibtisch-computertisch-arbeitstisch\\\/#primaryimage\",\"url\":\"https:\\\/\\\/m.media-amazon.com\\\/images\\\/I\\\/51I9rHl5NuL._SL500_.jpg\",\"contentUrl\":\"https:\\\/\\\/m.media-amazon.com\\\/images\\\/I\\\/51I9rHl5NuL._SL500_.jpg\",\"width\":500,\"height\":500},{\"@type\":\"BreadcrumbList\",\"@id\":\"https:\\\/\\\/marktxxl.de\\\/markt\\\/produkt\\\/sogesfurniture-gaming-tisch-r-foermig-grosser-gaming-schreibtisch-computertisch-arbeitstisch\\\/#breadcrumb\",\"itemListElement\":[{\"@type\":\"ListItem\",\"position\":1,\"name\":\"Startseite\",\"item\":\"https:\\\/\\\/marktxxl.de\\\/markt\\\/\"},{\"@type\":\"ListItem\",\"position\":2,\"name\":\"Markt\",\"item\":\"https:\\\/\\\/marktxxl.de\\\/markt\\\/\"},{\"@type\":\"ListItem\",\"position\":3,\"name\":\"sogesfurniture Gaming Tisch R-F\u00f6rmig, 120x60cm Gro\u00dfer Gaming Schreibtisch Computertisch Arbeitstisch mit Mausunterlage\u2026\"}]},{\"@type\":\"WebSite\",\"@id\":\"https:\\\/\\\/marktxxl.de\\\/markt\\\/#website\",\"url\":\"https:\\\/\\\/marktxxl.de\\\/markt\\\/\",\"name\":\"Markt-XXL\",\"description\":\"Ihr Markt Online\",\"publisher\":{\"@id\":\"https:\\\/\\\/marktxxl.de\\\/markt\\\/#organization\"},\"potentialAction\":[{\"@type\":\"SearchAction\",\"target\":{\"@type\":\"EntryPoint\",\"urlTemplate\":\"https:\\\/\\\/marktxxl.de\\\/markt\\\/?s={search_term_string}\"},\"query-input\":{\"@type\":\"PropertyValueSpecification\",\"valueRequired\":true,\"valueName\":\"search_term_string\"}}],\"inLanguage\":\"de\"},{\"@type\":\"Organization\",\"@id\":\"https:\\\/\\\/marktxxl.de\\\/markt\\\/#organization\",\"name\":\"Markt-XXL\",\"url\":\"https:\\\/\\\/marktxxl.de\\\/markt\\\/\",\"logo\":{\"@type\":\"ImageObject\",\"inLanguage\":\"de\",\"@id\":\"https:\\\/\\\/marktxxl.de\\\/markt\\\/#\\\/schema\\\/logo\\\/image\\\/\",\"url\":\"https:\\\/\\\/marktxxl.de\\\/markt\\\/wp-content\\\/uploads\\\/sites\\\/3\\\/2020\\\/12\\\/logo.png\",\"contentUrl\":\"https:\\\/\\\/marktxxl.de\\\/markt\\\/wp-content\\\/uploads\\\/sites\\\/3\\\/2020\\\/12\\\/logo.png\",\"width\":200,\"height\":70,\"caption\":\"Markt-XXL\"},\"image\":{\"@id\":\"https:\\\/\\\/marktxxl.de\\\/markt\\\/#\\\/schema\\\/logo\\\/image\\\/\"}}]}<\/script>\n<!-- \/ Yoast SEO plugin. -->","yoast_head_json":{"title":"sogesfurniture Gaming Tisch R-F\u00f6rmig, 120x60cm Gro\u00dfer Gaming Schreibtisch Computertisch Arbeitstisch mit Mausunterlage\u2026 - Markt-XXL","description":"Markt-XXL sogesfurniture Gaming Tisch R-F\u00f6rmig, 120x60cm Gro\u00dfer Gaming Schreibtisch Computertisch Arbeitstisch mit Mausunterlage\u2026","robots":{"index":"index","follow":"follow","max-snippet":"max-snippet:-1","max-image-preview":"max-image-preview:large","max-video-preview":"max-video-preview:-1"},"canonical":"https:\/\/marktxxl.de\/markt\/produkt\/sogesfurniture-gaming-tisch-r-foermig-grosser-gaming-schreibtisch-computertisch-arbeitstisch\/","og_locale":"de_DE","og_type":"article","og_title":"sogesfurniture Gaming Tisch R-F\u00f6rmig, 120x60cm Gro\u00dfer Gaming Schreibtisch Computertisch Arbeitstisch mit Mausunterlage\u2026 - Markt-XXL","og_description":"Markt-XXL sogesfurniture Gaming Tisch R-F\u00f6rmig, 120x60cm Gro\u00dfer Gaming Schreibtisch Computertisch Arbeitstisch mit Mausunterlage\u2026","og_url":"https:\/\/marktxxl.de\/markt\/produkt\/sogesfurniture-gaming-tisch-r-foermig-grosser-gaming-schreibtisch-computertisch-arbeitstisch\/","og_site_name":"Markt-XXL","article_modified_time":"2023-04-11T00:51:22+00:00","og_image":[{"width":500,"height":500,"url":"https:\/\/m.media-amazon.com\/images\/I\/51I9rHl5NuL._SL500_.jpg","type":"image\/jpeg"}],"twitter_card":"summary_large_image","twitter_misc":{"Gesch\u00e4tzte Lesezeit":"1\u00a0Minute"},"schema":{"@context":"https:\/\/schema.org","@graph":[{"@type":"WebPage","@id":"https:\/\/marktxxl.de\/markt\/produkt\/sogesfurniture-gaming-tisch-r-foermig-grosser-gaming-schreibtisch-computertisch-arbeitstisch\/","url":"https:\/\/marktxxl.de\/markt\/produkt\/sogesfurniture-gaming-tisch-r-foermig-grosser-gaming-schreibtisch-computertisch-arbeitstisch\/","name":"sogesfurniture Gaming Tisch R-F\u00f6rmig, 120x60cm Gro\u00dfer Gaming Schreibtisch Computertisch Arbeitstisch mit Mausunterlage\u2026 - Markt-XXL","isPartOf":{"@id":"https:\/\/marktxxl.de\/markt\/#website"},"primaryImageOfPage":{"@id":"https:\/\/marktxxl.de\/markt\/produkt\/sogesfurniture-gaming-tisch-r-foermig-grosser-gaming-schreibtisch-computertisch-arbeitstisch\/#primaryimage"},"image":{"@id":"https:\/\/marktxxl.de\/markt\/produkt\/sogesfurniture-gaming-tisch-r-foermig-grosser-gaming-schreibtisch-computertisch-arbeitstisch\/#primaryimage"},"thumbnailUrl":"https:\/\/m.media-amazon.com\/images\/I\/51I9rHl5NuL._SL500_.jpg","datePublished":"2021-11-25T13:54:50+00:00","dateModified":"2023-04-11T00:51:22+00:00","description":"Markt-XXL sogesfurniture Gaming Tisch R-F\u00f6rmig, 120x60cm Gro\u00dfer Gaming Schreibtisch Computertisch Arbeitstisch mit Mausunterlage\u2026","breadcrumb":{"@id":"https:\/\/marktxxl.de\/markt\/produkt\/sogesfurniture-gaming-tisch-r-foermig-grosser-gaming-schreibtisch-computertisch-arbeitstisch\/#breadcrumb"},"inLanguage":"de","potentialAction":[{"@type":"ReadAction","target":["https:\/\/marktxxl.de\/markt\/produkt\/sogesfurniture-gaming-tisch-r-foermig-grosser-gaming-schreibtisch-computertisch-arbeitstisch\/"]}]},{"@type":"ImageObject","inLanguage":"de","@id":"https:\/\/marktxxl.de\/markt\/produkt\/sogesfurniture-gaming-tisch-r-foermig-grosser-gaming-schreibtisch-computertisch-arbeitstisch\/#primaryimage","url":"https:\/\/m.media-amazon.com\/images\/I\/51I9rHl5NuL._SL500_.jpg","contentUrl":"https:\/\/m.media-amazon.com\/images\/I\/51I9rHl5NuL._SL500_.jpg","width":500,"height":500},{"@type":"BreadcrumbList","@id":"https:\/\/marktxxl.de\/markt\/produkt\/sogesfurniture-gaming-tisch-r-foermig-grosser-gaming-schreibtisch-computertisch-arbeitstisch\/#breadcrumb","itemListElement":[{"@type":"ListItem","position":1,"name":"Startseite","item":"https:\/\/marktxxl.de\/markt\/"},{"@type":"ListItem","position":2,"name":"Markt","item":"https:\/\/marktxxl.de\/markt\/"},{"@type":"ListItem","position":3,"name":"sogesfurniture Gaming Tisch R-F\u00f6rmig, 120x60cm Gro\u00dfer Gaming Schreibtisch Computertisch Arbeitstisch mit Mausunterlage\u2026"}]},{"@type":"WebSite","@id":"https:\/\/marktxxl.de\/markt\/#website","url":"https:\/\/marktxxl.de\/markt\/","name":"Markt-XXL","description":"Ihr Markt Online","publisher":{"@id":"https:\/\/marktxxl.de\/markt\/#organization"},"potentialAction":[{"@type":"SearchAction","target":{"@type":"EntryPoint","urlTemplate":"https:\/\/marktxxl.de\/markt\/?s={search_term_string}"},"query-input":{"@type":"PropertyValueSpecification","valueRequired":true,"valueName":"search_term_string"}}],"inLanguage":"de"},{"@type":"Organization","@id":"https:\/\/marktxxl.de\/markt\/#organization","name":"Markt-XXL","url":"https:\/\/marktxxl.de\/markt\/","logo":{"@type":"ImageObject","inLanguage":"de","@id":"https:\/\/marktxxl.de\/markt\/#\/schema\/logo\/image\/","url":"https:\/\/marktxxl.de\/markt\/wp-content\/uploads\/sites\/3\/2020\/12\/logo.png","contentUrl":"https:\/\/marktxxl.de\/markt\/wp-content\/uploads\/sites\/3\/2020\/12\/logo.png","width":200,"height":70,"caption":"Markt-XXL"},"image":{"@id":"https:\/\/marktxxl.de\/markt\/#\/schema\/logo\/image\/"}}]}},"_links":{"self":[{"href":"https:\/\/marktxxl.de\/markt\/wp-json\/wp\/v2\/product\/76882","targetHints":{"allow":["GET"]}}],"collection":[{"href":"https:\/\/marktxxl.de\/markt\/wp-json\/wp\/v2\/product"}],"about":[{"href":"https:\/\/marktxxl.de\/markt\/wp-json\/wp\/v2\/types\/product"}],"replies":[{"embeddable":true,"href":"https:\/\/marktxxl.de\/markt\/wp-json\/wp\/v2\/comments?post=76882"}],"wp:featuredmedia":[{"embeddable":true,"href":"https:\/\/marktxxl.de\/markt\/wp-json\/wp\/v2\/media\/76883"}],"wp:attachment":[{"href":"https:\/\/marktxxl.de\/markt\/wp-json\/wp\/v2\/media?parent=76882"}],"wp:term":[{"taxonomy":"product_brand","embeddable":true,"href":"https:\/\/marktxxl.de\/markt\/wp-json\/wp\/v2\/product_brand?post=76882"},{"taxonomy":"product_cat","embeddable":true,"href":"https:\/\/marktxxl.de\/markt\/wp-json\/wp\/v2\/product_cat?post=76882"},{"taxonomy":"product_tag","embeddable":true,"href":"https:\/\/marktxxl.de\/markt\/wp-json\/wp\/v2\/product_tag?post=76882"}],"curies":[{"name":"wp","href":"https:\/\/api.w.org\/{rel}","templated":true}]}}