{"id":76854,"date":"2021-11-25T14:54:28","date_gmt":"2021-11-25T13:54:28","guid":{"rendered":"https:\/\/marktxxl.de\/markt\/produkt\/duronic-dm053-bildschirmstaender-monitorstaender-notebookstaender-tv-staender-bildschirmerhoehung-laptop-acrylglas-transparent-50cm-x-20cm-30kg-kapazitaet\/"},"modified":"2023-04-11T02:51:21","modified_gmt":"2023-04-11T00:51:21","slug":"duronic-dm053-bildschirmstaender-monitorstaender-notebookstaender-tv-staender-bildschirmerhoehung-laptop-acrylglas-transparent-50cm-x-20cm-30kg-kapazitaet","status":"publish","type":"product","link":"https:\/\/marktxxl.de\/markt\/produkt\/duronic-dm053-bildschirmstaender-monitorstaender-notebookstaender-tv-staender-bildschirmerhoehung-laptop-acrylglas-transparent-50cm-x-20cm-30kg-kapazitaet\/","title":{"rendered":"Duronic DM053 Monitorst\u00e4nder | 50 x 20 cm Acrylglasplatte | Bis 30 kg | Ergonomischer Bildschirmst\u00e4nder Schreibtisch\u2026"},"content":{"rendered":"<p>Duronic DM053 ist ein universeller Bildschirmst\u00e4nder, der sowohl f\u00fcr Monitore, Notebooks sowie Fernsehger\u00e4te geeignet ist. Dieser Bildschirmst\u00e4nder wird Ihre Bildschirmposition verbessern um eine optimale Betrachtung sowie eine komfortable Arbeitsposition zu gew\u00e4hrleisten. Es hilft Ihnen Ihren Nacken zu entlasten, welcher oft unter der B\u00fcroarbeit leidet.<br \/>\nDurch die breite Oberfl\u00e4che ist dieser Bildschirmst\u00e4nder mit vielen PC Monitoren, Laptops und TV Ger\u00e4ten kompatibel. Die Ma\u00dfe der Glasoberfl\u00e4che sind: 500mm x 200mm und hat er eine maximale Kapazit\u00e4t von 30kg.<br \/>\nDuronic DM053 ist durch die Glas-Plattform sehr modern und stylisch sowie stabil und passt daher perfekt in jeden Raum. In der Duronic Bildschirmst\u00e4nder Reihe k\u00f6nnen Sie zwischen verschiedenen Modellen w\u00e4hlen: DM051, DM052-1, DM052-2, DM052-3, DM052-4, DM053, DM054, DM055, DM06-1, CM06-2. Je nach gew\u00fcnschter Gr\u00f6\u00dfe, Farbe oder Stil ist f\u00fcr jeden was dabei.<br \/>\nDieser St\u00e4nder wird Ihnen dabei helfen Ordnung auf Ihrem Schreibtisch zu schaffen Sie erhalten automatisch mehr Platz f\u00fcr alle anderen notwendigen Sachen, die Sie am Schreibtisch griffbereit haben sollten. Bitte stellen Sie sicher, dass die Abmessungen Ihres Bildschirms kleiner sind als jene des Bildschirmst\u00e4nders.<br \/>\nMit den Duronic Bildschirmst\u00e4ndern erhalten Sie wieder den notwendigen Platz f\u00fcr Ihre Tastatur, Notizen, Maus etc. Dieses Gestell ist einfach zu montieren, sehr qualitativ und stabile daher perfekt f\u00fcr zu Hause und im B\u00fcro.<br \/>\n<div class=\"main-cross-sell\" data-asin=\"B01HWMGMXM\">\n\n\t<div class=\"WooZone-cross-sell-loader\">\n\t\t<div>\n\t\t\t<div id=\"floatingBarsG\">\n\t\t\t\t<div class=\"blockG\" id=\"rotateG_01\"><\/div>\n\t\t\t\t<div class=\"blockG\" id=\"rotateG_02\"><\/div>\n\t\t\t\t<div class=\"blockG\" id=\"rotateG_03\"><\/div>\n\t\t\t\t<div class=\"blockG\" id=\"rotateG_04\"><\/div>\n\t\t\t\t<div class=\"blockG\" id=\"rotateG_05\"><\/div>\n\t\t\t\t<div class=\"blockG\" id=\"rotateG_06\"><\/div>\n\t\t\t\t<div class=\"blockG\" id=\"rotateG_07\"><\/div>\n\t\t\t\t<div class=\"blockG\" id=\"rotateG_08\"><\/div>\n\t\t\t<\/div>\n\t\t\t<div class=\"WooZone-cross-sell-loader-text\"><\/div>\n\t\t<\/div>\n\t<\/div>\n\n\t\t\n<\/div>\n<div style=\"clear:both;\"><\/div><\/p>\n","protected":false},"excerpt":{"rendered":"<p>Duronic DM053 ist ein universeller Bildschirmst\u00e4nder, der sowohl f\u00fcr Monitore, Notebooks sowie Fernsehger\u00e4te geeignet ist. Dieser Bildschirmst\u00e4nder wird Ihre Bildschirmposition verbessern um eine optimale Betrachtung sowie eine komfortable Arbeitsposition zu gew\u00e4hrleisten. Es hilft Ihnen Ihren Nacken zu entlasten, welcher oft unter der B\u00fcroarbeit leidet.<br \/>\nDurch die breite Oberfl\u00e4che ist dieser Bildschirmst\u00e4nder mit vielen PC Monitoren, Laptops und TV Ger\u00e4ten kompatibel. Die Ma\u00dfe der Glasoberfl\u00e4che sind: 500mm x 200mm und hat er eine maximale Kapazit\u00e4t von 30kg.<br \/>\nDuronic DM053 ist durch die Glas-Plattform sehr modern und stylisch sowie stabil und passt daher perfekt in jeden Raum. In der Duronic Bildschirmst\u00e4nder Reihe k\u00f6nnen Sie zwischen verschiedenen Modellen w\u00e4hlen: DM051, DM052-1, DM052-2, DM052-3, DM052-4, DM053, DM054, DM055, DM06-1, CM06-2. Je nach gew\u00fcnschter Gr\u00f6\u00dfe, Farbe oder Stil ist f\u00fcr jeden was dabei.<\/p>\n","protected":false},"featured_media":76855,"comment_status":"open","ping_status":"closed","template":"","meta":[],"product_brand":[],"product_cat":[504,8312],"product_tag":[],"class_list":{"0":"post-76854","1":"product","2":"type-product","3":"status-publish","4":"has-post-thumbnail","6":"product_cat-buerobedarf-schreibwaren","7":"product_cat-bueromoebel-beleuchtung","8":"pa_binding-personal-computers","9":"pa_brand-duronic","10":"pa_color-dm053","11":"pa_height-3-93700787-zoll","12":"pa_length-19-68503935-zoll","13":"pa_manufacturer-duronic","14":"pa_model-dm053","15":"pa_size-50-x-20-x-10-cm","16":"pa_weight-4-850169764-pfund","17":"pa_width-7-87401574-zoll","19":"first","20":"instock","21":"shipping-taxable","22":"purchasable","23":"product-type-simple","24":"customify-col","25":"product-has-gallery"},"yoast_head":"<!-- This site is optimized with the Yoast SEO plugin v27.4 - https:\/\/yoast.com\/product\/yoast-seo-wordpress\/ -->\n<title>Duronic DM053 Monitorst\u00e4nder | 50 x 20 cm Acrylglasplatte | Bis 30 kg | Ergonomischer Bildschirmst\u00e4nder Schreibtisch\u2026 - Markt-XXL<\/title>\n<meta name=\"description\" content=\"Markt-XXL Duronic DM053 Monitorst\u00e4nder | 50 x 20 cm Acrylglasplatte | Bis 30 kg | Ergonomischer Bildschirmst\u00e4nder Schreibtisch\u2026\" \/>\n<meta name=\"robots\" content=\"index, follow, max-snippet:-1, max-image-preview:large, max-video-preview:-1\" \/>\n<link rel=\"canonical\" href=\"https:\/\/marktxxl.de\/markt\/produkt\/duronic-dm053-bildschirmstaender-monitorstaender-notebookstaender-tv-staender-bildschirmerhoehung-laptop-acrylglas-transparent-50cm-x-20cm-30kg-kapazitaet\/\" \/>\n<meta property=\"og:locale\" content=\"de_DE\" \/>\n<meta property=\"og:type\" content=\"article\" \/>\n<meta property=\"og:title\" content=\"Duronic DM053 Monitorst\u00e4nder | 50 x 20 cm Acrylglasplatte | Bis 30 kg | Ergonomischer Bildschirmst\u00e4nder Schreibtisch\u2026 - Markt-XXL\" \/>\n<meta property=\"og:description\" content=\"Markt-XXL Duronic DM053 Monitorst\u00e4nder | 50 x 20 cm Acrylglasplatte | Bis 30 kg | Ergonomischer Bildschirmst\u00e4nder Schreibtisch\u2026\" \/>\n<meta property=\"og:url\" content=\"https:\/\/marktxxl.de\/markt\/produkt\/duronic-dm053-bildschirmstaender-monitorstaender-notebookstaender-tv-staender-bildschirmerhoehung-laptop-acrylglas-transparent-50cm-x-20cm-30kg-kapazitaet\/\" \/>\n<meta property=\"og:site_name\" content=\"Markt-XXL\" \/>\n<meta property=\"article:modified_time\" content=\"2023-04-11T00:51:21+00:00\" \/>\n<meta property=\"og:image\" content=\"https:\/\/m.media-amazon.com\/images\/I\/41+OXWF1GQL._SL500_.jpg\" \/>\n\t<meta property=\"og:image:width\" content=\"500\" \/>\n\t<meta property=\"og:image:height\" content=\"500\" \/>\n\t<meta property=\"og:image:type\" content=\"image\/jpeg\" \/>\n<meta name=\"twitter:card\" content=\"summary_large_image\" \/>\n<meta name=\"twitter:label1\" content=\"Gesch\u00e4tzte Lesezeit\" \/>\n\t<meta name=\"twitter:data1\" content=\"1\u00a0Minute\" \/>\n<script type=\"application\/ld+json\" class=\"yoast-schema-graph\">{\"@context\":\"https:\\\/\\\/schema.org\",\"@graph\":[{\"@type\":\"WebPage\",\"@id\":\"https:\\\/\\\/marktxxl.de\\\/markt\\\/produkt\\\/duronic-dm053-bildschirmstaender-monitorstaender-notebookstaender-tv-staender-bildschirmerhoehung-laptop-acrylglas-transparent-50cm-x-20cm-30kg-kapazitaet\\\/\",\"url\":\"https:\\\/\\\/marktxxl.de\\\/markt\\\/produkt\\\/duronic-dm053-bildschirmstaender-monitorstaender-notebookstaender-tv-staender-bildschirmerhoehung-laptop-acrylglas-transparent-50cm-x-20cm-30kg-kapazitaet\\\/\",\"name\":\"Duronic DM053 Monitorst\u00e4nder | 50 x 20 cm Acrylglasplatte | Bis 30 kg | Ergonomischer Bildschirmst\u00e4nder Schreibtisch\u2026 - Markt-XXL\",\"isPartOf\":{\"@id\":\"https:\\\/\\\/marktxxl.de\\\/markt\\\/#website\"},\"primaryImageOfPage\":{\"@id\":\"https:\\\/\\\/marktxxl.de\\\/markt\\\/produkt\\\/duronic-dm053-bildschirmstaender-monitorstaender-notebookstaender-tv-staender-bildschirmerhoehung-laptop-acrylglas-transparent-50cm-x-20cm-30kg-kapazitaet\\\/#primaryimage\"},\"image\":{\"@id\":\"https:\\\/\\\/marktxxl.de\\\/markt\\\/produkt\\\/duronic-dm053-bildschirmstaender-monitorstaender-notebookstaender-tv-staender-bildschirmerhoehung-laptop-acrylglas-transparent-50cm-x-20cm-30kg-kapazitaet\\\/#primaryimage\"},\"thumbnailUrl\":\"https:\\\/\\\/m.media-amazon.com\\\/images\\\/I\\\/41+OXWF1GQL._SL500_.jpg\",\"datePublished\":\"2021-11-25T13:54:28+00:00\",\"dateModified\":\"2023-04-11T00:51:21+00:00\",\"description\":\"Markt-XXL Duronic DM053 Monitorst\u00e4nder | 50 x 20 cm Acrylglasplatte | Bis 30 kg | Ergonomischer Bildschirmst\u00e4nder Schreibtisch\u2026\",\"breadcrumb\":{\"@id\":\"https:\\\/\\\/marktxxl.de\\\/markt\\\/produkt\\\/duronic-dm053-bildschirmstaender-monitorstaender-notebookstaender-tv-staender-bildschirmerhoehung-laptop-acrylglas-transparent-50cm-x-20cm-30kg-kapazitaet\\\/#breadcrumb\"},\"inLanguage\":\"de\",\"potentialAction\":[{\"@type\":\"ReadAction\",\"target\":[\"https:\\\/\\\/marktxxl.de\\\/markt\\\/produkt\\\/duronic-dm053-bildschirmstaender-monitorstaender-notebookstaender-tv-staender-bildschirmerhoehung-laptop-acrylglas-transparent-50cm-x-20cm-30kg-kapazitaet\\\/\"]}]},{\"@type\":\"ImageObject\",\"inLanguage\":\"de\",\"@id\":\"https:\\\/\\\/marktxxl.de\\\/markt\\\/produkt\\\/duronic-dm053-bildschirmstaender-monitorstaender-notebookstaender-tv-staender-bildschirmerhoehung-laptop-acrylglas-transparent-50cm-x-20cm-30kg-kapazitaet\\\/#primaryimage\",\"url\":\"https:\\\/\\\/m.media-amazon.com\\\/images\\\/I\\\/41+OXWF1GQL._SL500_.jpg\",\"contentUrl\":\"https:\\\/\\\/m.media-amazon.com\\\/images\\\/I\\\/41+OXWF1GQL._SL500_.jpg\",\"width\":500,\"height\":500},{\"@type\":\"BreadcrumbList\",\"@id\":\"https:\\\/\\\/marktxxl.de\\\/markt\\\/produkt\\\/duronic-dm053-bildschirmstaender-monitorstaender-notebookstaender-tv-staender-bildschirmerhoehung-laptop-acrylglas-transparent-50cm-x-20cm-30kg-kapazitaet\\\/#breadcrumb\",\"itemListElement\":[{\"@type\":\"ListItem\",\"position\":1,\"name\":\"Startseite\",\"item\":\"https:\\\/\\\/marktxxl.de\\\/markt\\\/\"},{\"@type\":\"ListItem\",\"position\":2,\"name\":\"Markt\",\"item\":\"https:\\\/\\\/marktxxl.de\\\/markt\\\/\"},{\"@type\":\"ListItem\",\"position\":3,\"name\":\"Duronic DM053 Monitorst\u00e4nder | 50 x 20 cm Acrylglasplatte | Bis 30 kg | Ergonomischer Bildschirmst\u00e4nder Schreibtisch\u2026\"}]},{\"@type\":\"WebSite\",\"@id\":\"https:\\\/\\\/marktxxl.de\\\/markt\\\/#website\",\"url\":\"https:\\\/\\\/marktxxl.de\\\/markt\\\/\",\"name\":\"Markt-XXL\",\"description\":\"Ihr Markt Online\",\"publisher\":{\"@id\":\"https:\\\/\\\/marktxxl.de\\\/markt\\\/#organization\"},\"potentialAction\":[{\"@type\":\"SearchAction\",\"target\":{\"@type\":\"EntryPoint\",\"urlTemplate\":\"https:\\\/\\\/marktxxl.de\\\/markt\\\/?s={search_term_string}\"},\"query-input\":{\"@type\":\"PropertyValueSpecification\",\"valueRequired\":true,\"valueName\":\"search_term_string\"}}],\"inLanguage\":\"de\"},{\"@type\":\"Organization\",\"@id\":\"https:\\\/\\\/marktxxl.de\\\/markt\\\/#organization\",\"name\":\"Markt-XXL\",\"url\":\"https:\\\/\\\/marktxxl.de\\\/markt\\\/\",\"logo\":{\"@type\":\"ImageObject\",\"inLanguage\":\"de\",\"@id\":\"https:\\\/\\\/marktxxl.de\\\/markt\\\/#\\\/schema\\\/logo\\\/image\\\/\",\"url\":\"https:\\\/\\\/marktxxl.de\\\/markt\\\/wp-content\\\/uploads\\\/sites\\\/3\\\/2020\\\/12\\\/logo.png\",\"contentUrl\":\"https:\\\/\\\/marktxxl.de\\\/markt\\\/wp-content\\\/uploads\\\/sites\\\/3\\\/2020\\\/12\\\/logo.png\",\"width\":200,\"height\":70,\"caption\":\"Markt-XXL\"},\"image\":{\"@id\":\"https:\\\/\\\/marktxxl.de\\\/markt\\\/#\\\/schema\\\/logo\\\/image\\\/\"}}]}<\/script>\n<!-- \/ Yoast SEO plugin. -->","yoast_head_json":{"title":"Duronic DM053 Monitorst\u00e4nder | 50 x 20 cm Acrylglasplatte | Bis 30 kg | Ergonomischer Bildschirmst\u00e4nder Schreibtisch\u2026 - Markt-XXL","description":"Markt-XXL Duronic DM053 Monitorst\u00e4nder | 50 x 20 cm Acrylglasplatte | Bis 30 kg | Ergonomischer Bildschirmst\u00e4nder Schreibtisch\u2026","robots":{"index":"index","follow":"follow","max-snippet":"max-snippet:-1","max-image-preview":"max-image-preview:large","max-video-preview":"max-video-preview:-1"},"canonical":"https:\/\/marktxxl.de\/markt\/produkt\/duronic-dm053-bildschirmstaender-monitorstaender-notebookstaender-tv-staender-bildschirmerhoehung-laptop-acrylglas-transparent-50cm-x-20cm-30kg-kapazitaet\/","og_locale":"de_DE","og_type":"article","og_title":"Duronic DM053 Monitorst\u00e4nder | 50 x 20 cm Acrylglasplatte | Bis 30 kg | Ergonomischer Bildschirmst\u00e4nder Schreibtisch\u2026 - Markt-XXL","og_description":"Markt-XXL Duronic DM053 Monitorst\u00e4nder | 50 x 20 cm Acrylglasplatte | Bis 30 kg | Ergonomischer Bildschirmst\u00e4nder Schreibtisch\u2026","og_url":"https:\/\/marktxxl.de\/markt\/produkt\/duronic-dm053-bildschirmstaender-monitorstaender-notebookstaender-tv-staender-bildschirmerhoehung-laptop-acrylglas-transparent-50cm-x-20cm-30kg-kapazitaet\/","og_site_name":"Markt-XXL","article_modified_time":"2023-04-11T00:51:21+00:00","og_image":[{"width":500,"height":500,"url":"https:\/\/m.media-amazon.com\/images\/I\/41+OXWF1GQL._SL500_.jpg","type":"image\/jpeg"}],"twitter_card":"summary_large_image","twitter_misc":{"Gesch\u00e4tzte Lesezeit":"1\u00a0Minute"},"schema":{"@context":"https:\/\/schema.org","@graph":[{"@type":"WebPage","@id":"https:\/\/marktxxl.de\/markt\/produkt\/duronic-dm053-bildschirmstaender-monitorstaender-notebookstaender-tv-staender-bildschirmerhoehung-laptop-acrylglas-transparent-50cm-x-20cm-30kg-kapazitaet\/","url":"https:\/\/marktxxl.de\/markt\/produkt\/duronic-dm053-bildschirmstaender-monitorstaender-notebookstaender-tv-staender-bildschirmerhoehung-laptop-acrylglas-transparent-50cm-x-20cm-30kg-kapazitaet\/","name":"Duronic DM053 Monitorst\u00e4nder | 50 x 20 cm Acrylglasplatte | Bis 30 kg | Ergonomischer Bildschirmst\u00e4nder Schreibtisch\u2026 - Markt-XXL","isPartOf":{"@id":"https:\/\/marktxxl.de\/markt\/#website"},"primaryImageOfPage":{"@id":"https:\/\/marktxxl.de\/markt\/produkt\/duronic-dm053-bildschirmstaender-monitorstaender-notebookstaender-tv-staender-bildschirmerhoehung-laptop-acrylglas-transparent-50cm-x-20cm-30kg-kapazitaet\/#primaryimage"},"image":{"@id":"https:\/\/marktxxl.de\/markt\/produkt\/duronic-dm053-bildschirmstaender-monitorstaender-notebookstaender-tv-staender-bildschirmerhoehung-laptop-acrylglas-transparent-50cm-x-20cm-30kg-kapazitaet\/#primaryimage"},"thumbnailUrl":"https:\/\/m.media-amazon.com\/images\/I\/41+OXWF1GQL._SL500_.jpg","datePublished":"2021-11-25T13:54:28+00:00","dateModified":"2023-04-11T00:51:21+00:00","description":"Markt-XXL Duronic DM053 Monitorst\u00e4nder | 50 x 20 cm Acrylglasplatte | Bis 30 kg | Ergonomischer Bildschirmst\u00e4nder Schreibtisch\u2026","breadcrumb":{"@id":"https:\/\/marktxxl.de\/markt\/produkt\/duronic-dm053-bildschirmstaender-monitorstaender-notebookstaender-tv-staender-bildschirmerhoehung-laptop-acrylglas-transparent-50cm-x-20cm-30kg-kapazitaet\/#breadcrumb"},"inLanguage":"de","potentialAction":[{"@type":"ReadAction","target":["https:\/\/marktxxl.de\/markt\/produkt\/duronic-dm053-bildschirmstaender-monitorstaender-notebookstaender-tv-staender-bildschirmerhoehung-laptop-acrylglas-transparent-50cm-x-20cm-30kg-kapazitaet\/"]}]},{"@type":"ImageObject","inLanguage":"de","@id":"https:\/\/marktxxl.de\/markt\/produkt\/duronic-dm053-bildschirmstaender-monitorstaender-notebookstaender-tv-staender-bildschirmerhoehung-laptop-acrylglas-transparent-50cm-x-20cm-30kg-kapazitaet\/#primaryimage","url":"https:\/\/m.media-amazon.com\/images\/I\/41+OXWF1GQL._SL500_.jpg","contentUrl":"https:\/\/m.media-amazon.com\/images\/I\/41+OXWF1GQL._SL500_.jpg","width":500,"height":500},{"@type":"BreadcrumbList","@id":"https:\/\/marktxxl.de\/markt\/produkt\/duronic-dm053-bildschirmstaender-monitorstaender-notebookstaender-tv-staender-bildschirmerhoehung-laptop-acrylglas-transparent-50cm-x-20cm-30kg-kapazitaet\/#breadcrumb","itemListElement":[{"@type":"ListItem","position":1,"name":"Startseite","item":"https:\/\/marktxxl.de\/markt\/"},{"@type":"ListItem","position":2,"name":"Markt","item":"https:\/\/marktxxl.de\/markt\/"},{"@type":"ListItem","position":3,"name":"Duronic DM053 Monitorst\u00e4nder | 50 x 20 cm Acrylglasplatte | Bis 30 kg | Ergonomischer Bildschirmst\u00e4nder Schreibtisch\u2026"}]},{"@type":"WebSite","@id":"https:\/\/marktxxl.de\/markt\/#website","url":"https:\/\/marktxxl.de\/markt\/","name":"Markt-XXL","description":"Ihr Markt Online","publisher":{"@id":"https:\/\/marktxxl.de\/markt\/#organization"},"potentialAction":[{"@type":"SearchAction","target":{"@type":"EntryPoint","urlTemplate":"https:\/\/marktxxl.de\/markt\/?s={search_term_string}"},"query-input":{"@type":"PropertyValueSpecification","valueRequired":true,"valueName":"search_term_string"}}],"inLanguage":"de"},{"@type":"Organization","@id":"https:\/\/marktxxl.de\/markt\/#organization","name":"Markt-XXL","url":"https:\/\/marktxxl.de\/markt\/","logo":{"@type":"ImageObject","inLanguage":"de","@id":"https:\/\/marktxxl.de\/markt\/#\/schema\/logo\/image\/","url":"https:\/\/marktxxl.de\/markt\/wp-content\/uploads\/sites\/3\/2020\/12\/logo.png","contentUrl":"https:\/\/marktxxl.de\/markt\/wp-content\/uploads\/sites\/3\/2020\/12\/logo.png","width":200,"height":70,"caption":"Markt-XXL"},"image":{"@id":"https:\/\/marktxxl.de\/markt\/#\/schema\/logo\/image\/"}}]}},"_links":{"self":[{"href":"https:\/\/marktxxl.de\/markt\/wp-json\/wp\/v2\/product\/76854","targetHints":{"allow":["GET"]}}],"collection":[{"href":"https:\/\/marktxxl.de\/markt\/wp-json\/wp\/v2\/product"}],"about":[{"href":"https:\/\/marktxxl.de\/markt\/wp-json\/wp\/v2\/types\/product"}],"replies":[{"embeddable":true,"href":"https:\/\/marktxxl.de\/markt\/wp-json\/wp\/v2\/comments?post=76854"}],"wp:featuredmedia":[{"embeddable":true,"href":"https:\/\/marktxxl.de\/markt\/wp-json\/wp\/v2\/media\/76855"}],"wp:attachment":[{"href":"https:\/\/marktxxl.de\/markt\/wp-json\/wp\/v2\/media?parent=76854"}],"wp:term":[{"taxonomy":"product_brand","embeddable":true,"href":"https:\/\/marktxxl.de\/markt\/wp-json\/wp\/v2\/product_brand?post=76854"},{"taxonomy":"product_cat","embeddable":true,"href":"https:\/\/marktxxl.de\/markt\/wp-json\/wp\/v2\/product_cat?post=76854"},{"taxonomy":"product_tag","embeddable":true,"href":"https:\/\/marktxxl.de\/markt\/wp-json\/wp\/v2\/product_tag?post=76854"}],"curies":[{"name":"wp","href":"https:\/\/api.w.org\/{rel}","templated":true}]}}