{"id":76818,"date":"2021-11-25T14:54:10","date_gmt":"2021-11-25T13:54:10","guid":{"rendered":"https:\/\/marktxxl.de\/markt\/produkt\/simple-zone-laptop-staender-ergonomischer-aluminium-computer-staender-abnehmbarer-erhoehungshalter-notebook-staender-kompatibel-mit-macbook-air-pro-dell-xps-lenovo-mehr-10-156-zoll-laptops\/"},"modified":"2023-04-11T02:51:21","modified_gmt":"2023-04-11T00:51:21","slug":"simple-zone-laptop-staender-ergonomischer-aluminium-computer-staender-abnehmbarer-erhoehungshalter-notebook-staender-kompatibel-mit-macbook-air-pro-dell-xps-lenovo-mehr-10-156-zoll-laptops","status":"publish","type":"product","link":"https:\/\/marktxxl.de\/markt\/produkt\/simple-zone-laptop-staender-ergonomischer-aluminium-computer-staender-abnehmbarer-erhoehungshalter-notebook-staender-kompatibel-mit-macbook-air-pro-dell-xps-lenovo-mehr-10-156-zoll-laptops\/","title":{"rendered":"Simple Zone Laptop-St\u00e4nder, ergonomischer Aluminium-Computer-St\u00e4nder, abnehmbarer Erh\u00f6hungshalter, Notebook-St\u00e4nder\u2026"},"content":{"rendered":"<p>\u3010Breite Kompatibilit\u00e4t\u3011 Der Simple Zone Laptop-St\u00e4nder ist kompatibel mit allen Laptops von 25,4 cm &#8211; 39,6 cm (10 Zoll) bis 39,6 cm (15,6 Zoll) wie MacBook Air Pro, Microsoft Surface, Google Pixelbook, Dell XPS, HP, ASUS, Lenovo, Acer, Chromebook und mehr<br \/>\n\u3010Ergonomisches Design\u3011Der Laptop-St\u00e4nder kann Ihren Laptop um 15,2 cm auf eine perfekte Betrachtungsebene anheben, hilft Ihnen, Ihre Haltung zu verbessern und Nacken- und Schulterschmerzen zu reduzieren. Dieser Laptop-St\u00e4nder ist super einfach zu entfernen und zu montieren<br \/>\n\u3010Stabil und sch\u00fctzend\u3011 Der Laptop-St\u00e4nder ist aus einer hochwertigen 5 mm Aluminium-Legierung hergestellt, die ziemlich stabil ist, tr\u00e4gt bis zu 4 kg Gewicht auf der Oberseite mit gro\u00dfen Gummi-Pads auf der Oberfl\u00e4che, um Ihren Laptop stabil an Ort und Stelle zu halten und Ihr Ger\u00e4t maximal vor jeglichen Kratzern und Verrutschen<br \/>\n\u3010Abnehmbare und einfache Installation\u3011 Dieser Computerst\u00e4nder f\u00fcr Laptop kann f\u00fcr eine kompakte Lagerung bequem in 3 Teile zerlegt werden. Sie k\u00f6nnen ihn einfach wieder mit einem Schritt installieren<br \/>\n\u3010Halten Sie den Laptop k\u00fchl\u3011: Das offene Aluminium-Design bietet gute Bel\u00fcftung und Luftzirkulation, um zu verhindern, dass Ihr Laptop \u00fcberhitzt. L\u00e4sst sich flach zusammenklappen, wenn Sie es verstauen m\u00fcssen, schaffen Sie zus\u00e4tzlichen Platz auf Ihrem Schreibtisch und halten Sie Ihren Schreibtisch sauber und organisiert.<br \/>\n<div class=\"main-cross-sell\" data-asin=\"B09JFMX24X\">\n\n\t<div class=\"WooZone-cross-sell-loader\">\n\t\t<div>\n\t\t\t<div id=\"floatingBarsG\">\n\t\t\t\t<div class=\"blockG\" id=\"rotateG_01\"><\/div>\n\t\t\t\t<div class=\"blockG\" id=\"rotateG_02\"><\/div>\n\t\t\t\t<div class=\"blockG\" id=\"rotateG_03\"><\/div>\n\t\t\t\t<div class=\"blockG\" id=\"rotateG_04\"><\/div>\n\t\t\t\t<div class=\"blockG\" id=\"rotateG_05\"><\/div>\n\t\t\t\t<div class=\"blockG\" id=\"rotateG_06\"><\/div>\n\t\t\t\t<div class=\"blockG\" id=\"rotateG_07\"><\/div>\n\t\t\t\t<div class=\"blockG\" id=\"rotateG_08\"><\/div>\n\t\t\t<\/div>\n\t\t\t<div class=\"WooZone-cross-sell-loader-text\"><\/div>\n\t\t<\/div>\n\t<\/div>\n\n\t\t\n<\/div>\n<div style=\"clear:both;\"><\/div><\/p>\n","protected":false},"excerpt":{"rendered":"<p>\u3010Breite Kompatibilit\u00e4t\u3011 Der Simple Zone Laptop-St\u00e4nder ist kompatibel mit allen Laptops von 25,4 cm &#8211; 39,6 cm (10 Zoll) bis 39,6 cm (15,6 Zoll) wie MacBook Air Pro, Microsoft Surface, Google Pixelbook, Dell XPS, HP, ASUS, Lenovo, Acer, Chromebook und mehr<br \/>\n\u3010Ergonomisches Design\u3011Der Laptop-St\u00e4nder kann Ihren Laptop um 15,2 cm auf eine perfekte Betrachtungsebene anheben, hilft Ihnen, Ihre Haltung zu verbessern und Nacken- und Schulterschmerzen zu reduzieren. Dieser Laptop-St\u00e4nder ist super einfach zu entfernen und zu montieren<br \/>\n\u3010Stabil und sch\u00fctzend\u3011 Der Laptop-St\u00e4nder ist aus einer hochwertigen 5 mm Aluminium-Legierung hergestellt, die ziemlich stabil ist, tr\u00e4gt bis zu 4 kg Gewicht auf der Oberseite mit gro\u00dfen Gummi-Pads auf der Oberfl\u00e4che, um Ihren Laptop stabil an Ort und Stelle zu halten und Ihr Ger\u00e4t maximal vor jeglichen Kratzern und Verrutschen<\/p>\n","protected":false},"featured_media":76819,"comment_status":"open","ping_status":"closed","template":"","meta":[],"product_brand":[],"product_cat":[504,8312],"product_tag":[],"class_list":{"0":"post-76818","1":"product","2":"type-product","3":"status-publish","4":"has-post-thumbnail","6":"product_cat-buerobedarf-schreibwaren","7":"product_cat-bueromoebel-beleuchtung","8":"pa_brand-simple-zone","9":"pa_manufacturer-simple-zone","11":"first","12":"instock","13":"shipping-taxable","14":"purchasable","15":"product-type-simple","16":"customify-col","17":"product-has-gallery"},"yoast_head":"<!-- This site is optimized with the Yoast SEO plugin v27.4 - https:\/\/yoast.com\/product\/yoast-seo-wordpress\/ -->\n<title>Simple Zone Laptop-St\u00e4nder, ergonomischer Aluminium-Computer-St\u00e4nder, abnehmbarer Erh\u00f6hungshalter, Notebook-St\u00e4nder\u2026 - Markt-XXL<\/title>\n<meta name=\"description\" content=\"Markt-XXL Simple Zone Laptop-St\u00e4nder, ergonomischer Aluminium-Computer-St\u00e4nder, abnehmbarer Erh\u00f6hungshalter, Notebook-St\u00e4nder\u2026\" \/>\n<meta name=\"robots\" content=\"index, follow, max-snippet:-1, max-image-preview:large, max-video-preview:-1\" \/>\n<link rel=\"canonical\" href=\"https:\/\/marktxxl.de\/markt\/produkt\/simple-zone-laptop-staender-ergonomischer-aluminium-computer-staender-abnehmbarer-erhoehungshalter-notebook-staender-kompatibel-mit-macbook-air-pro-dell-xps-lenovo-mehr-10-156-zoll-laptops\/\" \/>\n<meta property=\"og:locale\" content=\"de_DE\" \/>\n<meta property=\"og:type\" content=\"article\" \/>\n<meta property=\"og:title\" content=\"Simple Zone Laptop-St\u00e4nder, ergonomischer Aluminium-Computer-St\u00e4nder, abnehmbarer Erh\u00f6hungshalter, Notebook-St\u00e4nder\u2026 - Markt-XXL\" \/>\n<meta property=\"og:description\" content=\"Markt-XXL Simple Zone Laptop-St\u00e4nder, ergonomischer Aluminium-Computer-St\u00e4nder, abnehmbarer Erh\u00f6hungshalter, Notebook-St\u00e4nder\u2026\" \/>\n<meta property=\"og:url\" content=\"https:\/\/marktxxl.de\/markt\/produkt\/simple-zone-laptop-staender-ergonomischer-aluminium-computer-staender-abnehmbarer-erhoehungshalter-notebook-staender-kompatibel-mit-macbook-air-pro-dell-xps-lenovo-mehr-10-156-zoll-laptops\/\" \/>\n<meta property=\"og:site_name\" content=\"Markt-XXL\" \/>\n<meta property=\"article:modified_time\" content=\"2023-04-11T00:51:21+00:00\" \/>\n<meta property=\"og:image\" content=\"https:\/\/m.media-amazon.com\/images\/I\/41GOO2iCJNL._SL500_.jpg\" \/>\n\t<meta property=\"og:image:width\" content=\"500\" \/>\n\t<meta property=\"og:image:height\" content=\"500\" \/>\n\t<meta property=\"og:image:type\" content=\"image\/jpeg\" \/>\n<meta name=\"twitter:card\" content=\"summary_large_image\" \/>\n<meta name=\"twitter:label1\" content=\"Gesch\u00e4tzte Lesezeit\" \/>\n\t<meta name=\"twitter:data1\" content=\"1\u00a0Minute\" \/>\n<script type=\"application\/ld+json\" class=\"yoast-schema-graph\">{\"@context\":\"https:\\\/\\\/schema.org\",\"@graph\":[{\"@type\":\"WebPage\",\"@id\":\"https:\\\/\\\/marktxxl.de\\\/markt\\\/produkt\\\/simple-zone-laptop-staender-ergonomischer-aluminium-computer-staender-abnehmbarer-erhoehungshalter-notebook-staender-kompatibel-mit-macbook-air-pro-dell-xps-lenovo-mehr-10-156-zoll-laptops\\\/\",\"url\":\"https:\\\/\\\/marktxxl.de\\\/markt\\\/produkt\\\/simple-zone-laptop-staender-ergonomischer-aluminium-computer-staender-abnehmbarer-erhoehungshalter-notebook-staender-kompatibel-mit-macbook-air-pro-dell-xps-lenovo-mehr-10-156-zoll-laptops\\\/\",\"name\":\"Simple Zone Laptop-St\u00e4nder, ergonomischer Aluminium-Computer-St\u00e4nder, abnehmbarer Erh\u00f6hungshalter, Notebook-St\u00e4nder\u2026 - Markt-XXL\",\"isPartOf\":{\"@id\":\"https:\\\/\\\/marktxxl.de\\\/markt\\\/#website\"},\"primaryImageOfPage\":{\"@id\":\"https:\\\/\\\/marktxxl.de\\\/markt\\\/produkt\\\/simple-zone-laptop-staender-ergonomischer-aluminium-computer-staender-abnehmbarer-erhoehungshalter-notebook-staender-kompatibel-mit-macbook-air-pro-dell-xps-lenovo-mehr-10-156-zoll-laptops\\\/#primaryimage\"},\"image\":{\"@id\":\"https:\\\/\\\/marktxxl.de\\\/markt\\\/produkt\\\/simple-zone-laptop-staender-ergonomischer-aluminium-computer-staender-abnehmbarer-erhoehungshalter-notebook-staender-kompatibel-mit-macbook-air-pro-dell-xps-lenovo-mehr-10-156-zoll-laptops\\\/#primaryimage\"},\"thumbnailUrl\":\"https:\\\/\\\/m.media-amazon.com\\\/images\\\/I\\\/41GOO2iCJNL._SL500_.jpg\",\"datePublished\":\"2021-11-25T13:54:10+00:00\",\"dateModified\":\"2023-04-11T00:51:21+00:00\",\"description\":\"Markt-XXL Simple Zone Laptop-St\u00e4nder, ergonomischer Aluminium-Computer-St\u00e4nder, abnehmbarer Erh\u00f6hungshalter, Notebook-St\u00e4nder\u2026\",\"breadcrumb\":{\"@id\":\"https:\\\/\\\/marktxxl.de\\\/markt\\\/produkt\\\/simple-zone-laptop-staender-ergonomischer-aluminium-computer-staender-abnehmbarer-erhoehungshalter-notebook-staender-kompatibel-mit-macbook-air-pro-dell-xps-lenovo-mehr-10-156-zoll-laptops\\\/#breadcrumb\"},\"inLanguage\":\"de\",\"potentialAction\":[{\"@type\":\"ReadAction\",\"target\":[\"https:\\\/\\\/marktxxl.de\\\/markt\\\/produkt\\\/simple-zone-laptop-staender-ergonomischer-aluminium-computer-staender-abnehmbarer-erhoehungshalter-notebook-staender-kompatibel-mit-macbook-air-pro-dell-xps-lenovo-mehr-10-156-zoll-laptops\\\/\"]}]},{\"@type\":\"ImageObject\",\"inLanguage\":\"de\",\"@id\":\"https:\\\/\\\/marktxxl.de\\\/markt\\\/produkt\\\/simple-zone-laptop-staender-ergonomischer-aluminium-computer-staender-abnehmbarer-erhoehungshalter-notebook-staender-kompatibel-mit-macbook-air-pro-dell-xps-lenovo-mehr-10-156-zoll-laptops\\\/#primaryimage\",\"url\":\"https:\\\/\\\/m.media-amazon.com\\\/images\\\/I\\\/41GOO2iCJNL._SL500_.jpg\",\"contentUrl\":\"https:\\\/\\\/m.media-amazon.com\\\/images\\\/I\\\/41GOO2iCJNL._SL500_.jpg\",\"width\":500,\"height\":500},{\"@type\":\"BreadcrumbList\",\"@id\":\"https:\\\/\\\/marktxxl.de\\\/markt\\\/produkt\\\/simple-zone-laptop-staender-ergonomischer-aluminium-computer-staender-abnehmbarer-erhoehungshalter-notebook-staender-kompatibel-mit-macbook-air-pro-dell-xps-lenovo-mehr-10-156-zoll-laptops\\\/#breadcrumb\",\"itemListElement\":[{\"@type\":\"ListItem\",\"position\":1,\"name\":\"Startseite\",\"item\":\"https:\\\/\\\/marktxxl.de\\\/markt\\\/\"},{\"@type\":\"ListItem\",\"position\":2,\"name\":\"Markt\",\"item\":\"https:\\\/\\\/marktxxl.de\\\/markt\\\/\"},{\"@type\":\"ListItem\",\"position\":3,\"name\":\"Simple Zone Laptop-St\u00e4nder, ergonomischer Aluminium-Computer-St\u00e4nder, abnehmbarer Erh\u00f6hungshalter, Notebook-St\u00e4nder\u2026\"}]},{\"@type\":\"WebSite\",\"@id\":\"https:\\\/\\\/marktxxl.de\\\/markt\\\/#website\",\"url\":\"https:\\\/\\\/marktxxl.de\\\/markt\\\/\",\"name\":\"Markt-XXL\",\"description\":\"Ihr Markt Online\",\"publisher\":{\"@id\":\"https:\\\/\\\/marktxxl.de\\\/markt\\\/#organization\"},\"potentialAction\":[{\"@type\":\"SearchAction\",\"target\":{\"@type\":\"EntryPoint\",\"urlTemplate\":\"https:\\\/\\\/marktxxl.de\\\/markt\\\/?s={search_term_string}\"},\"query-input\":{\"@type\":\"PropertyValueSpecification\",\"valueRequired\":true,\"valueName\":\"search_term_string\"}}],\"inLanguage\":\"de\"},{\"@type\":\"Organization\",\"@id\":\"https:\\\/\\\/marktxxl.de\\\/markt\\\/#organization\",\"name\":\"Markt-XXL\",\"url\":\"https:\\\/\\\/marktxxl.de\\\/markt\\\/\",\"logo\":{\"@type\":\"ImageObject\",\"inLanguage\":\"de\",\"@id\":\"https:\\\/\\\/marktxxl.de\\\/markt\\\/#\\\/schema\\\/logo\\\/image\\\/\",\"url\":\"https:\\\/\\\/marktxxl.de\\\/markt\\\/wp-content\\\/uploads\\\/sites\\\/3\\\/2020\\\/12\\\/logo.png\",\"contentUrl\":\"https:\\\/\\\/marktxxl.de\\\/markt\\\/wp-content\\\/uploads\\\/sites\\\/3\\\/2020\\\/12\\\/logo.png\",\"width\":200,\"height\":70,\"caption\":\"Markt-XXL\"},\"image\":{\"@id\":\"https:\\\/\\\/marktxxl.de\\\/markt\\\/#\\\/schema\\\/logo\\\/image\\\/\"}}]}<\/script>\n<!-- \/ Yoast SEO plugin. -->","yoast_head_json":{"title":"Simple Zone Laptop-St\u00e4nder, ergonomischer Aluminium-Computer-St\u00e4nder, abnehmbarer Erh\u00f6hungshalter, Notebook-St\u00e4nder\u2026 - Markt-XXL","description":"Markt-XXL Simple Zone Laptop-St\u00e4nder, ergonomischer Aluminium-Computer-St\u00e4nder, abnehmbarer Erh\u00f6hungshalter, Notebook-St\u00e4nder\u2026","robots":{"index":"index","follow":"follow","max-snippet":"max-snippet:-1","max-image-preview":"max-image-preview:large","max-video-preview":"max-video-preview:-1"},"canonical":"https:\/\/marktxxl.de\/markt\/produkt\/simple-zone-laptop-staender-ergonomischer-aluminium-computer-staender-abnehmbarer-erhoehungshalter-notebook-staender-kompatibel-mit-macbook-air-pro-dell-xps-lenovo-mehr-10-156-zoll-laptops\/","og_locale":"de_DE","og_type":"article","og_title":"Simple Zone Laptop-St\u00e4nder, ergonomischer Aluminium-Computer-St\u00e4nder, abnehmbarer Erh\u00f6hungshalter, Notebook-St\u00e4nder\u2026 - Markt-XXL","og_description":"Markt-XXL Simple Zone Laptop-St\u00e4nder, ergonomischer Aluminium-Computer-St\u00e4nder, abnehmbarer Erh\u00f6hungshalter, Notebook-St\u00e4nder\u2026","og_url":"https:\/\/marktxxl.de\/markt\/produkt\/simple-zone-laptop-staender-ergonomischer-aluminium-computer-staender-abnehmbarer-erhoehungshalter-notebook-staender-kompatibel-mit-macbook-air-pro-dell-xps-lenovo-mehr-10-156-zoll-laptops\/","og_site_name":"Markt-XXL","article_modified_time":"2023-04-11T00:51:21+00:00","og_image":[{"width":500,"height":500,"url":"https:\/\/m.media-amazon.com\/images\/I\/41GOO2iCJNL._SL500_.jpg","type":"image\/jpeg"}],"twitter_card":"summary_large_image","twitter_misc":{"Gesch\u00e4tzte Lesezeit":"1\u00a0Minute"},"schema":{"@context":"https:\/\/schema.org","@graph":[{"@type":"WebPage","@id":"https:\/\/marktxxl.de\/markt\/produkt\/simple-zone-laptop-staender-ergonomischer-aluminium-computer-staender-abnehmbarer-erhoehungshalter-notebook-staender-kompatibel-mit-macbook-air-pro-dell-xps-lenovo-mehr-10-156-zoll-laptops\/","url":"https:\/\/marktxxl.de\/markt\/produkt\/simple-zone-laptop-staender-ergonomischer-aluminium-computer-staender-abnehmbarer-erhoehungshalter-notebook-staender-kompatibel-mit-macbook-air-pro-dell-xps-lenovo-mehr-10-156-zoll-laptops\/","name":"Simple Zone Laptop-St\u00e4nder, ergonomischer Aluminium-Computer-St\u00e4nder, abnehmbarer Erh\u00f6hungshalter, Notebook-St\u00e4nder\u2026 - Markt-XXL","isPartOf":{"@id":"https:\/\/marktxxl.de\/markt\/#website"},"primaryImageOfPage":{"@id":"https:\/\/marktxxl.de\/markt\/produkt\/simple-zone-laptop-staender-ergonomischer-aluminium-computer-staender-abnehmbarer-erhoehungshalter-notebook-staender-kompatibel-mit-macbook-air-pro-dell-xps-lenovo-mehr-10-156-zoll-laptops\/#primaryimage"},"image":{"@id":"https:\/\/marktxxl.de\/markt\/produkt\/simple-zone-laptop-staender-ergonomischer-aluminium-computer-staender-abnehmbarer-erhoehungshalter-notebook-staender-kompatibel-mit-macbook-air-pro-dell-xps-lenovo-mehr-10-156-zoll-laptops\/#primaryimage"},"thumbnailUrl":"https:\/\/m.media-amazon.com\/images\/I\/41GOO2iCJNL._SL500_.jpg","datePublished":"2021-11-25T13:54:10+00:00","dateModified":"2023-04-11T00:51:21+00:00","description":"Markt-XXL Simple Zone Laptop-St\u00e4nder, ergonomischer Aluminium-Computer-St\u00e4nder, abnehmbarer Erh\u00f6hungshalter, Notebook-St\u00e4nder\u2026","breadcrumb":{"@id":"https:\/\/marktxxl.de\/markt\/produkt\/simple-zone-laptop-staender-ergonomischer-aluminium-computer-staender-abnehmbarer-erhoehungshalter-notebook-staender-kompatibel-mit-macbook-air-pro-dell-xps-lenovo-mehr-10-156-zoll-laptops\/#breadcrumb"},"inLanguage":"de","potentialAction":[{"@type":"ReadAction","target":["https:\/\/marktxxl.de\/markt\/produkt\/simple-zone-laptop-staender-ergonomischer-aluminium-computer-staender-abnehmbarer-erhoehungshalter-notebook-staender-kompatibel-mit-macbook-air-pro-dell-xps-lenovo-mehr-10-156-zoll-laptops\/"]}]},{"@type":"ImageObject","inLanguage":"de","@id":"https:\/\/marktxxl.de\/markt\/produkt\/simple-zone-laptop-staender-ergonomischer-aluminium-computer-staender-abnehmbarer-erhoehungshalter-notebook-staender-kompatibel-mit-macbook-air-pro-dell-xps-lenovo-mehr-10-156-zoll-laptops\/#primaryimage","url":"https:\/\/m.media-amazon.com\/images\/I\/41GOO2iCJNL._SL500_.jpg","contentUrl":"https:\/\/m.media-amazon.com\/images\/I\/41GOO2iCJNL._SL500_.jpg","width":500,"height":500},{"@type":"BreadcrumbList","@id":"https:\/\/marktxxl.de\/markt\/produkt\/simple-zone-laptop-staender-ergonomischer-aluminium-computer-staender-abnehmbarer-erhoehungshalter-notebook-staender-kompatibel-mit-macbook-air-pro-dell-xps-lenovo-mehr-10-156-zoll-laptops\/#breadcrumb","itemListElement":[{"@type":"ListItem","position":1,"name":"Startseite","item":"https:\/\/marktxxl.de\/markt\/"},{"@type":"ListItem","position":2,"name":"Markt","item":"https:\/\/marktxxl.de\/markt\/"},{"@type":"ListItem","position":3,"name":"Simple Zone Laptop-St\u00e4nder, ergonomischer Aluminium-Computer-St\u00e4nder, abnehmbarer Erh\u00f6hungshalter, Notebook-St\u00e4nder\u2026"}]},{"@type":"WebSite","@id":"https:\/\/marktxxl.de\/markt\/#website","url":"https:\/\/marktxxl.de\/markt\/","name":"Markt-XXL","description":"Ihr Markt Online","publisher":{"@id":"https:\/\/marktxxl.de\/markt\/#organization"},"potentialAction":[{"@type":"SearchAction","target":{"@type":"EntryPoint","urlTemplate":"https:\/\/marktxxl.de\/markt\/?s={search_term_string}"},"query-input":{"@type":"PropertyValueSpecification","valueRequired":true,"valueName":"search_term_string"}}],"inLanguage":"de"},{"@type":"Organization","@id":"https:\/\/marktxxl.de\/markt\/#organization","name":"Markt-XXL","url":"https:\/\/marktxxl.de\/markt\/","logo":{"@type":"ImageObject","inLanguage":"de","@id":"https:\/\/marktxxl.de\/markt\/#\/schema\/logo\/image\/","url":"https:\/\/marktxxl.de\/markt\/wp-content\/uploads\/sites\/3\/2020\/12\/logo.png","contentUrl":"https:\/\/marktxxl.de\/markt\/wp-content\/uploads\/sites\/3\/2020\/12\/logo.png","width":200,"height":70,"caption":"Markt-XXL"},"image":{"@id":"https:\/\/marktxxl.de\/markt\/#\/schema\/logo\/image\/"}}]}},"_links":{"self":[{"href":"https:\/\/marktxxl.de\/markt\/wp-json\/wp\/v2\/product\/76818","targetHints":{"allow":["GET"]}}],"collection":[{"href":"https:\/\/marktxxl.de\/markt\/wp-json\/wp\/v2\/product"}],"about":[{"href":"https:\/\/marktxxl.de\/markt\/wp-json\/wp\/v2\/types\/product"}],"replies":[{"embeddable":true,"href":"https:\/\/marktxxl.de\/markt\/wp-json\/wp\/v2\/comments?post=76818"}],"wp:featuredmedia":[{"embeddable":true,"href":"https:\/\/marktxxl.de\/markt\/wp-json\/wp\/v2\/media\/76819"}],"wp:attachment":[{"href":"https:\/\/marktxxl.de\/markt\/wp-json\/wp\/v2\/media?parent=76818"}],"wp:term":[{"taxonomy":"product_brand","embeddable":true,"href":"https:\/\/marktxxl.de\/markt\/wp-json\/wp\/v2\/product_brand?post=76818"},{"taxonomy":"product_cat","embeddable":true,"href":"https:\/\/marktxxl.de\/markt\/wp-json\/wp\/v2\/product_cat?post=76818"},{"taxonomy":"product_tag","embeddable":true,"href":"https:\/\/marktxxl.de\/markt\/wp-json\/wp\/v2\/product_tag?post=76818"}],"curies":[{"name":"wp","href":"https:\/\/api.w.org\/{rel}","templated":true}]}}