{"id":76728,"date":"2021-11-25T14:49:58","date_gmt":"2021-11-25T13:49:58","guid":{"rendered":"https:\/\/marktxxl.de\/markt\/produkt\/5er-set-hartboden-rollen-fuer-buerostuhl-schreibtisch-stuhl-buerostuhlrollen-ruhiges-drehstuhlrollen-gummi-ersatz-raeder-11x-22mm-schwarz\/"},"modified":"2023-04-11T02:51:20","modified_gmt":"2023-04-11T00:51:20","slug":"5er-set-hartboden-rollen-fuer-buerostuhl-schreibtisch-stuhl-buerostuhlrollen-ruhiges-drehstuhlrollen-gummi-ersatz-raeder-11x-22mm-schwarz","status":"publish","type":"product","link":"https:\/\/marktxxl.de\/markt\/produkt\/5er-set-hartboden-rollen-fuer-buerostuhl-schreibtisch-stuhl-buerostuhlrollen-ruhiges-drehstuhlrollen-gummi-ersatz-raeder-11x-22mm-schwarz\/","title":{"rendered":"5er Set Hartboden Rollen f\u00fcr B\u00fcrostuhl Schreibtisch Stuhl B\u00fcrostuhlrollen Ruhiges Drehstuhlrollen Gummi Ersatz R\u00e4der 11x\u2026"},"content":{"rendered":"<p>\u3016PASST F\u00dcR DEN MEISTEN STUHL\u3017 &#8211; Stielgr\u00f6\u00dfe von 11 mm x 22 mm passt f\u00fcr alle Rollst\u00fchle mit 11mm Stiften.(Achtung !!! IKEA benutzt 10mm Rollen, auch viele B\u00fcrost\u00fchle haben 10 mm Bohrung, also bitte bevor dem Kauf nachmessen)<br \/>\n\u3016SICHER F\u00dcR ALLE HARTEN B\u00d6DEN\u3017 &#8211; Gummir\u00e4der bietet eine glattere und leisere Erfahrung, egal ob bei der Arbeit oder zu Hause. Nie Wieder Bodenschutzmatte &#8211; Keine Kratzer im Boden(zB. Fliesen, Parkett, Laminat, Holz, Marmor, Granit, Stein, Beton oder Vinyl-Boden) mit diesen Premium Rollen<br \/>\n\u3016EINFACHE INSTALLATION\u3017 &#8211; Das Paket enth\u00e4lt eine Spitzzange f\u00fcr die Installation. Ziehen Sie einfach die B\u00fcrorollenr\u00e4der von der Stuhlbasis ab und ersetzen Sie sie mit dem mitgelieferten Installationswerkzeug durch die neuen. Die Fertigstellung dauert sogar weniger als eine Minute<br \/>\n\u3016PERFEKT F\u00dcR ZU HAUSE &amp; B\u00dcRO\u3017 &#8211; Gleiten Sie vollkommen ohne Ger\u00e4usche auf Ihrem Office-Stuhl. Auch abends im Home-Office wird keiner mehr von Ihrer Arbeit gest\u00f6rt. Perfekt auch f\u00fcr Gamer, die gern nachts spielen<br \/>\n\u3016EINMALIGES DESIGN\u3017 &#8211; Die Stuhlrollen aus hochwertigem Stahl und Gummi k\u00f6nnen eine maximalen Belastung von 660 lb bieten. Die klassische Farbe Schwarz und sehr modernes Design,werden Ihren B\u00fcrostuhl aufwerten<br \/>\n<div class=\"main-cross-sell\" data-asin=\"B094QKVW9P\">\n\n\t<div class=\"WooZone-cross-sell-loader\">\n\t\t<div>\n\t\t\t<div id=\"floatingBarsG\">\n\t\t\t\t<div class=\"blockG\" id=\"rotateG_01\"><\/div>\n\t\t\t\t<div class=\"blockG\" id=\"rotateG_02\"><\/div>\n\t\t\t\t<div class=\"blockG\" id=\"rotateG_03\"><\/div>\n\t\t\t\t<div class=\"blockG\" id=\"rotateG_04\"><\/div>\n\t\t\t\t<div class=\"blockG\" id=\"rotateG_05\"><\/div>\n\t\t\t\t<div class=\"blockG\" id=\"rotateG_06\"><\/div>\n\t\t\t\t<div class=\"blockG\" id=\"rotateG_07\"><\/div>\n\t\t\t\t<div class=\"blockG\" id=\"rotateG_08\"><\/div>\n\t\t\t<\/div>\n\t\t\t<div class=\"WooZone-cross-sell-loader-text\"><\/div>\n\t\t<\/div>\n\t<\/div>\n\n\t\t\n<\/div>\n<div style=\"clear:both;\"><\/div><\/p>\n","protected":false},"excerpt":{"rendered":"<p>\u3016PASST F\u00dcR DEN MEISTEN STUHL\u3017 &#8211; Stielgr\u00f6\u00dfe von 11 mm x 22 mm passt f\u00fcr alle Rollst\u00fchle mit 11mm Stiften.(Achtung !!! IKEA benutzt 10mm Rollen, auch viele B\u00fcrost\u00fchle haben 10 mm Bohrung, also bitte bevor dem Kauf nachmessen)<br \/>\n\u3016SICHER F\u00dcR ALLE HARTEN B\u00d6DEN\u3017 &#8211; Gummir\u00e4der bietet eine glattere und leisere Erfahrung, egal ob bei der Arbeit oder zu Hause. Nie Wieder Bodenschutzmatte &#8211; Keine Kratzer im Boden(zB. Fliesen, Parkett, Laminat, Holz, Marmor, Granit, Stein, Beton oder Vinyl-Boden) mit diesen Premium Rollen<br \/>\n\u3016EINFACHE INSTALLATION\u3017 &#8211; Das Paket enth\u00e4lt eine Spitzzange f\u00fcr die Installation. Ziehen Sie einfach die B\u00fcrorollenr\u00e4der von der Stuhlbasis ab und ersetzen Sie sie mit dem mitgelieferten Installationswerkzeug durch die neuen. Die Fertigstellung dauert sogar weniger als eine Minute<\/p>\n","protected":false},"featured_media":76729,"comment_status":"open","ping_status":"closed","template":"","meta":[],"product_brand":[],"product_cat":[504,8312],"product_tag":[],"class_list":{"0":"post-76728","1":"product","2":"type-product","3":"status-publish","4":"has-post-thumbnail","6":"product_cat-buerobedarf-schreibwaren","7":"product_cat-bueromoebel-beleuchtung","8":"pa_brand-miiuewuo","10":"first","11":"instock","12":"shipping-taxable","13":"purchasable","14":"product-type-simple","15":"customify-col","16":"product-has-gallery"},"yoast_head":"<!-- This site is optimized with the Yoast SEO plugin v27.4 - https:\/\/yoast.com\/product\/yoast-seo-wordpress\/ -->\n<title>5er Set Hartboden Rollen f\u00fcr B\u00fcrostuhl Schreibtisch Stuhl B\u00fcrostuhlrollen Ruhiges Drehstuhlrollen Gummi Ersatz R\u00e4der 11x\u2026 - Markt-XXL<\/title>\n<meta name=\"description\" content=\"Markt-XXL 5er Set Hartboden Rollen f\u00fcr B\u00fcrostuhl Schreibtisch Stuhl B\u00fcrostuhlrollen Ruhiges Drehstuhlrollen Gummi Ersatz R\u00e4der 11x\u2026\" \/>\n<meta name=\"robots\" content=\"index, follow, max-snippet:-1, max-image-preview:large, max-video-preview:-1\" \/>\n<link rel=\"canonical\" href=\"https:\/\/marktxxl.de\/markt\/produkt\/5er-set-hartboden-rollen-fuer-buerostuhl-schreibtisch-stuhl-buerostuhlrollen-ruhiges-drehstuhlrollen-gummi-ersatz-raeder-11x-22mm-schwarz\/\" \/>\n<meta property=\"og:locale\" content=\"de_DE\" \/>\n<meta property=\"og:type\" content=\"article\" \/>\n<meta property=\"og:title\" content=\"5er Set Hartboden Rollen f\u00fcr B\u00fcrostuhl Schreibtisch Stuhl B\u00fcrostuhlrollen Ruhiges Drehstuhlrollen Gummi Ersatz R\u00e4der 11x\u2026 - Markt-XXL\" \/>\n<meta property=\"og:description\" content=\"Markt-XXL 5er Set Hartboden Rollen f\u00fcr B\u00fcrostuhl Schreibtisch Stuhl B\u00fcrostuhlrollen Ruhiges Drehstuhlrollen Gummi Ersatz R\u00e4der 11x\u2026\" \/>\n<meta property=\"og:url\" content=\"https:\/\/marktxxl.de\/markt\/produkt\/5er-set-hartboden-rollen-fuer-buerostuhl-schreibtisch-stuhl-buerostuhlrollen-ruhiges-drehstuhlrollen-gummi-ersatz-raeder-11x-22mm-schwarz\/\" \/>\n<meta property=\"og:site_name\" content=\"Markt-XXL\" \/>\n<meta property=\"article:modified_time\" content=\"2023-04-11T00:51:20+00:00\" \/>\n<meta property=\"og:image\" content=\"https:\/\/m.media-amazon.com\/images\/I\/416ZgJoUwQS._SL500_.jpg\" \/>\n\t<meta property=\"og:image:width\" content=\"500\" \/>\n\t<meta property=\"og:image:height\" content=\"500\" \/>\n\t<meta property=\"og:image:type\" content=\"image\/jpeg\" \/>\n<meta name=\"twitter:card\" content=\"summary_large_image\" \/>\n<meta name=\"twitter:label1\" content=\"Gesch\u00e4tzte Lesezeit\" \/>\n\t<meta name=\"twitter:data1\" content=\"1\u00a0Minute\" \/>\n<script type=\"application\/ld+json\" class=\"yoast-schema-graph\">{\"@context\":\"https:\\\/\\\/schema.org\",\"@graph\":[{\"@type\":\"WebPage\",\"@id\":\"https:\\\/\\\/marktxxl.de\\\/markt\\\/produkt\\\/5er-set-hartboden-rollen-fuer-buerostuhl-schreibtisch-stuhl-buerostuhlrollen-ruhiges-drehstuhlrollen-gummi-ersatz-raeder-11x-22mm-schwarz\\\/\",\"url\":\"https:\\\/\\\/marktxxl.de\\\/markt\\\/produkt\\\/5er-set-hartboden-rollen-fuer-buerostuhl-schreibtisch-stuhl-buerostuhlrollen-ruhiges-drehstuhlrollen-gummi-ersatz-raeder-11x-22mm-schwarz\\\/\",\"name\":\"5er Set Hartboden Rollen f\u00fcr B\u00fcrostuhl Schreibtisch Stuhl B\u00fcrostuhlrollen Ruhiges Drehstuhlrollen Gummi Ersatz R\u00e4der 11x\u2026 - Markt-XXL\",\"isPartOf\":{\"@id\":\"https:\\\/\\\/marktxxl.de\\\/markt\\\/#website\"},\"primaryImageOfPage\":{\"@id\":\"https:\\\/\\\/marktxxl.de\\\/markt\\\/produkt\\\/5er-set-hartboden-rollen-fuer-buerostuhl-schreibtisch-stuhl-buerostuhlrollen-ruhiges-drehstuhlrollen-gummi-ersatz-raeder-11x-22mm-schwarz\\\/#primaryimage\"},\"image\":{\"@id\":\"https:\\\/\\\/marktxxl.de\\\/markt\\\/produkt\\\/5er-set-hartboden-rollen-fuer-buerostuhl-schreibtisch-stuhl-buerostuhlrollen-ruhiges-drehstuhlrollen-gummi-ersatz-raeder-11x-22mm-schwarz\\\/#primaryimage\"},\"thumbnailUrl\":\"https:\\\/\\\/m.media-amazon.com\\\/images\\\/I\\\/416ZgJoUwQS._SL500_.jpg\",\"datePublished\":\"2021-11-25T13:49:58+00:00\",\"dateModified\":\"2023-04-11T00:51:20+00:00\",\"description\":\"Markt-XXL 5er Set Hartboden Rollen f\u00fcr B\u00fcrostuhl Schreibtisch Stuhl B\u00fcrostuhlrollen Ruhiges Drehstuhlrollen Gummi Ersatz R\u00e4der 11x\u2026\",\"breadcrumb\":{\"@id\":\"https:\\\/\\\/marktxxl.de\\\/markt\\\/produkt\\\/5er-set-hartboden-rollen-fuer-buerostuhl-schreibtisch-stuhl-buerostuhlrollen-ruhiges-drehstuhlrollen-gummi-ersatz-raeder-11x-22mm-schwarz\\\/#breadcrumb\"},\"inLanguage\":\"de\",\"potentialAction\":[{\"@type\":\"ReadAction\",\"target\":[\"https:\\\/\\\/marktxxl.de\\\/markt\\\/produkt\\\/5er-set-hartboden-rollen-fuer-buerostuhl-schreibtisch-stuhl-buerostuhlrollen-ruhiges-drehstuhlrollen-gummi-ersatz-raeder-11x-22mm-schwarz\\\/\"]}]},{\"@type\":\"ImageObject\",\"inLanguage\":\"de\",\"@id\":\"https:\\\/\\\/marktxxl.de\\\/markt\\\/produkt\\\/5er-set-hartboden-rollen-fuer-buerostuhl-schreibtisch-stuhl-buerostuhlrollen-ruhiges-drehstuhlrollen-gummi-ersatz-raeder-11x-22mm-schwarz\\\/#primaryimage\",\"url\":\"https:\\\/\\\/m.media-amazon.com\\\/images\\\/I\\\/416ZgJoUwQS._SL500_.jpg\",\"contentUrl\":\"https:\\\/\\\/m.media-amazon.com\\\/images\\\/I\\\/416ZgJoUwQS._SL500_.jpg\",\"width\":500,\"height\":500},{\"@type\":\"BreadcrumbList\",\"@id\":\"https:\\\/\\\/marktxxl.de\\\/markt\\\/produkt\\\/5er-set-hartboden-rollen-fuer-buerostuhl-schreibtisch-stuhl-buerostuhlrollen-ruhiges-drehstuhlrollen-gummi-ersatz-raeder-11x-22mm-schwarz\\\/#breadcrumb\",\"itemListElement\":[{\"@type\":\"ListItem\",\"position\":1,\"name\":\"Startseite\",\"item\":\"https:\\\/\\\/marktxxl.de\\\/markt\\\/\"},{\"@type\":\"ListItem\",\"position\":2,\"name\":\"Markt\",\"item\":\"https:\\\/\\\/marktxxl.de\\\/markt\\\/\"},{\"@type\":\"ListItem\",\"position\":3,\"name\":\"5er Set Hartboden Rollen f\u00fcr B\u00fcrostuhl Schreibtisch Stuhl B\u00fcrostuhlrollen Ruhiges Drehstuhlrollen Gummi Ersatz R\u00e4der 11x\u2026\"}]},{\"@type\":\"WebSite\",\"@id\":\"https:\\\/\\\/marktxxl.de\\\/markt\\\/#website\",\"url\":\"https:\\\/\\\/marktxxl.de\\\/markt\\\/\",\"name\":\"Markt-XXL\",\"description\":\"Ihr Markt Online\",\"publisher\":{\"@id\":\"https:\\\/\\\/marktxxl.de\\\/markt\\\/#organization\"},\"potentialAction\":[{\"@type\":\"SearchAction\",\"target\":{\"@type\":\"EntryPoint\",\"urlTemplate\":\"https:\\\/\\\/marktxxl.de\\\/markt\\\/?s={search_term_string}\"},\"query-input\":{\"@type\":\"PropertyValueSpecification\",\"valueRequired\":true,\"valueName\":\"search_term_string\"}}],\"inLanguage\":\"de\"},{\"@type\":\"Organization\",\"@id\":\"https:\\\/\\\/marktxxl.de\\\/markt\\\/#organization\",\"name\":\"Markt-XXL\",\"url\":\"https:\\\/\\\/marktxxl.de\\\/markt\\\/\",\"logo\":{\"@type\":\"ImageObject\",\"inLanguage\":\"de\",\"@id\":\"https:\\\/\\\/marktxxl.de\\\/markt\\\/#\\\/schema\\\/logo\\\/image\\\/\",\"url\":\"https:\\\/\\\/marktxxl.de\\\/markt\\\/wp-content\\\/uploads\\\/sites\\\/3\\\/2020\\\/12\\\/logo.png\",\"contentUrl\":\"https:\\\/\\\/marktxxl.de\\\/markt\\\/wp-content\\\/uploads\\\/sites\\\/3\\\/2020\\\/12\\\/logo.png\",\"width\":200,\"height\":70,\"caption\":\"Markt-XXL\"},\"image\":{\"@id\":\"https:\\\/\\\/marktxxl.de\\\/markt\\\/#\\\/schema\\\/logo\\\/image\\\/\"}}]}<\/script>\n<!-- \/ Yoast SEO plugin. -->","yoast_head_json":{"title":"5er Set Hartboden Rollen f\u00fcr B\u00fcrostuhl Schreibtisch Stuhl B\u00fcrostuhlrollen Ruhiges Drehstuhlrollen Gummi Ersatz R\u00e4der 11x\u2026 - Markt-XXL","description":"Markt-XXL 5er Set Hartboden Rollen f\u00fcr B\u00fcrostuhl Schreibtisch Stuhl B\u00fcrostuhlrollen Ruhiges Drehstuhlrollen Gummi Ersatz R\u00e4der 11x\u2026","robots":{"index":"index","follow":"follow","max-snippet":"max-snippet:-1","max-image-preview":"max-image-preview:large","max-video-preview":"max-video-preview:-1"},"canonical":"https:\/\/marktxxl.de\/markt\/produkt\/5er-set-hartboden-rollen-fuer-buerostuhl-schreibtisch-stuhl-buerostuhlrollen-ruhiges-drehstuhlrollen-gummi-ersatz-raeder-11x-22mm-schwarz\/","og_locale":"de_DE","og_type":"article","og_title":"5er Set Hartboden Rollen f\u00fcr B\u00fcrostuhl Schreibtisch Stuhl B\u00fcrostuhlrollen Ruhiges Drehstuhlrollen Gummi Ersatz R\u00e4der 11x\u2026 - Markt-XXL","og_description":"Markt-XXL 5er Set Hartboden Rollen f\u00fcr B\u00fcrostuhl Schreibtisch Stuhl B\u00fcrostuhlrollen Ruhiges Drehstuhlrollen Gummi Ersatz R\u00e4der 11x\u2026","og_url":"https:\/\/marktxxl.de\/markt\/produkt\/5er-set-hartboden-rollen-fuer-buerostuhl-schreibtisch-stuhl-buerostuhlrollen-ruhiges-drehstuhlrollen-gummi-ersatz-raeder-11x-22mm-schwarz\/","og_site_name":"Markt-XXL","article_modified_time":"2023-04-11T00:51:20+00:00","og_image":[{"width":500,"height":500,"url":"https:\/\/m.media-amazon.com\/images\/I\/416ZgJoUwQS._SL500_.jpg","type":"image\/jpeg"}],"twitter_card":"summary_large_image","twitter_misc":{"Gesch\u00e4tzte Lesezeit":"1\u00a0Minute"},"schema":{"@context":"https:\/\/schema.org","@graph":[{"@type":"WebPage","@id":"https:\/\/marktxxl.de\/markt\/produkt\/5er-set-hartboden-rollen-fuer-buerostuhl-schreibtisch-stuhl-buerostuhlrollen-ruhiges-drehstuhlrollen-gummi-ersatz-raeder-11x-22mm-schwarz\/","url":"https:\/\/marktxxl.de\/markt\/produkt\/5er-set-hartboden-rollen-fuer-buerostuhl-schreibtisch-stuhl-buerostuhlrollen-ruhiges-drehstuhlrollen-gummi-ersatz-raeder-11x-22mm-schwarz\/","name":"5er Set Hartboden Rollen f\u00fcr B\u00fcrostuhl Schreibtisch Stuhl B\u00fcrostuhlrollen Ruhiges Drehstuhlrollen Gummi Ersatz R\u00e4der 11x\u2026 - Markt-XXL","isPartOf":{"@id":"https:\/\/marktxxl.de\/markt\/#website"},"primaryImageOfPage":{"@id":"https:\/\/marktxxl.de\/markt\/produkt\/5er-set-hartboden-rollen-fuer-buerostuhl-schreibtisch-stuhl-buerostuhlrollen-ruhiges-drehstuhlrollen-gummi-ersatz-raeder-11x-22mm-schwarz\/#primaryimage"},"image":{"@id":"https:\/\/marktxxl.de\/markt\/produkt\/5er-set-hartboden-rollen-fuer-buerostuhl-schreibtisch-stuhl-buerostuhlrollen-ruhiges-drehstuhlrollen-gummi-ersatz-raeder-11x-22mm-schwarz\/#primaryimage"},"thumbnailUrl":"https:\/\/m.media-amazon.com\/images\/I\/416ZgJoUwQS._SL500_.jpg","datePublished":"2021-11-25T13:49:58+00:00","dateModified":"2023-04-11T00:51:20+00:00","description":"Markt-XXL 5er Set Hartboden Rollen f\u00fcr B\u00fcrostuhl Schreibtisch Stuhl B\u00fcrostuhlrollen Ruhiges Drehstuhlrollen Gummi Ersatz R\u00e4der 11x\u2026","breadcrumb":{"@id":"https:\/\/marktxxl.de\/markt\/produkt\/5er-set-hartboden-rollen-fuer-buerostuhl-schreibtisch-stuhl-buerostuhlrollen-ruhiges-drehstuhlrollen-gummi-ersatz-raeder-11x-22mm-schwarz\/#breadcrumb"},"inLanguage":"de","potentialAction":[{"@type":"ReadAction","target":["https:\/\/marktxxl.de\/markt\/produkt\/5er-set-hartboden-rollen-fuer-buerostuhl-schreibtisch-stuhl-buerostuhlrollen-ruhiges-drehstuhlrollen-gummi-ersatz-raeder-11x-22mm-schwarz\/"]}]},{"@type":"ImageObject","inLanguage":"de","@id":"https:\/\/marktxxl.de\/markt\/produkt\/5er-set-hartboden-rollen-fuer-buerostuhl-schreibtisch-stuhl-buerostuhlrollen-ruhiges-drehstuhlrollen-gummi-ersatz-raeder-11x-22mm-schwarz\/#primaryimage","url":"https:\/\/m.media-amazon.com\/images\/I\/416ZgJoUwQS._SL500_.jpg","contentUrl":"https:\/\/m.media-amazon.com\/images\/I\/416ZgJoUwQS._SL500_.jpg","width":500,"height":500},{"@type":"BreadcrumbList","@id":"https:\/\/marktxxl.de\/markt\/produkt\/5er-set-hartboden-rollen-fuer-buerostuhl-schreibtisch-stuhl-buerostuhlrollen-ruhiges-drehstuhlrollen-gummi-ersatz-raeder-11x-22mm-schwarz\/#breadcrumb","itemListElement":[{"@type":"ListItem","position":1,"name":"Startseite","item":"https:\/\/marktxxl.de\/markt\/"},{"@type":"ListItem","position":2,"name":"Markt","item":"https:\/\/marktxxl.de\/markt\/"},{"@type":"ListItem","position":3,"name":"5er Set Hartboden Rollen f\u00fcr B\u00fcrostuhl Schreibtisch Stuhl B\u00fcrostuhlrollen Ruhiges Drehstuhlrollen Gummi Ersatz R\u00e4der 11x\u2026"}]},{"@type":"WebSite","@id":"https:\/\/marktxxl.de\/markt\/#website","url":"https:\/\/marktxxl.de\/markt\/","name":"Markt-XXL","description":"Ihr Markt Online","publisher":{"@id":"https:\/\/marktxxl.de\/markt\/#organization"},"potentialAction":[{"@type":"SearchAction","target":{"@type":"EntryPoint","urlTemplate":"https:\/\/marktxxl.de\/markt\/?s={search_term_string}"},"query-input":{"@type":"PropertyValueSpecification","valueRequired":true,"valueName":"search_term_string"}}],"inLanguage":"de"},{"@type":"Organization","@id":"https:\/\/marktxxl.de\/markt\/#organization","name":"Markt-XXL","url":"https:\/\/marktxxl.de\/markt\/","logo":{"@type":"ImageObject","inLanguage":"de","@id":"https:\/\/marktxxl.de\/markt\/#\/schema\/logo\/image\/","url":"https:\/\/marktxxl.de\/markt\/wp-content\/uploads\/sites\/3\/2020\/12\/logo.png","contentUrl":"https:\/\/marktxxl.de\/markt\/wp-content\/uploads\/sites\/3\/2020\/12\/logo.png","width":200,"height":70,"caption":"Markt-XXL"},"image":{"@id":"https:\/\/marktxxl.de\/markt\/#\/schema\/logo\/image\/"}}]}},"_links":{"self":[{"href":"https:\/\/marktxxl.de\/markt\/wp-json\/wp\/v2\/product\/76728","targetHints":{"allow":["GET"]}}],"collection":[{"href":"https:\/\/marktxxl.de\/markt\/wp-json\/wp\/v2\/product"}],"about":[{"href":"https:\/\/marktxxl.de\/markt\/wp-json\/wp\/v2\/types\/product"}],"replies":[{"embeddable":true,"href":"https:\/\/marktxxl.de\/markt\/wp-json\/wp\/v2\/comments?post=76728"}],"wp:featuredmedia":[{"embeddable":true,"href":"https:\/\/marktxxl.de\/markt\/wp-json\/wp\/v2\/media\/76729"}],"wp:attachment":[{"href":"https:\/\/marktxxl.de\/markt\/wp-json\/wp\/v2\/media?parent=76728"}],"wp:term":[{"taxonomy":"product_brand","embeddable":true,"href":"https:\/\/marktxxl.de\/markt\/wp-json\/wp\/v2\/product_brand?post=76728"},{"taxonomy":"product_cat","embeddable":true,"href":"https:\/\/marktxxl.de\/markt\/wp-json\/wp\/v2\/product_cat?post=76728"},{"taxonomy":"product_tag","embeddable":true,"href":"https:\/\/marktxxl.de\/markt\/wp-json\/wp\/v2\/product_tag?post=76728"}],"curies":[{"name":"wp","href":"https:\/\/api.w.org\/{rel}","templated":true}]}}