{"id":76646,"date":"2021-11-25T14:46:05","date_gmt":"2021-11-25T13:46:05","guid":{"rendered":"https:\/\/marktxxl.de\/markt\/produkt\/erik-wandkalender-star-wars-the-mandalorian-baby-yoda-kalender-2021\/"},"modified":"2023-04-11T02:51:19","modified_gmt":"2023-04-11T00:51:19","slug":"erik-wandkalender-star-wars-the-mandalorian-baby-yoda-kalender-2021","status":"publish","type":"product","link":"https:\/\/marktxxl.de\/markt\/produkt\/erik-wandkalender-star-wars-the-mandalorian-baby-yoda-kalender-2021\/","title":{"rendered":"Erik Wandkalender Star Wars The Mandalorian Baby Yoda &#8211; Kalender 2021"},"content":{"rendered":"<p>Kalender 2021 von Baby Yoda aus The Mandalorian ist ideal f\u00fcr jeden Star Wars Fan, mit 12 sch\u00f6nen Bildern, eines pro Monat. Plane und organisiere mit einer der angesagtesten Figuren des Moments: Baby Yoda<br \/>\nIdealer Kalender zum Planen und Notieren von Terminen und Aktivit\u00e4ten, verbesseren Sie ihr Zeitmanagement. Die Gr\u00f6\u00dfe betr\u00e4gt geschlossen 30 x 30 cm und ge\u00f6ffnet 30 x 60 cm. Der Kalender ist international und sechssprachig gehalten: Englisch, Spanisch, Deutsch, Franz\u00f6sisch, Portugiesisch und Italienisch. Die nationalen deutschen Feiertage sind eingetragen<br \/>\nEin klassischer quadratischer Kalender zum Aufh\u00e4ngen, ideal zum planen und organisieren des Alltags, den ganzen Monat auf einem Blick. Es handelt sich um einen Jahreskalender f\u00fcr 2021 von Januar bis Dezember mit einem ansprechenden Design. Au\u00dferdem verf\u00fcgt dieser Kalender \u00fcber ein kleines Poster als Geschenk f\u00fcr Sie<br \/>\nWir achten sorgf\u00e4ltig darauf, dass die Produkte gut verpackt und gesch\u00fctzt sind, um eine reibungslose Lieferung zu gew\u00e4hrleisten<br \/>\nGrupo Erik &#8211; Unsere Produkte sind nur aus den besten Materialien gefertigt, die sich durch ihre hochwertige und langhaltige Qualit\u00e4t unterscheiden. Immer mit 100 % offiziellen Lizenzen<br \/>\n<div class=\"main-cross-sell\" data-asin=\"B08F1P51DZ\">\n\n\t<div class=\"WooZone-cross-sell-loader\">\n\t\t<div>\n\t\t\t<div id=\"floatingBarsG\">\n\t\t\t\t<div class=\"blockG\" id=\"rotateG_01\"><\/div>\n\t\t\t\t<div class=\"blockG\" id=\"rotateG_02\"><\/div>\n\t\t\t\t<div class=\"blockG\" id=\"rotateG_03\"><\/div>\n\t\t\t\t<div class=\"blockG\" id=\"rotateG_04\"><\/div>\n\t\t\t\t<div class=\"blockG\" id=\"rotateG_05\"><\/div>\n\t\t\t\t<div class=\"blockG\" id=\"rotateG_06\"><\/div>\n\t\t\t\t<div class=\"blockG\" id=\"rotateG_07\"><\/div>\n\t\t\t\t<div class=\"blockG\" id=\"rotateG_08\"><\/div>\n\t\t\t<\/div>\n\t\t\t<div class=\"WooZone-cross-sell-loader-text\"><\/div>\n\t\t<\/div>\n\t<\/div>\n\n\t\t\n<\/div>\n<div style=\"clear:both;\"><\/div><\/p>\n","protected":false},"excerpt":{"rendered":"<p>Kalender 2021 von Baby Yoda aus The Mandalorian ist ideal f\u00fcr jeden Star Wars Fan, mit 12 sch\u00f6nen Bildern, eines pro Monat. Plane und organisiere mit einer der angesagtesten Figuren des Moments: Baby Yoda<br \/>\nIdealer Kalender zum Planen und Notieren von Terminen und Aktivit\u00e4ten, verbesseren Sie ihr Zeitmanagement. Die Gr\u00f6\u00dfe betr\u00e4gt geschlossen 30 x 30 cm und ge\u00f6ffnet 30 x 60 cm. Der Kalender ist international und sechssprachig gehalten: Englisch, Spanisch, Deutsch, Franz\u00f6sisch, Portugiesisch und Italienisch. Die nationalen deutschen Feiertage sind eingetragen<br \/>\nEin klassischer quadratischer Kalender zum Aufh\u00e4ngen, ideal zum planen und organisieren des Alltags, den ganzen Monat auf einem Blick. Es handelt sich um einen Jahreskalender f\u00fcr 2021 von Januar bis Dezember mit einem ansprechenden Design. Au\u00dferdem verf\u00fcgt dieser Kalender \u00fcber ein kleines Poster als Geschenk f\u00fcr Sie<\/p>\n","protected":false},"featured_media":76647,"comment_status":"open","ping_status":"closed","template":"","meta":[],"product_brand":[],"product_cat":[504,8381],"product_tag":[],"class_list":{"0":"post-76646","1":"product","2":"type-product","3":"status-publish","4":"has-post-thumbnail","6":"product_cat-buerobedarf-schreibwaren","7":"product_cat-kalender-planer-und-organizer","8":"pa_binding-buerobedarf-schreibwaren","9":"pa_brand-grupo-erik","10":"pa_color-bunt","11":"pa_height-0-1968503935-zoll","12":"pa_length-11-81102361-zoll","13":"pa_manufacturer-grupo-erik","14":"pa_model-cp21071","15":"pa_warranty-herstellergarantie","16":"pa_width-11-81102361-zoll","18":"first","19":"instock","20":"shipping-taxable","21":"purchasable","22":"product-type-simple","23":"customify-col","24":"product-has-gallery"},"yoast_head":"<!-- This site is optimized with the Yoast SEO plugin v27.3 - https:\/\/yoast.com\/product\/yoast-seo-wordpress\/ -->\n<title>Erik Wandkalender Star Wars The Mandalorian Baby Yoda - Kalender 2021 - Markt-XXL<\/title>\n<meta name=\"description\" content=\"Markt-XXL Erik Wandkalender Star Wars The Mandalorian Baby Yoda - Kalender 2021\" \/>\n<meta name=\"robots\" content=\"index, follow, max-snippet:-1, max-image-preview:large, max-video-preview:-1\" \/>\n<link rel=\"canonical\" href=\"https:\/\/marktxxl.de\/markt\/produkt\/erik-wandkalender-star-wars-the-mandalorian-baby-yoda-kalender-2021\/\" \/>\n<meta property=\"og:locale\" content=\"de_DE\" \/>\n<meta property=\"og:type\" content=\"article\" \/>\n<meta property=\"og:title\" content=\"Erik Wandkalender Star Wars The Mandalorian Baby Yoda - Kalender 2021 - Markt-XXL\" \/>\n<meta property=\"og:description\" content=\"Markt-XXL Erik Wandkalender Star Wars The Mandalorian Baby Yoda - Kalender 2021\" \/>\n<meta property=\"og:url\" content=\"https:\/\/marktxxl.de\/markt\/produkt\/erik-wandkalender-star-wars-the-mandalorian-baby-yoda-kalender-2021\/\" \/>\n<meta property=\"og:site_name\" content=\"Markt-XXL\" \/>\n<meta property=\"article:modified_time\" content=\"2023-04-11T00:51:19+00:00\" \/>\n<meta property=\"og:image\" content=\"https:\/\/m.media-amazon.com\/images\/I\/51Ss5jOhhBL._SL500_.jpg\" \/>\n\t<meta property=\"og:image:width\" content=\"500\" \/>\n\t<meta property=\"og:image:height\" content=\"500\" \/>\n\t<meta property=\"og:image:type\" content=\"image\/jpeg\" \/>\n<meta name=\"twitter:card\" content=\"summary_large_image\" \/>\n<meta name=\"twitter:label1\" content=\"Gesch\u00e4tzte Lesezeit\" \/>\n\t<meta name=\"twitter:data1\" content=\"1\u00a0Minute\" \/>\n<script type=\"application\/ld+json\" class=\"yoast-schema-graph\">{\"@context\":\"https:\\\/\\\/schema.org\",\"@graph\":[{\"@type\":\"WebPage\",\"@id\":\"https:\\\/\\\/marktxxl.de\\\/markt\\\/produkt\\\/erik-wandkalender-star-wars-the-mandalorian-baby-yoda-kalender-2021\\\/\",\"url\":\"https:\\\/\\\/marktxxl.de\\\/markt\\\/produkt\\\/erik-wandkalender-star-wars-the-mandalorian-baby-yoda-kalender-2021\\\/\",\"name\":\"Erik Wandkalender Star Wars The Mandalorian Baby Yoda - Kalender 2021 - Markt-XXL\",\"isPartOf\":{\"@id\":\"https:\\\/\\\/marktxxl.de\\\/markt\\\/#website\"},\"primaryImageOfPage\":{\"@id\":\"https:\\\/\\\/marktxxl.de\\\/markt\\\/produkt\\\/erik-wandkalender-star-wars-the-mandalorian-baby-yoda-kalender-2021\\\/#primaryimage\"},\"image\":{\"@id\":\"https:\\\/\\\/marktxxl.de\\\/markt\\\/produkt\\\/erik-wandkalender-star-wars-the-mandalorian-baby-yoda-kalender-2021\\\/#primaryimage\"},\"thumbnailUrl\":\"https:\\\/\\\/m.media-amazon.com\\\/images\\\/I\\\/51Ss5jOhhBL._SL500_.jpg\",\"datePublished\":\"2021-11-25T13:46:05+00:00\",\"dateModified\":\"2023-04-11T00:51:19+00:00\",\"description\":\"Markt-XXL Erik Wandkalender Star Wars The Mandalorian Baby Yoda - Kalender 2021\",\"breadcrumb\":{\"@id\":\"https:\\\/\\\/marktxxl.de\\\/markt\\\/produkt\\\/erik-wandkalender-star-wars-the-mandalorian-baby-yoda-kalender-2021\\\/#breadcrumb\"},\"inLanguage\":\"de\",\"potentialAction\":[{\"@type\":\"ReadAction\",\"target\":[\"https:\\\/\\\/marktxxl.de\\\/markt\\\/produkt\\\/erik-wandkalender-star-wars-the-mandalorian-baby-yoda-kalender-2021\\\/\"]}]},{\"@type\":\"ImageObject\",\"inLanguage\":\"de\",\"@id\":\"https:\\\/\\\/marktxxl.de\\\/markt\\\/produkt\\\/erik-wandkalender-star-wars-the-mandalorian-baby-yoda-kalender-2021\\\/#primaryimage\",\"url\":\"https:\\\/\\\/m.media-amazon.com\\\/images\\\/I\\\/51Ss5jOhhBL._SL500_.jpg\",\"contentUrl\":\"https:\\\/\\\/m.media-amazon.com\\\/images\\\/I\\\/51Ss5jOhhBL._SL500_.jpg\",\"width\":500,\"height\":500},{\"@type\":\"BreadcrumbList\",\"@id\":\"https:\\\/\\\/marktxxl.de\\\/markt\\\/produkt\\\/erik-wandkalender-star-wars-the-mandalorian-baby-yoda-kalender-2021\\\/#breadcrumb\",\"itemListElement\":[{\"@type\":\"ListItem\",\"position\":1,\"name\":\"Startseite\",\"item\":\"https:\\\/\\\/marktxxl.de\\\/markt\\\/\"},{\"@type\":\"ListItem\",\"position\":2,\"name\":\"Markt\",\"item\":\"https:\\\/\\\/marktxxl.de\\\/markt\\\/\"},{\"@type\":\"ListItem\",\"position\":3,\"name\":\"Erik Wandkalender Star Wars The Mandalorian Baby Yoda &#8211; Kalender 2021\"}]},{\"@type\":\"WebSite\",\"@id\":\"https:\\\/\\\/marktxxl.de\\\/markt\\\/#website\",\"url\":\"https:\\\/\\\/marktxxl.de\\\/markt\\\/\",\"name\":\"Markt-XXL\",\"description\":\"Ihr Markt Online\",\"publisher\":{\"@id\":\"https:\\\/\\\/marktxxl.de\\\/markt\\\/#organization\"},\"potentialAction\":[{\"@type\":\"SearchAction\",\"target\":{\"@type\":\"EntryPoint\",\"urlTemplate\":\"https:\\\/\\\/marktxxl.de\\\/markt\\\/?s={search_term_string}\"},\"query-input\":{\"@type\":\"PropertyValueSpecification\",\"valueRequired\":true,\"valueName\":\"search_term_string\"}}],\"inLanguage\":\"de\"},{\"@type\":\"Organization\",\"@id\":\"https:\\\/\\\/marktxxl.de\\\/markt\\\/#organization\",\"name\":\"Markt-XXL\",\"url\":\"https:\\\/\\\/marktxxl.de\\\/markt\\\/\",\"logo\":{\"@type\":\"ImageObject\",\"inLanguage\":\"de\",\"@id\":\"https:\\\/\\\/marktxxl.de\\\/markt\\\/#\\\/schema\\\/logo\\\/image\\\/\",\"url\":\"https:\\\/\\\/marktxxl.de\\\/markt\\\/wp-content\\\/uploads\\\/sites\\\/3\\\/2020\\\/12\\\/logo.png\",\"contentUrl\":\"https:\\\/\\\/marktxxl.de\\\/markt\\\/wp-content\\\/uploads\\\/sites\\\/3\\\/2020\\\/12\\\/logo.png\",\"width\":200,\"height\":70,\"caption\":\"Markt-XXL\"},\"image\":{\"@id\":\"https:\\\/\\\/marktxxl.de\\\/markt\\\/#\\\/schema\\\/logo\\\/image\\\/\"}}]}<\/script>\n<!-- \/ Yoast SEO plugin. -->","yoast_head_json":{"title":"Erik Wandkalender Star Wars The Mandalorian Baby Yoda - Kalender 2021 - Markt-XXL","description":"Markt-XXL Erik Wandkalender Star Wars The Mandalorian Baby Yoda - Kalender 2021","robots":{"index":"index","follow":"follow","max-snippet":"max-snippet:-1","max-image-preview":"max-image-preview:large","max-video-preview":"max-video-preview:-1"},"canonical":"https:\/\/marktxxl.de\/markt\/produkt\/erik-wandkalender-star-wars-the-mandalorian-baby-yoda-kalender-2021\/","og_locale":"de_DE","og_type":"article","og_title":"Erik Wandkalender Star Wars The Mandalorian Baby Yoda - Kalender 2021 - Markt-XXL","og_description":"Markt-XXL Erik Wandkalender Star Wars The Mandalorian Baby Yoda - Kalender 2021","og_url":"https:\/\/marktxxl.de\/markt\/produkt\/erik-wandkalender-star-wars-the-mandalorian-baby-yoda-kalender-2021\/","og_site_name":"Markt-XXL","article_modified_time":"2023-04-11T00:51:19+00:00","og_image":[{"width":500,"height":500,"url":"https:\/\/m.media-amazon.com\/images\/I\/51Ss5jOhhBL._SL500_.jpg","type":"image\/jpeg"}],"twitter_card":"summary_large_image","twitter_misc":{"Gesch\u00e4tzte Lesezeit":"1\u00a0Minute"},"schema":{"@context":"https:\/\/schema.org","@graph":[{"@type":"WebPage","@id":"https:\/\/marktxxl.de\/markt\/produkt\/erik-wandkalender-star-wars-the-mandalorian-baby-yoda-kalender-2021\/","url":"https:\/\/marktxxl.de\/markt\/produkt\/erik-wandkalender-star-wars-the-mandalorian-baby-yoda-kalender-2021\/","name":"Erik Wandkalender Star Wars The Mandalorian Baby Yoda - Kalender 2021 - Markt-XXL","isPartOf":{"@id":"https:\/\/marktxxl.de\/markt\/#website"},"primaryImageOfPage":{"@id":"https:\/\/marktxxl.de\/markt\/produkt\/erik-wandkalender-star-wars-the-mandalorian-baby-yoda-kalender-2021\/#primaryimage"},"image":{"@id":"https:\/\/marktxxl.de\/markt\/produkt\/erik-wandkalender-star-wars-the-mandalorian-baby-yoda-kalender-2021\/#primaryimage"},"thumbnailUrl":"https:\/\/m.media-amazon.com\/images\/I\/51Ss5jOhhBL._SL500_.jpg","datePublished":"2021-11-25T13:46:05+00:00","dateModified":"2023-04-11T00:51:19+00:00","description":"Markt-XXL Erik Wandkalender Star Wars The Mandalorian Baby Yoda - Kalender 2021","breadcrumb":{"@id":"https:\/\/marktxxl.de\/markt\/produkt\/erik-wandkalender-star-wars-the-mandalorian-baby-yoda-kalender-2021\/#breadcrumb"},"inLanguage":"de","potentialAction":[{"@type":"ReadAction","target":["https:\/\/marktxxl.de\/markt\/produkt\/erik-wandkalender-star-wars-the-mandalorian-baby-yoda-kalender-2021\/"]}]},{"@type":"ImageObject","inLanguage":"de","@id":"https:\/\/marktxxl.de\/markt\/produkt\/erik-wandkalender-star-wars-the-mandalorian-baby-yoda-kalender-2021\/#primaryimage","url":"https:\/\/m.media-amazon.com\/images\/I\/51Ss5jOhhBL._SL500_.jpg","contentUrl":"https:\/\/m.media-amazon.com\/images\/I\/51Ss5jOhhBL._SL500_.jpg","width":500,"height":500},{"@type":"BreadcrumbList","@id":"https:\/\/marktxxl.de\/markt\/produkt\/erik-wandkalender-star-wars-the-mandalorian-baby-yoda-kalender-2021\/#breadcrumb","itemListElement":[{"@type":"ListItem","position":1,"name":"Startseite","item":"https:\/\/marktxxl.de\/markt\/"},{"@type":"ListItem","position":2,"name":"Markt","item":"https:\/\/marktxxl.de\/markt\/"},{"@type":"ListItem","position":3,"name":"Erik Wandkalender Star Wars The Mandalorian Baby Yoda &#8211; Kalender 2021"}]},{"@type":"WebSite","@id":"https:\/\/marktxxl.de\/markt\/#website","url":"https:\/\/marktxxl.de\/markt\/","name":"Markt-XXL","description":"Ihr Markt Online","publisher":{"@id":"https:\/\/marktxxl.de\/markt\/#organization"},"potentialAction":[{"@type":"SearchAction","target":{"@type":"EntryPoint","urlTemplate":"https:\/\/marktxxl.de\/markt\/?s={search_term_string}"},"query-input":{"@type":"PropertyValueSpecification","valueRequired":true,"valueName":"search_term_string"}}],"inLanguage":"de"},{"@type":"Organization","@id":"https:\/\/marktxxl.de\/markt\/#organization","name":"Markt-XXL","url":"https:\/\/marktxxl.de\/markt\/","logo":{"@type":"ImageObject","inLanguage":"de","@id":"https:\/\/marktxxl.de\/markt\/#\/schema\/logo\/image\/","url":"https:\/\/marktxxl.de\/markt\/wp-content\/uploads\/sites\/3\/2020\/12\/logo.png","contentUrl":"https:\/\/marktxxl.de\/markt\/wp-content\/uploads\/sites\/3\/2020\/12\/logo.png","width":200,"height":70,"caption":"Markt-XXL"},"image":{"@id":"https:\/\/marktxxl.de\/markt\/#\/schema\/logo\/image\/"}}]}},"_links":{"self":[{"href":"https:\/\/marktxxl.de\/markt\/wp-json\/wp\/v2\/product\/76646","targetHints":{"allow":["GET"]}}],"collection":[{"href":"https:\/\/marktxxl.de\/markt\/wp-json\/wp\/v2\/product"}],"about":[{"href":"https:\/\/marktxxl.de\/markt\/wp-json\/wp\/v2\/types\/product"}],"replies":[{"embeddable":true,"href":"https:\/\/marktxxl.de\/markt\/wp-json\/wp\/v2\/comments?post=76646"}],"wp:featuredmedia":[{"embeddable":true,"href":"https:\/\/marktxxl.de\/markt\/wp-json\/wp\/v2\/media\/76647"}],"wp:attachment":[{"href":"https:\/\/marktxxl.de\/markt\/wp-json\/wp\/v2\/media?parent=76646"}],"wp:term":[{"taxonomy":"product_brand","embeddable":true,"href":"https:\/\/marktxxl.de\/markt\/wp-json\/wp\/v2\/product_brand?post=76646"},{"taxonomy":"product_cat","embeddable":true,"href":"https:\/\/marktxxl.de\/markt\/wp-json\/wp\/v2\/product_cat?post=76646"},{"taxonomy":"product_tag","embeddable":true,"href":"https:\/\/marktxxl.de\/markt\/wp-json\/wp\/v2\/product_tag?post=76646"}],"curies":[{"name":"wp","href":"https:\/\/api.w.org\/{rel}","templated":true}]}}