{"id":76554,"date":"2021-11-25T14:42:22","date_gmt":"2021-11-25T13:42:22","guid":{"rendered":"https:\/\/marktxxl.de\/markt\/produkt\/the-art-of-world-of-warcraft-2021-16-monatskalender-original-browntrout-kalender-mehrsprachig-kalender-wall-kalender\/"},"modified":"2023-04-09T02:24:32","modified_gmt":"2023-04-09T00:24:32","slug":"the-art-of-world-of-warcraft-2021-16-monatskalender-original-browntrout-kalender-mehrsprachig-kalender-wall-kalender","status":"publish","type":"product","link":"https:\/\/marktxxl.de\/markt\/produkt\/the-art-of-world-of-warcraft-2021-16-monatskalender-original-browntrout-kalender-mehrsprachig-kalender-wall-kalender\/","title":{"rendered":"The Art of World of Warcraft 2021- 16-Monatskalender: Original BrownTrout-Kalender [Mehrsprachig] [Kalender] (Wall\u2026"},"content":{"rendered":"<p>Deluxe World of Warcraft 2021 Wandkalender-Set mit separat lizenzierten Kalenderaufklebern. Vier Jahre sind seit den Rennen vergangen, um den Brunnen der Ewigkeit vor der Macht der Burning Legion zu sch\u00fctzen. Der unruhige Frieden, der einst alle Hassenschaften der Rennen in Schach gehalten hat, ist zerbrochen. Die L\u00e4nder der Welt von Azeroth sind wieder Gastgeber einer World of Warcraft geworden.<br \/>\nDieser World of Warcraft Kalender 2021 ist auf hochwertigem, schwerem Deluxe-Papier gedruckt. Gro\u00dfe Raster zum Markieren von Terminen und Veranstaltungen. Beobachtung der wichtigsten Feiertage und Mondphasen. Dieser World of Warcraft 2021 Wandkalender misst 30,5 x 30,5 cm geschlossen und 30,5 x 61 cm ge\u00f6ffnet.<br \/>\nEnth\u00e4lt eine einzeln verpackte Packung separat lizenzierter Dateworks Kalenderaufkleber. \u00dcber 100 Kalenderaufkleber zum Markieren von Schulveranstaltungen, Arztterminen, Terminen, Ferien und mehr.<br \/>\nDieser 30,5 x 30,5 cm gro\u00dfe Kalender verf\u00fcgt \u00fcber eine \u00d6ffnung mit einem sch\u00f6nen Kalender f\u00fcr vier Monate (September-Dezember 2020), um die letzten vier Monate des Jahres zu planen und sich auf 2021 vorzubereiten.<br \/>\nEin Jahr voller atemberaubender World of Warcraft-Bilder. Offiziell lizenziertes World of Warcraft Merchandise Perfekt als World of Warcraft Geschenke, B\u00fcrobedarf und Schreibtischzubeh\u00f6r.<br \/>\n<div class=\"main-cross-sell\" data-asin=\"197541876X\">\n\n\t<div class=\"WooZone-cross-sell-loader\">\n\t\t<div>\n\t\t\t<div id=\"floatingBarsG\">\n\t\t\t\t<div class=\"blockG\" id=\"rotateG_01\"><\/div>\n\t\t\t\t<div class=\"blockG\" id=\"rotateG_02\"><\/div>\n\t\t\t\t<div class=\"blockG\" id=\"rotateG_03\"><\/div>\n\t\t\t\t<div class=\"blockG\" id=\"rotateG_04\"><\/div>\n\t\t\t\t<div class=\"blockG\" id=\"rotateG_05\"><\/div>\n\t\t\t\t<div class=\"blockG\" id=\"rotateG_06\"><\/div>\n\t\t\t\t<div class=\"blockG\" id=\"rotateG_07\"><\/div>\n\t\t\t\t<div class=\"blockG\" id=\"rotateG_08\"><\/div>\n\t\t\t<\/div>\n\t\t\t<div class=\"WooZone-cross-sell-loader-text\"><\/div>\n\t\t<\/div>\n\t<\/div>\n\n\t\t\n<\/div>\n<div style=\"clear:both;\"><\/div><\/p>\n","protected":false},"excerpt":{"rendered":"<p>Deluxe World of Warcraft 2021 Wandkalender-Set mit separat lizenzierten Kalenderaufklebern. Vier Jahre sind seit den Rennen vergangen, um den Brunnen der Ewigkeit vor der Macht der Burning Legion zu sch\u00fctzen. Der unruhige Frieden, der einst alle Hassenschaften der Rennen in Schach gehalten hat, ist zerbrochen. Die L\u00e4nder der Welt von Azeroth sind wieder Gastgeber einer World of Warcraft geworden.<br \/>\nDieser World of Warcraft Kalender 2021 ist auf hochwertigem, schwerem Deluxe-Papier gedruckt. Gro\u00dfe Raster zum Markieren von Terminen und Veranstaltungen. Beobachtung der wichtigsten Feiertage und Mondphasen. Dieser World of Warcraft 2021 Wandkalender misst 30,5 x 30,5 cm geschlossen und 30,5 x 61 cm ge\u00f6ffnet.<br \/>\nEnth\u00e4lt eine einzeln verpackte Packung separat lizenzierter Dateworks Kalenderaufkleber. \u00dcber 100 Kalenderaufkleber zum Markieren von Schulveranstaltungen, Arztterminen, Terminen, Ferien und mehr.<\/p>\n","protected":false},"featured_media":76555,"comment_status":"open","ping_status":"closed","template":"","meta":[],"product_brand":[],"product_cat":[504,8381],"product_tag":[],"class_list":{"0":"post-76554","1":"product","2":"type-product","3":"status-publish","4":"has-post-thumbnail","6":"product_cat-buerobedarf-schreibwaren","7":"product_cat-kalender-planer-und-organizer","8":"pa_binding-kalender","9":"pa_brand-calendar-boutique","10":"pa_color-silver","11":"pa_edition-1-auflage-2020","12":"pa_height-12-zoll","13":"pa_languages-veroeffentlicht-englisch-originalsprache-englisch-originalsprache-franzoesisch-originalsprache-deutsch-originalsprache-spanisch-unbekannt-englisch","14":"pa_length-12-zoll","15":"pa_manufacturer-brown-trout","16":"pa_model-world-of-warcraft-calendar-2021","17":"pa_weight-0-00625-pfund","18":"pa_width-0-13-zoll","20":"first","21":"instock","22":"shipping-taxable","23":"purchasable","24":"product-type-simple","25":"customify-col","26":"product-has-gallery"},"yoast_head":"<!-- This site is optimized with the Yoast SEO plugin v27.4 - https:\/\/yoast.com\/product\/yoast-seo-wordpress\/ -->\n<title>The Art of World of Warcraft 2021- 16-Monatskalender: Original BrownTrout-Kalender [Mehrsprachig] [Kalender] (Wall\u2026 - Markt-XXL<\/title>\n<meta name=\"description\" content=\"Markt-XXL The Art of World of Warcraft 2021- 16-Monatskalender: Original BrownTrout-Kalender [Mehrsprachig] [Kalender] (Wall\u2026\" \/>\n<meta name=\"robots\" content=\"index, follow, max-snippet:-1, max-image-preview:large, max-video-preview:-1\" \/>\n<link rel=\"canonical\" href=\"https:\/\/marktxxl.de\/markt\/produkt\/the-art-of-world-of-warcraft-2021-16-monatskalender-original-browntrout-kalender-mehrsprachig-kalender-wall-kalender\/\" \/>\n<meta property=\"og:locale\" content=\"de_DE\" \/>\n<meta property=\"og:type\" content=\"article\" \/>\n<meta property=\"og:title\" content=\"The Art of World of Warcraft 2021- 16-Monatskalender: Original BrownTrout-Kalender [Mehrsprachig] [Kalender] (Wall\u2026 - Markt-XXL\" \/>\n<meta property=\"og:description\" content=\"Markt-XXL The Art of World of Warcraft 2021- 16-Monatskalender: Original BrownTrout-Kalender [Mehrsprachig] [Kalender] (Wall\u2026\" \/>\n<meta property=\"og:url\" content=\"https:\/\/marktxxl.de\/markt\/produkt\/the-art-of-world-of-warcraft-2021-16-monatskalender-original-browntrout-kalender-mehrsprachig-kalender-wall-kalender\/\" \/>\n<meta property=\"og:site_name\" content=\"Markt-XXL\" \/>\n<meta property=\"article:modified_time\" content=\"2023-04-09T00:24:32+00:00\" \/>\n<meta property=\"og:image\" content=\"https:\/\/m.media-amazon.com\/images\/I\/51QNGx-xLpL._SL500_.jpg\" \/>\n\t<meta property=\"og:image:width\" content=\"500\" \/>\n\t<meta property=\"og:image:height\" content=\"500\" \/>\n\t<meta property=\"og:image:type\" content=\"image\/jpeg\" \/>\n<meta name=\"twitter:card\" content=\"summary_large_image\" \/>\n<meta name=\"twitter:label1\" content=\"Gesch\u00e4tzte Lesezeit\" \/>\n\t<meta name=\"twitter:data1\" content=\"1\u00a0Minute\" \/>\n<script type=\"application\/ld+json\" class=\"yoast-schema-graph\">{\"@context\":\"https:\\\/\\\/schema.org\",\"@graph\":[{\"@type\":\"WebPage\",\"@id\":\"https:\\\/\\\/marktxxl.de\\\/markt\\\/produkt\\\/the-art-of-world-of-warcraft-2021-16-monatskalender-original-browntrout-kalender-mehrsprachig-kalender-wall-kalender\\\/\",\"url\":\"https:\\\/\\\/marktxxl.de\\\/markt\\\/produkt\\\/the-art-of-world-of-warcraft-2021-16-monatskalender-original-browntrout-kalender-mehrsprachig-kalender-wall-kalender\\\/\",\"name\":\"The Art of World of Warcraft 2021- 16-Monatskalender: Original BrownTrout-Kalender [Mehrsprachig] [Kalender] (Wall\u2026 - Markt-XXL\",\"isPartOf\":{\"@id\":\"https:\\\/\\\/marktxxl.de\\\/markt\\\/#website\"},\"primaryImageOfPage\":{\"@id\":\"https:\\\/\\\/marktxxl.de\\\/markt\\\/produkt\\\/the-art-of-world-of-warcraft-2021-16-monatskalender-original-browntrout-kalender-mehrsprachig-kalender-wall-kalender\\\/#primaryimage\"},\"image\":{\"@id\":\"https:\\\/\\\/marktxxl.de\\\/markt\\\/produkt\\\/the-art-of-world-of-warcraft-2021-16-monatskalender-original-browntrout-kalender-mehrsprachig-kalender-wall-kalender\\\/#primaryimage\"},\"thumbnailUrl\":\"https:\\\/\\\/m.media-amazon.com\\\/images\\\/I\\\/51QNGx-xLpL._SL500_.jpg\",\"datePublished\":\"2021-11-25T13:42:22+00:00\",\"dateModified\":\"2023-04-09T00:24:32+00:00\",\"description\":\"Markt-XXL The Art of World of Warcraft 2021- 16-Monatskalender: Original BrownTrout-Kalender [Mehrsprachig] [Kalender] (Wall\u2026\",\"breadcrumb\":{\"@id\":\"https:\\\/\\\/marktxxl.de\\\/markt\\\/produkt\\\/the-art-of-world-of-warcraft-2021-16-monatskalender-original-browntrout-kalender-mehrsprachig-kalender-wall-kalender\\\/#breadcrumb\"},\"inLanguage\":\"de\",\"potentialAction\":[{\"@type\":\"ReadAction\",\"target\":[\"https:\\\/\\\/marktxxl.de\\\/markt\\\/produkt\\\/the-art-of-world-of-warcraft-2021-16-monatskalender-original-browntrout-kalender-mehrsprachig-kalender-wall-kalender\\\/\"]}]},{\"@type\":\"ImageObject\",\"inLanguage\":\"de\",\"@id\":\"https:\\\/\\\/marktxxl.de\\\/markt\\\/produkt\\\/the-art-of-world-of-warcraft-2021-16-monatskalender-original-browntrout-kalender-mehrsprachig-kalender-wall-kalender\\\/#primaryimage\",\"url\":\"https:\\\/\\\/m.media-amazon.com\\\/images\\\/I\\\/51QNGx-xLpL._SL500_.jpg\",\"contentUrl\":\"https:\\\/\\\/m.media-amazon.com\\\/images\\\/I\\\/51QNGx-xLpL._SL500_.jpg\",\"width\":500,\"height\":500},{\"@type\":\"BreadcrumbList\",\"@id\":\"https:\\\/\\\/marktxxl.de\\\/markt\\\/produkt\\\/the-art-of-world-of-warcraft-2021-16-monatskalender-original-browntrout-kalender-mehrsprachig-kalender-wall-kalender\\\/#breadcrumb\",\"itemListElement\":[{\"@type\":\"ListItem\",\"position\":1,\"name\":\"Startseite\",\"item\":\"https:\\\/\\\/marktxxl.de\\\/markt\\\/\"},{\"@type\":\"ListItem\",\"position\":2,\"name\":\"Markt\",\"item\":\"https:\\\/\\\/marktxxl.de\\\/markt\\\/\"},{\"@type\":\"ListItem\",\"position\":3,\"name\":\"The Art of World of Warcraft 2021- 16-Monatskalender: Original BrownTrout-Kalender [Mehrsprachig] [Kalender] (Wall\u2026\"}]},{\"@type\":\"WebSite\",\"@id\":\"https:\\\/\\\/marktxxl.de\\\/markt\\\/#website\",\"url\":\"https:\\\/\\\/marktxxl.de\\\/markt\\\/\",\"name\":\"Markt-XXL\",\"description\":\"Ihr Markt Online\",\"publisher\":{\"@id\":\"https:\\\/\\\/marktxxl.de\\\/markt\\\/#organization\"},\"potentialAction\":[{\"@type\":\"SearchAction\",\"target\":{\"@type\":\"EntryPoint\",\"urlTemplate\":\"https:\\\/\\\/marktxxl.de\\\/markt\\\/?s={search_term_string}\"},\"query-input\":{\"@type\":\"PropertyValueSpecification\",\"valueRequired\":true,\"valueName\":\"search_term_string\"}}],\"inLanguage\":\"de\"},{\"@type\":\"Organization\",\"@id\":\"https:\\\/\\\/marktxxl.de\\\/markt\\\/#organization\",\"name\":\"Markt-XXL\",\"url\":\"https:\\\/\\\/marktxxl.de\\\/markt\\\/\",\"logo\":{\"@type\":\"ImageObject\",\"inLanguage\":\"de\",\"@id\":\"https:\\\/\\\/marktxxl.de\\\/markt\\\/#\\\/schema\\\/logo\\\/image\\\/\",\"url\":\"https:\\\/\\\/marktxxl.de\\\/markt\\\/wp-content\\\/uploads\\\/sites\\\/3\\\/2020\\\/12\\\/logo.png\",\"contentUrl\":\"https:\\\/\\\/marktxxl.de\\\/markt\\\/wp-content\\\/uploads\\\/sites\\\/3\\\/2020\\\/12\\\/logo.png\",\"width\":200,\"height\":70,\"caption\":\"Markt-XXL\"},\"image\":{\"@id\":\"https:\\\/\\\/marktxxl.de\\\/markt\\\/#\\\/schema\\\/logo\\\/image\\\/\"}}]}<\/script>\n<!-- \/ Yoast SEO plugin. -->","yoast_head_json":{"title":"The Art of World of Warcraft 2021- 16-Monatskalender: Original BrownTrout-Kalender [Mehrsprachig] [Kalender] (Wall\u2026 - Markt-XXL","description":"Markt-XXL The Art of World of Warcraft 2021- 16-Monatskalender: Original BrownTrout-Kalender [Mehrsprachig] [Kalender] (Wall\u2026","robots":{"index":"index","follow":"follow","max-snippet":"max-snippet:-1","max-image-preview":"max-image-preview:large","max-video-preview":"max-video-preview:-1"},"canonical":"https:\/\/marktxxl.de\/markt\/produkt\/the-art-of-world-of-warcraft-2021-16-monatskalender-original-browntrout-kalender-mehrsprachig-kalender-wall-kalender\/","og_locale":"de_DE","og_type":"article","og_title":"The Art of World of Warcraft 2021- 16-Monatskalender: Original BrownTrout-Kalender [Mehrsprachig] [Kalender] (Wall\u2026 - Markt-XXL","og_description":"Markt-XXL The Art of World of Warcraft 2021- 16-Monatskalender: Original BrownTrout-Kalender [Mehrsprachig] [Kalender] (Wall\u2026","og_url":"https:\/\/marktxxl.de\/markt\/produkt\/the-art-of-world-of-warcraft-2021-16-monatskalender-original-browntrout-kalender-mehrsprachig-kalender-wall-kalender\/","og_site_name":"Markt-XXL","article_modified_time":"2023-04-09T00:24:32+00:00","og_image":[{"width":500,"height":500,"url":"https:\/\/m.media-amazon.com\/images\/I\/51QNGx-xLpL._SL500_.jpg","type":"image\/jpeg"}],"twitter_card":"summary_large_image","twitter_misc":{"Gesch\u00e4tzte Lesezeit":"1\u00a0Minute"},"schema":{"@context":"https:\/\/schema.org","@graph":[{"@type":"WebPage","@id":"https:\/\/marktxxl.de\/markt\/produkt\/the-art-of-world-of-warcraft-2021-16-monatskalender-original-browntrout-kalender-mehrsprachig-kalender-wall-kalender\/","url":"https:\/\/marktxxl.de\/markt\/produkt\/the-art-of-world-of-warcraft-2021-16-monatskalender-original-browntrout-kalender-mehrsprachig-kalender-wall-kalender\/","name":"The Art of World of Warcraft 2021- 16-Monatskalender: Original BrownTrout-Kalender [Mehrsprachig] [Kalender] (Wall\u2026 - Markt-XXL","isPartOf":{"@id":"https:\/\/marktxxl.de\/markt\/#website"},"primaryImageOfPage":{"@id":"https:\/\/marktxxl.de\/markt\/produkt\/the-art-of-world-of-warcraft-2021-16-monatskalender-original-browntrout-kalender-mehrsprachig-kalender-wall-kalender\/#primaryimage"},"image":{"@id":"https:\/\/marktxxl.de\/markt\/produkt\/the-art-of-world-of-warcraft-2021-16-monatskalender-original-browntrout-kalender-mehrsprachig-kalender-wall-kalender\/#primaryimage"},"thumbnailUrl":"https:\/\/m.media-amazon.com\/images\/I\/51QNGx-xLpL._SL500_.jpg","datePublished":"2021-11-25T13:42:22+00:00","dateModified":"2023-04-09T00:24:32+00:00","description":"Markt-XXL The Art of World of Warcraft 2021- 16-Monatskalender: Original BrownTrout-Kalender [Mehrsprachig] [Kalender] (Wall\u2026","breadcrumb":{"@id":"https:\/\/marktxxl.de\/markt\/produkt\/the-art-of-world-of-warcraft-2021-16-monatskalender-original-browntrout-kalender-mehrsprachig-kalender-wall-kalender\/#breadcrumb"},"inLanguage":"de","potentialAction":[{"@type":"ReadAction","target":["https:\/\/marktxxl.de\/markt\/produkt\/the-art-of-world-of-warcraft-2021-16-monatskalender-original-browntrout-kalender-mehrsprachig-kalender-wall-kalender\/"]}]},{"@type":"ImageObject","inLanguage":"de","@id":"https:\/\/marktxxl.de\/markt\/produkt\/the-art-of-world-of-warcraft-2021-16-monatskalender-original-browntrout-kalender-mehrsprachig-kalender-wall-kalender\/#primaryimage","url":"https:\/\/m.media-amazon.com\/images\/I\/51QNGx-xLpL._SL500_.jpg","contentUrl":"https:\/\/m.media-amazon.com\/images\/I\/51QNGx-xLpL._SL500_.jpg","width":500,"height":500},{"@type":"BreadcrumbList","@id":"https:\/\/marktxxl.de\/markt\/produkt\/the-art-of-world-of-warcraft-2021-16-monatskalender-original-browntrout-kalender-mehrsprachig-kalender-wall-kalender\/#breadcrumb","itemListElement":[{"@type":"ListItem","position":1,"name":"Startseite","item":"https:\/\/marktxxl.de\/markt\/"},{"@type":"ListItem","position":2,"name":"Markt","item":"https:\/\/marktxxl.de\/markt\/"},{"@type":"ListItem","position":3,"name":"The Art of World of Warcraft 2021- 16-Monatskalender: Original BrownTrout-Kalender [Mehrsprachig] [Kalender] (Wall\u2026"}]},{"@type":"WebSite","@id":"https:\/\/marktxxl.de\/markt\/#website","url":"https:\/\/marktxxl.de\/markt\/","name":"Markt-XXL","description":"Ihr Markt Online","publisher":{"@id":"https:\/\/marktxxl.de\/markt\/#organization"},"potentialAction":[{"@type":"SearchAction","target":{"@type":"EntryPoint","urlTemplate":"https:\/\/marktxxl.de\/markt\/?s={search_term_string}"},"query-input":{"@type":"PropertyValueSpecification","valueRequired":true,"valueName":"search_term_string"}}],"inLanguage":"de"},{"@type":"Organization","@id":"https:\/\/marktxxl.de\/markt\/#organization","name":"Markt-XXL","url":"https:\/\/marktxxl.de\/markt\/","logo":{"@type":"ImageObject","inLanguage":"de","@id":"https:\/\/marktxxl.de\/markt\/#\/schema\/logo\/image\/","url":"https:\/\/marktxxl.de\/markt\/wp-content\/uploads\/sites\/3\/2020\/12\/logo.png","contentUrl":"https:\/\/marktxxl.de\/markt\/wp-content\/uploads\/sites\/3\/2020\/12\/logo.png","width":200,"height":70,"caption":"Markt-XXL"},"image":{"@id":"https:\/\/marktxxl.de\/markt\/#\/schema\/logo\/image\/"}}]}},"_links":{"self":[{"href":"https:\/\/marktxxl.de\/markt\/wp-json\/wp\/v2\/product\/76554","targetHints":{"allow":["GET"]}}],"collection":[{"href":"https:\/\/marktxxl.de\/markt\/wp-json\/wp\/v2\/product"}],"about":[{"href":"https:\/\/marktxxl.de\/markt\/wp-json\/wp\/v2\/types\/product"}],"replies":[{"embeddable":true,"href":"https:\/\/marktxxl.de\/markt\/wp-json\/wp\/v2\/comments?post=76554"}],"wp:featuredmedia":[{"embeddable":true,"href":"https:\/\/marktxxl.de\/markt\/wp-json\/wp\/v2\/media\/76555"}],"wp:attachment":[{"href":"https:\/\/marktxxl.de\/markt\/wp-json\/wp\/v2\/media?parent=76554"}],"wp:term":[{"taxonomy":"product_brand","embeddable":true,"href":"https:\/\/marktxxl.de\/markt\/wp-json\/wp\/v2\/product_brand?post=76554"},{"taxonomy":"product_cat","embeddable":true,"href":"https:\/\/marktxxl.de\/markt\/wp-json\/wp\/v2\/product_cat?post=76554"},{"taxonomy":"product_tag","embeddable":true,"href":"https:\/\/marktxxl.de\/markt\/wp-json\/wp\/v2\/product_tag?post=76554"}],"curies":[{"name":"wp","href":"https:\/\/api.w.org\/{rel}","templated":true}]}}