{"id":76518,"date":"2021-11-25T14:39:58","date_gmt":"2021-11-25T13:39:58","guid":{"rendered":"https:\/\/marktxxl.de\/markt\/produkt\/fluegeltuerenschrank-kompl-montiert-und-verschweisst-schrank-stahl-stahlblech-lagerschrank-aktenschrank-bueroschrank-werkzeugschrank-4-fachboeden-45-oh-masse-1800x800x380mm-530330\/"},"modified":"2023-04-09T02:24:31","modified_gmt":"2023-04-09T00:24:31","slug":"fluegeltuerenschrank-kompl-montiert-und-verschweisst-schrank-stahl-stahlblech-lagerschrank-aktenschrank-bueroschrank-werkzeugschrank-4-fachboeden-45-oh-masse-1800x800x380mm-530330","status":"publish","type":"product","link":"https:\/\/marktxxl.de\/markt\/produkt\/fluegeltuerenschrank-kompl-montiert-und-verschweisst-schrank-stahl-stahlblech-lagerschrank-aktenschrank-bueroschrank-werkzeugschrank-4-fachboeden-45-oh-masse-1800x800x380mm-530330\/","title":{"rendered":"Fl\u00fcgelt\u00fcrenschrank komplett montiert 180x80x38cm grau 4 Fachb\u00f6den Metallschrank abschlie\u00dfbar Lagerschrank Aktenschrank\u2026"},"content":{"rendered":"<p>Kein Aufbau notwendig, fix und fertig montiert!! Hochwertiger Stahl Aktenschrank mit verst\u00e4rkten Fl\u00fcgelt\u00fcren und GS-Zeichen, Farbe: Lichtgrau RAL 7035<br \/>\nAbmessung: 1800 x 800 x 380 mm (H\u00f6he x Breite x Tiefe) Hier finden Sie das passende Video zu dem Schrank:https:\/\/youtu.be\/8NyfSf3ANsw<br \/>\n4 Fachb\u00f6den Fachb\u00f6den im Raster von 25mm h\u00f6henverstellbar Belastbarkeit pro Boden 65kg 4,5 Ordnerh\u00f6hen Stabile Stahlblechkonstruktion einschlagende, verst\u00e4rkte Fl\u00fcgelt\u00fcren mit ger\u00e4uschd\u00e4mpfenden Gummipuffern \u00d6ffnungswinkel: 110\u00b0<br \/>\nSchubstangen-Verschlussmit Drehgriff und Sicherheits-Zylinderschloss mit zwei Schl\u00fcsseln Schrank: Pulverbeschichtet Korpus: Lichtgrau RAL 7035 T\u00fcren: Lichtgrau RAL 7035, Leichte Innenreinigung durch glatt auskehrbaren Fachb\u00f6den GS-Zeichen Neuware fix und fertig montiert und original verpackt, Lieferung Frei Haus bis Boardsteinkante weitere Details zur Lieferung siehe Versand dazu klicken Sie oben auf den Verk\u00e4ufernamen Steelboxx<br \/>\nKostenlose Standardlieferung Werktags (fester Tag) Mo.-Fr. von 8 Uhr bis 17 Uhr frei Bordsteinkante. \/ Extra Versandoptionen: Premium Versand &#8220;Zustellung bis 10Uhr&#8221; Amazon ASIN:B06XWWY6WS Preis 99.-Euro \/ Premium Versand bis 12 Uhr Amazon ASIN: B06XX7XL7V Preis: 69.-Euro, PREMIUM SERVICE 2-Mann-Handling &#8220;Frei Verwendungsstelle&#8221; 999995 Preis 149.-Euro falls gew\u00fcnscht bitte dazu kaufen und in den Warenkorb legen.<br \/>\n<div class=\"main-cross-sell\" data-asin=\"B00HQDKOKU\">\n\n\t<div class=\"WooZone-cross-sell-loader\">\n\t\t<div>\n\t\t\t<div id=\"floatingBarsG\">\n\t\t\t\t<div class=\"blockG\" id=\"rotateG_01\"><\/div>\n\t\t\t\t<div class=\"blockG\" id=\"rotateG_02\"><\/div>\n\t\t\t\t<div class=\"blockG\" id=\"rotateG_03\"><\/div>\n\t\t\t\t<div class=\"blockG\" id=\"rotateG_04\"><\/div>\n\t\t\t\t<div class=\"blockG\" id=\"rotateG_05\"><\/div>\n\t\t\t\t<div class=\"blockG\" id=\"rotateG_06\"><\/div>\n\t\t\t\t<div class=\"blockG\" id=\"rotateG_07\"><\/div>\n\t\t\t\t<div class=\"blockG\" id=\"rotateG_08\"><\/div>\n\t\t\t<\/div>\n\t\t\t<div class=\"WooZone-cross-sell-loader-text\"><\/div>\n\t\t<\/div>\n\t<\/div>\n\n\t\t\n<\/div>\n<div style=\"clear:both;\"><\/div><\/p>\n","protected":false},"excerpt":{"rendered":"<p>Kein Aufbau notwendig, fix und fertig montiert!! Hochwertiger Stahl Aktenschrank mit verst\u00e4rkten Fl\u00fcgelt\u00fcren und GS-Zeichen, Farbe: Lichtgrau RAL 7035<br \/>\nAbmessung: 1800 x 800 x 380 mm (H\u00f6he x Breite x Tiefe) Hier finden Sie das passende Video zu dem Schrank:https:\/\/youtu.be\/8NyfSf3ANsw<br \/>\n4 Fachb\u00f6den Fachb\u00f6den im Raster von 25mm h\u00f6henverstellbar Belastbarkeit pro Boden 65kg 4,5 Ordnerh\u00f6hen Stabile Stahlblechkonstruktion einschlagende, verst\u00e4rkte Fl\u00fcgelt\u00fcren mit ger\u00e4uschd\u00e4mpfenden Gummipuffern \u00d6ffnungswinkel: 110\u00b0<\/p>\n","protected":false},"featured_media":76519,"comment_status":"open","ping_status":"closed","template":"","meta":[],"product_brand":[],"product_cat":[504,8312],"product_tag":[],"class_list":{"0":"post-76518","1":"product","2":"type-product","3":"status-publish","4":"has-post-thumbnail","6":"product_cat-buerobedarf-schreibwaren","7":"product_cat-bueromoebel-beleuchtung","8":"pa_binding-buerobedarf-schreibwaren","9":"pa_brand-luellmann","10":"pa_color-ral-7035-lichtgrau","11":"pa_height-70-86614166-zoll","12":"pa_length-31-49606296-zoll","13":"pa_manufacturer-luellmann","14":"pa_model-25780","15":"pa_size-180x80x38cm-hxbxt","16":"pa_weight-88-846291586-pfund","17":"pa_width-14-960629906-zoll","19":"first","20":"instock","21":"shipping-taxable","22":"purchasable","23":"product-type-simple","24":"customify-col","25":"product-has-gallery"},"yoast_head":"<!-- This site is optimized with the Yoast SEO plugin v27.3 - https:\/\/yoast.com\/product\/yoast-seo-wordpress\/ -->\n<title>Fl\u00fcgelt\u00fcrenschrank komplett montiert 180x80x38cm grau 4 Fachb\u00f6den Metallschrank abschlie\u00dfbar Lagerschrank Aktenschrank\u2026 - Markt-XXL<\/title>\n<meta name=\"description\" content=\"Markt-XXL Fl\u00fcgelt\u00fcrenschrank komplett montiert 180x80x38cm grau 4 Fachb\u00f6den Metallschrank abschlie\u00dfbar Lagerschrank Aktenschrank\u2026\" \/>\n<meta name=\"robots\" content=\"index, follow, max-snippet:-1, max-image-preview:large, max-video-preview:-1\" \/>\n<link rel=\"canonical\" href=\"https:\/\/marktxxl.de\/markt\/produkt\/fluegeltuerenschrank-kompl-montiert-und-verschweisst-schrank-stahl-stahlblech-lagerschrank-aktenschrank-bueroschrank-werkzeugschrank-4-fachboeden-45-oh-masse-1800x800x380mm-530330\/\" \/>\n<meta property=\"og:locale\" content=\"de_DE\" \/>\n<meta property=\"og:type\" content=\"article\" \/>\n<meta property=\"og:title\" content=\"Fl\u00fcgelt\u00fcrenschrank komplett montiert 180x80x38cm grau 4 Fachb\u00f6den Metallschrank abschlie\u00dfbar Lagerschrank Aktenschrank\u2026 - Markt-XXL\" \/>\n<meta property=\"og:description\" content=\"Markt-XXL Fl\u00fcgelt\u00fcrenschrank komplett montiert 180x80x38cm grau 4 Fachb\u00f6den Metallschrank abschlie\u00dfbar Lagerschrank Aktenschrank\u2026\" \/>\n<meta property=\"og:url\" content=\"https:\/\/marktxxl.de\/markt\/produkt\/fluegeltuerenschrank-kompl-montiert-und-verschweisst-schrank-stahl-stahlblech-lagerschrank-aktenschrank-bueroschrank-werkzeugschrank-4-fachboeden-45-oh-masse-1800x800x380mm-530330\/\" \/>\n<meta property=\"og:site_name\" content=\"Markt-XXL\" \/>\n<meta property=\"article:modified_time\" content=\"2023-04-09T00:24:31+00:00\" \/>\n<meta property=\"og:image\" content=\"https:\/\/m.media-amazon.com\/images\/I\/41D2Gn8T1UL._SL500_.jpg\" \/>\n\t<meta property=\"og:image:width\" content=\"270\" \/>\n\t<meta property=\"og:image:height\" content=\"500\" \/>\n\t<meta property=\"og:image:type\" content=\"image\/jpeg\" \/>\n<meta name=\"twitter:card\" content=\"summary_large_image\" \/>\n<meta name=\"twitter:label1\" content=\"Gesch\u00e4tzte Lesezeit\" \/>\n\t<meta name=\"twitter:data1\" content=\"1\u00a0Minute\" \/>\n<script type=\"application\/ld+json\" class=\"yoast-schema-graph\">{\"@context\":\"https:\\\/\\\/schema.org\",\"@graph\":[{\"@type\":\"WebPage\",\"@id\":\"https:\\\/\\\/marktxxl.de\\\/markt\\\/produkt\\\/fluegeltuerenschrank-kompl-montiert-und-verschweisst-schrank-stahl-stahlblech-lagerschrank-aktenschrank-bueroschrank-werkzeugschrank-4-fachboeden-45-oh-masse-1800x800x380mm-530330\\\/\",\"url\":\"https:\\\/\\\/marktxxl.de\\\/markt\\\/produkt\\\/fluegeltuerenschrank-kompl-montiert-und-verschweisst-schrank-stahl-stahlblech-lagerschrank-aktenschrank-bueroschrank-werkzeugschrank-4-fachboeden-45-oh-masse-1800x800x380mm-530330\\\/\",\"name\":\"Fl\u00fcgelt\u00fcrenschrank komplett montiert 180x80x38cm grau 4 Fachb\u00f6den Metallschrank abschlie\u00dfbar Lagerschrank Aktenschrank\u2026 - Markt-XXL\",\"isPartOf\":{\"@id\":\"https:\\\/\\\/marktxxl.de\\\/markt\\\/#website\"},\"primaryImageOfPage\":{\"@id\":\"https:\\\/\\\/marktxxl.de\\\/markt\\\/produkt\\\/fluegeltuerenschrank-kompl-montiert-und-verschweisst-schrank-stahl-stahlblech-lagerschrank-aktenschrank-bueroschrank-werkzeugschrank-4-fachboeden-45-oh-masse-1800x800x380mm-530330\\\/#primaryimage\"},\"image\":{\"@id\":\"https:\\\/\\\/marktxxl.de\\\/markt\\\/produkt\\\/fluegeltuerenschrank-kompl-montiert-und-verschweisst-schrank-stahl-stahlblech-lagerschrank-aktenschrank-bueroschrank-werkzeugschrank-4-fachboeden-45-oh-masse-1800x800x380mm-530330\\\/#primaryimage\"},\"thumbnailUrl\":\"https:\\\/\\\/m.media-amazon.com\\\/images\\\/I\\\/41D2Gn8T1UL._SL500_.jpg\",\"datePublished\":\"2021-11-25T13:39:58+00:00\",\"dateModified\":\"2023-04-09T00:24:31+00:00\",\"description\":\"Markt-XXL Fl\u00fcgelt\u00fcrenschrank komplett montiert 180x80x38cm grau 4 Fachb\u00f6den Metallschrank abschlie\u00dfbar Lagerschrank Aktenschrank\u2026\",\"breadcrumb\":{\"@id\":\"https:\\\/\\\/marktxxl.de\\\/markt\\\/produkt\\\/fluegeltuerenschrank-kompl-montiert-und-verschweisst-schrank-stahl-stahlblech-lagerschrank-aktenschrank-bueroschrank-werkzeugschrank-4-fachboeden-45-oh-masse-1800x800x380mm-530330\\\/#breadcrumb\"},\"inLanguage\":\"de\",\"potentialAction\":[{\"@type\":\"ReadAction\",\"target\":[\"https:\\\/\\\/marktxxl.de\\\/markt\\\/produkt\\\/fluegeltuerenschrank-kompl-montiert-und-verschweisst-schrank-stahl-stahlblech-lagerschrank-aktenschrank-bueroschrank-werkzeugschrank-4-fachboeden-45-oh-masse-1800x800x380mm-530330\\\/\"]}]},{\"@type\":\"ImageObject\",\"inLanguage\":\"de\",\"@id\":\"https:\\\/\\\/marktxxl.de\\\/markt\\\/produkt\\\/fluegeltuerenschrank-kompl-montiert-und-verschweisst-schrank-stahl-stahlblech-lagerschrank-aktenschrank-bueroschrank-werkzeugschrank-4-fachboeden-45-oh-masse-1800x800x380mm-530330\\\/#primaryimage\",\"url\":\"https:\\\/\\\/m.media-amazon.com\\\/images\\\/I\\\/41D2Gn8T1UL._SL500_.jpg\",\"contentUrl\":\"https:\\\/\\\/m.media-amazon.com\\\/images\\\/I\\\/41D2Gn8T1UL._SL500_.jpg\",\"width\":270,\"height\":500},{\"@type\":\"BreadcrumbList\",\"@id\":\"https:\\\/\\\/marktxxl.de\\\/markt\\\/produkt\\\/fluegeltuerenschrank-kompl-montiert-und-verschweisst-schrank-stahl-stahlblech-lagerschrank-aktenschrank-bueroschrank-werkzeugschrank-4-fachboeden-45-oh-masse-1800x800x380mm-530330\\\/#breadcrumb\",\"itemListElement\":[{\"@type\":\"ListItem\",\"position\":1,\"name\":\"Startseite\",\"item\":\"https:\\\/\\\/marktxxl.de\\\/markt\\\/\"},{\"@type\":\"ListItem\",\"position\":2,\"name\":\"Markt\",\"item\":\"https:\\\/\\\/marktxxl.de\\\/markt\\\/\"},{\"@type\":\"ListItem\",\"position\":3,\"name\":\"Fl\u00fcgelt\u00fcrenschrank komplett montiert 180x80x38cm grau 4 Fachb\u00f6den Metallschrank abschlie\u00dfbar Lagerschrank Aktenschrank\u2026\"}]},{\"@type\":\"WebSite\",\"@id\":\"https:\\\/\\\/marktxxl.de\\\/markt\\\/#website\",\"url\":\"https:\\\/\\\/marktxxl.de\\\/markt\\\/\",\"name\":\"Markt-XXL\",\"description\":\"Ihr Markt Online\",\"publisher\":{\"@id\":\"https:\\\/\\\/marktxxl.de\\\/markt\\\/#organization\"},\"potentialAction\":[{\"@type\":\"SearchAction\",\"target\":{\"@type\":\"EntryPoint\",\"urlTemplate\":\"https:\\\/\\\/marktxxl.de\\\/markt\\\/?s={search_term_string}\"},\"query-input\":{\"@type\":\"PropertyValueSpecification\",\"valueRequired\":true,\"valueName\":\"search_term_string\"}}],\"inLanguage\":\"de\"},{\"@type\":\"Organization\",\"@id\":\"https:\\\/\\\/marktxxl.de\\\/markt\\\/#organization\",\"name\":\"Markt-XXL\",\"url\":\"https:\\\/\\\/marktxxl.de\\\/markt\\\/\",\"logo\":{\"@type\":\"ImageObject\",\"inLanguage\":\"de\",\"@id\":\"https:\\\/\\\/marktxxl.de\\\/markt\\\/#\\\/schema\\\/logo\\\/image\\\/\",\"url\":\"https:\\\/\\\/marktxxl.de\\\/markt\\\/wp-content\\\/uploads\\\/sites\\\/3\\\/2020\\\/12\\\/logo.png\",\"contentUrl\":\"https:\\\/\\\/marktxxl.de\\\/markt\\\/wp-content\\\/uploads\\\/sites\\\/3\\\/2020\\\/12\\\/logo.png\",\"width\":200,\"height\":70,\"caption\":\"Markt-XXL\"},\"image\":{\"@id\":\"https:\\\/\\\/marktxxl.de\\\/markt\\\/#\\\/schema\\\/logo\\\/image\\\/\"}}]}<\/script>\n<!-- \/ Yoast SEO plugin. -->","yoast_head_json":{"title":"Fl\u00fcgelt\u00fcrenschrank komplett montiert 180x80x38cm grau 4 Fachb\u00f6den Metallschrank abschlie\u00dfbar Lagerschrank Aktenschrank\u2026 - Markt-XXL","description":"Markt-XXL Fl\u00fcgelt\u00fcrenschrank komplett montiert 180x80x38cm grau 4 Fachb\u00f6den Metallschrank abschlie\u00dfbar Lagerschrank Aktenschrank\u2026","robots":{"index":"index","follow":"follow","max-snippet":"max-snippet:-1","max-image-preview":"max-image-preview:large","max-video-preview":"max-video-preview:-1"},"canonical":"https:\/\/marktxxl.de\/markt\/produkt\/fluegeltuerenschrank-kompl-montiert-und-verschweisst-schrank-stahl-stahlblech-lagerschrank-aktenschrank-bueroschrank-werkzeugschrank-4-fachboeden-45-oh-masse-1800x800x380mm-530330\/","og_locale":"de_DE","og_type":"article","og_title":"Fl\u00fcgelt\u00fcrenschrank komplett montiert 180x80x38cm grau 4 Fachb\u00f6den Metallschrank abschlie\u00dfbar Lagerschrank Aktenschrank\u2026 - Markt-XXL","og_description":"Markt-XXL Fl\u00fcgelt\u00fcrenschrank komplett montiert 180x80x38cm grau 4 Fachb\u00f6den Metallschrank abschlie\u00dfbar Lagerschrank Aktenschrank\u2026","og_url":"https:\/\/marktxxl.de\/markt\/produkt\/fluegeltuerenschrank-kompl-montiert-und-verschweisst-schrank-stahl-stahlblech-lagerschrank-aktenschrank-bueroschrank-werkzeugschrank-4-fachboeden-45-oh-masse-1800x800x380mm-530330\/","og_site_name":"Markt-XXL","article_modified_time":"2023-04-09T00:24:31+00:00","og_image":[{"width":270,"height":500,"url":"https:\/\/m.media-amazon.com\/images\/I\/41D2Gn8T1UL._SL500_.jpg","type":"image\/jpeg"}],"twitter_card":"summary_large_image","twitter_misc":{"Gesch\u00e4tzte Lesezeit":"1\u00a0Minute"},"schema":{"@context":"https:\/\/schema.org","@graph":[{"@type":"WebPage","@id":"https:\/\/marktxxl.de\/markt\/produkt\/fluegeltuerenschrank-kompl-montiert-und-verschweisst-schrank-stahl-stahlblech-lagerschrank-aktenschrank-bueroschrank-werkzeugschrank-4-fachboeden-45-oh-masse-1800x800x380mm-530330\/","url":"https:\/\/marktxxl.de\/markt\/produkt\/fluegeltuerenschrank-kompl-montiert-und-verschweisst-schrank-stahl-stahlblech-lagerschrank-aktenschrank-bueroschrank-werkzeugschrank-4-fachboeden-45-oh-masse-1800x800x380mm-530330\/","name":"Fl\u00fcgelt\u00fcrenschrank komplett montiert 180x80x38cm grau 4 Fachb\u00f6den Metallschrank abschlie\u00dfbar Lagerschrank Aktenschrank\u2026 - Markt-XXL","isPartOf":{"@id":"https:\/\/marktxxl.de\/markt\/#website"},"primaryImageOfPage":{"@id":"https:\/\/marktxxl.de\/markt\/produkt\/fluegeltuerenschrank-kompl-montiert-und-verschweisst-schrank-stahl-stahlblech-lagerschrank-aktenschrank-bueroschrank-werkzeugschrank-4-fachboeden-45-oh-masse-1800x800x380mm-530330\/#primaryimage"},"image":{"@id":"https:\/\/marktxxl.de\/markt\/produkt\/fluegeltuerenschrank-kompl-montiert-und-verschweisst-schrank-stahl-stahlblech-lagerschrank-aktenschrank-bueroschrank-werkzeugschrank-4-fachboeden-45-oh-masse-1800x800x380mm-530330\/#primaryimage"},"thumbnailUrl":"https:\/\/m.media-amazon.com\/images\/I\/41D2Gn8T1UL._SL500_.jpg","datePublished":"2021-11-25T13:39:58+00:00","dateModified":"2023-04-09T00:24:31+00:00","description":"Markt-XXL Fl\u00fcgelt\u00fcrenschrank komplett montiert 180x80x38cm grau 4 Fachb\u00f6den Metallschrank abschlie\u00dfbar Lagerschrank Aktenschrank\u2026","breadcrumb":{"@id":"https:\/\/marktxxl.de\/markt\/produkt\/fluegeltuerenschrank-kompl-montiert-und-verschweisst-schrank-stahl-stahlblech-lagerschrank-aktenschrank-bueroschrank-werkzeugschrank-4-fachboeden-45-oh-masse-1800x800x380mm-530330\/#breadcrumb"},"inLanguage":"de","potentialAction":[{"@type":"ReadAction","target":["https:\/\/marktxxl.de\/markt\/produkt\/fluegeltuerenschrank-kompl-montiert-und-verschweisst-schrank-stahl-stahlblech-lagerschrank-aktenschrank-bueroschrank-werkzeugschrank-4-fachboeden-45-oh-masse-1800x800x380mm-530330\/"]}]},{"@type":"ImageObject","inLanguage":"de","@id":"https:\/\/marktxxl.de\/markt\/produkt\/fluegeltuerenschrank-kompl-montiert-und-verschweisst-schrank-stahl-stahlblech-lagerschrank-aktenschrank-bueroschrank-werkzeugschrank-4-fachboeden-45-oh-masse-1800x800x380mm-530330\/#primaryimage","url":"https:\/\/m.media-amazon.com\/images\/I\/41D2Gn8T1UL._SL500_.jpg","contentUrl":"https:\/\/m.media-amazon.com\/images\/I\/41D2Gn8T1UL._SL500_.jpg","width":270,"height":500},{"@type":"BreadcrumbList","@id":"https:\/\/marktxxl.de\/markt\/produkt\/fluegeltuerenschrank-kompl-montiert-und-verschweisst-schrank-stahl-stahlblech-lagerschrank-aktenschrank-bueroschrank-werkzeugschrank-4-fachboeden-45-oh-masse-1800x800x380mm-530330\/#breadcrumb","itemListElement":[{"@type":"ListItem","position":1,"name":"Startseite","item":"https:\/\/marktxxl.de\/markt\/"},{"@type":"ListItem","position":2,"name":"Markt","item":"https:\/\/marktxxl.de\/markt\/"},{"@type":"ListItem","position":3,"name":"Fl\u00fcgelt\u00fcrenschrank komplett montiert 180x80x38cm grau 4 Fachb\u00f6den Metallschrank abschlie\u00dfbar Lagerschrank Aktenschrank\u2026"}]},{"@type":"WebSite","@id":"https:\/\/marktxxl.de\/markt\/#website","url":"https:\/\/marktxxl.de\/markt\/","name":"Markt-XXL","description":"Ihr Markt Online","publisher":{"@id":"https:\/\/marktxxl.de\/markt\/#organization"},"potentialAction":[{"@type":"SearchAction","target":{"@type":"EntryPoint","urlTemplate":"https:\/\/marktxxl.de\/markt\/?s={search_term_string}"},"query-input":{"@type":"PropertyValueSpecification","valueRequired":true,"valueName":"search_term_string"}}],"inLanguage":"de"},{"@type":"Organization","@id":"https:\/\/marktxxl.de\/markt\/#organization","name":"Markt-XXL","url":"https:\/\/marktxxl.de\/markt\/","logo":{"@type":"ImageObject","inLanguage":"de","@id":"https:\/\/marktxxl.de\/markt\/#\/schema\/logo\/image\/","url":"https:\/\/marktxxl.de\/markt\/wp-content\/uploads\/sites\/3\/2020\/12\/logo.png","contentUrl":"https:\/\/marktxxl.de\/markt\/wp-content\/uploads\/sites\/3\/2020\/12\/logo.png","width":200,"height":70,"caption":"Markt-XXL"},"image":{"@id":"https:\/\/marktxxl.de\/markt\/#\/schema\/logo\/image\/"}}]}},"_links":{"self":[{"href":"https:\/\/marktxxl.de\/markt\/wp-json\/wp\/v2\/product\/76518","targetHints":{"allow":["GET"]}}],"collection":[{"href":"https:\/\/marktxxl.de\/markt\/wp-json\/wp\/v2\/product"}],"about":[{"href":"https:\/\/marktxxl.de\/markt\/wp-json\/wp\/v2\/types\/product"}],"replies":[{"embeddable":true,"href":"https:\/\/marktxxl.de\/markt\/wp-json\/wp\/v2\/comments?post=76518"}],"wp:featuredmedia":[{"embeddable":true,"href":"https:\/\/marktxxl.de\/markt\/wp-json\/wp\/v2\/media\/76519"}],"wp:attachment":[{"href":"https:\/\/marktxxl.de\/markt\/wp-json\/wp\/v2\/media?parent=76518"}],"wp:term":[{"taxonomy":"product_brand","embeddable":true,"href":"https:\/\/marktxxl.de\/markt\/wp-json\/wp\/v2\/product_brand?post=76518"},{"taxonomy":"product_cat","embeddable":true,"href":"https:\/\/marktxxl.de\/markt\/wp-json\/wp\/v2\/product_cat?post=76518"},{"taxonomy":"product_tag","embeddable":true,"href":"https:\/\/marktxxl.de\/markt\/wp-json\/wp\/v2\/product_tag?post=76518"}],"curies":[{"name":"wp","href":"https:\/\/api.w.org\/{rel}","templated":true}]}}