{"id":76511,"date":"2021-11-25T14:39:54","date_gmt":"2021-11-25T13:39:54","guid":{"rendered":"https:\/\/marktxxl.de\/markt\/produkt\/umbra-skinny-abfalleimer-salbeigruen\/"},"modified":"2023-04-09T02:24:31","modified_gmt":"2023-04-09T00:24:31","slug":"umbra-skinny-abfalleimer-salbeigruen","status":"publish","type":"product","link":"https:\/\/marktxxl.de\/markt\/produkt\/umbra-skinny-abfalleimer-salbeigruen\/","title":{"rendered":"Umbra Skinny Abfalleimer, Salbeigr\u00fcn,"},"content":{"rendered":"<p>PASST FAST \u00dcBERALL: Skinny ist ein stylischer Abfalleimer mit modernem, schlankem Design, das sich nicht nur \u00fcberall gut macht, sondern auch in enge oder unzug\u00e4ngliche Ecken und Bereiche in Ihrem Badezimmer, Schlafzimmer oder B\u00fcro passt<br \/>\nSCHLAUES DESIGN: Trotz der schmalen Form verf\u00fcgt Skinny \u00fcber ein Fassungsverm\u00f6gen von 7, 5 Litern; die integrierten Griffe machen das Tragen und Entleeren besonders angenehm und einfach<br \/>\nSTRAPAZIERF\u00c4HIG &amp; EINFACH ZU REINIGEN: Der aus extra starkem Polypropylen hergestellte Skinny Abfallkorb ist \u00e4u\u00dferst strapazierf\u00e4hig; der abgerundete Boden verhindert das Absetzen von Schmutz oder Fl\u00fcssigkeit und l\u00e4sst sich mit einem feuchten Tuch leicht sauber halten<br \/>\nBEREICHERT IHR DEKOR: Anders als herk\u00f6mmliche M\u00fclleimer setzt Skinny einen Designakzent in Ihrem Zuhause oder B\u00fcro; lassen Sie sich von dem breiten Farbangebot und zahlreichen Oberfl\u00e4chenausf\u00fchrungen inspirieren<br \/>\nDAS ORIGINAL: Der von Karim Rashid und David Quan f\u00fcr Umbra entworfene Skinny Papierkorb verwandelt einen allt\u00e4glichen Haushaltsgegenstand in ein Designobjekt<br \/>\n<div class=\"main-cross-sell\" data-asin=\"B07Q2W64RS\">\n\n\t<div class=\"WooZone-cross-sell-loader\">\n\t\t<div>\n\t\t\t<div id=\"floatingBarsG\">\n\t\t\t\t<div class=\"blockG\" id=\"rotateG_01\"><\/div>\n\t\t\t\t<div class=\"blockG\" id=\"rotateG_02\"><\/div>\n\t\t\t\t<div class=\"blockG\" id=\"rotateG_03\"><\/div>\n\t\t\t\t<div class=\"blockG\" id=\"rotateG_04\"><\/div>\n\t\t\t\t<div class=\"blockG\" id=\"rotateG_05\"><\/div>\n\t\t\t\t<div class=\"blockG\" id=\"rotateG_06\"><\/div>\n\t\t\t\t<div class=\"blockG\" id=\"rotateG_07\"><\/div>\n\t\t\t\t<div class=\"blockG\" id=\"rotateG_08\"><\/div>\n\t\t\t<\/div>\n\t\t\t<div class=\"WooZone-cross-sell-loader-text\"><\/div>\n\t\t<\/div>\n\t<\/div>\n\n\t\t\n<\/div>\n<div style=\"clear:both;\"><\/div><\/p>\n","protected":false},"excerpt":{"rendered":"<p>PASST FAST \u00dcBERALL: Skinny ist ein stylischer Abfalleimer mit modernem, schlankem Design, das sich nicht nur \u00fcberall gut macht, sondern auch in enge oder unzug\u00e4ngliche Ecken und Bereiche in Ihrem Badezimmer, Schlafzimmer oder B\u00fcro passt<br \/>\nSCHLAUES DESIGN: Trotz der schmalen Form verf\u00fcgt Skinny \u00fcber ein Fassungsverm\u00f6gen von 7, 5 Litern; die integrierten Griffe machen das Tragen und Entleeren besonders angenehm und einfach<br \/>\nSTRAPAZIERF\u00c4HIG &amp; EINFACH ZU REINIGEN: Der aus extra starkem Polypropylen hergestellte Skinny Abfallkorb ist \u00e4u\u00dferst strapazierf\u00e4hig; der abgerundete Boden verhindert das Absetzen von Schmutz oder Fl\u00fcssigkeit und l\u00e4sst sich mit einem feuchten Tuch leicht sauber halten<\/p>\n","protected":false},"featured_media":76512,"comment_status":"open","ping_status":"closed","template":"","meta":[],"product_brand":[],"product_cat":[504,8312],"product_tag":[],"class_list":{"0":"post-76511","1":"product","2":"type-product","3":"status-publish","4":"has-post-thumbnail","6":"product_cat-buerobedarf-schreibwaren","7":"product_cat-bueromoebel-beleuchtung","8":"pa_binding-haushaltswaren","9":"pa_brand-umbra","10":"pa_color-tuerkis","11":"pa_height-13-zoll","12":"pa_length-13-5-zoll","13":"pa_manufacturer-umbra","14":"pa_model-082610-1095","15":"pa_size-34-3-x-16-5-x-33-cm","16":"pa_weight-0-9-pfund","17":"pa_width-6-5-zoll","19":"first","20":"instock","21":"shipping-taxable","22":"purchasable","23":"product-type-simple","24":"customify-col","25":"product-has-gallery"},"yoast_head":"<!-- This site is optimized with the Yoast SEO plugin v27.3 - https:\/\/yoast.com\/product\/yoast-seo-wordpress\/ -->\n<title>Umbra Skinny Abfalleimer, Salbeigr\u00fcn, - Markt-XXL<\/title>\n<meta name=\"description\" content=\"Markt-XXL Umbra Skinny Abfalleimer, Salbeigr\u00fcn,\" \/>\n<meta name=\"robots\" content=\"index, follow, max-snippet:-1, max-image-preview:large, max-video-preview:-1\" \/>\n<link rel=\"canonical\" href=\"https:\/\/marktxxl.de\/markt\/produkt\/umbra-skinny-abfalleimer-salbeigruen\/\" \/>\n<meta property=\"og:locale\" content=\"de_DE\" \/>\n<meta property=\"og:type\" content=\"article\" \/>\n<meta property=\"og:title\" content=\"Umbra Skinny Abfalleimer, Salbeigr\u00fcn, - Markt-XXL\" \/>\n<meta property=\"og:description\" content=\"Markt-XXL Umbra Skinny Abfalleimer, Salbeigr\u00fcn,\" \/>\n<meta property=\"og:url\" content=\"https:\/\/marktxxl.de\/markt\/produkt\/umbra-skinny-abfalleimer-salbeigruen\/\" \/>\n<meta property=\"og:site_name\" content=\"Markt-XXL\" \/>\n<meta property=\"article:modified_time\" content=\"2023-04-09T00:24:31+00:00\" \/>\n<meta property=\"og:image\" content=\"https:\/\/m.media-amazon.com\/images\/I\/31LHp7ILydL._SL500_.jpg\" \/>\n\t<meta property=\"og:image:width\" content=\"500\" \/>\n\t<meta property=\"og:image:height\" content=\"500\" \/>\n\t<meta property=\"og:image:type\" content=\"image\/jpeg\" \/>\n<meta name=\"twitter:card\" content=\"summary_large_image\" \/>\n<meta name=\"twitter:label1\" content=\"Gesch\u00e4tzte Lesezeit\" \/>\n\t<meta name=\"twitter:data1\" content=\"1\u00a0Minute\" \/>\n<script type=\"application\/ld+json\" class=\"yoast-schema-graph\">{\"@context\":\"https:\\\/\\\/schema.org\",\"@graph\":[{\"@type\":\"WebPage\",\"@id\":\"https:\\\/\\\/marktxxl.de\\\/markt\\\/produkt\\\/umbra-skinny-abfalleimer-salbeigruen\\\/\",\"url\":\"https:\\\/\\\/marktxxl.de\\\/markt\\\/produkt\\\/umbra-skinny-abfalleimer-salbeigruen\\\/\",\"name\":\"Umbra Skinny Abfalleimer, Salbeigr\u00fcn, - Markt-XXL\",\"isPartOf\":{\"@id\":\"https:\\\/\\\/marktxxl.de\\\/markt\\\/#website\"},\"primaryImageOfPage\":{\"@id\":\"https:\\\/\\\/marktxxl.de\\\/markt\\\/produkt\\\/umbra-skinny-abfalleimer-salbeigruen\\\/#primaryimage\"},\"image\":{\"@id\":\"https:\\\/\\\/marktxxl.de\\\/markt\\\/produkt\\\/umbra-skinny-abfalleimer-salbeigruen\\\/#primaryimage\"},\"thumbnailUrl\":\"https:\\\/\\\/m.media-amazon.com\\\/images\\\/I\\\/31LHp7ILydL._SL500_.jpg\",\"datePublished\":\"2021-11-25T13:39:54+00:00\",\"dateModified\":\"2023-04-09T00:24:31+00:00\",\"description\":\"Markt-XXL Umbra Skinny Abfalleimer, Salbeigr\u00fcn,\",\"breadcrumb\":{\"@id\":\"https:\\\/\\\/marktxxl.de\\\/markt\\\/produkt\\\/umbra-skinny-abfalleimer-salbeigruen\\\/#breadcrumb\"},\"inLanguage\":\"de\",\"potentialAction\":[{\"@type\":\"ReadAction\",\"target\":[\"https:\\\/\\\/marktxxl.de\\\/markt\\\/produkt\\\/umbra-skinny-abfalleimer-salbeigruen\\\/\"]}]},{\"@type\":\"ImageObject\",\"inLanguage\":\"de\",\"@id\":\"https:\\\/\\\/marktxxl.de\\\/markt\\\/produkt\\\/umbra-skinny-abfalleimer-salbeigruen\\\/#primaryimage\",\"url\":\"https:\\\/\\\/m.media-amazon.com\\\/images\\\/I\\\/31LHp7ILydL._SL500_.jpg\",\"contentUrl\":\"https:\\\/\\\/m.media-amazon.com\\\/images\\\/I\\\/31LHp7ILydL._SL500_.jpg\",\"width\":500,\"height\":500},{\"@type\":\"BreadcrumbList\",\"@id\":\"https:\\\/\\\/marktxxl.de\\\/markt\\\/produkt\\\/umbra-skinny-abfalleimer-salbeigruen\\\/#breadcrumb\",\"itemListElement\":[{\"@type\":\"ListItem\",\"position\":1,\"name\":\"Startseite\",\"item\":\"https:\\\/\\\/marktxxl.de\\\/markt\\\/\"},{\"@type\":\"ListItem\",\"position\":2,\"name\":\"Markt\",\"item\":\"https:\\\/\\\/marktxxl.de\\\/markt\\\/\"},{\"@type\":\"ListItem\",\"position\":3,\"name\":\"Umbra Skinny Abfalleimer, Salbeigr\u00fcn,\"}]},{\"@type\":\"WebSite\",\"@id\":\"https:\\\/\\\/marktxxl.de\\\/markt\\\/#website\",\"url\":\"https:\\\/\\\/marktxxl.de\\\/markt\\\/\",\"name\":\"Markt-XXL\",\"description\":\"Ihr Markt Online\",\"publisher\":{\"@id\":\"https:\\\/\\\/marktxxl.de\\\/markt\\\/#organization\"},\"potentialAction\":[{\"@type\":\"SearchAction\",\"target\":{\"@type\":\"EntryPoint\",\"urlTemplate\":\"https:\\\/\\\/marktxxl.de\\\/markt\\\/?s={search_term_string}\"},\"query-input\":{\"@type\":\"PropertyValueSpecification\",\"valueRequired\":true,\"valueName\":\"search_term_string\"}}],\"inLanguage\":\"de\"},{\"@type\":\"Organization\",\"@id\":\"https:\\\/\\\/marktxxl.de\\\/markt\\\/#organization\",\"name\":\"Markt-XXL\",\"url\":\"https:\\\/\\\/marktxxl.de\\\/markt\\\/\",\"logo\":{\"@type\":\"ImageObject\",\"inLanguage\":\"de\",\"@id\":\"https:\\\/\\\/marktxxl.de\\\/markt\\\/#\\\/schema\\\/logo\\\/image\\\/\",\"url\":\"https:\\\/\\\/marktxxl.de\\\/markt\\\/wp-content\\\/uploads\\\/sites\\\/3\\\/2020\\\/12\\\/logo.png\",\"contentUrl\":\"https:\\\/\\\/marktxxl.de\\\/markt\\\/wp-content\\\/uploads\\\/sites\\\/3\\\/2020\\\/12\\\/logo.png\",\"width\":200,\"height\":70,\"caption\":\"Markt-XXL\"},\"image\":{\"@id\":\"https:\\\/\\\/marktxxl.de\\\/markt\\\/#\\\/schema\\\/logo\\\/image\\\/\"}}]}<\/script>\n<!-- \/ Yoast SEO plugin. -->","yoast_head_json":{"title":"Umbra Skinny Abfalleimer, Salbeigr\u00fcn, - Markt-XXL","description":"Markt-XXL Umbra Skinny Abfalleimer, Salbeigr\u00fcn,","robots":{"index":"index","follow":"follow","max-snippet":"max-snippet:-1","max-image-preview":"max-image-preview:large","max-video-preview":"max-video-preview:-1"},"canonical":"https:\/\/marktxxl.de\/markt\/produkt\/umbra-skinny-abfalleimer-salbeigruen\/","og_locale":"de_DE","og_type":"article","og_title":"Umbra Skinny Abfalleimer, Salbeigr\u00fcn, - Markt-XXL","og_description":"Markt-XXL Umbra Skinny Abfalleimer, Salbeigr\u00fcn,","og_url":"https:\/\/marktxxl.de\/markt\/produkt\/umbra-skinny-abfalleimer-salbeigruen\/","og_site_name":"Markt-XXL","article_modified_time":"2023-04-09T00:24:31+00:00","og_image":[{"width":500,"height":500,"url":"https:\/\/m.media-amazon.com\/images\/I\/31LHp7ILydL._SL500_.jpg","type":"image\/jpeg"}],"twitter_card":"summary_large_image","twitter_misc":{"Gesch\u00e4tzte Lesezeit":"1\u00a0Minute"},"schema":{"@context":"https:\/\/schema.org","@graph":[{"@type":"WebPage","@id":"https:\/\/marktxxl.de\/markt\/produkt\/umbra-skinny-abfalleimer-salbeigruen\/","url":"https:\/\/marktxxl.de\/markt\/produkt\/umbra-skinny-abfalleimer-salbeigruen\/","name":"Umbra Skinny Abfalleimer, Salbeigr\u00fcn, - Markt-XXL","isPartOf":{"@id":"https:\/\/marktxxl.de\/markt\/#website"},"primaryImageOfPage":{"@id":"https:\/\/marktxxl.de\/markt\/produkt\/umbra-skinny-abfalleimer-salbeigruen\/#primaryimage"},"image":{"@id":"https:\/\/marktxxl.de\/markt\/produkt\/umbra-skinny-abfalleimer-salbeigruen\/#primaryimage"},"thumbnailUrl":"https:\/\/m.media-amazon.com\/images\/I\/31LHp7ILydL._SL500_.jpg","datePublished":"2021-11-25T13:39:54+00:00","dateModified":"2023-04-09T00:24:31+00:00","description":"Markt-XXL Umbra Skinny Abfalleimer, Salbeigr\u00fcn,","breadcrumb":{"@id":"https:\/\/marktxxl.de\/markt\/produkt\/umbra-skinny-abfalleimer-salbeigruen\/#breadcrumb"},"inLanguage":"de","potentialAction":[{"@type":"ReadAction","target":["https:\/\/marktxxl.de\/markt\/produkt\/umbra-skinny-abfalleimer-salbeigruen\/"]}]},{"@type":"ImageObject","inLanguage":"de","@id":"https:\/\/marktxxl.de\/markt\/produkt\/umbra-skinny-abfalleimer-salbeigruen\/#primaryimage","url":"https:\/\/m.media-amazon.com\/images\/I\/31LHp7ILydL._SL500_.jpg","contentUrl":"https:\/\/m.media-amazon.com\/images\/I\/31LHp7ILydL._SL500_.jpg","width":500,"height":500},{"@type":"BreadcrumbList","@id":"https:\/\/marktxxl.de\/markt\/produkt\/umbra-skinny-abfalleimer-salbeigruen\/#breadcrumb","itemListElement":[{"@type":"ListItem","position":1,"name":"Startseite","item":"https:\/\/marktxxl.de\/markt\/"},{"@type":"ListItem","position":2,"name":"Markt","item":"https:\/\/marktxxl.de\/markt\/"},{"@type":"ListItem","position":3,"name":"Umbra Skinny Abfalleimer, Salbeigr\u00fcn,"}]},{"@type":"WebSite","@id":"https:\/\/marktxxl.de\/markt\/#website","url":"https:\/\/marktxxl.de\/markt\/","name":"Markt-XXL","description":"Ihr Markt Online","publisher":{"@id":"https:\/\/marktxxl.de\/markt\/#organization"},"potentialAction":[{"@type":"SearchAction","target":{"@type":"EntryPoint","urlTemplate":"https:\/\/marktxxl.de\/markt\/?s={search_term_string}"},"query-input":{"@type":"PropertyValueSpecification","valueRequired":true,"valueName":"search_term_string"}}],"inLanguage":"de"},{"@type":"Organization","@id":"https:\/\/marktxxl.de\/markt\/#organization","name":"Markt-XXL","url":"https:\/\/marktxxl.de\/markt\/","logo":{"@type":"ImageObject","inLanguage":"de","@id":"https:\/\/marktxxl.de\/markt\/#\/schema\/logo\/image\/","url":"https:\/\/marktxxl.de\/markt\/wp-content\/uploads\/sites\/3\/2020\/12\/logo.png","contentUrl":"https:\/\/marktxxl.de\/markt\/wp-content\/uploads\/sites\/3\/2020\/12\/logo.png","width":200,"height":70,"caption":"Markt-XXL"},"image":{"@id":"https:\/\/marktxxl.de\/markt\/#\/schema\/logo\/image\/"}}]}},"_links":{"self":[{"href":"https:\/\/marktxxl.de\/markt\/wp-json\/wp\/v2\/product\/76511","targetHints":{"allow":["GET"]}}],"collection":[{"href":"https:\/\/marktxxl.de\/markt\/wp-json\/wp\/v2\/product"}],"about":[{"href":"https:\/\/marktxxl.de\/markt\/wp-json\/wp\/v2\/types\/product"}],"replies":[{"embeddable":true,"href":"https:\/\/marktxxl.de\/markt\/wp-json\/wp\/v2\/comments?post=76511"}],"wp:featuredmedia":[{"embeddable":true,"href":"https:\/\/marktxxl.de\/markt\/wp-json\/wp\/v2\/media\/76512"}],"wp:attachment":[{"href":"https:\/\/marktxxl.de\/markt\/wp-json\/wp\/v2\/media?parent=76511"}],"wp:term":[{"taxonomy":"product_brand","embeddable":true,"href":"https:\/\/marktxxl.de\/markt\/wp-json\/wp\/v2\/product_brand?post=76511"},{"taxonomy":"product_cat","embeddable":true,"href":"https:\/\/marktxxl.de\/markt\/wp-json\/wp\/v2\/product_cat?post=76511"},{"taxonomy":"product_tag","embeddable":true,"href":"https:\/\/marktxxl.de\/markt\/wp-json\/wp\/v2\/product_tag?post=76511"}],"curies":[{"name":"wp","href":"https:\/\/api.w.org\/{rel}","templated":true}]}}