{"id":76489,"date":"2021-11-25T14:39:41","date_gmt":"2021-11-25T13:39:41","guid":{"rendered":"https:\/\/marktxxl.de\/markt\/produkt\/ersatzrollen-fuer-buerostuhl-gummi-fuer-hartholzboeden-und-teppich-5er-set-strapazierfaehige-buerostuhlrollen-fuer-stuehle-um-stuhlmatten-zu-ersetzen-universelle-passform\/"},"modified":"2023-04-09T02:24:31","modified_gmt":"2023-04-09T00:24:31","slug":"ersatzrollen-fuer-buerostuhl-gummi-fuer-hartholzboeden-und-teppich-5er-set-strapazierfaehige-buerostuhlrollen-fuer-stuehle-um-stuhlmatten-zu-ersetzen-universelle-passform","status":"publish","type":"product","link":"https:\/\/marktxxl.de\/markt\/produkt\/ersatzrollen-fuer-buerostuhl-gummi-fuer-hartholzboeden-und-teppich-5er-set-strapazierfaehige-buerostuhlrollen-fuer-stuehle-um-stuhlmatten-zu-ersetzen-universelle-passform\/","title":{"rendered":"B\u00fcrostuhl Rollen 5er Set, B\u00fcrostuhl-R\u00e4der Ersatzrollen f\u00fcr Teppich- und Parkettb\u00f6den, Strapazierf\u00e4hige B\u00fcrostuhlrollen\u2026"},"content":{"rendered":"<p>Die letzten B\u00fcrostuhlrollen, die Sie brauchen nicht alle Lenkrollen sind gleich. Unsere robusten Stuhlrollen sind aus industriellem Stahl, Pr\u00e4zisionskugellager und langlebigen Polyurethan-Stuhlrollen. Sie k\u00f6nnen Lasten bis zu 295 kg tragen<br \/>\nSchreibtischstuhlmatte wird nicht mehr ben\u00f6tigt. Unsere Schreibtischstuhlrollen werden Ihre B\u00f6den niemals zerkratzen, verschmieren oder besch\u00e4digen. Genie\u00dfen Sie ein sorgloses, sicheres Gleiten \u00fcber Holz-, Hartholz-, Laminat-, Vinyl-, Fliesen- und Teppichb\u00f6den den ganzen Tag.<br \/>\nGlattes Gleiten ist so leise wie eine Maus. Ein quietschendes, wackeliges B\u00fcrostuhlrad ist ein sagenhaftes Zeichen, dass sie billig und schlecht gemacht sind. Sie gleiten und gleiten in v\u00f6lliger Ruhe mit unseren Lenkrollen.<br \/>\nIhre Zufriedenheit ist unsere oberste Priorit\u00e4t. Wir haben gro\u00dfe M\u00fche gesetzt, um sicherzustellen, dass wir die besten Schreibtischstuhlrollen auf dem Planeten geschaffen haben. Nach einer schnellen Installation und Gleiten, sind wir uns sicher, dass Sie zustimmen werden. Wenn Sie mit einem Wunder nicht zufrieden sind, geben wir Ihnen eine volle<br \/>\n<div class=\"main-cross-sell\" data-asin=\"B085XMX165\">\n\n\t<div class=\"WooZone-cross-sell-loader\">\n\t\t<div>\n\t\t\t<div id=\"floatingBarsG\">\n\t\t\t\t<div class=\"blockG\" id=\"rotateG_01\"><\/div>\n\t\t\t\t<div class=\"blockG\" id=\"rotateG_02\"><\/div>\n\t\t\t\t<div class=\"blockG\" id=\"rotateG_03\"><\/div>\n\t\t\t\t<div class=\"blockG\" id=\"rotateG_04\"><\/div>\n\t\t\t\t<div class=\"blockG\" id=\"rotateG_05\"><\/div>\n\t\t\t\t<div class=\"blockG\" id=\"rotateG_06\"><\/div>\n\t\t\t\t<div class=\"blockG\" id=\"rotateG_07\"><\/div>\n\t\t\t\t<div class=\"blockG\" id=\"rotateG_08\"><\/div>\n\t\t\t<\/div>\n\t\t\t<div class=\"WooZone-cross-sell-loader-text\"><\/div>\n\t\t<\/div>\n\t<\/div>\n\n\t\t\n<\/div>\n<div style=\"clear:both;\"><\/div><\/p>\n","protected":false},"excerpt":{"rendered":"<p>Die letzten B\u00fcrostuhlrollen, die Sie brauchen nicht alle Lenkrollen sind gleich. Unsere robusten Stuhlrollen sind aus industriellem Stahl, Pr\u00e4zisionskugellager und langlebigen Polyurethan-Stuhlrollen. Sie k\u00f6nnen Lasten bis zu 295 kg tragen<br \/>\nSchreibtischstuhlmatte wird nicht mehr ben\u00f6tigt. Unsere Schreibtischstuhlrollen werden Ihre B\u00f6den niemals zerkratzen, verschmieren oder besch\u00e4digen. Genie\u00dfen Sie ein sorgloses, sicheres Gleiten \u00fcber Holz-, Hartholz-, Laminat-, Vinyl-, Fliesen- und Teppichb\u00f6den den ganzen Tag.<br \/>\nGlattes Gleiten ist so leise wie eine Maus. Ein quietschendes, wackeliges B\u00fcrostuhlrad ist ein sagenhaftes Zeichen, dass sie billig und schlecht gemacht sind. Sie gleiten und gleiten in v\u00f6lliger Ruhe mit unseren Lenkrollen.<\/p>\n","protected":false},"featured_media":76490,"comment_status":"open","ping_status":"closed","template":"","meta":[],"product_brand":[],"product_cat":[504,8312],"product_tag":[],"class_list":{"0":"post-76489","1":"product","2":"type-product","3":"status-publish","4":"has-post-thumbnail","6":"product_cat-buerobedarf-schreibwaren","7":"product_cat-bueromoebel-beleuchtung","8":"pa_brand-lifelong","9":"pa_manufacturer-joerres","11":"first","12":"instock","13":"shipping-taxable","14":"purchasable","15":"product-type-simple","16":"customify-col","17":"product-has-gallery"},"yoast_head":"<!-- This site is optimized with the Yoast SEO plugin v27.3 - https:\/\/yoast.com\/product\/yoast-seo-wordpress\/ -->\n<title>B\u00fcrostuhl Rollen 5er Set, B\u00fcrostuhl-R\u00e4der Ersatzrollen f\u00fcr Teppich- und Parkettb\u00f6den, Strapazierf\u00e4hige B\u00fcrostuhlrollen\u2026 - Markt-XXL<\/title>\n<meta name=\"description\" content=\"Markt-XXL B\u00fcrostuhl Rollen 5er Set, B\u00fcrostuhl-R\u00e4der Ersatzrollen f\u00fcr Teppich- und Parkettb\u00f6den, Strapazierf\u00e4hige B\u00fcrostuhlrollen\u2026\" \/>\n<meta name=\"robots\" content=\"index, follow, max-snippet:-1, max-image-preview:large, max-video-preview:-1\" \/>\n<link rel=\"canonical\" href=\"https:\/\/marktxxl.de\/markt\/produkt\/ersatzrollen-fuer-buerostuhl-gummi-fuer-hartholzboeden-und-teppich-5er-set-strapazierfaehige-buerostuhlrollen-fuer-stuehle-um-stuhlmatten-zu-ersetzen-universelle-passform\/\" \/>\n<meta property=\"og:locale\" content=\"de_DE\" \/>\n<meta property=\"og:type\" content=\"article\" \/>\n<meta property=\"og:title\" content=\"B\u00fcrostuhl Rollen 5er Set, B\u00fcrostuhl-R\u00e4der Ersatzrollen f\u00fcr Teppich- und Parkettb\u00f6den, Strapazierf\u00e4hige B\u00fcrostuhlrollen\u2026 - Markt-XXL\" \/>\n<meta property=\"og:description\" content=\"Markt-XXL B\u00fcrostuhl Rollen 5er Set, B\u00fcrostuhl-R\u00e4der Ersatzrollen f\u00fcr Teppich- und Parkettb\u00f6den, Strapazierf\u00e4hige B\u00fcrostuhlrollen\u2026\" \/>\n<meta property=\"og:url\" content=\"https:\/\/marktxxl.de\/markt\/produkt\/ersatzrollen-fuer-buerostuhl-gummi-fuer-hartholzboeden-und-teppich-5er-set-strapazierfaehige-buerostuhlrollen-fuer-stuehle-um-stuhlmatten-zu-ersetzen-universelle-passform\/\" \/>\n<meta property=\"og:site_name\" content=\"Markt-XXL\" \/>\n<meta property=\"article:modified_time\" content=\"2023-04-09T00:24:31+00:00\" \/>\n<meta property=\"og:image\" content=\"https:\/\/m.media-amazon.com\/images\/I\/41Pup2ztsFL._SL500_.jpg\" \/>\n\t<meta property=\"og:image:width\" content=\"500\" \/>\n\t<meta property=\"og:image:height\" content=\"500\" \/>\n\t<meta property=\"og:image:type\" content=\"image\/jpeg\" \/>\n<meta name=\"twitter:card\" content=\"summary_large_image\" \/>\n<meta name=\"twitter:label1\" content=\"Gesch\u00e4tzte Lesezeit\" \/>\n\t<meta name=\"twitter:data1\" content=\"1\u00a0Minute\" \/>\n<script type=\"application\/ld+json\" class=\"yoast-schema-graph\">{\"@context\":\"https:\\\/\\\/schema.org\",\"@graph\":[{\"@type\":\"WebPage\",\"@id\":\"https:\\\/\\\/marktxxl.de\\\/markt\\\/produkt\\\/ersatzrollen-fuer-buerostuhl-gummi-fuer-hartholzboeden-und-teppich-5er-set-strapazierfaehige-buerostuhlrollen-fuer-stuehle-um-stuhlmatten-zu-ersetzen-universelle-passform\\\/\",\"url\":\"https:\\\/\\\/marktxxl.de\\\/markt\\\/produkt\\\/ersatzrollen-fuer-buerostuhl-gummi-fuer-hartholzboeden-und-teppich-5er-set-strapazierfaehige-buerostuhlrollen-fuer-stuehle-um-stuhlmatten-zu-ersetzen-universelle-passform\\\/\",\"name\":\"B\u00fcrostuhl Rollen 5er Set, B\u00fcrostuhl-R\u00e4der Ersatzrollen f\u00fcr Teppich- und Parkettb\u00f6den, Strapazierf\u00e4hige B\u00fcrostuhlrollen\u2026 - Markt-XXL\",\"isPartOf\":{\"@id\":\"https:\\\/\\\/marktxxl.de\\\/markt\\\/#website\"},\"primaryImageOfPage\":{\"@id\":\"https:\\\/\\\/marktxxl.de\\\/markt\\\/produkt\\\/ersatzrollen-fuer-buerostuhl-gummi-fuer-hartholzboeden-und-teppich-5er-set-strapazierfaehige-buerostuhlrollen-fuer-stuehle-um-stuhlmatten-zu-ersetzen-universelle-passform\\\/#primaryimage\"},\"image\":{\"@id\":\"https:\\\/\\\/marktxxl.de\\\/markt\\\/produkt\\\/ersatzrollen-fuer-buerostuhl-gummi-fuer-hartholzboeden-und-teppich-5er-set-strapazierfaehige-buerostuhlrollen-fuer-stuehle-um-stuhlmatten-zu-ersetzen-universelle-passform\\\/#primaryimage\"},\"thumbnailUrl\":\"https:\\\/\\\/m.media-amazon.com\\\/images\\\/I\\\/41Pup2ztsFL._SL500_.jpg\",\"datePublished\":\"2021-11-25T13:39:41+00:00\",\"dateModified\":\"2023-04-09T00:24:31+00:00\",\"description\":\"Markt-XXL B\u00fcrostuhl Rollen 5er Set, B\u00fcrostuhl-R\u00e4der Ersatzrollen f\u00fcr Teppich- und Parkettb\u00f6den, Strapazierf\u00e4hige B\u00fcrostuhlrollen\u2026\",\"breadcrumb\":{\"@id\":\"https:\\\/\\\/marktxxl.de\\\/markt\\\/produkt\\\/ersatzrollen-fuer-buerostuhl-gummi-fuer-hartholzboeden-und-teppich-5er-set-strapazierfaehige-buerostuhlrollen-fuer-stuehle-um-stuhlmatten-zu-ersetzen-universelle-passform\\\/#breadcrumb\"},\"inLanguage\":\"de\",\"potentialAction\":[{\"@type\":\"ReadAction\",\"target\":[\"https:\\\/\\\/marktxxl.de\\\/markt\\\/produkt\\\/ersatzrollen-fuer-buerostuhl-gummi-fuer-hartholzboeden-und-teppich-5er-set-strapazierfaehige-buerostuhlrollen-fuer-stuehle-um-stuhlmatten-zu-ersetzen-universelle-passform\\\/\"]}]},{\"@type\":\"ImageObject\",\"inLanguage\":\"de\",\"@id\":\"https:\\\/\\\/marktxxl.de\\\/markt\\\/produkt\\\/ersatzrollen-fuer-buerostuhl-gummi-fuer-hartholzboeden-und-teppich-5er-set-strapazierfaehige-buerostuhlrollen-fuer-stuehle-um-stuhlmatten-zu-ersetzen-universelle-passform\\\/#primaryimage\",\"url\":\"https:\\\/\\\/m.media-amazon.com\\\/images\\\/I\\\/41Pup2ztsFL._SL500_.jpg\",\"contentUrl\":\"https:\\\/\\\/m.media-amazon.com\\\/images\\\/I\\\/41Pup2ztsFL._SL500_.jpg\",\"width\":500,\"height\":500},{\"@type\":\"BreadcrumbList\",\"@id\":\"https:\\\/\\\/marktxxl.de\\\/markt\\\/produkt\\\/ersatzrollen-fuer-buerostuhl-gummi-fuer-hartholzboeden-und-teppich-5er-set-strapazierfaehige-buerostuhlrollen-fuer-stuehle-um-stuhlmatten-zu-ersetzen-universelle-passform\\\/#breadcrumb\",\"itemListElement\":[{\"@type\":\"ListItem\",\"position\":1,\"name\":\"Startseite\",\"item\":\"https:\\\/\\\/marktxxl.de\\\/markt\\\/\"},{\"@type\":\"ListItem\",\"position\":2,\"name\":\"Markt\",\"item\":\"https:\\\/\\\/marktxxl.de\\\/markt\\\/\"},{\"@type\":\"ListItem\",\"position\":3,\"name\":\"B\u00fcrostuhl Rollen 5er Set, B\u00fcrostuhl-R\u00e4der Ersatzrollen f\u00fcr Teppich- und Parkettb\u00f6den, Strapazierf\u00e4hige B\u00fcrostuhlrollen\u2026\"}]},{\"@type\":\"WebSite\",\"@id\":\"https:\\\/\\\/marktxxl.de\\\/markt\\\/#website\",\"url\":\"https:\\\/\\\/marktxxl.de\\\/markt\\\/\",\"name\":\"Markt-XXL\",\"description\":\"Ihr Markt Online\",\"publisher\":{\"@id\":\"https:\\\/\\\/marktxxl.de\\\/markt\\\/#organization\"},\"potentialAction\":[{\"@type\":\"SearchAction\",\"target\":{\"@type\":\"EntryPoint\",\"urlTemplate\":\"https:\\\/\\\/marktxxl.de\\\/markt\\\/?s={search_term_string}\"},\"query-input\":{\"@type\":\"PropertyValueSpecification\",\"valueRequired\":true,\"valueName\":\"search_term_string\"}}],\"inLanguage\":\"de\"},{\"@type\":\"Organization\",\"@id\":\"https:\\\/\\\/marktxxl.de\\\/markt\\\/#organization\",\"name\":\"Markt-XXL\",\"url\":\"https:\\\/\\\/marktxxl.de\\\/markt\\\/\",\"logo\":{\"@type\":\"ImageObject\",\"inLanguage\":\"de\",\"@id\":\"https:\\\/\\\/marktxxl.de\\\/markt\\\/#\\\/schema\\\/logo\\\/image\\\/\",\"url\":\"https:\\\/\\\/marktxxl.de\\\/markt\\\/wp-content\\\/uploads\\\/sites\\\/3\\\/2020\\\/12\\\/logo.png\",\"contentUrl\":\"https:\\\/\\\/marktxxl.de\\\/markt\\\/wp-content\\\/uploads\\\/sites\\\/3\\\/2020\\\/12\\\/logo.png\",\"width\":200,\"height\":70,\"caption\":\"Markt-XXL\"},\"image\":{\"@id\":\"https:\\\/\\\/marktxxl.de\\\/markt\\\/#\\\/schema\\\/logo\\\/image\\\/\"}}]}<\/script>\n<!-- \/ Yoast SEO plugin. -->","yoast_head_json":{"title":"B\u00fcrostuhl Rollen 5er Set, B\u00fcrostuhl-R\u00e4der Ersatzrollen f\u00fcr Teppich- und Parkettb\u00f6den, Strapazierf\u00e4hige B\u00fcrostuhlrollen\u2026 - Markt-XXL","description":"Markt-XXL B\u00fcrostuhl Rollen 5er Set, B\u00fcrostuhl-R\u00e4der Ersatzrollen f\u00fcr Teppich- und Parkettb\u00f6den, Strapazierf\u00e4hige B\u00fcrostuhlrollen\u2026","robots":{"index":"index","follow":"follow","max-snippet":"max-snippet:-1","max-image-preview":"max-image-preview:large","max-video-preview":"max-video-preview:-1"},"canonical":"https:\/\/marktxxl.de\/markt\/produkt\/ersatzrollen-fuer-buerostuhl-gummi-fuer-hartholzboeden-und-teppich-5er-set-strapazierfaehige-buerostuhlrollen-fuer-stuehle-um-stuhlmatten-zu-ersetzen-universelle-passform\/","og_locale":"de_DE","og_type":"article","og_title":"B\u00fcrostuhl Rollen 5er Set, B\u00fcrostuhl-R\u00e4der Ersatzrollen f\u00fcr Teppich- und Parkettb\u00f6den, Strapazierf\u00e4hige B\u00fcrostuhlrollen\u2026 - Markt-XXL","og_description":"Markt-XXL B\u00fcrostuhl Rollen 5er Set, B\u00fcrostuhl-R\u00e4der Ersatzrollen f\u00fcr Teppich- und Parkettb\u00f6den, Strapazierf\u00e4hige B\u00fcrostuhlrollen\u2026","og_url":"https:\/\/marktxxl.de\/markt\/produkt\/ersatzrollen-fuer-buerostuhl-gummi-fuer-hartholzboeden-und-teppich-5er-set-strapazierfaehige-buerostuhlrollen-fuer-stuehle-um-stuhlmatten-zu-ersetzen-universelle-passform\/","og_site_name":"Markt-XXL","article_modified_time":"2023-04-09T00:24:31+00:00","og_image":[{"width":500,"height":500,"url":"https:\/\/m.media-amazon.com\/images\/I\/41Pup2ztsFL._SL500_.jpg","type":"image\/jpeg"}],"twitter_card":"summary_large_image","twitter_misc":{"Gesch\u00e4tzte Lesezeit":"1\u00a0Minute"},"schema":{"@context":"https:\/\/schema.org","@graph":[{"@type":"WebPage","@id":"https:\/\/marktxxl.de\/markt\/produkt\/ersatzrollen-fuer-buerostuhl-gummi-fuer-hartholzboeden-und-teppich-5er-set-strapazierfaehige-buerostuhlrollen-fuer-stuehle-um-stuhlmatten-zu-ersetzen-universelle-passform\/","url":"https:\/\/marktxxl.de\/markt\/produkt\/ersatzrollen-fuer-buerostuhl-gummi-fuer-hartholzboeden-und-teppich-5er-set-strapazierfaehige-buerostuhlrollen-fuer-stuehle-um-stuhlmatten-zu-ersetzen-universelle-passform\/","name":"B\u00fcrostuhl Rollen 5er Set, B\u00fcrostuhl-R\u00e4der Ersatzrollen f\u00fcr Teppich- und Parkettb\u00f6den, Strapazierf\u00e4hige B\u00fcrostuhlrollen\u2026 - Markt-XXL","isPartOf":{"@id":"https:\/\/marktxxl.de\/markt\/#website"},"primaryImageOfPage":{"@id":"https:\/\/marktxxl.de\/markt\/produkt\/ersatzrollen-fuer-buerostuhl-gummi-fuer-hartholzboeden-und-teppich-5er-set-strapazierfaehige-buerostuhlrollen-fuer-stuehle-um-stuhlmatten-zu-ersetzen-universelle-passform\/#primaryimage"},"image":{"@id":"https:\/\/marktxxl.de\/markt\/produkt\/ersatzrollen-fuer-buerostuhl-gummi-fuer-hartholzboeden-und-teppich-5er-set-strapazierfaehige-buerostuhlrollen-fuer-stuehle-um-stuhlmatten-zu-ersetzen-universelle-passform\/#primaryimage"},"thumbnailUrl":"https:\/\/m.media-amazon.com\/images\/I\/41Pup2ztsFL._SL500_.jpg","datePublished":"2021-11-25T13:39:41+00:00","dateModified":"2023-04-09T00:24:31+00:00","description":"Markt-XXL B\u00fcrostuhl Rollen 5er Set, B\u00fcrostuhl-R\u00e4der Ersatzrollen f\u00fcr Teppich- und Parkettb\u00f6den, Strapazierf\u00e4hige B\u00fcrostuhlrollen\u2026","breadcrumb":{"@id":"https:\/\/marktxxl.de\/markt\/produkt\/ersatzrollen-fuer-buerostuhl-gummi-fuer-hartholzboeden-und-teppich-5er-set-strapazierfaehige-buerostuhlrollen-fuer-stuehle-um-stuhlmatten-zu-ersetzen-universelle-passform\/#breadcrumb"},"inLanguage":"de","potentialAction":[{"@type":"ReadAction","target":["https:\/\/marktxxl.de\/markt\/produkt\/ersatzrollen-fuer-buerostuhl-gummi-fuer-hartholzboeden-und-teppich-5er-set-strapazierfaehige-buerostuhlrollen-fuer-stuehle-um-stuhlmatten-zu-ersetzen-universelle-passform\/"]}]},{"@type":"ImageObject","inLanguage":"de","@id":"https:\/\/marktxxl.de\/markt\/produkt\/ersatzrollen-fuer-buerostuhl-gummi-fuer-hartholzboeden-und-teppich-5er-set-strapazierfaehige-buerostuhlrollen-fuer-stuehle-um-stuhlmatten-zu-ersetzen-universelle-passform\/#primaryimage","url":"https:\/\/m.media-amazon.com\/images\/I\/41Pup2ztsFL._SL500_.jpg","contentUrl":"https:\/\/m.media-amazon.com\/images\/I\/41Pup2ztsFL._SL500_.jpg","width":500,"height":500},{"@type":"BreadcrumbList","@id":"https:\/\/marktxxl.de\/markt\/produkt\/ersatzrollen-fuer-buerostuhl-gummi-fuer-hartholzboeden-und-teppich-5er-set-strapazierfaehige-buerostuhlrollen-fuer-stuehle-um-stuhlmatten-zu-ersetzen-universelle-passform\/#breadcrumb","itemListElement":[{"@type":"ListItem","position":1,"name":"Startseite","item":"https:\/\/marktxxl.de\/markt\/"},{"@type":"ListItem","position":2,"name":"Markt","item":"https:\/\/marktxxl.de\/markt\/"},{"@type":"ListItem","position":3,"name":"B\u00fcrostuhl Rollen 5er Set, B\u00fcrostuhl-R\u00e4der Ersatzrollen f\u00fcr Teppich- und Parkettb\u00f6den, Strapazierf\u00e4hige B\u00fcrostuhlrollen\u2026"}]},{"@type":"WebSite","@id":"https:\/\/marktxxl.de\/markt\/#website","url":"https:\/\/marktxxl.de\/markt\/","name":"Markt-XXL","description":"Ihr Markt Online","publisher":{"@id":"https:\/\/marktxxl.de\/markt\/#organization"},"potentialAction":[{"@type":"SearchAction","target":{"@type":"EntryPoint","urlTemplate":"https:\/\/marktxxl.de\/markt\/?s={search_term_string}"},"query-input":{"@type":"PropertyValueSpecification","valueRequired":true,"valueName":"search_term_string"}}],"inLanguage":"de"},{"@type":"Organization","@id":"https:\/\/marktxxl.de\/markt\/#organization","name":"Markt-XXL","url":"https:\/\/marktxxl.de\/markt\/","logo":{"@type":"ImageObject","inLanguage":"de","@id":"https:\/\/marktxxl.de\/markt\/#\/schema\/logo\/image\/","url":"https:\/\/marktxxl.de\/markt\/wp-content\/uploads\/sites\/3\/2020\/12\/logo.png","contentUrl":"https:\/\/marktxxl.de\/markt\/wp-content\/uploads\/sites\/3\/2020\/12\/logo.png","width":200,"height":70,"caption":"Markt-XXL"},"image":{"@id":"https:\/\/marktxxl.de\/markt\/#\/schema\/logo\/image\/"}}]}},"_links":{"self":[{"href":"https:\/\/marktxxl.de\/markt\/wp-json\/wp\/v2\/product\/76489","targetHints":{"allow":["GET"]}}],"collection":[{"href":"https:\/\/marktxxl.de\/markt\/wp-json\/wp\/v2\/product"}],"about":[{"href":"https:\/\/marktxxl.de\/markt\/wp-json\/wp\/v2\/types\/product"}],"replies":[{"embeddable":true,"href":"https:\/\/marktxxl.de\/markt\/wp-json\/wp\/v2\/comments?post=76489"}],"wp:featuredmedia":[{"embeddable":true,"href":"https:\/\/marktxxl.de\/markt\/wp-json\/wp\/v2\/media\/76490"}],"wp:attachment":[{"href":"https:\/\/marktxxl.de\/markt\/wp-json\/wp\/v2\/media?parent=76489"}],"wp:term":[{"taxonomy":"product_brand","embeddable":true,"href":"https:\/\/marktxxl.de\/markt\/wp-json\/wp\/v2\/product_brand?post=76489"},{"taxonomy":"product_cat","embeddable":true,"href":"https:\/\/marktxxl.de\/markt\/wp-json\/wp\/v2\/product_cat?post=76489"},{"taxonomy":"product_tag","embeddable":true,"href":"https:\/\/marktxxl.de\/markt\/wp-json\/wp\/v2\/product_tag?post=76489"}],"curies":[{"name":"wp","href":"https:\/\/api.w.org\/{rel}","templated":true}]}}