{"id":76396,"date":"2021-11-25T14:36:20","date_gmt":"2021-11-25T13:36:20","guid":{"rendered":"https:\/\/marktxxl.de\/markt\/produkt\/wrap-it-storage-heavy-duty-straps-aufbewahrungsgurte-sortiertes-6er-pack-aufhaenger-schlaeuche-seile-wohnmobile-boots-und-garagenlagerung-und-organisation-fuer-klettverschluesse\/"},"modified":"2023-04-09T02:24:30","modified_gmt":"2023-04-09T00:24:30","slug":"wrap-it-storage-heavy-duty-straps-aufbewahrungsgurte-sortiertes-6er-pack-aufhaenger-schlaeuche-seile-wohnmobile-boots-und-garagenlagerung-und-organisation-fuer-klettverschluesse","status":"publish","type":"product","link":"https:\/\/marktxxl.de\/markt\/produkt\/wrap-it-storage-heavy-duty-straps-aufbewahrungsgurte-sortiertes-6er-pack-aufhaenger-schlaeuche-seile-wohnmobile-boots-und-garagenlagerung-und-organisation-fuer-klettverschluesse\/","title":{"rendered":"Heavy-Duty Wrap-It Storage Straps (Aufbewahrungsgurte) &#8211; (Sortiert 6er-Pack) &#8211; Aufh\u00e4nger, Schl\u00e4uche, Seile, Wohnmobile\u2026"},"content":{"rendered":"<p>ORGANISIERT WERDEN: Verwenden Sie Hochleistungs-Wrap-It-Aufbewahrungsb\u00e4nder zur Aufbewahrung und Organisation in der Garage, im Schuppen, im Gesch\u00e4ft und rund um das Haus, das Boot, oder das Wohnmobil. Organisieren Sie sich und bleiben Sie organisiert. Diese Gurte sind die beste L\u00f6sung f\u00fcr die Organisation von Kabeln, Schl\u00e4uchen, Seilen und vielem mehr!<br \/>\nQUALIT\u00c4TSMATERIAL: Diese robusten Aufbewahrungsgurte bestehen aus wetterfestem Polypropylen, industrietauglichem Klettverschluss und einer rostfreien T\u00fclle und sind f\u00fcr eine lange Lebensdauer im Innen- und Au\u00dfenbereich ausgelegt. Hochleistungs-Klettverschl\u00fcsse k\u00f6nnen bis zu 22 kg<br \/>\nH\u00c4NG ES AUF: Die rostfreie Metallt\u00fclle erleichtert das Aufh\u00e4ngen von Verl\u00e4ngerungskabeln, Schl\u00e4uchen, Seilen und vielem mehr! Holen Sie die Dinge vom Boden und organisieren Sie sich in der Garage, im Laden oder im Schuppen und rund um Haus, Boot, LKW oder Wohnmobil. Diese stabilen \u00d6senriemen passen in die Haken des Garagenspeichersystems und sind das perfekte Zubeh\u00f6r f\u00fcr Garagenaufbewahrung und Steckbrett.<br \/>\nENDLOSE VERWENDUNG: Zur Aufbewahrung von Verl\u00e4ngerungskabeln, Kabelaufbewahrung, Schlauchaufbewahrung, Seilaufbewahrung, Garagenlagerung und -organisation, Ladenorganisation oder als RV-Aufbewahrungsl\u00f6sung. Verwendung als Kabelwickel, Kabelhalter, Verl\u00e4ngerungskabelhalter, Verl\u00e4ngerungskabel-Organizer, Kabelfehler, Netzkabelwickel, Kabelhalter, Drahtb\u00e4nder, Werkzeuggurt oder als Luftschlauch-Organizer.<br \/>\nBEINHALTET: (2) 254 mm, (2) 330 mm, (2) 431 mm Aufbewahrungsgurte.<br \/>\n<div class=\"main-cross-sell\" data-asin=\"B06Y5Q4VZD\">\n\n\t<div class=\"WooZone-cross-sell-loader\">\n\t\t<div>\n\t\t\t<div id=\"floatingBarsG\">\n\t\t\t\t<div class=\"blockG\" id=\"rotateG_01\"><\/div>\n\t\t\t\t<div class=\"blockG\" id=\"rotateG_02\"><\/div>\n\t\t\t\t<div class=\"blockG\" id=\"rotateG_03\"><\/div>\n\t\t\t\t<div class=\"blockG\" id=\"rotateG_04\"><\/div>\n\t\t\t\t<div class=\"blockG\" id=\"rotateG_05\"><\/div>\n\t\t\t\t<div class=\"blockG\" id=\"rotateG_06\"><\/div>\n\t\t\t\t<div class=\"blockG\" id=\"rotateG_07\"><\/div>\n\t\t\t\t<div class=\"blockG\" id=\"rotateG_08\"><\/div>\n\t\t\t<\/div>\n\t\t\t<div class=\"WooZone-cross-sell-loader-text\"><\/div>\n\t\t<\/div>\n\t<\/div>\n\n\t\t\n<\/div>\n<div style=\"clear:both;\"><\/div><\/p>\n","protected":false},"excerpt":{"rendered":"<p>ORGANISIERT WERDEN: Verwenden Sie Hochleistungs-Wrap-It-Aufbewahrungsb\u00e4nder zur Aufbewahrung und Organisation in der Garage, im Schuppen, im Gesch\u00e4ft und rund um das Haus, das Boot, oder das Wohnmobil. Organisieren Sie sich und bleiben Sie organisiert. Diese Gurte sind die beste L\u00f6sung f\u00fcr die Organisation von Kabeln, Schl\u00e4uchen, Seilen und vielem mehr!<br \/>\nQUALIT\u00c4TSMATERIAL: Diese robusten Aufbewahrungsgurte bestehen aus wetterfestem Polypropylen, industrietauglichem Klettverschluss und einer rostfreien T\u00fclle und sind f\u00fcr eine lange Lebensdauer im Innen- und Au\u00dfenbereich ausgelegt. Hochleistungs-Klettverschl\u00fcsse k\u00f6nnen bis zu 22 kg<br \/>\nH\u00c4NG ES AUF: Die rostfreie Metallt\u00fclle erleichtert das Aufh\u00e4ngen von Verl\u00e4ngerungskabeln, Schl\u00e4uchen, Seilen und vielem mehr! Holen Sie die Dinge vom Boden und organisieren Sie sich in der Garage, im Laden oder im Schuppen und rund um Haus, Boot, LKW oder Wohnmobil. Diese stabilen \u00d6senriemen passen in die Haken des Garagenspeichersystems und sind das perfekte Zubeh\u00f6r f\u00fcr Garagenaufbewahrung und Steckbrett.<\/p>\n","protected":false},"featured_media":76397,"comment_status":"open","ping_status":"closed","template":"","meta":[],"product_brand":[],"product_cat":[504,8284],"product_tag":[],"class_list":{"0":"post-76396","1":"product","2":"type-product","3":"status-publish","4":"has-post-thumbnail","6":"product_cat-buerobedarf-schreibwaren","7":"product_cat-bueromaterial","8":"pa_binding-haushaltswaren","9":"pa_brand-wrap-it-storage","10":"pa_color-schwarz","11":"pa_height-9-1-zoll","12":"pa_length-6-9-zoll","13":"pa_manufacturer-wrap-it-storage","14":"pa_model-106-234b","15":"pa_size-sortiertes-6er-pack","16":"pa_width-1-5-zoll","18":"first","19":"instock","20":"shipping-taxable","21":"purchasable","22":"product-type-simple","23":"customify-col","24":"product-has-gallery"},"yoast_head":"<!-- This site is optimized with the Yoast SEO plugin v27.4 - https:\/\/yoast.com\/product\/yoast-seo-wordpress\/ -->\n<title>Heavy-Duty Wrap-It Storage Straps (Aufbewahrungsgurte) - (Sortiert 6er-Pack) - Aufh\u00e4nger, Schl\u00e4uche, Seile, Wohnmobile\u2026 - Markt-XXL<\/title>\n<meta name=\"description\" content=\"Markt-XXL Heavy-Duty Wrap-It Storage Straps (Aufbewahrungsgurte) - (Sortiert 6er-Pack) - Aufh\u00e4nger, Schl\u00e4uche, Seile, Wohnmobile\u2026\" \/>\n<meta name=\"robots\" content=\"index, follow, max-snippet:-1, max-image-preview:large, max-video-preview:-1\" \/>\n<link rel=\"canonical\" href=\"https:\/\/marktxxl.de\/markt\/produkt\/wrap-it-storage-heavy-duty-straps-aufbewahrungsgurte-sortiertes-6er-pack-aufhaenger-schlaeuche-seile-wohnmobile-boots-und-garagenlagerung-und-organisation-fuer-klettverschluesse\/\" \/>\n<meta property=\"og:locale\" content=\"de_DE\" \/>\n<meta property=\"og:type\" content=\"article\" \/>\n<meta property=\"og:title\" content=\"Heavy-Duty Wrap-It Storage Straps (Aufbewahrungsgurte) - (Sortiert 6er-Pack) - Aufh\u00e4nger, Schl\u00e4uche, Seile, Wohnmobile\u2026 - Markt-XXL\" \/>\n<meta property=\"og:description\" content=\"Markt-XXL Heavy-Duty Wrap-It Storage Straps (Aufbewahrungsgurte) - (Sortiert 6er-Pack) - Aufh\u00e4nger, Schl\u00e4uche, Seile, Wohnmobile\u2026\" \/>\n<meta property=\"og:url\" content=\"https:\/\/marktxxl.de\/markt\/produkt\/wrap-it-storage-heavy-duty-straps-aufbewahrungsgurte-sortiertes-6er-pack-aufhaenger-schlaeuche-seile-wohnmobile-boots-und-garagenlagerung-und-organisation-fuer-klettverschluesse\/\" \/>\n<meta property=\"og:site_name\" content=\"Markt-XXL\" \/>\n<meta property=\"article:modified_time\" content=\"2023-04-09T00:24:30+00:00\" \/>\n<meta property=\"og:image\" content=\"https:\/\/m.media-amazon.com\/images\/I\/51XVkDYq-+L._SL500_.jpg\" \/>\n\t<meta property=\"og:image:width\" content=\"500\" \/>\n\t<meta property=\"og:image:height\" content=\"500\" \/>\n\t<meta property=\"og:image:type\" content=\"image\/jpeg\" \/>\n<meta name=\"twitter:card\" content=\"summary_large_image\" \/>\n<meta name=\"twitter:label1\" content=\"Gesch\u00e4tzte Lesezeit\" \/>\n\t<meta name=\"twitter:data1\" content=\"1\u00a0Minute\" \/>\n<script type=\"application\/ld+json\" class=\"yoast-schema-graph\">{\"@context\":\"https:\\\/\\\/schema.org\",\"@graph\":[{\"@type\":\"WebPage\",\"@id\":\"https:\\\/\\\/marktxxl.de\\\/markt\\\/produkt\\\/wrap-it-storage-heavy-duty-straps-aufbewahrungsgurte-sortiertes-6er-pack-aufhaenger-schlaeuche-seile-wohnmobile-boots-und-garagenlagerung-und-organisation-fuer-klettverschluesse\\\/\",\"url\":\"https:\\\/\\\/marktxxl.de\\\/markt\\\/produkt\\\/wrap-it-storage-heavy-duty-straps-aufbewahrungsgurte-sortiertes-6er-pack-aufhaenger-schlaeuche-seile-wohnmobile-boots-und-garagenlagerung-und-organisation-fuer-klettverschluesse\\\/\",\"name\":\"Heavy-Duty Wrap-It Storage Straps (Aufbewahrungsgurte) - (Sortiert 6er-Pack) - Aufh\u00e4nger, Schl\u00e4uche, Seile, Wohnmobile\u2026 - Markt-XXL\",\"isPartOf\":{\"@id\":\"https:\\\/\\\/marktxxl.de\\\/markt\\\/#website\"},\"primaryImageOfPage\":{\"@id\":\"https:\\\/\\\/marktxxl.de\\\/markt\\\/produkt\\\/wrap-it-storage-heavy-duty-straps-aufbewahrungsgurte-sortiertes-6er-pack-aufhaenger-schlaeuche-seile-wohnmobile-boots-und-garagenlagerung-und-organisation-fuer-klettverschluesse\\\/#primaryimage\"},\"image\":{\"@id\":\"https:\\\/\\\/marktxxl.de\\\/markt\\\/produkt\\\/wrap-it-storage-heavy-duty-straps-aufbewahrungsgurte-sortiertes-6er-pack-aufhaenger-schlaeuche-seile-wohnmobile-boots-und-garagenlagerung-und-organisation-fuer-klettverschluesse\\\/#primaryimage\"},\"thumbnailUrl\":\"https:\\\/\\\/m.media-amazon.com\\\/images\\\/I\\\/51XVkDYq-+L._SL500_.jpg\",\"datePublished\":\"2021-11-25T13:36:20+00:00\",\"dateModified\":\"2023-04-09T00:24:30+00:00\",\"description\":\"Markt-XXL Heavy-Duty Wrap-It Storage Straps (Aufbewahrungsgurte) - (Sortiert 6er-Pack) - Aufh\u00e4nger, Schl\u00e4uche, Seile, Wohnmobile\u2026\",\"breadcrumb\":{\"@id\":\"https:\\\/\\\/marktxxl.de\\\/markt\\\/produkt\\\/wrap-it-storage-heavy-duty-straps-aufbewahrungsgurte-sortiertes-6er-pack-aufhaenger-schlaeuche-seile-wohnmobile-boots-und-garagenlagerung-und-organisation-fuer-klettverschluesse\\\/#breadcrumb\"},\"inLanguage\":\"de\",\"potentialAction\":[{\"@type\":\"ReadAction\",\"target\":[\"https:\\\/\\\/marktxxl.de\\\/markt\\\/produkt\\\/wrap-it-storage-heavy-duty-straps-aufbewahrungsgurte-sortiertes-6er-pack-aufhaenger-schlaeuche-seile-wohnmobile-boots-und-garagenlagerung-und-organisation-fuer-klettverschluesse\\\/\"]}]},{\"@type\":\"ImageObject\",\"inLanguage\":\"de\",\"@id\":\"https:\\\/\\\/marktxxl.de\\\/markt\\\/produkt\\\/wrap-it-storage-heavy-duty-straps-aufbewahrungsgurte-sortiertes-6er-pack-aufhaenger-schlaeuche-seile-wohnmobile-boots-und-garagenlagerung-und-organisation-fuer-klettverschluesse\\\/#primaryimage\",\"url\":\"https:\\\/\\\/m.media-amazon.com\\\/images\\\/I\\\/51XVkDYq-+L._SL500_.jpg\",\"contentUrl\":\"https:\\\/\\\/m.media-amazon.com\\\/images\\\/I\\\/51XVkDYq-+L._SL500_.jpg\",\"width\":500,\"height\":500},{\"@type\":\"BreadcrumbList\",\"@id\":\"https:\\\/\\\/marktxxl.de\\\/markt\\\/produkt\\\/wrap-it-storage-heavy-duty-straps-aufbewahrungsgurte-sortiertes-6er-pack-aufhaenger-schlaeuche-seile-wohnmobile-boots-und-garagenlagerung-und-organisation-fuer-klettverschluesse\\\/#breadcrumb\",\"itemListElement\":[{\"@type\":\"ListItem\",\"position\":1,\"name\":\"Startseite\",\"item\":\"https:\\\/\\\/marktxxl.de\\\/markt\\\/\"},{\"@type\":\"ListItem\",\"position\":2,\"name\":\"Markt\",\"item\":\"https:\\\/\\\/marktxxl.de\\\/markt\\\/\"},{\"@type\":\"ListItem\",\"position\":3,\"name\":\"Heavy-Duty Wrap-It Storage Straps (Aufbewahrungsgurte) &#8211; (Sortiert 6er-Pack) &#8211; Aufh\u00e4nger, Schl\u00e4uche, Seile, Wohnmobile\u2026\"}]},{\"@type\":\"WebSite\",\"@id\":\"https:\\\/\\\/marktxxl.de\\\/markt\\\/#website\",\"url\":\"https:\\\/\\\/marktxxl.de\\\/markt\\\/\",\"name\":\"Markt-XXL\",\"description\":\"Ihr Markt Online\",\"publisher\":{\"@id\":\"https:\\\/\\\/marktxxl.de\\\/markt\\\/#organization\"},\"potentialAction\":[{\"@type\":\"SearchAction\",\"target\":{\"@type\":\"EntryPoint\",\"urlTemplate\":\"https:\\\/\\\/marktxxl.de\\\/markt\\\/?s={search_term_string}\"},\"query-input\":{\"@type\":\"PropertyValueSpecification\",\"valueRequired\":true,\"valueName\":\"search_term_string\"}}],\"inLanguage\":\"de\"},{\"@type\":\"Organization\",\"@id\":\"https:\\\/\\\/marktxxl.de\\\/markt\\\/#organization\",\"name\":\"Markt-XXL\",\"url\":\"https:\\\/\\\/marktxxl.de\\\/markt\\\/\",\"logo\":{\"@type\":\"ImageObject\",\"inLanguage\":\"de\",\"@id\":\"https:\\\/\\\/marktxxl.de\\\/markt\\\/#\\\/schema\\\/logo\\\/image\\\/\",\"url\":\"https:\\\/\\\/marktxxl.de\\\/markt\\\/wp-content\\\/uploads\\\/sites\\\/3\\\/2020\\\/12\\\/logo.png\",\"contentUrl\":\"https:\\\/\\\/marktxxl.de\\\/markt\\\/wp-content\\\/uploads\\\/sites\\\/3\\\/2020\\\/12\\\/logo.png\",\"width\":200,\"height\":70,\"caption\":\"Markt-XXL\"},\"image\":{\"@id\":\"https:\\\/\\\/marktxxl.de\\\/markt\\\/#\\\/schema\\\/logo\\\/image\\\/\"}}]}<\/script>\n<!-- \/ Yoast SEO plugin. -->","yoast_head_json":{"title":"Heavy-Duty Wrap-It Storage Straps (Aufbewahrungsgurte) - (Sortiert 6er-Pack) - Aufh\u00e4nger, Schl\u00e4uche, Seile, Wohnmobile\u2026 - Markt-XXL","description":"Markt-XXL Heavy-Duty Wrap-It Storage Straps (Aufbewahrungsgurte) - (Sortiert 6er-Pack) - Aufh\u00e4nger, Schl\u00e4uche, Seile, Wohnmobile\u2026","robots":{"index":"index","follow":"follow","max-snippet":"max-snippet:-1","max-image-preview":"max-image-preview:large","max-video-preview":"max-video-preview:-1"},"canonical":"https:\/\/marktxxl.de\/markt\/produkt\/wrap-it-storage-heavy-duty-straps-aufbewahrungsgurte-sortiertes-6er-pack-aufhaenger-schlaeuche-seile-wohnmobile-boots-und-garagenlagerung-und-organisation-fuer-klettverschluesse\/","og_locale":"de_DE","og_type":"article","og_title":"Heavy-Duty Wrap-It Storage Straps (Aufbewahrungsgurte) - (Sortiert 6er-Pack) - Aufh\u00e4nger, Schl\u00e4uche, Seile, Wohnmobile\u2026 - Markt-XXL","og_description":"Markt-XXL Heavy-Duty Wrap-It Storage Straps (Aufbewahrungsgurte) - (Sortiert 6er-Pack) - Aufh\u00e4nger, Schl\u00e4uche, Seile, Wohnmobile\u2026","og_url":"https:\/\/marktxxl.de\/markt\/produkt\/wrap-it-storage-heavy-duty-straps-aufbewahrungsgurte-sortiertes-6er-pack-aufhaenger-schlaeuche-seile-wohnmobile-boots-und-garagenlagerung-und-organisation-fuer-klettverschluesse\/","og_site_name":"Markt-XXL","article_modified_time":"2023-04-09T00:24:30+00:00","og_image":[{"width":500,"height":500,"url":"https:\/\/m.media-amazon.com\/images\/I\/51XVkDYq-+L._SL500_.jpg","type":"image\/jpeg"}],"twitter_card":"summary_large_image","twitter_misc":{"Gesch\u00e4tzte Lesezeit":"1\u00a0Minute"},"schema":{"@context":"https:\/\/schema.org","@graph":[{"@type":"WebPage","@id":"https:\/\/marktxxl.de\/markt\/produkt\/wrap-it-storage-heavy-duty-straps-aufbewahrungsgurte-sortiertes-6er-pack-aufhaenger-schlaeuche-seile-wohnmobile-boots-und-garagenlagerung-und-organisation-fuer-klettverschluesse\/","url":"https:\/\/marktxxl.de\/markt\/produkt\/wrap-it-storage-heavy-duty-straps-aufbewahrungsgurte-sortiertes-6er-pack-aufhaenger-schlaeuche-seile-wohnmobile-boots-und-garagenlagerung-und-organisation-fuer-klettverschluesse\/","name":"Heavy-Duty Wrap-It Storage Straps (Aufbewahrungsgurte) - (Sortiert 6er-Pack) - Aufh\u00e4nger, Schl\u00e4uche, Seile, Wohnmobile\u2026 - Markt-XXL","isPartOf":{"@id":"https:\/\/marktxxl.de\/markt\/#website"},"primaryImageOfPage":{"@id":"https:\/\/marktxxl.de\/markt\/produkt\/wrap-it-storage-heavy-duty-straps-aufbewahrungsgurte-sortiertes-6er-pack-aufhaenger-schlaeuche-seile-wohnmobile-boots-und-garagenlagerung-und-organisation-fuer-klettverschluesse\/#primaryimage"},"image":{"@id":"https:\/\/marktxxl.de\/markt\/produkt\/wrap-it-storage-heavy-duty-straps-aufbewahrungsgurte-sortiertes-6er-pack-aufhaenger-schlaeuche-seile-wohnmobile-boots-und-garagenlagerung-und-organisation-fuer-klettverschluesse\/#primaryimage"},"thumbnailUrl":"https:\/\/m.media-amazon.com\/images\/I\/51XVkDYq-+L._SL500_.jpg","datePublished":"2021-11-25T13:36:20+00:00","dateModified":"2023-04-09T00:24:30+00:00","description":"Markt-XXL Heavy-Duty Wrap-It Storage Straps (Aufbewahrungsgurte) - (Sortiert 6er-Pack) - Aufh\u00e4nger, Schl\u00e4uche, Seile, Wohnmobile\u2026","breadcrumb":{"@id":"https:\/\/marktxxl.de\/markt\/produkt\/wrap-it-storage-heavy-duty-straps-aufbewahrungsgurte-sortiertes-6er-pack-aufhaenger-schlaeuche-seile-wohnmobile-boots-und-garagenlagerung-und-organisation-fuer-klettverschluesse\/#breadcrumb"},"inLanguage":"de","potentialAction":[{"@type":"ReadAction","target":["https:\/\/marktxxl.de\/markt\/produkt\/wrap-it-storage-heavy-duty-straps-aufbewahrungsgurte-sortiertes-6er-pack-aufhaenger-schlaeuche-seile-wohnmobile-boots-und-garagenlagerung-und-organisation-fuer-klettverschluesse\/"]}]},{"@type":"ImageObject","inLanguage":"de","@id":"https:\/\/marktxxl.de\/markt\/produkt\/wrap-it-storage-heavy-duty-straps-aufbewahrungsgurte-sortiertes-6er-pack-aufhaenger-schlaeuche-seile-wohnmobile-boots-und-garagenlagerung-und-organisation-fuer-klettverschluesse\/#primaryimage","url":"https:\/\/m.media-amazon.com\/images\/I\/51XVkDYq-+L._SL500_.jpg","contentUrl":"https:\/\/m.media-amazon.com\/images\/I\/51XVkDYq-+L._SL500_.jpg","width":500,"height":500},{"@type":"BreadcrumbList","@id":"https:\/\/marktxxl.de\/markt\/produkt\/wrap-it-storage-heavy-duty-straps-aufbewahrungsgurte-sortiertes-6er-pack-aufhaenger-schlaeuche-seile-wohnmobile-boots-und-garagenlagerung-und-organisation-fuer-klettverschluesse\/#breadcrumb","itemListElement":[{"@type":"ListItem","position":1,"name":"Startseite","item":"https:\/\/marktxxl.de\/markt\/"},{"@type":"ListItem","position":2,"name":"Markt","item":"https:\/\/marktxxl.de\/markt\/"},{"@type":"ListItem","position":3,"name":"Heavy-Duty Wrap-It Storage Straps (Aufbewahrungsgurte) &#8211; (Sortiert 6er-Pack) &#8211; Aufh\u00e4nger, Schl\u00e4uche, Seile, Wohnmobile\u2026"}]},{"@type":"WebSite","@id":"https:\/\/marktxxl.de\/markt\/#website","url":"https:\/\/marktxxl.de\/markt\/","name":"Markt-XXL","description":"Ihr Markt Online","publisher":{"@id":"https:\/\/marktxxl.de\/markt\/#organization"},"potentialAction":[{"@type":"SearchAction","target":{"@type":"EntryPoint","urlTemplate":"https:\/\/marktxxl.de\/markt\/?s={search_term_string}"},"query-input":{"@type":"PropertyValueSpecification","valueRequired":true,"valueName":"search_term_string"}}],"inLanguage":"de"},{"@type":"Organization","@id":"https:\/\/marktxxl.de\/markt\/#organization","name":"Markt-XXL","url":"https:\/\/marktxxl.de\/markt\/","logo":{"@type":"ImageObject","inLanguage":"de","@id":"https:\/\/marktxxl.de\/markt\/#\/schema\/logo\/image\/","url":"https:\/\/marktxxl.de\/markt\/wp-content\/uploads\/sites\/3\/2020\/12\/logo.png","contentUrl":"https:\/\/marktxxl.de\/markt\/wp-content\/uploads\/sites\/3\/2020\/12\/logo.png","width":200,"height":70,"caption":"Markt-XXL"},"image":{"@id":"https:\/\/marktxxl.de\/markt\/#\/schema\/logo\/image\/"}}]}},"_links":{"self":[{"href":"https:\/\/marktxxl.de\/markt\/wp-json\/wp\/v2\/product\/76396","targetHints":{"allow":["GET"]}}],"collection":[{"href":"https:\/\/marktxxl.de\/markt\/wp-json\/wp\/v2\/product"}],"about":[{"href":"https:\/\/marktxxl.de\/markt\/wp-json\/wp\/v2\/types\/product"}],"replies":[{"embeddable":true,"href":"https:\/\/marktxxl.de\/markt\/wp-json\/wp\/v2\/comments?post=76396"}],"wp:featuredmedia":[{"embeddable":true,"href":"https:\/\/marktxxl.de\/markt\/wp-json\/wp\/v2\/media\/76397"}],"wp:attachment":[{"href":"https:\/\/marktxxl.de\/markt\/wp-json\/wp\/v2\/media?parent=76396"}],"wp:term":[{"taxonomy":"product_brand","embeddable":true,"href":"https:\/\/marktxxl.de\/markt\/wp-json\/wp\/v2\/product_brand?post=76396"},{"taxonomy":"product_cat","embeddable":true,"href":"https:\/\/marktxxl.de\/markt\/wp-json\/wp\/v2\/product_cat?post=76396"},{"taxonomy":"product_tag","embeddable":true,"href":"https:\/\/marktxxl.de\/markt\/wp-json\/wp\/v2\/product_tag?post=76396"}],"curies":[{"name":"wp","href":"https:\/\/api.w.org\/{rel}","templated":true}]}}