{"id":76041,"date":"2021-11-25T14:21:32","date_gmt":"2021-11-25T13:21:32","guid":{"rendered":"https:\/\/marktxxl.de\/markt\/produkt\/fischer-2\/"},"modified":"2023-04-09T02:24:25","modified_gmt":"2023-04-09T00:24:25","slug":"fischer-2","status":"publish","type":"product","link":"https:\/\/marktxxl.de\/markt\/produkt\/fischer-2\/","title":{"rendered":"fischer"},"content":{"rendered":"<p>Praktische Box: Mit transparentem Deckel, Tragegriff und integriertem KLICKsystem zum Verbinden mehrerer FIXtainer. D\u00fcbelsortiment f\u00fcr viele Baustoffe und Anwendungen<br \/>\nMontage: Der SX und der UX eignen sich f\u00fcr die Durchsteckmontage, der UX mit Rand f\u00fcr die Vorsteckmontage. Die Gipskartond\u00fcbel GK und GKM sind geeignet f\u00fcr die Vorsteckmontage. Der GK wird mit dem mitgelieferten Setzwerkzeug eingedreht<br \/>\nBaustoffe: Verwendbar in zahlreichen Baustoffen, z.B. Beton, Voll- oder Lochziegeln, Porenbeton und Vollgips-Platten, Vollstein aus Leichtbeton und Kalksand-Vollstein, Gipskarton- und Gipsfaserplatten uvm.<br \/>\nAnwendungen: Zur Befestigung von z.B. Bildern, Leuchten, Handtuchhaltern, Gardinenschienen und Sockelleisten, Briefk\u00e4sten, Elektroinstallationen, uvm.. Mit Haltewerten je nach Baustoff und D\u00fcbel von 3 bis 65 kg<br \/>\nLieferumfang: 1x FIXtainer Box mit D\u00fcbeln und Senkkopfschrauben: 50 x SX 6 x 30 und 50 x Schrauben 4,5 x 40, 50 x UX R 6 x 35 und 50 x Schrauben 4,5 x 60, 25 x Gipskartond\u00fcbel GK zzgl. Setzwerkzeug, 15 x Gipskartond\u00fcbel Metall<br \/>\n<div class=\"main-cross-sell\" data-asin=\"B09NDCXGQ2\">\n\n\t<div class=\"WooZone-cross-sell-loader\">\n\t\t<div>\n\t\t\t<div id=\"floatingBarsG\">\n\t\t\t\t<div class=\"blockG\" id=\"rotateG_01\"><\/div>\n\t\t\t\t<div class=\"blockG\" id=\"rotateG_02\"><\/div>\n\t\t\t\t<div class=\"blockG\" id=\"rotateG_03\"><\/div>\n\t\t\t\t<div class=\"blockG\" id=\"rotateG_04\"><\/div>\n\t\t\t\t<div class=\"blockG\" id=\"rotateG_05\"><\/div>\n\t\t\t\t<div class=\"blockG\" id=\"rotateG_06\"><\/div>\n\t\t\t\t<div class=\"blockG\" id=\"rotateG_07\"><\/div>\n\t\t\t\t<div class=\"blockG\" id=\"rotateG_08\"><\/div>\n\t\t\t<\/div>\n\t\t\t<div class=\"WooZone-cross-sell-loader-text\"><\/div>\n\t\t<\/div>\n\t<\/div>\n\n\t\t\n<\/div>\n<div style=\"clear:both;\"><\/div><\/p>\n","protected":false},"excerpt":{"rendered":"<p>Praktische Box: Mit transparentem Deckel, Tragegriff und integriertem KLICKsystem zum Verbinden mehrerer FIXtainer. D\u00fcbelsortiment f\u00fcr viele Baustoffe und Anwendungen<br \/>\nMontage: Der SX und der UX eignen sich f\u00fcr die Durchsteckmontage, der UX mit Rand f\u00fcr die Vorsteckmontage. Die Gipskartond\u00fcbel GK und GKM sind geeignet f\u00fcr die Vorsteckmontage. Der GK wird mit dem mitgelieferten Setzwerkzeug eingedreht<br \/>\nBaustoffe: Verwendbar in zahlreichen Baustoffen, z.B. Beton, Voll- oder Lochziegeln, Porenbeton und Vollgips-Platten, Vollstein aus Leichtbeton und Kalksand-Vollstein, Gipskarton- und Gipsfaserplatten uvm.<\/p>\n","protected":false},"featured_media":76042,"comment_status":"open","ping_status":"closed","template":"","meta":[],"product_brand":[],"product_cat":[1983,504,8284,10865],"product_tag":[],"class_list":{"0":"post-76041","1":"product","2":"type-product","3":"status-publish","4":"has-post-thumbnail","6":"product_cat-baumarkt","7":"product_cat-buerobedarf-schreibwaren","8":"product_cat-bueromaterial","9":"product_cat-eisenwaren","10":"pa_binding-werkzeug","11":"pa_brand-fischer","12":"pa_manufacturer-fischer","13":"pa_stil-duopower-duotec-plus-schrauben","14":"pa_stil-fixtainer-duopower-elektriker-300","15":"pa_stil-fixtainer-duopower","16":"pa_stil-fixtainer-duopower-plus-schraube","17":"pa_stil-fixtainer-duopower-tiefenbiss","18":"pa_stil-fixtainer-leer","19":"pa_stil-fixtainer-sx-mit-schrauben","20":"pa_stil-fixtainer-ux-green","21":"pa_stil-fixtainer-ux-sx-gk-gkm-m-schr","22":"pa_stil-fixtainersx","24":"first","25":"instock","26":"shipping-taxable","27":"product-type-variable","28":"customify-col","29":"product-has-gallery"},"yoast_head":"<!-- This site is optimized with the Yoast SEO plugin v27.3 - https:\/\/yoast.com\/product\/yoast-seo-wordpress\/ -->\n<title>fischer - Markt-XXL<\/title>\n<meta name=\"description\" content=\"Markt-XXL fischer\" \/>\n<meta name=\"robots\" content=\"index, follow, max-snippet:-1, max-image-preview:large, max-video-preview:-1\" \/>\n<link rel=\"canonical\" href=\"https:\/\/marktxxl.de\/markt\/produkt\/fischer-2\/\" \/>\n<meta property=\"og:locale\" content=\"de_DE\" \/>\n<meta property=\"og:type\" content=\"article\" \/>\n<meta property=\"og:title\" content=\"fischer - Markt-XXL\" \/>\n<meta property=\"og:description\" content=\"Markt-XXL fischer\" \/>\n<meta property=\"og:url\" content=\"https:\/\/marktxxl.de\/markt\/produkt\/fischer-2\/\" \/>\n<meta property=\"og:site_name\" content=\"Markt-XXL\" \/>\n<meta property=\"article:modified_time\" content=\"2023-04-09T00:24:25+00:00\" \/>\n<meta property=\"og:image\" content=\"https:\/\/m.media-amazon.com\/images\/I\/41hvrPJ+-zL._SL500_.jpg\" \/>\n\t<meta property=\"og:image:width\" content=\"500\" \/>\n\t<meta property=\"og:image:height\" content=\"453\" \/>\n\t<meta property=\"og:image:type\" content=\"image\/jpeg\" \/>\n<meta name=\"twitter:card\" content=\"summary_large_image\" \/>\n<meta name=\"twitter:label1\" content=\"Gesch\u00e4tzte Lesezeit\" \/>\n\t<meta name=\"twitter:data1\" content=\"1\u00a0Minute\" \/>\n<script type=\"application\/ld+json\" class=\"yoast-schema-graph\">{\"@context\":\"https:\\\/\\\/schema.org\",\"@graph\":[{\"@type\":\"WebPage\",\"@id\":\"https:\\\/\\\/marktxxl.de\\\/markt\\\/produkt\\\/fischer-2\\\/\",\"url\":\"https:\\\/\\\/marktxxl.de\\\/markt\\\/produkt\\\/fischer-2\\\/\",\"name\":\"fischer - Markt-XXL\",\"isPartOf\":{\"@id\":\"https:\\\/\\\/marktxxl.de\\\/markt\\\/#website\"},\"primaryImageOfPage\":{\"@id\":\"https:\\\/\\\/marktxxl.de\\\/markt\\\/produkt\\\/fischer-2\\\/#primaryimage\"},\"image\":{\"@id\":\"https:\\\/\\\/marktxxl.de\\\/markt\\\/produkt\\\/fischer-2\\\/#primaryimage\"},\"thumbnailUrl\":\"https:\\\/\\\/m.media-amazon.com\\\/images\\\/I\\\/41hvrPJ+-zL._SL500_.jpg\",\"datePublished\":\"2021-11-25T13:21:32+00:00\",\"dateModified\":\"2023-04-09T00:24:25+00:00\",\"description\":\"Markt-XXL fischer\",\"breadcrumb\":{\"@id\":\"https:\\\/\\\/marktxxl.de\\\/markt\\\/produkt\\\/fischer-2\\\/#breadcrumb\"},\"inLanguage\":\"de\",\"potentialAction\":[{\"@type\":\"ReadAction\",\"target\":[\"https:\\\/\\\/marktxxl.de\\\/markt\\\/produkt\\\/fischer-2\\\/\"]}]},{\"@type\":\"ImageObject\",\"inLanguage\":\"de\",\"@id\":\"https:\\\/\\\/marktxxl.de\\\/markt\\\/produkt\\\/fischer-2\\\/#primaryimage\",\"url\":\"https:\\\/\\\/m.media-amazon.com\\\/images\\\/I\\\/41hvrPJ+-zL._SL500_.jpg\",\"contentUrl\":\"https:\\\/\\\/m.media-amazon.com\\\/images\\\/I\\\/41hvrPJ+-zL._SL500_.jpg\",\"width\":500,\"height\":453},{\"@type\":\"BreadcrumbList\",\"@id\":\"https:\\\/\\\/marktxxl.de\\\/markt\\\/produkt\\\/fischer-2\\\/#breadcrumb\",\"itemListElement\":[{\"@type\":\"ListItem\",\"position\":1,\"name\":\"Startseite\",\"item\":\"https:\\\/\\\/marktxxl.de\\\/markt\\\/\"},{\"@type\":\"ListItem\",\"position\":2,\"name\":\"Markt\",\"item\":\"https:\\\/\\\/marktxxl.de\\\/markt\\\/\"},{\"@type\":\"ListItem\",\"position\":3,\"name\":\"fischer\"}]},{\"@type\":\"WebSite\",\"@id\":\"https:\\\/\\\/marktxxl.de\\\/markt\\\/#website\",\"url\":\"https:\\\/\\\/marktxxl.de\\\/markt\\\/\",\"name\":\"Markt-XXL\",\"description\":\"Ihr Markt Online\",\"publisher\":{\"@id\":\"https:\\\/\\\/marktxxl.de\\\/markt\\\/#organization\"},\"potentialAction\":[{\"@type\":\"SearchAction\",\"target\":{\"@type\":\"EntryPoint\",\"urlTemplate\":\"https:\\\/\\\/marktxxl.de\\\/markt\\\/?s={search_term_string}\"},\"query-input\":{\"@type\":\"PropertyValueSpecification\",\"valueRequired\":true,\"valueName\":\"search_term_string\"}}],\"inLanguage\":\"de\"},{\"@type\":\"Organization\",\"@id\":\"https:\\\/\\\/marktxxl.de\\\/markt\\\/#organization\",\"name\":\"Markt-XXL\",\"url\":\"https:\\\/\\\/marktxxl.de\\\/markt\\\/\",\"logo\":{\"@type\":\"ImageObject\",\"inLanguage\":\"de\",\"@id\":\"https:\\\/\\\/marktxxl.de\\\/markt\\\/#\\\/schema\\\/logo\\\/image\\\/\",\"url\":\"https:\\\/\\\/marktxxl.de\\\/markt\\\/wp-content\\\/uploads\\\/sites\\\/3\\\/2020\\\/12\\\/logo.png\",\"contentUrl\":\"https:\\\/\\\/marktxxl.de\\\/markt\\\/wp-content\\\/uploads\\\/sites\\\/3\\\/2020\\\/12\\\/logo.png\",\"width\":200,\"height\":70,\"caption\":\"Markt-XXL\"},\"image\":{\"@id\":\"https:\\\/\\\/marktxxl.de\\\/markt\\\/#\\\/schema\\\/logo\\\/image\\\/\"}}]}<\/script>\n<!-- \/ Yoast SEO plugin. -->","yoast_head_json":{"title":"fischer - Markt-XXL","description":"Markt-XXL fischer","robots":{"index":"index","follow":"follow","max-snippet":"max-snippet:-1","max-image-preview":"max-image-preview:large","max-video-preview":"max-video-preview:-1"},"canonical":"https:\/\/marktxxl.de\/markt\/produkt\/fischer-2\/","og_locale":"de_DE","og_type":"article","og_title":"fischer - Markt-XXL","og_description":"Markt-XXL fischer","og_url":"https:\/\/marktxxl.de\/markt\/produkt\/fischer-2\/","og_site_name":"Markt-XXL","article_modified_time":"2023-04-09T00:24:25+00:00","og_image":[{"width":500,"height":453,"url":"https:\/\/m.media-amazon.com\/images\/I\/41hvrPJ+-zL._SL500_.jpg","type":"image\/jpeg"}],"twitter_card":"summary_large_image","twitter_misc":{"Gesch\u00e4tzte Lesezeit":"1\u00a0Minute"},"schema":{"@context":"https:\/\/schema.org","@graph":[{"@type":"WebPage","@id":"https:\/\/marktxxl.de\/markt\/produkt\/fischer-2\/","url":"https:\/\/marktxxl.de\/markt\/produkt\/fischer-2\/","name":"fischer - Markt-XXL","isPartOf":{"@id":"https:\/\/marktxxl.de\/markt\/#website"},"primaryImageOfPage":{"@id":"https:\/\/marktxxl.de\/markt\/produkt\/fischer-2\/#primaryimage"},"image":{"@id":"https:\/\/marktxxl.de\/markt\/produkt\/fischer-2\/#primaryimage"},"thumbnailUrl":"https:\/\/m.media-amazon.com\/images\/I\/41hvrPJ+-zL._SL500_.jpg","datePublished":"2021-11-25T13:21:32+00:00","dateModified":"2023-04-09T00:24:25+00:00","description":"Markt-XXL fischer","breadcrumb":{"@id":"https:\/\/marktxxl.de\/markt\/produkt\/fischer-2\/#breadcrumb"},"inLanguage":"de","potentialAction":[{"@type":"ReadAction","target":["https:\/\/marktxxl.de\/markt\/produkt\/fischer-2\/"]}]},{"@type":"ImageObject","inLanguage":"de","@id":"https:\/\/marktxxl.de\/markt\/produkt\/fischer-2\/#primaryimage","url":"https:\/\/m.media-amazon.com\/images\/I\/41hvrPJ+-zL._SL500_.jpg","contentUrl":"https:\/\/m.media-amazon.com\/images\/I\/41hvrPJ+-zL._SL500_.jpg","width":500,"height":453},{"@type":"BreadcrumbList","@id":"https:\/\/marktxxl.de\/markt\/produkt\/fischer-2\/#breadcrumb","itemListElement":[{"@type":"ListItem","position":1,"name":"Startseite","item":"https:\/\/marktxxl.de\/markt\/"},{"@type":"ListItem","position":2,"name":"Markt","item":"https:\/\/marktxxl.de\/markt\/"},{"@type":"ListItem","position":3,"name":"fischer"}]},{"@type":"WebSite","@id":"https:\/\/marktxxl.de\/markt\/#website","url":"https:\/\/marktxxl.de\/markt\/","name":"Markt-XXL","description":"Ihr Markt Online","publisher":{"@id":"https:\/\/marktxxl.de\/markt\/#organization"},"potentialAction":[{"@type":"SearchAction","target":{"@type":"EntryPoint","urlTemplate":"https:\/\/marktxxl.de\/markt\/?s={search_term_string}"},"query-input":{"@type":"PropertyValueSpecification","valueRequired":true,"valueName":"search_term_string"}}],"inLanguage":"de"},{"@type":"Organization","@id":"https:\/\/marktxxl.de\/markt\/#organization","name":"Markt-XXL","url":"https:\/\/marktxxl.de\/markt\/","logo":{"@type":"ImageObject","inLanguage":"de","@id":"https:\/\/marktxxl.de\/markt\/#\/schema\/logo\/image\/","url":"https:\/\/marktxxl.de\/markt\/wp-content\/uploads\/sites\/3\/2020\/12\/logo.png","contentUrl":"https:\/\/marktxxl.de\/markt\/wp-content\/uploads\/sites\/3\/2020\/12\/logo.png","width":200,"height":70,"caption":"Markt-XXL"},"image":{"@id":"https:\/\/marktxxl.de\/markt\/#\/schema\/logo\/image\/"}}]}},"_links":{"self":[{"href":"https:\/\/marktxxl.de\/markt\/wp-json\/wp\/v2\/product\/76041","targetHints":{"allow":["GET"]}}],"collection":[{"href":"https:\/\/marktxxl.de\/markt\/wp-json\/wp\/v2\/product"}],"about":[{"href":"https:\/\/marktxxl.de\/markt\/wp-json\/wp\/v2\/types\/product"}],"replies":[{"embeddable":true,"href":"https:\/\/marktxxl.de\/markt\/wp-json\/wp\/v2\/comments?post=76041"}],"wp:featuredmedia":[{"embeddable":true,"href":"https:\/\/marktxxl.de\/markt\/wp-json\/wp\/v2\/media\/76042"}],"wp:attachment":[{"href":"https:\/\/marktxxl.de\/markt\/wp-json\/wp\/v2\/media?parent=76041"}],"wp:term":[{"taxonomy":"product_brand","embeddable":true,"href":"https:\/\/marktxxl.de\/markt\/wp-json\/wp\/v2\/product_brand?post=76041"},{"taxonomy":"product_cat","embeddable":true,"href":"https:\/\/marktxxl.de\/markt\/wp-json\/wp\/v2\/product_cat?post=76041"},{"taxonomy":"product_tag","embeddable":true,"href":"https:\/\/marktxxl.de\/markt\/wp-json\/wp\/v2\/product_tag?post=76041"}],"curies":[{"name":"wp","href":"https:\/\/api.w.org\/{rel}","templated":true}]}}