{"id":76015,"date":"2021-11-25T14:21:20","date_gmt":"2021-11-25T13:21:20","guid":{"rendered":"https:\/\/marktxxl.de\/markt\/produkt\/dooke-ergonomische-mauspad-gel-handgelenkauflage\/"},"modified":"2023-04-09T02:24:24","modified_gmt":"2023-04-09T00:24:24","slug":"dooke-ergonomische-mauspad-gel-handgelenkauflage","status":"publish","type":"product","link":"https:\/\/marktxxl.de\/markt\/produkt\/dooke-ergonomische-mauspad-gel-handgelenkauflage\/","title":{"rendered":"Dooke Gaming-Mauspad mit s\u00fc\u00dfem Kunstmuster Blaugoldener Marmor"},"content":{"rendered":"<p>edle Optik Jeder mag Sch\u00f6nheit, sch\u00f6ne Muster und Zeichnungen. Die Dooke Mini-Mauspads sind mit zarten Mustern und einer perfekten Verarbeitung entworfen, sie sind nicht nur ein Mauspad, sondern auch ein guter Partner beim Arbeiten oder Lernen.<br \/>\nAusgezeichnete Form und Gr\u00f6\u00dfe. Eine Spot-on-Gr\u00f6\u00dfe ist wirklich wichtig, unser Mauspad misst ca. 9,4 x 8,3 Zoll (L x B). Geeignet f\u00fcr alle Mausarten. Sie k\u00f6nnen die Maus leicht bewegen und das Pad bildet sich gut. Dar\u00fcber hinaus k\u00f6nnen die verst\u00e4rkten Kanten effektiv Verformungen und Sch\u00e4den verhindern, um eine lange Nutzung zu gew\u00e4hrleisten.<br \/>\nUmweltfreundliches Material Hergestellt aus weichem und atmungsaktivem Material, nicht verformbar, ungiftig, keine Chemikalien sicher zu verwenden. Wichtiger als andere Mauspads auf dem Markt, haben unsere Mauspads keinen schlechten Geruch.<br \/>\nUnendlicher Komfort Mit rutschfester PU-Gummi-Unterseite liegt dieses Mauspad sicher auf Ihrem Schreibtisch, ohne dass Sie unerw\u00fcnschte Bewegungen auf Ihrem Mauspad verschieben oder sich bewegen, sodass Sie Ihre Aufmerksamkeit besser konzentrieren k\u00f6nnen, wenn Sie arbeiten oder studieren.<br \/>\nSch\u00fctzt die Handgelenke. Ergonomisches Design mit weichem Memory-Schaum, bietet eine gute Haptik und effektive Unterst\u00fctzung f\u00fcr Ihr Handgelenk. Halten Sie Ihre Arme, Handgelenke und H\u00e4nde vor Schmerzen, indem Sie die Belastung des Handgelenks und M\u00fcdigkeit maximieren.<br \/>\n<div class=\"main-cross-sell\" data-asin=\"B07M9CHDWM\">\n\n\t<div class=\"WooZone-cross-sell-loader\">\n\t\t<div>\n\t\t\t<div id=\"floatingBarsG\">\n\t\t\t\t<div class=\"blockG\" id=\"rotateG_01\"><\/div>\n\t\t\t\t<div class=\"blockG\" id=\"rotateG_02\"><\/div>\n\t\t\t\t<div class=\"blockG\" id=\"rotateG_03\"><\/div>\n\t\t\t\t<div class=\"blockG\" id=\"rotateG_04\"><\/div>\n\t\t\t\t<div class=\"blockG\" id=\"rotateG_05\"><\/div>\n\t\t\t\t<div class=\"blockG\" id=\"rotateG_06\"><\/div>\n\t\t\t\t<div class=\"blockG\" id=\"rotateG_07\"><\/div>\n\t\t\t\t<div class=\"blockG\" id=\"rotateG_08\"><\/div>\n\t\t\t<\/div>\n\t\t\t<div class=\"WooZone-cross-sell-loader-text\"><\/div>\n\t\t<\/div>\n\t<\/div>\n\n\t\t\n<\/div>\n<div style=\"clear:both;\"><\/div><\/p>\n","protected":false},"excerpt":{"rendered":"<p>edle Optik Jeder mag Sch\u00f6nheit, sch\u00f6ne Muster und Zeichnungen. Die Dooke Mini-Mauspads sind mit zarten Mustern und einer perfekten Verarbeitung entworfen, sie sind nicht nur ein Mauspad, sondern auch ein guter Partner beim Arbeiten oder Lernen.<br \/>\nAusgezeichnete Form und Gr\u00f6\u00dfe. Eine Spot-on-Gr\u00f6\u00dfe ist wirklich wichtig, unser Mauspad misst ca. 9,4 x 8,3 Zoll (L x B). Geeignet f\u00fcr alle Mausarten. Sie k\u00f6nnen die Maus leicht bewegen und das Pad bildet sich gut. Dar\u00fcber hinaus k\u00f6nnen die verst\u00e4rkten Kanten effektiv Verformungen und Sch\u00e4den verhindern, um eine lange Nutzung zu gew\u00e4hrleisten.<br \/>\nUmweltfreundliches Material Hergestellt aus weichem und atmungsaktivem Material, nicht verformbar, ungiftig, keine Chemikalien sicher zu verwenden. Wichtiger als andere Mauspads auf dem Markt, haben unsere Mauspads keinen schlechten Geruch.<\/p>\n","protected":false},"featured_media":76016,"comment_status":"open","ping_status":"closed","template":"","meta":[],"product_brand":[],"product_cat":[504,8284],"product_tag":[],"class_list":{"0":"post-76015","1":"product","2":"type-product","3":"status-publish","4":"has-post-thumbnail","6":"product_cat-buerobedarf-schreibwaren","7":"product_cat-bueromaterial","8":"pa_binding-buerobedarf-schreibwaren","9":"pa_brand-dooke","10":"pa_manufacturer-dooke","12":"first","13":"instock","14":"shipping-taxable","15":"purchasable","16":"product-type-simple","17":"customify-col","18":"product-has-gallery"},"yoast_head":"<!-- This site is optimized with the Yoast SEO plugin v27.3 - https:\/\/yoast.com\/product\/yoast-seo-wordpress\/ -->\n<title>Dooke Gaming-Mauspad mit s\u00fc\u00dfem Kunstmuster Blaugoldener Marmor - Markt-XXL<\/title>\n<meta name=\"description\" content=\"Markt-XXL Dooke Gaming-Mauspad mit s\u00fc\u00dfem Kunstmuster Blaugoldener Marmor\" \/>\n<meta name=\"robots\" content=\"index, follow, max-snippet:-1, max-image-preview:large, max-video-preview:-1\" \/>\n<link rel=\"canonical\" href=\"https:\/\/marktxxl.de\/markt\/produkt\/dooke-ergonomische-mauspad-gel-handgelenkauflage\/\" \/>\n<meta property=\"og:locale\" content=\"de_DE\" \/>\n<meta property=\"og:type\" content=\"article\" \/>\n<meta property=\"og:title\" content=\"Dooke Gaming-Mauspad mit s\u00fc\u00dfem Kunstmuster Blaugoldener Marmor - Markt-XXL\" \/>\n<meta property=\"og:description\" content=\"Markt-XXL Dooke Gaming-Mauspad mit s\u00fc\u00dfem Kunstmuster Blaugoldener Marmor\" \/>\n<meta property=\"og:url\" content=\"https:\/\/marktxxl.de\/markt\/produkt\/dooke-ergonomische-mauspad-gel-handgelenkauflage\/\" \/>\n<meta property=\"og:site_name\" content=\"Markt-XXL\" \/>\n<meta property=\"article:modified_time\" content=\"2023-04-09T00:24:24+00:00\" \/>\n<meta property=\"og:image\" content=\"https:\/\/m.media-amazon.com\/images\/I\/51GbcWIV83S._SL500_.jpg\" \/>\n\t<meta property=\"og:image:width\" content=\"500\" \/>\n\t<meta property=\"og:image:height\" content=\"500\" \/>\n\t<meta property=\"og:image:type\" content=\"image\/jpeg\" \/>\n<meta name=\"twitter:card\" content=\"summary_large_image\" \/>\n<meta name=\"twitter:label1\" content=\"Gesch\u00e4tzte Lesezeit\" \/>\n\t<meta name=\"twitter:data1\" content=\"1\u00a0Minute\" \/>\n<script type=\"application\/ld+json\" class=\"yoast-schema-graph\">{\"@context\":\"https:\\\/\\\/schema.org\",\"@graph\":[{\"@type\":\"WebPage\",\"@id\":\"https:\\\/\\\/marktxxl.de\\\/markt\\\/produkt\\\/dooke-ergonomische-mauspad-gel-handgelenkauflage\\\/\",\"url\":\"https:\\\/\\\/marktxxl.de\\\/markt\\\/produkt\\\/dooke-ergonomische-mauspad-gel-handgelenkauflage\\\/\",\"name\":\"Dooke Gaming-Mauspad mit s\u00fc\u00dfem Kunstmuster Blaugoldener Marmor - Markt-XXL\",\"isPartOf\":{\"@id\":\"https:\\\/\\\/marktxxl.de\\\/markt\\\/#website\"},\"primaryImageOfPage\":{\"@id\":\"https:\\\/\\\/marktxxl.de\\\/markt\\\/produkt\\\/dooke-ergonomische-mauspad-gel-handgelenkauflage\\\/#primaryimage\"},\"image\":{\"@id\":\"https:\\\/\\\/marktxxl.de\\\/markt\\\/produkt\\\/dooke-ergonomische-mauspad-gel-handgelenkauflage\\\/#primaryimage\"},\"thumbnailUrl\":\"https:\\\/\\\/m.media-amazon.com\\\/images\\\/I\\\/51GbcWIV83S._SL500_.jpg\",\"datePublished\":\"2021-11-25T13:21:20+00:00\",\"dateModified\":\"2023-04-09T00:24:24+00:00\",\"description\":\"Markt-XXL Dooke Gaming-Mauspad mit s\u00fc\u00dfem Kunstmuster Blaugoldener Marmor\",\"breadcrumb\":{\"@id\":\"https:\\\/\\\/marktxxl.de\\\/markt\\\/produkt\\\/dooke-ergonomische-mauspad-gel-handgelenkauflage\\\/#breadcrumb\"},\"inLanguage\":\"de\",\"potentialAction\":[{\"@type\":\"ReadAction\",\"target\":[\"https:\\\/\\\/marktxxl.de\\\/markt\\\/produkt\\\/dooke-ergonomische-mauspad-gel-handgelenkauflage\\\/\"]}]},{\"@type\":\"ImageObject\",\"inLanguage\":\"de\",\"@id\":\"https:\\\/\\\/marktxxl.de\\\/markt\\\/produkt\\\/dooke-ergonomische-mauspad-gel-handgelenkauflage\\\/#primaryimage\",\"url\":\"https:\\\/\\\/m.media-amazon.com\\\/images\\\/I\\\/51GbcWIV83S._SL500_.jpg\",\"contentUrl\":\"https:\\\/\\\/m.media-amazon.com\\\/images\\\/I\\\/51GbcWIV83S._SL500_.jpg\",\"width\":500,\"height\":500},{\"@type\":\"BreadcrumbList\",\"@id\":\"https:\\\/\\\/marktxxl.de\\\/markt\\\/produkt\\\/dooke-ergonomische-mauspad-gel-handgelenkauflage\\\/#breadcrumb\",\"itemListElement\":[{\"@type\":\"ListItem\",\"position\":1,\"name\":\"Startseite\",\"item\":\"https:\\\/\\\/marktxxl.de\\\/markt\\\/\"},{\"@type\":\"ListItem\",\"position\":2,\"name\":\"Markt\",\"item\":\"https:\\\/\\\/marktxxl.de\\\/markt\\\/\"},{\"@type\":\"ListItem\",\"position\":3,\"name\":\"Dooke Gaming-Mauspad mit s\u00fc\u00dfem Kunstmuster Blaugoldener Marmor\"}]},{\"@type\":\"WebSite\",\"@id\":\"https:\\\/\\\/marktxxl.de\\\/markt\\\/#website\",\"url\":\"https:\\\/\\\/marktxxl.de\\\/markt\\\/\",\"name\":\"Markt-XXL\",\"description\":\"Ihr Markt Online\",\"publisher\":{\"@id\":\"https:\\\/\\\/marktxxl.de\\\/markt\\\/#organization\"},\"potentialAction\":[{\"@type\":\"SearchAction\",\"target\":{\"@type\":\"EntryPoint\",\"urlTemplate\":\"https:\\\/\\\/marktxxl.de\\\/markt\\\/?s={search_term_string}\"},\"query-input\":{\"@type\":\"PropertyValueSpecification\",\"valueRequired\":true,\"valueName\":\"search_term_string\"}}],\"inLanguage\":\"de\"},{\"@type\":\"Organization\",\"@id\":\"https:\\\/\\\/marktxxl.de\\\/markt\\\/#organization\",\"name\":\"Markt-XXL\",\"url\":\"https:\\\/\\\/marktxxl.de\\\/markt\\\/\",\"logo\":{\"@type\":\"ImageObject\",\"inLanguage\":\"de\",\"@id\":\"https:\\\/\\\/marktxxl.de\\\/markt\\\/#\\\/schema\\\/logo\\\/image\\\/\",\"url\":\"https:\\\/\\\/marktxxl.de\\\/markt\\\/wp-content\\\/uploads\\\/sites\\\/3\\\/2020\\\/12\\\/logo.png\",\"contentUrl\":\"https:\\\/\\\/marktxxl.de\\\/markt\\\/wp-content\\\/uploads\\\/sites\\\/3\\\/2020\\\/12\\\/logo.png\",\"width\":200,\"height\":70,\"caption\":\"Markt-XXL\"},\"image\":{\"@id\":\"https:\\\/\\\/marktxxl.de\\\/markt\\\/#\\\/schema\\\/logo\\\/image\\\/\"}}]}<\/script>\n<!-- \/ Yoast SEO plugin. -->","yoast_head_json":{"title":"Dooke Gaming-Mauspad mit s\u00fc\u00dfem Kunstmuster Blaugoldener Marmor - Markt-XXL","description":"Markt-XXL Dooke Gaming-Mauspad mit s\u00fc\u00dfem Kunstmuster Blaugoldener Marmor","robots":{"index":"index","follow":"follow","max-snippet":"max-snippet:-1","max-image-preview":"max-image-preview:large","max-video-preview":"max-video-preview:-1"},"canonical":"https:\/\/marktxxl.de\/markt\/produkt\/dooke-ergonomische-mauspad-gel-handgelenkauflage\/","og_locale":"de_DE","og_type":"article","og_title":"Dooke Gaming-Mauspad mit s\u00fc\u00dfem Kunstmuster Blaugoldener Marmor - Markt-XXL","og_description":"Markt-XXL Dooke Gaming-Mauspad mit s\u00fc\u00dfem Kunstmuster Blaugoldener Marmor","og_url":"https:\/\/marktxxl.de\/markt\/produkt\/dooke-ergonomische-mauspad-gel-handgelenkauflage\/","og_site_name":"Markt-XXL","article_modified_time":"2023-04-09T00:24:24+00:00","og_image":[{"width":500,"height":500,"url":"https:\/\/m.media-amazon.com\/images\/I\/51GbcWIV83S._SL500_.jpg","type":"image\/jpeg"}],"twitter_card":"summary_large_image","twitter_misc":{"Gesch\u00e4tzte Lesezeit":"1\u00a0Minute"},"schema":{"@context":"https:\/\/schema.org","@graph":[{"@type":"WebPage","@id":"https:\/\/marktxxl.de\/markt\/produkt\/dooke-ergonomische-mauspad-gel-handgelenkauflage\/","url":"https:\/\/marktxxl.de\/markt\/produkt\/dooke-ergonomische-mauspad-gel-handgelenkauflage\/","name":"Dooke Gaming-Mauspad mit s\u00fc\u00dfem Kunstmuster Blaugoldener Marmor - Markt-XXL","isPartOf":{"@id":"https:\/\/marktxxl.de\/markt\/#website"},"primaryImageOfPage":{"@id":"https:\/\/marktxxl.de\/markt\/produkt\/dooke-ergonomische-mauspad-gel-handgelenkauflage\/#primaryimage"},"image":{"@id":"https:\/\/marktxxl.de\/markt\/produkt\/dooke-ergonomische-mauspad-gel-handgelenkauflage\/#primaryimage"},"thumbnailUrl":"https:\/\/m.media-amazon.com\/images\/I\/51GbcWIV83S._SL500_.jpg","datePublished":"2021-11-25T13:21:20+00:00","dateModified":"2023-04-09T00:24:24+00:00","description":"Markt-XXL Dooke Gaming-Mauspad mit s\u00fc\u00dfem Kunstmuster Blaugoldener Marmor","breadcrumb":{"@id":"https:\/\/marktxxl.de\/markt\/produkt\/dooke-ergonomische-mauspad-gel-handgelenkauflage\/#breadcrumb"},"inLanguage":"de","potentialAction":[{"@type":"ReadAction","target":["https:\/\/marktxxl.de\/markt\/produkt\/dooke-ergonomische-mauspad-gel-handgelenkauflage\/"]}]},{"@type":"ImageObject","inLanguage":"de","@id":"https:\/\/marktxxl.de\/markt\/produkt\/dooke-ergonomische-mauspad-gel-handgelenkauflage\/#primaryimage","url":"https:\/\/m.media-amazon.com\/images\/I\/51GbcWIV83S._SL500_.jpg","contentUrl":"https:\/\/m.media-amazon.com\/images\/I\/51GbcWIV83S._SL500_.jpg","width":500,"height":500},{"@type":"BreadcrumbList","@id":"https:\/\/marktxxl.de\/markt\/produkt\/dooke-ergonomische-mauspad-gel-handgelenkauflage\/#breadcrumb","itemListElement":[{"@type":"ListItem","position":1,"name":"Startseite","item":"https:\/\/marktxxl.de\/markt\/"},{"@type":"ListItem","position":2,"name":"Markt","item":"https:\/\/marktxxl.de\/markt\/"},{"@type":"ListItem","position":3,"name":"Dooke Gaming-Mauspad mit s\u00fc\u00dfem Kunstmuster Blaugoldener Marmor"}]},{"@type":"WebSite","@id":"https:\/\/marktxxl.de\/markt\/#website","url":"https:\/\/marktxxl.de\/markt\/","name":"Markt-XXL","description":"Ihr Markt Online","publisher":{"@id":"https:\/\/marktxxl.de\/markt\/#organization"},"potentialAction":[{"@type":"SearchAction","target":{"@type":"EntryPoint","urlTemplate":"https:\/\/marktxxl.de\/markt\/?s={search_term_string}"},"query-input":{"@type":"PropertyValueSpecification","valueRequired":true,"valueName":"search_term_string"}}],"inLanguage":"de"},{"@type":"Organization","@id":"https:\/\/marktxxl.de\/markt\/#organization","name":"Markt-XXL","url":"https:\/\/marktxxl.de\/markt\/","logo":{"@type":"ImageObject","inLanguage":"de","@id":"https:\/\/marktxxl.de\/markt\/#\/schema\/logo\/image\/","url":"https:\/\/marktxxl.de\/markt\/wp-content\/uploads\/sites\/3\/2020\/12\/logo.png","contentUrl":"https:\/\/marktxxl.de\/markt\/wp-content\/uploads\/sites\/3\/2020\/12\/logo.png","width":200,"height":70,"caption":"Markt-XXL"},"image":{"@id":"https:\/\/marktxxl.de\/markt\/#\/schema\/logo\/image\/"}}]}},"_links":{"self":[{"href":"https:\/\/marktxxl.de\/markt\/wp-json\/wp\/v2\/product\/76015","targetHints":{"allow":["GET"]}}],"collection":[{"href":"https:\/\/marktxxl.de\/markt\/wp-json\/wp\/v2\/product"}],"about":[{"href":"https:\/\/marktxxl.de\/markt\/wp-json\/wp\/v2\/types\/product"}],"replies":[{"embeddable":true,"href":"https:\/\/marktxxl.de\/markt\/wp-json\/wp\/v2\/comments?post=76015"}],"wp:featuredmedia":[{"embeddable":true,"href":"https:\/\/marktxxl.de\/markt\/wp-json\/wp\/v2\/media\/76016"}],"wp:attachment":[{"href":"https:\/\/marktxxl.de\/markt\/wp-json\/wp\/v2\/media?parent=76015"}],"wp:term":[{"taxonomy":"product_brand","embeddable":true,"href":"https:\/\/marktxxl.de\/markt\/wp-json\/wp\/v2\/product_brand?post=76015"},{"taxonomy":"product_cat","embeddable":true,"href":"https:\/\/marktxxl.de\/markt\/wp-json\/wp\/v2\/product_cat?post=76015"},{"taxonomy":"product_tag","embeddable":true,"href":"https:\/\/marktxxl.de\/markt\/wp-json\/wp\/v2\/product_tag?post=76015"}],"curies":[{"name":"wp","href":"https:\/\/api.w.org\/{rel}","templated":true}]}}