{"id":75913,"date":"2021-11-25T14:15:41","date_gmt":"2021-11-25T13:15:41","guid":{"rendered":"https:\/\/marktxxl.de\/markt\/produkt\/fentec-pgi-580-xxl-581-xxl-patronen-ersatz-fuer-canon-pgi-580xxl-cli-581-xxl-druckerpatronen-kompatibel-fuer-canon-pixma-ts6350-tr8550-ts705-ts9550-tr7550-ts6150-ts6151-ts6251-ts8150-ts8151-ts9150-5pa\/"},"modified":"2023-04-09T02:24:23","modified_gmt":"2023-04-09T00:24:23","slug":"fentec-pgi-580-xxl-581-xxl-patronen-ersatz-fuer-canon-pgi-580xxl-cli-581-xxl-druckerpatronen-kompatibel-fuer-canon-pixma-ts6350-tr8550-ts705-ts9550-tr7550-ts6150-ts6151-ts6251-ts8150-ts8151-ts9150-5pa","status":"publish","type":"product","link":"https:\/\/marktxxl.de\/markt\/produkt\/fentec-pgi-580-xxl-581-xxl-patronen-ersatz-fuer-canon-pgi-580xxl-cli-581-xxl-druckerpatronen-kompatibel-fuer-canon-pixma-ts6350-tr8550-ts705-ts9550-tr7550-ts6150-ts6151-ts6251-ts8150-ts8151-ts9150-5pa\/","title":{"rendered":"FENTEC TR8550 TR7550 TR8500 TS705 TS6350 TR 8550 TS8350 Patronen Druckerpatronen TS8351 TS6250 TS6150 TS8351 C-580 XXL\u2026"},"content":{"rendered":"<p>Kompatibel mit: Canon PIXMA TS6350 TR8550 TS705 TS9550 TR7550 TS6150 TS6151 TS6251 TS8150 TS8151 TS9150 TS8350 TS8351 TS8352 TR8500 TS6250 TR7500 TS8250 TS9551c TS8251 TS9155 TS8152 TS8252 TS6100 TS8200 TS6200 TS9500 TS6200 TS6240 TS6241 TS8100 TS8240 TS8241 TS8242 TS9100 TS9540 TS9541C<br \/>\nProduktname: Fentec 580 XXL 581 XXL Tintenpatronen Kompatibel f\u00fcr Canon 581 XXL 580 XXL Multipack, Canon TS6350 druckerpatronen, Canon TR8550 druckerpatronen, Canon TR8550 patronen, Canon pixma TS705 patronen, Canon TS9550 patronen, Canon TS6350 patronen, Canon TS6150 patronen, Canon TR8500 patronen, Canon TS8350 patronen, Canon TS6251 druckerpatronen, Canon TR7550 druckerpatronen&#8230;<br \/>\nSeitenleistung: 630 Seiten f\u00fcr PGI 580 XXL Pigment Schwarz, 4600 Seiten f\u00fcr CLI 581 XXL Schwarz, 870 Seiten pro CLI 581 XXL Tintenpatrone Cyan\/Magenta\/Gelb (basierend auf A4-Papier 5 % Deckung).<br \/>\nLieferumfang: 1 PGI-580XXL PGBK, 1 CLI-581 XXL Schwarz, 1 CLI-581 XXL Cyan, 1 CLI-581 XXL Magenta, 1 CLI-581 XXL Gelb (ohne fotoblaue Patrone), 5-pack kompatible Tintenpatronen Ersatz f\u00fcr Canon PGI-580XXL CLI-581XXL Multipack (NICHT-Original).<br \/>\nHochwertige bunte Drucktintenpatronen kompatibel f\u00fcr Canon 580XXL 581XXL. Jede unserer Tintenpatronen ist mit einem Smart-Chip ausgestattet, um die Kompatibilit\u00e4t mit den Druckern zu gew\u00e4hrleisten.<br \/>\n<div class=\"main-cross-sell\" data-asin=\"B097214ZY3\">\n\n\t<div class=\"WooZone-cross-sell-loader\">\n\t\t<div>\n\t\t\t<div id=\"floatingBarsG\">\n\t\t\t\t<div class=\"blockG\" id=\"rotateG_01\"><\/div>\n\t\t\t\t<div class=\"blockG\" id=\"rotateG_02\"><\/div>\n\t\t\t\t<div class=\"blockG\" id=\"rotateG_03\"><\/div>\n\t\t\t\t<div class=\"blockG\" id=\"rotateG_04\"><\/div>\n\t\t\t\t<div class=\"blockG\" id=\"rotateG_05\"><\/div>\n\t\t\t\t<div class=\"blockG\" id=\"rotateG_06\"><\/div>\n\t\t\t\t<div class=\"blockG\" id=\"rotateG_07\"><\/div>\n\t\t\t\t<div class=\"blockG\" id=\"rotateG_08\"><\/div>\n\t\t\t<\/div>\n\t\t\t<div class=\"WooZone-cross-sell-loader-text\"><\/div>\n\t\t<\/div>\n\t<\/div>\n\n\t\t\n<\/div>\n<div style=\"clear:both;\"><\/div><\/p>\n","protected":false},"excerpt":{"rendered":"<p>Kompatibel mit: Canon PIXMA TS6350 TR8550 TS705 TS9550 TR7550 TS6150 TS6151 TS6251 TS8150 TS8151 TS9150 TS8350 TS8351 TS8352 TR8500 TS6250 TR7500 TS8250 TS9551c TS8251 TS9155 TS8152 TS8252 TS6100 TS8200 TS6200 TS9500 TS6200 TS6240 TS6241 TS8100 TS8240 TS8241 TS8242 TS9100 TS9540 TS9541C<br \/>\nProduktname: Fentec 580 XXL 581 XXL Tintenpatronen Kompatibel f\u00fcr Canon 581 XXL 580 XXL Multipack, Canon TS6350 druckerpatronen, Canon TR8550 druckerpatronen, Canon TR8550 patronen, Canon pixma TS705 patronen, Canon TS9550 patronen, Canon TS6350 patronen, Canon TS6150 patronen, Canon TR8500 patronen, Canon TS8350 patronen, Canon TS6251 druckerpatronen, Canon TR7550 druckerpatronen&#8230;<br \/>\nSeitenleistung: 630 Seiten f\u00fcr PGI 580 XXL Pigment Schwarz, 4600 Seiten f\u00fcr CLI 581 XXL Schwarz, 870 Seiten pro CLI 581 XXL Tintenpatrone Cyan\/Magenta\/Gelb (basierend auf A4-Papier 5 % Deckung).<\/p>\n","protected":false},"featured_media":75914,"comment_status":"open","ping_status":"closed","template":"","meta":[],"product_brand":[],"product_cat":[504,8208],"product_tag":[],"class_list":{"0":"post-75913","1":"product","2":"type-product","3":"status-publish","4":"has-post-thumbnail","6":"product_cat-buerobedarf-schreibwaren","7":"product_cat-bueroelektronik","8":"pa_brand-fentec","9":"pa_color-1-pigment-schwarz-1-schwarz-1-cyan-1-magenta-1-gelbpgi-580-xxl-581-xxl-patronen","10":"pa_manufacturer-fentec","12":"first","13":"instock","14":"shipping-taxable","15":"purchasable","16":"product-type-simple","17":"customify-col","18":"product-has-gallery"},"yoast_head":"<!-- This site is optimized with the Yoast SEO plugin v27.4 - https:\/\/yoast.com\/product\/yoast-seo-wordpress\/ -->\n<title>FENTEC TR8550 TR7550 TR8500 TS705 TS6350 TR 8550 TS8350 Patronen Druckerpatronen TS8351 TS6250 TS6150 TS8351 C-580 XXL\u2026 - Markt-XXL<\/title>\n<meta name=\"description\" content=\"Markt-XXL FENTEC TR8550 TR7550 TR8500 TS705 TS6350 TR 8550 TS8350 Patronen Druckerpatronen TS8351 TS6250 TS6150 TS8351 C-580 XXL\u2026\" \/>\n<meta name=\"robots\" content=\"index, follow, max-snippet:-1, max-image-preview:large, max-video-preview:-1\" \/>\n<link rel=\"canonical\" href=\"https:\/\/marktxxl.de\/markt\/produkt\/fentec-pgi-580-xxl-581-xxl-patronen-ersatz-fuer-canon-pgi-580xxl-cli-581-xxl-druckerpatronen-kompatibel-fuer-canon-pixma-ts6350-tr8550-ts705-ts9550-tr7550-ts6150-ts6151-ts6251-ts8150-ts8151-ts9150-5pa\/\" \/>\n<meta property=\"og:locale\" content=\"de_DE\" \/>\n<meta property=\"og:type\" content=\"article\" \/>\n<meta property=\"og:title\" content=\"FENTEC TR8550 TR7550 TR8500 TS705 TS6350 TR 8550 TS8350 Patronen Druckerpatronen TS8351 TS6250 TS6150 TS8351 C-580 XXL\u2026 - Markt-XXL\" \/>\n<meta property=\"og:description\" content=\"Markt-XXL FENTEC TR8550 TR7550 TR8500 TS705 TS6350 TR 8550 TS8350 Patronen Druckerpatronen TS8351 TS6250 TS6150 TS8351 C-580 XXL\u2026\" \/>\n<meta property=\"og:url\" content=\"https:\/\/marktxxl.de\/markt\/produkt\/fentec-pgi-580-xxl-581-xxl-patronen-ersatz-fuer-canon-pgi-580xxl-cli-581-xxl-druckerpatronen-kompatibel-fuer-canon-pixma-ts6350-tr8550-ts705-ts9550-tr7550-ts6150-ts6151-ts6251-ts8150-ts8151-ts9150-5pa\/\" \/>\n<meta property=\"og:site_name\" content=\"Markt-XXL\" \/>\n<meta property=\"article:modified_time\" content=\"2023-04-09T00:24:23+00:00\" \/>\n<meta property=\"og:image\" content=\"https:\/\/m.media-amazon.com\/images\/I\/51-UxmxZkvS._SL500_.jpg\" \/>\n\t<meta property=\"og:image:width\" content=\"500\" \/>\n\t<meta property=\"og:image:height\" content=\"500\" \/>\n\t<meta property=\"og:image:type\" content=\"image\/jpeg\" \/>\n<meta name=\"twitter:card\" content=\"summary_large_image\" \/>\n<meta name=\"twitter:label1\" content=\"Gesch\u00e4tzte Lesezeit\" \/>\n\t<meta name=\"twitter:data1\" content=\"1\u00a0Minute\" \/>\n<script type=\"application\/ld+json\" class=\"yoast-schema-graph\">{\"@context\":\"https:\\\/\\\/schema.org\",\"@graph\":[{\"@type\":\"WebPage\",\"@id\":\"https:\\\/\\\/marktxxl.de\\\/markt\\\/produkt\\\/fentec-pgi-580-xxl-581-xxl-patronen-ersatz-fuer-canon-pgi-580xxl-cli-581-xxl-druckerpatronen-kompatibel-fuer-canon-pixma-ts6350-tr8550-ts705-ts9550-tr7550-ts6150-ts6151-ts6251-ts8150-ts8151-ts9150-5pa\\\/\",\"url\":\"https:\\\/\\\/marktxxl.de\\\/markt\\\/produkt\\\/fentec-pgi-580-xxl-581-xxl-patronen-ersatz-fuer-canon-pgi-580xxl-cli-581-xxl-druckerpatronen-kompatibel-fuer-canon-pixma-ts6350-tr8550-ts705-ts9550-tr7550-ts6150-ts6151-ts6251-ts8150-ts8151-ts9150-5pa\\\/\",\"name\":\"FENTEC TR8550 TR7550 TR8500 TS705 TS6350 TR 8550 TS8350 Patronen Druckerpatronen TS8351 TS6250 TS6150 TS8351 C-580 XXL\u2026 - Markt-XXL\",\"isPartOf\":{\"@id\":\"https:\\\/\\\/marktxxl.de\\\/markt\\\/#website\"},\"primaryImageOfPage\":{\"@id\":\"https:\\\/\\\/marktxxl.de\\\/markt\\\/produkt\\\/fentec-pgi-580-xxl-581-xxl-patronen-ersatz-fuer-canon-pgi-580xxl-cli-581-xxl-druckerpatronen-kompatibel-fuer-canon-pixma-ts6350-tr8550-ts705-ts9550-tr7550-ts6150-ts6151-ts6251-ts8150-ts8151-ts9150-5pa\\\/#primaryimage\"},\"image\":{\"@id\":\"https:\\\/\\\/marktxxl.de\\\/markt\\\/produkt\\\/fentec-pgi-580-xxl-581-xxl-patronen-ersatz-fuer-canon-pgi-580xxl-cli-581-xxl-druckerpatronen-kompatibel-fuer-canon-pixma-ts6350-tr8550-ts705-ts9550-tr7550-ts6150-ts6151-ts6251-ts8150-ts8151-ts9150-5pa\\\/#primaryimage\"},\"thumbnailUrl\":\"https:\\\/\\\/m.media-amazon.com\\\/images\\\/I\\\/51-UxmxZkvS._SL500_.jpg\",\"datePublished\":\"2021-11-25T13:15:41+00:00\",\"dateModified\":\"2023-04-09T00:24:23+00:00\",\"description\":\"Markt-XXL FENTEC TR8550 TR7550 TR8500 TS705 TS6350 TR 8550 TS8350 Patronen Druckerpatronen TS8351 TS6250 TS6150 TS8351 C-580 XXL\u2026\",\"breadcrumb\":{\"@id\":\"https:\\\/\\\/marktxxl.de\\\/markt\\\/produkt\\\/fentec-pgi-580-xxl-581-xxl-patronen-ersatz-fuer-canon-pgi-580xxl-cli-581-xxl-druckerpatronen-kompatibel-fuer-canon-pixma-ts6350-tr8550-ts705-ts9550-tr7550-ts6150-ts6151-ts6251-ts8150-ts8151-ts9150-5pa\\\/#breadcrumb\"},\"inLanguage\":\"de\",\"potentialAction\":[{\"@type\":\"ReadAction\",\"target\":[\"https:\\\/\\\/marktxxl.de\\\/markt\\\/produkt\\\/fentec-pgi-580-xxl-581-xxl-patronen-ersatz-fuer-canon-pgi-580xxl-cli-581-xxl-druckerpatronen-kompatibel-fuer-canon-pixma-ts6350-tr8550-ts705-ts9550-tr7550-ts6150-ts6151-ts6251-ts8150-ts8151-ts9150-5pa\\\/\"]}]},{\"@type\":\"ImageObject\",\"inLanguage\":\"de\",\"@id\":\"https:\\\/\\\/marktxxl.de\\\/markt\\\/produkt\\\/fentec-pgi-580-xxl-581-xxl-patronen-ersatz-fuer-canon-pgi-580xxl-cli-581-xxl-druckerpatronen-kompatibel-fuer-canon-pixma-ts6350-tr8550-ts705-ts9550-tr7550-ts6150-ts6151-ts6251-ts8150-ts8151-ts9150-5pa\\\/#primaryimage\",\"url\":\"https:\\\/\\\/m.media-amazon.com\\\/images\\\/I\\\/51-UxmxZkvS._SL500_.jpg\",\"contentUrl\":\"https:\\\/\\\/m.media-amazon.com\\\/images\\\/I\\\/51-UxmxZkvS._SL500_.jpg\",\"width\":500,\"height\":500},{\"@type\":\"BreadcrumbList\",\"@id\":\"https:\\\/\\\/marktxxl.de\\\/markt\\\/produkt\\\/fentec-pgi-580-xxl-581-xxl-patronen-ersatz-fuer-canon-pgi-580xxl-cli-581-xxl-druckerpatronen-kompatibel-fuer-canon-pixma-ts6350-tr8550-ts705-ts9550-tr7550-ts6150-ts6151-ts6251-ts8150-ts8151-ts9150-5pa\\\/#breadcrumb\",\"itemListElement\":[{\"@type\":\"ListItem\",\"position\":1,\"name\":\"Startseite\",\"item\":\"https:\\\/\\\/marktxxl.de\\\/markt\\\/\"},{\"@type\":\"ListItem\",\"position\":2,\"name\":\"Markt\",\"item\":\"https:\\\/\\\/marktxxl.de\\\/markt\\\/\"},{\"@type\":\"ListItem\",\"position\":3,\"name\":\"FENTEC TR8550 TR7550 TR8500 TS705 TS6350 TR 8550 TS8350 Patronen Druckerpatronen TS8351 TS6250 TS6150 TS8351 C-580 XXL\u2026\"}]},{\"@type\":\"WebSite\",\"@id\":\"https:\\\/\\\/marktxxl.de\\\/markt\\\/#website\",\"url\":\"https:\\\/\\\/marktxxl.de\\\/markt\\\/\",\"name\":\"Markt-XXL\",\"description\":\"Ihr Markt Online\",\"publisher\":{\"@id\":\"https:\\\/\\\/marktxxl.de\\\/markt\\\/#organization\"},\"potentialAction\":[{\"@type\":\"SearchAction\",\"target\":{\"@type\":\"EntryPoint\",\"urlTemplate\":\"https:\\\/\\\/marktxxl.de\\\/markt\\\/?s={search_term_string}\"},\"query-input\":{\"@type\":\"PropertyValueSpecification\",\"valueRequired\":true,\"valueName\":\"search_term_string\"}}],\"inLanguage\":\"de\"},{\"@type\":\"Organization\",\"@id\":\"https:\\\/\\\/marktxxl.de\\\/markt\\\/#organization\",\"name\":\"Markt-XXL\",\"url\":\"https:\\\/\\\/marktxxl.de\\\/markt\\\/\",\"logo\":{\"@type\":\"ImageObject\",\"inLanguage\":\"de\",\"@id\":\"https:\\\/\\\/marktxxl.de\\\/markt\\\/#\\\/schema\\\/logo\\\/image\\\/\",\"url\":\"https:\\\/\\\/marktxxl.de\\\/markt\\\/wp-content\\\/uploads\\\/sites\\\/3\\\/2020\\\/12\\\/logo.png\",\"contentUrl\":\"https:\\\/\\\/marktxxl.de\\\/markt\\\/wp-content\\\/uploads\\\/sites\\\/3\\\/2020\\\/12\\\/logo.png\",\"width\":200,\"height\":70,\"caption\":\"Markt-XXL\"},\"image\":{\"@id\":\"https:\\\/\\\/marktxxl.de\\\/markt\\\/#\\\/schema\\\/logo\\\/image\\\/\"}}]}<\/script>\n<!-- \/ Yoast SEO plugin. -->","yoast_head_json":{"title":"FENTEC TR8550 TR7550 TR8500 TS705 TS6350 TR 8550 TS8350 Patronen Druckerpatronen TS8351 TS6250 TS6150 TS8351 C-580 XXL\u2026 - Markt-XXL","description":"Markt-XXL FENTEC TR8550 TR7550 TR8500 TS705 TS6350 TR 8550 TS8350 Patronen Druckerpatronen TS8351 TS6250 TS6150 TS8351 C-580 XXL\u2026","robots":{"index":"index","follow":"follow","max-snippet":"max-snippet:-1","max-image-preview":"max-image-preview:large","max-video-preview":"max-video-preview:-1"},"canonical":"https:\/\/marktxxl.de\/markt\/produkt\/fentec-pgi-580-xxl-581-xxl-patronen-ersatz-fuer-canon-pgi-580xxl-cli-581-xxl-druckerpatronen-kompatibel-fuer-canon-pixma-ts6350-tr8550-ts705-ts9550-tr7550-ts6150-ts6151-ts6251-ts8150-ts8151-ts9150-5pa\/","og_locale":"de_DE","og_type":"article","og_title":"FENTEC TR8550 TR7550 TR8500 TS705 TS6350 TR 8550 TS8350 Patronen Druckerpatronen TS8351 TS6250 TS6150 TS8351 C-580 XXL\u2026 - Markt-XXL","og_description":"Markt-XXL FENTEC TR8550 TR7550 TR8500 TS705 TS6350 TR 8550 TS8350 Patronen Druckerpatronen TS8351 TS6250 TS6150 TS8351 C-580 XXL\u2026","og_url":"https:\/\/marktxxl.de\/markt\/produkt\/fentec-pgi-580-xxl-581-xxl-patronen-ersatz-fuer-canon-pgi-580xxl-cli-581-xxl-druckerpatronen-kompatibel-fuer-canon-pixma-ts6350-tr8550-ts705-ts9550-tr7550-ts6150-ts6151-ts6251-ts8150-ts8151-ts9150-5pa\/","og_site_name":"Markt-XXL","article_modified_time":"2023-04-09T00:24:23+00:00","og_image":[{"width":500,"height":500,"url":"https:\/\/m.media-amazon.com\/images\/I\/51-UxmxZkvS._SL500_.jpg","type":"image\/jpeg"}],"twitter_card":"summary_large_image","twitter_misc":{"Gesch\u00e4tzte Lesezeit":"1\u00a0Minute"},"schema":{"@context":"https:\/\/schema.org","@graph":[{"@type":"WebPage","@id":"https:\/\/marktxxl.de\/markt\/produkt\/fentec-pgi-580-xxl-581-xxl-patronen-ersatz-fuer-canon-pgi-580xxl-cli-581-xxl-druckerpatronen-kompatibel-fuer-canon-pixma-ts6350-tr8550-ts705-ts9550-tr7550-ts6150-ts6151-ts6251-ts8150-ts8151-ts9150-5pa\/","url":"https:\/\/marktxxl.de\/markt\/produkt\/fentec-pgi-580-xxl-581-xxl-patronen-ersatz-fuer-canon-pgi-580xxl-cli-581-xxl-druckerpatronen-kompatibel-fuer-canon-pixma-ts6350-tr8550-ts705-ts9550-tr7550-ts6150-ts6151-ts6251-ts8150-ts8151-ts9150-5pa\/","name":"FENTEC TR8550 TR7550 TR8500 TS705 TS6350 TR 8550 TS8350 Patronen Druckerpatronen TS8351 TS6250 TS6150 TS8351 C-580 XXL\u2026 - Markt-XXL","isPartOf":{"@id":"https:\/\/marktxxl.de\/markt\/#website"},"primaryImageOfPage":{"@id":"https:\/\/marktxxl.de\/markt\/produkt\/fentec-pgi-580-xxl-581-xxl-patronen-ersatz-fuer-canon-pgi-580xxl-cli-581-xxl-druckerpatronen-kompatibel-fuer-canon-pixma-ts6350-tr8550-ts705-ts9550-tr7550-ts6150-ts6151-ts6251-ts8150-ts8151-ts9150-5pa\/#primaryimage"},"image":{"@id":"https:\/\/marktxxl.de\/markt\/produkt\/fentec-pgi-580-xxl-581-xxl-patronen-ersatz-fuer-canon-pgi-580xxl-cli-581-xxl-druckerpatronen-kompatibel-fuer-canon-pixma-ts6350-tr8550-ts705-ts9550-tr7550-ts6150-ts6151-ts6251-ts8150-ts8151-ts9150-5pa\/#primaryimage"},"thumbnailUrl":"https:\/\/m.media-amazon.com\/images\/I\/51-UxmxZkvS._SL500_.jpg","datePublished":"2021-11-25T13:15:41+00:00","dateModified":"2023-04-09T00:24:23+00:00","description":"Markt-XXL FENTEC TR8550 TR7550 TR8500 TS705 TS6350 TR 8550 TS8350 Patronen Druckerpatronen TS8351 TS6250 TS6150 TS8351 C-580 XXL\u2026","breadcrumb":{"@id":"https:\/\/marktxxl.de\/markt\/produkt\/fentec-pgi-580-xxl-581-xxl-patronen-ersatz-fuer-canon-pgi-580xxl-cli-581-xxl-druckerpatronen-kompatibel-fuer-canon-pixma-ts6350-tr8550-ts705-ts9550-tr7550-ts6150-ts6151-ts6251-ts8150-ts8151-ts9150-5pa\/#breadcrumb"},"inLanguage":"de","potentialAction":[{"@type":"ReadAction","target":["https:\/\/marktxxl.de\/markt\/produkt\/fentec-pgi-580-xxl-581-xxl-patronen-ersatz-fuer-canon-pgi-580xxl-cli-581-xxl-druckerpatronen-kompatibel-fuer-canon-pixma-ts6350-tr8550-ts705-ts9550-tr7550-ts6150-ts6151-ts6251-ts8150-ts8151-ts9150-5pa\/"]}]},{"@type":"ImageObject","inLanguage":"de","@id":"https:\/\/marktxxl.de\/markt\/produkt\/fentec-pgi-580-xxl-581-xxl-patronen-ersatz-fuer-canon-pgi-580xxl-cli-581-xxl-druckerpatronen-kompatibel-fuer-canon-pixma-ts6350-tr8550-ts705-ts9550-tr7550-ts6150-ts6151-ts6251-ts8150-ts8151-ts9150-5pa\/#primaryimage","url":"https:\/\/m.media-amazon.com\/images\/I\/51-UxmxZkvS._SL500_.jpg","contentUrl":"https:\/\/m.media-amazon.com\/images\/I\/51-UxmxZkvS._SL500_.jpg","width":500,"height":500},{"@type":"BreadcrumbList","@id":"https:\/\/marktxxl.de\/markt\/produkt\/fentec-pgi-580-xxl-581-xxl-patronen-ersatz-fuer-canon-pgi-580xxl-cli-581-xxl-druckerpatronen-kompatibel-fuer-canon-pixma-ts6350-tr8550-ts705-ts9550-tr7550-ts6150-ts6151-ts6251-ts8150-ts8151-ts9150-5pa\/#breadcrumb","itemListElement":[{"@type":"ListItem","position":1,"name":"Startseite","item":"https:\/\/marktxxl.de\/markt\/"},{"@type":"ListItem","position":2,"name":"Markt","item":"https:\/\/marktxxl.de\/markt\/"},{"@type":"ListItem","position":3,"name":"FENTEC TR8550 TR7550 TR8500 TS705 TS6350 TR 8550 TS8350 Patronen Druckerpatronen TS8351 TS6250 TS6150 TS8351 C-580 XXL\u2026"}]},{"@type":"WebSite","@id":"https:\/\/marktxxl.de\/markt\/#website","url":"https:\/\/marktxxl.de\/markt\/","name":"Markt-XXL","description":"Ihr Markt Online","publisher":{"@id":"https:\/\/marktxxl.de\/markt\/#organization"},"potentialAction":[{"@type":"SearchAction","target":{"@type":"EntryPoint","urlTemplate":"https:\/\/marktxxl.de\/markt\/?s={search_term_string}"},"query-input":{"@type":"PropertyValueSpecification","valueRequired":true,"valueName":"search_term_string"}}],"inLanguage":"de"},{"@type":"Organization","@id":"https:\/\/marktxxl.de\/markt\/#organization","name":"Markt-XXL","url":"https:\/\/marktxxl.de\/markt\/","logo":{"@type":"ImageObject","inLanguage":"de","@id":"https:\/\/marktxxl.de\/markt\/#\/schema\/logo\/image\/","url":"https:\/\/marktxxl.de\/markt\/wp-content\/uploads\/sites\/3\/2020\/12\/logo.png","contentUrl":"https:\/\/marktxxl.de\/markt\/wp-content\/uploads\/sites\/3\/2020\/12\/logo.png","width":200,"height":70,"caption":"Markt-XXL"},"image":{"@id":"https:\/\/marktxxl.de\/markt\/#\/schema\/logo\/image\/"}}]}},"_links":{"self":[{"href":"https:\/\/marktxxl.de\/markt\/wp-json\/wp\/v2\/product\/75913","targetHints":{"allow":["GET"]}}],"collection":[{"href":"https:\/\/marktxxl.de\/markt\/wp-json\/wp\/v2\/product"}],"about":[{"href":"https:\/\/marktxxl.de\/markt\/wp-json\/wp\/v2\/types\/product"}],"replies":[{"embeddable":true,"href":"https:\/\/marktxxl.de\/markt\/wp-json\/wp\/v2\/comments?post=75913"}],"wp:featuredmedia":[{"embeddable":true,"href":"https:\/\/marktxxl.de\/markt\/wp-json\/wp\/v2\/media\/75914"}],"wp:attachment":[{"href":"https:\/\/marktxxl.de\/markt\/wp-json\/wp\/v2\/media?parent=75913"}],"wp:term":[{"taxonomy":"product_brand","embeddable":true,"href":"https:\/\/marktxxl.de\/markt\/wp-json\/wp\/v2\/product_brand?post=75913"},{"taxonomy":"product_cat","embeddable":true,"href":"https:\/\/marktxxl.de\/markt\/wp-json\/wp\/v2\/product_cat?post=75913"},{"taxonomy":"product_tag","embeddable":true,"href":"https:\/\/marktxxl.de\/markt\/wp-json\/wp\/v2\/product_tag?post=75913"}],"curies":[{"name":"wp","href":"https:\/\/api.w.org\/{rel}","templated":true}]}}