{"id":75882,"date":"2021-11-25T14:12:21","date_gmt":"2021-11-25T13:12:21","guid":{"rendered":"https:\/\/marktxxl.de\/markt\/produkt\/cmybabee-44a-kompatibler-tonerkartusche-ersatz-fuer-44a-cf244a-fuer-hp-laserjet-pro-m15a-m15w-mfp-m28a-mfp-m28w-drucker-2schwarz\/"},"modified":"2023-04-09T02:24:22","modified_gmt":"2023-04-09T00:24:22","slug":"cmybabee-44a-kompatibler-tonerkartusche-ersatz-fuer-44a-cf244a-fuer-hp-laserjet-pro-m15a-m15w-mfp-m28a-mfp-m28w-drucker-2schwarz","status":"publish","type":"product","link":"https:\/\/marktxxl.de\/markt\/produkt\/cmybabee-44a-kompatibler-tonerkartusche-ersatz-fuer-44a-cf244a-fuer-hp-laserjet-pro-m15a-m15w-mfp-m28a-mfp-m28w-drucker-2schwarz\/","title":{"rendered":"CMYBabee 44A Kompatibler Tonerkartusche Ersatz f\u00fcr 44A CF244A f\u00fcr HP Laserjet Pro M15a M15w MFP M28a MFP M28w Drucker\u2026"},"content":{"rendered":"<p>Tonermodell: CF244A 44A kompatible Tonerkartuschen (Mit Chip)<br \/>\nVerpackungsinhalt: 2 Schwarze Kompatibel Toner patronen Ersatz f\u00fcr HP 44A CF244A Tonerkartuschen<br \/>\nSeitenausbeute: Bis zu 1,000 Seiten pro cf244a Toner bei einer A4-Briefabdeckung von 5 Prozent<br \/>\nKompatibles Drucker modell: HP LaserJet Pro M15a M15w HP LaserJet Pro MFP M28a MFP M28w Drucker(HP LaserJet Pro M15 M15a M15w M16 M16a M16w M17 M17a M17w, HP LaserJet Pro MFP M28 M28a M28w M29 M29a M29w )<br \/>\nCF244A Zuverl\u00e4ssige Qualit\u00e4tskontrolle sorgen f\u00fcr hervorragende Druckqualit\u00e4t<br \/>\n<div class=\"main-cross-sell\" data-asin=\"B0811Q162Q\">\n\n\t<div class=\"WooZone-cross-sell-loader\">\n\t\t<div>\n\t\t\t<div id=\"floatingBarsG\">\n\t\t\t\t<div class=\"blockG\" id=\"rotateG_01\"><\/div>\n\t\t\t\t<div class=\"blockG\" id=\"rotateG_02\"><\/div>\n\t\t\t\t<div class=\"blockG\" id=\"rotateG_03\"><\/div>\n\t\t\t\t<div class=\"blockG\" id=\"rotateG_04\"><\/div>\n\t\t\t\t<div class=\"blockG\" id=\"rotateG_05\"><\/div>\n\t\t\t\t<div class=\"blockG\" id=\"rotateG_06\"><\/div>\n\t\t\t\t<div class=\"blockG\" id=\"rotateG_07\"><\/div>\n\t\t\t\t<div class=\"blockG\" id=\"rotateG_08\"><\/div>\n\t\t\t<\/div>\n\t\t\t<div class=\"WooZone-cross-sell-loader-text\"><\/div>\n\t\t<\/div>\n\t<\/div>\n\n\t\t\n<\/div>\n<div style=\"clear:both;\"><\/div><\/p>\n","protected":false},"excerpt":{"rendered":"<p>Tonermodell: CF244A 44A kompatible Tonerkartuschen (Mit Chip)<br \/>\nVerpackungsinhalt: 2 Schwarze Kompatibel Toner patronen Ersatz f\u00fcr HP 44A CF244A Tonerkartuschen<br \/>\nSeitenausbeute: Bis zu 1,000 Seiten pro cf244a Toner bei einer A4-Briefabdeckung von 5 Prozent<\/p>\n","protected":false},"featured_media":75883,"comment_status":"open","ping_status":"closed","template":"","meta":[],"product_brand":[],"product_cat":[504,8208],"product_tag":[],"class_list":{"0":"post-75882","1":"product","2":"type-product","3":"status-publish","4":"has-post-thumbnail","6":"product_cat-buerobedarf-schreibwaren","7":"product_cat-bueroelektronik","8":"pa_binding-buerobedarf-schreibwaren","9":"pa_brand-cmybabee","10":"pa_color-2schwarz","11":"pa_manufacturer-cmybabee-kompatibel-fuer-hp","12":"pa_model-25670","14":"first","15":"instock","16":"shipping-taxable","17":"purchasable","18":"product-type-simple","19":"customify-col","20":"product-has-gallery"},"yoast_head":"<!-- This site is optimized with the Yoast SEO plugin v27.4 - https:\/\/yoast.com\/product\/yoast-seo-wordpress\/ -->\n<title>CMYBabee 44A Kompatibler Tonerkartusche Ersatz f\u00fcr 44A CF244A f\u00fcr HP Laserjet Pro M15a M15w MFP M28a MFP M28w Drucker\u2026 - Markt-XXL<\/title>\n<meta name=\"description\" content=\"Markt-XXL CMYBabee 44A Kompatibler Tonerkartusche Ersatz f\u00fcr 44A CF244A f\u00fcr HP Laserjet Pro M15a M15w MFP M28a MFP M28w Drucker\u2026\" \/>\n<meta name=\"robots\" content=\"index, follow, max-snippet:-1, max-image-preview:large, max-video-preview:-1\" \/>\n<link rel=\"canonical\" href=\"https:\/\/marktxxl.de\/markt\/produkt\/cmybabee-44a-kompatibler-tonerkartusche-ersatz-fuer-44a-cf244a-fuer-hp-laserjet-pro-m15a-m15w-mfp-m28a-mfp-m28w-drucker-2schwarz\/\" \/>\n<meta property=\"og:locale\" content=\"de_DE\" \/>\n<meta property=\"og:type\" content=\"article\" \/>\n<meta property=\"og:title\" content=\"CMYBabee 44A Kompatibler Tonerkartusche Ersatz f\u00fcr 44A CF244A f\u00fcr HP Laserjet Pro M15a M15w MFP M28a MFP M28w Drucker\u2026 - Markt-XXL\" \/>\n<meta property=\"og:description\" content=\"Markt-XXL CMYBabee 44A Kompatibler Tonerkartusche Ersatz f\u00fcr 44A CF244A f\u00fcr HP Laserjet Pro M15a M15w MFP M28a MFP M28w Drucker\u2026\" \/>\n<meta property=\"og:url\" content=\"https:\/\/marktxxl.de\/markt\/produkt\/cmybabee-44a-kompatibler-tonerkartusche-ersatz-fuer-44a-cf244a-fuer-hp-laserjet-pro-m15a-m15w-mfp-m28a-mfp-m28w-drucker-2schwarz\/\" \/>\n<meta property=\"og:site_name\" content=\"Markt-XXL\" \/>\n<meta property=\"article:modified_time\" content=\"2023-04-09T00:24:22+00:00\" \/>\n<meta property=\"og:image\" content=\"https:\/\/m.media-amazon.com\/images\/I\/51E7Ncp5P8L._SL500_.jpg\" \/>\n\t<meta property=\"og:image:width\" content=\"500\" \/>\n\t<meta property=\"og:image:height\" content=\"500\" \/>\n\t<meta property=\"og:image:type\" content=\"image\/jpeg\" \/>\n<meta name=\"twitter:card\" content=\"summary_large_image\" \/>\n<meta name=\"twitter:label1\" content=\"Gesch\u00e4tzte Lesezeit\" \/>\n\t<meta name=\"twitter:data1\" content=\"1\u00a0Minute\" \/>\n<script type=\"application\/ld+json\" class=\"yoast-schema-graph\">{\"@context\":\"https:\\\/\\\/schema.org\",\"@graph\":[{\"@type\":\"WebPage\",\"@id\":\"https:\\\/\\\/marktxxl.de\\\/markt\\\/produkt\\\/cmybabee-44a-kompatibler-tonerkartusche-ersatz-fuer-44a-cf244a-fuer-hp-laserjet-pro-m15a-m15w-mfp-m28a-mfp-m28w-drucker-2schwarz\\\/\",\"url\":\"https:\\\/\\\/marktxxl.de\\\/markt\\\/produkt\\\/cmybabee-44a-kompatibler-tonerkartusche-ersatz-fuer-44a-cf244a-fuer-hp-laserjet-pro-m15a-m15w-mfp-m28a-mfp-m28w-drucker-2schwarz\\\/\",\"name\":\"CMYBabee 44A Kompatibler Tonerkartusche Ersatz f\u00fcr 44A CF244A f\u00fcr HP Laserjet Pro M15a M15w MFP M28a MFP M28w Drucker\u2026 - Markt-XXL\",\"isPartOf\":{\"@id\":\"https:\\\/\\\/marktxxl.de\\\/markt\\\/#website\"},\"primaryImageOfPage\":{\"@id\":\"https:\\\/\\\/marktxxl.de\\\/markt\\\/produkt\\\/cmybabee-44a-kompatibler-tonerkartusche-ersatz-fuer-44a-cf244a-fuer-hp-laserjet-pro-m15a-m15w-mfp-m28a-mfp-m28w-drucker-2schwarz\\\/#primaryimage\"},\"image\":{\"@id\":\"https:\\\/\\\/marktxxl.de\\\/markt\\\/produkt\\\/cmybabee-44a-kompatibler-tonerkartusche-ersatz-fuer-44a-cf244a-fuer-hp-laserjet-pro-m15a-m15w-mfp-m28a-mfp-m28w-drucker-2schwarz\\\/#primaryimage\"},\"thumbnailUrl\":\"https:\\\/\\\/m.media-amazon.com\\\/images\\\/I\\\/51E7Ncp5P8L._SL500_.jpg\",\"datePublished\":\"2021-11-25T13:12:21+00:00\",\"dateModified\":\"2023-04-09T00:24:22+00:00\",\"description\":\"Markt-XXL CMYBabee 44A Kompatibler Tonerkartusche Ersatz f\u00fcr 44A CF244A f\u00fcr HP Laserjet Pro M15a M15w MFP M28a MFP M28w Drucker\u2026\",\"breadcrumb\":{\"@id\":\"https:\\\/\\\/marktxxl.de\\\/markt\\\/produkt\\\/cmybabee-44a-kompatibler-tonerkartusche-ersatz-fuer-44a-cf244a-fuer-hp-laserjet-pro-m15a-m15w-mfp-m28a-mfp-m28w-drucker-2schwarz\\\/#breadcrumb\"},\"inLanguage\":\"de\",\"potentialAction\":[{\"@type\":\"ReadAction\",\"target\":[\"https:\\\/\\\/marktxxl.de\\\/markt\\\/produkt\\\/cmybabee-44a-kompatibler-tonerkartusche-ersatz-fuer-44a-cf244a-fuer-hp-laserjet-pro-m15a-m15w-mfp-m28a-mfp-m28w-drucker-2schwarz\\\/\"]}]},{\"@type\":\"ImageObject\",\"inLanguage\":\"de\",\"@id\":\"https:\\\/\\\/marktxxl.de\\\/markt\\\/produkt\\\/cmybabee-44a-kompatibler-tonerkartusche-ersatz-fuer-44a-cf244a-fuer-hp-laserjet-pro-m15a-m15w-mfp-m28a-mfp-m28w-drucker-2schwarz\\\/#primaryimage\",\"url\":\"https:\\\/\\\/m.media-amazon.com\\\/images\\\/I\\\/51E7Ncp5P8L._SL500_.jpg\",\"contentUrl\":\"https:\\\/\\\/m.media-amazon.com\\\/images\\\/I\\\/51E7Ncp5P8L._SL500_.jpg\",\"width\":500,\"height\":500},{\"@type\":\"BreadcrumbList\",\"@id\":\"https:\\\/\\\/marktxxl.de\\\/markt\\\/produkt\\\/cmybabee-44a-kompatibler-tonerkartusche-ersatz-fuer-44a-cf244a-fuer-hp-laserjet-pro-m15a-m15w-mfp-m28a-mfp-m28w-drucker-2schwarz\\\/#breadcrumb\",\"itemListElement\":[{\"@type\":\"ListItem\",\"position\":1,\"name\":\"Startseite\",\"item\":\"https:\\\/\\\/marktxxl.de\\\/markt\\\/\"},{\"@type\":\"ListItem\",\"position\":2,\"name\":\"Markt\",\"item\":\"https:\\\/\\\/marktxxl.de\\\/markt\\\/\"},{\"@type\":\"ListItem\",\"position\":3,\"name\":\"CMYBabee 44A Kompatibler Tonerkartusche Ersatz f\u00fcr 44A CF244A f\u00fcr HP Laserjet Pro M15a M15w MFP M28a MFP M28w Drucker\u2026\"}]},{\"@type\":\"WebSite\",\"@id\":\"https:\\\/\\\/marktxxl.de\\\/markt\\\/#website\",\"url\":\"https:\\\/\\\/marktxxl.de\\\/markt\\\/\",\"name\":\"Markt-XXL\",\"description\":\"Ihr Markt Online\",\"publisher\":{\"@id\":\"https:\\\/\\\/marktxxl.de\\\/markt\\\/#organization\"},\"potentialAction\":[{\"@type\":\"SearchAction\",\"target\":{\"@type\":\"EntryPoint\",\"urlTemplate\":\"https:\\\/\\\/marktxxl.de\\\/markt\\\/?s={search_term_string}\"},\"query-input\":{\"@type\":\"PropertyValueSpecification\",\"valueRequired\":true,\"valueName\":\"search_term_string\"}}],\"inLanguage\":\"de\"},{\"@type\":\"Organization\",\"@id\":\"https:\\\/\\\/marktxxl.de\\\/markt\\\/#organization\",\"name\":\"Markt-XXL\",\"url\":\"https:\\\/\\\/marktxxl.de\\\/markt\\\/\",\"logo\":{\"@type\":\"ImageObject\",\"inLanguage\":\"de\",\"@id\":\"https:\\\/\\\/marktxxl.de\\\/markt\\\/#\\\/schema\\\/logo\\\/image\\\/\",\"url\":\"https:\\\/\\\/marktxxl.de\\\/markt\\\/wp-content\\\/uploads\\\/sites\\\/3\\\/2020\\\/12\\\/logo.png\",\"contentUrl\":\"https:\\\/\\\/marktxxl.de\\\/markt\\\/wp-content\\\/uploads\\\/sites\\\/3\\\/2020\\\/12\\\/logo.png\",\"width\":200,\"height\":70,\"caption\":\"Markt-XXL\"},\"image\":{\"@id\":\"https:\\\/\\\/marktxxl.de\\\/markt\\\/#\\\/schema\\\/logo\\\/image\\\/\"}}]}<\/script>\n<!-- \/ Yoast SEO plugin. -->","yoast_head_json":{"title":"CMYBabee 44A Kompatibler Tonerkartusche Ersatz f\u00fcr 44A CF244A f\u00fcr HP Laserjet Pro M15a M15w MFP M28a MFP M28w Drucker\u2026 - Markt-XXL","description":"Markt-XXL CMYBabee 44A Kompatibler Tonerkartusche Ersatz f\u00fcr 44A CF244A f\u00fcr HP Laserjet Pro M15a M15w MFP M28a MFP M28w Drucker\u2026","robots":{"index":"index","follow":"follow","max-snippet":"max-snippet:-1","max-image-preview":"max-image-preview:large","max-video-preview":"max-video-preview:-1"},"canonical":"https:\/\/marktxxl.de\/markt\/produkt\/cmybabee-44a-kompatibler-tonerkartusche-ersatz-fuer-44a-cf244a-fuer-hp-laserjet-pro-m15a-m15w-mfp-m28a-mfp-m28w-drucker-2schwarz\/","og_locale":"de_DE","og_type":"article","og_title":"CMYBabee 44A Kompatibler Tonerkartusche Ersatz f\u00fcr 44A CF244A f\u00fcr HP Laserjet Pro M15a M15w MFP M28a MFP M28w Drucker\u2026 - Markt-XXL","og_description":"Markt-XXL CMYBabee 44A Kompatibler Tonerkartusche Ersatz f\u00fcr 44A CF244A f\u00fcr HP Laserjet Pro M15a M15w MFP M28a MFP M28w Drucker\u2026","og_url":"https:\/\/marktxxl.de\/markt\/produkt\/cmybabee-44a-kompatibler-tonerkartusche-ersatz-fuer-44a-cf244a-fuer-hp-laserjet-pro-m15a-m15w-mfp-m28a-mfp-m28w-drucker-2schwarz\/","og_site_name":"Markt-XXL","article_modified_time":"2023-04-09T00:24:22+00:00","og_image":[{"width":500,"height":500,"url":"https:\/\/m.media-amazon.com\/images\/I\/51E7Ncp5P8L._SL500_.jpg","type":"image\/jpeg"}],"twitter_card":"summary_large_image","twitter_misc":{"Gesch\u00e4tzte Lesezeit":"1\u00a0Minute"},"schema":{"@context":"https:\/\/schema.org","@graph":[{"@type":"WebPage","@id":"https:\/\/marktxxl.de\/markt\/produkt\/cmybabee-44a-kompatibler-tonerkartusche-ersatz-fuer-44a-cf244a-fuer-hp-laserjet-pro-m15a-m15w-mfp-m28a-mfp-m28w-drucker-2schwarz\/","url":"https:\/\/marktxxl.de\/markt\/produkt\/cmybabee-44a-kompatibler-tonerkartusche-ersatz-fuer-44a-cf244a-fuer-hp-laserjet-pro-m15a-m15w-mfp-m28a-mfp-m28w-drucker-2schwarz\/","name":"CMYBabee 44A Kompatibler Tonerkartusche Ersatz f\u00fcr 44A CF244A f\u00fcr HP Laserjet Pro M15a M15w MFP M28a MFP M28w Drucker\u2026 - Markt-XXL","isPartOf":{"@id":"https:\/\/marktxxl.de\/markt\/#website"},"primaryImageOfPage":{"@id":"https:\/\/marktxxl.de\/markt\/produkt\/cmybabee-44a-kompatibler-tonerkartusche-ersatz-fuer-44a-cf244a-fuer-hp-laserjet-pro-m15a-m15w-mfp-m28a-mfp-m28w-drucker-2schwarz\/#primaryimage"},"image":{"@id":"https:\/\/marktxxl.de\/markt\/produkt\/cmybabee-44a-kompatibler-tonerkartusche-ersatz-fuer-44a-cf244a-fuer-hp-laserjet-pro-m15a-m15w-mfp-m28a-mfp-m28w-drucker-2schwarz\/#primaryimage"},"thumbnailUrl":"https:\/\/m.media-amazon.com\/images\/I\/51E7Ncp5P8L._SL500_.jpg","datePublished":"2021-11-25T13:12:21+00:00","dateModified":"2023-04-09T00:24:22+00:00","description":"Markt-XXL CMYBabee 44A Kompatibler Tonerkartusche Ersatz f\u00fcr 44A CF244A f\u00fcr HP Laserjet Pro M15a M15w MFP M28a MFP M28w Drucker\u2026","breadcrumb":{"@id":"https:\/\/marktxxl.de\/markt\/produkt\/cmybabee-44a-kompatibler-tonerkartusche-ersatz-fuer-44a-cf244a-fuer-hp-laserjet-pro-m15a-m15w-mfp-m28a-mfp-m28w-drucker-2schwarz\/#breadcrumb"},"inLanguage":"de","potentialAction":[{"@type":"ReadAction","target":["https:\/\/marktxxl.de\/markt\/produkt\/cmybabee-44a-kompatibler-tonerkartusche-ersatz-fuer-44a-cf244a-fuer-hp-laserjet-pro-m15a-m15w-mfp-m28a-mfp-m28w-drucker-2schwarz\/"]}]},{"@type":"ImageObject","inLanguage":"de","@id":"https:\/\/marktxxl.de\/markt\/produkt\/cmybabee-44a-kompatibler-tonerkartusche-ersatz-fuer-44a-cf244a-fuer-hp-laserjet-pro-m15a-m15w-mfp-m28a-mfp-m28w-drucker-2schwarz\/#primaryimage","url":"https:\/\/m.media-amazon.com\/images\/I\/51E7Ncp5P8L._SL500_.jpg","contentUrl":"https:\/\/m.media-amazon.com\/images\/I\/51E7Ncp5P8L._SL500_.jpg","width":500,"height":500},{"@type":"BreadcrumbList","@id":"https:\/\/marktxxl.de\/markt\/produkt\/cmybabee-44a-kompatibler-tonerkartusche-ersatz-fuer-44a-cf244a-fuer-hp-laserjet-pro-m15a-m15w-mfp-m28a-mfp-m28w-drucker-2schwarz\/#breadcrumb","itemListElement":[{"@type":"ListItem","position":1,"name":"Startseite","item":"https:\/\/marktxxl.de\/markt\/"},{"@type":"ListItem","position":2,"name":"Markt","item":"https:\/\/marktxxl.de\/markt\/"},{"@type":"ListItem","position":3,"name":"CMYBabee 44A Kompatibler Tonerkartusche Ersatz f\u00fcr 44A CF244A f\u00fcr HP Laserjet Pro M15a M15w MFP M28a MFP M28w Drucker\u2026"}]},{"@type":"WebSite","@id":"https:\/\/marktxxl.de\/markt\/#website","url":"https:\/\/marktxxl.de\/markt\/","name":"Markt-XXL","description":"Ihr Markt Online","publisher":{"@id":"https:\/\/marktxxl.de\/markt\/#organization"},"potentialAction":[{"@type":"SearchAction","target":{"@type":"EntryPoint","urlTemplate":"https:\/\/marktxxl.de\/markt\/?s={search_term_string}"},"query-input":{"@type":"PropertyValueSpecification","valueRequired":true,"valueName":"search_term_string"}}],"inLanguage":"de"},{"@type":"Organization","@id":"https:\/\/marktxxl.de\/markt\/#organization","name":"Markt-XXL","url":"https:\/\/marktxxl.de\/markt\/","logo":{"@type":"ImageObject","inLanguage":"de","@id":"https:\/\/marktxxl.de\/markt\/#\/schema\/logo\/image\/","url":"https:\/\/marktxxl.de\/markt\/wp-content\/uploads\/sites\/3\/2020\/12\/logo.png","contentUrl":"https:\/\/marktxxl.de\/markt\/wp-content\/uploads\/sites\/3\/2020\/12\/logo.png","width":200,"height":70,"caption":"Markt-XXL"},"image":{"@id":"https:\/\/marktxxl.de\/markt\/#\/schema\/logo\/image\/"}}]}},"_links":{"self":[{"href":"https:\/\/marktxxl.de\/markt\/wp-json\/wp\/v2\/product\/75882","targetHints":{"allow":["GET"]}}],"collection":[{"href":"https:\/\/marktxxl.de\/markt\/wp-json\/wp\/v2\/product"}],"about":[{"href":"https:\/\/marktxxl.de\/markt\/wp-json\/wp\/v2\/types\/product"}],"replies":[{"embeddable":true,"href":"https:\/\/marktxxl.de\/markt\/wp-json\/wp\/v2\/comments?post=75882"}],"wp:featuredmedia":[{"embeddable":true,"href":"https:\/\/marktxxl.de\/markt\/wp-json\/wp\/v2\/media\/75883"}],"wp:attachment":[{"href":"https:\/\/marktxxl.de\/markt\/wp-json\/wp\/v2\/media?parent=75882"}],"wp:term":[{"taxonomy":"product_brand","embeddable":true,"href":"https:\/\/marktxxl.de\/markt\/wp-json\/wp\/v2\/product_brand?post=75882"},{"taxonomy":"product_cat","embeddable":true,"href":"https:\/\/marktxxl.de\/markt\/wp-json\/wp\/v2\/product_cat?post=75882"},{"taxonomy":"product_tag","embeddable":true,"href":"https:\/\/marktxxl.de\/markt\/wp-json\/wp\/v2\/product_tag?post=75882"}],"curies":[{"name":"wp","href":"https:\/\/api.w.org\/{rel}","templated":true}]}}