{"id":75864,"date":"2021-11-25T14:12:05","date_gmt":"2021-11-25T13:12:05","guid":{"rendered":"https:\/\/marktxxl.de\/markt\/produkt\/casio-fx-991-de-x-schutztasche-fachbuch\/"},"modified":"2023-04-09T02:24:22","modified_gmt":"2023-04-09T00:24:22","slug":"casio-fx-991-de-x-schutztasche-fachbuch","status":"publish","type":"product","link":"https:\/\/marktxxl.de\/markt\/produkt\/casio-fx-991-de-x-schutztasche-fachbuch\/","title":{"rendered":"Casio FX 991 DE X + WYNGS Schutztasche schwarz + CALCUSO Fachbuch"},"content":{"rendered":"<p>Casio FX991DEX ClassWiz, mit hochaufl\u00f6sendem LC Display mit 193 x 63 Bildpunkten mit viermal so hoher Aufl\u00f6sung wie die bekannten Displays der FX-DE Plus-Serie<br \/>\nDer Rechner FX-991DEX ist mit 696 Funktionen das leistungsst\u00e4rkste Modell der technisch-wissenschaftlichen Taschenrechner<br \/>\nDie QR-Code-Funktion des Casio FX-991DE X erm\u00f6glicht die Ergebnis-Visualisierung auf dem Smartphone oder Tablet.<br \/>\nCasio FX-991 DEX &#8211; Wissenschaftlicher Rechner mit nat\u00fcrlichem Display, d.h. Br\u00fcche, Quadratwurzeln und andere mathematische Ausdr\u00fccke werden wie im Schulbuch angezeigt<br \/>\ninklusive Schutztasche, Fachbuch<br \/>\n<div class=\"main-cross-sell\" data-asin=\"B07HRXHQXC\">\n\n\t<div class=\"WooZone-cross-sell-loader\">\n\t\t<div>\n\t\t\t<div id=\"floatingBarsG\">\n\t\t\t\t<div class=\"blockG\" id=\"rotateG_01\"><\/div>\n\t\t\t\t<div class=\"blockG\" id=\"rotateG_02\"><\/div>\n\t\t\t\t<div class=\"blockG\" id=\"rotateG_03\"><\/div>\n\t\t\t\t<div class=\"blockG\" id=\"rotateG_04\"><\/div>\n\t\t\t\t<div class=\"blockG\" id=\"rotateG_05\"><\/div>\n\t\t\t\t<div class=\"blockG\" id=\"rotateG_06\"><\/div>\n\t\t\t\t<div class=\"blockG\" id=\"rotateG_07\"><\/div>\n\t\t\t\t<div class=\"blockG\" id=\"rotateG_08\"><\/div>\n\t\t\t<\/div>\n\t\t\t<div class=\"WooZone-cross-sell-loader-text\"><\/div>\n\t\t<\/div>\n\t<\/div>\n\n\t\t\n<\/div>\n<div style=\"clear:both;\"><\/div><\/p>\n","protected":false},"excerpt":{"rendered":"<p>Casio FX991DEX ClassWiz, mit hochaufl\u00f6sendem LC Display mit 193 x 63 Bildpunkten mit viermal so hoher Aufl\u00f6sung wie die bekannten Displays der FX-DE Plus-Serie<br \/>\nDer Rechner FX-991DEX ist mit 696 Funktionen das leistungsst\u00e4rkste Modell der technisch-wissenschaftlichen Taschenrechner<br \/>\nDie QR-Code-Funktion des Casio FX-991DE X erm\u00f6glicht die Ergebnis-Visualisierung auf dem Smartphone oder Tablet.<\/p>\n","protected":false},"featured_media":75865,"comment_status":"open","ping_status":"closed","template":"","meta":[],"product_brand":[],"product_cat":[504,8208],"product_tag":[],"class_list":{"0":"post-75864","1":"product","2":"type-product","3":"status-publish","4":"has-post-thumbnail","6":"product_cat-buerobedarf-schreibwaren","7":"product_cat-bueroelektronik","8":"pa_binding-buerobedarf-schreibwaren","9":"pa_brand-casio","10":"pa_manufacturer-casio","11":"pa_size-plus-schutztasche-plus-fachbuch","13":"first","14":"instock","15":"shipping-taxable","16":"purchasable","17":"product-type-simple","18":"customify-col","19":"product-has-gallery"},"yoast_head":"<!-- This site is optimized with the Yoast SEO plugin v27.3 - https:\/\/yoast.com\/product\/yoast-seo-wordpress\/ -->\n<title>Casio FX 991 DE X + WYNGS Schutztasche schwarz + CALCUSO Fachbuch - Markt-XXL<\/title>\n<meta name=\"description\" content=\"Markt-XXL Casio FX 991 DE X + WYNGS Schutztasche schwarz + CALCUSO Fachbuch\" \/>\n<meta name=\"robots\" content=\"index, follow, max-snippet:-1, max-image-preview:large, max-video-preview:-1\" \/>\n<link rel=\"canonical\" href=\"https:\/\/marktxxl.de\/markt\/produkt\/casio-fx-991-de-x-schutztasche-fachbuch\/\" \/>\n<meta property=\"og:locale\" content=\"de_DE\" \/>\n<meta property=\"og:type\" content=\"article\" \/>\n<meta property=\"og:title\" content=\"Casio FX 991 DE X + WYNGS Schutztasche schwarz + CALCUSO Fachbuch - Markt-XXL\" \/>\n<meta property=\"og:description\" content=\"Markt-XXL Casio FX 991 DE X + WYNGS Schutztasche schwarz + CALCUSO Fachbuch\" \/>\n<meta property=\"og:url\" content=\"https:\/\/marktxxl.de\/markt\/produkt\/casio-fx-991-de-x-schutztasche-fachbuch\/\" \/>\n<meta property=\"og:site_name\" content=\"Markt-XXL\" \/>\n<meta property=\"article:modified_time\" content=\"2023-04-09T00:24:22+00:00\" \/>\n<meta property=\"og:image\" content=\"https:\/\/m.media-amazon.com\/images\/I\/51EOV-V5YoL._SL500_.jpg\" \/>\n\t<meta property=\"og:image:width\" content=\"500\" \/>\n\t<meta property=\"og:image:height\" content=\"500\" \/>\n\t<meta property=\"og:image:type\" content=\"image\/jpeg\" \/>\n<meta name=\"twitter:card\" content=\"summary_large_image\" \/>\n<script type=\"application\/ld+json\" class=\"yoast-schema-graph\">{\"@context\":\"https:\\\/\\\/schema.org\",\"@graph\":[{\"@type\":\"WebPage\",\"@id\":\"https:\\\/\\\/marktxxl.de\\\/markt\\\/produkt\\\/casio-fx-991-de-x-schutztasche-fachbuch\\\/\",\"url\":\"https:\\\/\\\/marktxxl.de\\\/markt\\\/produkt\\\/casio-fx-991-de-x-schutztasche-fachbuch\\\/\",\"name\":\"Casio FX 991 DE X + WYNGS Schutztasche schwarz + CALCUSO Fachbuch - Markt-XXL\",\"isPartOf\":{\"@id\":\"https:\\\/\\\/marktxxl.de\\\/markt\\\/#website\"},\"primaryImageOfPage\":{\"@id\":\"https:\\\/\\\/marktxxl.de\\\/markt\\\/produkt\\\/casio-fx-991-de-x-schutztasche-fachbuch\\\/#primaryimage\"},\"image\":{\"@id\":\"https:\\\/\\\/marktxxl.de\\\/markt\\\/produkt\\\/casio-fx-991-de-x-schutztasche-fachbuch\\\/#primaryimage\"},\"thumbnailUrl\":\"https:\\\/\\\/m.media-amazon.com\\\/images\\\/I\\\/51EOV-V5YoL._SL500_.jpg\",\"datePublished\":\"2021-11-25T13:12:05+00:00\",\"dateModified\":\"2023-04-09T00:24:22+00:00\",\"description\":\"Markt-XXL Casio FX 991 DE X + WYNGS Schutztasche schwarz + CALCUSO Fachbuch\",\"breadcrumb\":{\"@id\":\"https:\\\/\\\/marktxxl.de\\\/markt\\\/produkt\\\/casio-fx-991-de-x-schutztasche-fachbuch\\\/#breadcrumb\"},\"inLanguage\":\"de\",\"potentialAction\":[{\"@type\":\"ReadAction\",\"target\":[\"https:\\\/\\\/marktxxl.de\\\/markt\\\/produkt\\\/casio-fx-991-de-x-schutztasche-fachbuch\\\/\"]}]},{\"@type\":\"ImageObject\",\"inLanguage\":\"de\",\"@id\":\"https:\\\/\\\/marktxxl.de\\\/markt\\\/produkt\\\/casio-fx-991-de-x-schutztasche-fachbuch\\\/#primaryimage\",\"url\":\"https:\\\/\\\/m.media-amazon.com\\\/images\\\/I\\\/51EOV-V5YoL._SL500_.jpg\",\"contentUrl\":\"https:\\\/\\\/m.media-amazon.com\\\/images\\\/I\\\/51EOV-V5YoL._SL500_.jpg\",\"width\":500,\"height\":500},{\"@type\":\"BreadcrumbList\",\"@id\":\"https:\\\/\\\/marktxxl.de\\\/markt\\\/produkt\\\/casio-fx-991-de-x-schutztasche-fachbuch\\\/#breadcrumb\",\"itemListElement\":[{\"@type\":\"ListItem\",\"position\":1,\"name\":\"Startseite\",\"item\":\"https:\\\/\\\/marktxxl.de\\\/markt\\\/\"},{\"@type\":\"ListItem\",\"position\":2,\"name\":\"Markt\",\"item\":\"https:\\\/\\\/marktxxl.de\\\/markt\\\/\"},{\"@type\":\"ListItem\",\"position\":3,\"name\":\"Casio FX 991 DE X + WYNGS Schutztasche schwarz + CALCUSO Fachbuch\"}]},{\"@type\":\"WebSite\",\"@id\":\"https:\\\/\\\/marktxxl.de\\\/markt\\\/#website\",\"url\":\"https:\\\/\\\/marktxxl.de\\\/markt\\\/\",\"name\":\"Markt-XXL\",\"description\":\"Ihr Markt Online\",\"publisher\":{\"@id\":\"https:\\\/\\\/marktxxl.de\\\/markt\\\/#organization\"},\"potentialAction\":[{\"@type\":\"SearchAction\",\"target\":{\"@type\":\"EntryPoint\",\"urlTemplate\":\"https:\\\/\\\/marktxxl.de\\\/markt\\\/?s={search_term_string}\"},\"query-input\":{\"@type\":\"PropertyValueSpecification\",\"valueRequired\":true,\"valueName\":\"search_term_string\"}}],\"inLanguage\":\"de\"},{\"@type\":\"Organization\",\"@id\":\"https:\\\/\\\/marktxxl.de\\\/markt\\\/#organization\",\"name\":\"Markt-XXL\",\"url\":\"https:\\\/\\\/marktxxl.de\\\/markt\\\/\",\"logo\":{\"@type\":\"ImageObject\",\"inLanguage\":\"de\",\"@id\":\"https:\\\/\\\/marktxxl.de\\\/markt\\\/#\\\/schema\\\/logo\\\/image\\\/\",\"url\":\"https:\\\/\\\/marktxxl.de\\\/markt\\\/wp-content\\\/uploads\\\/sites\\\/3\\\/2020\\\/12\\\/logo.png\",\"contentUrl\":\"https:\\\/\\\/marktxxl.de\\\/markt\\\/wp-content\\\/uploads\\\/sites\\\/3\\\/2020\\\/12\\\/logo.png\",\"width\":200,\"height\":70,\"caption\":\"Markt-XXL\"},\"image\":{\"@id\":\"https:\\\/\\\/marktxxl.de\\\/markt\\\/#\\\/schema\\\/logo\\\/image\\\/\"}}]}<\/script>\n<!-- \/ Yoast SEO plugin. -->","yoast_head_json":{"title":"Casio FX 991 DE X + WYNGS Schutztasche schwarz + CALCUSO Fachbuch - Markt-XXL","description":"Markt-XXL Casio FX 991 DE X + WYNGS Schutztasche schwarz + CALCUSO Fachbuch","robots":{"index":"index","follow":"follow","max-snippet":"max-snippet:-1","max-image-preview":"max-image-preview:large","max-video-preview":"max-video-preview:-1"},"canonical":"https:\/\/marktxxl.de\/markt\/produkt\/casio-fx-991-de-x-schutztasche-fachbuch\/","og_locale":"de_DE","og_type":"article","og_title":"Casio FX 991 DE X + WYNGS Schutztasche schwarz + CALCUSO Fachbuch - Markt-XXL","og_description":"Markt-XXL Casio FX 991 DE X + WYNGS Schutztasche schwarz + CALCUSO Fachbuch","og_url":"https:\/\/marktxxl.de\/markt\/produkt\/casio-fx-991-de-x-schutztasche-fachbuch\/","og_site_name":"Markt-XXL","article_modified_time":"2023-04-09T00:24:22+00:00","og_image":[{"width":500,"height":500,"url":"https:\/\/m.media-amazon.com\/images\/I\/51EOV-V5YoL._SL500_.jpg","type":"image\/jpeg"}],"twitter_card":"summary_large_image","schema":{"@context":"https:\/\/schema.org","@graph":[{"@type":"WebPage","@id":"https:\/\/marktxxl.de\/markt\/produkt\/casio-fx-991-de-x-schutztasche-fachbuch\/","url":"https:\/\/marktxxl.de\/markt\/produkt\/casio-fx-991-de-x-schutztasche-fachbuch\/","name":"Casio FX 991 DE X + WYNGS Schutztasche schwarz + CALCUSO Fachbuch - Markt-XXL","isPartOf":{"@id":"https:\/\/marktxxl.de\/markt\/#website"},"primaryImageOfPage":{"@id":"https:\/\/marktxxl.de\/markt\/produkt\/casio-fx-991-de-x-schutztasche-fachbuch\/#primaryimage"},"image":{"@id":"https:\/\/marktxxl.de\/markt\/produkt\/casio-fx-991-de-x-schutztasche-fachbuch\/#primaryimage"},"thumbnailUrl":"https:\/\/m.media-amazon.com\/images\/I\/51EOV-V5YoL._SL500_.jpg","datePublished":"2021-11-25T13:12:05+00:00","dateModified":"2023-04-09T00:24:22+00:00","description":"Markt-XXL Casio FX 991 DE X + WYNGS Schutztasche schwarz + CALCUSO Fachbuch","breadcrumb":{"@id":"https:\/\/marktxxl.de\/markt\/produkt\/casio-fx-991-de-x-schutztasche-fachbuch\/#breadcrumb"},"inLanguage":"de","potentialAction":[{"@type":"ReadAction","target":["https:\/\/marktxxl.de\/markt\/produkt\/casio-fx-991-de-x-schutztasche-fachbuch\/"]}]},{"@type":"ImageObject","inLanguage":"de","@id":"https:\/\/marktxxl.de\/markt\/produkt\/casio-fx-991-de-x-schutztasche-fachbuch\/#primaryimage","url":"https:\/\/m.media-amazon.com\/images\/I\/51EOV-V5YoL._SL500_.jpg","contentUrl":"https:\/\/m.media-amazon.com\/images\/I\/51EOV-V5YoL._SL500_.jpg","width":500,"height":500},{"@type":"BreadcrumbList","@id":"https:\/\/marktxxl.de\/markt\/produkt\/casio-fx-991-de-x-schutztasche-fachbuch\/#breadcrumb","itemListElement":[{"@type":"ListItem","position":1,"name":"Startseite","item":"https:\/\/marktxxl.de\/markt\/"},{"@type":"ListItem","position":2,"name":"Markt","item":"https:\/\/marktxxl.de\/markt\/"},{"@type":"ListItem","position":3,"name":"Casio FX 991 DE X + WYNGS Schutztasche schwarz + CALCUSO Fachbuch"}]},{"@type":"WebSite","@id":"https:\/\/marktxxl.de\/markt\/#website","url":"https:\/\/marktxxl.de\/markt\/","name":"Markt-XXL","description":"Ihr Markt Online","publisher":{"@id":"https:\/\/marktxxl.de\/markt\/#organization"},"potentialAction":[{"@type":"SearchAction","target":{"@type":"EntryPoint","urlTemplate":"https:\/\/marktxxl.de\/markt\/?s={search_term_string}"},"query-input":{"@type":"PropertyValueSpecification","valueRequired":true,"valueName":"search_term_string"}}],"inLanguage":"de"},{"@type":"Organization","@id":"https:\/\/marktxxl.de\/markt\/#organization","name":"Markt-XXL","url":"https:\/\/marktxxl.de\/markt\/","logo":{"@type":"ImageObject","inLanguage":"de","@id":"https:\/\/marktxxl.de\/markt\/#\/schema\/logo\/image\/","url":"https:\/\/marktxxl.de\/markt\/wp-content\/uploads\/sites\/3\/2020\/12\/logo.png","contentUrl":"https:\/\/marktxxl.de\/markt\/wp-content\/uploads\/sites\/3\/2020\/12\/logo.png","width":200,"height":70,"caption":"Markt-XXL"},"image":{"@id":"https:\/\/marktxxl.de\/markt\/#\/schema\/logo\/image\/"}}]}},"_links":{"self":[{"href":"https:\/\/marktxxl.de\/markt\/wp-json\/wp\/v2\/product\/75864","targetHints":{"allow":["GET"]}}],"collection":[{"href":"https:\/\/marktxxl.de\/markt\/wp-json\/wp\/v2\/product"}],"about":[{"href":"https:\/\/marktxxl.de\/markt\/wp-json\/wp\/v2\/types\/product"}],"replies":[{"embeddable":true,"href":"https:\/\/marktxxl.de\/markt\/wp-json\/wp\/v2\/comments?post=75864"}],"wp:featuredmedia":[{"embeddable":true,"href":"https:\/\/marktxxl.de\/markt\/wp-json\/wp\/v2\/media\/75865"}],"wp:attachment":[{"href":"https:\/\/marktxxl.de\/markt\/wp-json\/wp\/v2\/media?parent=75864"}],"wp:term":[{"taxonomy":"product_brand","embeddable":true,"href":"https:\/\/marktxxl.de\/markt\/wp-json\/wp\/v2\/product_brand?post=75864"},{"taxonomy":"product_cat","embeddable":true,"href":"https:\/\/marktxxl.de\/markt\/wp-json\/wp\/v2\/product_cat?post=75864"},{"taxonomy":"product_tag","embeddable":true,"href":"https:\/\/marktxxl.de\/markt\/wp-json\/wp\/v2\/product_tag?post=75864"}],"curies":[{"name":"wp","href":"https:\/\/api.w.org\/{rel}","templated":true}]}}