{"id":75543,"date":"2021-11-25T13:27:38","date_gmt":"2021-11-25T12:27:38","guid":{"rendered":"https:\/\/marktxxl.de\/markt\/produkt\/raeuberella-baby-kapuzenhandtuch-handtuch-mit-kapuze-geschenk-zur-geburt\/"},"modified":"2023-04-11T02:49:17","modified_gmt":"2023-04-11T00:49:17","slug":"raeuberella-baby-kapuzenhandtuch-handtuch-mit-kapuze-geschenk-zur-geburt","status":"publish","type":"product","link":"https:\/\/marktxxl.de\/markt\/produkt\/raeuberella-baby-kapuzenhandtuch-handtuch-mit-kapuze-geschenk-zur-geburt\/","title":{"rendered":"R\u00e4uberella \u00ae Kapuzenhandtuch f\u00fcr Babys 75 cm x 100cm, Geschenk zur Geburt Junge &amp; M\u00e4dchen (Alt-Rosa)"},"content":{"rendered":"<p>BIO-BAUMWOLLE &#8211; Wir verwenden f\u00fcr unser Baby Badetuch nur qualitativ hochwertigste Bio-Baumwolle. Diese wird schon ab 40 Grad porentief sauber und ben\u00f6tigt keinen hei\u00dferen Waschgang, da keinerlei synthetik verwendet wird<br \/>\nFLEXIBEL EINSETZBAR &#8211; Das Baby Handtuch mit Kapuze kann vielseitig eingesetzt werden. Nach dem Baden, am Strand oder als Decke<br \/>\nPERFEKTE GR\u00d6\u00dfE &#8211; Das Kapuzenhandtuch ist 75x100cm und somit passt es perfekt f\u00fcr Kinder jeden Alters. Da das Badetuch rechteckig ist, ist immer gen\u00fcgend Stoff zum abdecken des Kindes vorhanden.<br \/>\nGESCHENKVERPACKUNG &#8211; Unser Verpackungsdesign ist von uns so gestaltet, dass du es sofort einpacken kannst und immer das perfekte Baby Geschenk hast. Gerne kannst du es aber auch deinem eigenen Baby \u201cschenken\u201d \ud83d\ude42<br \/>\n\u00dcBER UNS &#8211; Du kaufst hier von einem kleinen Start-Up, wir haben sehr hohe Anspr\u00fcche an uns selbst und wollen nur beste Produkte f\u00fcr unsere kleinsten Erdenb\u00fcrger herstellen. Gr\u00fc\u00dfe Romina und Oliver<br \/>\n<div class=\"main-cross-sell\" data-asin=\"B08SW2RQKR\">\n\n\t<div class=\"WooZone-cross-sell-loader\">\n\t\t<div>\n\t\t\t<div id=\"floatingBarsG\">\n\t\t\t\t<div class=\"blockG\" id=\"rotateG_01\"><\/div>\n\t\t\t\t<div class=\"blockG\" id=\"rotateG_02\"><\/div>\n\t\t\t\t<div class=\"blockG\" id=\"rotateG_03\"><\/div>\n\t\t\t\t<div class=\"blockG\" id=\"rotateG_04\"><\/div>\n\t\t\t\t<div class=\"blockG\" id=\"rotateG_05\"><\/div>\n\t\t\t\t<div class=\"blockG\" id=\"rotateG_06\"><\/div>\n\t\t\t\t<div class=\"blockG\" id=\"rotateG_07\"><\/div>\n\t\t\t\t<div class=\"blockG\" id=\"rotateG_08\"><\/div>\n\t\t\t<\/div>\n\t\t\t<div class=\"WooZone-cross-sell-loader-text\"><\/div>\n\t\t<\/div>\n\t<\/div>\n\n\t\t\n<\/div>\n<div style=\"clear:both;\"><\/div><\/p>\n","protected":false},"excerpt":{"rendered":"<p>BIO-BAUMWOLLE &#8211; Wir verwenden f\u00fcr unser Baby Badetuch nur qualitativ hochwertigste Bio-Baumwolle. Diese wird schon ab 40 Grad porentief sauber und ben\u00f6tigt keinen hei\u00dferen Waschgang, da keinerlei synthetik verwendet wird<br \/>\nFLEXIBEL EINSETZBAR &#8211; Das Baby Handtuch mit Kapuze kann vielseitig eingesetzt werden. Nach dem Baden, am Strand oder als Decke<br \/>\nPERFEKTE GR\u00d6\u00dfE &#8211; Das Kapuzenhandtuch ist 75x100cm und somit passt es perfekt f\u00fcr Kinder jeden Alters. Da das Badetuch rechteckig ist, ist immer gen\u00fcgend Stoff zum abdecken des Kindes vorhanden.<\/p>\n","protected":false},"featured_media":75544,"comment_status":"open","ping_status":"closed","template":"","meta":[],"product_brand":[],"product_cat":[566],"product_tag":[],"class_list":{"0":"post-75543","1":"product","2":"type-product","3":"status-publish","4":"has-post-thumbnail","6":"product_cat-drogerie-koerperpflege","7":"pa_brand-raeuberella","8":"pa_height-1-574803148-zoll","9":"pa_length-12-992125971-zoll","10":"pa_manufacturer-raeuberella","11":"pa_weight-350-gramm","12":"pa_width-7-87401574-zoll","14":"first","15":"instock","16":"shipping-taxable","17":"purchasable","18":"product-type-simple","19":"customify-col","20":"product-has-gallery"},"yoast_head":"<!-- This site is optimized with the Yoast SEO plugin v27.4 - https:\/\/yoast.com\/product\/yoast-seo-wordpress\/ -->\n<title>R\u00e4uberella \u00ae Kapuzenhandtuch f\u00fcr Babys 75 cm x 100cm, Geschenk zur Geburt Junge &amp; M\u00e4dchen (Alt-Rosa) - Markt-XXL<\/title>\n<meta name=\"description\" content=\"Markt-XXL R\u00e4uberella \u00ae Kapuzenhandtuch f\u00fcr Babys 75 cm x 100cm, Geschenk zur Geburt Junge &amp; M\u00e4dchen (Alt-Rosa)\" \/>\n<meta name=\"robots\" content=\"index, follow, max-snippet:-1, max-image-preview:large, max-video-preview:-1\" \/>\n<link rel=\"canonical\" href=\"https:\/\/marktxxl.de\/markt\/produkt\/raeuberella-baby-kapuzenhandtuch-handtuch-mit-kapuze-geschenk-zur-geburt\/\" \/>\n<meta property=\"og:locale\" content=\"de_DE\" \/>\n<meta property=\"og:type\" content=\"article\" \/>\n<meta property=\"og:title\" content=\"R\u00e4uberella \u00ae Kapuzenhandtuch f\u00fcr Babys 75 cm x 100cm, Geschenk zur Geburt Junge &amp; M\u00e4dchen (Alt-Rosa) - Markt-XXL\" \/>\n<meta property=\"og:description\" content=\"Markt-XXL R\u00e4uberella \u00ae Kapuzenhandtuch f\u00fcr Babys 75 cm x 100cm, Geschenk zur Geburt Junge &amp; M\u00e4dchen (Alt-Rosa)\" \/>\n<meta property=\"og:url\" content=\"https:\/\/marktxxl.de\/markt\/produkt\/raeuberella-baby-kapuzenhandtuch-handtuch-mit-kapuze-geschenk-zur-geburt\/\" \/>\n<meta property=\"og:site_name\" content=\"Markt-XXL\" \/>\n<meta property=\"article:modified_time\" content=\"2023-04-11T00:49:17+00:00\" \/>\n<meta property=\"og:image\" content=\"https:\/\/m.media-amazon.com\/images\/I\/41avwXHDf7S._SL500_.jpg\" \/>\n\t<meta property=\"og:image:width\" content=\"500\" \/>\n\t<meta property=\"og:image:height\" content=\"500\" \/>\n\t<meta property=\"og:image:type\" content=\"image\/jpeg\" \/>\n<meta name=\"twitter:card\" content=\"summary_large_image\" \/>\n<meta name=\"twitter:label1\" content=\"Gesch\u00e4tzte Lesezeit\" \/>\n\t<meta name=\"twitter:data1\" content=\"1\u00a0Minute\" \/>\n<script type=\"application\/ld+json\" class=\"yoast-schema-graph\">{\"@context\":\"https:\\\/\\\/schema.org\",\"@graph\":[{\"@type\":\"WebPage\",\"@id\":\"https:\\\/\\\/marktxxl.de\\\/markt\\\/produkt\\\/raeuberella-baby-kapuzenhandtuch-handtuch-mit-kapuze-geschenk-zur-geburt\\\/\",\"url\":\"https:\\\/\\\/marktxxl.de\\\/markt\\\/produkt\\\/raeuberella-baby-kapuzenhandtuch-handtuch-mit-kapuze-geschenk-zur-geburt\\\/\",\"name\":\"R\u00e4uberella \u00ae Kapuzenhandtuch f\u00fcr Babys 75 cm x 100cm, Geschenk zur Geburt Junge &amp; M\u00e4dchen (Alt-Rosa) - Markt-XXL\",\"isPartOf\":{\"@id\":\"https:\\\/\\\/marktxxl.de\\\/markt\\\/#website\"},\"primaryImageOfPage\":{\"@id\":\"https:\\\/\\\/marktxxl.de\\\/markt\\\/produkt\\\/raeuberella-baby-kapuzenhandtuch-handtuch-mit-kapuze-geschenk-zur-geburt\\\/#primaryimage\"},\"image\":{\"@id\":\"https:\\\/\\\/marktxxl.de\\\/markt\\\/produkt\\\/raeuberella-baby-kapuzenhandtuch-handtuch-mit-kapuze-geschenk-zur-geburt\\\/#primaryimage\"},\"thumbnailUrl\":\"https:\\\/\\\/m.media-amazon.com\\\/images\\\/I\\\/41avwXHDf7S._SL500_.jpg\",\"datePublished\":\"2021-11-25T12:27:38+00:00\",\"dateModified\":\"2023-04-11T00:49:17+00:00\",\"description\":\"Markt-XXL R\u00e4uberella \u00ae Kapuzenhandtuch f\u00fcr Babys 75 cm x 100cm, Geschenk zur Geburt Junge &amp; M\u00e4dchen (Alt-Rosa)\",\"breadcrumb\":{\"@id\":\"https:\\\/\\\/marktxxl.de\\\/markt\\\/produkt\\\/raeuberella-baby-kapuzenhandtuch-handtuch-mit-kapuze-geschenk-zur-geburt\\\/#breadcrumb\"},\"inLanguage\":\"de\",\"potentialAction\":[{\"@type\":\"ReadAction\",\"target\":[\"https:\\\/\\\/marktxxl.de\\\/markt\\\/produkt\\\/raeuberella-baby-kapuzenhandtuch-handtuch-mit-kapuze-geschenk-zur-geburt\\\/\"]}]},{\"@type\":\"ImageObject\",\"inLanguage\":\"de\",\"@id\":\"https:\\\/\\\/marktxxl.de\\\/markt\\\/produkt\\\/raeuberella-baby-kapuzenhandtuch-handtuch-mit-kapuze-geschenk-zur-geburt\\\/#primaryimage\",\"url\":\"https:\\\/\\\/m.media-amazon.com\\\/images\\\/I\\\/41avwXHDf7S._SL500_.jpg\",\"contentUrl\":\"https:\\\/\\\/m.media-amazon.com\\\/images\\\/I\\\/41avwXHDf7S._SL500_.jpg\",\"width\":500,\"height\":500},{\"@type\":\"BreadcrumbList\",\"@id\":\"https:\\\/\\\/marktxxl.de\\\/markt\\\/produkt\\\/raeuberella-baby-kapuzenhandtuch-handtuch-mit-kapuze-geschenk-zur-geburt\\\/#breadcrumb\",\"itemListElement\":[{\"@type\":\"ListItem\",\"position\":1,\"name\":\"Startseite\",\"item\":\"https:\\\/\\\/marktxxl.de\\\/markt\\\/\"},{\"@type\":\"ListItem\",\"position\":2,\"name\":\"Markt\",\"item\":\"https:\\\/\\\/marktxxl.de\\\/markt\\\/\"},{\"@type\":\"ListItem\",\"position\":3,\"name\":\"R\u00e4uberella \u00ae Kapuzenhandtuch f\u00fcr Babys 75 cm x 100cm, Geschenk zur Geburt Junge &amp; M\u00e4dchen (Alt-Rosa)\"}]},{\"@type\":\"WebSite\",\"@id\":\"https:\\\/\\\/marktxxl.de\\\/markt\\\/#website\",\"url\":\"https:\\\/\\\/marktxxl.de\\\/markt\\\/\",\"name\":\"Markt-XXL\",\"description\":\"Ihr Markt Online\",\"publisher\":{\"@id\":\"https:\\\/\\\/marktxxl.de\\\/markt\\\/#organization\"},\"potentialAction\":[{\"@type\":\"SearchAction\",\"target\":{\"@type\":\"EntryPoint\",\"urlTemplate\":\"https:\\\/\\\/marktxxl.de\\\/markt\\\/?s={search_term_string}\"},\"query-input\":{\"@type\":\"PropertyValueSpecification\",\"valueRequired\":true,\"valueName\":\"search_term_string\"}}],\"inLanguage\":\"de\"},{\"@type\":\"Organization\",\"@id\":\"https:\\\/\\\/marktxxl.de\\\/markt\\\/#organization\",\"name\":\"Markt-XXL\",\"url\":\"https:\\\/\\\/marktxxl.de\\\/markt\\\/\",\"logo\":{\"@type\":\"ImageObject\",\"inLanguage\":\"de\",\"@id\":\"https:\\\/\\\/marktxxl.de\\\/markt\\\/#\\\/schema\\\/logo\\\/image\\\/\",\"url\":\"https:\\\/\\\/marktxxl.de\\\/markt\\\/wp-content\\\/uploads\\\/sites\\\/3\\\/2020\\\/12\\\/logo.png\",\"contentUrl\":\"https:\\\/\\\/marktxxl.de\\\/markt\\\/wp-content\\\/uploads\\\/sites\\\/3\\\/2020\\\/12\\\/logo.png\",\"width\":200,\"height\":70,\"caption\":\"Markt-XXL\"},\"image\":{\"@id\":\"https:\\\/\\\/marktxxl.de\\\/markt\\\/#\\\/schema\\\/logo\\\/image\\\/\"}}]}<\/script>\n<!-- \/ Yoast SEO plugin. -->","yoast_head_json":{"title":"R\u00e4uberella \u00ae Kapuzenhandtuch f\u00fcr Babys 75 cm x 100cm, Geschenk zur Geburt Junge &amp; M\u00e4dchen (Alt-Rosa) - Markt-XXL","description":"Markt-XXL R\u00e4uberella \u00ae Kapuzenhandtuch f\u00fcr Babys 75 cm x 100cm, Geschenk zur Geburt Junge &amp; M\u00e4dchen (Alt-Rosa)","robots":{"index":"index","follow":"follow","max-snippet":"max-snippet:-1","max-image-preview":"max-image-preview:large","max-video-preview":"max-video-preview:-1"},"canonical":"https:\/\/marktxxl.de\/markt\/produkt\/raeuberella-baby-kapuzenhandtuch-handtuch-mit-kapuze-geschenk-zur-geburt\/","og_locale":"de_DE","og_type":"article","og_title":"R\u00e4uberella \u00ae Kapuzenhandtuch f\u00fcr Babys 75 cm x 100cm, Geschenk zur Geburt Junge &amp; M\u00e4dchen (Alt-Rosa) - Markt-XXL","og_description":"Markt-XXL R\u00e4uberella \u00ae Kapuzenhandtuch f\u00fcr Babys 75 cm x 100cm, Geschenk zur Geburt Junge &amp; M\u00e4dchen (Alt-Rosa)","og_url":"https:\/\/marktxxl.de\/markt\/produkt\/raeuberella-baby-kapuzenhandtuch-handtuch-mit-kapuze-geschenk-zur-geburt\/","og_site_name":"Markt-XXL","article_modified_time":"2023-04-11T00:49:17+00:00","og_image":[{"width":500,"height":500,"url":"https:\/\/m.media-amazon.com\/images\/I\/41avwXHDf7S._SL500_.jpg","type":"image\/jpeg"}],"twitter_card":"summary_large_image","twitter_misc":{"Gesch\u00e4tzte Lesezeit":"1\u00a0Minute"},"schema":{"@context":"https:\/\/schema.org","@graph":[{"@type":"WebPage","@id":"https:\/\/marktxxl.de\/markt\/produkt\/raeuberella-baby-kapuzenhandtuch-handtuch-mit-kapuze-geschenk-zur-geburt\/","url":"https:\/\/marktxxl.de\/markt\/produkt\/raeuberella-baby-kapuzenhandtuch-handtuch-mit-kapuze-geschenk-zur-geburt\/","name":"R\u00e4uberella \u00ae Kapuzenhandtuch f\u00fcr Babys 75 cm x 100cm, Geschenk zur Geburt Junge &amp; M\u00e4dchen (Alt-Rosa) - Markt-XXL","isPartOf":{"@id":"https:\/\/marktxxl.de\/markt\/#website"},"primaryImageOfPage":{"@id":"https:\/\/marktxxl.de\/markt\/produkt\/raeuberella-baby-kapuzenhandtuch-handtuch-mit-kapuze-geschenk-zur-geburt\/#primaryimage"},"image":{"@id":"https:\/\/marktxxl.de\/markt\/produkt\/raeuberella-baby-kapuzenhandtuch-handtuch-mit-kapuze-geschenk-zur-geburt\/#primaryimage"},"thumbnailUrl":"https:\/\/m.media-amazon.com\/images\/I\/41avwXHDf7S._SL500_.jpg","datePublished":"2021-11-25T12:27:38+00:00","dateModified":"2023-04-11T00:49:17+00:00","description":"Markt-XXL R\u00e4uberella \u00ae Kapuzenhandtuch f\u00fcr Babys 75 cm x 100cm, Geschenk zur Geburt Junge &amp; M\u00e4dchen (Alt-Rosa)","breadcrumb":{"@id":"https:\/\/marktxxl.de\/markt\/produkt\/raeuberella-baby-kapuzenhandtuch-handtuch-mit-kapuze-geschenk-zur-geburt\/#breadcrumb"},"inLanguage":"de","potentialAction":[{"@type":"ReadAction","target":["https:\/\/marktxxl.de\/markt\/produkt\/raeuberella-baby-kapuzenhandtuch-handtuch-mit-kapuze-geschenk-zur-geburt\/"]}]},{"@type":"ImageObject","inLanguage":"de","@id":"https:\/\/marktxxl.de\/markt\/produkt\/raeuberella-baby-kapuzenhandtuch-handtuch-mit-kapuze-geschenk-zur-geburt\/#primaryimage","url":"https:\/\/m.media-amazon.com\/images\/I\/41avwXHDf7S._SL500_.jpg","contentUrl":"https:\/\/m.media-amazon.com\/images\/I\/41avwXHDf7S._SL500_.jpg","width":500,"height":500},{"@type":"BreadcrumbList","@id":"https:\/\/marktxxl.de\/markt\/produkt\/raeuberella-baby-kapuzenhandtuch-handtuch-mit-kapuze-geschenk-zur-geburt\/#breadcrumb","itemListElement":[{"@type":"ListItem","position":1,"name":"Startseite","item":"https:\/\/marktxxl.de\/markt\/"},{"@type":"ListItem","position":2,"name":"Markt","item":"https:\/\/marktxxl.de\/markt\/"},{"@type":"ListItem","position":3,"name":"R\u00e4uberella \u00ae Kapuzenhandtuch f\u00fcr Babys 75 cm x 100cm, Geschenk zur Geburt Junge &amp; M\u00e4dchen (Alt-Rosa)"}]},{"@type":"WebSite","@id":"https:\/\/marktxxl.de\/markt\/#website","url":"https:\/\/marktxxl.de\/markt\/","name":"Markt-XXL","description":"Ihr Markt Online","publisher":{"@id":"https:\/\/marktxxl.de\/markt\/#organization"},"potentialAction":[{"@type":"SearchAction","target":{"@type":"EntryPoint","urlTemplate":"https:\/\/marktxxl.de\/markt\/?s={search_term_string}"},"query-input":{"@type":"PropertyValueSpecification","valueRequired":true,"valueName":"search_term_string"}}],"inLanguage":"de"},{"@type":"Organization","@id":"https:\/\/marktxxl.de\/markt\/#organization","name":"Markt-XXL","url":"https:\/\/marktxxl.de\/markt\/","logo":{"@type":"ImageObject","inLanguage":"de","@id":"https:\/\/marktxxl.de\/markt\/#\/schema\/logo\/image\/","url":"https:\/\/marktxxl.de\/markt\/wp-content\/uploads\/sites\/3\/2020\/12\/logo.png","contentUrl":"https:\/\/marktxxl.de\/markt\/wp-content\/uploads\/sites\/3\/2020\/12\/logo.png","width":200,"height":70,"caption":"Markt-XXL"},"image":{"@id":"https:\/\/marktxxl.de\/markt\/#\/schema\/logo\/image\/"}}]}},"_links":{"self":[{"href":"https:\/\/marktxxl.de\/markt\/wp-json\/wp\/v2\/product\/75543","targetHints":{"allow":["GET"]}}],"collection":[{"href":"https:\/\/marktxxl.de\/markt\/wp-json\/wp\/v2\/product"}],"about":[{"href":"https:\/\/marktxxl.de\/markt\/wp-json\/wp\/v2\/types\/product"}],"replies":[{"embeddable":true,"href":"https:\/\/marktxxl.de\/markt\/wp-json\/wp\/v2\/comments?post=75543"}],"wp:featuredmedia":[{"embeddable":true,"href":"https:\/\/marktxxl.de\/markt\/wp-json\/wp\/v2\/media\/75544"}],"wp:attachment":[{"href":"https:\/\/marktxxl.de\/markt\/wp-json\/wp\/v2\/media?parent=75543"}],"wp:term":[{"taxonomy":"product_brand","embeddable":true,"href":"https:\/\/marktxxl.de\/markt\/wp-json\/wp\/v2\/product_brand?post=75543"},{"taxonomy":"product_cat","embeddable":true,"href":"https:\/\/marktxxl.de\/markt\/wp-json\/wp\/v2\/product_cat?post=75543"},{"taxonomy":"product_tag","embeddable":true,"href":"https:\/\/marktxxl.de\/markt\/wp-json\/wp\/v2\/product_tag?post=75543"}],"curies":[{"name":"wp","href":"https:\/\/api.w.org\/{rel}","templated":true}]}}