{"id":75499,"date":"2021-11-25T13:24:44","date_gmt":"2021-11-25T12:24:44","guid":{"rendered":"https:\/\/marktxxl.de\/markt\/produkt\/rotho-babydesign-faltbadewanne-baby-bath-2-go-fuer-babys-ab-0-monaten-82-x-485-x-22-cm-grau-weiss-20458-0293-01\/"},"modified":"2023-04-11T02:49:16","modified_gmt":"2023-04-11T00:49:16","slug":"rotho-babydesign-faltbadewanne-baby-bath-2-go-fuer-babys-ab-0-monaten-82-x-485-x-22-cm-grau-weiss-20458-0293-01","status":"publish","type":"product","link":"https:\/\/marktxxl.de\/markt\/produkt\/rotho-babydesign-faltbadewanne-baby-bath-2-go-fuer-babys-ab-0-monaten-82-x-485-x-22-cm-grau-weiss-20458-0293-01\/","title":{"rendered":"Rotho Babydesign Faltbadewanne Baby Bath 2 Go, F\u00fcr Babys ab 0 Monaten, 82 x 48,5 x 22 cm, Grau\/Wei\u00df, 20458 0293 01"},"content":{"rendered":"<p>Platzsparend faltbare Badewanne zum einfachen Mitnehmen und Aufbewahren, F\u00fcr das Bad zu Hause oder unterwegs, Vielseitig einsetzbar<br \/>\nFarbwechsel des w\u00e4rmeempfindlichen Ablaufstopfens je nach Wassertemperatur zum Einsch\u00e4tzen der Temperatur (vor dem Baden zus\u00e4tzliches Messen mit einem Thermometer empfohlen)<br \/>\nEinfache Verwendung durch Ausklappen der zwei Standbeine, Verriegeln und anschlie\u00dfendes Auffalten der Wanne, Ablaufstopfen zum schnellen und vollst\u00e4ndigen Ablassen des Wassers nach dem Baden<br \/>\nHochwertiges, robustes Polypropylen und TPE f\u00fcr eine lange Nutzungsdauer sowie einfache Reinigung mit einem weichen Tuch und Seifenlauge (scharfe und spitze Gegenst\u00e4nde sind zu vermeiden)<br \/>\nLieferumfang: 1x Rotho Babydesign Baby Bath 2 Go Faltbadewanne, Ma\u00dfe: 820 x 485 x 220 mm, Gewicht: 2,28 kg, Max. Belastung inkl. Wasser und Kind: 35 kg, Material: PP\/TPE, Art.-Nr. 20458 0293 01<br \/>\n<div class=\"main-cross-sell\" data-asin=\"B0957ZXQB8\">\n\n\t<div class=\"WooZone-cross-sell-loader\">\n\t\t<div>\n\t\t\t<div id=\"floatingBarsG\">\n\t\t\t\t<div class=\"blockG\" id=\"rotateG_01\"><\/div>\n\t\t\t\t<div class=\"blockG\" id=\"rotateG_02\"><\/div>\n\t\t\t\t<div class=\"blockG\" id=\"rotateG_03\"><\/div>\n\t\t\t\t<div class=\"blockG\" id=\"rotateG_04\"><\/div>\n\t\t\t\t<div class=\"blockG\" id=\"rotateG_05\"><\/div>\n\t\t\t\t<div class=\"blockG\" id=\"rotateG_06\"><\/div>\n\t\t\t\t<div class=\"blockG\" id=\"rotateG_07\"><\/div>\n\t\t\t\t<div class=\"blockG\" id=\"rotateG_08\"><\/div>\n\t\t\t<\/div>\n\t\t\t<div class=\"WooZone-cross-sell-loader-text\"><\/div>\n\t\t<\/div>\n\t<\/div>\n\n\t\t\n<\/div>\n<div style=\"clear:both;\"><\/div><\/p>\n","protected":false},"excerpt":{"rendered":"<p>Platzsparend faltbare Badewanne zum einfachen Mitnehmen und Aufbewahren, F\u00fcr das Bad zu Hause oder unterwegs, Vielseitig einsetzbar<br \/>\nFarbwechsel des w\u00e4rmeempfindlichen Ablaufstopfens je nach Wassertemperatur zum Einsch\u00e4tzen der Temperatur (vor dem Baden zus\u00e4tzliches Messen mit einem Thermometer empfohlen)<br \/>\nEinfache Verwendung durch Ausklappen der zwei Standbeine, Verriegeln und anschlie\u00dfendes Auffalten der Wanne, Ablaufstopfen zum schnellen und vollst\u00e4ndigen Ablassen des Wassers nach dem Baden<\/p>\n","protected":false},"featured_media":75500,"comment_status":"open","ping_status":"closed","template":"","meta":[],"product_brand":[],"product_cat":[566],"product_tag":[],"class_list":{"0":"post-75499","1":"product","2":"type-product","3":"status-publish","4":"has-post-thumbnail","6":"product_cat-drogerie-koerperpflege","7":"pa_binding-babyartikel","8":"pa_brand-rotho-babydesign","9":"pa_color-steingrau-weiss","10":"pa_height-8-661417314-zoll","11":"pa_length-32-283464534-zoll","12":"pa_manufacturer-20458-0293-01","13":"pa_model-25604","14":"pa_size-82x48-5x22-cm-1er-pack","15":"pa_weight-5-070632026-pfund","16":"pa_width-19-0944881695-zoll","18":"first","19":"instock","20":"shipping-taxable","21":"purchasable","22":"product-type-simple","23":"customify-col","24":"product-has-gallery"},"yoast_head":"<!-- This site is optimized with the Yoast SEO plugin v27.4 - https:\/\/yoast.com\/product\/yoast-seo-wordpress\/ -->\n<title>Rotho Babydesign Faltbadewanne Baby Bath 2 Go, F\u00fcr Babys ab 0 Monaten, 82 x 48,5 x 22 cm, Grau\/Wei\u00df, 20458 0293 01 - Markt-XXL<\/title>\n<meta name=\"description\" content=\"Markt-XXL Rotho Babydesign Faltbadewanne Baby Bath 2 Go, F\u00fcr Babys ab 0 Monaten, 82 x 48,5 x 22 cm, Grau\/Wei\u00df, 20458 0293 01\" \/>\n<meta name=\"robots\" content=\"index, follow, max-snippet:-1, max-image-preview:large, max-video-preview:-1\" \/>\n<link rel=\"canonical\" href=\"https:\/\/marktxxl.de\/markt\/produkt\/rotho-babydesign-faltbadewanne-baby-bath-2-go-fuer-babys-ab-0-monaten-82-x-485-x-22-cm-grau-weiss-20458-0293-01\/\" \/>\n<meta property=\"og:locale\" content=\"de_DE\" \/>\n<meta property=\"og:type\" content=\"article\" \/>\n<meta property=\"og:title\" content=\"Rotho Babydesign Faltbadewanne Baby Bath 2 Go, F\u00fcr Babys ab 0 Monaten, 82 x 48,5 x 22 cm, Grau\/Wei\u00df, 20458 0293 01 - Markt-XXL\" \/>\n<meta property=\"og:description\" content=\"Markt-XXL Rotho Babydesign Faltbadewanne Baby Bath 2 Go, F\u00fcr Babys ab 0 Monaten, 82 x 48,5 x 22 cm, Grau\/Wei\u00df, 20458 0293 01\" \/>\n<meta property=\"og:url\" content=\"https:\/\/marktxxl.de\/markt\/produkt\/rotho-babydesign-faltbadewanne-baby-bath-2-go-fuer-babys-ab-0-monaten-82-x-485-x-22-cm-grau-weiss-20458-0293-01\/\" \/>\n<meta property=\"og:site_name\" content=\"Markt-XXL\" \/>\n<meta property=\"article:modified_time\" content=\"2023-04-11T00:49:16+00:00\" \/>\n<meta property=\"og:image\" content=\"https:\/\/m.media-amazon.com\/images\/I\/31pxeLMYE6S._SL500_.jpg\" \/>\n\t<meta property=\"og:image:width\" content=\"500\" \/>\n\t<meta property=\"og:image:height\" content=\"378\" \/>\n\t<meta property=\"og:image:type\" content=\"image\/jpeg\" \/>\n<meta name=\"twitter:card\" content=\"summary_large_image\" \/>\n<meta name=\"twitter:label1\" content=\"Gesch\u00e4tzte Lesezeit\" \/>\n\t<meta name=\"twitter:data1\" content=\"1\u00a0Minute\" \/>\n<script type=\"application\/ld+json\" class=\"yoast-schema-graph\">{\"@context\":\"https:\\\/\\\/schema.org\",\"@graph\":[{\"@type\":\"WebPage\",\"@id\":\"https:\\\/\\\/marktxxl.de\\\/markt\\\/produkt\\\/rotho-babydesign-faltbadewanne-baby-bath-2-go-fuer-babys-ab-0-monaten-82-x-485-x-22-cm-grau-weiss-20458-0293-01\\\/\",\"url\":\"https:\\\/\\\/marktxxl.de\\\/markt\\\/produkt\\\/rotho-babydesign-faltbadewanne-baby-bath-2-go-fuer-babys-ab-0-monaten-82-x-485-x-22-cm-grau-weiss-20458-0293-01\\\/\",\"name\":\"Rotho Babydesign Faltbadewanne Baby Bath 2 Go, F\u00fcr Babys ab 0 Monaten, 82 x 48,5 x 22 cm, Grau\\\/Wei\u00df, 20458 0293 01 - Markt-XXL\",\"isPartOf\":{\"@id\":\"https:\\\/\\\/marktxxl.de\\\/markt\\\/#website\"},\"primaryImageOfPage\":{\"@id\":\"https:\\\/\\\/marktxxl.de\\\/markt\\\/produkt\\\/rotho-babydesign-faltbadewanne-baby-bath-2-go-fuer-babys-ab-0-monaten-82-x-485-x-22-cm-grau-weiss-20458-0293-01\\\/#primaryimage\"},\"image\":{\"@id\":\"https:\\\/\\\/marktxxl.de\\\/markt\\\/produkt\\\/rotho-babydesign-faltbadewanne-baby-bath-2-go-fuer-babys-ab-0-monaten-82-x-485-x-22-cm-grau-weiss-20458-0293-01\\\/#primaryimage\"},\"thumbnailUrl\":\"https:\\\/\\\/m.media-amazon.com\\\/images\\\/I\\\/31pxeLMYE6S._SL500_.jpg\",\"datePublished\":\"2021-11-25T12:24:44+00:00\",\"dateModified\":\"2023-04-11T00:49:16+00:00\",\"description\":\"Markt-XXL Rotho Babydesign Faltbadewanne Baby Bath 2 Go, F\u00fcr Babys ab 0 Monaten, 82 x 48,5 x 22 cm, Grau\\\/Wei\u00df, 20458 0293 01\",\"breadcrumb\":{\"@id\":\"https:\\\/\\\/marktxxl.de\\\/markt\\\/produkt\\\/rotho-babydesign-faltbadewanne-baby-bath-2-go-fuer-babys-ab-0-monaten-82-x-485-x-22-cm-grau-weiss-20458-0293-01\\\/#breadcrumb\"},\"inLanguage\":\"de\",\"potentialAction\":[{\"@type\":\"ReadAction\",\"target\":[\"https:\\\/\\\/marktxxl.de\\\/markt\\\/produkt\\\/rotho-babydesign-faltbadewanne-baby-bath-2-go-fuer-babys-ab-0-monaten-82-x-485-x-22-cm-grau-weiss-20458-0293-01\\\/\"]}]},{\"@type\":\"ImageObject\",\"inLanguage\":\"de\",\"@id\":\"https:\\\/\\\/marktxxl.de\\\/markt\\\/produkt\\\/rotho-babydesign-faltbadewanne-baby-bath-2-go-fuer-babys-ab-0-monaten-82-x-485-x-22-cm-grau-weiss-20458-0293-01\\\/#primaryimage\",\"url\":\"https:\\\/\\\/m.media-amazon.com\\\/images\\\/I\\\/31pxeLMYE6S._SL500_.jpg\",\"contentUrl\":\"https:\\\/\\\/m.media-amazon.com\\\/images\\\/I\\\/31pxeLMYE6S._SL500_.jpg\",\"width\":500,\"height\":378},{\"@type\":\"BreadcrumbList\",\"@id\":\"https:\\\/\\\/marktxxl.de\\\/markt\\\/produkt\\\/rotho-babydesign-faltbadewanne-baby-bath-2-go-fuer-babys-ab-0-monaten-82-x-485-x-22-cm-grau-weiss-20458-0293-01\\\/#breadcrumb\",\"itemListElement\":[{\"@type\":\"ListItem\",\"position\":1,\"name\":\"Startseite\",\"item\":\"https:\\\/\\\/marktxxl.de\\\/markt\\\/\"},{\"@type\":\"ListItem\",\"position\":2,\"name\":\"Markt\",\"item\":\"https:\\\/\\\/marktxxl.de\\\/markt\\\/\"},{\"@type\":\"ListItem\",\"position\":3,\"name\":\"Rotho Babydesign Faltbadewanne Baby Bath 2 Go, F\u00fcr Babys ab 0 Monaten, 82 x 48,5 x 22 cm, Grau\\\/Wei\u00df, 20458 0293 01\"}]},{\"@type\":\"WebSite\",\"@id\":\"https:\\\/\\\/marktxxl.de\\\/markt\\\/#website\",\"url\":\"https:\\\/\\\/marktxxl.de\\\/markt\\\/\",\"name\":\"Markt-XXL\",\"description\":\"Ihr Markt Online\",\"publisher\":{\"@id\":\"https:\\\/\\\/marktxxl.de\\\/markt\\\/#organization\"},\"potentialAction\":[{\"@type\":\"SearchAction\",\"target\":{\"@type\":\"EntryPoint\",\"urlTemplate\":\"https:\\\/\\\/marktxxl.de\\\/markt\\\/?s={search_term_string}\"},\"query-input\":{\"@type\":\"PropertyValueSpecification\",\"valueRequired\":true,\"valueName\":\"search_term_string\"}}],\"inLanguage\":\"de\"},{\"@type\":\"Organization\",\"@id\":\"https:\\\/\\\/marktxxl.de\\\/markt\\\/#organization\",\"name\":\"Markt-XXL\",\"url\":\"https:\\\/\\\/marktxxl.de\\\/markt\\\/\",\"logo\":{\"@type\":\"ImageObject\",\"inLanguage\":\"de\",\"@id\":\"https:\\\/\\\/marktxxl.de\\\/markt\\\/#\\\/schema\\\/logo\\\/image\\\/\",\"url\":\"https:\\\/\\\/marktxxl.de\\\/markt\\\/wp-content\\\/uploads\\\/sites\\\/3\\\/2020\\\/12\\\/logo.png\",\"contentUrl\":\"https:\\\/\\\/marktxxl.de\\\/markt\\\/wp-content\\\/uploads\\\/sites\\\/3\\\/2020\\\/12\\\/logo.png\",\"width\":200,\"height\":70,\"caption\":\"Markt-XXL\"},\"image\":{\"@id\":\"https:\\\/\\\/marktxxl.de\\\/markt\\\/#\\\/schema\\\/logo\\\/image\\\/\"}}]}<\/script>\n<!-- \/ Yoast SEO plugin. -->","yoast_head_json":{"title":"Rotho Babydesign Faltbadewanne Baby Bath 2 Go, F\u00fcr Babys ab 0 Monaten, 82 x 48,5 x 22 cm, Grau\/Wei\u00df, 20458 0293 01 - Markt-XXL","description":"Markt-XXL Rotho Babydesign Faltbadewanne Baby Bath 2 Go, F\u00fcr Babys ab 0 Monaten, 82 x 48,5 x 22 cm, Grau\/Wei\u00df, 20458 0293 01","robots":{"index":"index","follow":"follow","max-snippet":"max-snippet:-1","max-image-preview":"max-image-preview:large","max-video-preview":"max-video-preview:-1"},"canonical":"https:\/\/marktxxl.de\/markt\/produkt\/rotho-babydesign-faltbadewanne-baby-bath-2-go-fuer-babys-ab-0-monaten-82-x-485-x-22-cm-grau-weiss-20458-0293-01\/","og_locale":"de_DE","og_type":"article","og_title":"Rotho Babydesign Faltbadewanne Baby Bath 2 Go, F\u00fcr Babys ab 0 Monaten, 82 x 48,5 x 22 cm, Grau\/Wei\u00df, 20458 0293 01 - Markt-XXL","og_description":"Markt-XXL Rotho Babydesign Faltbadewanne Baby Bath 2 Go, F\u00fcr Babys ab 0 Monaten, 82 x 48,5 x 22 cm, Grau\/Wei\u00df, 20458 0293 01","og_url":"https:\/\/marktxxl.de\/markt\/produkt\/rotho-babydesign-faltbadewanne-baby-bath-2-go-fuer-babys-ab-0-monaten-82-x-485-x-22-cm-grau-weiss-20458-0293-01\/","og_site_name":"Markt-XXL","article_modified_time":"2023-04-11T00:49:16+00:00","og_image":[{"width":500,"height":378,"url":"https:\/\/m.media-amazon.com\/images\/I\/31pxeLMYE6S._SL500_.jpg","type":"image\/jpeg"}],"twitter_card":"summary_large_image","twitter_misc":{"Gesch\u00e4tzte Lesezeit":"1\u00a0Minute"},"schema":{"@context":"https:\/\/schema.org","@graph":[{"@type":"WebPage","@id":"https:\/\/marktxxl.de\/markt\/produkt\/rotho-babydesign-faltbadewanne-baby-bath-2-go-fuer-babys-ab-0-monaten-82-x-485-x-22-cm-grau-weiss-20458-0293-01\/","url":"https:\/\/marktxxl.de\/markt\/produkt\/rotho-babydesign-faltbadewanne-baby-bath-2-go-fuer-babys-ab-0-monaten-82-x-485-x-22-cm-grau-weiss-20458-0293-01\/","name":"Rotho Babydesign Faltbadewanne Baby Bath 2 Go, F\u00fcr Babys ab 0 Monaten, 82 x 48,5 x 22 cm, Grau\/Wei\u00df, 20458 0293 01 - Markt-XXL","isPartOf":{"@id":"https:\/\/marktxxl.de\/markt\/#website"},"primaryImageOfPage":{"@id":"https:\/\/marktxxl.de\/markt\/produkt\/rotho-babydesign-faltbadewanne-baby-bath-2-go-fuer-babys-ab-0-monaten-82-x-485-x-22-cm-grau-weiss-20458-0293-01\/#primaryimage"},"image":{"@id":"https:\/\/marktxxl.de\/markt\/produkt\/rotho-babydesign-faltbadewanne-baby-bath-2-go-fuer-babys-ab-0-monaten-82-x-485-x-22-cm-grau-weiss-20458-0293-01\/#primaryimage"},"thumbnailUrl":"https:\/\/m.media-amazon.com\/images\/I\/31pxeLMYE6S._SL500_.jpg","datePublished":"2021-11-25T12:24:44+00:00","dateModified":"2023-04-11T00:49:16+00:00","description":"Markt-XXL Rotho Babydesign Faltbadewanne Baby Bath 2 Go, F\u00fcr Babys ab 0 Monaten, 82 x 48,5 x 22 cm, Grau\/Wei\u00df, 20458 0293 01","breadcrumb":{"@id":"https:\/\/marktxxl.de\/markt\/produkt\/rotho-babydesign-faltbadewanne-baby-bath-2-go-fuer-babys-ab-0-monaten-82-x-485-x-22-cm-grau-weiss-20458-0293-01\/#breadcrumb"},"inLanguage":"de","potentialAction":[{"@type":"ReadAction","target":["https:\/\/marktxxl.de\/markt\/produkt\/rotho-babydesign-faltbadewanne-baby-bath-2-go-fuer-babys-ab-0-monaten-82-x-485-x-22-cm-grau-weiss-20458-0293-01\/"]}]},{"@type":"ImageObject","inLanguage":"de","@id":"https:\/\/marktxxl.de\/markt\/produkt\/rotho-babydesign-faltbadewanne-baby-bath-2-go-fuer-babys-ab-0-monaten-82-x-485-x-22-cm-grau-weiss-20458-0293-01\/#primaryimage","url":"https:\/\/m.media-amazon.com\/images\/I\/31pxeLMYE6S._SL500_.jpg","contentUrl":"https:\/\/m.media-amazon.com\/images\/I\/31pxeLMYE6S._SL500_.jpg","width":500,"height":378},{"@type":"BreadcrumbList","@id":"https:\/\/marktxxl.de\/markt\/produkt\/rotho-babydesign-faltbadewanne-baby-bath-2-go-fuer-babys-ab-0-monaten-82-x-485-x-22-cm-grau-weiss-20458-0293-01\/#breadcrumb","itemListElement":[{"@type":"ListItem","position":1,"name":"Startseite","item":"https:\/\/marktxxl.de\/markt\/"},{"@type":"ListItem","position":2,"name":"Markt","item":"https:\/\/marktxxl.de\/markt\/"},{"@type":"ListItem","position":3,"name":"Rotho Babydesign Faltbadewanne Baby Bath 2 Go, F\u00fcr Babys ab 0 Monaten, 82 x 48,5 x 22 cm, Grau\/Wei\u00df, 20458 0293 01"}]},{"@type":"WebSite","@id":"https:\/\/marktxxl.de\/markt\/#website","url":"https:\/\/marktxxl.de\/markt\/","name":"Markt-XXL","description":"Ihr Markt Online","publisher":{"@id":"https:\/\/marktxxl.de\/markt\/#organization"},"potentialAction":[{"@type":"SearchAction","target":{"@type":"EntryPoint","urlTemplate":"https:\/\/marktxxl.de\/markt\/?s={search_term_string}"},"query-input":{"@type":"PropertyValueSpecification","valueRequired":true,"valueName":"search_term_string"}}],"inLanguage":"de"},{"@type":"Organization","@id":"https:\/\/marktxxl.de\/markt\/#organization","name":"Markt-XXL","url":"https:\/\/marktxxl.de\/markt\/","logo":{"@type":"ImageObject","inLanguage":"de","@id":"https:\/\/marktxxl.de\/markt\/#\/schema\/logo\/image\/","url":"https:\/\/marktxxl.de\/markt\/wp-content\/uploads\/sites\/3\/2020\/12\/logo.png","contentUrl":"https:\/\/marktxxl.de\/markt\/wp-content\/uploads\/sites\/3\/2020\/12\/logo.png","width":200,"height":70,"caption":"Markt-XXL"},"image":{"@id":"https:\/\/marktxxl.de\/markt\/#\/schema\/logo\/image\/"}}]}},"_links":{"self":[{"href":"https:\/\/marktxxl.de\/markt\/wp-json\/wp\/v2\/product\/75499","targetHints":{"allow":["GET"]}}],"collection":[{"href":"https:\/\/marktxxl.de\/markt\/wp-json\/wp\/v2\/product"}],"about":[{"href":"https:\/\/marktxxl.de\/markt\/wp-json\/wp\/v2\/types\/product"}],"replies":[{"embeddable":true,"href":"https:\/\/marktxxl.de\/markt\/wp-json\/wp\/v2\/comments?post=75499"}],"wp:featuredmedia":[{"embeddable":true,"href":"https:\/\/marktxxl.de\/markt\/wp-json\/wp\/v2\/media\/75500"}],"wp:attachment":[{"href":"https:\/\/marktxxl.de\/markt\/wp-json\/wp\/v2\/media?parent=75499"}],"wp:term":[{"taxonomy":"product_brand","embeddable":true,"href":"https:\/\/marktxxl.de\/markt\/wp-json\/wp\/v2\/product_brand?post=75499"},{"taxonomy":"product_cat","embeddable":true,"href":"https:\/\/marktxxl.de\/markt\/wp-json\/wp\/v2\/product_cat?post=75499"},{"taxonomy":"product_tag","embeddable":true,"href":"https:\/\/marktxxl.de\/markt\/wp-json\/wp\/v2\/product_tag?post=75499"}],"curies":[{"name":"wp","href":"https:\/\/api.w.org\/{rel}","templated":true}]}}