{"id":75479,"date":"2021-11-25T13:24:32","date_gmt":"2021-11-25T12:24:32","guid":{"rendered":"https:\/\/marktxxl.de\/markt\/produkt\/flexeo-kfz-nachfuellset-din-13164-verbandskasten-auto-erste-hilfe-kasten-auto-verbandkasten-pkw-motorrad-erste-hilfe-set-auto-schwarz-verbandstasche\/"},"modified":"2023-04-11T02:49:16","modified_gmt":"2023-04-11T00:49:16","slug":"flexeo-kfz-nachfuellset-din-13164-verbandskasten-auto-erste-hilfe-kasten-auto-verbandkasten-pkw-motorrad-erste-hilfe-set-auto-schwarz-verbandstasche","status":"publish","type":"product","link":"https:\/\/marktxxl.de\/markt\/produkt\/flexeo-kfz-nachfuellset-din-13164-verbandskasten-auto-erste-hilfe-kasten-auto-verbandkasten-pkw-motorrad-erste-hilfe-set-auto-schwarz-verbandstasche\/","title":{"rendered":"1x FLEXEO KFZ-Nachf\u00fcllset DIN 13164:2022 &#8211; Verbandskasten Auto &#8211; Erste Hilfe Kasten &#8211; Verbandkasten PKW und Motorrad\u2026"},"content":{"rendered":"<p>\u2705 4 &#8211; 5 JAHRE HALTBAR: Alle sterilen Inhaltsteile unserer F\u00fcllung sind 4 bis 5 Jahre haltbar. Bei der Auswahl der Materialien haben wir stets auf die h\u00f6chste Qualit\u00e4t geachtet, wodurch die Inhaltsteile auch gegen Ende der Haltbarkeit noch eine optimale Qualit\u00e4t aufweisen. Nach dem Ablauf des Haltbarkeitsdatum kann diese F\u00fcllung durch ein neues kosteng\u00fcnstiges Nachf\u00fcllset ausgetauscht werden. Den Koffer k\u00f6nnen Sie weiterhin verwenden, was auch der Umwelt zugutekommt.<br \/>\n\u2705 F\u00dcLLUNG NACH DIN 13164: Unser KFZ-Nachf\u00fcllset entspricht selbstverst\u00e4ndlich der aktuellen DIN 13164 und erf\u00fcllt somit alle Richtlinien und Pflichten f\u00fcr Autos aller Art. Diese F\u00fcllung kann einfach in Ihren vorhandenen Verbandskasten \/ Erste Hilfe Kasten eingesetzt werden.<br \/>\n\u2705 INKLUSIVE ANLEITUNG: Wenn es schnell gehen muss, erinnern sich leider die wenigsten an den Ersthelferkurs, welcher bereits teilweise mehrere Jahre lang zur\u00fcck liegt. Aus diesem Grund haben wir uns besonders viel M\u00fche gegeben, eine \u00fcbersichtliche und informative Anleitung zu erstellen. So wei\u00df jeder auch im Notfall was zu tun ist. Deutsch ist nicht Ihre Muttersprache? Einfach den QR-Code auf der Anleitung scannen und die Anleitung in vielen Sprachen finden!<br \/>\n\u2705 PRAKTISCHE GR\u00d6SSE: Auch wir wissen, wie eng es in einem Auto werden kann. Daher haben wir unseren Erste Hilfe Kasten \/ Verbandskasten \/ Verbandkasten \/ Verbandtasche \/ Verbandstasche so klein wie m\u00f6glich gestaltet. Dadurch kann er in der kleinsten Ecke verstaut werden und ist dennoch im Ernstfall schnell zur Hand.<br \/>\n\u2705 HOCHWERTIGE MATERIALIEN: Im Notfall muss es schnell gehen, da kann es durchaus mal passieren, dass die KFZ-Verbandtasche etwas unsanft behandelt wird. Aus diesem Grund haben wir bei der Auswahl der Materialien auf das allerbeste gesetzt. So k\u00f6nnen Sie Ihre F\u00fcllung lange nutzen!<br \/>\n<div class=\"main-cross-sell\" data-asin=\"B09L16NQF4\">\n\n\t<div class=\"WooZone-cross-sell-loader\">\n\t\t<div>\n\t\t\t<div id=\"floatingBarsG\">\n\t\t\t\t<div class=\"blockG\" id=\"rotateG_01\"><\/div>\n\t\t\t\t<div class=\"blockG\" id=\"rotateG_02\"><\/div>\n\t\t\t\t<div class=\"blockG\" id=\"rotateG_03\"><\/div>\n\t\t\t\t<div class=\"blockG\" id=\"rotateG_04\"><\/div>\n\t\t\t\t<div class=\"blockG\" id=\"rotateG_05\"><\/div>\n\t\t\t\t<div class=\"blockG\" id=\"rotateG_06\"><\/div>\n\t\t\t\t<div class=\"blockG\" id=\"rotateG_07\"><\/div>\n\t\t\t\t<div class=\"blockG\" id=\"rotateG_08\"><\/div>\n\t\t\t<\/div>\n\t\t\t<div class=\"WooZone-cross-sell-loader-text\"><\/div>\n\t\t<\/div>\n\t<\/div>\n\n\t\t\n<\/div>\n<div style=\"clear:both;\"><\/div><\/p>\n","protected":false},"excerpt":{"rendered":"<p>\u2705 4 &#8211; 5 JAHRE HALTBAR: Alle sterilen Inhaltsteile unserer F\u00fcllung sind 4 bis 5 Jahre haltbar. Bei der Auswahl der Materialien haben wir stets auf die h\u00f6chste Qualit\u00e4t geachtet, wodurch die Inhaltsteile auch gegen Ende der Haltbarkeit noch eine optimale Qualit\u00e4t aufweisen. Nach dem Ablauf des Haltbarkeitsdatum kann diese F\u00fcllung durch ein neues kosteng\u00fcnstiges Nachf\u00fcllset ausgetauscht werden. Den Koffer k\u00f6nnen Sie weiterhin verwenden, was auch der Umwelt zugutekommt.<br \/>\n\u2705 F\u00dcLLUNG NACH DIN 13164: Unser KFZ-Nachf\u00fcllset entspricht selbstverst\u00e4ndlich der aktuellen DIN 13164 und erf\u00fcllt somit alle Richtlinien und Pflichten f\u00fcr Autos aller Art. Diese F\u00fcllung kann einfach in Ihren vorhandenen Verbandskasten \/ Erste Hilfe Kasten eingesetzt werden.<br \/>\n\u2705 INKLUSIVE ANLEITUNG: Wenn es schnell gehen muss, erinnern sich leider die wenigsten an den Ersthelferkurs, welcher bereits teilweise mehrere Jahre lang zur\u00fcck liegt. Aus diesem Grund haben wir uns besonders viel M\u00fche gegeben, eine \u00fcbersichtliche und informative Anleitung zu erstellen. So wei\u00df jeder auch im Notfall was zu tun ist. Deutsch ist nicht Ihre Muttersprache? Einfach den QR-Code auf der Anleitung scannen und die Anleitung in vielen Sprachen finden!<\/p>\n","protected":false},"featured_media":75480,"comment_status":"open","ping_status":"closed","template":"","meta":[],"product_brand":[],"product_cat":[566],"product_tag":[],"class_list":{"0":"post-75479","1":"product","2":"type-product","3":"status-publish","4":"has-post-thumbnail","6":"product_cat-drogerie-koerperpflege","7":"pa_brand-flexeo","8":"pa_manufacturer-flexeo","10":"first","11":"instock","12":"shipping-taxable","13":"purchasable","14":"product-type-simple","15":"customify-col","16":"product-has-gallery"},"yoast_head":"<!-- This site is optimized with the Yoast SEO plugin v27.3 - https:\/\/yoast.com\/product\/yoast-seo-wordpress\/ -->\n<title>1x FLEXEO KFZ-Nachf\u00fcllset DIN 13164:2022 - Verbandskasten Auto - Erste Hilfe Kasten - Verbandkasten PKW und Motorrad\u2026 - Markt-XXL<\/title>\n<meta name=\"description\" content=\"Markt-XXL 1x FLEXEO KFZ-Nachf\u00fcllset DIN 13164:2022 - Verbandskasten Auto - Erste Hilfe Kasten - Verbandkasten PKW und Motorrad\u2026\" \/>\n<meta name=\"robots\" content=\"index, follow, max-snippet:-1, max-image-preview:large, max-video-preview:-1\" \/>\n<link rel=\"canonical\" href=\"https:\/\/marktxxl.de\/markt\/produkt\/flexeo-kfz-nachfuellset-din-13164-verbandskasten-auto-erste-hilfe-kasten-auto-verbandkasten-pkw-motorrad-erste-hilfe-set-auto-schwarz-verbandstasche\/\" \/>\n<meta property=\"og:locale\" content=\"de_DE\" \/>\n<meta property=\"og:type\" content=\"article\" \/>\n<meta property=\"og:title\" content=\"1x FLEXEO KFZ-Nachf\u00fcllset DIN 13164:2022 - Verbandskasten Auto - Erste Hilfe Kasten - Verbandkasten PKW und Motorrad\u2026 - Markt-XXL\" \/>\n<meta property=\"og:description\" content=\"Markt-XXL 1x FLEXEO KFZ-Nachf\u00fcllset DIN 13164:2022 - Verbandskasten Auto - Erste Hilfe Kasten - Verbandkasten PKW und Motorrad\u2026\" \/>\n<meta property=\"og:url\" content=\"https:\/\/marktxxl.de\/markt\/produkt\/flexeo-kfz-nachfuellset-din-13164-verbandskasten-auto-erste-hilfe-kasten-auto-verbandkasten-pkw-motorrad-erste-hilfe-set-auto-schwarz-verbandstasche\/\" \/>\n<meta property=\"og:site_name\" content=\"Markt-XXL\" \/>\n<meta property=\"article:modified_time\" content=\"2023-04-11T00:49:16+00:00\" \/>\n<meta property=\"og:image\" content=\"https:\/\/m.media-amazon.com\/images\/I\/41YH6+cPzML._SL500_.jpg\" \/>\n\t<meta property=\"og:image:width\" content=\"500\" \/>\n\t<meta property=\"og:image:height\" content=\"500\" \/>\n\t<meta property=\"og:image:type\" content=\"image\/jpeg\" \/>\n<meta name=\"twitter:card\" content=\"summary_large_image\" \/>\n<meta name=\"twitter:label1\" content=\"Gesch\u00e4tzte Lesezeit\" \/>\n\t<meta name=\"twitter:data1\" content=\"1\u00a0Minute\" \/>\n<script type=\"application\/ld+json\" class=\"yoast-schema-graph\">{\"@context\":\"https:\\\/\\\/schema.org\",\"@graph\":[{\"@type\":\"WebPage\",\"@id\":\"https:\\\/\\\/marktxxl.de\\\/markt\\\/produkt\\\/flexeo-kfz-nachfuellset-din-13164-verbandskasten-auto-erste-hilfe-kasten-auto-verbandkasten-pkw-motorrad-erste-hilfe-set-auto-schwarz-verbandstasche\\\/\",\"url\":\"https:\\\/\\\/marktxxl.de\\\/markt\\\/produkt\\\/flexeo-kfz-nachfuellset-din-13164-verbandskasten-auto-erste-hilfe-kasten-auto-verbandkasten-pkw-motorrad-erste-hilfe-set-auto-schwarz-verbandstasche\\\/\",\"name\":\"1x FLEXEO KFZ-Nachf\u00fcllset DIN 13164:2022 - Verbandskasten Auto - Erste Hilfe Kasten - Verbandkasten PKW und Motorrad\u2026 - Markt-XXL\",\"isPartOf\":{\"@id\":\"https:\\\/\\\/marktxxl.de\\\/markt\\\/#website\"},\"primaryImageOfPage\":{\"@id\":\"https:\\\/\\\/marktxxl.de\\\/markt\\\/produkt\\\/flexeo-kfz-nachfuellset-din-13164-verbandskasten-auto-erste-hilfe-kasten-auto-verbandkasten-pkw-motorrad-erste-hilfe-set-auto-schwarz-verbandstasche\\\/#primaryimage\"},\"image\":{\"@id\":\"https:\\\/\\\/marktxxl.de\\\/markt\\\/produkt\\\/flexeo-kfz-nachfuellset-din-13164-verbandskasten-auto-erste-hilfe-kasten-auto-verbandkasten-pkw-motorrad-erste-hilfe-set-auto-schwarz-verbandstasche\\\/#primaryimage\"},\"thumbnailUrl\":\"https:\\\/\\\/m.media-amazon.com\\\/images\\\/I\\\/41YH6+cPzML._SL500_.jpg\",\"datePublished\":\"2021-11-25T12:24:32+00:00\",\"dateModified\":\"2023-04-11T00:49:16+00:00\",\"description\":\"Markt-XXL 1x FLEXEO KFZ-Nachf\u00fcllset DIN 13164:2022 - Verbandskasten Auto - Erste Hilfe Kasten - Verbandkasten PKW und Motorrad\u2026\",\"breadcrumb\":{\"@id\":\"https:\\\/\\\/marktxxl.de\\\/markt\\\/produkt\\\/flexeo-kfz-nachfuellset-din-13164-verbandskasten-auto-erste-hilfe-kasten-auto-verbandkasten-pkw-motorrad-erste-hilfe-set-auto-schwarz-verbandstasche\\\/#breadcrumb\"},\"inLanguage\":\"de\",\"potentialAction\":[{\"@type\":\"ReadAction\",\"target\":[\"https:\\\/\\\/marktxxl.de\\\/markt\\\/produkt\\\/flexeo-kfz-nachfuellset-din-13164-verbandskasten-auto-erste-hilfe-kasten-auto-verbandkasten-pkw-motorrad-erste-hilfe-set-auto-schwarz-verbandstasche\\\/\"]}]},{\"@type\":\"ImageObject\",\"inLanguage\":\"de\",\"@id\":\"https:\\\/\\\/marktxxl.de\\\/markt\\\/produkt\\\/flexeo-kfz-nachfuellset-din-13164-verbandskasten-auto-erste-hilfe-kasten-auto-verbandkasten-pkw-motorrad-erste-hilfe-set-auto-schwarz-verbandstasche\\\/#primaryimage\",\"url\":\"https:\\\/\\\/m.media-amazon.com\\\/images\\\/I\\\/41YH6+cPzML._SL500_.jpg\",\"contentUrl\":\"https:\\\/\\\/m.media-amazon.com\\\/images\\\/I\\\/41YH6+cPzML._SL500_.jpg\",\"width\":500,\"height\":500},{\"@type\":\"BreadcrumbList\",\"@id\":\"https:\\\/\\\/marktxxl.de\\\/markt\\\/produkt\\\/flexeo-kfz-nachfuellset-din-13164-verbandskasten-auto-erste-hilfe-kasten-auto-verbandkasten-pkw-motorrad-erste-hilfe-set-auto-schwarz-verbandstasche\\\/#breadcrumb\",\"itemListElement\":[{\"@type\":\"ListItem\",\"position\":1,\"name\":\"Startseite\",\"item\":\"https:\\\/\\\/marktxxl.de\\\/markt\\\/\"},{\"@type\":\"ListItem\",\"position\":2,\"name\":\"Markt\",\"item\":\"https:\\\/\\\/marktxxl.de\\\/markt\\\/\"},{\"@type\":\"ListItem\",\"position\":3,\"name\":\"1x FLEXEO KFZ-Nachf\u00fcllset DIN 13164:2022 &#8211; Verbandskasten Auto &#8211; Erste Hilfe Kasten &#8211; Verbandkasten PKW und Motorrad\u2026\"}]},{\"@type\":\"WebSite\",\"@id\":\"https:\\\/\\\/marktxxl.de\\\/markt\\\/#website\",\"url\":\"https:\\\/\\\/marktxxl.de\\\/markt\\\/\",\"name\":\"Markt-XXL\",\"description\":\"Ihr Markt Online\",\"publisher\":{\"@id\":\"https:\\\/\\\/marktxxl.de\\\/markt\\\/#organization\"},\"potentialAction\":[{\"@type\":\"SearchAction\",\"target\":{\"@type\":\"EntryPoint\",\"urlTemplate\":\"https:\\\/\\\/marktxxl.de\\\/markt\\\/?s={search_term_string}\"},\"query-input\":{\"@type\":\"PropertyValueSpecification\",\"valueRequired\":true,\"valueName\":\"search_term_string\"}}],\"inLanguage\":\"de\"},{\"@type\":\"Organization\",\"@id\":\"https:\\\/\\\/marktxxl.de\\\/markt\\\/#organization\",\"name\":\"Markt-XXL\",\"url\":\"https:\\\/\\\/marktxxl.de\\\/markt\\\/\",\"logo\":{\"@type\":\"ImageObject\",\"inLanguage\":\"de\",\"@id\":\"https:\\\/\\\/marktxxl.de\\\/markt\\\/#\\\/schema\\\/logo\\\/image\\\/\",\"url\":\"https:\\\/\\\/marktxxl.de\\\/markt\\\/wp-content\\\/uploads\\\/sites\\\/3\\\/2020\\\/12\\\/logo.png\",\"contentUrl\":\"https:\\\/\\\/marktxxl.de\\\/markt\\\/wp-content\\\/uploads\\\/sites\\\/3\\\/2020\\\/12\\\/logo.png\",\"width\":200,\"height\":70,\"caption\":\"Markt-XXL\"},\"image\":{\"@id\":\"https:\\\/\\\/marktxxl.de\\\/markt\\\/#\\\/schema\\\/logo\\\/image\\\/\"}}]}<\/script>\n<!-- \/ Yoast SEO plugin. -->","yoast_head_json":{"title":"1x FLEXEO KFZ-Nachf\u00fcllset DIN 13164:2022 - Verbandskasten Auto - Erste Hilfe Kasten - Verbandkasten PKW und Motorrad\u2026 - Markt-XXL","description":"Markt-XXL 1x FLEXEO KFZ-Nachf\u00fcllset DIN 13164:2022 - Verbandskasten Auto - Erste Hilfe Kasten - Verbandkasten PKW und Motorrad\u2026","robots":{"index":"index","follow":"follow","max-snippet":"max-snippet:-1","max-image-preview":"max-image-preview:large","max-video-preview":"max-video-preview:-1"},"canonical":"https:\/\/marktxxl.de\/markt\/produkt\/flexeo-kfz-nachfuellset-din-13164-verbandskasten-auto-erste-hilfe-kasten-auto-verbandkasten-pkw-motorrad-erste-hilfe-set-auto-schwarz-verbandstasche\/","og_locale":"de_DE","og_type":"article","og_title":"1x FLEXEO KFZ-Nachf\u00fcllset DIN 13164:2022 - Verbandskasten Auto - Erste Hilfe Kasten - Verbandkasten PKW und Motorrad\u2026 - Markt-XXL","og_description":"Markt-XXL 1x FLEXEO KFZ-Nachf\u00fcllset DIN 13164:2022 - Verbandskasten Auto - Erste Hilfe Kasten - Verbandkasten PKW und Motorrad\u2026","og_url":"https:\/\/marktxxl.de\/markt\/produkt\/flexeo-kfz-nachfuellset-din-13164-verbandskasten-auto-erste-hilfe-kasten-auto-verbandkasten-pkw-motorrad-erste-hilfe-set-auto-schwarz-verbandstasche\/","og_site_name":"Markt-XXL","article_modified_time":"2023-04-11T00:49:16+00:00","og_image":[{"width":500,"height":500,"url":"https:\/\/m.media-amazon.com\/images\/I\/41YH6+cPzML._SL500_.jpg","type":"image\/jpeg"}],"twitter_card":"summary_large_image","twitter_misc":{"Gesch\u00e4tzte Lesezeit":"1\u00a0Minute"},"schema":{"@context":"https:\/\/schema.org","@graph":[{"@type":"WebPage","@id":"https:\/\/marktxxl.de\/markt\/produkt\/flexeo-kfz-nachfuellset-din-13164-verbandskasten-auto-erste-hilfe-kasten-auto-verbandkasten-pkw-motorrad-erste-hilfe-set-auto-schwarz-verbandstasche\/","url":"https:\/\/marktxxl.de\/markt\/produkt\/flexeo-kfz-nachfuellset-din-13164-verbandskasten-auto-erste-hilfe-kasten-auto-verbandkasten-pkw-motorrad-erste-hilfe-set-auto-schwarz-verbandstasche\/","name":"1x FLEXEO KFZ-Nachf\u00fcllset DIN 13164:2022 - Verbandskasten Auto - Erste Hilfe Kasten - Verbandkasten PKW und Motorrad\u2026 - Markt-XXL","isPartOf":{"@id":"https:\/\/marktxxl.de\/markt\/#website"},"primaryImageOfPage":{"@id":"https:\/\/marktxxl.de\/markt\/produkt\/flexeo-kfz-nachfuellset-din-13164-verbandskasten-auto-erste-hilfe-kasten-auto-verbandkasten-pkw-motorrad-erste-hilfe-set-auto-schwarz-verbandstasche\/#primaryimage"},"image":{"@id":"https:\/\/marktxxl.de\/markt\/produkt\/flexeo-kfz-nachfuellset-din-13164-verbandskasten-auto-erste-hilfe-kasten-auto-verbandkasten-pkw-motorrad-erste-hilfe-set-auto-schwarz-verbandstasche\/#primaryimage"},"thumbnailUrl":"https:\/\/m.media-amazon.com\/images\/I\/41YH6+cPzML._SL500_.jpg","datePublished":"2021-11-25T12:24:32+00:00","dateModified":"2023-04-11T00:49:16+00:00","description":"Markt-XXL 1x FLEXEO KFZ-Nachf\u00fcllset DIN 13164:2022 - Verbandskasten Auto - Erste Hilfe Kasten - Verbandkasten PKW und Motorrad\u2026","breadcrumb":{"@id":"https:\/\/marktxxl.de\/markt\/produkt\/flexeo-kfz-nachfuellset-din-13164-verbandskasten-auto-erste-hilfe-kasten-auto-verbandkasten-pkw-motorrad-erste-hilfe-set-auto-schwarz-verbandstasche\/#breadcrumb"},"inLanguage":"de","potentialAction":[{"@type":"ReadAction","target":["https:\/\/marktxxl.de\/markt\/produkt\/flexeo-kfz-nachfuellset-din-13164-verbandskasten-auto-erste-hilfe-kasten-auto-verbandkasten-pkw-motorrad-erste-hilfe-set-auto-schwarz-verbandstasche\/"]}]},{"@type":"ImageObject","inLanguage":"de","@id":"https:\/\/marktxxl.de\/markt\/produkt\/flexeo-kfz-nachfuellset-din-13164-verbandskasten-auto-erste-hilfe-kasten-auto-verbandkasten-pkw-motorrad-erste-hilfe-set-auto-schwarz-verbandstasche\/#primaryimage","url":"https:\/\/m.media-amazon.com\/images\/I\/41YH6+cPzML._SL500_.jpg","contentUrl":"https:\/\/m.media-amazon.com\/images\/I\/41YH6+cPzML._SL500_.jpg","width":500,"height":500},{"@type":"BreadcrumbList","@id":"https:\/\/marktxxl.de\/markt\/produkt\/flexeo-kfz-nachfuellset-din-13164-verbandskasten-auto-erste-hilfe-kasten-auto-verbandkasten-pkw-motorrad-erste-hilfe-set-auto-schwarz-verbandstasche\/#breadcrumb","itemListElement":[{"@type":"ListItem","position":1,"name":"Startseite","item":"https:\/\/marktxxl.de\/markt\/"},{"@type":"ListItem","position":2,"name":"Markt","item":"https:\/\/marktxxl.de\/markt\/"},{"@type":"ListItem","position":3,"name":"1x FLEXEO KFZ-Nachf\u00fcllset DIN 13164:2022 &#8211; Verbandskasten Auto &#8211; Erste Hilfe Kasten &#8211; Verbandkasten PKW und Motorrad\u2026"}]},{"@type":"WebSite","@id":"https:\/\/marktxxl.de\/markt\/#website","url":"https:\/\/marktxxl.de\/markt\/","name":"Markt-XXL","description":"Ihr Markt Online","publisher":{"@id":"https:\/\/marktxxl.de\/markt\/#organization"},"potentialAction":[{"@type":"SearchAction","target":{"@type":"EntryPoint","urlTemplate":"https:\/\/marktxxl.de\/markt\/?s={search_term_string}"},"query-input":{"@type":"PropertyValueSpecification","valueRequired":true,"valueName":"search_term_string"}}],"inLanguage":"de"},{"@type":"Organization","@id":"https:\/\/marktxxl.de\/markt\/#organization","name":"Markt-XXL","url":"https:\/\/marktxxl.de\/markt\/","logo":{"@type":"ImageObject","inLanguage":"de","@id":"https:\/\/marktxxl.de\/markt\/#\/schema\/logo\/image\/","url":"https:\/\/marktxxl.de\/markt\/wp-content\/uploads\/sites\/3\/2020\/12\/logo.png","contentUrl":"https:\/\/marktxxl.de\/markt\/wp-content\/uploads\/sites\/3\/2020\/12\/logo.png","width":200,"height":70,"caption":"Markt-XXL"},"image":{"@id":"https:\/\/marktxxl.de\/markt\/#\/schema\/logo\/image\/"}}]}},"_links":{"self":[{"href":"https:\/\/marktxxl.de\/markt\/wp-json\/wp\/v2\/product\/75479","targetHints":{"allow":["GET"]}}],"collection":[{"href":"https:\/\/marktxxl.de\/markt\/wp-json\/wp\/v2\/product"}],"about":[{"href":"https:\/\/marktxxl.de\/markt\/wp-json\/wp\/v2\/types\/product"}],"replies":[{"embeddable":true,"href":"https:\/\/marktxxl.de\/markt\/wp-json\/wp\/v2\/comments?post=75479"}],"wp:featuredmedia":[{"embeddable":true,"href":"https:\/\/marktxxl.de\/markt\/wp-json\/wp\/v2\/media\/75480"}],"wp:attachment":[{"href":"https:\/\/marktxxl.de\/markt\/wp-json\/wp\/v2\/media?parent=75479"}],"wp:term":[{"taxonomy":"product_brand","embeddable":true,"href":"https:\/\/marktxxl.de\/markt\/wp-json\/wp\/v2\/product_brand?post=75479"},{"taxonomy":"product_cat","embeddable":true,"href":"https:\/\/marktxxl.de\/markt\/wp-json\/wp\/v2\/product_cat?post=75479"},{"taxonomy":"product_tag","embeddable":true,"href":"https:\/\/marktxxl.de\/markt\/wp-json\/wp\/v2\/product_tag?post=75479"}],"curies":[{"name":"wp","href":"https:\/\/api.w.org\/{rel}","templated":true}]}}