{"id":75367,"date":"2021-11-24T17:39:44","date_gmt":"2021-11-24T16:39:44","guid":{"rendered":"https:\/\/marktxxl.de\/markt\/produkt\/haflinger-flair-smily-filzpantoffeln-aus-wollfilz-hausschuh-maulbeere-gr-36\/"},"modified":"2023-04-11T02:49:13","modified_gmt":"2023-04-11T00:49:13","slug":"haflinger-flair-smily-filzpantoffeln-aus-wollfilz-hausschuh-maulbeere-gr-36","status":"publish","type":"product","link":"https:\/\/marktxxl.de\/markt\/produkt\/haflinger-flair-smily-filzpantoffeln-aus-wollfilz-hausschuh-maulbeere-gr-36\/","title":{"rendered":"HAFLINGER Flair Smily Filzpantoffeln aus Wollfilz Hausschuh"},"content":{"rendered":"<p>\u2705 WARME F\u00dc\u00dfE: Als Naturprodukt h\u00e4lt die Wolle die F\u00fc\u00dfe warm und trocken.<br \/>\n\u2705 ATMUNGSAKTIV: Wollfilz ist atmungsaktiv und garantiert damit ein gutes Fu\u00dfklima in den Filzpantoffeln.<br \/>\n\u2705 TRAGEKOMFORT: Der gro\u00dfz\u00fcgige Schnitt der Filzpantoffeln erh\u00f6ht den Tragekomfort. Die Zehen haben viel Platz und Bewegungsfreiheit.<br \/>\n\u2705 RUTSCHFEST: Die dicke Sohle aus 10mm Filz schlie\u00dft mit einer rutschhemmenden Latexbeschichtung ab &#8211; ideal f\u00fcr guten Halt auf rutschigen B\u00f6den.<br \/>\n\u2705 SOHLE: Der Auftritt ist besonders leise und bodenschonend.<br \/>\n<div class=\"main-cross-sell\" data-asin=\"B08XBLQF8C\">\n\n\t<div class=\"WooZone-cross-sell-loader\">\n\t\t<div>\n\t\t\t<div id=\"floatingBarsG\">\n\t\t\t\t<div class=\"blockG\" id=\"rotateG_01\"><\/div>\n\t\t\t\t<div class=\"blockG\" id=\"rotateG_02\"><\/div>\n\t\t\t\t<div class=\"blockG\" id=\"rotateG_03\"><\/div>\n\t\t\t\t<div class=\"blockG\" id=\"rotateG_04\"><\/div>\n\t\t\t\t<div class=\"blockG\" id=\"rotateG_05\"><\/div>\n\t\t\t\t<div class=\"blockG\" id=\"rotateG_06\"><\/div>\n\t\t\t\t<div class=\"blockG\" id=\"rotateG_07\"><\/div>\n\t\t\t\t<div class=\"blockG\" id=\"rotateG_08\"><\/div>\n\t\t\t<\/div>\n\t\t\t<div class=\"WooZone-cross-sell-loader-text\"><\/div>\n\t\t<\/div>\n\t<\/div>\n\n\t\t\n<\/div>\n<div style=\"clear:both;\"><\/div><\/p>\n","protected":false},"excerpt":{"rendered":"<p>\u2705 WARME F\u00dc\u00dfE: Als Naturprodukt h\u00e4lt die Wolle die F\u00fc\u00dfe warm und trocken.<br \/>\n\u2705 ATMUNGSAKTIV: Wollfilz ist atmungsaktiv und garantiert damit ein gutes Fu\u00dfklima in den Filzpantoffeln.<br \/>\n\u2705 TRAGEKOMFORT: Der gro\u00dfz\u00fcgige Schnitt der Filzpantoffeln erh\u00f6ht den Tragekomfort. Die Zehen haben viel Platz und Bewegungsfreiheit.<\/p>\n","protected":false},"featured_media":75368,"comment_status":"open","ping_status":"closed","template":"","meta":[],"product_brand":[],"product_cat":[21,9036],"product_tag":[],"class_list":{"0":"post-75367","1":"product","2":"type-product","3":"status-publish","4":"has-post-thumbnail","6":"product_cat-baby","7":"product_cat-babyschuhe-baby","8":"pa_binding-schuhe","9":"pa_brand-haflinger","10":"pa_color-maulbeere","11":"pa_manufacturer-iesse-schuh-gmbh","12":"pa_model-311013_maulbeere_36","13":"pa_size-36-eu","15":"first","16":"instock","17":"shipping-taxable","18":"purchasable","19":"product-type-simple","20":"customify-col","21":"product-has-gallery"},"yoast_head":"<!-- This site is optimized with the Yoast SEO plugin v27.4 - https:\/\/yoast.com\/product\/yoast-seo-wordpress\/ -->\n<title>HAFLINGER Flair Smily Filzpantoffeln aus Wollfilz Hausschuh - Markt-XXL<\/title>\n<meta name=\"description\" content=\"Markt-XXL HAFLINGER Flair Smily Filzpantoffeln aus Wollfilz Hausschuh\" \/>\n<meta name=\"robots\" content=\"index, follow, max-snippet:-1, max-image-preview:large, max-video-preview:-1\" \/>\n<link rel=\"canonical\" href=\"https:\/\/marktxxl.de\/markt\/produkt\/haflinger-flair-smily-filzpantoffeln-aus-wollfilz-hausschuh-maulbeere-gr-36\/\" \/>\n<meta property=\"og:locale\" content=\"de_DE\" \/>\n<meta property=\"og:type\" content=\"article\" \/>\n<meta property=\"og:title\" content=\"HAFLINGER Flair Smily Filzpantoffeln aus Wollfilz Hausschuh - Markt-XXL\" \/>\n<meta property=\"og:description\" content=\"Markt-XXL HAFLINGER Flair Smily Filzpantoffeln aus Wollfilz Hausschuh\" \/>\n<meta property=\"og:url\" content=\"https:\/\/marktxxl.de\/markt\/produkt\/haflinger-flair-smily-filzpantoffeln-aus-wollfilz-hausschuh-maulbeere-gr-36\/\" \/>\n<meta property=\"og:site_name\" content=\"Markt-XXL\" \/>\n<meta property=\"article:modified_time\" content=\"2023-04-11T00:49:13+00:00\" \/>\n<meta property=\"og:image\" content=\"https:\/\/m.media-amazon.com\/images\/I\/31ElFKAfMSL._SL500_.jpg\" \/>\n\t<meta property=\"og:image:width\" content=\"500\" \/>\n\t<meta property=\"og:image:height\" content=\"246\" \/>\n\t<meta property=\"og:image:type\" content=\"image\/jpeg\" \/>\n<meta name=\"twitter:card\" content=\"summary_large_image\" \/>\n<script type=\"application\/ld+json\" class=\"yoast-schema-graph\">{\"@context\":\"https:\\\/\\\/schema.org\",\"@graph\":[{\"@type\":\"WebPage\",\"@id\":\"https:\\\/\\\/marktxxl.de\\\/markt\\\/produkt\\\/haflinger-flair-smily-filzpantoffeln-aus-wollfilz-hausschuh-maulbeere-gr-36\\\/\",\"url\":\"https:\\\/\\\/marktxxl.de\\\/markt\\\/produkt\\\/haflinger-flair-smily-filzpantoffeln-aus-wollfilz-hausschuh-maulbeere-gr-36\\\/\",\"name\":\"HAFLINGER Flair Smily Filzpantoffeln aus Wollfilz Hausschuh - Markt-XXL\",\"isPartOf\":{\"@id\":\"https:\\\/\\\/marktxxl.de\\\/markt\\\/#website\"},\"primaryImageOfPage\":{\"@id\":\"https:\\\/\\\/marktxxl.de\\\/markt\\\/produkt\\\/haflinger-flair-smily-filzpantoffeln-aus-wollfilz-hausschuh-maulbeere-gr-36\\\/#primaryimage\"},\"image\":{\"@id\":\"https:\\\/\\\/marktxxl.de\\\/markt\\\/produkt\\\/haflinger-flair-smily-filzpantoffeln-aus-wollfilz-hausschuh-maulbeere-gr-36\\\/#primaryimage\"},\"thumbnailUrl\":\"https:\\\/\\\/m.media-amazon.com\\\/images\\\/I\\\/31ElFKAfMSL._SL500_.jpg\",\"datePublished\":\"2021-11-24T16:39:44+00:00\",\"dateModified\":\"2023-04-11T00:49:13+00:00\",\"description\":\"Markt-XXL HAFLINGER Flair Smily Filzpantoffeln aus Wollfilz Hausschuh\",\"breadcrumb\":{\"@id\":\"https:\\\/\\\/marktxxl.de\\\/markt\\\/produkt\\\/haflinger-flair-smily-filzpantoffeln-aus-wollfilz-hausschuh-maulbeere-gr-36\\\/#breadcrumb\"},\"inLanguage\":\"de\",\"potentialAction\":[{\"@type\":\"ReadAction\",\"target\":[\"https:\\\/\\\/marktxxl.de\\\/markt\\\/produkt\\\/haflinger-flair-smily-filzpantoffeln-aus-wollfilz-hausschuh-maulbeere-gr-36\\\/\"]}]},{\"@type\":\"ImageObject\",\"inLanguage\":\"de\",\"@id\":\"https:\\\/\\\/marktxxl.de\\\/markt\\\/produkt\\\/haflinger-flair-smily-filzpantoffeln-aus-wollfilz-hausschuh-maulbeere-gr-36\\\/#primaryimage\",\"url\":\"https:\\\/\\\/m.media-amazon.com\\\/images\\\/I\\\/31ElFKAfMSL._SL500_.jpg\",\"contentUrl\":\"https:\\\/\\\/m.media-amazon.com\\\/images\\\/I\\\/31ElFKAfMSL._SL500_.jpg\",\"width\":500,\"height\":246},{\"@type\":\"BreadcrumbList\",\"@id\":\"https:\\\/\\\/marktxxl.de\\\/markt\\\/produkt\\\/haflinger-flair-smily-filzpantoffeln-aus-wollfilz-hausschuh-maulbeere-gr-36\\\/#breadcrumb\",\"itemListElement\":[{\"@type\":\"ListItem\",\"position\":1,\"name\":\"Startseite\",\"item\":\"https:\\\/\\\/marktxxl.de\\\/markt\\\/\"},{\"@type\":\"ListItem\",\"position\":2,\"name\":\"Markt\",\"item\":\"https:\\\/\\\/marktxxl.de\\\/markt\\\/\"},{\"@type\":\"ListItem\",\"position\":3,\"name\":\"HAFLINGER Flair Smily Filzpantoffeln aus Wollfilz Hausschuh\"}]},{\"@type\":\"WebSite\",\"@id\":\"https:\\\/\\\/marktxxl.de\\\/markt\\\/#website\",\"url\":\"https:\\\/\\\/marktxxl.de\\\/markt\\\/\",\"name\":\"Markt-XXL\",\"description\":\"Ihr Markt Online\",\"publisher\":{\"@id\":\"https:\\\/\\\/marktxxl.de\\\/markt\\\/#organization\"},\"potentialAction\":[{\"@type\":\"SearchAction\",\"target\":{\"@type\":\"EntryPoint\",\"urlTemplate\":\"https:\\\/\\\/marktxxl.de\\\/markt\\\/?s={search_term_string}\"},\"query-input\":{\"@type\":\"PropertyValueSpecification\",\"valueRequired\":true,\"valueName\":\"search_term_string\"}}],\"inLanguage\":\"de\"},{\"@type\":\"Organization\",\"@id\":\"https:\\\/\\\/marktxxl.de\\\/markt\\\/#organization\",\"name\":\"Markt-XXL\",\"url\":\"https:\\\/\\\/marktxxl.de\\\/markt\\\/\",\"logo\":{\"@type\":\"ImageObject\",\"inLanguage\":\"de\",\"@id\":\"https:\\\/\\\/marktxxl.de\\\/markt\\\/#\\\/schema\\\/logo\\\/image\\\/\",\"url\":\"https:\\\/\\\/marktxxl.de\\\/markt\\\/wp-content\\\/uploads\\\/sites\\\/3\\\/2020\\\/12\\\/logo.png\",\"contentUrl\":\"https:\\\/\\\/marktxxl.de\\\/markt\\\/wp-content\\\/uploads\\\/sites\\\/3\\\/2020\\\/12\\\/logo.png\",\"width\":200,\"height\":70,\"caption\":\"Markt-XXL\"},\"image\":{\"@id\":\"https:\\\/\\\/marktxxl.de\\\/markt\\\/#\\\/schema\\\/logo\\\/image\\\/\"}}]}<\/script>\n<!-- \/ Yoast SEO plugin. -->","yoast_head_json":{"title":"HAFLINGER Flair Smily Filzpantoffeln aus Wollfilz Hausschuh - Markt-XXL","description":"Markt-XXL HAFLINGER Flair Smily Filzpantoffeln aus Wollfilz Hausschuh","robots":{"index":"index","follow":"follow","max-snippet":"max-snippet:-1","max-image-preview":"max-image-preview:large","max-video-preview":"max-video-preview:-1"},"canonical":"https:\/\/marktxxl.de\/markt\/produkt\/haflinger-flair-smily-filzpantoffeln-aus-wollfilz-hausschuh-maulbeere-gr-36\/","og_locale":"de_DE","og_type":"article","og_title":"HAFLINGER Flair Smily Filzpantoffeln aus Wollfilz Hausschuh - Markt-XXL","og_description":"Markt-XXL HAFLINGER Flair Smily Filzpantoffeln aus Wollfilz Hausschuh","og_url":"https:\/\/marktxxl.de\/markt\/produkt\/haflinger-flair-smily-filzpantoffeln-aus-wollfilz-hausschuh-maulbeere-gr-36\/","og_site_name":"Markt-XXL","article_modified_time":"2023-04-11T00:49:13+00:00","og_image":[{"width":500,"height":246,"url":"https:\/\/m.media-amazon.com\/images\/I\/31ElFKAfMSL._SL500_.jpg","type":"image\/jpeg"}],"twitter_card":"summary_large_image","schema":{"@context":"https:\/\/schema.org","@graph":[{"@type":"WebPage","@id":"https:\/\/marktxxl.de\/markt\/produkt\/haflinger-flair-smily-filzpantoffeln-aus-wollfilz-hausschuh-maulbeere-gr-36\/","url":"https:\/\/marktxxl.de\/markt\/produkt\/haflinger-flair-smily-filzpantoffeln-aus-wollfilz-hausschuh-maulbeere-gr-36\/","name":"HAFLINGER Flair Smily Filzpantoffeln aus Wollfilz Hausschuh - Markt-XXL","isPartOf":{"@id":"https:\/\/marktxxl.de\/markt\/#website"},"primaryImageOfPage":{"@id":"https:\/\/marktxxl.de\/markt\/produkt\/haflinger-flair-smily-filzpantoffeln-aus-wollfilz-hausschuh-maulbeere-gr-36\/#primaryimage"},"image":{"@id":"https:\/\/marktxxl.de\/markt\/produkt\/haflinger-flair-smily-filzpantoffeln-aus-wollfilz-hausschuh-maulbeere-gr-36\/#primaryimage"},"thumbnailUrl":"https:\/\/m.media-amazon.com\/images\/I\/31ElFKAfMSL._SL500_.jpg","datePublished":"2021-11-24T16:39:44+00:00","dateModified":"2023-04-11T00:49:13+00:00","description":"Markt-XXL HAFLINGER Flair Smily Filzpantoffeln aus Wollfilz Hausschuh","breadcrumb":{"@id":"https:\/\/marktxxl.de\/markt\/produkt\/haflinger-flair-smily-filzpantoffeln-aus-wollfilz-hausschuh-maulbeere-gr-36\/#breadcrumb"},"inLanguage":"de","potentialAction":[{"@type":"ReadAction","target":["https:\/\/marktxxl.de\/markt\/produkt\/haflinger-flair-smily-filzpantoffeln-aus-wollfilz-hausschuh-maulbeere-gr-36\/"]}]},{"@type":"ImageObject","inLanguage":"de","@id":"https:\/\/marktxxl.de\/markt\/produkt\/haflinger-flair-smily-filzpantoffeln-aus-wollfilz-hausschuh-maulbeere-gr-36\/#primaryimage","url":"https:\/\/m.media-amazon.com\/images\/I\/31ElFKAfMSL._SL500_.jpg","contentUrl":"https:\/\/m.media-amazon.com\/images\/I\/31ElFKAfMSL._SL500_.jpg","width":500,"height":246},{"@type":"BreadcrumbList","@id":"https:\/\/marktxxl.de\/markt\/produkt\/haflinger-flair-smily-filzpantoffeln-aus-wollfilz-hausschuh-maulbeere-gr-36\/#breadcrumb","itemListElement":[{"@type":"ListItem","position":1,"name":"Startseite","item":"https:\/\/marktxxl.de\/markt\/"},{"@type":"ListItem","position":2,"name":"Markt","item":"https:\/\/marktxxl.de\/markt\/"},{"@type":"ListItem","position":3,"name":"HAFLINGER Flair Smily Filzpantoffeln aus Wollfilz Hausschuh"}]},{"@type":"WebSite","@id":"https:\/\/marktxxl.de\/markt\/#website","url":"https:\/\/marktxxl.de\/markt\/","name":"Markt-XXL","description":"Ihr Markt Online","publisher":{"@id":"https:\/\/marktxxl.de\/markt\/#organization"},"potentialAction":[{"@type":"SearchAction","target":{"@type":"EntryPoint","urlTemplate":"https:\/\/marktxxl.de\/markt\/?s={search_term_string}"},"query-input":{"@type":"PropertyValueSpecification","valueRequired":true,"valueName":"search_term_string"}}],"inLanguage":"de"},{"@type":"Organization","@id":"https:\/\/marktxxl.de\/markt\/#organization","name":"Markt-XXL","url":"https:\/\/marktxxl.de\/markt\/","logo":{"@type":"ImageObject","inLanguage":"de","@id":"https:\/\/marktxxl.de\/markt\/#\/schema\/logo\/image\/","url":"https:\/\/marktxxl.de\/markt\/wp-content\/uploads\/sites\/3\/2020\/12\/logo.png","contentUrl":"https:\/\/marktxxl.de\/markt\/wp-content\/uploads\/sites\/3\/2020\/12\/logo.png","width":200,"height":70,"caption":"Markt-XXL"},"image":{"@id":"https:\/\/marktxxl.de\/markt\/#\/schema\/logo\/image\/"}}]}},"_links":{"self":[{"href":"https:\/\/marktxxl.de\/markt\/wp-json\/wp\/v2\/product\/75367","targetHints":{"allow":["GET"]}}],"collection":[{"href":"https:\/\/marktxxl.de\/markt\/wp-json\/wp\/v2\/product"}],"about":[{"href":"https:\/\/marktxxl.de\/markt\/wp-json\/wp\/v2\/types\/product"}],"replies":[{"embeddable":true,"href":"https:\/\/marktxxl.de\/markt\/wp-json\/wp\/v2\/comments?post=75367"}],"wp:featuredmedia":[{"embeddable":true,"href":"https:\/\/marktxxl.de\/markt\/wp-json\/wp\/v2\/media\/75368"}],"wp:attachment":[{"href":"https:\/\/marktxxl.de\/markt\/wp-json\/wp\/v2\/media?parent=75367"}],"wp:term":[{"taxonomy":"product_brand","embeddable":true,"href":"https:\/\/marktxxl.de\/markt\/wp-json\/wp\/v2\/product_brand?post=75367"},{"taxonomy":"product_cat","embeddable":true,"href":"https:\/\/marktxxl.de\/markt\/wp-json\/wp\/v2\/product_cat?post=75367"},{"taxonomy":"product_tag","embeddable":true,"href":"https:\/\/marktxxl.de\/markt\/wp-json\/wp\/v2\/product_tag?post=75367"}],"curies":[{"name":"wp","href":"https:\/\/api.w.org\/{rel}","templated":true}]}}