{"id":74861,"date":"2021-11-13T02:07:16","date_gmt":"2021-11-13T01:07:16","guid":{"rendered":"https:\/\/marktxxl.de\/markt\/produkt\/led-deckenleuchte-mit-fernbedienung-dimmbar-bluetooth-deckenleuchte-sternenhimmelfarbwechsel-rgb-warmweiss-kaltweiss-ip44-wasserfest-0225\/"},"modified":"2023-04-07T02:03:13","modified_gmt":"2023-04-07T00:03:13","slug":"led-deckenleuchte-mit-fernbedienung-dimmbar-bluetooth-deckenleuchte-sternenhimmelfarbwechsel-rgb-warmweiss-kaltweiss-ip44-wasserfest-0225","status":"publish","type":"product","link":"https:\/\/marktxxl.de\/markt\/produkt\/led-deckenleuchte-mit-fernbedienung-dimmbar-bluetooth-deckenleuchte-sternenhimmelfarbwechsel-rgb-warmweiss-kaltweiss-ip44-wasserfest-0225\/","title":{"rendered":"JDONG Led Deckenleuchte mit Fernbedienung und App dimmbar 24W Bluetooth Deckenleuchte Sternenhimmel,Farbwechsel RGB\u2026"},"content":{"rendered":"<p>\u266c\u3010Hochleistungs-LED-Lichtquelle \u3011Leistung: Warmweiss\/Kaltweiss-24W.Nat\u00fcrliches Wei\u00df-48W ; Lichtstrom: Warmweiss\/Kaltweiss-1520lm.Nat\u00fcrliches Wei\u00df-3000lm. Lichtfarbe: Dimmbar\uff08Warmweiss 2800K- Kaltweiss 6500K,(buntes Licht wie rot, gr\u00fcn, blau ).Gr\u00f6\u00dfe: 40*40*6CM, Sterne Dekoration auf dem Cover. Hinweise: Entfernen Sie beim Einbau der Lampe die blaue Schutzfolie des Chromrings<br \/>\n\u266c\u3010 IP44 Wasserfest\u3011Diese Lampe ist wasserdicht und kann im Badezimmer verwendet werden. Sie k\u00f6nnen die Musik im Badezimmer genie\u00dfen. Geeignet f\u00fcr Party, Wohnzimmer, Badezimmer, K\u00fcche, Schlafzimmer, B\u00fcro usw. und bietet moderne und warme Atmosph\u00e4re an.<br \/>\n\u266c\u3010 2 Arten von Steuerungsoptionen\u30111. Fernbedienung mit 14 Schl\u00fcsseln, die im Lieferumfang enthalten ist. 2. Jede Art von Wandschalter in Ihrem Haus (mit Ausnahme des Dimmerschalters)<br \/>\n\u266c\u3010 5W Bluetooth lautsprecher inbegriffen\u3011Verbinden Sie \u00fcber Bluetooth in Sekunden mit Smartphone oder Tablet, Sie k\u00f6nnen Musik oder andere T\u00f6ne abspielen. Es bietet auch Rhythmus-Modus, der die Zusammenarbeit zwischen Lichteffekt und Musikrhythmus erreichen kann, sehr geeignet f\u00fcr Familienfeier. Tolles Geschenk f\u00fcr Kinder oder Freunde.<br \/>\n\u266c\u3010 Intelligentes speicherbar\u3011\u00a0Die\u00a0LED-Deckenleuchte\u00a0hat\u00a0eine\u00a0intelligente\u00a0Speicherfunktion,Ihre\u00a0ausgew\u00e4hlte\u00a0Lichtfarbe\u00a0wird\u00a0vor\u00a0dem\u00a0Ausschalten\u00a0gespeichert\u00a0und\u00a0beim\u00a0n\u00e4chsten\u00a0Einschalten\u00a0verwendet.<br \/>\n<div class=\"main-cross-sell\" data-asin=\"B08XK38N7J\">\n\n\t<div class=\"WooZone-cross-sell-loader\">\n\t\t<div>\n\t\t\t<div id=\"floatingBarsG\">\n\t\t\t\t<div class=\"blockG\" id=\"rotateG_01\"><\/div>\n\t\t\t\t<div class=\"blockG\" id=\"rotateG_02\"><\/div>\n\t\t\t\t<div class=\"blockG\" id=\"rotateG_03\"><\/div>\n\t\t\t\t<div class=\"blockG\" id=\"rotateG_04\"><\/div>\n\t\t\t\t<div class=\"blockG\" id=\"rotateG_05\"><\/div>\n\t\t\t\t<div class=\"blockG\" id=\"rotateG_06\"><\/div>\n\t\t\t\t<div class=\"blockG\" id=\"rotateG_07\"><\/div>\n\t\t\t\t<div class=\"blockG\" id=\"rotateG_08\"><\/div>\n\t\t\t<\/div>\n\t\t\t<div class=\"WooZone-cross-sell-loader-text\"><\/div>\n\t\t<\/div>\n\t<\/div>\n\n\t\t\n<\/div>\n<div style=\"clear:both;\"><\/div><\/p>\n","protected":false},"excerpt":{"rendered":"<p>\u266c\u3010Hochleistungs-LED-Lichtquelle \u3011Leistung: Warmweiss\/Kaltweiss-24W.Nat\u00fcrliches Wei\u00df-48W ; Lichtstrom: Warmweiss\/Kaltweiss-1520lm.Nat\u00fcrliches Wei\u00df-3000lm. Lichtfarbe: Dimmbar\uff08Warmweiss 2800K- Kaltweiss 6500K,(buntes Licht wie rot, gr\u00fcn, blau ).Gr\u00f6\u00dfe: 40*40*6CM, Sterne Dekoration auf dem Cover. Hinweise: Entfernen Sie beim Einbau der Lampe die blaue Schutzfolie des Chromrings<br \/>\n\u266c\u3010 IP44 Wasserfest\u3011Diese Lampe ist wasserdicht und kann im Badezimmer verwendet werden. Sie k\u00f6nnen die Musik im Badezimmer genie\u00dfen. Geeignet f\u00fcr Party, Wohnzimmer, Badezimmer, K\u00fcche, Schlafzimmer, B\u00fcro usw. und bietet moderne und warme Atmosph\u00e4re an.<br \/>\n\u266c\u3010 2 Arten von Steuerungsoptionen\u30111. Fernbedienung mit 14 Schl\u00fcsseln, die im Lieferumfang enthalten ist. 2. Jede Art von Wandschalter in Ihrem Haus (mit Ausnahme des Dimmerschalters)<\/p>\n","protected":false},"featured_media":74862,"comment_status":"open","ping_status":"closed","template":"","meta":[],"product_brand":[],"product_cat":[11474,2108],"product_tag":[],"class_list":{"0":"post-74861","1":"product","2":"type-product","3":"status-publish","4":"has-post-thumbnail","6":"product_cat-bad-beleuchtung","7":"product_cat-beleuchtung","8":"pa_brand-jdong","9":"pa_manufacturer-jdong-gmbh","11":"first","12":"instock","13":"shipping-taxable","14":"purchasable","15":"product-type-simple","16":"customify-col","17":"product-has-gallery"},"yoast_head":"<!-- This site is optimized with the Yoast SEO plugin v27.4 - https:\/\/yoast.com\/product\/yoast-seo-wordpress\/ -->\n<title>JDONG Led Deckenleuchte mit Fernbedienung und App dimmbar 24W Bluetooth Deckenleuchte Sternenhimmel,Farbwechsel RGB\u2026 - Markt-XXL<\/title>\n<meta name=\"description\" content=\"Markt-XXL JDONG Led Deckenleuchte mit Fernbedienung und App dimmbar 24W Bluetooth Deckenleuchte Sternenhimmel,Farbwechsel RGB\u2026\" \/>\n<meta name=\"robots\" content=\"index, follow, max-snippet:-1, max-image-preview:large, max-video-preview:-1\" \/>\n<link rel=\"canonical\" href=\"https:\/\/marktxxl.de\/markt\/produkt\/led-deckenleuchte-mit-fernbedienung-dimmbar-bluetooth-deckenleuchte-sternenhimmelfarbwechsel-rgb-warmweiss-kaltweiss-ip44-wasserfest-0225\/\" \/>\n<meta property=\"og:locale\" content=\"de_DE\" \/>\n<meta property=\"og:type\" content=\"article\" \/>\n<meta property=\"og:title\" content=\"JDONG Led Deckenleuchte mit Fernbedienung und App dimmbar 24W Bluetooth Deckenleuchte Sternenhimmel,Farbwechsel RGB\u2026 - Markt-XXL\" \/>\n<meta property=\"og:description\" content=\"Markt-XXL JDONG Led Deckenleuchte mit Fernbedienung und App dimmbar 24W Bluetooth Deckenleuchte Sternenhimmel,Farbwechsel RGB\u2026\" \/>\n<meta property=\"og:url\" content=\"https:\/\/marktxxl.de\/markt\/produkt\/led-deckenleuchte-mit-fernbedienung-dimmbar-bluetooth-deckenleuchte-sternenhimmelfarbwechsel-rgb-warmweiss-kaltweiss-ip44-wasserfest-0225\/\" \/>\n<meta property=\"og:site_name\" content=\"Markt-XXL\" \/>\n<meta property=\"article:modified_time\" content=\"2023-04-07T00:03:13+00:00\" \/>\n<meta property=\"og:image\" content=\"https:\/\/m.media-amazon.com\/images\/I\/41yXE+l85xL._SL500_.jpg\" \/>\n\t<meta property=\"og:image:width\" content=\"500\" \/>\n\t<meta property=\"og:image:height\" content=\"500\" \/>\n\t<meta property=\"og:image:type\" content=\"image\/jpeg\" \/>\n<meta name=\"twitter:card\" content=\"summary_large_image\" \/>\n<meta name=\"twitter:label1\" content=\"Gesch\u00e4tzte Lesezeit\" \/>\n\t<meta name=\"twitter:data1\" content=\"1\u00a0Minute\" \/>\n<script type=\"application\/ld+json\" class=\"yoast-schema-graph\">{\"@context\":\"https:\\\/\\\/schema.org\",\"@graph\":[{\"@type\":\"WebPage\",\"@id\":\"https:\\\/\\\/marktxxl.de\\\/markt\\\/produkt\\\/led-deckenleuchte-mit-fernbedienung-dimmbar-bluetooth-deckenleuchte-sternenhimmelfarbwechsel-rgb-warmweiss-kaltweiss-ip44-wasserfest-0225\\\/\",\"url\":\"https:\\\/\\\/marktxxl.de\\\/markt\\\/produkt\\\/led-deckenleuchte-mit-fernbedienung-dimmbar-bluetooth-deckenleuchte-sternenhimmelfarbwechsel-rgb-warmweiss-kaltweiss-ip44-wasserfest-0225\\\/\",\"name\":\"JDONG Led Deckenleuchte mit Fernbedienung und App dimmbar 24W Bluetooth Deckenleuchte Sternenhimmel,Farbwechsel RGB\u2026 - Markt-XXL\",\"isPartOf\":{\"@id\":\"https:\\\/\\\/marktxxl.de\\\/markt\\\/#website\"},\"primaryImageOfPage\":{\"@id\":\"https:\\\/\\\/marktxxl.de\\\/markt\\\/produkt\\\/led-deckenleuchte-mit-fernbedienung-dimmbar-bluetooth-deckenleuchte-sternenhimmelfarbwechsel-rgb-warmweiss-kaltweiss-ip44-wasserfest-0225\\\/#primaryimage\"},\"image\":{\"@id\":\"https:\\\/\\\/marktxxl.de\\\/markt\\\/produkt\\\/led-deckenleuchte-mit-fernbedienung-dimmbar-bluetooth-deckenleuchte-sternenhimmelfarbwechsel-rgb-warmweiss-kaltweiss-ip44-wasserfest-0225\\\/#primaryimage\"},\"thumbnailUrl\":\"https:\\\/\\\/m.media-amazon.com\\\/images\\\/I\\\/41yXE+l85xL._SL500_.jpg\",\"datePublished\":\"2021-11-13T01:07:16+00:00\",\"dateModified\":\"2023-04-07T00:03:13+00:00\",\"description\":\"Markt-XXL JDONG Led Deckenleuchte mit Fernbedienung und App dimmbar 24W Bluetooth Deckenleuchte Sternenhimmel,Farbwechsel RGB\u2026\",\"breadcrumb\":{\"@id\":\"https:\\\/\\\/marktxxl.de\\\/markt\\\/produkt\\\/led-deckenleuchte-mit-fernbedienung-dimmbar-bluetooth-deckenleuchte-sternenhimmelfarbwechsel-rgb-warmweiss-kaltweiss-ip44-wasserfest-0225\\\/#breadcrumb\"},\"inLanguage\":\"de\",\"potentialAction\":[{\"@type\":\"ReadAction\",\"target\":[\"https:\\\/\\\/marktxxl.de\\\/markt\\\/produkt\\\/led-deckenleuchte-mit-fernbedienung-dimmbar-bluetooth-deckenleuchte-sternenhimmelfarbwechsel-rgb-warmweiss-kaltweiss-ip44-wasserfest-0225\\\/\"]}]},{\"@type\":\"ImageObject\",\"inLanguage\":\"de\",\"@id\":\"https:\\\/\\\/marktxxl.de\\\/markt\\\/produkt\\\/led-deckenleuchte-mit-fernbedienung-dimmbar-bluetooth-deckenleuchte-sternenhimmelfarbwechsel-rgb-warmweiss-kaltweiss-ip44-wasserfest-0225\\\/#primaryimage\",\"url\":\"https:\\\/\\\/m.media-amazon.com\\\/images\\\/I\\\/41yXE+l85xL._SL500_.jpg\",\"contentUrl\":\"https:\\\/\\\/m.media-amazon.com\\\/images\\\/I\\\/41yXE+l85xL._SL500_.jpg\",\"width\":500,\"height\":500},{\"@type\":\"BreadcrumbList\",\"@id\":\"https:\\\/\\\/marktxxl.de\\\/markt\\\/produkt\\\/led-deckenleuchte-mit-fernbedienung-dimmbar-bluetooth-deckenleuchte-sternenhimmelfarbwechsel-rgb-warmweiss-kaltweiss-ip44-wasserfest-0225\\\/#breadcrumb\",\"itemListElement\":[{\"@type\":\"ListItem\",\"position\":1,\"name\":\"Startseite\",\"item\":\"https:\\\/\\\/marktxxl.de\\\/markt\\\/\"},{\"@type\":\"ListItem\",\"position\":2,\"name\":\"Markt\",\"item\":\"https:\\\/\\\/marktxxl.de\\\/markt\\\/\"},{\"@type\":\"ListItem\",\"position\":3,\"name\":\"JDONG Led Deckenleuchte mit Fernbedienung und App dimmbar 24W Bluetooth Deckenleuchte Sternenhimmel,Farbwechsel RGB\u2026\"}]},{\"@type\":\"WebSite\",\"@id\":\"https:\\\/\\\/marktxxl.de\\\/markt\\\/#website\",\"url\":\"https:\\\/\\\/marktxxl.de\\\/markt\\\/\",\"name\":\"Markt-XXL\",\"description\":\"Ihr Markt Online\",\"publisher\":{\"@id\":\"https:\\\/\\\/marktxxl.de\\\/markt\\\/#organization\"},\"potentialAction\":[{\"@type\":\"SearchAction\",\"target\":{\"@type\":\"EntryPoint\",\"urlTemplate\":\"https:\\\/\\\/marktxxl.de\\\/markt\\\/?s={search_term_string}\"},\"query-input\":{\"@type\":\"PropertyValueSpecification\",\"valueRequired\":true,\"valueName\":\"search_term_string\"}}],\"inLanguage\":\"de\"},{\"@type\":\"Organization\",\"@id\":\"https:\\\/\\\/marktxxl.de\\\/markt\\\/#organization\",\"name\":\"Markt-XXL\",\"url\":\"https:\\\/\\\/marktxxl.de\\\/markt\\\/\",\"logo\":{\"@type\":\"ImageObject\",\"inLanguage\":\"de\",\"@id\":\"https:\\\/\\\/marktxxl.de\\\/markt\\\/#\\\/schema\\\/logo\\\/image\\\/\",\"url\":\"https:\\\/\\\/marktxxl.de\\\/markt\\\/wp-content\\\/uploads\\\/sites\\\/3\\\/2020\\\/12\\\/logo.png\",\"contentUrl\":\"https:\\\/\\\/marktxxl.de\\\/markt\\\/wp-content\\\/uploads\\\/sites\\\/3\\\/2020\\\/12\\\/logo.png\",\"width\":200,\"height\":70,\"caption\":\"Markt-XXL\"},\"image\":{\"@id\":\"https:\\\/\\\/marktxxl.de\\\/markt\\\/#\\\/schema\\\/logo\\\/image\\\/\"}}]}<\/script>\n<!-- \/ Yoast SEO plugin. -->","yoast_head_json":{"title":"JDONG Led Deckenleuchte mit Fernbedienung und App dimmbar 24W Bluetooth Deckenleuchte Sternenhimmel,Farbwechsel RGB\u2026 - Markt-XXL","description":"Markt-XXL JDONG Led Deckenleuchte mit Fernbedienung und App dimmbar 24W Bluetooth Deckenleuchte Sternenhimmel,Farbwechsel RGB\u2026","robots":{"index":"index","follow":"follow","max-snippet":"max-snippet:-1","max-image-preview":"max-image-preview:large","max-video-preview":"max-video-preview:-1"},"canonical":"https:\/\/marktxxl.de\/markt\/produkt\/led-deckenleuchte-mit-fernbedienung-dimmbar-bluetooth-deckenleuchte-sternenhimmelfarbwechsel-rgb-warmweiss-kaltweiss-ip44-wasserfest-0225\/","og_locale":"de_DE","og_type":"article","og_title":"JDONG Led Deckenleuchte mit Fernbedienung und App dimmbar 24W Bluetooth Deckenleuchte Sternenhimmel,Farbwechsel RGB\u2026 - Markt-XXL","og_description":"Markt-XXL JDONG Led Deckenleuchte mit Fernbedienung und App dimmbar 24W Bluetooth Deckenleuchte Sternenhimmel,Farbwechsel RGB\u2026","og_url":"https:\/\/marktxxl.de\/markt\/produkt\/led-deckenleuchte-mit-fernbedienung-dimmbar-bluetooth-deckenleuchte-sternenhimmelfarbwechsel-rgb-warmweiss-kaltweiss-ip44-wasserfest-0225\/","og_site_name":"Markt-XXL","article_modified_time":"2023-04-07T00:03:13+00:00","og_image":[{"width":500,"height":500,"url":"https:\/\/m.media-amazon.com\/images\/I\/41yXE+l85xL._SL500_.jpg","type":"image\/jpeg"}],"twitter_card":"summary_large_image","twitter_misc":{"Gesch\u00e4tzte Lesezeit":"1\u00a0Minute"},"schema":{"@context":"https:\/\/schema.org","@graph":[{"@type":"WebPage","@id":"https:\/\/marktxxl.de\/markt\/produkt\/led-deckenleuchte-mit-fernbedienung-dimmbar-bluetooth-deckenleuchte-sternenhimmelfarbwechsel-rgb-warmweiss-kaltweiss-ip44-wasserfest-0225\/","url":"https:\/\/marktxxl.de\/markt\/produkt\/led-deckenleuchte-mit-fernbedienung-dimmbar-bluetooth-deckenleuchte-sternenhimmelfarbwechsel-rgb-warmweiss-kaltweiss-ip44-wasserfest-0225\/","name":"JDONG Led Deckenleuchte mit Fernbedienung und App dimmbar 24W Bluetooth Deckenleuchte Sternenhimmel,Farbwechsel RGB\u2026 - Markt-XXL","isPartOf":{"@id":"https:\/\/marktxxl.de\/markt\/#website"},"primaryImageOfPage":{"@id":"https:\/\/marktxxl.de\/markt\/produkt\/led-deckenleuchte-mit-fernbedienung-dimmbar-bluetooth-deckenleuchte-sternenhimmelfarbwechsel-rgb-warmweiss-kaltweiss-ip44-wasserfest-0225\/#primaryimage"},"image":{"@id":"https:\/\/marktxxl.de\/markt\/produkt\/led-deckenleuchte-mit-fernbedienung-dimmbar-bluetooth-deckenleuchte-sternenhimmelfarbwechsel-rgb-warmweiss-kaltweiss-ip44-wasserfest-0225\/#primaryimage"},"thumbnailUrl":"https:\/\/m.media-amazon.com\/images\/I\/41yXE+l85xL._SL500_.jpg","datePublished":"2021-11-13T01:07:16+00:00","dateModified":"2023-04-07T00:03:13+00:00","description":"Markt-XXL JDONG Led Deckenleuchte mit Fernbedienung und App dimmbar 24W Bluetooth Deckenleuchte Sternenhimmel,Farbwechsel RGB\u2026","breadcrumb":{"@id":"https:\/\/marktxxl.de\/markt\/produkt\/led-deckenleuchte-mit-fernbedienung-dimmbar-bluetooth-deckenleuchte-sternenhimmelfarbwechsel-rgb-warmweiss-kaltweiss-ip44-wasserfest-0225\/#breadcrumb"},"inLanguage":"de","potentialAction":[{"@type":"ReadAction","target":["https:\/\/marktxxl.de\/markt\/produkt\/led-deckenleuchte-mit-fernbedienung-dimmbar-bluetooth-deckenleuchte-sternenhimmelfarbwechsel-rgb-warmweiss-kaltweiss-ip44-wasserfest-0225\/"]}]},{"@type":"ImageObject","inLanguage":"de","@id":"https:\/\/marktxxl.de\/markt\/produkt\/led-deckenleuchte-mit-fernbedienung-dimmbar-bluetooth-deckenleuchte-sternenhimmelfarbwechsel-rgb-warmweiss-kaltweiss-ip44-wasserfest-0225\/#primaryimage","url":"https:\/\/m.media-amazon.com\/images\/I\/41yXE+l85xL._SL500_.jpg","contentUrl":"https:\/\/m.media-amazon.com\/images\/I\/41yXE+l85xL._SL500_.jpg","width":500,"height":500},{"@type":"BreadcrumbList","@id":"https:\/\/marktxxl.de\/markt\/produkt\/led-deckenleuchte-mit-fernbedienung-dimmbar-bluetooth-deckenleuchte-sternenhimmelfarbwechsel-rgb-warmweiss-kaltweiss-ip44-wasserfest-0225\/#breadcrumb","itemListElement":[{"@type":"ListItem","position":1,"name":"Startseite","item":"https:\/\/marktxxl.de\/markt\/"},{"@type":"ListItem","position":2,"name":"Markt","item":"https:\/\/marktxxl.de\/markt\/"},{"@type":"ListItem","position":3,"name":"JDONG Led Deckenleuchte mit Fernbedienung und App dimmbar 24W Bluetooth Deckenleuchte Sternenhimmel,Farbwechsel RGB\u2026"}]},{"@type":"WebSite","@id":"https:\/\/marktxxl.de\/markt\/#website","url":"https:\/\/marktxxl.de\/markt\/","name":"Markt-XXL","description":"Ihr Markt Online","publisher":{"@id":"https:\/\/marktxxl.de\/markt\/#organization"},"potentialAction":[{"@type":"SearchAction","target":{"@type":"EntryPoint","urlTemplate":"https:\/\/marktxxl.de\/markt\/?s={search_term_string}"},"query-input":{"@type":"PropertyValueSpecification","valueRequired":true,"valueName":"search_term_string"}}],"inLanguage":"de"},{"@type":"Organization","@id":"https:\/\/marktxxl.de\/markt\/#organization","name":"Markt-XXL","url":"https:\/\/marktxxl.de\/markt\/","logo":{"@type":"ImageObject","inLanguage":"de","@id":"https:\/\/marktxxl.de\/markt\/#\/schema\/logo\/image\/","url":"https:\/\/marktxxl.de\/markt\/wp-content\/uploads\/sites\/3\/2020\/12\/logo.png","contentUrl":"https:\/\/marktxxl.de\/markt\/wp-content\/uploads\/sites\/3\/2020\/12\/logo.png","width":200,"height":70,"caption":"Markt-XXL"},"image":{"@id":"https:\/\/marktxxl.de\/markt\/#\/schema\/logo\/image\/"}}]}},"_links":{"self":[{"href":"https:\/\/marktxxl.de\/markt\/wp-json\/wp\/v2\/product\/74861","targetHints":{"allow":["GET"]}}],"collection":[{"href":"https:\/\/marktxxl.de\/markt\/wp-json\/wp\/v2\/product"}],"about":[{"href":"https:\/\/marktxxl.de\/markt\/wp-json\/wp\/v2\/types\/product"}],"replies":[{"embeddable":true,"href":"https:\/\/marktxxl.de\/markt\/wp-json\/wp\/v2\/comments?post=74861"}],"wp:featuredmedia":[{"embeddable":true,"href":"https:\/\/marktxxl.de\/markt\/wp-json\/wp\/v2\/media\/74862"}],"wp:attachment":[{"href":"https:\/\/marktxxl.de\/markt\/wp-json\/wp\/v2\/media?parent=74861"}],"wp:term":[{"taxonomy":"product_brand","embeddable":true,"href":"https:\/\/marktxxl.de\/markt\/wp-json\/wp\/v2\/product_brand?post=74861"},{"taxonomy":"product_cat","embeddable":true,"href":"https:\/\/marktxxl.de\/markt\/wp-json\/wp\/v2\/product_cat?post=74861"},{"taxonomy":"product_tag","embeddable":true,"href":"https:\/\/marktxxl.de\/markt\/wp-json\/wp\/v2\/product_tag?post=74861"}],"curies":[{"name":"wp","href":"https:\/\/api.w.org\/{rel}","templated":true}]}}