{"id":74696,"date":"2021-11-13T02:00:17","date_gmt":"2021-11-13T01:00:17","guid":{"rendered":"https:\/\/marktxxl.de\/markt\/produkt\/100led-lichterschlauch-seil-lichterkingcoo-wasserdichte-33ft-10m-8-modi-batteriebetriebene-streifen-fee-lichterketten-fuer-innen-aussen-garten-weihnachten-dekolicht\/"},"modified":"2023-04-09T02:21:32","modified_gmt":"2023-04-09T00:21:32","slug":"100led-lichterschlauch-seil-lichterkingcoo-wasserdichte-33ft-10m-8-modi-batteriebetriebene-streifen-fee-lichterketten-fuer-innen-aussen-garten-weihnachten-dekolicht","status":"publish","type":"product","link":"https:\/\/marktxxl.de\/markt\/produkt\/100led-lichterschlauch-seil-lichterkingcoo-wasserdichte-33ft-10m-8-modi-batteriebetriebene-streifen-fee-lichterketten-fuer-innen-aussen-garten-weihnachten-dekolicht\/","title":{"rendered":"KINGCOO 200LED Lichtschlauch Schnur Lichter, Wasserdichte 22M\/72FT 8 Modi Batteriebetriebene Kupfer Streifen Seil\u2026"},"content":{"rendered":"<p>Wasserdicht und langlebig f\u00fcr den Au\u00dfeneinsatz &#8211; Wir verwenden klare Schl\u00e4uche zum Schutz der zerbrechlichen Kupferdraht-Lichterketten, plus ip44 wasserdichte Batteriegeh\u00e4use, das Seil Licht widerstehen normalen Wasserspritzern f\u00fcr den Au\u00dfenbereich, auch eine perfekte Wahl f\u00fcr Innendekoration.<br \/>\n8 Beleuchtungsmodus f\u00fcr kreative Lichtshow &#8211; Die Lichterkette wird mit einer Fernbedienung geliefert, mit der Sie 8 verschiedene Beleuchtungsmodi einstellen k\u00f6nnen, einschlie\u00dflich Twinkle, Slow Fade, Blitz, Strobe, Steady on und mehr; Stellen Sie mit einem Klick eine Lichtshow auf und genie\u00dfen Sie die Komplimente von Ihren Freunden und Nachbarn.<br \/>\nBatteriebetrieben f\u00fcr Tragbarkeit und Zuverl\u00e4ssigkeit &#8211; Die Gl\u00fchw\u00fcrmchenbeleuchtung wird von 3 AA-Batterien (ausgenommen) betrieben, sodass sie tragbar ist und \u00fcberall f\u00fcr Ambiente-Dekoration und Atmosph\u00e4renerzeugung montiert werden kann und nicht ohne weiteres bei kontinuierlicher Beleuchtung versagen wird.<br \/>\nVielseitige Seilleuchten f\u00fcr kreatives Design &#8211; Die Schl\u00e4uche der Lichterketten sind robust und flexibel, aber d\u00fcnn genug, um einen leuchtenden Charakter als Schneemann oder Superheld oder einzigartige Formulierungen zu umh\u00fcllen, was Ihren Outdoor- oder Indoor-Events zus\u00e4tzlichen Spa\u00df verleiht.<br \/>\nTimer-Funktion f\u00fcr langlebige Dekoration &#8211;Dr\u00fccken Sie die TIMER-Taste, um die Seilleuchten automatisch f\u00fcr 6 Stunden eingeschaltet und f\u00fcr 18 Stunden pro Tag auszuschalten, mit Timer k\u00f6nnen die Fee-Lichterketten f\u00fcr mehr als einen halben Monat auf frische Batterien halten ; Nat\u00fcrlich werden Akkus immer empfohlen, um auf lange Sicht Geld zu sparen!<br \/>\n<div class=\"main-cross-sell\" data-asin=\"B07CKJ3YY8\">\n\n\t<div class=\"WooZone-cross-sell-loader\">\n\t\t<div>\n\t\t\t<div id=\"floatingBarsG\">\n\t\t\t\t<div class=\"blockG\" id=\"rotateG_01\"><\/div>\n\t\t\t\t<div class=\"blockG\" id=\"rotateG_02\"><\/div>\n\t\t\t\t<div class=\"blockG\" id=\"rotateG_03\"><\/div>\n\t\t\t\t<div class=\"blockG\" id=\"rotateG_04\"><\/div>\n\t\t\t\t<div class=\"blockG\" id=\"rotateG_05\"><\/div>\n\t\t\t\t<div class=\"blockG\" id=\"rotateG_06\"><\/div>\n\t\t\t\t<div class=\"blockG\" id=\"rotateG_07\"><\/div>\n\t\t\t\t<div class=\"blockG\" id=\"rotateG_08\"><\/div>\n\t\t\t<\/div>\n\t\t\t<div class=\"WooZone-cross-sell-loader-text\"><\/div>\n\t\t<\/div>\n\t<\/div>\n\n\t\t\n<\/div>\n<div style=\"clear:both;\"><\/div><\/p>\n","protected":false},"excerpt":{"rendered":"<p>Wasserdicht und langlebig f\u00fcr den Au\u00dfeneinsatz &#8211; Wir verwenden klare Schl\u00e4uche zum Schutz der zerbrechlichen Kupferdraht-Lichterketten, plus ip44 wasserdichte Batteriegeh\u00e4use, das Seil Licht widerstehen normalen Wasserspritzern f\u00fcr den Au\u00dfenbereich, auch eine perfekte Wahl f\u00fcr Innendekoration.<br \/>\n8 Beleuchtungsmodus f\u00fcr kreative Lichtshow &#8211; Die Lichterkette wird mit einer Fernbedienung geliefert, mit der Sie 8 verschiedene Beleuchtungsmodi einstellen k\u00f6nnen, einschlie\u00dflich Twinkle, Slow Fade, Blitz, Strobe, Steady on und mehr; Stellen Sie mit einem Klick eine Lichtshow auf und genie\u00dfen Sie die Komplimente von Ihren Freunden und Nachbarn.<br \/>\nBatteriebetrieben f\u00fcr Tragbarkeit und Zuverl\u00e4ssigkeit &#8211; Die Gl\u00fchw\u00fcrmchenbeleuchtung wird von 3 AA-Batterien (ausgenommen) betrieben, sodass sie tragbar ist und \u00fcberall f\u00fcr Ambiente-Dekoration und Atmosph\u00e4renerzeugung montiert werden kann und nicht ohne weiteres bei kontinuierlicher Beleuchtung versagen wird.<\/p>\n","protected":false},"featured_media":74697,"comment_status":"open","ping_status":"closed","template":"","meta":[],"product_brand":[],"product_cat":[2108,15623],"product_tag":[],"class_list":{"0":"post-74696","1":"product","2":"type-product","3":"status-publish","4":"has-post-thumbnail","6":"product_cat-beleuchtung","7":"product_cat-lichtschlaeuche","8":"pa_brand-kingcoo","9":"pa_manufacturer-kingcoo","11":"first","12":"instock","13":"shipping-taxable","14":"purchasable","15":"product-type-simple","16":"customify-col","17":"product-has-gallery"},"yoast_head":"<!-- This site is optimized with the Yoast SEO plugin v27.4 - https:\/\/yoast.com\/product\/yoast-seo-wordpress\/ -->\n<title>KINGCOO 200LED Lichtschlauch Schnur Lichter, Wasserdichte 22M\/72FT 8 Modi Batteriebetriebene Kupfer Streifen Seil\u2026 - Markt-XXL<\/title>\n<meta name=\"description\" content=\"Markt-XXL KINGCOO 200LED Lichtschlauch Schnur Lichter, Wasserdichte 22M\/72FT 8 Modi Batteriebetriebene Kupfer Streifen Seil\u2026\" \/>\n<meta name=\"robots\" content=\"index, follow, max-snippet:-1, max-image-preview:large, max-video-preview:-1\" \/>\n<link rel=\"canonical\" href=\"https:\/\/marktxxl.de\/markt\/produkt\/100led-lichterschlauch-seil-lichterkingcoo-wasserdichte-33ft-10m-8-modi-batteriebetriebene-streifen-fee-lichterketten-fuer-innen-aussen-garten-weihnachten-dekolicht\/\" \/>\n<meta property=\"og:locale\" content=\"de_DE\" \/>\n<meta property=\"og:type\" content=\"article\" \/>\n<meta property=\"og:title\" content=\"KINGCOO 200LED Lichtschlauch Schnur Lichter, Wasserdichte 22M\/72FT 8 Modi Batteriebetriebene Kupfer Streifen Seil\u2026 - Markt-XXL\" \/>\n<meta property=\"og:description\" content=\"Markt-XXL KINGCOO 200LED Lichtschlauch Schnur Lichter, Wasserdichte 22M\/72FT 8 Modi Batteriebetriebene Kupfer Streifen Seil\u2026\" \/>\n<meta property=\"og:url\" content=\"https:\/\/marktxxl.de\/markt\/produkt\/100led-lichterschlauch-seil-lichterkingcoo-wasserdichte-33ft-10m-8-modi-batteriebetriebene-streifen-fee-lichterketten-fuer-innen-aussen-garten-weihnachten-dekolicht\/\" \/>\n<meta property=\"og:site_name\" content=\"Markt-XXL\" \/>\n<meta property=\"article:modified_time\" content=\"2023-04-09T00:21:32+00:00\" \/>\n<meta property=\"og:image\" content=\"https:\/\/m.media-amazon.com\/images\/I\/51IE-FKhNVL._SL500_.jpg\" \/>\n\t<meta property=\"og:image:width\" content=\"500\" \/>\n\t<meta property=\"og:image:height\" content=\"500\" \/>\n\t<meta property=\"og:image:type\" content=\"image\/jpeg\" \/>\n<meta name=\"twitter:card\" content=\"summary_large_image\" \/>\n<meta name=\"twitter:label1\" content=\"Gesch\u00e4tzte Lesezeit\" \/>\n\t<meta name=\"twitter:data1\" content=\"1\u00a0Minute\" \/>\n<script type=\"application\/ld+json\" class=\"yoast-schema-graph\">{\"@context\":\"https:\\\/\\\/schema.org\",\"@graph\":[{\"@type\":\"WebPage\",\"@id\":\"https:\\\/\\\/marktxxl.de\\\/markt\\\/produkt\\\/100led-lichterschlauch-seil-lichterkingcoo-wasserdichte-33ft-10m-8-modi-batteriebetriebene-streifen-fee-lichterketten-fuer-innen-aussen-garten-weihnachten-dekolicht\\\/\",\"url\":\"https:\\\/\\\/marktxxl.de\\\/markt\\\/produkt\\\/100led-lichterschlauch-seil-lichterkingcoo-wasserdichte-33ft-10m-8-modi-batteriebetriebene-streifen-fee-lichterketten-fuer-innen-aussen-garten-weihnachten-dekolicht\\\/\",\"name\":\"KINGCOO 200LED Lichtschlauch Schnur Lichter, Wasserdichte 22M\\\/72FT 8 Modi Batteriebetriebene Kupfer Streifen Seil\u2026 - Markt-XXL\",\"isPartOf\":{\"@id\":\"https:\\\/\\\/marktxxl.de\\\/markt\\\/#website\"},\"primaryImageOfPage\":{\"@id\":\"https:\\\/\\\/marktxxl.de\\\/markt\\\/produkt\\\/100led-lichterschlauch-seil-lichterkingcoo-wasserdichte-33ft-10m-8-modi-batteriebetriebene-streifen-fee-lichterketten-fuer-innen-aussen-garten-weihnachten-dekolicht\\\/#primaryimage\"},\"image\":{\"@id\":\"https:\\\/\\\/marktxxl.de\\\/markt\\\/produkt\\\/100led-lichterschlauch-seil-lichterkingcoo-wasserdichte-33ft-10m-8-modi-batteriebetriebene-streifen-fee-lichterketten-fuer-innen-aussen-garten-weihnachten-dekolicht\\\/#primaryimage\"},\"thumbnailUrl\":\"https:\\\/\\\/m.media-amazon.com\\\/images\\\/I\\\/51IE-FKhNVL._SL500_.jpg\",\"datePublished\":\"2021-11-13T01:00:17+00:00\",\"dateModified\":\"2023-04-09T00:21:32+00:00\",\"description\":\"Markt-XXL KINGCOO 200LED Lichtschlauch Schnur Lichter, Wasserdichte 22M\\\/72FT 8 Modi Batteriebetriebene Kupfer Streifen Seil\u2026\",\"breadcrumb\":{\"@id\":\"https:\\\/\\\/marktxxl.de\\\/markt\\\/produkt\\\/100led-lichterschlauch-seil-lichterkingcoo-wasserdichte-33ft-10m-8-modi-batteriebetriebene-streifen-fee-lichterketten-fuer-innen-aussen-garten-weihnachten-dekolicht\\\/#breadcrumb\"},\"inLanguage\":\"de\",\"potentialAction\":[{\"@type\":\"ReadAction\",\"target\":[\"https:\\\/\\\/marktxxl.de\\\/markt\\\/produkt\\\/100led-lichterschlauch-seil-lichterkingcoo-wasserdichte-33ft-10m-8-modi-batteriebetriebene-streifen-fee-lichterketten-fuer-innen-aussen-garten-weihnachten-dekolicht\\\/\"]}]},{\"@type\":\"ImageObject\",\"inLanguage\":\"de\",\"@id\":\"https:\\\/\\\/marktxxl.de\\\/markt\\\/produkt\\\/100led-lichterschlauch-seil-lichterkingcoo-wasserdichte-33ft-10m-8-modi-batteriebetriebene-streifen-fee-lichterketten-fuer-innen-aussen-garten-weihnachten-dekolicht\\\/#primaryimage\",\"url\":\"https:\\\/\\\/m.media-amazon.com\\\/images\\\/I\\\/51IE-FKhNVL._SL500_.jpg\",\"contentUrl\":\"https:\\\/\\\/m.media-amazon.com\\\/images\\\/I\\\/51IE-FKhNVL._SL500_.jpg\",\"width\":500,\"height\":500},{\"@type\":\"BreadcrumbList\",\"@id\":\"https:\\\/\\\/marktxxl.de\\\/markt\\\/produkt\\\/100led-lichterschlauch-seil-lichterkingcoo-wasserdichte-33ft-10m-8-modi-batteriebetriebene-streifen-fee-lichterketten-fuer-innen-aussen-garten-weihnachten-dekolicht\\\/#breadcrumb\",\"itemListElement\":[{\"@type\":\"ListItem\",\"position\":1,\"name\":\"Startseite\",\"item\":\"https:\\\/\\\/marktxxl.de\\\/markt\\\/\"},{\"@type\":\"ListItem\",\"position\":2,\"name\":\"Markt\",\"item\":\"https:\\\/\\\/marktxxl.de\\\/markt\\\/\"},{\"@type\":\"ListItem\",\"position\":3,\"name\":\"KINGCOO 200LED Lichtschlauch Schnur Lichter, Wasserdichte 22M\\\/72FT 8 Modi Batteriebetriebene Kupfer Streifen Seil\u2026\"}]},{\"@type\":\"WebSite\",\"@id\":\"https:\\\/\\\/marktxxl.de\\\/markt\\\/#website\",\"url\":\"https:\\\/\\\/marktxxl.de\\\/markt\\\/\",\"name\":\"Markt-XXL\",\"description\":\"Ihr Markt Online\",\"publisher\":{\"@id\":\"https:\\\/\\\/marktxxl.de\\\/markt\\\/#organization\"},\"potentialAction\":[{\"@type\":\"SearchAction\",\"target\":{\"@type\":\"EntryPoint\",\"urlTemplate\":\"https:\\\/\\\/marktxxl.de\\\/markt\\\/?s={search_term_string}\"},\"query-input\":{\"@type\":\"PropertyValueSpecification\",\"valueRequired\":true,\"valueName\":\"search_term_string\"}}],\"inLanguage\":\"de\"},{\"@type\":\"Organization\",\"@id\":\"https:\\\/\\\/marktxxl.de\\\/markt\\\/#organization\",\"name\":\"Markt-XXL\",\"url\":\"https:\\\/\\\/marktxxl.de\\\/markt\\\/\",\"logo\":{\"@type\":\"ImageObject\",\"inLanguage\":\"de\",\"@id\":\"https:\\\/\\\/marktxxl.de\\\/markt\\\/#\\\/schema\\\/logo\\\/image\\\/\",\"url\":\"https:\\\/\\\/marktxxl.de\\\/markt\\\/wp-content\\\/uploads\\\/sites\\\/3\\\/2020\\\/12\\\/logo.png\",\"contentUrl\":\"https:\\\/\\\/marktxxl.de\\\/markt\\\/wp-content\\\/uploads\\\/sites\\\/3\\\/2020\\\/12\\\/logo.png\",\"width\":200,\"height\":70,\"caption\":\"Markt-XXL\"},\"image\":{\"@id\":\"https:\\\/\\\/marktxxl.de\\\/markt\\\/#\\\/schema\\\/logo\\\/image\\\/\"}}]}<\/script>\n<!-- \/ Yoast SEO plugin. -->","yoast_head_json":{"title":"KINGCOO 200LED Lichtschlauch Schnur Lichter, Wasserdichte 22M\/72FT 8 Modi Batteriebetriebene Kupfer Streifen Seil\u2026 - Markt-XXL","description":"Markt-XXL KINGCOO 200LED Lichtschlauch Schnur Lichter, Wasserdichte 22M\/72FT 8 Modi Batteriebetriebene Kupfer Streifen Seil\u2026","robots":{"index":"index","follow":"follow","max-snippet":"max-snippet:-1","max-image-preview":"max-image-preview:large","max-video-preview":"max-video-preview:-1"},"canonical":"https:\/\/marktxxl.de\/markt\/produkt\/100led-lichterschlauch-seil-lichterkingcoo-wasserdichte-33ft-10m-8-modi-batteriebetriebene-streifen-fee-lichterketten-fuer-innen-aussen-garten-weihnachten-dekolicht\/","og_locale":"de_DE","og_type":"article","og_title":"KINGCOO 200LED Lichtschlauch Schnur Lichter, Wasserdichte 22M\/72FT 8 Modi Batteriebetriebene Kupfer Streifen Seil\u2026 - Markt-XXL","og_description":"Markt-XXL KINGCOO 200LED Lichtschlauch Schnur Lichter, Wasserdichte 22M\/72FT 8 Modi Batteriebetriebene Kupfer Streifen Seil\u2026","og_url":"https:\/\/marktxxl.de\/markt\/produkt\/100led-lichterschlauch-seil-lichterkingcoo-wasserdichte-33ft-10m-8-modi-batteriebetriebene-streifen-fee-lichterketten-fuer-innen-aussen-garten-weihnachten-dekolicht\/","og_site_name":"Markt-XXL","article_modified_time":"2023-04-09T00:21:32+00:00","og_image":[{"width":500,"height":500,"url":"https:\/\/m.media-amazon.com\/images\/I\/51IE-FKhNVL._SL500_.jpg","type":"image\/jpeg"}],"twitter_card":"summary_large_image","twitter_misc":{"Gesch\u00e4tzte Lesezeit":"1\u00a0Minute"},"schema":{"@context":"https:\/\/schema.org","@graph":[{"@type":"WebPage","@id":"https:\/\/marktxxl.de\/markt\/produkt\/100led-lichterschlauch-seil-lichterkingcoo-wasserdichte-33ft-10m-8-modi-batteriebetriebene-streifen-fee-lichterketten-fuer-innen-aussen-garten-weihnachten-dekolicht\/","url":"https:\/\/marktxxl.de\/markt\/produkt\/100led-lichterschlauch-seil-lichterkingcoo-wasserdichte-33ft-10m-8-modi-batteriebetriebene-streifen-fee-lichterketten-fuer-innen-aussen-garten-weihnachten-dekolicht\/","name":"KINGCOO 200LED Lichtschlauch Schnur Lichter, Wasserdichte 22M\/72FT 8 Modi Batteriebetriebene Kupfer Streifen Seil\u2026 - Markt-XXL","isPartOf":{"@id":"https:\/\/marktxxl.de\/markt\/#website"},"primaryImageOfPage":{"@id":"https:\/\/marktxxl.de\/markt\/produkt\/100led-lichterschlauch-seil-lichterkingcoo-wasserdichte-33ft-10m-8-modi-batteriebetriebene-streifen-fee-lichterketten-fuer-innen-aussen-garten-weihnachten-dekolicht\/#primaryimage"},"image":{"@id":"https:\/\/marktxxl.de\/markt\/produkt\/100led-lichterschlauch-seil-lichterkingcoo-wasserdichte-33ft-10m-8-modi-batteriebetriebene-streifen-fee-lichterketten-fuer-innen-aussen-garten-weihnachten-dekolicht\/#primaryimage"},"thumbnailUrl":"https:\/\/m.media-amazon.com\/images\/I\/51IE-FKhNVL._SL500_.jpg","datePublished":"2021-11-13T01:00:17+00:00","dateModified":"2023-04-09T00:21:32+00:00","description":"Markt-XXL KINGCOO 200LED Lichtschlauch Schnur Lichter, Wasserdichte 22M\/72FT 8 Modi Batteriebetriebene Kupfer Streifen Seil\u2026","breadcrumb":{"@id":"https:\/\/marktxxl.de\/markt\/produkt\/100led-lichterschlauch-seil-lichterkingcoo-wasserdichte-33ft-10m-8-modi-batteriebetriebene-streifen-fee-lichterketten-fuer-innen-aussen-garten-weihnachten-dekolicht\/#breadcrumb"},"inLanguage":"de","potentialAction":[{"@type":"ReadAction","target":["https:\/\/marktxxl.de\/markt\/produkt\/100led-lichterschlauch-seil-lichterkingcoo-wasserdichte-33ft-10m-8-modi-batteriebetriebene-streifen-fee-lichterketten-fuer-innen-aussen-garten-weihnachten-dekolicht\/"]}]},{"@type":"ImageObject","inLanguage":"de","@id":"https:\/\/marktxxl.de\/markt\/produkt\/100led-lichterschlauch-seil-lichterkingcoo-wasserdichte-33ft-10m-8-modi-batteriebetriebene-streifen-fee-lichterketten-fuer-innen-aussen-garten-weihnachten-dekolicht\/#primaryimage","url":"https:\/\/m.media-amazon.com\/images\/I\/51IE-FKhNVL._SL500_.jpg","contentUrl":"https:\/\/m.media-amazon.com\/images\/I\/51IE-FKhNVL._SL500_.jpg","width":500,"height":500},{"@type":"BreadcrumbList","@id":"https:\/\/marktxxl.de\/markt\/produkt\/100led-lichterschlauch-seil-lichterkingcoo-wasserdichte-33ft-10m-8-modi-batteriebetriebene-streifen-fee-lichterketten-fuer-innen-aussen-garten-weihnachten-dekolicht\/#breadcrumb","itemListElement":[{"@type":"ListItem","position":1,"name":"Startseite","item":"https:\/\/marktxxl.de\/markt\/"},{"@type":"ListItem","position":2,"name":"Markt","item":"https:\/\/marktxxl.de\/markt\/"},{"@type":"ListItem","position":3,"name":"KINGCOO 200LED Lichtschlauch Schnur Lichter, Wasserdichte 22M\/72FT 8 Modi Batteriebetriebene Kupfer Streifen Seil\u2026"}]},{"@type":"WebSite","@id":"https:\/\/marktxxl.de\/markt\/#website","url":"https:\/\/marktxxl.de\/markt\/","name":"Markt-XXL","description":"Ihr Markt Online","publisher":{"@id":"https:\/\/marktxxl.de\/markt\/#organization"},"potentialAction":[{"@type":"SearchAction","target":{"@type":"EntryPoint","urlTemplate":"https:\/\/marktxxl.de\/markt\/?s={search_term_string}"},"query-input":{"@type":"PropertyValueSpecification","valueRequired":true,"valueName":"search_term_string"}}],"inLanguage":"de"},{"@type":"Organization","@id":"https:\/\/marktxxl.de\/markt\/#organization","name":"Markt-XXL","url":"https:\/\/marktxxl.de\/markt\/","logo":{"@type":"ImageObject","inLanguage":"de","@id":"https:\/\/marktxxl.de\/markt\/#\/schema\/logo\/image\/","url":"https:\/\/marktxxl.de\/markt\/wp-content\/uploads\/sites\/3\/2020\/12\/logo.png","contentUrl":"https:\/\/marktxxl.de\/markt\/wp-content\/uploads\/sites\/3\/2020\/12\/logo.png","width":200,"height":70,"caption":"Markt-XXL"},"image":{"@id":"https:\/\/marktxxl.de\/markt\/#\/schema\/logo\/image\/"}}]}},"_links":{"self":[{"href":"https:\/\/marktxxl.de\/markt\/wp-json\/wp\/v2\/product\/74696","targetHints":{"allow":["GET"]}}],"collection":[{"href":"https:\/\/marktxxl.de\/markt\/wp-json\/wp\/v2\/product"}],"about":[{"href":"https:\/\/marktxxl.de\/markt\/wp-json\/wp\/v2\/types\/product"}],"replies":[{"embeddable":true,"href":"https:\/\/marktxxl.de\/markt\/wp-json\/wp\/v2\/comments?post=74696"}],"wp:featuredmedia":[{"embeddable":true,"href":"https:\/\/marktxxl.de\/markt\/wp-json\/wp\/v2\/media\/74697"}],"wp:attachment":[{"href":"https:\/\/marktxxl.de\/markt\/wp-json\/wp\/v2\/media?parent=74696"}],"wp:term":[{"taxonomy":"product_brand","embeddable":true,"href":"https:\/\/marktxxl.de\/markt\/wp-json\/wp\/v2\/product_brand?post=74696"},{"taxonomy":"product_cat","embeddable":true,"href":"https:\/\/marktxxl.de\/markt\/wp-json\/wp\/v2\/product_cat?post=74696"},{"taxonomy":"product_tag","embeddable":true,"href":"https:\/\/marktxxl.de\/markt\/wp-json\/wp\/v2\/product_tag?post=74696"}],"curies":[{"name":"wp","href":"https:\/\/api.w.org\/{rel}","templated":true}]}}