{"id":74663,"date":"2021-11-13T01:57:16","date_gmt":"2021-11-13T00:57:16","guid":{"rendered":"https:\/\/marktxxl.de\/markt\/produkt\/led-lichterkette-strom-30m-300-led-mit-fernbedienung-timer-merkfunktion-lichterkette-steckdose-ip65-wasserdicht-fuer-innen-und-aussenniederspannung-warmweiss-lichterkette-fuer-party-weihnachten-ga\/"},"modified":"2023-04-09T02:21:32","modified_gmt":"2023-04-09T00:21:32","slug":"led-lichterkette-strom-30m-300-led-mit-fernbedienung-timer-merkfunktion-lichterkette-steckdose-ip65-wasserdicht-fuer-innen-und-aussenniederspannung-warmweiss-lichterkette-fuer-party-weihnachten-ga","status":"publish","type":"product","link":"https:\/\/marktxxl.de\/markt\/produkt\/led-lichterkette-strom-30m-300-led-mit-fernbedienung-timer-merkfunktion-lichterkette-steckdose-ip65-wasserdicht-fuer-innen-und-aussenniederspannung-warmweiss-lichterkette-fuer-party-weihnachten-ga\/","title":{"rendered":"Led Lichterkette Strom 35M 300 LED mit Fernbedienung Timer Merkfunktion Lichterkette Steckdose Wasserdicht f\u00fcr Innen und\u2026"},"content":{"rendered":"<p>\u272f8 Funktionen: 8 lebendige Modi f\u00fcr Weihnachts lichterketten im Freien (Kombination aus Wellen, Sequential, Slow-Glo, Chasing \/ Flash, Slow-Fade, Twinkle, Dauerlicht). Der Lichtmodus kann durch Dr\u00fccken der unteren Taste des Controllers ge\u00e4ndert werden.<br \/>\n\u272fSicherheitszertifizierung: GS, CE, RoHS-Zertifizierung- 30-V-Niederspannungstransformator und ganze Lichterketten einschlie\u00dflich Lichterketten, LED-Lampen und Stecker wurden von UL zertifiziert, um die Sicherheit zu gew\u00e4hrleisten und zu maximieren. Hochwertige LED-Blasen und Kupferkabel k\u00f6nnen im t\u00e4glichen Leben sicher verwendet werden.<br \/>\n\u272fEnde zu Ende erweiterbar: L\u00e4ngerer Draht, Mehr LEDs. Diese super lange 30M Lichterkette mit 300 warmwei\u00dfen LED-Lampen. Jedes Weihnachtslicht verf\u00fcgt \u00fcber eine durchgehende Verbindung, mit der bis zu 3 Str\u00e4nge miteinander verbunden werden k\u00f6nnen, um eine gr\u00f6\u00dfere Reichweite zu erzielen.<br \/>\n\u272fIP65 Wasserdicht: Dank des hohen wasserdichten Ranges h\u00e4lt es starkem Regen und Schnee stand und eignet sich perfekt f\u00fcr Dekorationen im Innen- und Au\u00dfenbereich.Hinweis: der stecker ist IP44, bitte sch\u00fctzen sie es<br \/>\n\u272fVerwendung mehrerer Szenarien: Der 220-V-Standard-EU-Stecker ist f\u00fcr alle EU-Standardsteckdosen geeignet. Vervollkommnen Sie f\u00fcr Weihnachten, Halloween, Ostern, Hochzeiten, Party, Festival, Feiertagsdekoration.<br \/>\n<div class=\"main-cross-sell\" data-asin=\"B089Q6NXFG\">\n\n\t<div class=\"WooZone-cross-sell-loader\">\n\t\t<div>\n\t\t\t<div id=\"floatingBarsG\">\n\t\t\t\t<div class=\"blockG\" id=\"rotateG_01\"><\/div>\n\t\t\t\t<div class=\"blockG\" id=\"rotateG_02\"><\/div>\n\t\t\t\t<div class=\"blockG\" id=\"rotateG_03\"><\/div>\n\t\t\t\t<div class=\"blockG\" id=\"rotateG_04\"><\/div>\n\t\t\t\t<div class=\"blockG\" id=\"rotateG_05\"><\/div>\n\t\t\t\t<div class=\"blockG\" id=\"rotateG_06\"><\/div>\n\t\t\t\t<div class=\"blockG\" id=\"rotateG_07\"><\/div>\n\t\t\t\t<div class=\"blockG\" id=\"rotateG_08\"><\/div>\n\t\t\t<\/div>\n\t\t\t<div class=\"WooZone-cross-sell-loader-text\"><\/div>\n\t\t<\/div>\n\t<\/div>\n\n\t\t\n<\/div>\n<div style=\"clear:both;\"><\/div><\/p>\n","protected":false},"excerpt":{"rendered":"<p>\u272f8 Funktionen: 8 lebendige Modi f\u00fcr Weihnachts lichterketten im Freien (Kombination aus Wellen, Sequential, Slow-Glo, Chasing \/ Flash, Slow-Fade, Twinkle, Dauerlicht). Der Lichtmodus kann durch Dr\u00fccken der unteren Taste des Controllers ge\u00e4ndert werden.<br \/>\n\u272fSicherheitszertifizierung: GS, CE, RoHS-Zertifizierung- 30-V-Niederspannungstransformator und ganze Lichterketten einschlie\u00dflich Lichterketten, LED-Lampen und Stecker wurden von UL zertifiziert, um die Sicherheit zu gew\u00e4hrleisten und zu maximieren. Hochwertige LED-Blasen und Kupferkabel k\u00f6nnen im t\u00e4glichen Leben sicher verwendet werden.<br \/>\n\u272fEnde zu Ende erweiterbar: L\u00e4ngerer Draht, Mehr LEDs. Diese super lange 30M Lichterkette mit 300 warmwei\u00dfen LED-Lampen. Jedes Weihnachtslicht verf\u00fcgt \u00fcber eine durchgehende Verbindung, mit der bis zu 3 Str\u00e4nge miteinander verbunden werden k\u00f6nnen, um eine gr\u00f6\u00dfere Reichweite zu erzielen.<\/p>\n","protected":false},"featured_media":74664,"comment_status":"open","ping_status":"closed","template":"","meta":[],"product_brand":[],"product_cat":[2108,15622],"product_tag":[],"class_list":{"0":"post-74663","1":"product","2":"type-product","3":"status-publish","4":"has-post-thumbnail","6":"product_cat-beleuchtung","7":"product_cat-lichterketten","8":"pa_brand-nurkoo","9":"pa_manufacturer-nurkoo","10":"pa_model-25199","12":"first","13":"instock","14":"shipping-taxable","15":"purchasable","16":"product-type-simple","17":"customify-col","18":"product-has-gallery"},"yoast_head":"<!-- This site is optimized with the Yoast SEO plugin v27.4 - https:\/\/yoast.com\/product\/yoast-seo-wordpress\/ -->\n<title>Led Lichterkette Strom 35M 300 LED mit Fernbedienung Timer Merkfunktion Lichterkette Steckdose Wasserdicht f\u00fcr Innen und\u2026 - Markt-XXL<\/title>\n<meta name=\"description\" content=\"Markt-XXL Led Lichterkette Strom 35M 300 LED mit Fernbedienung Timer Merkfunktion Lichterkette Steckdose Wasserdicht f\u00fcr Innen und\u2026\" \/>\n<meta name=\"robots\" content=\"index, follow, max-snippet:-1, max-image-preview:large, max-video-preview:-1\" \/>\n<link rel=\"canonical\" href=\"https:\/\/marktxxl.de\/markt\/produkt\/led-lichterkette-strom-30m-300-led-mit-fernbedienung-timer-merkfunktion-lichterkette-steckdose-ip65-wasserdicht-fuer-innen-und-aussenniederspannung-warmweiss-lichterkette-fuer-party-weihnachten-ga\/\" \/>\n<meta property=\"og:locale\" content=\"de_DE\" \/>\n<meta property=\"og:type\" content=\"article\" \/>\n<meta property=\"og:title\" content=\"Led Lichterkette Strom 35M 300 LED mit Fernbedienung Timer Merkfunktion Lichterkette Steckdose Wasserdicht f\u00fcr Innen und\u2026 - Markt-XXL\" \/>\n<meta property=\"og:description\" content=\"Markt-XXL Led Lichterkette Strom 35M 300 LED mit Fernbedienung Timer Merkfunktion Lichterkette Steckdose Wasserdicht f\u00fcr Innen und\u2026\" \/>\n<meta property=\"og:url\" content=\"https:\/\/marktxxl.de\/markt\/produkt\/led-lichterkette-strom-30m-300-led-mit-fernbedienung-timer-merkfunktion-lichterkette-steckdose-ip65-wasserdicht-fuer-innen-und-aussenniederspannung-warmweiss-lichterkette-fuer-party-weihnachten-ga\/\" \/>\n<meta property=\"og:site_name\" content=\"Markt-XXL\" \/>\n<meta property=\"article:modified_time\" content=\"2023-04-09T00:21:32+00:00\" \/>\n<meta property=\"og:image\" content=\"https:\/\/m.media-amazon.com\/images\/I\/61kMGppOOcL._SL500_.jpg\" \/>\n\t<meta property=\"og:image:width\" content=\"500\" \/>\n\t<meta property=\"og:image:height\" content=\"500\" \/>\n\t<meta property=\"og:image:type\" content=\"image\/jpeg\" \/>\n<meta name=\"twitter:card\" content=\"summary_large_image\" \/>\n<meta name=\"twitter:label1\" content=\"Gesch\u00e4tzte Lesezeit\" \/>\n\t<meta name=\"twitter:data1\" content=\"1\u00a0Minute\" \/>\n<script type=\"application\/ld+json\" class=\"yoast-schema-graph\">{\"@context\":\"https:\\\/\\\/schema.org\",\"@graph\":[{\"@type\":\"WebPage\",\"@id\":\"https:\\\/\\\/marktxxl.de\\\/markt\\\/produkt\\\/led-lichterkette-strom-30m-300-led-mit-fernbedienung-timer-merkfunktion-lichterkette-steckdose-ip65-wasserdicht-fuer-innen-und-aussenniederspannung-warmweiss-lichterkette-fuer-party-weihnachten-ga\\\/\",\"url\":\"https:\\\/\\\/marktxxl.de\\\/markt\\\/produkt\\\/led-lichterkette-strom-30m-300-led-mit-fernbedienung-timer-merkfunktion-lichterkette-steckdose-ip65-wasserdicht-fuer-innen-und-aussenniederspannung-warmweiss-lichterkette-fuer-party-weihnachten-ga\\\/\",\"name\":\"Led Lichterkette Strom 35M 300 LED mit Fernbedienung Timer Merkfunktion Lichterkette Steckdose Wasserdicht f\u00fcr Innen und\u2026 - Markt-XXL\",\"isPartOf\":{\"@id\":\"https:\\\/\\\/marktxxl.de\\\/markt\\\/#website\"},\"primaryImageOfPage\":{\"@id\":\"https:\\\/\\\/marktxxl.de\\\/markt\\\/produkt\\\/led-lichterkette-strom-30m-300-led-mit-fernbedienung-timer-merkfunktion-lichterkette-steckdose-ip65-wasserdicht-fuer-innen-und-aussenniederspannung-warmweiss-lichterkette-fuer-party-weihnachten-ga\\\/#primaryimage\"},\"image\":{\"@id\":\"https:\\\/\\\/marktxxl.de\\\/markt\\\/produkt\\\/led-lichterkette-strom-30m-300-led-mit-fernbedienung-timer-merkfunktion-lichterkette-steckdose-ip65-wasserdicht-fuer-innen-und-aussenniederspannung-warmweiss-lichterkette-fuer-party-weihnachten-ga\\\/#primaryimage\"},\"thumbnailUrl\":\"https:\\\/\\\/m.media-amazon.com\\\/images\\\/I\\\/61kMGppOOcL._SL500_.jpg\",\"datePublished\":\"2021-11-13T00:57:16+00:00\",\"dateModified\":\"2023-04-09T00:21:32+00:00\",\"description\":\"Markt-XXL Led Lichterkette Strom 35M 300 LED mit Fernbedienung Timer Merkfunktion Lichterkette Steckdose Wasserdicht f\u00fcr Innen und\u2026\",\"breadcrumb\":{\"@id\":\"https:\\\/\\\/marktxxl.de\\\/markt\\\/produkt\\\/led-lichterkette-strom-30m-300-led-mit-fernbedienung-timer-merkfunktion-lichterkette-steckdose-ip65-wasserdicht-fuer-innen-und-aussenniederspannung-warmweiss-lichterkette-fuer-party-weihnachten-ga\\\/#breadcrumb\"},\"inLanguage\":\"de\",\"potentialAction\":[{\"@type\":\"ReadAction\",\"target\":[\"https:\\\/\\\/marktxxl.de\\\/markt\\\/produkt\\\/led-lichterkette-strom-30m-300-led-mit-fernbedienung-timer-merkfunktion-lichterkette-steckdose-ip65-wasserdicht-fuer-innen-und-aussenniederspannung-warmweiss-lichterkette-fuer-party-weihnachten-ga\\\/\"]}]},{\"@type\":\"ImageObject\",\"inLanguage\":\"de\",\"@id\":\"https:\\\/\\\/marktxxl.de\\\/markt\\\/produkt\\\/led-lichterkette-strom-30m-300-led-mit-fernbedienung-timer-merkfunktion-lichterkette-steckdose-ip65-wasserdicht-fuer-innen-und-aussenniederspannung-warmweiss-lichterkette-fuer-party-weihnachten-ga\\\/#primaryimage\",\"url\":\"https:\\\/\\\/m.media-amazon.com\\\/images\\\/I\\\/61kMGppOOcL._SL500_.jpg\",\"contentUrl\":\"https:\\\/\\\/m.media-amazon.com\\\/images\\\/I\\\/61kMGppOOcL._SL500_.jpg\",\"width\":500,\"height\":500},{\"@type\":\"BreadcrumbList\",\"@id\":\"https:\\\/\\\/marktxxl.de\\\/markt\\\/produkt\\\/led-lichterkette-strom-30m-300-led-mit-fernbedienung-timer-merkfunktion-lichterkette-steckdose-ip65-wasserdicht-fuer-innen-und-aussenniederspannung-warmweiss-lichterkette-fuer-party-weihnachten-ga\\\/#breadcrumb\",\"itemListElement\":[{\"@type\":\"ListItem\",\"position\":1,\"name\":\"Startseite\",\"item\":\"https:\\\/\\\/marktxxl.de\\\/markt\\\/\"},{\"@type\":\"ListItem\",\"position\":2,\"name\":\"Markt\",\"item\":\"https:\\\/\\\/marktxxl.de\\\/markt\\\/\"},{\"@type\":\"ListItem\",\"position\":3,\"name\":\"Led Lichterkette Strom 35M 300 LED mit Fernbedienung Timer Merkfunktion Lichterkette Steckdose Wasserdicht f\u00fcr Innen und\u2026\"}]},{\"@type\":\"WebSite\",\"@id\":\"https:\\\/\\\/marktxxl.de\\\/markt\\\/#website\",\"url\":\"https:\\\/\\\/marktxxl.de\\\/markt\\\/\",\"name\":\"Markt-XXL\",\"description\":\"Ihr Markt Online\",\"publisher\":{\"@id\":\"https:\\\/\\\/marktxxl.de\\\/markt\\\/#organization\"},\"potentialAction\":[{\"@type\":\"SearchAction\",\"target\":{\"@type\":\"EntryPoint\",\"urlTemplate\":\"https:\\\/\\\/marktxxl.de\\\/markt\\\/?s={search_term_string}\"},\"query-input\":{\"@type\":\"PropertyValueSpecification\",\"valueRequired\":true,\"valueName\":\"search_term_string\"}}],\"inLanguage\":\"de\"},{\"@type\":\"Organization\",\"@id\":\"https:\\\/\\\/marktxxl.de\\\/markt\\\/#organization\",\"name\":\"Markt-XXL\",\"url\":\"https:\\\/\\\/marktxxl.de\\\/markt\\\/\",\"logo\":{\"@type\":\"ImageObject\",\"inLanguage\":\"de\",\"@id\":\"https:\\\/\\\/marktxxl.de\\\/markt\\\/#\\\/schema\\\/logo\\\/image\\\/\",\"url\":\"https:\\\/\\\/marktxxl.de\\\/markt\\\/wp-content\\\/uploads\\\/sites\\\/3\\\/2020\\\/12\\\/logo.png\",\"contentUrl\":\"https:\\\/\\\/marktxxl.de\\\/markt\\\/wp-content\\\/uploads\\\/sites\\\/3\\\/2020\\\/12\\\/logo.png\",\"width\":200,\"height\":70,\"caption\":\"Markt-XXL\"},\"image\":{\"@id\":\"https:\\\/\\\/marktxxl.de\\\/markt\\\/#\\\/schema\\\/logo\\\/image\\\/\"}}]}<\/script>\n<!-- \/ Yoast SEO plugin. -->","yoast_head_json":{"title":"Led Lichterkette Strom 35M 300 LED mit Fernbedienung Timer Merkfunktion Lichterkette Steckdose Wasserdicht f\u00fcr Innen und\u2026 - Markt-XXL","description":"Markt-XXL Led Lichterkette Strom 35M 300 LED mit Fernbedienung Timer Merkfunktion Lichterkette Steckdose Wasserdicht f\u00fcr Innen und\u2026","robots":{"index":"index","follow":"follow","max-snippet":"max-snippet:-1","max-image-preview":"max-image-preview:large","max-video-preview":"max-video-preview:-1"},"canonical":"https:\/\/marktxxl.de\/markt\/produkt\/led-lichterkette-strom-30m-300-led-mit-fernbedienung-timer-merkfunktion-lichterkette-steckdose-ip65-wasserdicht-fuer-innen-und-aussenniederspannung-warmweiss-lichterkette-fuer-party-weihnachten-ga\/","og_locale":"de_DE","og_type":"article","og_title":"Led Lichterkette Strom 35M 300 LED mit Fernbedienung Timer Merkfunktion Lichterkette Steckdose Wasserdicht f\u00fcr Innen und\u2026 - Markt-XXL","og_description":"Markt-XXL Led Lichterkette Strom 35M 300 LED mit Fernbedienung Timer Merkfunktion Lichterkette Steckdose Wasserdicht f\u00fcr Innen und\u2026","og_url":"https:\/\/marktxxl.de\/markt\/produkt\/led-lichterkette-strom-30m-300-led-mit-fernbedienung-timer-merkfunktion-lichterkette-steckdose-ip65-wasserdicht-fuer-innen-und-aussenniederspannung-warmweiss-lichterkette-fuer-party-weihnachten-ga\/","og_site_name":"Markt-XXL","article_modified_time":"2023-04-09T00:21:32+00:00","og_image":[{"width":500,"height":500,"url":"https:\/\/m.media-amazon.com\/images\/I\/61kMGppOOcL._SL500_.jpg","type":"image\/jpeg"}],"twitter_card":"summary_large_image","twitter_misc":{"Gesch\u00e4tzte Lesezeit":"1\u00a0Minute"},"schema":{"@context":"https:\/\/schema.org","@graph":[{"@type":"WebPage","@id":"https:\/\/marktxxl.de\/markt\/produkt\/led-lichterkette-strom-30m-300-led-mit-fernbedienung-timer-merkfunktion-lichterkette-steckdose-ip65-wasserdicht-fuer-innen-und-aussenniederspannung-warmweiss-lichterkette-fuer-party-weihnachten-ga\/","url":"https:\/\/marktxxl.de\/markt\/produkt\/led-lichterkette-strom-30m-300-led-mit-fernbedienung-timer-merkfunktion-lichterkette-steckdose-ip65-wasserdicht-fuer-innen-und-aussenniederspannung-warmweiss-lichterkette-fuer-party-weihnachten-ga\/","name":"Led Lichterkette Strom 35M 300 LED mit Fernbedienung Timer Merkfunktion Lichterkette Steckdose Wasserdicht f\u00fcr Innen und\u2026 - Markt-XXL","isPartOf":{"@id":"https:\/\/marktxxl.de\/markt\/#website"},"primaryImageOfPage":{"@id":"https:\/\/marktxxl.de\/markt\/produkt\/led-lichterkette-strom-30m-300-led-mit-fernbedienung-timer-merkfunktion-lichterkette-steckdose-ip65-wasserdicht-fuer-innen-und-aussenniederspannung-warmweiss-lichterkette-fuer-party-weihnachten-ga\/#primaryimage"},"image":{"@id":"https:\/\/marktxxl.de\/markt\/produkt\/led-lichterkette-strom-30m-300-led-mit-fernbedienung-timer-merkfunktion-lichterkette-steckdose-ip65-wasserdicht-fuer-innen-und-aussenniederspannung-warmweiss-lichterkette-fuer-party-weihnachten-ga\/#primaryimage"},"thumbnailUrl":"https:\/\/m.media-amazon.com\/images\/I\/61kMGppOOcL._SL500_.jpg","datePublished":"2021-11-13T00:57:16+00:00","dateModified":"2023-04-09T00:21:32+00:00","description":"Markt-XXL Led Lichterkette Strom 35M 300 LED mit Fernbedienung Timer Merkfunktion Lichterkette Steckdose Wasserdicht f\u00fcr Innen und\u2026","breadcrumb":{"@id":"https:\/\/marktxxl.de\/markt\/produkt\/led-lichterkette-strom-30m-300-led-mit-fernbedienung-timer-merkfunktion-lichterkette-steckdose-ip65-wasserdicht-fuer-innen-und-aussenniederspannung-warmweiss-lichterkette-fuer-party-weihnachten-ga\/#breadcrumb"},"inLanguage":"de","potentialAction":[{"@type":"ReadAction","target":["https:\/\/marktxxl.de\/markt\/produkt\/led-lichterkette-strom-30m-300-led-mit-fernbedienung-timer-merkfunktion-lichterkette-steckdose-ip65-wasserdicht-fuer-innen-und-aussenniederspannung-warmweiss-lichterkette-fuer-party-weihnachten-ga\/"]}]},{"@type":"ImageObject","inLanguage":"de","@id":"https:\/\/marktxxl.de\/markt\/produkt\/led-lichterkette-strom-30m-300-led-mit-fernbedienung-timer-merkfunktion-lichterkette-steckdose-ip65-wasserdicht-fuer-innen-und-aussenniederspannung-warmweiss-lichterkette-fuer-party-weihnachten-ga\/#primaryimage","url":"https:\/\/m.media-amazon.com\/images\/I\/61kMGppOOcL._SL500_.jpg","contentUrl":"https:\/\/m.media-amazon.com\/images\/I\/61kMGppOOcL._SL500_.jpg","width":500,"height":500},{"@type":"BreadcrumbList","@id":"https:\/\/marktxxl.de\/markt\/produkt\/led-lichterkette-strom-30m-300-led-mit-fernbedienung-timer-merkfunktion-lichterkette-steckdose-ip65-wasserdicht-fuer-innen-und-aussenniederspannung-warmweiss-lichterkette-fuer-party-weihnachten-ga\/#breadcrumb","itemListElement":[{"@type":"ListItem","position":1,"name":"Startseite","item":"https:\/\/marktxxl.de\/markt\/"},{"@type":"ListItem","position":2,"name":"Markt","item":"https:\/\/marktxxl.de\/markt\/"},{"@type":"ListItem","position":3,"name":"Led Lichterkette Strom 35M 300 LED mit Fernbedienung Timer Merkfunktion Lichterkette Steckdose Wasserdicht f\u00fcr Innen und\u2026"}]},{"@type":"WebSite","@id":"https:\/\/marktxxl.de\/markt\/#website","url":"https:\/\/marktxxl.de\/markt\/","name":"Markt-XXL","description":"Ihr Markt Online","publisher":{"@id":"https:\/\/marktxxl.de\/markt\/#organization"},"potentialAction":[{"@type":"SearchAction","target":{"@type":"EntryPoint","urlTemplate":"https:\/\/marktxxl.de\/markt\/?s={search_term_string}"},"query-input":{"@type":"PropertyValueSpecification","valueRequired":true,"valueName":"search_term_string"}}],"inLanguage":"de"},{"@type":"Organization","@id":"https:\/\/marktxxl.de\/markt\/#organization","name":"Markt-XXL","url":"https:\/\/marktxxl.de\/markt\/","logo":{"@type":"ImageObject","inLanguage":"de","@id":"https:\/\/marktxxl.de\/markt\/#\/schema\/logo\/image\/","url":"https:\/\/marktxxl.de\/markt\/wp-content\/uploads\/sites\/3\/2020\/12\/logo.png","contentUrl":"https:\/\/marktxxl.de\/markt\/wp-content\/uploads\/sites\/3\/2020\/12\/logo.png","width":200,"height":70,"caption":"Markt-XXL"},"image":{"@id":"https:\/\/marktxxl.de\/markt\/#\/schema\/logo\/image\/"}}]}},"_links":{"self":[{"href":"https:\/\/marktxxl.de\/markt\/wp-json\/wp\/v2\/product\/74663","targetHints":{"allow":["GET"]}}],"collection":[{"href":"https:\/\/marktxxl.de\/markt\/wp-json\/wp\/v2\/product"}],"about":[{"href":"https:\/\/marktxxl.de\/markt\/wp-json\/wp\/v2\/types\/product"}],"replies":[{"embeddable":true,"href":"https:\/\/marktxxl.de\/markt\/wp-json\/wp\/v2\/comments?post=74663"}],"wp:featuredmedia":[{"embeddable":true,"href":"https:\/\/marktxxl.de\/markt\/wp-json\/wp\/v2\/media\/74664"}],"wp:attachment":[{"href":"https:\/\/marktxxl.de\/markt\/wp-json\/wp\/v2\/media?parent=74663"}],"wp:term":[{"taxonomy":"product_brand","embeddable":true,"href":"https:\/\/marktxxl.de\/markt\/wp-json\/wp\/v2\/product_brand?post=74663"},{"taxonomy":"product_cat","embeddable":true,"href":"https:\/\/marktxxl.de\/markt\/wp-json\/wp\/v2\/product_cat?post=74663"},{"taxonomy":"product_tag","embeddable":true,"href":"https:\/\/marktxxl.de\/markt\/wp-json\/wp\/v2\/product_tag?post=74663"}],"curies":[{"name":"wp","href":"https:\/\/api.w.org\/{rel}","templated":true}]}}