{"id":74438,"date":"2021-11-13T01:42:39","date_gmt":"2021-11-13T00:42:39","guid":{"rendered":"https:\/\/marktxxl.de\/markt\/produkt\/bambelaa-led-lichterschlauch-zuckerstange-lichterkette-aussen-lichtschlauch-leuchtschlauch-weihnachten-ca-6m-rot-weiss\/"},"modified":"2023-04-09T02:21:27","modified_gmt":"2023-04-09T00:21:27","slug":"bambelaa-led-lichterschlauch-zuckerstange-lichterkette-aussen-lichtschlauch-leuchtschlauch-weihnachten-ca-6m-rot-weiss","status":"publish","type":"product","link":"https:\/\/marktxxl.de\/markt\/produkt\/bambelaa-led-lichterschlauch-zuckerstange-lichterkette-aussen-lichtschlauch-leuchtschlauch-weihnachten-ca-6m-rot-weiss\/","title":{"rendered":"Bambelaa! LED Lichterschlauch Zuckerstange Lichterkette au\u00dfen Lichtschlauch Leuchtschlauch Weihnachten ca 6m rot wei\u00df"},"content":{"rendered":"<p>DESIGN: Der Bambelaa! Lichterschlauch rot wei\u00df erinnert an die Zuckerstange an Weihnachten .Der LED-Schlauch ist eine Weihnachts-deko amerikanisch<br \/>\nBESONDERHEIT: Die Lichterschlange ist formbar mit 144 LEDs kalt-weiss und geeignet f\u00fcr Eingang , S\u00e4ulen , Gartenzaun , Balkon , innen und aussen<br \/>\nMATERIAL: Ein Lichterschlauch aus Kunststoff ideal f\u00fcr indoor , Au\u00dfenbereich , Garten , Terrasse , Eingang . Die Lichterkette hat einen 230V Stecker<br \/>\nWEIHNACHTEN:Der Bambelaa! LED Lichterschlauch Au\u00dfen Lichtschlauch Lichterkette 6m Beleuchtet Zuckerstange Rot Wei\u00df ist passend f\u00fcr die Adventszeit<br \/>\nDATEN: Ca. 6m lang, Zuleitung ca. 5m. Bitte nur unter bedachten Stellen anbringen. Lieferumfang: 1x Bambelaa! LED Schlauch Au\u00dfen Weihnachts-Deko<br \/>\n<div class=\"main-cross-sell\" data-asin=\"B07XSY8F54\">\n\n\t<div class=\"WooZone-cross-sell-loader\">\n\t\t<div>\n\t\t\t<div id=\"floatingBarsG\">\n\t\t\t\t<div class=\"blockG\" id=\"rotateG_01\"><\/div>\n\t\t\t\t<div class=\"blockG\" id=\"rotateG_02\"><\/div>\n\t\t\t\t<div class=\"blockG\" id=\"rotateG_03\"><\/div>\n\t\t\t\t<div class=\"blockG\" id=\"rotateG_04\"><\/div>\n\t\t\t\t<div class=\"blockG\" id=\"rotateG_05\"><\/div>\n\t\t\t\t<div class=\"blockG\" id=\"rotateG_06\"><\/div>\n\t\t\t\t<div class=\"blockG\" id=\"rotateG_07\"><\/div>\n\t\t\t\t<div class=\"blockG\" id=\"rotateG_08\"><\/div>\n\t\t\t<\/div>\n\t\t\t<div class=\"WooZone-cross-sell-loader-text\"><\/div>\n\t\t<\/div>\n\t<\/div>\n\n\t\t\n<\/div>\n<div style=\"clear:both;\"><\/div><\/p>\n","protected":false},"excerpt":{"rendered":"<p>DESIGN: Der Bambelaa! Lichterschlauch rot wei\u00df erinnert an die Zuckerstange an Weihnachten .Der LED-Schlauch ist eine Weihnachts-deko amerikanisch<br \/>\nBESONDERHEIT: Die Lichterschlange ist formbar mit 144 LEDs kalt-weiss und geeignet f\u00fcr Eingang , S\u00e4ulen , Gartenzaun , Balkon , innen und aussen<br \/>\nMATERIAL: Ein Lichterschlauch aus Kunststoff ideal f\u00fcr indoor , Au\u00dfenbereich , Garten , Terrasse , Eingang . Die Lichterkette hat einen 230V Stecker<\/p>\n","protected":false},"featured_media":74439,"comment_status":"open","ping_status":"closed","template":"","meta":[],"product_brand":[],"product_cat":[2108,15623],"product_tag":[],"class_list":{"0":"post-74438","1":"product","2":"type-product","3":"status-publish","4":"has-post-thumbnail","6":"product_cat-beleuchtung","7":"product_cat-lichtschlaeuche","8":"pa_brand-bambelaa","9":"pa_color-rot-weiss","10":"pa_manufacturer-bambelaa","11":"pa_weight-1-5873282864-pfund","13":"first","14":"instock","15":"shipping-taxable","16":"purchasable","17":"product-type-simple","18":"customify-col","19":"product-has-gallery"},"yoast_head":"<!-- This site is optimized with the Yoast SEO plugin v27.4 - https:\/\/yoast.com\/product\/yoast-seo-wordpress\/ -->\n<title>Bambelaa! LED Lichterschlauch Zuckerstange Lichterkette au\u00dfen Lichtschlauch Leuchtschlauch Weihnachten ca 6m rot wei\u00df - Markt-XXL<\/title>\n<meta name=\"description\" content=\"Markt-XXL Bambelaa! LED Lichterschlauch Zuckerstange Lichterkette au\u00dfen Lichtschlauch Leuchtschlauch Weihnachten ca 6m rot wei\u00df\" \/>\n<meta name=\"robots\" content=\"index, follow, max-snippet:-1, max-image-preview:large, max-video-preview:-1\" \/>\n<link rel=\"canonical\" href=\"https:\/\/marktxxl.de\/markt\/produkt\/bambelaa-led-lichterschlauch-zuckerstange-lichterkette-aussen-lichtschlauch-leuchtschlauch-weihnachten-ca-6m-rot-weiss\/\" \/>\n<meta property=\"og:locale\" content=\"de_DE\" \/>\n<meta property=\"og:type\" content=\"article\" \/>\n<meta property=\"og:title\" content=\"Bambelaa! LED Lichterschlauch Zuckerstange Lichterkette au\u00dfen Lichtschlauch Leuchtschlauch Weihnachten ca 6m rot wei\u00df - Markt-XXL\" \/>\n<meta property=\"og:description\" content=\"Markt-XXL Bambelaa! LED Lichterschlauch Zuckerstange Lichterkette au\u00dfen Lichtschlauch Leuchtschlauch Weihnachten ca 6m rot wei\u00df\" \/>\n<meta property=\"og:url\" content=\"https:\/\/marktxxl.de\/markt\/produkt\/bambelaa-led-lichterschlauch-zuckerstange-lichterkette-aussen-lichtschlauch-leuchtschlauch-weihnachten-ca-6m-rot-weiss\/\" \/>\n<meta property=\"og:site_name\" content=\"Markt-XXL\" \/>\n<meta property=\"article:modified_time\" content=\"2023-04-09T00:21:27+00:00\" \/>\n<meta property=\"og:image\" content=\"https:\/\/m.media-amazon.com\/images\/I\/51WnBgMYuiL._SL500_.jpg\" \/>\n\t<meta property=\"og:image:width\" content=\"500\" \/>\n\t<meta property=\"og:image:height\" content=\"450\" \/>\n\t<meta property=\"og:image:type\" content=\"image\/jpeg\" \/>\n<meta name=\"twitter:card\" content=\"summary_large_image\" \/>\n<meta name=\"twitter:label1\" content=\"Gesch\u00e4tzte Lesezeit\" \/>\n\t<meta name=\"twitter:data1\" content=\"1\u00a0Minute\" \/>\n<script type=\"application\/ld+json\" class=\"yoast-schema-graph\">{\"@context\":\"https:\\\/\\\/schema.org\",\"@graph\":[{\"@type\":\"WebPage\",\"@id\":\"https:\\\/\\\/marktxxl.de\\\/markt\\\/produkt\\\/bambelaa-led-lichterschlauch-zuckerstange-lichterkette-aussen-lichtschlauch-leuchtschlauch-weihnachten-ca-6m-rot-weiss\\\/\",\"url\":\"https:\\\/\\\/marktxxl.de\\\/markt\\\/produkt\\\/bambelaa-led-lichterschlauch-zuckerstange-lichterkette-aussen-lichtschlauch-leuchtschlauch-weihnachten-ca-6m-rot-weiss\\\/\",\"name\":\"Bambelaa! LED Lichterschlauch Zuckerstange Lichterkette au\u00dfen Lichtschlauch Leuchtschlauch Weihnachten ca 6m rot wei\u00df - Markt-XXL\",\"isPartOf\":{\"@id\":\"https:\\\/\\\/marktxxl.de\\\/markt\\\/#website\"},\"primaryImageOfPage\":{\"@id\":\"https:\\\/\\\/marktxxl.de\\\/markt\\\/produkt\\\/bambelaa-led-lichterschlauch-zuckerstange-lichterkette-aussen-lichtschlauch-leuchtschlauch-weihnachten-ca-6m-rot-weiss\\\/#primaryimage\"},\"image\":{\"@id\":\"https:\\\/\\\/marktxxl.de\\\/markt\\\/produkt\\\/bambelaa-led-lichterschlauch-zuckerstange-lichterkette-aussen-lichtschlauch-leuchtschlauch-weihnachten-ca-6m-rot-weiss\\\/#primaryimage\"},\"thumbnailUrl\":\"https:\\\/\\\/m.media-amazon.com\\\/images\\\/I\\\/51WnBgMYuiL._SL500_.jpg\",\"datePublished\":\"2021-11-13T00:42:39+00:00\",\"dateModified\":\"2023-04-09T00:21:27+00:00\",\"description\":\"Markt-XXL Bambelaa! LED Lichterschlauch Zuckerstange Lichterkette au\u00dfen Lichtschlauch Leuchtschlauch Weihnachten ca 6m rot wei\u00df\",\"breadcrumb\":{\"@id\":\"https:\\\/\\\/marktxxl.de\\\/markt\\\/produkt\\\/bambelaa-led-lichterschlauch-zuckerstange-lichterkette-aussen-lichtschlauch-leuchtschlauch-weihnachten-ca-6m-rot-weiss\\\/#breadcrumb\"},\"inLanguage\":\"de\",\"potentialAction\":[{\"@type\":\"ReadAction\",\"target\":[\"https:\\\/\\\/marktxxl.de\\\/markt\\\/produkt\\\/bambelaa-led-lichterschlauch-zuckerstange-lichterkette-aussen-lichtschlauch-leuchtschlauch-weihnachten-ca-6m-rot-weiss\\\/\"]}]},{\"@type\":\"ImageObject\",\"inLanguage\":\"de\",\"@id\":\"https:\\\/\\\/marktxxl.de\\\/markt\\\/produkt\\\/bambelaa-led-lichterschlauch-zuckerstange-lichterkette-aussen-lichtschlauch-leuchtschlauch-weihnachten-ca-6m-rot-weiss\\\/#primaryimage\",\"url\":\"https:\\\/\\\/m.media-amazon.com\\\/images\\\/I\\\/51WnBgMYuiL._SL500_.jpg\",\"contentUrl\":\"https:\\\/\\\/m.media-amazon.com\\\/images\\\/I\\\/51WnBgMYuiL._SL500_.jpg\",\"width\":500,\"height\":450},{\"@type\":\"BreadcrumbList\",\"@id\":\"https:\\\/\\\/marktxxl.de\\\/markt\\\/produkt\\\/bambelaa-led-lichterschlauch-zuckerstange-lichterkette-aussen-lichtschlauch-leuchtschlauch-weihnachten-ca-6m-rot-weiss\\\/#breadcrumb\",\"itemListElement\":[{\"@type\":\"ListItem\",\"position\":1,\"name\":\"Startseite\",\"item\":\"https:\\\/\\\/marktxxl.de\\\/markt\\\/\"},{\"@type\":\"ListItem\",\"position\":2,\"name\":\"Markt\",\"item\":\"https:\\\/\\\/marktxxl.de\\\/markt\\\/\"},{\"@type\":\"ListItem\",\"position\":3,\"name\":\"Bambelaa! LED Lichterschlauch Zuckerstange Lichterkette au\u00dfen Lichtschlauch Leuchtschlauch Weihnachten ca 6m rot wei\u00df\"}]},{\"@type\":\"WebSite\",\"@id\":\"https:\\\/\\\/marktxxl.de\\\/markt\\\/#website\",\"url\":\"https:\\\/\\\/marktxxl.de\\\/markt\\\/\",\"name\":\"Markt-XXL\",\"description\":\"Ihr Markt Online\",\"publisher\":{\"@id\":\"https:\\\/\\\/marktxxl.de\\\/markt\\\/#organization\"},\"potentialAction\":[{\"@type\":\"SearchAction\",\"target\":{\"@type\":\"EntryPoint\",\"urlTemplate\":\"https:\\\/\\\/marktxxl.de\\\/markt\\\/?s={search_term_string}\"},\"query-input\":{\"@type\":\"PropertyValueSpecification\",\"valueRequired\":true,\"valueName\":\"search_term_string\"}}],\"inLanguage\":\"de\"},{\"@type\":\"Organization\",\"@id\":\"https:\\\/\\\/marktxxl.de\\\/markt\\\/#organization\",\"name\":\"Markt-XXL\",\"url\":\"https:\\\/\\\/marktxxl.de\\\/markt\\\/\",\"logo\":{\"@type\":\"ImageObject\",\"inLanguage\":\"de\",\"@id\":\"https:\\\/\\\/marktxxl.de\\\/markt\\\/#\\\/schema\\\/logo\\\/image\\\/\",\"url\":\"https:\\\/\\\/marktxxl.de\\\/markt\\\/wp-content\\\/uploads\\\/sites\\\/3\\\/2020\\\/12\\\/logo.png\",\"contentUrl\":\"https:\\\/\\\/marktxxl.de\\\/markt\\\/wp-content\\\/uploads\\\/sites\\\/3\\\/2020\\\/12\\\/logo.png\",\"width\":200,\"height\":70,\"caption\":\"Markt-XXL\"},\"image\":{\"@id\":\"https:\\\/\\\/marktxxl.de\\\/markt\\\/#\\\/schema\\\/logo\\\/image\\\/\"}}]}<\/script>\n<!-- \/ Yoast SEO plugin. -->","yoast_head_json":{"title":"Bambelaa! LED Lichterschlauch Zuckerstange Lichterkette au\u00dfen Lichtschlauch Leuchtschlauch Weihnachten ca 6m rot wei\u00df - Markt-XXL","description":"Markt-XXL Bambelaa! LED Lichterschlauch Zuckerstange Lichterkette au\u00dfen Lichtschlauch Leuchtschlauch Weihnachten ca 6m rot wei\u00df","robots":{"index":"index","follow":"follow","max-snippet":"max-snippet:-1","max-image-preview":"max-image-preview:large","max-video-preview":"max-video-preview:-1"},"canonical":"https:\/\/marktxxl.de\/markt\/produkt\/bambelaa-led-lichterschlauch-zuckerstange-lichterkette-aussen-lichtschlauch-leuchtschlauch-weihnachten-ca-6m-rot-weiss\/","og_locale":"de_DE","og_type":"article","og_title":"Bambelaa! LED Lichterschlauch Zuckerstange Lichterkette au\u00dfen Lichtschlauch Leuchtschlauch Weihnachten ca 6m rot wei\u00df - Markt-XXL","og_description":"Markt-XXL Bambelaa! LED Lichterschlauch Zuckerstange Lichterkette au\u00dfen Lichtschlauch Leuchtschlauch Weihnachten ca 6m rot wei\u00df","og_url":"https:\/\/marktxxl.de\/markt\/produkt\/bambelaa-led-lichterschlauch-zuckerstange-lichterkette-aussen-lichtschlauch-leuchtschlauch-weihnachten-ca-6m-rot-weiss\/","og_site_name":"Markt-XXL","article_modified_time":"2023-04-09T00:21:27+00:00","og_image":[{"width":500,"height":450,"url":"https:\/\/m.media-amazon.com\/images\/I\/51WnBgMYuiL._SL500_.jpg","type":"image\/jpeg"}],"twitter_card":"summary_large_image","twitter_misc":{"Gesch\u00e4tzte Lesezeit":"1\u00a0Minute"},"schema":{"@context":"https:\/\/schema.org","@graph":[{"@type":"WebPage","@id":"https:\/\/marktxxl.de\/markt\/produkt\/bambelaa-led-lichterschlauch-zuckerstange-lichterkette-aussen-lichtschlauch-leuchtschlauch-weihnachten-ca-6m-rot-weiss\/","url":"https:\/\/marktxxl.de\/markt\/produkt\/bambelaa-led-lichterschlauch-zuckerstange-lichterkette-aussen-lichtschlauch-leuchtschlauch-weihnachten-ca-6m-rot-weiss\/","name":"Bambelaa! LED Lichterschlauch Zuckerstange Lichterkette au\u00dfen Lichtschlauch Leuchtschlauch Weihnachten ca 6m rot wei\u00df - Markt-XXL","isPartOf":{"@id":"https:\/\/marktxxl.de\/markt\/#website"},"primaryImageOfPage":{"@id":"https:\/\/marktxxl.de\/markt\/produkt\/bambelaa-led-lichterschlauch-zuckerstange-lichterkette-aussen-lichtschlauch-leuchtschlauch-weihnachten-ca-6m-rot-weiss\/#primaryimage"},"image":{"@id":"https:\/\/marktxxl.de\/markt\/produkt\/bambelaa-led-lichterschlauch-zuckerstange-lichterkette-aussen-lichtschlauch-leuchtschlauch-weihnachten-ca-6m-rot-weiss\/#primaryimage"},"thumbnailUrl":"https:\/\/m.media-amazon.com\/images\/I\/51WnBgMYuiL._SL500_.jpg","datePublished":"2021-11-13T00:42:39+00:00","dateModified":"2023-04-09T00:21:27+00:00","description":"Markt-XXL Bambelaa! LED Lichterschlauch Zuckerstange Lichterkette au\u00dfen Lichtschlauch Leuchtschlauch Weihnachten ca 6m rot wei\u00df","breadcrumb":{"@id":"https:\/\/marktxxl.de\/markt\/produkt\/bambelaa-led-lichterschlauch-zuckerstange-lichterkette-aussen-lichtschlauch-leuchtschlauch-weihnachten-ca-6m-rot-weiss\/#breadcrumb"},"inLanguage":"de","potentialAction":[{"@type":"ReadAction","target":["https:\/\/marktxxl.de\/markt\/produkt\/bambelaa-led-lichterschlauch-zuckerstange-lichterkette-aussen-lichtschlauch-leuchtschlauch-weihnachten-ca-6m-rot-weiss\/"]}]},{"@type":"ImageObject","inLanguage":"de","@id":"https:\/\/marktxxl.de\/markt\/produkt\/bambelaa-led-lichterschlauch-zuckerstange-lichterkette-aussen-lichtschlauch-leuchtschlauch-weihnachten-ca-6m-rot-weiss\/#primaryimage","url":"https:\/\/m.media-amazon.com\/images\/I\/51WnBgMYuiL._SL500_.jpg","contentUrl":"https:\/\/m.media-amazon.com\/images\/I\/51WnBgMYuiL._SL500_.jpg","width":500,"height":450},{"@type":"BreadcrumbList","@id":"https:\/\/marktxxl.de\/markt\/produkt\/bambelaa-led-lichterschlauch-zuckerstange-lichterkette-aussen-lichtschlauch-leuchtschlauch-weihnachten-ca-6m-rot-weiss\/#breadcrumb","itemListElement":[{"@type":"ListItem","position":1,"name":"Startseite","item":"https:\/\/marktxxl.de\/markt\/"},{"@type":"ListItem","position":2,"name":"Markt","item":"https:\/\/marktxxl.de\/markt\/"},{"@type":"ListItem","position":3,"name":"Bambelaa! LED Lichterschlauch Zuckerstange Lichterkette au\u00dfen Lichtschlauch Leuchtschlauch Weihnachten ca 6m rot wei\u00df"}]},{"@type":"WebSite","@id":"https:\/\/marktxxl.de\/markt\/#website","url":"https:\/\/marktxxl.de\/markt\/","name":"Markt-XXL","description":"Ihr Markt Online","publisher":{"@id":"https:\/\/marktxxl.de\/markt\/#organization"},"potentialAction":[{"@type":"SearchAction","target":{"@type":"EntryPoint","urlTemplate":"https:\/\/marktxxl.de\/markt\/?s={search_term_string}"},"query-input":{"@type":"PropertyValueSpecification","valueRequired":true,"valueName":"search_term_string"}}],"inLanguage":"de"},{"@type":"Organization","@id":"https:\/\/marktxxl.de\/markt\/#organization","name":"Markt-XXL","url":"https:\/\/marktxxl.de\/markt\/","logo":{"@type":"ImageObject","inLanguage":"de","@id":"https:\/\/marktxxl.de\/markt\/#\/schema\/logo\/image\/","url":"https:\/\/marktxxl.de\/markt\/wp-content\/uploads\/sites\/3\/2020\/12\/logo.png","contentUrl":"https:\/\/marktxxl.de\/markt\/wp-content\/uploads\/sites\/3\/2020\/12\/logo.png","width":200,"height":70,"caption":"Markt-XXL"},"image":{"@id":"https:\/\/marktxxl.de\/markt\/#\/schema\/logo\/image\/"}}]}},"_links":{"self":[{"href":"https:\/\/marktxxl.de\/markt\/wp-json\/wp\/v2\/product\/74438","targetHints":{"allow":["GET"]}}],"collection":[{"href":"https:\/\/marktxxl.de\/markt\/wp-json\/wp\/v2\/product"}],"about":[{"href":"https:\/\/marktxxl.de\/markt\/wp-json\/wp\/v2\/types\/product"}],"replies":[{"embeddable":true,"href":"https:\/\/marktxxl.de\/markt\/wp-json\/wp\/v2\/comments?post=74438"}],"wp:featuredmedia":[{"embeddable":true,"href":"https:\/\/marktxxl.de\/markt\/wp-json\/wp\/v2\/media\/74439"}],"wp:attachment":[{"href":"https:\/\/marktxxl.de\/markt\/wp-json\/wp\/v2\/media?parent=74438"}],"wp:term":[{"taxonomy":"product_brand","embeddable":true,"href":"https:\/\/marktxxl.de\/markt\/wp-json\/wp\/v2\/product_brand?post=74438"},{"taxonomy":"product_cat","embeddable":true,"href":"https:\/\/marktxxl.de\/markt\/wp-json\/wp\/v2\/product_cat?post=74438"},{"taxonomy":"product_tag","embeddable":true,"href":"https:\/\/marktxxl.de\/markt\/wp-json\/wp\/v2\/product_tag?post=74438"}],"curies":[{"name":"wp","href":"https:\/\/api.w.org\/{rel}","templated":true}]}}