{"id":74343,"date":"2021-11-13T01:39:43","date_gmt":"2021-11-13T00:39:43","guid":{"rendered":"https:\/\/marktxxl.de\/markt\/produkt\/weihnachten-led-projektorlampeyinama-18-folien-muster-mit-halloween-wasserdicht-projektorlampe-mit-fernbedienung-2-in-1-rotierende-wasserwellen-licht-projektor-fuer-weihnachtenfamilienfeiernparty\/"},"modified":"2023-04-09T02:21:23","modified_gmt":"2023-04-09T00:21:23","slug":"weihnachten-led-projektorlampeyinama-18-folien-muster-mit-halloween-wasserdicht-projektorlampe-mit-fernbedienung-2-in-1-rotierende-wasserwellen-licht-projektor-fuer-weihnachtenfamilienfeiernparty","status":"publish","type":"product","link":"https:\/\/marktxxl.de\/markt\/produkt\/weihnachten-led-projektorlampeyinama-18-folien-muster-mit-halloween-wasserdicht-projektorlampe-mit-fernbedienung-2-in-1-rotierende-wasserwellen-licht-projektor-fuer-weihnachtenfamilienfeiernparty\/","title":{"rendered":"Weihnachten LED Projektorlampe,YINAMA 18 Folien Muster mit Halloween Wasserdicht Projektorlampe mit Fernbedienung 2-in-1\u2026"},"content":{"rendered":"<p>\u30102 in 1 Doppelr\u00f6hren-LED-Projektorlampe\u3011Die YINAMA LED-Weihnachtsprojektorlampe ist mit 18 exquisiten Mustern ausgestattet, mit zwei Projektionslinsen reicht die Wasserwellenlampe aus, um ein sch\u00f6nes Zuhause oder Ihren gesamten Raum zu dekorieren und die Halloween- \/ Weihnachtsstimmung und den Spa\u00df zu steigern.<br \/>\n\u3010Ausgestattet mit 18 exquisiten Mustern\u3011Kombinierte Beamer mit Diashow Weihnachtsb\u00e4ume, Halloween-Geister, K\u00fcrbisse, Geburtstagstorten, Herzen, Schneeflocken, David-Hirsche, Ostereier, Weihnachtsmann usw.<br \/>\n\u3010Fernbedienung und Timer\u3011Die Halloween\/Weihnachtsdekoration LIGHT LED Projektionslampe ist mit einer Multifunktions-Funkfernbedienung ausgestattet, mit der sich der Rotationsmodus \u00e4ndern l\u00e4sst: ON\/OFF, FLASH+, FLASH-, MOTOR+, MOTOR-. Die Fernbedienung verf\u00fcgt \u00fcber einen Projektionsmodus mit Timerfunktion: 2 Stunden, 4 Stunden, 6 Stunden, einfach zu bedienen, Sie m\u00fcssen sie nicht einmal absichtlich ein- oder ausschalten.<br \/>\n\u3010Anwendbarkeit von Innen- und Au\u00dfeninstallationsmethoden\u3011Der Weihnachtsprojektor hat zwei Installationsmethoden: einen runden Sockel und einen langen unteren Stapel. Wenn Sie die Projektionslampe im Innenbereich installieren m\u00f6chten, verwenden Sie bitte den runden Sockel, um den Boden zu platzieren oder an der Wand zu installieren. Wenn Sie die Projektorlampe im Freien installieren m\u00f6chten, stecken Sie einfach den Erdungsstab in den Boden.<br \/>\n\u3010Mehrere und exquisite Musterdekoration\u3011Der Projektor kann als Halloween-Partybeleuchtung, Weihnachtsbeleuchtung, dekorative Beleuchtung, Geburtstagsbeleuchtung verwendet werden und bringt mehr Spa\u00df auf Ihre Weihnachts-, Familienfeiern und Partys. Es wird h\u00e4ufig zu Weihnachten, Halloween, Hochzeiten, Familienfeiern usw. verwendet. Die Wasserwellenlampe reicht aus, um ein sch\u00f6nes Zuhause oder Ihren Eingangsbereich oder Ihre Au\u00dfendekorationswand zu dekorieren.<br \/>\n\u3010After-Sales und Zertifizierung\u3011YINAMA unterst\u00fctzt 12 Monate After-Sales-Service. Wenn Sie Fragen zu unserer YINAMA Halloween \/ Christmas LED-Projektionslampe haben, k\u00f6nnen Sie sich jederzeit an uns wenden, und wir bieten Ihnen den besten After-Sales-Service! Unsere Weihnachtsprojektionslichter haben eine CE-Zertifizierung, Sie k\u00f6nnen sie mit Vertrauen kaufen.<br \/>\n<div class=\"main-cross-sell\" data-asin=\"B0997XL3P6\">\n\n\t<div class=\"WooZone-cross-sell-loader\">\n\t\t<div>\n\t\t\t<div id=\"floatingBarsG\">\n\t\t\t\t<div class=\"blockG\" id=\"rotateG_01\"><\/div>\n\t\t\t\t<div class=\"blockG\" id=\"rotateG_02\"><\/div>\n\t\t\t\t<div class=\"blockG\" id=\"rotateG_03\"><\/div>\n\t\t\t\t<div class=\"blockG\" id=\"rotateG_04\"><\/div>\n\t\t\t\t<div class=\"blockG\" id=\"rotateG_05\"><\/div>\n\t\t\t\t<div class=\"blockG\" id=\"rotateG_06\"><\/div>\n\t\t\t\t<div class=\"blockG\" id=\"rotateG_07\"><\/div>\n\t\t\t\t<div class=\"blockG\" id=\"rotateG_08\"><\/div>\n\t\t\t<\/div>\n\t\t\t<div class=\"WooZone-cross-sell-loader-text\"><\/div>\n\t\t<\/div>\n\t<\/div>\n\n\t\t\n<\/div>\n<div style=\"clear:both;\"><\/div><\/p>\n","protected":false},"excerpt":{"rendered":"<p>\u30102 in 1 Doppelr\u00f6hren-LED-Projektorlampe\u3011Die YINAMA LED-Weihnachtsprojektorlampe ist mit 18 exquisiten Mustern ausgestattet, mit zwei Projektionslinsen reicht die Wasserwellenlampe aus, um ein sch\u00f6nes Zuhause oder Ihren gesamten Raum zu dekorieren und die Halloween- \/ Weihnachtsstimmung und den Spa\u00df zu steigern.<br \/>\n\u3010Ausgestattet mit 18 exquisiten Mustern\u3011Kombinierte Beamer mit Diashow Weihnachtsb\u00e4ume, Halloween-Geister, K\u00fcrbisse, Geburtstagstorten, Herzen, Schneeflocken, David-Hirsche, Ostereier, Weihnachtsmann usw.<br \/>\n\u3010Fernbedienung und Timer\u3011Die Halloween\/Weihnachtsdekoration LIGHT LED Projektionslampe ist mit einer Multifunktions-Funkfernbedienung ausgestattet, mit der sich der Rotationsmodus \u00e4ndern l\u00e4sst: ON\/OFF, FLASH+, FLASH-, MOTOR+, MOTOR-. Die Fernbedienung verf\u00fcgt \u00fcber einen Projektionsmodus mit Timerfunktion: 2 Stunden, 4 Stunden, 6 Stunden, einfach zu bedienen, Sie m\u00fcssen sie nicht einmal absichtlich ein- oder ausschalten.<\/p>\n","protected":false},"featured_media":74344,"comment_status":"open","ping_status":"closed","template":"","meta":[],"product_brand":[],"product_cat":[2108,15622],"product_tag":[],"class_list":{"0":"post-74343","1":"product","2":"type-product","3":"status-publish","4":"has-post-thumbnail","6":"product_cat-beleuchtung","7":"product_cat-lichterketten","8":"pa_binding-elektronik","9":"pa_brand-yinama","10":"pa_manufacturer-yinama","12":"first","13":"instock","14":"shipping-taxable","15":"purchasable","16":"product-type-simple","17":"customify-col","18":"product-has-gallery"},"yoast_head":"<!-- This site is optimized with the Yoast SEO plugin v27.4 - https:\/\/yoast.com\/product\/yoast-seo-wordpress\/ -->\n<title>Weihnachten LED Projektorlampe,YINAMA 18 Folien Muster mit Halloween Wasserdicht Projektorlampe mit Fernbedienung 2-in-1\u2026 - Markt-XXL<\/title>\n<meta name=\"description\" content=\"Markt-XXL Weihnachten LED Projektorlampe,YINAMA 18 Folien Muster mit Halloween Wasserdicht Projektorlampe mit Fernbedienung 2-in-1\u2026\" \/>\n<meta name=\"robots\" content=\"index, follow, max-snippet:-1, max-image-preview:large, max-video-preview:-1\" \/>\n<link rel=\"canonical\" href=\"https:\/\/marktxxl.de\/markt\/produkt\/weihnachten-led-projektorlampeyinama-18-folien-muster-mit-halloween-wasserdicht-projektorlampe-mit-fernbedienung-2-in-1-rotierende-wasserwellen-licht-projektor-fuer-weihnachtenfamilienfeiernparty\/\" \/>\n<meta property=\"og:locale\" content=\"de_DE\" \/>\n<meta property=\"og:type\" content=\"article\" \/>\n<meta property=\"og:title\" content=\"Weihnachten LED Projektorlampe,YINAMA 18 Folien Muster mit Halloween Wasserdicht Projektorlampe mit Fernbedienung 2-in-1\u2026 - Markt-XXL\" \/>\n<meta property=\"og:description\" content=\"Markt-XXL Weihnachten LED Projektorlampe,YINAMA 18 Folien Muster mit Halloween Wasserdicht Projektorlampe mit Fernbedienung 2-in-1\u2026\" \/>\n<meta property=\"og:url\" content=\"https:\/\/marktxxl.de\/markt\/produkt\/weihnachten-led-projektorlampeyinama-18-folien-muster-mit-halloween-wasserdicht-projektorlampe-mit-fernbedienung-2-in-1-rotierende-wasserwellen-licht-projektor-fuer-weihnachtenfamilienfeiernparty\/\" \/>\n<meta property=\"og:site_name\" content=\"Markt-XXL\" \/>\n<meta property=\"article:modified_time\" content=\"2023-04-09T00:21:23+00:00\" \/>\n<meta property=\"og:image\" content=\"https:\/\/m.media-amazon.com\/images\/I\/61UAgbWx1wL._SL500_.jpg\" \/>\n\t<meta property=\"og:image:width\" content=\"500\" \/>\n\t<meta property=\"og:image:height\" content=\"500\" \/>\n\t<meta property=\"og:image:type\" content=\"image\/jpeg\" \/>\n<meta name=\"twitter:card\" content=\"summary_large_image\" \/>\n<meta name=\"twitter:label1\" content=\"Gesch\u00e4tzte Lesezeit\" \/>\n\t<meta name=\"twitter:data1\" content=\"1\u00a0Minute\" \/>\n<script type=\"application\/ld+json\" class=\"yoast-schema-graph\">{\"@context\":\"https:\\\/\\\/schema.org\",\"@graph\":[{\"@type\":\"WebPage\",\"@id\":\"https:\\\/\\\/marktxxl.de\\\/markt\\\/produkt\\\/weihnachten-led-projektorlampeyinama-18-folien-muster-mit-halloween-wasserdicht-projektorlampe-mit-fernbedienung-2-in-1-rotierende-wasserwellen-licht-projektor-fuer-weihnachtenfamilienfeiernparty\\\/\",\"url\":\"https:\\\/\\\/marktxxl.de\\\/markt\\\/produkt\\\/weihnachten-led-projektorlampeyinama-18-folien-muster-mit-halloween-wasserdicht-projektorlampe-mit-fernbedienung-2-in-1-rotierende-wasserwellen-licht-projektor-fuer-weihnachtenfamilienfeiernparty\\\/\",\"name\":\"Weihnachten LED Projektorlampe,YINAMA 18 Folien Muster mit Halloween Wasserdicht Projektorlampe mit Fernbedienung 2-in-1\u2026 - Markt-XXL\",\"isPartOf\":{\"@id\":\"https:\\\/\\\/marktxxl.de\\\/markt\\\/#website\"},\"primaryImageOfPage\":{\"@id\":\"https:\\\/\\\/marktxxl.de\\\/markt\\\/produkt\\\/weihnachten-led-projektorlampeyinama-18-folien-muster-mit-halloween-wasserdicht-projektorlampe-mit-fernbedienung-2-in-1-rotierende-wasserwellen-licht-projektor-fuer-weihnachtenfamilienfeiernparty\\\/#primaryimage\"},\"image\":{\"@id\":\"https:\\\/\\\/marktxxl.de\\\/markt\\\/produkt\\\/weihnachten-led-projektorlampeyinama-18-folien-muster-mit-halloween-wasserdicht-projektorlampe-mit-fernbedienung-2-in-1-rotierende-wasserwellen-licht-projektor-fuer-weihnachtenfamilienfeiernparty\\\/#primaryimage\"},\"thumbnailUrl\":\"https:\\\/\\\/m.media-amazon.com\\\/images\\\/I\\\/61UAgbWx1wL._SL500_.jpg\",\"datePublished\":\"2021-11-13T00:39:43+00:00\",\"dateModified\":\"2023-04-09T00:21:23+00:00\",\"description\":\"Markt-XXL Weihnachten LED Projektorlampe,YINAMA 18 Folien Muster mit Halloween Wasserdicht Projektorlampe mit Fernbedienung 2-in-1\u2026\",\"breadcrumb\":{\"@id\":\"https:\\\/\\\/marktxxl.de\\\/markt\\\/produkt\\\/weihnachten-led-projektorlampeyinama-18-folien-muster-mit-halloween-wasserdicht-projektorlampe-mit-fernbedienung-2-in-1-rotierende-wasserwellen-licht-projektor-fuer-weihnachtenfamilienfeiernparty\\\/#breadcrumb\"},\"inLanguage\":\"de\",\"potentialAction\":[{\"@type\":\"ReadAction\",\"target\":[\"https:\\\/\\\/marktxxl.de\\\/markt\\\/produkt\\\/weihnachten-led-projektorlampeyinama-18-folien-muster-mit-halloween-wasserdicht-projektorlampe-mit-fernbedienung-2-in-1-rotierende-wasserwellen-licht-projektor-fuer-weihnachtenfamilienfeiernparty\\\/\"]}]},{\"@type\":\"ImageObject\",\"inLanguage\":\"de\",\"@id\":\"https:\\\/\\\/marktxxl.de\\\/markt\\\/produkt\\\/weihnachten-led-projektorlampeyinama-18-folien-muster-mit-halloween-wasserdicht-projektorlampe-mit-fernbedienung-2-in-1-rotierende-wasserwellen-licht-projektor-fuer-weihnachtenfamilienfeiernparty\\\/#primaryimage\",\"url\":\"https:\\\/\\\/m.media-amazon.com\\\/images\\\/I\\\/61UAgbWx1wL._SL500_.jpg\",\"contentUrl\":\"https:\\\/\\\/m.media-amazon.com\\\/images\\\/I\\\/61UAgbWx1wL._SL500_.jpg\",\"width\":500,\"height\":500},{\"@type\":\"BreadcrumbList\",\"@id\":\"https:\\\/\\\/marktxxl.de\\\/markt\\\/produkt\\\/weihnachten-led-projektorlampeyinama-18-folien-muster-mit-halloween-wasserdicht-projektorlampe-mit-fernbedienung-2-in-1-rotierende-wasserwellen-licht-projektor-fuer-weihnachtenfamilienfeiernparty\\\/#breadcrumb\",\"itemListElement\":[{\"@type\":\"ListItem\",\"position\":1,\"name\":\"Startseite\",\"item\":\"https:\\\/\\\/marktxxl.de\\\/markt\\\/\"},{\"@type\":\"ListItem\",\"position\":2,\"name\":\"Markt\",\"item\":\"https:\\\/\\\/marktxxl.de\\\/markt\\\/\"},{\"@type\":\"ListItem\",\"position\":3,\"name\":\"Weihnachten LED Projektorlampe,YINAMA 18 Folien Muster mit Halloween Wasserdicht Projektorlampe mit Fernbedienung 2-in-1\u2026\"}]},{\"@type\":\"WebSite\",\"@id\":\"https:\\\/\\\/marktxxl.de\\\/markt\\\/#website\",\"url\":\"https:\\\/\\\/marktxxl.de\\\/markt\\\/\",\"name\":\"Markt-XXL\",\"description\":\"Ihr Markt Online\",\"publisher\":{\"@id\":\"https:\\\/\\\/marktxxl.de\\\/markt\\\/#organization\"},\"potentialAction\":[{\"@type\":\"SearchAction\",\"target\":{\"@type\":\"EntryPoint\",\"urlTemplate\":\"https:\\\/\\\/marktxxl.de\\\/markt\\\/?s={search_term_string}\"},\"query-input\":{\"@type\":\"PropertyValueSpecification\",\"valueRequired\":true,\"valueName\":\"search_term_string\"}}],\"inLanguage\":\"de\"},{\"@type\":\"Organization\",\"@id\":\"https:\\\/\\\/marktxxl.de\\\/markt\\\/#organization\",\"name\":\"Markt-XXL\",\"url\":\"https:\\\/\\\/marktxxl.de\\\/markt\\\/\",\"logo\":{\"@type\":\"ImageObject\",\"inLanguage\":\"de\",\"@id\":\"https:\\\/\\\/marktxxl.de\\\/markt\\\/#\\\/schema\\\/logo\\\/image\\\/\",\"url\":\"https:\\\/\\\/marktxxl.de\\\/markt\\\/wp-content\\\/uploads\\\/sites\\\/3\\\/2020\\\/12\\\/logo.png\",\"contentUrl\":\"https:\\\/\\\/marktxxl.de\\\/markt\\\/wp-content\\\/uploads\\\/sites\\\/3\\\/2020\\\/12\\\/logo.png\",\"width\":200,\"height\":70,\"caption\":\"Markt-XXL\"},\"image\":{\"@id\":\"https:\\\/\\\/marktxxl.de\\\/markt\\\/#\\\/schema\\\/logo\\\/image\\\/\"}}]}<\/script>\n<!-- \/ Yoast SEO plugin. -->","yoast_head_json":{"title":"Weihnachten LED Projektorlampe,YINAMA 18 Folien Muster mit Halloween Wasserdicht Projektorlampe mit Fernbedienung 2-in-1\u2026 - Markt-XXL","description":"Markt-XXL Weihnachten LED Projektorlampe,YINAMA 18 Folien Muster mit Halloween Wasserdicht Projektorlampe mit Fernbedienung 2-in-1\u2026","robots":{"index":"index","follow":"follow","max-snippet":"max-snippet:-1","max-image-preview":"max-image-preview:large","max-video-preview":"max-video-preview:-1"},"canonical":"https:\/\/marktxxl.de\/markt\/produkt\/weihnachten-led-projektorlampeyinama-18-folien-muster-mit-halloween-wasserdicht-projektorlampe-mit-fernbedienung-2-in-1-rotierende-wasserwellen-licht-projektor-fuer-weihnachtenfamilienfeiernparty\/","og_locale":"de_DE","og_type":"article","og_title":"Weihnachten LED Projektorlampe,YINAMA 18 Folien Muster mit Halloween Wasserdicht Projektorlampe mit Fernbedienung 2-in-1\u2026 - Markt-XXL","og_description":"Markt-XXL Weihnachten LED Projektorlampe,YINAMA 18 Folien Muster mit Halloween Wasserdicht Projektorlampe mit Fernbedienung 2-in-1\u2026","og_url":"https:\/\/marktxxl.de\/markt\/produkt\/weihnachten-led-projektorlampeyinama-18-folien-muster-mit-halloween-wasserdicht-projektorlampe-mit-fernbedienung-2-in-1-rotierende-wasserwellen-licht-projektor-fuer-weihnachtenfamilienfeiernparty\/","og_site_name":"Markt-XXL","article_modified_time":"2023-04-09T00:21:23+00:00","og_image":[{"width":500,"height":500,"url":"https:\/\/m.media-amazon.com\/images\/I\/61UAgbWx1wL._SL500_.jpg","type":"image\/jpeg"}],"twitter_card":"summary_large_image","twitter_misc":{"Gesch\u00e4tzte Lesezeit":"1\u00a0Minute"},"schema":{"@context":"https:\/\/schema.org","@graph":[{"@type":"WebPage","@id":"https:\/\/marktxxl.de\/markt\/produkt\/weihnachten-led-projektorlampeyinama-18-folien-muster-mit-halloween-wasserdicht-projektorlampe-mit-fernbedienung-2-in-1-rotierende-wasserwellen-licht-projektor-fuer-weihnachtenfamilienfeiernparty\/","url":"https:\/\/marktxxl.de\/markt\/produkt\/weihnachten-led-projektorlampeyinama-18-folien-muster-mit-halloween-wasserdicht-projektorlampe-mit-fernbedienung-2-in-1-rotierende-wasserwellen-licht-projektor-fuer-weihnachtenfamilienfeiernparty\/","name":"Weihnachten LED Projektorlampe,YINAMA 18 Folien Muster mit Halloween Wasserdicht Projektorlampe mit Fernbedienung 2-in-1\u2026 - Markt-XXL","isPartOf":{"@id":"https:\/\/marktxxl.de\/markt\/#website"},"primaryImageOfPage":{"@id":"https:\/\/marktxxl.de\/markt\/produkt\/weihnachten-led-projektorlampeyinama-18-folien-muster-mit-halloween-wasserdicht-projektorlampe-mit-fernbedienung-2-in-1-rotierende-wasserwellen-licht-projektor-fuer-weihnachtenfamilienfeiernparty\/#primaryimage"},"image":{"@id":"https:\/\/marktxxl.de\/markt\/produkt\/weihnachten-led-projektorlampeyinama-18-folien-muster-mit-halloween-wasserdicht-projektorlampe-mit-fernbedienung-2-in-1-rotierende-wasserwellen-licht-projektor-fuer-weihnachtenfamilienfeiernparty\/#primaryimage"},"thumbnailUrl":"https:\/\/m.media-amazon.com\/images\/I\/61UAgbWx1wL._SL500_.jpg","datePublished":"2021-11-13T00:39:43+00:00","dateModified":"2023-04-09T00:21:23+00:00","description":"Markt-XXL Weihnachten LED Projektorlampe,YINAMA 18 Folien Muster mit Halloween Wasserdicht Projektorlampe mit Fernbedienung 2-in-1\u2026","breadcrumb":{"@id":"https:\/\/marktxxl.de\/markt\/produkt\/weihnachten-led-projektorlampeyinama-18-folien-muster-mit-halloween-wasserdicht-projektorlampe-mit-fernbedienung-2-in-1-rotierende-wasserwellen-licht-projektor-fuer-weihnachtenfamilienfeiernparty\/#breadcrumb"},"inLanguage":"de","potentialAction":[{"@type":"ReadAction","target":["https:\/\/marktxxl.de\/markt\/produkt\/weihnachten-led-projektorlampeyinama-18-folien-muster-mit-halloween-wasserdicht-projektorlampe-mit-fernbedienung-2-in-1-rotierende-wasserwellen-licht-projektor-fuer-weihnachtenfamilienfeiernparty\/"]}]},{"@type":"ImageObject","inLanguage":"de","@id":"https:\/\/marktxxl.de\/markt\/produkt\/weihnachten-led-projektorlampeyinama-18-folien-muster-mit-halloween-wasserdicht-projektorlampe-mit-fernbedienung-2-in-1-rotierende-wasserwellen-licht-projektor-fuer-weihnachtenfamilienfeiernparty\/#primaryimage","url":"https:\/\/m.media-amazon.com\/images\/I\/61UAgbWx1wL._SL500_.jpg","contentUrl":"https:\/\/m.media-amazon.com\/images\/I\/61UAgbWx1wL._SL500_.jpg","width":500,"height":500},{"@type":"BreadcrumbList","@id":"https:\/\/marktxxl.de\/markt\/produkt\/weihnachten-led-projektorlampeyinama-18-folien-muster-mit-halloween-wasserdicht-projektorlampe-mit-fernbedienung-2-in-1-rotierende-wasserwellen-licht-projektor-fuer-weihnachtenfamilienfeiernparty\/#breadcrumb","itemListElement":[{"@type":"ListItem","position":1,"name":"Startseite","item":"https:\/\/marktxxl.de\/markt\/"},{"@type":"ListItem","position":2,"name":"Markt","item":"https:\/\/marktxxl.de\/markt\/"},{"@type":"ListItem","position":3,"name":"Weihnachten LED Projektorlampe,YINAMA 18 Folien Muster mit Halloween Wasserdicht Projektorlampe mit Fernbedienung 2-in-1\u2026"}]},{"@type":"WebSite","@id":"https:\/\/marktxxl.de\/markt\/#website","url":"https:\/\/marktxxl.de\/markt\/","name":"Markt-XXL","description":"Ihr Markt Online","publisher":{"@id":"https:\/\/marktxxl.de\/markt\/#organization"},"potentialAction":[{"@type":"SearchAction","target":{"@type":"EntryPoint","urlTemplate":"https:\/\/marktxxl.de\/markt\/?s={search_term_string}"},"query-input":{"@type":"PropertyValueSpecification","valueRequired":true,"valueName":"search_term_string"}}],"inLanguage":"de"},{"@type":"Organization","@id":"https:\/\/marktxxl.de\/markt\/#organization","name":"Markt-XXL","url":"https:\/\/marktxxl.de\/markt\/","logo":{"@type":"ImageObject","inLanguage":"de","@id":"https:\/\/marktxxl.de\/markt\/#\/schema\/logo\/image\/","url":"https:\/\/marktxxl.de\/markt\/wp-content\/uploads\/sites\/3\/2020\/12\/logo.png","contentUrl":"https:\/\/marktxxl.de\/markt\/wp-content\/uploads\/sites\/3\/2020\/12\/logo.png","width":200,"height":70,"caption":"Markt-XXL"},"image":{"@id":"https:\/\/marktxxl.de\/markt\/#\/schema\/logo\/image\/"}}]}},"_links":{"self":[{"href":"https:\/\/marktxxl.de\/markt\/wp-json\/wp\/v2\/product\/74343","targetHints":{"allow":["GET"]}}],"collection":[{"href":"https:\/\/marktxxl.de\/markt\/wp-json\/wp\/v2\/product"}],"about":[{"href":"https:\/\/marktxxl.de\/markt\/wp-json\/wp\/v2\/types\/product"}],"replies":[{"embeddable":true,"href":"https:\/\/marktxxl.de\/markt\/wp-json\/wp\/v2\/comments?post=74343"}],"wp:featuredmedia":[{"embeddable":true,"href":"https:\/\/marktxxl.de\/markt\/wp-json\/wp\/v2\/media\/74344"}],"wp:attachment":[{"href":"https:\/\/marktxxl.de\/markt\/wp-json\/wp\/v2\/media?parent=74343"}],"wp:term":[{"taxonomy":"product_brand","embeddable":true,"href":"https:\/\/marktxxl.de\/markt\/wp-json\/wp\/v2\/product_brand?post=74343"},{"taxonomy":"product_cat","embeddable":true,"href":"https:\/\/marktxxl.de\/markt\/wp-json\/wp\/v2\/product_cat?post=74343"},{"taxonomy":"product_tag","embeddable":true,"href":"https:\/\/marktxxl.de\/markt\/wp-json\/wp\/v2\/product_tag?post=74343"}],"curies":[{"name":"wp","href":"https:\/\/api.w.org\/{rel}","templated":true}]}}