{"id":74185,"date":"2021-11-13T01:33:51","date_gmt":"2021-11-13T00:33:51","guid":{"rendered":"https:\/\/marktxxl.de\/markt\/produkt\/new-version-11-iron-man-arc-reactor-mk1with-led-light-tony-stark-has-a-heart-touch-sensitive-no-remote-control-requiredtotally-easy-assembly-usb-interface-with-display-case\/"},"modified":"2023-04-09T02:21:21","modified_gmt":"2023-04-09T00:21:21","slug":"new-version-11-iron-man-arc-reactor-mk1with-led-light-tony-stark-has-a-heart-touch-sensitive-no-remote-control-requiredtotally-easy-assembly-usb-interface-with-display-case","status":"publish","type":"product","link":"https:\/\/marktxxl.de\/markt\/produkt\/new-version-11-iron-man-arc-reactor-mk1with-led-light-tony-stark-has-a-heart-touch-sensitive-no-remote-control-requiredtotally-easy-assembly-usb-interface-with-display-case\/","title":{"rendered":"New Version 1:1 Iron Man Arc Reactor MK1,with LED Light, Tony Stark has a Heart Touch Sensitive, No Remote Control\u2026"},"content":{"rendered":"<p>\u2714\u3010Touch-Sensing\u3011Das neue LED-Licht wird durch Vibrationsinduktion beleuchtet. Das blaue Licht schaltet sich ein, wenn Sie darauf tippen. Es verwandelt sich zweimal in einen Atemlichtmodus und schaltet das Licht dreimal aus.<br \/>\n\u2714 \u3010USB-Stromversorgungsdesign\u3011: Sie k\u00f6nnen den Ladeschatz, Computer, Ladekopf und so weiter einstecken. Inhalt: MK1 besteht aus f\u00fcnf Teilen: Chassis, Displaybox, LED, Halterung und Datenkabel Extra dicker Schwammschutz, keine Notwendigkeit, die Displaybox zu montieren.<br \/>\n\u2714 \u3010Einfach zu montieren\u3011Alles, was Sie tun mussten, war den Lichtbogenreaktor mit dem St\u00e4nder zu verbinden und das Geh\u00e4use aufzusetzen, was einfach zu finden ist. Es sieht genauso aus wie die im Film. Es ist eine sch\u00f6ne Hommage an Tony Stark.<br \/>\n\u2714 \u3010Material und Gr\u00f6\u00dfe\u3011 &#8211; Reaktor-Material: Polymer-Benzol + Legierung &#8211; Halterungsmaterial: Edelstahl &#8211; Basismaterial: ABS &#8211; Displaybox-Farbe: wie abgebildet &#8211; Display-Box-Material: Acryl-Plexiglas &#8211; Displaybox-Gr\u00f6\u00dfe: 15,5 x 15,5 x 18 cm &#8211; Reaktordurchmesser (inkl. Halterung): ca. 12,5 cm. Reaktorh\u00f6he (inkl. St\u00e4nder. Boden): ca. 16 cm<br \/>\n\u2714\u30101:1 Iron Man Arc Reactor MK1\u3011: Ein Muss f\u00fcr jeden Marvel-Fan. Egal f\u00fcr Ihren Freund oder Ihre Kinder, es ist das Beste. Ihre Zufriedenheit ist unsere gr\u00f6\u00dfte Freude, unser Produkt 100% Qualit\u00e4tssicherung, wenn Sie Fragen zu den Produkten haben, die Sie kaufen, kontaktieren Sie uns bitte rechtzeitig, wir werden unser Bestes versuchen, Ihnen zu helfen, zu l\u00f6sen.<br \/>\n<div class=\"main-cross-sell\" data-asin=\"B07Z635P4Y\">\n\n\t<div class=\"WooZone-cross-sell-loader\">\n\t\t<div>\n\t\t\t<div id=\"floatingBarsG\">\n\t\t\t\t<div class=\"blockG\" id=\"rotateG_01\"><\/div>\n\t\t\t\t<div class=\"blockG\" id=\"rotateG_02\"><\/div>\n\t\t\t\t<div class=\"blockG\" id=\"rotateG_03\"><\/div>\n\t\t\t\t<div class=\"blockG\" id=\"rotateG_04\"><\/div>\n\t\t\t\t<div class=\"blockG\" id=\"rotateG_05\"><\/div>\n\t\t\t\t<div class=\"blockG\" id=\"rotateG_06\"><\/div>\n\t\t\t\t<div class=\"blockG\" id=\"rotateG_07\"><\/div>\n\t\t\t\t<div class=\"blockG\" id=\"rotateG_08\"><\/div>\n\t\t\t<\/div>\n\t\t\t<div class=\"WooZone-cross-sell-loader-text\"><\/div>\n\t\t<\/div>\n\t<\/div>\n\n\t\t\n<\/div>\n<div style=\"clear:both;\"><\/div><\/p>\n","protected":false},"excerpt":{"rendered":"<p>\u2714\u3010Touch-Sensing\u3011Das neue LED-Licht wird durch Vibrationsinduktion beleuchtet. Das blaue Licht schaltet sich ein, wenn Sie darauf tippen. Es verwandelt sich zweimal in einen Atemlichtmodus und schaltet das Licht dreimal aus.<br \/>\n\u2714 \u3010USB-Stromversorgungsdesign\u3011: Sie k\u00f6nnen den Ladeschatz, Computer, Ladekopf und so weiter einstecken. Inhalt: MK1 besteht aus f\u00fcnf Teilen: Chassis, Displaybox, LED, Halterung und Datenkabel Extra dicker Schwammschutz, keine Notwendigkeit, die Displaybox zu montieren.<br \/>\n\u2714 \u3010Einfach zu montieren\u3011Alles, was Sie tun mussten, war den Lichtbogenreaktor mit dem St\u00e4nder zu verbinden und das Geh\u00e4use aufzusetzen, was einfach zu finden ist. Es sieht genauso aus wie die im Film. Es ist eine sch\u00f6ne Hommage an Tony Stark.<\/p>\n","protected":false},"featured_media":74186,"comment_status":"open","ping_status":"closed","template":"","meta":[],"product_brand":[],"product_cat":[2108,11521],"product_tag":[],"class_list":{"0":"post-74185","1":"product","2":"type-product","3":"status-publish","4":"has-post-thumbnail","6":"product_cat-beleuchtung","7":"product_cat-leuchtmittel","8":"pa_brand-hcm","9":"pa_color-a11","10":"pa_manufacturer-hcmy","11":"pa_size-1-stueck-1er-pack","13":"first","14":"instock","15":"shipping-taxable","16":"purchasable","17":"product-type-simple","18":"customify-col","19":"product-has-gallery"},"yoast_head":"<!-- This site is optimized with the Yoast SEO plugin v27.3 - https:\/\/yoast.com\/product\/yoast-seo-wordpress\/ -->\n<title>New Version 1:1 Iron Man Arc Reactor MK1,with LED Light, Tony Stark has a Heart Touch Sensitive, No Remote Control\u2026 - Markt-XXL<\/title>\n<meta name=\"description\" content=\"Markt-XXL New Version 1:1 Iron Man Arc Reactor MK1,with LED Light, Tony Stark has a Heart Touch Sensitive, No Remote Control\u2026\" \/>\n<meta name=\"robots\" content=\"index, follow, max-snippet:-1, max-image-preview:large, max-video-preview:-1\" \/>\n<link rel=\"canonical\" href=\"https:\/\/marktxxl.de\/markt\/produkt\/new-version-11-iron-man-arc-reactor-mk1with-led-light-tony-stark-has-a-heart-touch-sensitive-no-remote-control-requiredtotally-easy-assembly-usb-interface-with-display-case\/\" \/>\n<meta property=\"og:locale\" content=\"de_DE\" \/>\n<meta property=\"og:type\" content=\"article\" \/>\n<meta property=\"og:title\" content=\"New Version 1:1 Iron Man Arc Reactor MK1,with LED Light, Tony Stark has a Heart Touch Sensitive, No Remote Control\u2026 - Markt-XXL\" \/>\n<meta property=\"og:description\" content=\"Markt-XXL New Version 1:1 Iron Man Arc Reactor MK1,with LED Light, Tony Stark has a Heart Touch Sensitive, No Remote Control\u2026\" \/>\n<meta property=\"og:url\" content=\"https:\/\/marktxxl.de\/markt\/produkt\/new-version-11-iron-man-arc-reactor-mk1with-led-light-tony-stark-has-a-heart-touch-sensitive-no-remote-control-requiredtotally-easy-assembly-usb-interface-with-display-case\/\" \/>\n<meta property=\"og:site_name\" content=\"Markt-XXL\" \/>\n<meta property=\"article:modified_time\" content=\"2023-04-09T00:21:21+00:00\" \/>\n<meta property=\"og:image\" content=\"https:\/\/m.media-amazon.com\/images\/I\/41IbQDrVG-S._SL500_.jpg\" \/>\n\t<meta property=\"og:image:width\" content=\"500\" \/>\n\t<meta property=\"og:image:height\" content=\"469\" \/>\n\t<meta property=\"og:image:type\" content=\"image\/jpeg\" \/>\n<meta name=\"twitter:card\" content=\"summary_large_image\" \/>\n<meta name=\"twitter:label1\" content=\"Gesch\u00e4tzte Lesezeit\" \/>\n\t<meta name=\"twitter:data1\" content=\"1\u00a0Minute\" \/>\n<script type=\"application\/ld+json\" class=\"yoast-schema-graph\">{\"@context\":\"https:\\\/\\\/schema.org\",\"@graph\":[{\"@type\":\"WebPage\",\"@id\":\"https:\\\/\\\/marktxxl.de\\\/markt\\\/produkt\\\/new-version-11-iron-man-arc-reactor-mk1with-led-light-tony-stark-has-a-heart-touch-sensitive-no-remote-control-requiredtotally-easy-assembly-usb-interface-with-display-case\\\/\",\"url\":\"https:\\\/\\\/marktxxl.de\\\/markt\\\/produkt\\\/new-version-11-iron-man-arc-reactor-mk1with-led-light-tony-stark-has-a-heart-touch-sensitive-no-remote-control-requiredtotally-easy-assembly-usb-interface-with-display-case\\\/\",\"name\":\"New Version 1:1 Iron Man Arc Reactor MK1,with LED Light, Tony Stark has a Heart Touch Sensitive, No Remote Control\u2026 - Markt-XXL\",\"isPartOf\":{\"@id\":\"https:\\\/\\\/marktxxl.de\\\/markt\\\/#website\"},\"primaryImageOfPage\":{\"@id\":\"https:\\\/\\\/marktxxl.de\\\/markt\\\/produkt\\\/new-version-11-iron-man-arc-reactor-mk1with-led-light-tony-stark-has-a-heart-touch-sensitive-no-remote-control-requiredtotally-easy-assembly-usb-interface-with-display-case\\\/#primaryimage\"},\"image\":{\"@id\":\"https:\\\/\\\/marktxxl.de\\\/markt\\\/produkt\\\/new-version-11-iron-man-arc-reactor-mk1with-led-light-tony-stark-has-a-heart-touch-sensitive-no-remote-control-requiredtotally-easy-assembly-usb-interface-with-display-case\\\/#primaryimage\"},\"thumbnailUrl\":\"https:\\\/\\\/m.media-amazon.com\\\/images\\\/I\\\/41IbQDrVG-S._SL500_.jpg\",\"datePublished\":\"2021-11-13T00:33:51+00:00\",\"dateModified\":\"2023-04-09T00:21:21+00:00\",\"description\":\"Markt-XXL New Version 1:1 Iron Man Arc Reactor MK1,with LED Light, Tony Stark has a Heart Touch Sensitive, No Remote Control\u2026\",\"breadcrumb\":{\"@id\":\"https:\\\/\\\/marktxxl.de\\\/markt\\\/produkt\\\/new-version-11-iron-man-arc-reactor-mk1with-led-light-tony-stark-has-a-heart-touch-sensitive-no-remote-control-requiredtotally-easy-assembly-usb-interface-with-display-case\\\/#breadcrumb\"},\"inLanguage\":\"de\",\"potentialAction\":[{\"@type\":\"ReadAction\",\"target\":[\"https:\\\/\\\/marktxxl.de\\\/markt\\\/produkt\\\/new-version-11-iron-man-arc-reactor-mk1with-led-light-tony-stark-has-a-heart-touch-sensitive-no-remote-control-requiredtotally-easy-assembly-usb-interface-with-display-case\\\/\"]}]},{\"@type\":\"ImageObject\",\"inLanguage\":\"de\",\"@id\":\"https:\\\/\\\/marktxxl.de\\\/markt\\\/produkt\\\/new-version-11-iron-man-arc-reactor-mk1with-led-light-tony-stark-has-a-heart-touch-sensitive-no-remote-control-requiredtotally-easy-assembly-usb-interface-with-display-case\\\/#primaryimage\",\"url\":\"https:\\\/\\\/m.media-amazon.com\\\/images\\\/I\\\/41IbQDrVG-S._SL500_.jpg\",\"contentUrl\":\"https:\\\/\\\/m.media-amazon.com\\\/images\\\/I\\\/41IbQDrVG-S._SL500_.jpg\",\"width\":500,\"height\":469},{\"@type\":\"BreadcrumbList\",\"@id\":\"https:\\\/\\\/marktxxl.de\\\/markt\\\/produkt\\\/new-version-11-iron-man-arc-reactor-mk1with-led-light-tony-stark-has-a-heart-touch-sensitive-no-remote-control-requiredtotally-easy-assembly-usb-interface-with-display-case\\\/#breadcrumb\",\"itemListElement\":[{\"@type\":\"ListItem\",\"position\":1,\"name\":\"Startseite\",\"item\":\"https:\\\/\\\/marktxxl.de\\\/markt\\\/\"},{\"@type\":\"ListItem\",\"position\":2,\"name\":\"Markt\",\"item\":\"https:\\\/\\\/marktxxl.de\\\/markt\\\/\"},{\"@type\":\"ListItem\",\"position\":3,\"name\":\"New Version 1:1 Iron Man Arc Reactor MK1,with LED Light, Tony Stark has a Heart Touch Sensitive, No Remote Control\u2026\"}]},{\"@type\":\"WebSite\",\"@id\":\"https:\\\/\\\/marktxxl.de\\\/markt\\\/#website\",\"url\":\"https:\\\/\\\/marktxxl.de\\\/markt\\\/\",\"name\":\"Markt-XXL\",\"description\":\"Ihr Markt Online\",\"publisher\":{\"@id\":\"https:\\\/\\\/marktxxl.de\\\/markt\\\/#organization\"},\"potentialAction\":[{\"@type\":\"SearchAction\",\"target\":{\"@type\":\"EntryPoint\",\"urlTemplate\":\"https:\\\/\\\/marktxxl.de\\\/markt\\\/?s={search_term_string}\"},\"query-input\":{\"@type\":\"PropertyValueSpecification\",\"valueRequired\":true,\"valueName\":\"search_term_string\"}}],\"inLanguage\":\"de\"},{\"@type\":\"Organization\",\"@id\":\"https:\\\/\\\/marktxxl.de\\\/markt\\\/#organization\",\"name\":\"Markt-XXL\",\"url\":\"https:\\\/\\\/marktxxl.de\\\/markt\\\/\",\"logo\":{\"@type\":\"ImageObject\",\"inLanguage\":\"de\",\"@id\":\"https:\\\/\\\/marktxxl.de\\\/markt\\\/#\\\/schema\\\/logo\\\/image\\\/\",\"url\":\"https:\\\/\\\/marktxxl.de\\\/markt\\\/wp-content\\\/uploads\\\/sites\\\/3\\\/2020\\\/12\\\/logo.png\",\"contentUrl\":\"https:\\\/\\\/marktxxl.de\\\/markt\\\/wp-content\\\/uploads\\\/sites\\\/3\\\/2020\\\/12\\\/logo.png\",\"width\":200,\"height\":70,\"caption\":\"Markt-XXL\"},\"image\":{\"@id\":\"https:\\\/\\\/marktxxl.de\\\/markt\\\/#\\\/schema\\\/logo\\\/image\\\/\"}}]}<\/script>\n<!-- \/ Yoast SEO plugin. -->","yoast_head_json":{"title":"New Version 1:1 Iron Man Arc Reactor MK1,with LED Light, Tony Stark has a Heart Touch Sensitive, No Remote Control\u2026 - Markt-XXL","description":"Markt-XXL New Version 1:1 Iron Man Arc Reactor MK1,with LED Light, Tony Stark has a Heart Touch Sensitive, No Remote Control\u2026","robots":{"index":"index","follow":"follow","max-snippet":"max-snippet:-1","max-image-preview":"max-image-preview:large","max-video-preview":"max-video-preview:-1"},"canonical":"https:\/\/marktxxl.de\/markt\/produkt\/new-version-11-iron-man-arc-reactor-mk1with-led-light-tony-stark-has-a-heart-touch-sensitive-no-remote-control-requiredtotally-easy-assembly-usb-interface-with-display-case\/","og_locale":"de_DE","og_type":"article","og_title":"New Version 1:1 Iron Man Arc Reactor MK1,with LED Light, Tony Stark has a Heart Touch Sensitive, No Remote Control\u2026 - Markt-XXL","og_description":"Markt-XXL New Version 1:1 Iron Man Arc Reactor MK1,with LED Light, Tony Stark has a Heart Touch Sensitive, No Remote Control\u2026","og_url":"https:\/\/marktxxl.de\/markt\/produkt\/new-version-11-iron-man-arc-reactor-mk1with-led-light-tony-stark-has-a-heart-touch-sensitive-no-remote-control-requiredtotally-easy-assembly-usb-interface-with-display-case\/","og_site_name":"Markt-XXL","article_modified_time":"2023-04-09T00:21:21+00:00","og_image":[{"width":500,"height":469,"url":"https:\/\/m.media-amazon.com\/images\/I\/41IbQDrVG-S._SL500_.jpg","type":"image\/jpeg"}],"twitter_card":"summary_large_image","twitter_misc":{"Gesch\u00e4tzte Lesezeit":"1\u00a0Minute"},"schema":{"@context":"https:\/\/schema.org","@graph":[{"@type":"WebPage","@id":"https:\/\/marktxxl.de\/markt\/produkt\/new-version-11-iron-man-arc-reactor-mk1with-led-light-tony-stark-has-a-heart-touch-sensitive-no-remote-control-requiredtotally-easy-assembly-usb-interface-with-display-case\/","url":"https:\/\/marktxxl.de\/markt\/produkt\/new-version-11-iron-man-arc-reactor-mk1with-led-light-tony-stark-has-a-heart-touch-sensitive-no-remote-control-requiredtotally-easy-assembly-usb-interface-with-display-case\/","name":"New Version 1:1 Iron Man Arc Reactor MK1,with LED Light, Tony Stark has a Heart Touch Sensitive, No Remote Control\u2026 - Markt-XXL","isPartOf":{"@id":"https:\/\/marktxxl.de\/markt\/#website"},"primaryImageOfPage":{"@id":"https:\/\/marktxxl.de\/markt\/produkt\/new-version-11-iron-man-arc-reactor-mk1with-led-light-tony-stark-has-a-heart-touch-sensitive-no-remote-control-requiredtotally-easy-assembly-usb-interface-with-display-case\/#primaryimage"},"image":{"@id":"https:\/\/marktxxl.de\/markt\/produkt\/new-version-11-iron-man-arc-reactor-mk1with-led-light-tony-stark-has-a-heart-touch-sensitive-no-remote-control-requiredtotally-easy-assembly-usb-interface-with-display-case\/#primaryimage"},"thumbnailUrl":"https:\/\/m.media-amazon.com\/images\/I\/41IbQDrVG-S._SL500_.jpg","datePublished":"2021-11-13T00:33:51+00:00","dateModified":"2023-04-09T00:21:21+00:00","description":"Markt-XXL New Version 1:1 Iron Man Arc Reactor MK1,with LED Light, Tony Stark has a Heart Touch Sensitive, No Remote Control\u2026","breadcrumb":{"@id":"https:\/\/marktxxl.de\/markt\/produkt\/new-version-11-iron-man-arc-reactor-mk1with-led-light-tony-stark-has-a-heart-touch-sensitive-no-remote-control-requiredtotally-easy-assembly-usb-interface-with-display-case\/#breadcrumb"},"inLanguage":"de","potentialAction":[{"@type":"ReadAction","target":["https:\/\/marktxxl.de\/markt\/produkt\/new-version-11-iron-man-arc-reactor-mk1with-led-light-tony-stark-has-a-heart-touch-sensitive-no-remote-control-requiredtotally-easy-assembly-usb-interface-with-display-case\/"]}]},{"@type":"ImageObject","inLanguage":"de","@id":"https:\/\/marktxxl.de\/markt\/produkt\/new-version-11-iron-man-arc-reactor-mk1with-led-light-tony-stark-has-a-heart-touch-sensitive-no-remote-control-requiredtotally-easy-assembly-usb-interface-with-display-case\/#primaryimage","url":"https:\/\/m.media-amazon.com\/images\/I\/41IbQDrVG-S._SL500_.jpg","contentUrl":"https:\/\/m.media-amazon.com\/images\/I\/41IbQDrVG-S._SL500_.jpg","width":500,"height":469},{"@type":"BreadcrumbList","@id":"https:\/\/marktxxl.de\/markt\/produkt\/new-version-11-iron-man-arc-reactor-mk1with-led-light-tony-stark-has-a-heart-touch-sensitive-no-remote-control-requiredtotally-easy-assembly-usb-interface-with-display-case\/#breadcrumb","itemListElement":[{"@type":"ListItem","position":1,"name":"Startseite","item":"https:\/\/marktxxl.de\/markt\/"},{"@type":"ListItem","position":2,"name":"Markt","item":"https:\/\/marktxxl.de\/markt\/"},{"@type":"ListItem","position":3,"name":"New Version 1:1 Iron Man Arc Reactor MK1,with LED Light, Tony Stark has a Heart Touch Sensitive, No Remote Control\u2026"}]},{"@type":"WebSite","@id":"https:\/\/marktxxl.de\/markt\/#website","url":"https:\/\/marktxxl.de\/markt\/","name":"Markt-XXL","description":"Ihr Markt Online","publisher":{"@id":"https:\/\/marktxxl.de\/markt\/#organization"},"potentialAction":[{"@type":"SearchAction","target":{"@type":"EntryPoint","urlTemplate":"https:\/\/marktxxl.de\/markt\/?s={search_term_string}"},"query-input":{"@type":"PropertyValueSpecification","valueRequired":true,"valueName":"search_term_string"}}],"inLanguage":"de"},{"@type":"Organization","@id":"https:\/\/marktxxl.de\/markt\/#organization","name":"Markt-XXL","url":"https:\/\/marktxxl.de\/markt\/","logo":{"@type":"ImageObject","inLanguage":"de","@id":"https:\/\/marktxxl.de\/markt\/#\/schema\/logo\/image\/","url":"https:\/\/marktxxl.de\/markt\/wp-content\/uploads\/sites\/3\/2020\/12\/logo.png","contentUrl":"https:\/\/marktxxl.de\/markt\/wp-content\/uploads\/sites\/3\/2020\/12\/logo.png","width":200,"height":70,"caption":"Markt-XXL"},"image":{"@id":"https:\/\/marktxxl.de\/markt\/#\/schema\/logo\/image\/"}}]}},"_links":{"self":[{"href":"https:\/\/marktxxl.de\/markt\/wp-json\/wp\/v2\/product\/74185","targetHints":{"allow":["GET"]}}],"collection":[{"href":"https:\/\/marktxxl.de\/markt\/wp-json\/wp\/v2\/product"}],"about":[{"href":"https:\/\/marktxxl.de\/markt\/wp-json\/wp\/v2\/types\/product"}],"replies":[{"embeddable":true,"href":"https:\/\/marktxxl.de\/markt\/wp-json\/wp\/v2\/comments?post=74185"}],"wp:featuredmedia":[{"embeddable":true,"href":"https:\/\/marktxxl.de\/markt\/wp-json\/wp\/v2\/media\/74186"}],"wp:attachment":[{"href":"https:\/\/marktxxl.de\/markt\/wp-json\/wp\/v2\/media?parent=74185"}],"wp:term":[{"taxonomy":"product_brand","embeddable":true,"href":"https:\/\/marktxxl.de\/markt\/wp-json\/wp\/v2\/product_brand?post=74185"},{"taxonomy":"product_cat","embeddable":true,"href":"https:\/\/marktxxl.de\/markt\/wp-json\/wp\/v2\/product_cat?post=74185"},{"taxonomy":"product_tag","embeddable":true,"href":"https:\/\/marktxxl.de\/markt\/wp-json\/wp\/v2\/product_tag?post=74185"}],"curies":[{"name":"wp","href":"https:\/\/api.w.org\/{rel}","templated":true}]}}