{"id":73819,"date":"2021-11-13T01:15:32","date_gmt":"2021-11-13T00:15:32","guid":{"rendered":"https:\/\/marktxxl.de\/markt\/produkt\/nekano-lichterkette-aussen-2-stueck10m-led-lichterketten-warmweiss-lichterkette-batterie-mit-8-modi-timer-und-speicherfunktionip65-wasserdicht-fuer-balkon-garten-zimmer-weihnachten-innen-aussen-dek\/"},"modified":"2023-04-10T02:38:19","modified_gmt":"2023-04-10T00:38:19","slug":"nekano-lichterkette-aussen-2-stueck10m-led-lichterketten-warmweiss-lichterkette-batterie-mit-8-modi-timer-und-speicherfunktionip65-wasserdicht-fuer-balkon-garten-zimmer-weihnachten-innen-aussen-dek","status":"publish","type":"product","link":"https:\/\/marktxxl.de\/markt\/produkt\/nekano-lichterkette-aussen-2-stueck10m-led-lichterketten-warmweiss-lichterkette-batterie-mit-8-modi-timer-und-speicherfunktionip65-wasserdicht-fuer-balkon-garten-zimmer-weihnachten-innen-aussen-dek\/","title":{"rendered":"Nekano 2er Lichterkette 10M Party Deko Fenster Garten 100 LED Lichterketten Warmwei\u00df Lichterkette Batterie mit 8 Modi\u2026"},"content":{"rendered":"<p>?2 st\u00fcck Warmwei\u00dfe Lichterkette: Diese 10 Meter lange Lichterkette kann eine ausgezeichnete Ausleuchtung und eine w\u00e4rmende und romantische Atmosph\u00e4re in der Nacht erzeugen. Enth\u00e4lt 2 st\u00fcck Lichterketten, die Sie in verschiedene Formen anordnen k\u00f6nnen, um Ihr Haus zu dekorieren. Lichterkette innen sind ideal f\u00fcr die Dekoration von Schlafzimmern, Zimmern, Balkonen, Terrassen usw. F\u00fcgen Sie einen sch\u00f6nen charmanten Glanz zum Leben hinzu.<br \/>\n?8 Modi und Speicherfunktion: Die LED Lichterkette au\u00dfen mit 8 Beleuchtungsmodi (Kombination, in Welle, Sequentiell, Slo-Glo, Jagen\/Blitzen, langsames \u00dcberblenden, Funkeln\/Blitzen, Dauerlicht). Die verschiedenen Lichteffekte und Helligkeit k\u00f6nnen per Fernbedienung gesteuert werden. Mit der Speicherfunktion erinnert sich die LED Lichterketten an den letzten Einstellungsmodus, es muss nicht jedes Mal neu eingestellt werden.<br \/>\n?IP65 Wasserdichte Lichterkette: Der Kabelstrang ist IP65 wasserdicht und kann daher im Freien verwendet werden, um leichten Regen oder Spritzwasser standzuhalten. Das Batteriefach ist nach IP44 wasserdicht. Das wasserdichte Design macht LED Lichterkette zur besten Wahl f\u00fcr Innen- und Au\u00dfendekorationen. Beleuchteten Sie Partys, Weihnachten, Halloween, Feiertage, Hochzeiten, Valentinstag. Dekorieren Sie Ihren Garten, Ihre Veranda, Ihr Schlafzimmer und Ihre T\u00fcr.<br \/>\n?Lichterkette Batteriebetrieben, sichere Kleinspannung: Diese dekorative Lichterkette f\u00fcr den Innen- und Au\u00dfenbereich ben\u00f6tigt 3 AA-Batterien zur Stromversorgung. Die Spannung betr\u00e4gt 4,5 V und liegt damit unter der f\u00fcr den menschlichen K\u00f6rper sicheren Spannung, so dass keine Gefahr eines Stromschlags besteht. (Batterien nicht enthalten). Bei einer Timing-Funktion h\u00e4lt diese Lichterkette 6 Stunden, erl\u00f6scht dann 18 Stunden und schaltet dann sich automatisch ein.<br \/>\n?Weitverbreitete Verwendung: Langlebige Qualit\u00e4t, aber leicht. Die Lichterkette l\u00e4sst sich leicht um den Weihnachtsbaum wickeln, um eine Treppe, einen Spiegel oder einen Schminktisch drapieren. Sie k\u00f6nnen auch Indoor-Lichterketten als Nachtlicht verwenden und um die Holme der Kopfteile wickeln, da sie genug Licht bieten, um den Raum sanft zu beleuchten. Diese Lichterketten sind gro\u00dfartige Dekorationen f\u00fcr Indoor, Outdoor.<br \/>\n<div class=\"main-cross-sell\" data-asin=\"B09C82NW8Y\">\n\n\t<div class=\"WooZone-cross-sell-loader\">\n\t\t<div>\n\t\t\t<div id=\"floatingBarsG\">\n\t\t\t\t<div class=\"blockG\" id=\"rotateG_01\"><\/div>\n\t\t\t\t<div class=\"blockG\" id=\"rotateG_02\"><\/div>\n\t\t\t\t<div class=\"blockG\" id=\"rotateG_03\"><\/div>\n\t\t\t\t<div class=\"blockG\" id=\"rotateG_04\"><\/div>\n\t\t\t\t<div class=\"blockG\" id=\"rotateG_05\"><\/div>\n\t\t\t\t<div class=\"blockG\" id=\"rotateG_06\"><\/div>\n\t\t\t\t<div class=\"blockG\" id=\"rotateG_07\"><\/div>\n\t\t\t\t<div class=\"blockG\" id=\"rotateG_08\"><\/div>\n\t\t\t<\/div>\n\t\t\t<div class=\"WooZone-cross-sell-loader-text\"><\/div>\n\t\t<\/div>\n\t<\/div>\n\n\t\t\n<\/div>\n<div style=\"clear:both;\"><\/div><\/p>\n","protected":false},"excerpt":{"rendered":"<p>?2 st\u00fcck Warmwei\u00dfe Lichterkette: Diese 10 Meter lange Lichterkette kann eine ausgezeichnete Ausleuchtung und eine w\u00e4rmende und romantische Atmosph\u00e4re in der Nacht erzeugen. Enth\u00e4lt 2 st\u00fcck Lichterketten, die Sie in verschiedene Formen anordnen k\u00f6nnen, um Ihr Haus zu dekorieren. Lichterkette innen sind ideal f\u00fcr die Dekoration von Schlafzimmern, Zimmern, Balkonen, Terrassen usw. F\u00fcgen Sie einen sch\u00f6nen charmanten Glanz zum Leben hinzu.<br \/>\n?8 Modi und Speicherfunktion: Die LED Lichterkette au\u00dfen mit 8 Beleuchtungsmodi (Kombination, in Welle, Sequentiell, Slo-Glo, Jagen\/Blitzen, langsames \u00dcberblenden, Funkeln\/Blitzen, Dauerlicht). Die verschiedenen Lichteffekte und Helligkeit k\u00f6nnen per Fernbedienung gesteuert werden. Mit der Speicherfunktion erinnert sich die LED Lichterketten an den letzten Einstellungsmodus, es muss nicht jedes Mal neu eingestellt werden.<br \/>\n?IP65 Wasserdichte Lichterkette: Der Kabelstrang ist IP65 wasserdicht und kann daher im Freien verwendet werden, um leichten Regen oder Spritzwasser standzuhalten. Das Batteriefach ist nach IP44 wasserdicht. Das wasserdichte Design macht LED Lichterkette zur besten Wahl f\u00fcr Innen- und Au\u00dfendekorationen. Beleuchteten Sie Partys, Weihnachten, Halloween, Feiertage, Hochzeiten, Valentinstag. Dekorieren Sie Ihren Garten, Ihre Veranda, Ihr Schlafzimmer und Ihre T\u00fcr.<\/p>\n","protected":false},"featured_media":73820,"comment_status":"open","ping_status":"closed","template":"","meta":[],"product_brand":[],"product_cat":[2108,15622],"product_tag":[],"class_list":{"0":"post-73819","1":"product","2":"type-product","3":"status-publish","4":"has-post-thumbnail","6":"product_cat-beleuchtung","7":"product_cat-lichterketten","8":"pa_brand-nekano","9":"pa_manufacturer-nekano","10":"pa_weight-0-41005980732-pfund","12":"first","13":"instock","14":"shipping-taxable","15":"purchasable","16":"product-type-simple","17":"customify-col","18":"product-has-gallery"},"yoast_head":"<!-- This site is optimized with the Yoast SEO plugin v27.4 - https:\/\/yoast.com\/product\/yoast-seo-wordpress\/ -->\n<title>Nekano 2er Lichterkette 10M Party Deko Fenster Garten 100 LED Lichterketten Warmwei\u00df Lichterkette Batterie mit 8 Modi\u2026 - Markt-XXL<\/title>\n<meta name=\"description\" content=\"Markt-XXL Nekano 2er Lichterkette 10M Party Deko Fenster Garten 100 LED Lichterketten Warmwei\u00df Lichterkette Batterie mit 8 Modi\u2026\" \/>\n<meta name=\"robots\" content=\"index, follow, max-snippet:-1, max-image-preview:large, max-video-preview:-1\" \/>\n<link rel=\"canonical\" href=\"https:\/\/marktxxl.de\/markt\/produkt\/nekano-lichterkette-aussen-2-stueck10m-led-lichterketten-warmweiss-lichterkette-batterie-mit-8-modi-timer-und-speicherfunktionip65-wasserdicht-fuer-balkon-garten-zimmer-weihnachten-innen-aussen-dek\/\" \/>\n<meta property=\"og:locale\" content=\"de_DE\" \/>\n<meta property=\"og:type\" content=\"article\" \/>\n<meta property=\"og:title\" content=\"Nekano 2er Lichterkette 10M Party Deko Fenster Garten 100 LED Lichterketten Warmwei\u00df Lichterkette Batterie mit 8 Modi\u2026 - Markt-XXL\" \/>\n<meta property=\"og:description\" content=\"Markt-XXL Nekano 2er Lichterkette 10M Party Deko Fenster Garten 100 LED Lichterketten Warmwei\u00df Lichterkette Batterie mit 8 Modi\u2026\" \/>\n<meta property=\"og:url\" content=\"https:\/\/marktxxl.de\/markt\/produkt\/nekano-lichterkette-aussen-2-stueck10m-led-lichterketten-warmweiss-lichterkette-batterie-mit-8-modi-timer-und-speicherfunktionip65-wasserdicht-fuer-balkon-garten-zimmer-weihnachten-innen-aussen-dek\/\" \/>\n<meta property=\"og:site_name\" content=\"Markt-XXL\" \/>\n<meta property=\"article:modified_time\" content=\"2023-04-10T00:38:19+00:00\" \/>\n<meta property=\"og:image\" content=\"https:\/\/m.media-amazon.com\/images\/I\/61d8NaiLc+L._SL500_.jpg\" \/>\n\t<meta property=\"og:image:width\" content=\"500\" \/>\n\t<meta property=\"og:image:height\" content=\"500\" \/>\n\t<meta property=\"og:image:type\" content=\"image\/jpeg\" \/>\n<meta name=\"twitter:card\" content=\"summary_large_image\" \/>\n<meta name=\"twitter:label1\" content=\"Gesch\u00e4tzte Lesezeit\" \/>\n\t<meta name=\"twitter:data1\" content=\"2\u00a0Minuten\" \/>\n<script type=\"application\/ld+json\" class=\"yoast-schema-graph\">{\"@context\":\"https:\\\/\\\/schema.org\",\"@graph\":[{\"@type\":\"WebPage\",\"@id\":\"https:\\\/\\\/marktxxl.de\\\/markt\\\/produkt\\\/nekano-lichterkette-aussen-2-stueck10m-led-lichterketten-warmweiss-lichterkette-batterie-mit-8-modi-timer-und-speicherfunktionip65-wasserdicht-fuer-balkon-garten-zimmer-weihnachten-innen-aussen-dek\\\/\",\"url\":\"https:\\\/\\\/marktxxl.de\\\/markt\\\/produkt\\\/nekano-lichterkette-aussen-2-stueck10m-led-lichterketten-warmweiss-lichterkette-batterie-mit-8-modi-timer-und-speicherfunktionip65-wasserdicht-fuer-balkon-garten-zimmer-weihnachten-innen-aussen-dek\\\/\",\"name\":\"Nekano 2er Lichterkette 10M Party Deko Fenster Garten 100 LED Lichterketten Warmwei\u00df Lichterkette Batterie mit 8 Modi\u2026 - Markt-XXL\",\"isPartOf\":{\"@id\":\"https:\\\/\\\/marktxxl.de\\\/markt\\\/#website\"},\"primaryImageOfPage\":{\"@id\":\"https:\\\/\\\/marktxxl.de\\\/markt\\\/produkt\\\/nekano-lichterkette-aussen-2-stueck10m-led-lichterketten-warmweiss-lichterkette-batterie-mit-8-modi-timer-und-speicherfunktionip65-wasserdicht-fuer-balkon-garten-zimmer-weihnachten-innen-aussen-dek\\\/#primaryimage\"},\"image\":{\"@id\":\"https:\\\/\\\/marktxxl.de\\\/markt\\\/produkt\\\/nekano-lichterkette-aussen-2-stueck10m-led-lichterketten-warmweiss-lichterkette-batterie-mit-8-modi-timer-und-speicherfunktionip65-wasserdicht-fuer-balkon-garten-zimmer-weihnachten-innen-aussen-dek\\\/#primaryimage\"},\"thumbnailUrl\":\"https:\\\/\\\/m.media-amazon.com\\\/images\\\/I\\\/61d8NaiLc+L._SL500_.jpg\",\"datePublished\":\"2021-11-13T00:15:32+00:00\",\"dateModified\":\"2023-04-10T00:38:19+00:00\",\"description\":\"Markt-XXL Nekano 2er Lichterkette 10M Party Deko Fenster Garten 100 LED Lichterketten Warmwei\u00df Lichterkette Batterie mit 8 Modi\u2026\",\"breadcrumb\":{\"@id\":\"https:\\\/\\\/marktxxl.de\\\/markt\\\/produkt\\\/nekano-lichterkette-aussen-2-stueck10m-led-lichterketten-warmweiss-lichterkette-batterie-mit-8-modi-timer-und-speicherfunktionip65-wasserdicht-fuer-balkon-garten-zimmer-weihnachten-innen-aussen-dek\\\/#breadcrumb\"},\"inLanguage\":\"de\",\"potentialAction\":[{\"@type\":\"ReadAction\",\"target\":[\"https:\\\/\\\/marktxxl.de\\\/markt\\\/produkt\\\/nekano-lichterkette-aussen-2-stueck10m-led-lichterketten-warmweiss-lichterkette-batterie-mit-8-modi-timer-und-speicherfunktionip65-wasserdicht-fuer-balkon-garten-zimmer-weihnachten-innen-aussen-dek\\\/\"]}]},{\"@type\":\"ImageObject\",\"inLanguage\":\"de\",\"@id\":\"https:\\\/\\\/marktxxl.de\\\/markt\\\/produkt\\\/nekano-lichterkette-aussen-2-stueck10m-led-lichterketten-warmweiss-lichterkette-batterie-mit-8-modi-timer-und-speicherfunktionip65-wasserdicht-fuer-balkon-garten-zimmer-weihnachten-innen-aussen-dek\\\/#primaryimage\",\"url\":\"https:\\\/\\\/m.media-amazon.com\\\/images\\\/I\\\/61d8NaiLc+L._SL500_.jpg\",\"contentUrl\":\"https:\\\/\\\/m.media-amazon.com\\\/images\\\/I\\\/61d8NaiLc+L._SL500_.jpg\",\"width\":500,\"height\":500},{\"@type\":\"BreadcrumbList\",\"@id\":\"https:\\\/\\\/marktxxl.de\\\/markt\\\/produkt\\\/nekano-lichterkette-aussen-2-stueck10m-led-lichterketten-warmweiss-lichterkette-batterie-mit-8-modi-timer-und-speicherfunktionip65-wasserdicht-fuer-balkon-garten-zimmer-weihnachten-innen-aussen-dek\\\/#breadcrumb\",\"itemListElement\":[{\"@type\":\"ListItem\",\"position\":1,\"name\":\"Startseite\",\"item\":\"https:\\\/\\\/marktxxl.de\\\/markt\\\/\"},{\"@type\":\"ListItem\",\"position\":2,\"name\":\"Markt\",\"item\":\"https:\\\/\\\/marktxxl.de\\\/markt\\\/\"},{\"@type\":\"ListItem\",\"position\":3,\"name\":\"Nekano 2er Lichterkette 10M Party Deko Fenster Garten 100 LED Lichterketten Warmwei\u00df Lichterkette Batterie mit 8 Modi\u2026\"}]},{\"@type\":\"WebSite\",\"@id\":\"https:\\\/\\\/marktxxl.de\\\/markt\\\/#website\",\"url\":\"https:\\\/\\\/marktxxl.de\\\/markt\\\/\",\"name\":\"Markt-XXL\",\"description\":\"Ihr Markt Online\",\"publisher\":{\"@id\":\"https:\\\/\\\/marktxxl.de\\\/markt\\\/#organization\"},\"potentialAction\":[{\"@type\":\"SearchAction\",\"target\":{\"@type\":\"EntryPoint\",\"urlTemplate\":\"https:\\\/\\\/marktxxl.de\\\/markt\\\/?s={search_term_string}\"},\"query-input\":{\"@type\":\"PropertyValueSpecification\",\"valueRequired\":true,\"valueName\":\"search_term_string\"}}],\"inLanguage\":\"de\"},{\"@type\":\"Organization\",\"@id\":\"https:\\\/\\\/marktxxl.de\\\/markt\\\/#organization\",\"name\":\"Markt-XXL\",\"url\":\"https:\\\/\\\/marktxxl.de\\\/markt\\\/\",\"logo\":{\"@type\":\"ImageObject\",\"inLanguage\":\"de\",\"@id\":\"https:\\\/\\\/marktxxl.de\\\/markt\\\/#\\\/schema\\\/logo\\\/image\\\/\",\"url\":\"https:\\\/\\\/marktxxl.de\\\/markt\\\/wp-content\\\/uploads\\\/sites\\\/3\\\/2020\\\/12\\\/logo.png\",\"contentUrl\":\"https:\\\/\\\/marktxxl.de\\\/markt\\\/wp-content\\\/uploads\\\/sites\\\/3\\\/2020\\\/12\\\/logo.png\",\"width\":200,\"height\":70,\"caption\":\"Markt-XXL\"},\"image\":{\"@id\":\"https:\\\/\\\/marktxxl.de\\\/markt\\\/#\\\/schema\\\/logo\\\/image\\\/\"}}]}<\/script>\n<!-- \/ Yoast SEO plugin. -->","yoast_head_json":{"title":"Nekano 2er Lichterkette 10M Party Deko Fenster Garten 100 LED Lichterketten Warmwei\u00df Lichterkette Batterie mit 8 Modi\u2026 - Markt-XXL","description":"Markt-XXL Nekano 2er Lichterkette 10M Party Deko Fenster Garten 100 LED Lichterketten Warmwei\u00df Lichterkette Batterie mit 8 Modi\u2026","robots":{"index":"index","follow":"follow","max-snippet":"max-snippet:-1","max-image-preview":"max-image-preview:large","max-video-preview":"max-video-preview:-1"},"canonical":"https:\/\/marktxxl.de\/markt\/produkt\/nekano-lichterkette-aussen-2-stueck10m-led-lichterketten-warmweiss-lichterkette-batterie-mit-8-modi-timer-und-speicherfunktionip65-wasserdicht-fuer-balkon-garten-zimmer-weihnachten-innen-aussen-dek\/","og_locale":"de_DE","og_type":"article","og_title":"Nekano 2er Lichterkette 10M Party Deko Fenster Garten 100 LED Lichterketten Warmwei\u00df Lichterkette Batterie mit 8 Modi\u2026 - Markt-XXL","og_description":"Markt-XXL Nekano 2er Lichterkette 10M Party Deko Fenster Garten 100 LED Lichterketten Warmwei\u00df Lichterkette Batterie mit 8 Modi\u2026","og_url":"https:\/\/marktxxl.de\/markt\/produkt\/nekano-lichterkette-aussen-2-stueck10m-led-lichterketten-warmweiss-lichterkette-batterie-mit-8-modi-timer-und-speicherfunktionip65-wasserdicht-fuer-balkon-garten-zimmer-weihnachten-innen-aussen-dek\/","og_site_name":"Markt-XXL","article_modified_time":"2023-04-10T00:38:19+00:00","og_image":[{"width":500,"height":500,"url":"https:\/\/m.media-amazon.com\/images\/I\/61d8NaiLc+L._SL500_.jpg","type":"image\/jpeg"}],"twitter_card":"summary_large_image","twitter_misc":{"Gesch\u00e4tzte Lesezeit":"2\u00a0Minuten"},"schema":{"@context":"https:\/\/schema.org","@graph":[{"@type":"WebPage","@id":"https:\/\/marktxxl.de\/markt\/produkt\/nekano-lichterkette-aussen-2-stueck10m-led-lichterketten-warmweiss-lichterkette-batterie-mit-8-modi-timer-und-speicherfunktionip65-wasserdicht-fuer-balkon-garten-zimmer-weihnachten-innen-aussen-dek\/","url":"https:\/\/marktxxl.de\/markt\/produkt\/nekano-lichterkette-aussen-2-stueck10m-led-lichterketten-warmweiss-lichterkette-batterie-mit-8-modi-timer-und-speicherfunktionip65-wasserdicht-fuer-balkon-garten-zimmer-weihnachten-innen-aussen-dek\/","name":"Nekano 2er Lichterkette 10M Party Deko Fenster Garten 100 LED Lichterketten Warmwei\u00df Lichterkette Batterie mit 8 Modi\u2026 - Markt-XXL","isPartOf":{"@id":"https:\/\/marktxxl.de\/markt\/#website"},"primaryImageOfPage":{"@id":"https:\/\/marktxxl.de\/markt\/produkt\/nekano-lichterkette-aussen-2-stueck10m-led-lichterketten-warmweiss-lichterkette-batterie-mit-8-modi-timer-und-speicherfunktionip65-wasserdicht-fuer-balkon-garten-zimmer-weihnachten-innen-aussen-dek\/#primaryimage"},"image":{"@id":"https:\/\/marktxxl.de\/markt\/produkt\/nekano-lichterkette-aussen-2-stueck10m-led-lichterketten-warmweiss-lichterkette-batterie-mit-8-modi-timer-und-speicherfunktionip65-wasserdicht-fuer-balkon-garten-zimmer-weihnachten-innen-aussen-dek\/#primaryimage"},"thumbnailUrl":"https:\/\/m.media-amazon.com\/images\/I\/61d8NaiLc+L._SL500_.jpg","datePublished":"2021-11-13T00:15:32+00:00","dateModified":"2023-04-10T00:38:19+00:00","description":"Markt-XXL Nekano 2er Lichterkette 10M Party Deko Fenster Garten 100 LED Lichterketten Warmwei\u00df Lichterkette Batterie mit 8 Modi\u2026","breadcrumb":{"@id":"https:\/\/marktxxl.de\/markt\/produkt\/nekano-lichterkette-aussen-2-stueck10m-led-lichterketten-warmweiss-lichterkette-batterie-mit-8-modi-timer-und-speicherfunktionip65-wasserdicht-fuer-balkon-garten-zimmer-weihnachten-innen-aussen-dek\/#breadcrumb"},"inLanguage":"de","potentialAction":[{"@type":"ReadAction","target":["https:\/\/marktxxl.de\/markt\/produkt\/nekano-lichterkette-aussen-2-stueck10m-led-lichterketten-warmweiss-lichterkette-batterie-mit-8-modi-timer-und-speicherfunktionip65-wasserdicht-fuer-balkon-garten-zimmer-weihnachten-innen-aussen-dek\/"]}]},{"@type":"ImageObject","inLanguage":"de","@id":"https:\/\/marktxxl.de\/markt\/produkt\/nekano-lichterkette-aussen-2-stueck10m-led-lichterketten-warmweiss-lichterkette-batterie-mit-8-modi-timer-und-speicherfunktionip65-wasserdicht-fuer-balkon-garten-zimmer-weihnachten-innen-aussen-dek\/#primaryimage","url":"https:\/\/m.media-amazon.com\/images\/I\/61d8NaiLc+L._SL500_.jpg","contentUrl":"https:\/\/m.media-amazon.com\/images\/I\/61d8NaiLc+L._SL500_.jpg","width":500,"height":500},{"@type":"BreadcrumbList","@id":"https:\/\/marktxxl.de\/markt\/produkt\/nekano-lichterkette-aussen-2-stueck10m-led-lichterketten-warmweiss-lichterkette-batterie-mit-8-modi-timer-und-speicherfunktionip65-wasserdicht-fuer-balkon-garten-zimmer-weihnachten-innen-aussen-dek\/#breadcrumb","itemListElement":[{"@type":"ListItem","position":1,"name":"Startseite","item":"https:\/\/marktxxl.de\/markt\/"},{"@type":"ListItem","position":2,"name":"Markt","item":"https:\/\/marktxxl.de\/markt\/"},{"@type":"ListItem","position":3,"name":"Nekano 2er Lichterkette 10M Party Deko Fenster Garten 100 LED Lichterketten Warmwei\u00df Lichterkette Batterie mit 8 Modi\u2026"}]},{"@type":"WebSite","@id":"https:\/\/marktxxl.de\/markt\/#website","url":"https:\/\/marktxxl.de\/markt\/","name":"Markt-XXL","description":"Ihr Markt Online","publisher":{"@id":"https:\/\/marktxxl.de\/markt\/#organization"},"potentialAction":[{"@type":"SearchAction","target":{"@type":"EntryPoint","urlTemplate":"https:\/\/marktxxl.de\/markt\/?s={search_term_string}"},"query-input":{"@type":"PropertyValueSpecification","valueRequired":true,"valueName":"search_term_string"}}],"inLanguage":"de"},{"@type":"Organization","@id":"https:\/\/marktxxl.de\/markt\/#organization","name":"Markt-XXL","url":"https:\/\/marktxxl.de\/markt\/","logo":{"@type":"ImageObject","inLanguage":"de","@id":"https:\/\/marktxxl.de\/markt\/#\/schema\/logo\/image\/","url":"https:\/\/marktxxl.de\/markt\/wp-content\/uploads\/sites\/3\/2020\/12\/logo.png","contentUrl":"https:\/\/marktxxl.de\/markt\/wp-content\/uploads\/sites\/3\/2020\/12\/logo.png","width":200,"height":70,"caption":"Markt-XXL"},"image":{"@id":"https:\/\/marktxxl.de\/markt\/#\/schema\/logo\/image\/"}}]}},"_links":{"self":[{"href":"https:\/\/marktxxl.de\/markt\/wp-json\/wp\/v2\/product\/73819","targetHints":{"allow":["GET"]}}],"collection":[{"href":"https:\/\/marktxxl.de\/markt\/wp-json\/wp\/v2\/product"}],"about":[{"href":"https:\/\/marktxxl.de\/markt\/wp-json\/wp\/v2\/types\/product"}],"replies":[{"embeddable":true,"href":"https:\/\/marktxxl.de\/markt\/wp-json\/wp\/v2\/comments?post=73819"}],"wp:featuredmedia":[{"embeddable":true,"href":"https:\/\/marktxxl.de\/markt\/wp-json\/wp\/v2\/media\/73820"}],"wp:attachment":[{"href":"https:\/\/marktxxl.de\/markt\/wp-json\/wp\/v2\/media?parent=73819"}],"wp:term":[{"taxonomy":"product_brand","embeddable":true,"href":"https:\/\/marktxxl.de\/markt\/wp-json\/wp\/v2\/product_brand?post=73819"},{"taxonomy":"product_cat","embeddable":true,"href":"https:\/\/marktxxl.de\/markt\/wp-json\/wp\/v2\/product_cat?post=73819"},{"taxonomy":"product_tag","embeddable":true,"href":"https:\/\/marktxxl.de\/markt\/wp-json\/wp\/v2\/product_tag?post=73819"}],"curies":[{"name":"wp","href":"https:\/\/api.w.org\/{rel}","templated":true}]}}