{"id":73749,"date":"2021-11-13T01:12:50","date_gmt":"2021-11-13T00:12:50","guid":{"rendered":"https:\/\/marktxxl.de\/markt\/produkt\/15-stueck-led-flaschenlicht-with-50pack-batterry-20-leds-2m-kupferdraht-weinflasche-lichter-mit-kork-schnurlicht-kupferdraht-fuer-diy-deko-weihnachten-party-urlaub-stimmungslichter-warmweiss\/"},"modified":"2023-04-10T02:38:19","modified_gmt":"2023-04-10T00:38:19","slug":"15-stueck-led-flaschenlicht-with-50pack-batterry-20-leds-2m-kupferdraht-weinflasche-lichter-mit-kork-schnurlicht-kupferdraht-fuer-diy-deko-weihnachten-party-urlaub-stimmungslichter-warmweiss","status":"publish","type":"product","link":"https:\/\/marktxxl.de\/markt\/produkt\/15-stueck-led-flaschenlicht-with-50pack-batterry-20-leds-2m-kupferdraht-weinflasche-lichter-mit-kork-schnurlicht-kupferdraht-fuer-diy-deko-weihnachten-party-urlaub-stimmungslichter-warmweiss\/","title":{"rendered":"Aistuo 15 St\u00fcck Flaschenlicht Batterie (50 extra), Lichterkette 2M 20 LEDs Flaschenlicht Korken Weinflasche Nacht Licht\u2026"},"content":{"rendered":"<p>?Romantische Flaschen Licht: Hergestellt aus hochwertigem Ultra Thin Silver Wire besser als Normal Kupferdraht und dieser Akku Powered Wine Bottle Lights kann einfach zu jeder DIY-Form, die Sie m\u00f6gen. Verwendbare Partei, Hochzeit, Grill, Halloween, Weihnachten, Quadrat, Garten, Innen- und Au\u00dfendekoration, etc. Es ist auch ein gutes Geschenk f\u00fcr Ihre Kinder, Freunde und Familien<br \/>\n?Battery Powered and More Saving: Jede Weinkorken-Lichterkette werden von 3 PCS LR44 Batterien (Batterien im Lieferumfang enthalten) und keine Notwendigkeit, Steckdose und bequem zu bedienen. Die Silver Wire ist wasserdicht und die Batterie ist nicht wasserdicht. Im Paket finden Sie noch 50 LR44 Betterien als Ersatz. (Hinweis: Sind die Batterien nach dem langen Transport leer, wechseln Sie bitte die Batterie)<br \/>\n?Leicht anzuschalten und zu installieren: Jedes Korkenlicht wird durch einen Ein-\/Aus-Schalter gesteuert. Einfach die Isolierfolie ausziehen, bevor Sie den Ein-\/Aus-Schalter benutzen. Sie m\u00fcssen daf\u00fcr keine Steckdose oder keinen Schraubendreher besorgen. Schalten Sie einfach die Lichter ein und genie\u00dfen Sie diese wunderbaren m\u00e4rchenhaften Lichter<br \/>\n?Sicher und energieeffizient: Die Kupferdr\u00e4hte vom LED korken sind wasserbest\u00e4ndig. Die Flaschenlichterkette Korken werden mit stabiler und sehr niedriger Spannung betrieben. Es gibt keine Gefahr f\u00fcr Ihre Kinder oder Haustiere, wenn sie die Lichter anfassen oder ber\u00fchren. Die 20 LEDs haben einen niedrigen Energieverbrauch und sind energiesparend<br \/>\n?Was Sie bekommen: 15 Pack 20 LED-Korklichter, 50 LR44 Betterien als Ersatz<br \/>\n<div class=\"main-cross-sell\" data-asin=\"B095K28RPG\">\n\n\t<div class=\"WooZone-cross-sell-loader\">\n\t\t<div>\n\t\t\t<div id=\"floatingBarsG\">\n\t\t\t\t<div class=\"blockG\" id=\"rotateG_01\"><\/div>\n\t\t\t\t<div class=\"blockG\" id=\"rotateG_02\"><\/div>\n\t\t\t\t<div class=\"blockG\" id=\"rotateG_03\"><\/div>\n\t\t\t\t<div class=\"blockG\" id=\"rotateG_04\"><\/div>\n\t\t\t\t<div class=\"blockG\" id=\"rotateG_05\"><\/div>\n\t\t\t\t<div class=\"blockG\" id=\"rotateG_06\"><\/div>\n\t\t\t\t<div class=\"blockG\" id=\"rotateG_07\"><\/div>\n\t\t\t\t<div class=\"blockG\" id=\"rotateG_08\"><\/div>\n\t\t\t<\/div>\n\t\t\t<div class=\"WooZone-cross-sell-loader-text\"><\/div>\n\t\t<\/div>\n\t<\/div>\n\n\t\t\n<\/div>\n<div style=\"clear:both;\"><\/div><\/p>\n","protected":false},"excerpt":{"rendered":"<p>?Romantische Flaschen Licht: Hergestellt aus hochwertigem Ultra Thin Silver Wire besser als Normal Kupferdraht und dieser Akku Powered Wine Bottle Lights kann einfach zu jeder DIY-Form, die Sie m\u00f6gen. Verwendbare Partei, Hochzeit, Grill, Halloween, Weihnachten, Quadrat, Garten, Innen- und Au\u00dfendekoration, etc. Es ist auch ein gutes Geschenk f\u00fcr Ihre Kinder, Freunde und Familien<br \/>\n?Battery Powered and More Saving: Jede Weinkorken-Lichterkette werden von 3 PCS LR44 Batterien (Batterien im Lieferumfang enthalten) und keine Notwendigkeit, Steckdose und bequem zu bedienen. Die Silver Wire ist wasserdicht und die Batterie ist nicht wasserdicht. Im Paket finden Sie noch 50 LR44 Betterien als Ersatz. (Hinweis: Sind die Batterien nach dem langen Transport leer, wechseln Sie bitte die Batterie)<br \/>\n?Leicht anzuschalten und zu installieren: Jedes Korkenlicht wird durch einen Ein-\/Aus-Schalter gesteuert. Einfach die Isolierfolie ausziehen, bevor Sie den Ein-\/Aus-Schalter benutzen. Sie m\u00fcssen daf\u00fcr keine Steckdose oder keinen Schraubendreher besorgen. Schalten Sie einfach die Lichter ein und genie\u00dfen Sie diese wunderbaren m\u00e4rchenhaften Lichter<\/p>\n","protected":false},"featured_media":73750,"comment_status":"open","ping_status":"closed","template":"","meta":[],"product_brand":[],"product_cat":[2108,15622],"product_tag":[],"class_list":{"0":"post-73749","1":"product","2":"type-product","3":"status-publish","4":"has-post-thumbnail","6":"product_cat-beleuchtung","7":"product_cat-lichterketten","8":"pa_brand-aistuo","9":"pa_manufacturer-aistuo","11":"first","12":"instock","13":"shipping-taxable","14":"purchasable","15":"product-type-simple","16":"customify-col","17":"product-has-gallery"},"yoast_head":"<!-- This site is optimized with the Yoast SEO plugin v27.4 - https:\/\/yoast.com\/product\/yoast-seo-wordpress\/ -->\n<title>Aistuo 15 St\u00fcck Flaschenlicht Batterie (50 extra), Lichterkette 2M 20 LEDs Flaschenlicht Korken Weinflasche Nacht Licht\u2026 - Markt-XXL<\/title>\n<meta name=\"description\" content=\"Markt-XXL Aistuo 15 St\u00fcck Flaschenlicht Batterie (50 extra), Lichterkette 2M 20 LEDs Flaschenlicht Korken Weinflasche Nacht Licht\u2026\" \/>\n<meta name=\"robots\" content=\"index, follow, max-snippet:-1, max-image-preview:large, max-video-preview:-1\" \/>\n<link rel=\"canonical\" href=\"https:\/\/marktxxl.de\/markt\/produkt\/15-stueck-led-flaschenlicht-with-50pack-batterry-20-leds-2m-kupferdraht-weinflasche-lichter-mit-kork-schnurlicht-kupferdraht-fuer-diy-deko-weihnachten-party-urlaub-stimmungslichter-warmweiss\/\" \/>\n<meta property=\"og:locale\" content=\"de_DE\" \/>\n<meta property=\"og:type\" content=\"article\" \/>\n<meta property=\"og:title\" content=\"Aistuo 15 St\u00fcck Flaschenlicht Batterie (50 extra), Lichterkette 2M 20 LEDs Flaschenlicht Korken Weinflasche Nacht Licht\u2026 - Markt-XXL\" \/>\n<meta property=\"og:description\" content=\"Markt-XXL Aistuo 15 St\u00fcck Flaschenlicht Batterie (50 extra), Lichterkette 2M 20 LEDs Flaschenlicht Korken Weinflasche Nacht Licht\u2026\" \/>\n<meta property=\"og:url\" content=\"https:\/\/marktxxl.de\/markt\/produkt\/15-stueck-led-flaschenlicht-with-50pack-batterry-20-leds-2m-kupferdraht-weinflasche-lichter-mit-kork-schnurlicht-kupferdraht-fuer-diy-deko-weihnachten-party-urlaub-stimmungslichter-warmweiss\/\" \/>\n<meta property=\"og:site_name\" content=\"Markt-XXL\" \/>\n<meta property=\"article:modified_time\" content=\"2023-04-10T00:38:19+00:00\" \/>\n<meta property=\"og:image\" content=\"https:\/\/m.media-amazon.com\/images\/I\/51Q8k5iLHFL._SL500_.jpg\" \/>\n\t<meta property=\"og:image:width\" content=\"500\" \/>\n\t<meta property=\"og:image:height\" content=\"499\" \/>\n\t<meta property=\"og:image:type\" content=\"image\/jpeg\" \/>\n<meta name=\"twitter:card\" content=\"summary_large_image\" \/>\n<meta name=\"twitter:label1\" content=\"Gesch\u00e4tzte Lesezeit\" \/>\n\t<meta name=\"twitter:data1\" content=\"1\u00a0Minute\" \/>\n<script type=\"application\/ld+json\" class=\"yoast-schema-graph\">{\"@context\":\"https:\\\/\\\/schema.org\",\"@graph\":[{\"@type\":\"WebPage\",\"@id\":\"https:\\\/\\\/marktxxl.de\\\/markt\\\/produkt\\\/15-stueck-led-flaschenlicht-with-50pack-batterry-20-leds-2m-kupferdraht-weinflasche-lichter-mit-kork-schnurlicht-kupferdraht-fuer-diy-deko-weihnachten-party-urlaub-stimmungslichter-warmweiss\\\/\",\"url\":\"https:\\\/\\\/marktxxl.de\\\/markt\\\/produkt\\\/15-stueck-led-flaschenlicht-with-50pack-batterry-20-leds-2m-kupferdraht-weinflasche-lichter-mit-kork-schnurlicht-kupferdraht-fuer-diy-deko-weihnachten-party-urlaub-stimmungslichter-warmweiss\\\/\",\"name\":\"Aistuo 15 St\u00fcck Flaschenlicht Batterie (50 extra), Lichterkette 2M 20 LEDs Flaschenlicht Korken Weinflasche Nacht Licht\u2026 - Markt-XXL\",\"isPartOf\":{\"@id\":\"https:\\\/\\\/marktxxl.de\\\/markt\\\/#website\"},\"primaryImageOfPage\":{\"@id\":\"https:\\\/\\\/marktxxl.de\\\/markt\\\/produkt\\\/15-stueck-led-flaschenlicht-with-50pack-batterry-20-leds-2m-kupferdraht-weinflasche-lichter-mit-kork-schnurlicht-kupferdraht-fuer-diy-deko-weihnachten-party-urlaub-stimmungslichter-warmweiss\\\/#primaryimage\"},\"image\":{\"@id\":\"https:\\\/\\\/marktxxl.de\\\/markt\\\/produkt\\\/15-stueck-led-flaschenlicht-with-50pack-batterry-20-leds-2m-kupferdraht-weinflasche-lichter-mit-kork-schnurlicht-kupferdraht-fuer-diy-deko-weihnachten-party-urlaub-stimmungslichter-warmweiss\\\/#primaryimage\"},\"thumbnailUrl\":\"https:\\\/\\\/m.media-amazon.com\\\/images\\\/I\\\/51Q8k5iLHFL._SL500_.jpg\",\"datePublished\":\"2021-11-13T00:12:50+00:00\",\"dateModified\":\"2023-04-10T00:38:19+00:00\",\"description\":\"Markt-XXL Aistuo 15 St\u00fcck Flaschenlicht Batterie (50 extra), Lichterkette 2M 20 LEDs Flaschenlicht Korken Weinflasche Nacht Licht\u2026\",\"breadcrumb\":{\"@id\":\"https:\\\/\\\/marktxxl.de\\\/markt\\\/produkt\\\/15-stueck-led-flaschenlicht-with-50pack-batterry-20-leds-2m-kupferdraht-weinflasche-lichter-mit-kork-schnurlicht-kupferdraht-fuer-diy-deko-weihnachten-party-urlaub-stimmungslichter-warmweiss\\\/#breadcrumb\"},\"inLanguage\":\"de\",\"potentialAction\":[{\"@type\":\"ReadAction\",\"target\":[\"https:\\\/\\\/marktxxl.de\\\/markt\\\/produkt\\\/15-stueck-led-flaschenlicht-with-50pack-batterry-20-leds-2m-kupferdraht-weinflasche-lichter-mit-kork-schnurlicht-kupferdraht-fuer-diy-deko-weihnachten-party-urlaub-stimmungslichter-warmweiss\\\/\"]}]},{\"@type\":\"ImageObject\",\"inLanguage\":\"de\",\"@id\":\"https:\\\/\\\/marktxxl.de\\\/markt\\\/produkt\\\/15-stueck-led-flaschenlicht-with-50pack-batterry-20-leds-2m-kupferdraht-weinflasche-lichter-mit-kork-schnurlicht-kupferdraht-fuer-diy-deko-weihnachten-party-urlaub-stimmungslichter-warmweiss\\\/#primaryimage\",\"url\":\"https:\\\/\\\/m.media-amazon.com\\\/images\\\/I\\\/51Q8k5iLHFL._SL500_.jpg\",\"contentUrl\":\"https:\\\/\\\/m.media-amazon.com\\\/images\\\/I\\\/51Q8k5iLHFL._SL500_.jpg\",\"width\":500,\"height\":499},{\"@type\":\"BreadcrumbList\",\"@id\":\"https:\\\/\\\/marktxxl.de\\\/markt\\\/produkt\\\/15-stueck-led-flaschenlicht-with-50pack-batterry-20-leds-2m-kupferdraht-weinflasche-lichter-mit-kork-schnurlicht-kupferdraht-fuer-diy-deko-weihnachten-party-urlaub-stimmungslichter-warmweiss\\\/#breadcrumb\",\"itemListElement\":[{\"@type\":\"ListItem\",\"position\":1,\"name\":\"Startseite\",\"item\":\"https:\\\/\\\/marktxxl.de\\\/markt\\\/\"},{\"@type\":\"ListItem\",\"position\":2,\"name\":\"Markt\",\"item\":\"https:\\\/\\\/marktxxl.de\\\/markt\\\/\"},{\"@type\":\"ListItem\",\"position\":3,\"name\":\"Aistuo 15 St\u00fcck Flaschenlicht Batterie (50 extra), Lichterkette 2M 20 LEDs Flaschenlicht Korken Weinflasche Nacht Licht\u2026\"}]},{\"@type\":\"WebSite\",\"@id\":\"https:\\\/\\\/marktxxl.de\\\/markt\\\/#website\",\"url\":\"https:\\\/\\\/marktxxl.de\\\/markt\\\/\",\"name\":\"Markt-XXL\",\"description\":\"Ihr Markt Online\",\"publisher\":{\"@id\":\"https:\\\/\\\/marktxxl.de\\\/markt\\\/#organization\"},\"potentialAction\":[{\"@type\":\"SearchAction\",\"target\":{\"@type\":\"EntryPoint\",\"urlTemplate\":\"https:\\\/\\\/marktxxl.de\\\/markt\\\/?s={search_term_string}\"},\"query-input\":{\"@type\":\"PropertyValueSpecification\",\"valueRequired\":true,\"valueName\":\"search_term_string\"}}],\"inLanguage\":\"de\"},{\"@type\":\"Organization\",\"@id\":\"https:\\\/\\\/marktxxl.de\\\/markt\\\/#organization\",\"name\":\"Markt-XXL\",\"url\":\"https:\\\/\\\/marktxxl.de\\\/markt\\\/\",\"logo\":{\"@type\":\"ImageObject\",\"inLanguage\":\"de\",\"@id\":\"https:\\\/\\\/marktxxl.de\\\/markt\\\/#\\\/schema\\\/logo\\\/image\\\/\",\"url\":\"https:\\\/\\\/marktxxl.de\\\/markt\\\/wp-content\\\/uploads\\\/sites\\\/3\\\/2020\\\/12\\\/logo.png\",\"contentUrl\":\"https:\\\/\\\/marktxxl.de\\\/markt\\\/wp-content\\\/uploads\\\/sites\\\/3\\\/2020\\\/12\\\/logo.png\",\"width\":200,\"height\":70,\"caption\":\"Markt-XXL\"},\"image\":{\"@id\":\"https:\\\/\\\/marktxxl.de\\\/markt\\\/#\\\/schema\\\/logo\\\/image\\\/\"}}]}<\/script>\n<!-- \/ Yoast SEO plugin. -->","yoast_head_json":{"title":"Aistuo 15 St\u00fcck Flaschenlicht Batterie (50 extra), Lichterkette 2M 20 LEDs Flaschenlicht Korken Weinflasche Nacht Licht\u2026 - Markt-XXL","description":"Markt-XXL Aistuo 15 St\u00fcck Flaschenlicht Batterie (50 extra), Lichterkette 2M 20 LEDs Flaschenlicht Korken Weinflasche Nacht Licht\u2026","robots":{"index":"index","follow":"follow","max-snippet":"max-snippet:-1","max-image-preview":"max-image-preview:large","max-video-preview":"max-video-preview:-1"},"canonical":"https:\/\/marktxxl.de\/markt\/produkt\/15-stueck-led-flaschenlicht-with-50pack-batterry-20-leds-2m-kupferdraht-weinflasche-lichter-mit-kork-schnurlicht-kupferdraht-fuer-diy-deko-weihnachten-party-urlaub-stimmungslichter-warmweiss\/","og_locale":"de_DE","og_type":"article","og_title":"Aistuo 15 St\u00fcck Flaschenlicht Batterie (50 extra), Lichterkette 2M 20 LEDs Flaschenlicht Korken Weinflasche Nacht Licht\u2026 - Markt-XXL","og_description":"Markt-XXL Aistuo 15 St\u00fcck Flaschenlicht Batterie (50 extra), Lichterkette 2M 20 LEDs Flaschenlicht Korken Weinflasche Nacht Licht\u2026","og_url":"https:\/\/marktxxl.de\/markt\/produkt\/15-stueck-led-flaschenlicht-with-50pack-batterry-20-leds-2m-kupferdraht-weinflasche-lichter-mit-kork-schnurlicht-kupferdraht-fuer-diy-deko-weihnachten-party-urlaub-stimmungslichter-warmweiss\/","og_site_name":"Markt-XXL","article_modified_time":"2023-04-10T00:38:19+00:00","og_image":[{"width":500,"height":499,"url":"https:\/\/m.media-amazon.com\/images\/I\/51Q8k5iLHFL._SL500_.jpg","type":"image\/jpeg"}],"twitter_card":"summary_large_image","twitter_misc":{"Gesch\u00e4tzte Lesezeit":"1\u00a0Minute"},"schema":{"@context":"https:\/\/schema.org","@graph":[{"@type":"WebPage","@id":"https:\/\/marktxxl.de\/markt\/produkt\/15-stueck-led-flaschenlicht-with-50pack-batterry-20-leds-2m-kupferdraht-weinflasche-lichter-mit-kork-schnurlicht-kupferdraht-fuer-diy-deko-weihnachten-party-urlaub-stimmungslichter-warmweiss\/","url":"https:\/\/marktxxl.de\/markt\/produkt\/15-stueck-led-flaschenlicht-with-50pack-batterry-20-leds-2m-kupferdraht-weinflasche-lichter-mit-kork-schnurlicht-kupferdraht-fuer-diy-deko-weihnachten-party-urlaub-stimmungslichter-warmweiss\/","name":"Aistuo 15 St\u00fcck Flaschenlicht Batterie (50 extra), Lichterkette 2M 20 LEDs Flaschenlicht Korken Weinflasche Nacht Licht\u2026 - Markt-XXL","isPartOf":{"@id":"https:\/\/marktxxl.de\/markt\/#website"},"primaryImageOfPage":{"@id":"https:\/\/marktxxl.de\/markt\/produkt\/15-stueck-led-flaschenlicht-with-50pack-batterry-20-leds-2m-kupferdraht-weinflasche-lichter-mit-kork-schnurlicht-kupferdraht-fuer-diy-deko-weihnachten-party-urlaub-stimmungslichter-warmweiss\/#primaryimage"},"image":{"@id":"https:\/\/marktxxl.de\/markt\/produkt\/15-stueck-led-flaschenlicht-with-50pack-batterry-20-leds-2m-kupferdraht-weinflasche-lichter-mit-kork-schnurlicht-kupferdraht-fuer-diy-deko-weihnachten-party-urlaub-stimmungslichter-warmweiss\/#primaryimage"},"thumbnailUrl":"https:\/\/m.media-amazon.com\/images\/I\/51Q8k5iLHFL._SL500_.jpg","datePublished":"2021-11-13T00:12:50+00:00","dateModified":"2023-04-10T00:38:19+00:00","description":"Markt-XXL Aistuo 15 St\u00fcck Flaschenlicht Batterie (50 extra), Lichterkette 2M 20 LEDs Flaschenlicht Korken Weinflasche Nacht Licht\u2026","breadcrumb":{"@id":"https:\/\/marktxxl.de\/markt\/produkt\/15-stueck-led-flaschenlicht-with-50pack-batterry-20-leds-2m-kupferdraht-weinflasche-lichter-mit-kork-schnurlicht-kupferdraht-fuer-diy-deko-weihnachten-party-urlaub-stimmungslichter-warmweiss\/#breadcrumb"},"inLanguage":"de","potentialAction":[{"@type":"ReadAction","target":["https:\/\/marktxxl.de\/markt\/produkt\/15-stueck-led-flaschenlicht-with-50pack-batterry-20-leds-2m-kupferdraht-weinflasche-lichter-mit-kork-schnurlicht-kupferdraht-fuer-diy-deko-weihnachten-party-urlaub-stimmungslichter-warmweiss\/"]}]},{"@type":"ImageObject","inLanguage":"de","@id":"https:\/\/marktxxl.de\/markt\/produkt\/15-stueck-led-flaschenlicht-with-50pack-batterry-20-leds-2m-kupferdraht-weinflasche-lichter-mit-kork-schnurlicht-kupferdraht-fuer-diy-deko-weihnachten-party-urlaub-stimmungslichter-warmweiss\/#primaryimage","url":"https:\/\/m.media-amazon.com\/images\/I\/51Q8k5iLHFL._SL500_.jpg","contentUrl":"https:\/\/m.media-amazon.com\/images\/I\/51Q8k5iLHFL._SL500_.jpg","width":500,"height":499},{"@type":"BreadcrumbList","@id":"https:\/\/marktxxl.de\/markt\/produkt\/15-stueck-led-flaschenlicht-with-50pack-batterry-20-leds-2m-kupferdraht-weinflasche-lichter-mit-kork-schnurlicht-kupferdraht-fuer-diy-deko-weihnachten-party-urlaub-stimmungslichter-warmweiss\/#breadcrumb","itemListElement":[{"@type":"ListItem","position":1,"name":"Startseite","item":"https:\/\/marktxxl.de\/markt\/"},{"@type":"ListItem","position":2,"name":"Markt","item":"https:\/\/marktxxl.de\/markt\/"},{"@type":"ListItem","position":3,"name":"Aistuo 15 St\u00fcck Flaschenlicht Batterie (50 extra), Lichterkette 2M 20 LEDs Flaschenlicht Korken Weinflasche Nacht Licht\u2026"}]},{"@type":"WebSite","@id":"https:\/\/marktxxl.de\/markt\/#website","url":"https:\/\/marktxxl.de\/markt\/","name":"Markt-XXL","description":"Ihr Markt Online","publisher":{"@id":"https:\/\/marktxxl.de\/markt\/#organization"},"potentialAction":[{"@type":"SearchAction","target":{"@type":"EntryPoint","urlTemplate":"https:\/\/marktxxl.de\/markt\/?s={search_term_string}"},"query-input":{"@type":"PropertyValueSpecification","valueRequired":true,"valueName":"search_term_string"}}],"inLanguage":"de"},{"@type":"Organization","@id":"https:\/\/marktxxl.de\/markt\/#organization","name":"Markt-XXL","url":"https:\/\/marktxxl.de\/markt\/","logo":{"@type":"ImageObject","inLanguage":"de","@id":"https:\/\/marktxxl.de\/markt\/#\/schema\/logo\/image\/","url":"https:\/\/marktxxl.de\/markt\/wp-content\/uploads\/sites\/3\/2020\/12\/logo.png","contentUrl":"https:\/\/marktxxl.de\/markt\/wp-content\/uploads\/sites\/3\/2020\/12\/logo.png","width":200,"height":70,"caption":"Markt-XXL"},"image":{"@id":"https:\/\/marktxxl.de\/markt\/#\/schema\/logo\/image\/"}}]}},"_links":{"self":[{"href":"https:\/\/marktxxl.de\/markt\/wp-json\/wp\/v2\/product\/73749","targetHints":{"allow":["GET"]}}],"collection":[{"href":"https:\/\/marktxxl.de\/markt\/wp-json\/wp\/v2\/product"}],"about":[{"href":"https:\/\/marktxxl.de\/markt\/wp-json\/wp\/v2\/types\/product"}],"replies":[{"embeddable":true,"href":"https:\/\/marktxxl.de\/markt\/wp-json\/wp\/v2\/comments?post=73749"}],"wp:featuredmedia":[{"embeddable":true,"href":"https:\/\/marktxxl.de\/markt\/wp-json\/wp\/v2\/media\/73750"}],"wp:attachment":[{"href":"https:\/\/marktxxl.de\/markt\/wp-json\/wp\/v2\/media?parent=73749"}],"wp:term":[{"taxonomy":"product_brand","embeddable":true,"href":"https:\/\/marktxxl.de\/markt\/wp-json\/wp\/v2\/product_brand?post=73749"},{"taxonomy":"product_cat","embeddable":true,"href":"https:\/\/marktxxl.de\/markt\/wp-json\/wp\/v2\/product_cat?post=73749"},{"taxonomy":"product_tag","embeddable":true,"href":"https:\/\/marktxxl.de\/markt\/wp-json\/wp\/v2\/product_tag?post=73749"}],"curies":[{"name":"wp","href":"https:\/\/api.w.org\/{rel}","templated":true}]}}