{"id":73741,"date":"2021-11-13T01:12:47","date_gmt":"2021-11-13T00:12:47","guid":{"rendered":"https:\/\/marktxxl.de\/markt\/produkt\/led-lichterkette-aussen-30m-300led-lichterkette-strom-warmweiss-mit-8-leuchtmodi-speicherfunktion-ip44-wasserdicht-weihnachtsbeleuchtung-fuer-balkon-garten-party-weihnachtsbaum-innen-auss\/"},"modified":"2023-04-10T02:38:19","modified_gmt":"2023-04-10T00:38:19","slug":"led-lichterkette-aussen-30m-300led-lichterkette-strom-warmweiss-mit-8-leuchtmodi-speicherfunktion-ip44-wasserdicht-weihnachtsbeleuchtung-fuer-balkon-garten-party-weihnachtsbaum-innen-auss","status":"publish","type":"product","link":"https:\/\/marktxxl.de\/markt\/produkt\/led-lichterkette-aussen-30m-300led-lichterkette-strom-warmweiss-mit-8-leuchtmodi-speicherfunktion-ip44-wasserdicht-weihnachtsbeleuchtung-fuer-balkon-garten-party-weihnachtsbaum-innen-auss\/","title":{"rendered":"LED Lichterkette Au\u00dfen, 30M 300LED Lichterkette Strom Warmwei\u00df mit 8 Leuchtmodi &amp; Speicherfunktion, IP44 Wasserdicht\u2026"},"content":{"rendered":"<p>? \u3010Lichterkette Spezifikationen\u3011 L\u00e4nge: 30m, LED-Anzahl: 300 LEDs, Lichtfarbe: warmwei\u00df, Abstand vom Trafo bis zur ersten LED: 5m, Stromversorgung: EU-Stecker.<br \/>\n?\u30108 Modi mit Speicher Funktion\u3011LED Lichterkette verf\u00fcgt \u00fcber 8 Modi (Kombination, Lichtwelle, Sequentiell, Auf und Abblenden, Blinken, Langsames Einblenden, Funkeln, Dauerlicht). Mit speicher funktion kann es den letzten Einstellmodus ohne Reset beibehalten.<br \/>\n?\u3010IP44 Wasserdicht\u3011Mit wasserdichtem IP44-Material, Die Arbeitstemperatur liegt zwischen -20\u2103~40\u2103, sodass Sie sich bei der Verwendung im Freien keine Sorgen um schlechtes Wetter machen m\u00fcssen.<br \/>\n? \u3010Weihnachtsdekoration\u3011Die Lichterketten wurde speziell f\u00fcr die Innen- und Au\u00dfendekoration entwickelt und ist eine gute Wahl f\u00fcr Partys, Festivals und Termine. Weit verbreitet in G\u00e4rten, Hochzeiten, Partys, Schlafzimmern, Terrassen, Innenh\u00f6fen, Halloween, Thanksgiving, Weihnachten, Camping im Freien oder Feiern und schafft eine warme und romantische Atmosph\u00e4re f\u00fcr Sie.<br \/>\n?\u3010Hohe Qualit\u00e4t und Haltbarkeit\u3011Bestandene CE-Zertifizierung, mit hochwertigem PVC-Draht, nicht leicht zu brechen, sicher zu verwenden. Wir bem\u00fchen uns, Ihnen die besten Produkte und den besten Kundendienst zu bieten.Wenn Sie Fragen zu den Produkten haben, k\u00f6nnen Sie sich gerne an uns wenden.<br \/>\n<div class=\"main-cross-sell\" data-asin=\"B09FSRGS1R\">\n\n\t<div class=\"WooZone-cross-sell-loader\">\n\t\t<div>\n\t\t\t<div id=\"floatingBarsG\">\n\t\t\t\t<div class=\"blockG\" id=\"rotateG_01\"><\/div>\n\t\t\t\t<div class=\"blockG\" id=\"rotateG_02\"><\/div>\n\t\t\t\t<div class=\"blockG\" id=\"rotateG_03\"><\/div>\n\t\t\t\t<div class=\"blockG\" id=\"rotateG_04\"><\/div>\n\t\t\t\t<div class=\"blockG\" id=\"rotateG_05\"><\/div>\n\t\t\t\t<div class=\"blockG\" id=\"rotateG_06\"><\/div>\n\t\t\t\t<div class=\"blockG\" id=\"rotateG_07\"><\/div>\n\t\t\t\t<div class=\"blockG\" id=\"rotateG_08\"><\/div>\n\t\t\t<\/div>\n\t\t\t<div class=\"WooZone-cross-sell-loader-text\"><\/div>\n\t\t<\/div>\n\t<\/div>\n\n\t\t\n<\/div>\n<div style=\"clear:both;\"><\/div><\/p>\n","protected":false},"excerpt":{"rendered":"<p>? \u3010Lichterkette Spezifikationen\u3011 L\u00e4nge: 30m, LED-Anzahl: 300 LEDs, Lichtfarbe: warmwei\u00df, Abstand vom Trafo bis zur ersten LED: 5m, Stromversorgung: EU-Stecker.<br \/>\n?\u30108 Modi mit Speicher Funktion\u3011LED Lichterkette verf\u00fcgt \u00fcber 8 Modi (Kombination, Lichtwelle, Sequentiell, Auf und Abblenden, Blinken, Langsames Einblenden, Funkeln, Dauerlicht). Mit speicher funktion kann es den letzten Einstellmodus ohne Reset beibehalten.<br \/>\n?\u3010IP44 Wasserdicht\u3011Mit wasserdichtem IP44-Material, Die Arbeitstemperatur liegt zwischen -20\u2103~40\u2103, sodass Sie sich bei der Verwendung im Freien keine Sorgen um schlechtes Wetter machen m\u00fcssen.<\/p>\n","protected":false},"featured_media":73742,"comment_status":"open","ping_status":"closed","template":"","meta":[],"product_brand":[],"product_cat":[2108,15622],"product_tag":[],"class_list":{"0":"post-73741","1":"product","2":"type-product","3":"status-publish","4":"has-post-thumbnail","6":"product_cat-beleuchtung","7":"product_cat-lichterketten","8":"pa_brand-putare","9":"pa_color-warmweiss","10":"pa_manufacturer-putare","11":"pa_weight-1-68212705906-pfund","13":"first","14":"instock","15":"shipping-taxable","16":"purchasable","17":"product-type-simple","18":"customify-col","19":"product-has-gallery"},"yoast_head":"<!-- This site is optimized with the Yoast SEO plugin v27.4 - https:\/\/yoast.com\/product\/yoast-seo-wordpress\/ -->\n<title>LED Lichterkette Au\u00dfen, 30M 300LED Lichterkette Strom Warmwei\u00df mit 8 Leuchtmodi &amp; Speicherfunktion, IP44 Wasserdicht\u2026 - Markt-XXL<\/title>\n<meta name=\"description\" content=\"Markt-XXL LED Lichterkette Au\u00dfen, 30M 300LED Lichterkette Strom Warmwei\u00df mit 8 Leuchtmodi &amp; Speicherfunktion, IP44 Wasserdicht\u2026\" \/>\n<meta name=\"robots\" content=\"index, follow, max-snippet:-1, max-image-preview:large, max-video-preview:-1\" \/>\n<link rel=\"canonical\" href=\"https:\/\/marktxxl.de\/markt\/produkt\/led-lichterkette-aussen-30m-300led-lichterkette-strom-warmweiss-mit-8-leuchtmodi-speicherfunktion-ip44-wasserdicht-weihnachtsbeleuchtung-fuer-balkon-garten-party-weihnachtsbaum-innen-auss\/\" \/>\n<meta property=\"og:locale\" content=\"de_DE\" \/>\n<meta property=\"og:type\" content=\"article\" \/>\n<meta property=\"og:title\" content=\"LED Lichterkette Au\u00dfen, 30M 300LED Lichterkette Strom Warmwei\u00df mit 8 Leuchtmodi &amp; Speicherfunktion, IP44 Wasserdicht\u2026 - Markt-XXL\" \/>\n<meta property=\"og:description\" content=\"Markt-XXL LED Lichterkette Au\u00dfen, 30M 300LED Lichterkette Strom Warmwei\u00df mit 8 Leuchtmodi &amp; Speicherfunktion, IP44 Wasserdicht\u2026\" \/>\n<meta property=\"og:url\" content=\"https:\/\/marktxxl.de\/markt\/produkt\/led-lichterkette-aussen-30m-300led-lichterkette-strom-warmweiss-mit-8-leuchtmodi-speicherfunktion-ip44-wasserdicht-weihnachtsbeleuchtung-fuer-balkon-garten-party-weihnachtsbaum-innen-auss\/\" \/>\n<meta property=\"og:site_name\" content=\"Markt-XXL\" \/>\n<meta property=\"article:modified_time\" content=\"2023-04-10T00:38:19+00:00\" \/>\n<meta property=\"og:image\" content=\"https:\/\/m.media-amazon.com\/images\/I\/51yr3+5bHtL._SL500_.jpg\" \/>\n\t<meta property=\"og:image:width\" content=\"500\" \/>\n\t<meta property=\"og:image:height\" content=\"500\" \/>\n\t<meta property=\"og:image:type\" content=\"image\/jpeg\" \/>\n<meta name=\"twitter:card\" content=\"summary_large_image\" \/>\n<meta name=\"twitter:label1\" content=\"Gesch\u00e4tzte Lesezeit\" \/>\n\t<meta name=\"twitter:data1\" content=\"1\u00a0Minute\" \/>\n<script type=\"application\/ld+json\" class=\"yoast-schema-graph\">{\"@context\":\"https:\\\/\\\/schema.org\",\"@graph\":[{\"@type\":\"WebPage\",\"@id\":\"https:\\\/\\\/marktxxl.de\\\/markt\\\/produkt\\\/led-lichterkette-aussen-30m-300led-lichterkette-strom-warmweiss-mit-8-leuchtmodi-speicherfunktion-ip44-wasserdicht-weihnachtsbeleuchtung-fuer-balkon-garten-party-weihnachtsbaum-innen-auss\\\/\",\"url\":\"https:\\\/\\\/marktxxl.de\\\/markt\\\/produkt\\\/led-lichterkette-aussen-30m-300led-lichterkette-strom-warmweiss-mit-8-leuchtmodi-speicherfunktion-ip44-wasserdicht-weihnachtsbeleuchtung-fuer-balkon-garten-party-weihnachtsbaum-innen-auss\\\/\",\"name\":\"LED Lichterkette Au\u00dfen, 30M 300LED Lichterkette Strom Warmwei\u00df mit 8 Leuchtmodi &amp; Speicherfunktion, IP44 Wasserdicht\u2026 - Markt-XXL\",\"isPartOf\":{\"@id\":\"https:\\\/\\\/marktxxl.de\\\/markt\\\/#website\"},\"primaryImageOfPage\":{\"@id\":\"https:\\\/\\\/marktxxl.de\\\/markt\\\/produkt\\\/led-lichterkette-aussen-30m-300led-lichterkette-strom-warmweiss-mit-8-leuchtmodi-speicherfunktion-ip44-wasserdicht-weihnachtsbeleuchtung-fuer-balkon-garten-party-weihnachtsbaum-innen-auss\\\/#primaryimage\"},\"image\":{\"@id\":\"https:\\\/\\\/marktxxl.de\\\/markt\\\/produkt\\\/led-lichterkette-aussen-30m-300led-lichterkette-strom-warmweiss-mit-8-leuchtmodi-speicherfunktion-ip44-wasserdicht-weihnachtsbeleuchtung-fuer-balkon-garten-party-weihnachtsbaum-innen-auss\\\/#primaryimage\"},\"thumbnailUrl\":\"https:\\\/\\\/m.media-amazon.com\\\/images\\\/I\\\/51yr3+5bHtL._SL500_.jpg\",\"datePublished\":\"2021-11-13T00:12:47+00:00\",\"dateModified\":\"2023-04-10T00:38:19+00:00\",\"description\":\"Markt-XXL LED Lichterkette Au\u00dfen, 30M 300LED Lichterkette Strom Warmwei\u00df mit 8 Leuchtmodi &amp; Speicherfunktion, IP44 Wasserdicht\u2026\",\"breadcrumb\":{\"@id\":\"https:\\\/\\\/marktxxl.de\\\/markt\\\/produkt\\\/led-lichterkette-aussen-30m-300led-lichterkette-strom-warmweiss-mit-8-leuchtmodi-speicherfunktion-ip44-wasserdicht-weihnachtsbeleuchtung-fuer-balkon-garten-party-weihnachtsbaum-innen-auss\\\/#breadcrumb\"},\"inLanguage\":\"de\",\"potentialAction\":[{\"@type\":\"ReadAction\",\"target\":[\"https:\\\/\\\/marktxxl.de\\\/markt\\\/produkt\\\/led-lichterkette-aussen-30m-300led-lichterkette-strom-warmweiss-mit-8-leuchtmodi-speicherfunktion-ip44-wasserdicht-weihnachtsbeleuchtung-fuer-balkon-garten-party-weihnachtsbaum-innen-auss\\\/\"]}]},{\"@type\":\"ImageObject\",\"inLanguage\":\"de\",\"@id\":\"https:\\\/\\\/marktxxl.de\\\/markt\\\/produkt\\\/led-lichterkette-aussen-30m-300led-lichterkette-strom-warmweiss-mit-8-leuchtmodi-speicherfunktion-ip44-wasserdicht-weihnachtsbeleuchtung-fuer-balkon-garten-party-weihnachtsbaum-innen-auss\\\/#primaryimage\",\"url\":\"https:\\\/\\\/m.media-amazon.com\\\/images\\\/I\\\/51yr3+5bHtL._SL500_.jpg\",\"contentUrl\":\"https:\\\/\\\/m.media-amazon.com\\\/images\\\/I\\\/51yr3+5bHtL._SL500_.jpg\",\"width\":500,\"height\":500},{\"@type\":\"BreadcrumbList\",\"@id\":\"https:\\\/\\\/marktxxl.de\\\/markt\\\/produkt\\\/led-lichterkette-aussen-30m-300led-lichterkette-strom-warmweiss-mit-8-leuchtmodi-speicherfunktion-ip44-wasserdicht-weihnachtsbeleuchtung-fuer-balkon-garten-party-weihnachtsbaum-innen-auss\\\/#breadcrumb\",\"itemListElement\":[{\"@type\":\"ListItem\",\"position\":1,\"name\":\"Startseite\",\"item\":\"https:\\\/\\\/marktxxl.de\\\/markt\\\/\"},{\"@type\":\"ListItem\",\"position\":2,\"name\":\"Markt\",\"item\":\"https:\\\/\\\/marktxxl.de\\\/markt\\\/\"},{\"@type\":\"ListItem\",\"position\":3,\"name\":\"LED Lichterkette Au\u00dfen, 30M 300LED Lichterkette Strom Warmwei\u00df mit 8 Leuchtmodi &amp; Speicherfunktion, IP44 Wasserdicht\u2026\"}]},{\"@type\":\"WebSite\",\"@id\":\"https:\\\/\\\/marktxxl.de\\\/markt\\\/#website\",\"url\":\"https:\\\/\\\/marktxxl.de\\\/markt\\\/\",\"name\":\"Markt-XXL\",\"description\":\"Ihr Markt Online\",\"publisher\":{\"@id\":\"https:\\\/\\\/marktxxl.de\\\/markt\\\/#organization\"},\"potentialAction\":[{\"@type\":\"SearchAction\",\"target\":{\"@type\":\"EntryPoint\",\"urlTemplate\":\"https:\\\/\\\/marktxxl.de\\\/markt\\\/?s={search_term_string}\"},\"query-input\":{\"@type\":\"PropertyValueSpecification\",\"valueRequired\":true,\"valueName\":\"search_term_string\"}}],\"inLanguage\":\"de\"},{\"@type\":\"Organization\",\"@id\":\"https:\\\/\\\/marktxxl.de\\\/markt\\\/#organization\",\"name\":\"Markt-XXL\",\"url\":\"https:\\\/\\\/marktxxl.de\\\/markt\\\/\",\"logo\":{\"@type\":\"ImageObject\",\"inLanguage\":\"de\",\"@id\":\"https:\\\/\\\/marktxxl.de\\\/markt\\\/#\\\/schema\\\/logo\\\/image\\\/\",\"url\":\"https:\\\/\\\/marktxxl.de\\\/markt\\\/wp-content\\\/uploads\\\/sites\\\/3\\\/2020\\\/12\\\/logo.png\",\"contentUrl\":\"https:\\\/\\\/marktxxl.de\\\/markt\\\/wp-content\\\/uploads\\\/sites\\\/3\\\/2020\\\/12\\\/logo.png\",\"width\":200,\"height\":70,\"caption\":\"Markt-XXL\"},\"image\":{\"@id\":\"https:\\\/\\\/marktxxl.de\\\/markt\\\/#\\\/schema\\\/logo\\\/image\\\/\"}}]}<\/script>\n<!-- \/ Yoast SEO plugin. -->","yoast_head_json":{"title":"LED Lichterkette Au\u00dfen, 30M 300LED Lichterkette Strom Warmwei\u00df mit 8 Leuchtmodi &amp; Speicherfunktion, IP44 Wasserdicht\u2026 - Markt-XXL","description":"Markt-XXL LED Lichterkette Au\u00dfen, 30M 300LED Lichterkette Strom Warmwei\u00df mit 8 Leuchtmodi &amp; Speicherfunktion, IP44 Wasserdicht\u2026","robots":{"index":"index","follow":"follow","max-snippet":"max-snippet:-1","max-image-preview":"max-image-preview:large","max-video-preview":"max-video-preview:-1"},"canonical":"https:\/\/marktxxl.de\/markt\/produkt\/led-lichterkette-aussen-30m-300led-lichterkette-strom-warmweiss-mit-8-leuchtmodi-speicherfunktion-ip44-wasserdicht-weihnachtsbeleuchtung-fuer-balkon-garten-party-weihnachtsbaum-innen-auss\/","og_locale":"de_DE","og_type":"article","og_title":"LED Lichterkette Au\u00dfen, 30M 300LED Lichterkette Strom Warmwei\u00df mit 8 Leuchtmodi &amp; Speicherfunktion, IP44 Wasserdicht\u2026 - Markt-XXL","og_description":"Markt-XXL LED Lichterkette Au\u00dfen, 30M 300LED Lichterkette Strom Warmwei\u00df mit 8 Leuchtmodi &amp; Speicherfunktion, IP44 Wasserdicht\u2026","og_url":"https:\/\/marktxxl.de\/markt\/produkt\/led-lichterkette-aussen-30m-300led-lichterkette-strom-warmweiss-mit-8-leuchtmodi-speicherfunktion-ip44-wasserdicht-weihnachtsbeleuchtung-fuer-balkon-garten-party-weihnachtsbaum-innen-auss\/","og_site_name":"Markt-XXL","article_modified_time":"2023-04-10T00:38:19+00:00","og_image":[{"width":500,"height":500,"url":"https:\/\/m.media-amazon.com\/images\/I\/51yr3+5bHtL._SL500_.jpg","type":"image\/jpeg"}],"twitter_card":"summary_large_image","twitter_misc":{"Gesch\u00e4tzte Lesezeit":"1\u00a0Minute"},"schema":{"@context":"https:\/\/schema.org","@graph":[{"@type":"WebPage","@id":"https:\/\/marktxxl.de\/markt\/produkt\/led-lichterkette-aussen-30m-300led-lichterkette-strom-warmweiss-mit-8-leuchtmodi-speicherfunktion-ip44-wasserdicht-weihnachtsbeleuchtung-fuer-balkon-garten-party-weihnachtsbaum-innen-auss\/","url":"https:\/\/marktxxl.de\/markt\/produkt\/led-lichterkette-aussen-30m-300led-lichterkette-strom-warmweiss-mit-8-leuchtmodi-speicherfunktion-ip44-wasserdicht-weihnachtsbeleuchtung-fuer-balkon-garten-party-weihnachtsbaum-innen-auss\/","name":"LED Lichterkette Au\u00dfen, 30M 300LED Lichterkette Strom Warmwei\u00df mit 8 Leuchtmodi &amp; Speicherfunktion, IP44 Wasserdicht\u2026 - Markt-XXL","isPartOf":{"@id":"https:\/\/marktxxl.de\/markt\/#website"},"primaryImageOfPage":{"@id":"https:\/\/marktxxl.de\/markt\/produkt\/led-lichterkette-aussen-30m-300led-lichterkette-strom-warmweiss-mit-8-leuchtmodi-speicherfunktion-ip44-wasserdicht-weihnachtsbeleuchtung-fuer-balkon-garten-party-weihnachtsbaum-innen-auss\/#primaryimage"},"image":{"@id":"https:\/\/marktxxl.de\/markt\/produkt\/led-lichterkette-aussen-30m-300led-lichterkette-strom-warmweiss-mit-8-leuchtmodi-speicherfunktion-ip44-wasserdicht-weihnachtsbeleuchtung-fuer-balkon-garten-party-weihnachtsbaum-innen-auss\/#primaryimage"},"thumbnailUrl":"https:\/\/m.media-amazon.com\/images\/I\/51yr3+5bHtL._SL500_.jpg","datePublished":"2021-11-13T00:12:47+00:00","dateModified":"2023-04-10T00:38:19+00:00","description":"Markt-XXL LED Lichterkette Au\u00dfen, 30M 300LED Lichterkette Strom Warmwei\u00df mit 8 Leuchtmodi &amp; Speicherfunktion, IP44 Wasserdicht\u2026","breadcrumb":{"@id":"https:\/\/marktxxl.de\/markt\/produkt\/led-lichterkette-aussen-30m-300led-lichterkette-strom-warmweiss-mit-8-leuchtmodi-speicherfunktion-ip44-wasserdicht-weihnachtsbeleuchtung-fuer-balkon-garten-party-weihnachtsbaum-innen-auss\/#breadcrumb"},"inLanguage":"de","potentialAction":[{"@type":"ReadAction","target":["https:\/\/marktxxl.de\/markt\/produkt\/led-lichterkette-aussen-30m-300led-lichterkette-strom-warmweiss-mit-8-leuchtmodi-speicherfunktion-ip44-wasserdicht-weihnachtsbeleuchtung-fuer-balkon-garten-party-weihnachtsbaum-innen-auss\/"]}]},{"@type":"ImageObject","inLanguage":"de","@id":"https:\/\/marktxxl.de\/markt\/produkt\/led-lichterkette-aussen-30m-300led-lichterkette-strom-warmweiss-mit-8-leuchtmodi-speicherfunktion-ip44-wasserdicht-weihnachtsbeleuchtung-fuer-balkon-garten-party-weihnachtsbaum-innen-auss\/#primaryimage","url":"https:\/\/m.media-amazon.com\/images\/I\/51yr3+5bHtL._SL500_.jpg","contentUrl":"https:\/\/m.media-amazon.com\/images\/I\/51yr3+5bHtL._SL500_.jpg","width":500,"height":500},{"@type":"BreadcrumbList","@id":"https:\/\/marktxxl.de\/markt\/produkt\/led-lichterkette-aussen-30m-300led-lichterkette-strom-warmweiss-mit-8-leuchtmodi-speicherfunktion-ip44-wasserdicht-weihnachtsbeleuchtung-fuer-balkon-garten-party-weihnachtsbaum-innen-auss\/#breadcrumb","itemListElement":[{"@type":"ListItem","position":1,"name":"Startseite","item":"https:\/\/marktxxl.de\/markt\/"},{"@type":"ListItem","position":2,"name":"Markt","item":"https:\/\/marktxxl.de\/markt\/"},{"@type":"ListItem","position":3,"name":"LED Lichterkette Au\u00dfen, 30M 300LED Lichterkette Strom Warmwei\u00df mit 8 Leuchtmodi &amp; Speicherfunktion, IP44 Wasserdicht\u2026"}]},{"@type":"WebSite","@id":"https:\/\/marktxxl.de\/markt\/#website","url":"https:\/\/marktxxl.de\/markt\/","name":"Markt-XXL","description":"Ihr Markt Online","publisher":{"@id":"https:\/\/marktxxl.de\/markt\/#organization"},"potentialAction":[{"@type":"SearchAction","target":{"@type":"EntryPoint","urlTemplate":"https:\/\/marktxxl.de\/markt\/?s={search_term_string}"},"query-input":{"@type":"PropertyValueSpecification","valueRequired":true,"valueName":"search_term_string"}}],"inLanguage":"de"},{"@type":"Organization","@id":"https:\/\/marktxxl.de\/markt\/#organization","name":"Markt-XXL","url":"https:\/\/marktxxl.de\/markt\/","logo":{"@type":"ImageObject","inLanguage":"de","@id":"https:\/\/marktxxl.de\/markt\/#\/schema\/logo\/image\/","url":"https:\/\/marktxxl.de\/markt\/wp-content\/uploads\/sites\/3\/2020\/12\/logo.png","contentUrl":"https:\/\/marktxxl.de\/markt\/wp-content\/uploads\/sites\/3\/2020\/12\/logo.png","width":200,"height":70,"caption":"Markt-XXL"},"image":{"@id":"https:\/\/marktxxl.de\/markt\/#\/schema\/logo\/image\/"}}]}},"_links":{"self":[{"href":"https:\/\/marktxxl.de\/markt\/wp-json\/wp\/v2\/product\/73741","targetHints":{"allow":["GET"]}}],"collection":[{"href":"https:\/\/marktxxl.de\/markt\/wp-json\/wp\/v2\/product"}],"about":[{"href":"https:\/\/marktxxl.de\/markt\/wp-json\/wp\/v2\/types\/product"}],"replies":[{"embeddable":true,"href":"https:\/\/marktxxl.de\/markt\/wp-json\/wp\/v2\/comments?post=73741"}],"wp:featuredmedia":[{"embeddable":true,"href":"https:\/\/marktxxl.de\/markt\/wp-json\/wp\/v2\/media\/73742"}],"wp:attachment":[{"href":"https:\/\/marktxxl.de\/markt\/wp-json\/wp\/v2\/media?parent=73741"}],"wp:term":[{"taxonomy":"product_brand","embeddable":true,"href":"https:\/\/marktxxl.de\/markt\/wp-json\/wp\/v2\/product_brand?post=73741"},{"taxonomy":"product_cat","embeddable":true,"href":"https:\/\/marktxxl.de\/markt\/wp-json\/wp\/v2\/product_cat?post=73741"},{"taxonomy":"product_tag","embeddable":true,"href":"https:\/\/marktxxl.de\/markt\/wp-json\/wp\/v2\/product_tag?post=73741"}],"curies":[{"name":"wp","href":"https:\/\/api.w.org\/{rel}","templated":true}]}}