{"id":73620,"date":"2021-11-13T01:03:32","date_gmt":"2021-11-13T00:03:32","guid":{"rendered":"https:\/\/marktxxl.de\/markt\/produkt\/dicuno-e27-socket-extender-lampensockeladapter-e26-e27-lampenfassung-gluehlampen-konverter-fuer-led-lampen-und-cfl-lampen\/"},"modified":"2023-04-10T02:38:15","modified_gmt":"2023-04-10T00:38:15","slug":"dicuno-e27-socket-extender-lampensockeladapter-e26-e27-lampenfassung-gluehlampen-konverter-fuer-led-lampen-und-cfl-lampen","status":"publish","type":"product","link":"https:\/\/marktxxl.de\/markt\/produkt\/dicuno-e27-socket-extender-lampensockeladapter-e26-e27-lampenfassung-gluehlampen-konverter-fuer-led-lampen-und-cfl-lampen\/","title":{"rendered":"DiCUNO E27 6,5CM Verl\u00e4ngerung, Socket Extender Lampensockeladapter, E27 Lampenfassung Gl\u00fchlampen-Konverter f\u00fcr LED\u2026"},"content":{"rendered":"<p>VERL\u00c4NGERTE L\u00c4NGE: Gl\u00fchlampenfu\u00df um 6.5 cm verl\u00e4ngern. Ein idealer Extender ist, die Gl\u00fchbirnen in der Einbauleuchte weiter zu senken und das Licht in 360 Grad zu streuen, um den Raum heller zu machen.<br \/>\nEINFACH ZU INSTALLIEREN: Die E26 \/ E27-Steckdosenverl\u00e4ngerung erweitert Ihre vorhandene E26 \/ E27-Schraubbefestigung \/ Halterung. Sie k\u00f6nnen Lampen einfach damit verschrauben. Sie m\u00fcssen Ihre Leuchte nicht ersetzen, da die Lampen nicht angeschraubt werden k\u00f6nnen.<br \/>\nHOHE QUALIT\u00c4T: Aus flammhemmendem PBT. Hitzebest\u00e4ndig bis 165 \u00b0 C, daher hochtemperaturbest\u00e4ndig und langlebig. CE-zertifiziert.<br \/>\nWATTAGE RANGE: 0 ~ 200W. Perfekte Arbeit f\u00fcr 0-250 V und am besten f\u00fcr LED \/ CFL-Lampen mit breiter Basis.<br \/>\nGARANTIE: 3 Monate R\u00fcckerstattungsservice und 1 Jahr Garantie. Sie k\u00f6nnen uns gerne kontaktieren.<br \/>\n<div class=\"main-cross-sell\" data-asin=\"B07K2T9WT4\">\n\n\t<div class=\"WooZone-cross-sell-loader\">\n\t\t<div>\n\t\t\t<div id=\"floatingBarsG\">\n\t\t\t\t<div class=\"blockG\" id=\"rotateG_01\"><\/div>\n\t\t\t\t<div class=\"blockG\" id=\"rotateG_02\"><\/div>\n\t\t\t\t<div class=\"blockG\" id=\"rotateG_03\"><\/div>\n\t\t\t\t<div class=\"blockG\" id=\"rotateG_04\"><\/div>\n\t\t\t\t<div class=\"blockG\" id=\"rotateG_05\"><\/div>\n\t\t\t\t<div class=\"blockG\" id=\"rotateG_06\"><\/div>\n\t\t\t\t<div class=\"blockG\" id=\"rotateG_07\"><\/div>\n\t\t\t\t<div class=\"blockG\" id=\"rotateG_08\"><\/div>\n\t\t\t<\/div>\n\t\t\t<div class=\"WooZone-cross-sell-loader-text\"><\/div>\n\t\t<\/div>\n\t<\/div>\n\n\t\t\n<\/div>\n<div style=\"clear:both;\"><\/div><\/p>\n","protected":false},"excerpt":{"rendered":"<p>VERL\u00c4NGERTE L\u00c4NGE: Gl\u00fchlampenfu\u00df um 6.5 cm verl\u00e4ngern. Ein idealer Extender ist, die Gl\u00fchbirnen in der Einbauleuchte weiter zu senken und das Licht in 360 Grad zu streuen, um den Raum heller zu machen.<br \/>\nEINFACH ZU INSTALLIEREN: Die E26 \/ E27-Steckdosenverl\u00e4ngerung erweitert Ihre vorhandene E26 \/ E27-Schraubbefestigung \/ Halterung. Sie k\u00f6nnen Lampen einfach damit verschrauben. Sie m\u00fcssen Ihre Leuchte nicht ersetzen, da die Lampen nicht angeschraubt werden k\u00f6nnen.<br \/>\nHOHE QUALIT\u00c4T: Aus flammhemmendem PBT. Hitzebest\u00e4ndig bis 165 \u00b0 C, daher hochtemperaturbest\u00e4ndig und langlebig. CE-zertifiziert.<\/p>\n","protected":false},"featured_media":73621,"comment_status":"open","ping_status":"closed","template":"","meta":[],"product_brand":[],"product_cat":[2108,11509],"product_tag":[],"class_list":{"0":"post-73620","1":"product","2":"type-product","3":"status-publish","4":"has-post-thumbnail","6":"product_cat-beleuchtung","7":"product_cat-innenbeleuchtung","8":"pa_brand-dicuno","9":"pa_manufacturer-dicuno","11":"first","12":"instock","13":"shipping-taxable","14":"purchasable","15":"product-type-simple","16":"customify-col","17":"product-has-gallery"},"yoast_head":"<!-- This site is optimized with the Yoast SEO plugin v27.4 - https:\/\/yoast.com\/product\/yoast-seo-wordpress\/ -->\n<title>DiCUNO E27 6,5CM Verl\u00e4ngerung, Socket Extender Lampensockeladapter, E27 Lampenfassung Gl\u00fchlampen-Konverter f\u00fcr LED\u2026 - Markt-XXL<\/title>\n<meta name=\"description\" content=\"Markt-XXL DiCUNO E27 6,5CM Verl\u00e4ngerung, Socket Extender Lampensockeladapter, E27 Lampenfassung Gl\u00fchlampen-Konverter f\u00fcr LED\u2026\" \/>\n<meta name=\"robots\" content=\"index, follow, max-snippet:-1, max-image-preview:large, max-video-preview:-1\" \/>\n<link rel=\"canonical\" href=\"https:\/\/marktxxl.de\/markt\/produkt\/dicuno-e27-socket-extender-lampensockeladapter-e26-e27-lampenfassung-gluehlampen-konverter-fuer-led-lampen-und-cfl-lampen\/\" \/>\n<meta property=\"og:locale\" content=\"de_DE\" \/>\n<meta property=\"og:type\" content=\"article\" \/>\n<meta property=\"og:title\" content=\"DiCUNO E27 6,5CM Verl\u00e4ngerung, Socket Extender Lampensockeladapter, E27 Lampenfassung Gl\u00fchlampen-Konverter f\u00fcr LED\u2026 - Markt-XXL\" \/>\n<meta property=\"og:description\" content=\"Markt-XXL DiCUNO E27 6,5CM Verl\u00e4ngerung, Socket Extender Lampensockeladapter, E27 Lampenfassung Gl\u00fchlampen-Konverter f\u00fcr LED\u2026\" \/>\n<meta property=\"og:url\" content=\"https:\/\/marktxxl.de\/markt\/produkt\/dicuno-e27-socket-extender-lampensockeladapter-e26-e27-lampenfassung-gluehlampen-konverter-fuer-led-lampen-und-cfl-lampen\/\" \/>\n<meta property=\"og:site_name\" content=\"Markt-XXL\" \/>\n<meta property=\"article:modified_time\" content=\"2023-04-10T00:38:15+00:00\" \/>\n<meta property=\"og:image\" content=\"https:\/\/m.media-amazon.com\/images\/I\/31G3WB+R8lL._SL500_.jpg\" \/>\n\t<meta property=\"og:image:width\" content=\"500\" \/>\n\t<meta property=\"og:image:height\" content=\"500\" \/>\n\t<meta property=\"og:image:type\" content=\"image\/jpeg\" \/>\n<meta name=\"twitter:card\" content=\"summary_large_image\" \/>\n<meta name=\"twitter:label1\" content=\"Gesch\u00e4tzte Lesezeit\" \/>\n\t<meta name=\"twitter:data1\" content=\"1\u00a0Minute\" \/>\n<script type=\"application\/ld+json\" class=\"yoast-schema-graph\">{\"@context\":\"https:\\\/\\\/schema.org\",\"@graph\":[{\"@type\":\"WebPage\",\"@id\":\"https:\\\/\\\/marktxxl.de\\\/markt\\\/produkt\\\/dicuno-e27-socket-extender-lampensockeladapter-e26-e27-lampenfassung-gluehlampen-konverter-fuer-led-lampen-und-cfl-lampen\\\/\",\"url\":\"https:\\\/\\\/marktxxl.de\\\/markt\\\/produkt\\\/dicuno-e27-socket-extender-lampensockeladapter-e26-e27-lampenfassung-gluehlampen-konverter-fuer-led-lampen-und-cfl-lampen\\\/\",\"name\":\"DiCUNO E27 6,5CM Verl\u00e4ngerung, Socket Extender Lampensockeladapter, E27 Lampenfassung Gl\u00fchlampen-Konverter f\u00fcr LED\u2026 - Markt-XXL\",\"isPartOf\":{\"@id\":\"https:\\\/\\\/marktxxl.de\\\/markt\\\/#website\"},\"primaryImageOfPage\":{\"@id\":\"https:\\\/\\\/marktxxl.de\\\/markt\\\/produkt\\\/dicuno-e27-socket-extender-lampensockeladapter-e26-e27-lampenfassung-gluehlampen-konverter-fuer-led-lampen-und-cfl-lampen\\\/#primaryimage\"},\"image\":{\"@id\":\"https:\\\/\\\/marktxxl.de\\\/markt\\\/produkt\\\/dicuno-e27-socket-extender-lampensockeladapter-e26-e27-lampenfassung-gluehlampen-konverter-fuer-led-lampen-und-cfl-lampen\\\/#primaryimage\"},\"thumbnailUrl\":\"https:\\\/\\\/m.media-amazon.com\\\/images\\\/I\\\/31G3WB+R8lL._SL500_.jpg\",\"datePublished\":\"2021-11-13T00:03:32+00:00\",\"dateModified\":\"2023-04-10T00:38:15+00:00\",\"description\":\"Markt-XXL DiCUNO E27 6,5CM Verl\u00e4ngerung, Socket Extender Lampensockeladapter, E27 Lampenfassung Gl\u00fchlampen-Konverter f\u00fcr LED\u2026\",\"breadcrumb\":{\"@id\":\"https:\\\/\\\/marktxxl.de\\\/markt\\\/produkt\\\/dicuno-e27-socket-extender-lampensockeladapter-e26-e27-lampenfassung-gluehlampen-konverter-fuer-led-lampen-und-cfl-lampen\\\/#breadcrumb\"},\"inLanguage\":\"de\",\"potentialAction\":[{\"@type\":\"ReadAction\",\"target\":[\"https:\\\/\\\/marktxxl.de\\\/markt\\\/produkt\\\/dicuno-e27-socket-extender-lampensockeladapter-e26-e27-lampenfassung-gluehlampen-konverter-fuer-led-lampen-und-cfl-lampen\\\/\"]}]},{\"@type\":\"ImageObject\",\"inLanguage\":\"de\",\"@id\":\"https:\\\/\\\/marktxxl.de\\\/markt\\\/produkt\\\/dicuno-e27-socket-extender-lampensockeladapter-e26-e27-lampenfassung-gluehlampen-konverter-fuer-led-lampen-und-cfl-lampen\\\/#primaryimage\",\"url\":\"https:\\\/\\\/m.media-amazon.com\\\/images\\\/I\\\/31G3WB+R8lL._SL500_.jpg\",\"contentUrl\":\"https:\\\/\\\/m.media-amazon.com\\\/images\\\/I\\\/31G3WB+R8lL._SL500_.jpg\",\"width\":500,\"height\":500},{\"@type\":\"BreadcrumbList\",\"@id\":\"https:\\\/\\\/marktxxl.de\\\/markt\\\/produkt\\\/dicuno-e27-socket-extender-lampensockeladapter-e26-e27-lampenfassung-gluehlampen-konverter-fuer-led-lampen-und-cfl-lampen\\\/#breadcrumb\",\"itemListElement\":[{\"@type\":\"ListItem\",\"position\":1,\"name\":\"Startseite\",\"item\":\"https:\\\/\\\/marktxxl.de\\\/markt\\\/\"},{\"@type\":\"ListItem\",\"position\":2,\"name\":\"Markt\",\"item\":\"https:\\\/\\\/marktxxl.de\\\/markt\\\/\"},{\"@type\":\"ListItem\",\"position\":3,\"name\":\"DiCUNO E27 6,5CM Verl\u00e4ngerung, Socket Extender Lampensockeladapter, E27 Lampenfassung Gl\u00fchlampen-Konverter f\u00fcr LED\u2026\"}]},{\"@type\":\"WebSite\",\"@id\":\"https:\\\/\\\/marktxxl.de\\\/markt\\\/#website\",\"url\":\"https:\\\/\\\/marktxxl.de\\\/markt\\\/\",\"name\":\"Markt-XXL\",\"description\":\"Ihr Markt Online\",\"publisher\":{\"@id\":\"https:\\\/\\\/marktxxl.de\\\/markt\\\/#organization\"},\"potentialAction\":[{\"@type\":\"SearchAction\",\"target\":{\"@type\":\"EntryPoint\",\"urlTemplate\":\"https:\\\/\\\/marktxxl.de\\\/markt\\\/?s={search_term_string}\"},\"query-input\":{\"@type\":\"PropertyValueSpecification\",\"valueRequired\":true,\"valueName\":\"search_term_string\"}}],\"inLanguage\":\"de\"},{\"@type\":\"Organization\",\"@id\":\"https:\\\/\\\/marktxxl.de\\\/markt\\\/#organization\",\"name\":\"Markt-XXL\",\"url\":\"https:\\\/\\\/marktxxl.de\\\/markt\\\/\",\"logo\":{\"@type\":\"ImageObject\",\"inLanguage\":\"de\",\"@id\":\"https:\\\/\\\/marktxxl.de\\\/markt\\\/#\\\/schema\\\/logo\\\/image\\\/\",\"url\":\"https:\\\/\\\/marktxxl.de\\\/markt\\\/wp-content\\\/uploads\\\/sites\\\/3\\\/2020\\\/12\\\/logo.png\",\"contentUrl\":\"https:\\\/\\\/marktxxl.de\\\/markt\\\/wp-content\\\/uploads\\\/sites\\\/3\\\/2020\\\/12\\\/logo.png\",\"width\":200,\"height\":70,\"caption\":\"Markt-XXL\"},\"image\":{\"@id\":\"https:\\\/\\\/marktxxl.de\\\/markt\\\/#\\\/schema\\\/logo\\\/image\\\/\"}}]}<\/script>\n<!-- \/ Yoast SEO plugin. -->","yoast_head_json":{"title":"DiCUNO E27 6,5CM Verl\u00e4ngerung, Socket Extender Lampensockeladapter, E27 Lampenfassung Gl\u00fchlampen-Konverter f\u00fcr LED\u2026 - Markt-XXL","description":"Markt-XXL DiCUNO E27 6,5CM Verl\u00e4ngerung, Socket Extender Lampensockeladapter, E27 Lampenfassung Gl\u00fchlampen-Konverter f\u00fcr LED\u2026","robots":{"index":"index","follow":"follow","max-snippet":"max-snippet:-1","max-image-preview":"max-image-preview:large","max-video-preview":"max-video-preview:-1"},"canonical":"https:\/\/marktxxl.de\/markt\/produkt\/dicuno-e27-socket-extender-lampensockeladapter-e26-e27-lampenfassung-gluehlampen-konverter-fuer-led-lampen-und-cfl-lampen\/","og_locale":"de_DE","og_type":"article","og_title":"DiCUNO E27 6,5CM Verl\u00e4ngerung, Socket Extender Lampensockeladapter, E27 Lampenfassung Gl\u00fchlampen-Konverter f\u00fcr LED\u2026 - Markt-XXL","og_description":"Markt-XXL DiCUNO E27 6,5CM Verl\u00e4ngerung, Socket Extender Lampensockeladapter, E27 Lampenfassung Gl\u00fchlampen-Konverter f\u00fcr LED\u2026","og_url":"https:\/\/marktxxl.de\/markt\/produkt\/dicuno-e27-socket-extender-lampensockeladapter-e26-e27-lampenfassung-gluehlampen-konverter-fuer-led-lampen-und-cfl-lampen\/","og_site_name":"Markt-XXL","article_modified_time":"2023-04-10T00:38:15+00:00","og_image":[{"width":500,"height":500,"url":"https:\/\/m.media-amazon.com\/images\/I\/31G3WB+R8lL._SL500_.jpg","type":"image\/jpeg"}],"twitter_card":"summary_large_image","twitter_misc":{"Gesch\u00e4tzte Lesezeit":"1\u00a0Minute"},"schema":{"@context":"https:\/\/schema.org","@graph":[{"@type":"WebPage","@id":"https:\/\/marktxxl.de\/markt\/produkt\/dicuno-e27-socket-extender-lampensockeladapter-e26-e27-lampenfassung-gluehlampen-konverter-fuer-led-lampen-und-cfl-lampen\/","url":"https:\/\/marktxxl.de\/markt\/produkt\/dicuno-e27-socket-extender-lampensockeladapter-e26-e27-lampenfassung-gluehlampen-konverter-fuer-led-lampen-und-cfl-lampen\/","name":"DiCUNO E27 6,5CM Verl\u00e4ngerung, Socket Extender Lampensockeladapter, E27 Lampenfassung Gl\u00fchlampen-Konverter f\u00fcr LED\u2026 - Markt-XXL","isPartOf":{"@id":"https:\/\/marktxxl.de\/markt\/#website"},"primaryImageOfPage":{"@id":"https:\/\/marktxxl.de\/markt\/produkt\/dicuno-e27-socket-extender-lampensockeladapter-e26-e27-lampenfassung-gluehlampen-konverter-fuer-led-lampen-und-cfl-lampen\/#primaryimage"},"image":{"@id":"https:\/\/marktxxl.de\/markt\/produkt\/dicuno-e27-socket-extender-lampensockeladapter-e26-e27-lampenfassung-gluehlampen-konverter-fuer-led-lampen-und-cfl-lampen\/#primaryimage"},"thumbnailUrl":"https:\/\/m.media-amazon.com\/images\/I\/31G3WB+R8lL._SL500_.jpg","datePublished":"2021-11-13T00:03:32+00:00","dateModified":"2023-04-10T00:38:15+00:00","description":"Markt-XXL DiCUNO E27 6,5CM Verl\u00e4ngerung, Socket Extender Lampensockeladapter, E27 Lampenfassung Gl\u00fchlampen-Konverter f\u00fcr LED\u2026","breadcrumb":{"@id":"https:\/\/marktxxl.de\/markt\/produkt\/dicuno-e27-socket-extender-lampensockeladapter-e26-e27-lampenfassung-gluehlampen-konverter-fuer-led-lampen-und-cfl-lampen\/#breadcrumb"},"inLanguage":"de","potentialAction":[{"@type":"ReadAction","target":["https:\/\/marktxxl.de\/markt\/produkt\/dicuno-e27-socket-extender-lampensockeladapter-e26-e27-lampenfassung-gluehlampen-konverter-fuer-led-lampen-und-cfl-lampen\/"]}]},{"@type":"ImageObject","inLanguage":"de","@id":"https:\/\/marktxxl.de\/markt\/produkt\/dicuno-e27-socket-extender-lampensockeladapter-e26-e27-lampenfassung-gluehlampen-konverter-fuer-led-lampen-und-cfl-lampen\/#primaryimage","url":"https:\/\/m.media-amazon.com\/images\/I\/31G3WB+R8lL._SL500_.jpg","contentUrl":"https:\/\/m.media-amazon.com\/images\/I\/31G3WB+R8lL._SL500_.jpg","width":500,"height":500},{"@type":"BreadcrumbList","@id":"https:\/\/marktxxl.de\/markt\/produkt\/dicuno-e27-socket-extender-lampensockeladapter-e26-e27-lampenfassung-gluehlampen-konverter-fuer-led-lampen-und-cfl-lampen\/#breadcrumb","itemListElement":[{"@type":"ListItem","position":1,"name":"Startseite","item":"https:\/\/marktxxl.de\/markt\/"},{"@type":"ListItem","position":2,"name":"Markt","item":"https:\/\/marktxxl.de\/markt\/"},{"@type":"ListItem","position":3,"name":"DiCUNO E27 6,5CM Verl\u00e4ngerung, Socket Extender Lampensockeladapter, E27 Lampenfassung Gl\u00fchlampen-Konverter f\u00fcr LED\u2026"}]},{"@type":"WebSite","@id":"https:\/\/marktxxl.de\/markt\/#website","url":"https:\/\/marktxxl.de\/markt\/","name":"Markt-XXL","description":"Ihr Markt Online","publisher":{"@id":"https:\/\/marktxxl.de\/markt\/#organization"},"potentialAction":[{"@type":"SearchAction","target":{"@type":"EntryPoint","urlTemplate":"https:\/\/marktxxl.de\/markt\/?s={search_term_string}"},"query-input":{"@type":"PropertyValueSpecification","valueRequired":true,"valueName":"search_term_string"}}],"inLanguage":"de"},{"@type":"Organization","@id":"https:\/\/marktxxl.de\/markt\/#organization","name":"Markt-XXL","url":"https:\/\/marktxxl.de\/markt\/","logo":{"@type":"ImageObject","inLanguage":"de","@id":"https:\/\/marktxxl.de\/markt\/#\/schema\/logo\/image\/","url":"https:\/\/marktxxl.de\/markt\/wp-content\/uploads\/sites\/3\/2020\/12\/logo.png","contentUrl":"https:\/\/marktxxl.de\/markt\/wp-content\/uploads\/sites\/3\/2020\/12\/logo.png","width":200,"height":70,"caption":"Markt-XXL"},"image":{"@id":"https:\/\/marktxxl.de\/markt\/#\/schema\/logo\/image\/"}}]}},"_links":{"self":[{"href":"https:\/\/marktxxl.de\/markt\/wp-json\/wp\/v2\/product\/73620","targetHints":{"allow":["GET"]}}],"collection":[{"href":"https:\/\/marktxxl.de\/markt\/wp-json\/wp\/v2\/product"}],"about":[{"href":"https:\/\/marktxxl.de\/markt\/wp-json\/wp\/v2\/types\/product"}],"replies":[{"embeddable":true,"href":"https:\/\/marktxxl.de\/markt\/wp-json\/wp\/v2\/comments?post=73620"}],"wp:featuredmedia":[{"embeddable":true,"href":"https:\/\/marktxxl.de\/markt\/wp-json\/wp\/v2\/media\/73621"}],"wp:attachment":[{"href":"https:\/\/marktxxl.de\/markt\/wp-json\/wp\/v2\/media?parent=73620"}],"wp:term":[{"taxonomy":"product_brand","embeddable":true,"href":"https:\/\/marktxxl.de\/markt\/wp-json\/wp\/v2\/product_brand?post=73620"},{"taxonomy":"product_cat","embeddable":true,"href":"https:\/\/marktxxl.de\/markt\/wp-json\/wp\/v2\/product_cat?post=73620"},{"taxonomy":"product_tag","embeddable":true,"href":"https:\/\/marktxxl.de\/markt\/wp-json\/wp\/v2\/product_tag?post=73620"}],"curies":[{"name":"wp","href":"https:\/\/api.w.org\/{rel}","templated":true}]}}