{"id":73472,"date":"2021-11-13T00:58:06","date_gmt":"2021-11-12T23:58:06","guid":{"rendered":"https:\/\/marktxxl.de\/markt\/produkt\/mikalino-babybody-kurzarm-mama-hat-noch-eine-kleine-ueberraschung-fuer-dich-mich-papa-100-handbedruckt-in-deutschland-bei-60-grad-waschbar-mit-spruch\/"},"modified":"2023-04-10T02:38:14","modified_gmt":"2023-04-10T00:38:14","slug":"mikalino-babybody-kurzarm-mama-hat-noch-eine-kleine-ueberraschung-fuer-dich-mich-papa-100-handbedruckt-in-deutschland-bei-60-grad-waschbar-mit-spruch","status":"publish","type":"product","link":"https:\/\/marktxxl.de\/markt\/produkt\/mikalino-babybody-kurzarm-mama-hat-noch-eine-kleine-ueberraschung-fuer-dich-mich-papa-100-handbedruckt-in-deutschland-bei-60-grad-waschbar-mit-spruch\/","title":{"rendered":"miKalino Babybody kurzarm Mama hat noch eine kleine \u00dcberraschung f\u00fcr Dich.. Mich ! | Papa 100% handbedruckt in\u2026"},"content":{"rendered":"<p>100% MIKALINO Babybody | Design: Mama hat noch eine kleine \u00dcberraschung f\u00fcr Dich.. Mich ! | Papa | Da wird Papa garantiert feuchte Augen bekommen, wenn Mama ihn mit dieser frohen Botschaft \u00fcberrascht. | handbedruckt in Deutschland (Solingen) in verschiedenen Farben und Gr\u00f6\u00dfen<br \/>\n100% QUALIT\u00c4T: Mikalino Baby Body mit kurzen \u00c4rmeln aus 100% Interlock Bio-Baumwolle, mit OEKO-TEX 100 Standard und faire Handelskette (heathergrey 90% Bio-Baumwolle \/ 10% Viskose)<br \/>\n100% LIEBEVOLL: Unsere Baby und Kinderkleidung wird mit den klassischen und sehr hochwertigen Druckverfahren in Deutschland (Solingen) per Hand bedruckt. Dadurch erzielen wir eine sehr gute Waschbest\u00e4ndigkeit (bis 60 Grad) was gerade bei Babykleidung wichtig ist.<br \/>\nPERFEKTES GESCHENK: Entdecke viele weitere tolle Motive in unserem Amazon-H\u00e4ndlershop, ein Klick auf unseren Markennamen gen\u00fcgt<br \/>\nTOLLE PASSFORM: Die Shirts von Mikalino haben eine erstklassige Passform und sind sehr angenehm zu tragen.<br \/>\n<div class=\"main-cross-sell\" data-asin=\"B07KQ5CLM6\">\n\n\t<div class=\"WooZone-cross-sell-loader\">\n\t\t<div>\n\t\t\t<div id=\"floatingBarsG\">\n\t\t\t\t<div class=\"blockG\" id=\"rotateG_01\"><\/div>\n\t\t\t\t<div class=\"blockG\" id=\"rotateG_02\"><\/div>\n\t\t\t\t<div class=\"blockG\" id=\"rotateG_03\"><\/div>\n\t\t\t\t<div class=\"blockG\" id=\"rotateG_04\"><\/div>\n\t\t\t\t<div class=\"blockG\" id=\"rotateG_05\"><\/div>\n\t\t\t\t<div class=\"blockG\" id=\"rotateG_06\"><\/div>\n\t\t\t\t<div class=\"blockG\" id=\"rotateG_07\"><\/div>\n\t\t\t\t<div class=\"blockG\" id=\"rotateG_08\"><\/div>\n\t\t\t<\/div>\n\t\t\t<div class=\"WooZone-cross-sell-loader-text\"><\/div>\n\t\t<\/div>\n\t<\/div>\n\n\t\t\n<\/div>\n<div style=\"clear:both;\"><\/div><\/p>\n","protected":false},"excerpt":{"rendered":"<p>100% MIKALINO Babybody | Design: Mama hat noch eine kleine \u00dcberraschung f\u00fcr Dich.. Mich ! | Papa | Da wird Papa garantiert feuchte Augen bekommen, wenn Mama ihn mit dieser frohen Botschaft \u00fcberrascht. | handbedruckt in Deutschland (Solingen) in verschiedenen Farben und Gr\u00f6\u00dfen<br \/>\n100% QUALIT\u00c4T: Mikalino Baby Body mit kurzen \u00c4rmeln aus 100% Interlock Bio-Baumwolle, mit OEKO-TEX 100 Standard und faire Handelskette (heathergrey 90% Bio-Baumwolle \/ 10% Viskose)<br \/>\n100% LIEBEVOLL: Unsere Baby und Kinderkleidung wird mit den klassischen und sehr hochwertigen Druckverfahren in Deutschland (Solingen) per Hand bedruckt. Dadurch erzielen wir eine sehr gute Waschbest\u00e4ndigkeit (bis 60 Grad) was gerade bei Babykleidung wichtig ist.<\/p>\n","protected":false},"featured_media":73473,"comment_status":"open","ping_status":"closed","template":"","meta":[],"product_brand":[],"product_cat":[1186,4069],"product_tag":[],"class_list":{"0":"post-73472","1":"product","2":"type-product","3":"status-publish","4":"has-post-thumbnail","6":"product_cat-bekleidung","7":"product_cat-spezielle-anlaesse","8":"pa_brand-mikalino","9":"pa_manufacturer-mikalino","11":"first","12":"instock","13":"shipping-taxable","14":"purchasable","15":"product-type-simple","16":"customify-col","17":"product-has-gallery"},"yoast_head":"<!-- This site is optimized with the Yoast SEO plugin v27.3 - https:\/\/yoast.com\/product\/yoast-seo-wordpress\/ -->\n<title>miKalino Babybody kurzarm Mama hat noch eine kleine \u00dcberraschung f\u00fcr Dich.. Mich ! | Papa 100% handbedruckt in\u2026 - Markt-XXL<\/title>\n<meta name=\"description\" content=\"Markt-XXL miKalino Babybody kurzarm Mama hat noch eine kleine \u00dcberraschung f\u00fcr Dich.. Mich ! | Papa 100% handbedruckt in\u2026\" \/>\n<meta name=\"robots\" content=\"index, follow, max-snippet:-1, max-image-preview:large, max-video-preview:-1\" \/>\n<link rel=\"canonical\" href=\"https:\/\/marktxxl.de\/markt\/produkt\/mikalino-babybody-kurzarm-mama-hat-noch-eine-kleine-ueberraschung-fuer-dich-mich-papa-100-handbedruckt-in-deutschland-bei-60-grad-waschbar-mit-spruch\/\" \/>\n<meta property=\"og:locale\" content=\"de_DE\" \/>\n<meta property=\"og:type\" content=\"article\" \/>\n<meta property=\"og:title\" content=\"miKalino Babybody kurzarm Mama hat noch eine kleine \u00dcberraschung f\u00fcr Dich.. Mich ! | Papa 100% handbedruckt in\u2026 - Markt-XXL\" \/>\n<meta property=\"og:description\" content=\"Markt-XXL miKalino Babybody kurzarm Mama hat noch eine kleine \u00dcberraschung f\u00fcr Dich.. Mich ! | Papa 100% handbedruckt in\u2026\" \/>\n<meta property=\"og:url\" content=\"https:\/\/marktxxl.de\/markt\/produkt\/mikalino-babybody-kurzarm-mama-hat-noch-eine-kleine-ueberraschung-fuer-dich-mich-papa-100-handbedruckt-in-deutschland-bei-60-grad-waschbar-mit-spruch\/\" \/>\n<meta property=\"og:site_name\" content=\"Markt-XXL\" \/>\n<meta property=\"article:modified_time\" content=\"2023-04-10T00:38:14+00:00\" \/>\n<meta property=\"og:image\" content=\"https:\/\/m.media-amazon.com\/images\/I\/41EdipIgozS._SL500_.jpg\" \/>\n\t<meta property=\"og:image:width\" content=\"390\" \/>\n\t<meta property=\"og:image:height\" content=\"500\" \/>\n\t<meta property=\"og:image:type\" content=\"image\/jpeg\" \/>\n<meta name=\"twitter:card\" content=\"summary_large_image\" \/>\n<meta name=\"twitter:label1\" content=\"Gesch\u00e4tzte Lesezeit\" \/>\n\t<meta name=\"twitter:data1\" content=\"1\u00a0Minute\" \/>\n<script type=\"application\/ld+json\" class=\"yoast-schema-graph\">{\"@context\":\"https:\\\/\\\/schema.org\",\"@graph\":[{\"@type\":\"WebPage\",\"@id\":\"https:\\\/\\\/marktxxl.de\\\/markt\\\/produkt\\\/mikalino-babybody-kurzarm-mama-hat-noch-eine-kleine-ueberraschung-fuer-dich-mich-papa-100-handbedruckt-in-deutschland-bei-60-grad-waschbar-mit-spruch\\\/\",\"url\":\"https:\\\/\\\/marktxxl.de\\\/markt\\\/produkt\\\/mikalino-babybody-kurzarm-mama-hat-noch-eine-kleine-ueberraschung-fuer-dich-mich-papa-100-handbedruckt-in-deutschland-bei-60-grad-waschbar-mit-spruch\\\/\",\"name\":\"miKalino Babybody kurzarm Mama hat noch eine kleine \u00dcberraschung f\u00fcr Dich.. Mich ! | Papa 100% handbedruckt in\u2026 - Markt-XXL\",\"isPartOf\":{\"@id\":\"https:\\\/\\\/marktxxl.de\\\/markt\\\/#website\"},\"primaryImageOfPage\":{\"@id\":\"https:\\\/\\\/marktxxl.de\\\/markt\\\/produkt\\\/mikalino-babybody-kurzarm-mama-hat-noch-eine-kleine-ueberraschung-fuer-dich-mich-papa-100-handbedruckt-in-deutschland-bei-60-grad-waschbar-mit-spruch\\\/#primaryimage\"},\"image\":{\"@id\":\"https:\\\/\\\/marktxxl.de\\\/markt\\\/produkt\\\/mikalino-babybody-kurzarm-mama-hat-noch-eine-kleine-ueberraschung-fuer-dich-mich-papa-100-handbedruckt-in-deutschland-bei-60-grad-waschbar-mit-spruch\\\/#primaryimage\"},\"thumbnailUrl\":\"https:\\\/\\\/m.media-amazon.com\\\/images\\\/I\\\/41EdipIgozS._SL500_.jpg\",\"datePublished\":\"2021-11-12T23:58:06+00:00\",\"dateModified\":\"2023-04-10T00:38:14+00:00\",\"description\":\"Markt-XXL miKalino Babybody kurzarm Mama hat noch eine kleine \u00dcberraschung f\u00fcr Dich.. Mich ! | Papa 100% handbedruckt in\u2026\",\"breadcrumb\":{\"@id\":\"https:\\\/\\\/marktxxl.de\\\/markt\\\/produkt\\\/mikalino-babybody-kurzarm-mama-hat-noch-eine-kleine-ueberraschung-fuer-dich-mich-papa-100-handbedruckt-in-deutschland-bei-60-grad-waschbar-mit-spruch\\\/#breadcrumb\"},\"inLanguage\":\"de\",\"potentialAction\":[{\"@type\":\"ReadAction\",\"target\":[\"https:\\\/\\\/marktxxl.de\\\/markt\\\/produkt\\\/mikalino-babybody-kurzarm-mama-hat-noch-eine-kleine-ueberraschung-fuer-dich-mich-papa-100-handbedruckt-in-deutschland-bei-60-grad-waschbar-mit-spruch\\\/\"]}]},{\"@type\":\"ImageObject\",\"inLanguage\":\"de\",\"@id\":\"https:\\\/\\\/marktxxl.de\\\/markt\\\/produkt\\\/mikalino-babybody-kurzarm-mama-hat-noch-eine-kleine-ueberraschung-fuer-dich-mich-papa-100-handbedruckt-in-deutschland-bei-60-grad-waschbar-mit-spruch\\\/#primaryimage\",\"url\":\"https:\\\/\\\/m.media-amazon.com\\\/images\\\/I\\\/41EdipIgozS._SL500_.jpg\",\"contentUrl\":\"https:\\\/\\\/m.media-amazon.com\\\/images\\\/I\\\/41EdipIgozS._SL500_.jpg\",\"width\":390,\"height\":500},{\"@type\":\"BreadcrumbList\",\"@id\":\"https:\\\/\\\/marktxxl.de\\\/markt\\\/produkt\\\/mikalino-babybody-kurzarm-mama-hat-noch-eine-kleine-ueberraschung-fuer-dich-mich-papa-100-handbedruckt-in-deutschland-bei-60-grad-waschbar-mit-spruch\\\/#breadcrumb\",\"itemListElement\":[{\"@type\":\"ListItem\",\"position\":1,\"name\":\"Startseite\",\"item\":\"https:\\\/\\\/marktxxl.de\\\/markt\\\/\"},{\"@type\":\"ListItem\",\"position\":2,\"name\":\"Markt\",\"item\":\"https:\\\/\\\/marktxxl.de\\\/markt\\\/\"},{\"@type\":\"ListItem\",\"position\":3,\"name\":\"miKalino Babybody kurzarm Mama hat noch eine kleine \u00dcberraschung f\u00fcr Dich.. Mich ! | Papa 100% handbedruckt in\u2026\"}]},{\"@type\":\"WebSite\",\"@id\":\"https:\\\/\\\/marktxxl.de\\\/markt\\\/#website\",\"url\":\"https:\\\/\\\/marktxxl.de\\\/markt\\\/\",\"name\":\"Markt-XXL\",\"description\":\"Ihr Markt Online\",\"publisher\":{\"@id\":\"https:\\\/\\\/marktxxl.de\\\/markt\\\/#organization\"},\"potentialAction\":[{\"@type\":\"SearchAction\",\"target\":{\"@type\":\"EntryPoint\",\"urlTemplate\":\"https:\\\/\\\/marktxxl.de\\\/markt\\\/?s={search_term_string}\"},\"query-input\":{\"@type\":\"PropertyValueSpecification\",\"valueRequired\":true,\"valueName\":\"search_term_string\"}}],\"inLanguage\":\"de\"},{\"@type\":\"Organization\",\"@id\":\"https:\\\/\\\/marktxxl.de\\\/markt\\\/#organization\",\"name\":\"Markt-XXL\",\"url\":\"https:\\\/\\\/marktxxl.de\\\/markt\\\/\",\"logo\":{\"@type\":\"ImageObject\",\"inLanguage\":\"de\",\"@id\":\"https:\\\/\\\/marktxxl.de\\\/markt\\\/#\\\/schema\\\/logo\\\/image\\\/\",\"url\":\"https:\\\/\\\/marktxxl.de\\\/markt\\\/wp-content\\\/uploads\\\/sites\\\/3\\\/2020\\\/12\\\/logo.png\",\"contentUrl\":\"https:\\\/\\\/marktxxl.de\\\/markt\\\/wp-content\\\/uploads\\\/sites\\\/3\\\/2020\\\/12\\\/logo.png\",\"width\":200,\"height\":70,\"caption\":\"Markt-XXL\"},\"image\":{\"@id\":\"https:\\\/\\\/marktxxl.de\\\/markt\\\/#\\\/schema\\\/logo\\\/image\\\/\"}}]}<\/script>\n<!-- \/ Yoast SEO plugin. -->","yoast_head_json":{"title":"miKalino Babybody kurzarm Mama hat noch eine kleine \u00dcberraschung f\u00fcr Dich.. Mich ! | Papa 100% handbedruckt in\u2026 - Markt-XXL","description":"Markt-XXL miKalino Babybody kurzarm Mama hat noch eine kleine \u00dcberraschung f\u00fcr Dich.. Mich ! | Papa 100% handbedruckt in\u2026","robots":{"index":"index","follow":"follow","max-snippet":"max-snippet:-1","max-image-preview":"max-image-preview:large","max-video-preview":"max-video-preview:-1"},"canonical":"https:\/\/marktxxl.de\/markt\/produkt\/mikalino-babybody-kurzarm-mama-hat-noch-eine-kleine-ueberraschung-fuer-dich-mich-papa-100-handbedruckt-in-deutschland-bei-60-grad-waschbar-mit-spruch\/","og_locale":"de_DE","og_type":"article","og_title":"miKalino Babybody kurzarm Mama hat noch eine kleine \u00dcberraschung f\u00fcr Dich.. Mich ! | Papa 100% handbedruckt in\u2026 - Markt-XXL","og_description":"Markt-XXL miKalino Babybody kurzarm Mama hat noch eine kleine \u00dcberraschung f\u00fcr Dich.. Mich ! | Papa 100% handbedruckt in\u2026","og_url":"https:\/\/marktxxl.de\/markt\/produkt\/mikalino-babybody-kurzarm-mama-hat-noch-eine-kleine-ueberraschung-fuer-dich-mich-papa-100-handbedruckt-in-deutschland-bei-60-grad-waschbar-mit-spruch\/","og_site_name":"Markt-XXL","article_modified_time":"2023-04-10T00:38:14+00:00","og_image":[{"width":390,"height":500,"url":"https:\/\/m.media-amazon.com\/images\/I\/41EdipIgozS._SL500_.jpg","type":"image\/jpeg"}],"twitter_card":"summary_large_image","twitter_misc":{"Gesch\u00e4tzte Lesezeit":"1\u00a0Minute"},"schema":{"@context":"https:\/\/schema.org","@graph":[{"@type":"WebPage","@id":"https:\/\/marktxxl.de\/markt\/produkt\/mikalino-babybody-kurzarm-mama-hat-noch-eine-kleine-ueberraschung-fuer-dich-mich-papa-100-handbedruckt-in-deutschland-bei-60-grad-waschbar-mit-spruch\/","url":"https:\/\/marktxxl.de\/markt\/produkt\/mikalino-babybody-kurzarm-mama-hat-noch-eine-kleine-ueberraschung-fuer-dich-mich-papa-100-handbedruckt-in-deutschland-bei-60-grad-waschbar-mit-spruch\/","name":"miKalino Babybody kurzarm Mama hat noch eine kleine \u00dcberraschung f\u00fcr Dich.. Mich ! | Papa 100% handbedruckt in\u2026 - Markt-XXL","isPartOf":{"@id":"https:\/\/marktxxl.de\/markt\/#website"},"primaryImageOfPage":{"@id":"https:\/\/marktxxl.de\/markt\/produkt\/mikalino-babybody-kurzarm-mama-hat-noch-eine-kleine-ueberraschung-fuer-dich-mich-papa-100-handbedruckt-in-deutschland-bei-60-grad-waschbar-mit-spruch\/#primaryimage"},"image":{"@id":"https:\/\/marktxxl.de\/markt\/produkt\/mikalino-babybody-kurzarm-mama-hat-noch-eine-kleine-ueberraschung-fuer-dich-mich-papa-100-handbedruckt-in-deutschland-bei-60-grad-waschbar-mit-spruch\/#primaryimage"},"thumbnailUrl":"https:\/\/m.media-amazon.com\/images\/I\/41EdipIgozS._SL500_.jpg","datePublished":"2021-11-12T23:58:06+00:00","dateModified":"2023-04-10T00:38:14+00:00","description":"Markt-XXL miKalino Babybody kurzarm Mama hat noch eine kleine \u00dcberraschung f\u00fcr Dich.. Mich ! | Papa 100% handbedruckt in\u2026","breadcrumb":{"@id":"https:\/\/marktxxl.de\/markt\/produkt\/mikalino-babybody-kurzarm-mama-hat-noch-eine-kleine-ueberraschung-fuer-dich-mich-papa-100-handbedruckt-in-deutschland-bei-60-grad-waschbar-mit-spruch\/#breadcrumb"},"inLanguage":"de","potentialAction":[{"@type":"ReadAction","target":["https:\/\/marktxxl.de\/markt\/produkt\/mikalino-babybody-kurzarm-mama-hat-noch-eine-kleine-ueberraschung-fuer-dich-mich-papa-100-handbedruckt-in-deutschland-bei-60-grad-waschbar-mit-spruch\/"]}]},{"@type":"ImageObject","inLanguage":"de","@id":"https:\/\/marktxxl.de\/markt\/produkt\/mikalino-babybody-kurzarm-mama-hat-noch-eine-kleine-ueberraschung-fuer-dich-mich-papa-100-handbedruckt-in-deutschland-bei-60-grad-waschbar-mit-spruch\/#primaryimage","url":"https:\/\/m.media-amazon.com\/images\/I\/41EdipIgozS._SL500_.jpg","contentUrl":"https:\/\/m.media-amazon.com\/images\/I\/41EdipIgozS._SL500_.jpg","width":390,"height":500},{"@type":"BreadcrumbList","@id":"https:\/\/marktxxl.de\/markt\/produkt\/mikalino-babybody-kurzarm-mama-hat-noch-eine-kleine-ueberraschung-fuer-dich-mich-papa-100-handbedruckt-in-deutschland-bei-60-grad-waschbar-mit-spruch\/#breadcrumb","itemListElement":[{"@type":"ListItem","position":1,"name":"Startseite","item":"https:\/\/marktxxl.de\/markt\/"},{"@type":"ListItem","position":2,"name":"Markt","item":"https:\/\/marktxxl.de\/markt\/"},{"@type":"ListItem","position":3,"name":"miKalino Babybody kurzarm Mama hat noch eine kleine \u00dcberraschung f\u00fcr Dich.. Mich ! | Papa 100% handbedruckt in\u2026"}]},{"@type":"WebSite","@id":"https:\/\/marktxxl.de\/markt\/#website","url":"https:\/\/marktxxl.de\/markt\/","name":"Markt-XXL","description":"Ihr Markt Online","publisher":{"@id":"https:\/\/marktxxl.de\/markt\/#organization"},"potentialAction":[{"@type":"SearchAction","target":{"@type":"EntryPoint","urlTemplate":"https:\/\/marktxxl.de\/markt\/?s={search_term_string}"},"query-input":{"@type":"PropertyValueSpecification","valueRequired":true,"valueName":"search_term_string"}}],"inLanguage":"de"},{"@type":"Organization","@id":"https:\/\/marktxxl.de\/markt\/#organization","name":"Markt-XXL","url":"https:\/\/marktxxl.de\/markt\/","logo":{"@type":"ImageObject","inLanguage":"de","@id":"https:\/\/marktxxl.de\/markt\/#\/schema\/logo\/image\/","url":"https:\/\/marktxxl.de\/markt\/wp-content\/uploads\/sites\/3\/2020\/12\/logo.png","contentUrl":"https:\/\/marktxxl.de\/markt\/wp-content\/uploads\/sites\/3\/2020\/12\/logo.png","width":200,"height":70,"caption":"Markt-XXL"},"image":{"@id":"https:\/\/marktxxl.de\/markt\/#\/schema\/logo\/image\/"}}]}},"_links":{"self":[{"href":"https:\/\/marktxxl.de\/markt\/wp-json\/wp\/v2\/product\/73472","targetHints":{"allow":["GET"]}}],"collection":[{"href":"https:\/\/marktxxl.de\/markt\/wp-json\/wp\/v2\/product"}],"about":[{"href":"https:\/\/marktxxl.de\/markt\/wp-json\/wp\/v2\/types\/product"}],"replies":[{"embeddable":true,"href":"https:\/\/marktxxl.de\/markt\/wp-json\/wp\/v2\/comments?post=73472"}],"wp:featuredmedia":[{"embeddable":true,"href":"https:\/\/marktxxl.de\/markt\/wp-json\/wp\/v2\/media\/73473"}],"wp:attachment":[{"href":"https:\/\/marktxxl.de\/markt\/wp-json\/wp\/v2\/media?parent=73472"}],"wp:term":[{"taxonomy":"product_brand","embeddable":true,"href":"https:\/\/marktxxl.de\/markt\/wp-json\/wp\/v2\/product_brand?post=73472"},{"taxonomy":"product_cat","embeddable":true,"href":"https:\/\/marktxxl.de\/markt\/wp-json\/wp\/v2\/product_cat?post=73472"},{"taxonomy":"product_tag","embeddable":true,"href":"https:\/\/marktxxl.de\/markt\/wp-json\/wp\/v2\/product_tag?post=73472"}],"curies":[{"name":"wp","href":"https:\/\/api.w.org\/{rel}","templated":true}]}}