{"id":73464,"date":"2021-11-13T00:58:03","date_gmt":"2021-11-12T23:58:03","guid":{"rendered":"https:\/\/marktxxl.de\/markt\/produkt\/nickelodeon-jungs-paw-patrol-charakter-cotton-baseballmuetze-2-stueck-design-set\/"},"modified":"2023-04-10T02:38:14","modified_gmt":"2023-04-10T00:38:14","slug":"nickelodeon-jungs-paw-patrol-charakter-cotton-baseballmuetze-2-stueck-design-set","status":"publish","type":"product","link":"https:\/\/marktxxl.de\/markt\/produkt\/nickelodeon-jungs-paw-patrol-charakter-cotton-baseballmuetze-2-stueck-design-set\/","title":{"rendered":"Nickelodeon Jungs Paw Patrol Charakter Cotton Baseballm\u00fctze, 2 St\u00fcck Design Set"},"content":{"rendered":"<p>\u00e2 &#8230; 2 PIECE DESIGNSET: Kleinkind und kleine Jungs 2-teiliges Set Design der heroischen Paw Patrol Zeichen von Nickel Paw Patrol kennzeichnet. \u00e2~ &#8230; 2 PIECE Variety Set: 1. Kappe kennzeichnet blau mit Chase Design. 2. Kappe mit einem roten und blauen mit Marshall, Chase und Schutt Character Design.<br \/>\n\u00e2~ &#8230; QUALIT\u00c4T: 5-Panel-Baseball-Kappen sind aus strapazierf\u00e4higem Baumwoll-Twill. Kennzeichnet bunte Zeichenbilder, gekr\u00fcmmten Rand, eine Innenschwei\u00dfband f\u00fcr Schwei\u00df-Schutz und ein Klettverschluss f\u00fcr einfache Anpassungen.<br \/>\n\u00e2 &#8230; in mehreren Gr\u00f6\u00dfen: f\u00fcr Kleinkind und kleine Jungs und in den Gr\u00f6\u00dfen f\u00fcr das Alter 2-4 und 4-7 Jahre. \u00e2 &#8230; ungef\u00e4hre Abmessungen: AGE 2-4 &#8211; 7&#8243; (L) x 7&#8243; (W) x 6&#8243; (H) &#8211; 51 cm Krempe 2,5&#8243; betr\u00e4gt. (L) x 6&#8243; (W) AGE 4-7. &#8211; 7.5&#8243; (L) x 7,5&#8243; (W) x 6,5&#8243; (H) &#8211; 53 cm. Krempe ist 2,5&#8243; (L) x 6,5&#8243; (W).<br \/>\n\u00e2 &#8230; FUN und praktisch: Er wird f\u00fcr alle seine t\u00e4glichen Aktivit\u00e4ten mit diesem Spa\u00df bereit sein, einzigartig gestalteten Baseball-Kappen. Er kann Mix-and-Match zwischen den beiden Kappen f\u00fcr einen spielerischen Blick auf diesen Spa\u00df, erlebnisreiche Tage. Nickel Blaze Zubeh\u00f6r sind gro\u00dfe Geschenke, die Jungen zu tragen lieben werden.<br \/>\n\u00e2~ &#8230; PFLEGE: Handw\u00e4sche kalt mit wie Farben. Nicht-Chlorbleiche. Zum Trocknen flach hinlegen. Kein B\u00fcgeln. \u00e2 &#8230; LICENSED: Offiziell lizenziert Nickel Paw Patrol Produkt.<br \/>\n<div class=\"main-cross-sell\" data-asin=\"B07P6GDTCK\">\n\n\t<div class=\"WooZone-cross-sell-loader\">\n\t\t<div>\n\t\t\t<div id=\"floatingBarsG\">\n\t\t\t\t<div class=\"blockG\" id=\"rotateG_01\"><\/div>\n\t\t\t\t<div class=\"blockG\" id=\"rotateG_02\"><\/div>\n\t\t\t\t<div class=\"blockG\" id=\"rotateG_03\"><\/div>\n\t\t\t\t<div class=\"blockG\" id=\"rotateG_04\"><\/div>\n\t\t\t\t<div class=\"blockG\" id=\"rotateG_05\"><\/div>\n\t\t\t\t<div class=\"blockG\" id=\"rotateG_06\"><\/div>\n\t\t\t\t<div class=\"blockG\" id=\"rotateG_07\"><\/div>\n\t\t\t\t<div class=\"blockG\" id=\"rotateG_08\"><\/div>\n\t\t\t<\/div>\n\t\t\t<div class=\"WooZone-cross-sell-loader-text\"><\/div>\n\t\t<\/div>\n\t<\/div>\n\n\t\t\n<\/div>\n<div style=\"clear:both;\"><\/div><\/p>\n","protected":false},"excerpt":{"rendered":"<p>\u00e2 &#8230; 2 PIECE DESIGNSET: Kleinkind und kleine Jungs 2-teiliges Set Design der heroischen Paw Patrol Zeichen von Nickel Paw Patrol kennzeichnet. \u00e2~ &#8230; 2 PIECE Variety Set: 1. Kappe kennzeichnet blau mit Chase Design. 2. Kappe mit einem roten und blauen mit Marshall, Chase und Schutt Character Design.<br \/>\n\u00e2~ &#8230; QUALIT\u00c4T: 5-Panel-Baseball-Kappen sind aus strapazierf\u00e4higem Baumwoll-Twill. Kennzeichnet bunte Zeichenbilder, gekr\u00fcmmten Rand, eine Innenschwei\u00dfband f\u00fcr Schwei\u00df-Schutz und ein Klettverschluss f\u00fcr einfache Anpassungen.<br \/>\n\u00e2 &#8230; in mehreren Gr\u00f6\u00dfen: f\u00fcr Kleinkind und kleine Jungs und in den Gr\u00f6\u00dfen f\u00fcr das Alter 2-4 und 4-7 Jahre. \u00e2 &#8230; ungef\u00e4hre Abmessungen: AGE 2-4 &#8211; 7&#8243; (L) x 7&#8243; (W) x 6&#8243; (H) &#8211; 51 cm Krempe 2,5&#8243; betr\u00e4gt. (L) x 6&#8243; (W) AGE 4-7. &#8211; 7.5&#8243; (L) x 7,5&#8243; (W) x 6,5&#8243; (H) &#8211; 53 cm. Krempe ist 2,5&#8243; (L) x 6,5&#8243; (W).<\/p>\n","protected":false},"featured_media":73465,"comment_status":"open","ping_status":"closed","template":"","meta":[],"product_brand":[],"product_cat":[1186,4034],"product_tag":[],"class_list":{"0":"post-73464","1":"product","2":"type-product","3":"status-publish","4":"has-post-thumbnail","6":"product_cat-bekleidung","7":"product_cat-jungen","8":"pa_binding-textilien","9":"pa_brand-nickelodeon","10":"pa_manufacturer-nickelodeon","12":"first","13":"instock","14":"shipping-taxable","15":"purchasable","16":"product-type-simple","17":"customify-col","18":"product-has-gallery"},"yoast_head":"<!-- This site is optimized with the Yoast SEO plugin v27.3 - https:\/\/yoast.com\/product\/yoast-seo-wordpress\/ -->\n<title>Nickelodeon Jungs Paw Patrol Charakter Cotton Baseballm\u00fctze, 2 St\u00fcck Design Set - Markt-XXL<\/title>\n<meta name=\"description\" content=\"Markt-XXL Nickelodeon Jungs Paw Patrol Charakter Cotton Baseballm\u00fctze, 2 St\u00fcck Design Set\" \/>\n<meta name=\"robots\" content=\"index, follow, max-snippet:-1, max-image-preview:large, max-video-preview:-1\" \/>\n<link rel=\"canonical\" href=\"https:\/\/marktxxl.de\/markt\/produkt\/nickelodeon-jungs-paw-patrol-charakter-cotton-baseballmuetze-2-stueck-design-set\/\" \/>\n<meta property=\"og:locale\" content=\"de_DE\" \/>\n<meta property=\"og:type\" content=\"article\" \/>\n<meta property=\"og:title\" content=\"Nickelodeon Jungs Paw Patrol Charakter Cotton Baseballm\u00fctze, 2 St\u00fcck Design Set - Markt-XXL\" \/>\n<meta property=\"og:description\" content=\"Markt-XXL Nickelodeon Jungs Paw Patrol Charakter Cotton Baseballm\u00fctze, 2 St\u00fcck Design Set\" \/>\n<meta property=\"og:url\" content=\"https:\/\/marktxxl.de\/markt\/produkt\/nickelodeon-jungs-paw-patrol-charakter-cotton-baseballmuetze-2-stueck-design-set\/\" \/>\n<meta property=\"og:site_name\" content=\"Markt-XXL\" \/>\n<meta property=\"article:modified_time\" content=\"2023-04-10T00:38:14+00:00\" \/>\n<meta property=\"og:image\" content=\"https:\/\/m.media-amazon.com\/images\/I\/51u-lLwbGAS._SL500_.jpg\" \/>\n\t<meta property=\"og:image:width\" content=\"400\" \/>\n\t<meta property=\"og:image:height\" content=\"500\" \/>\n\t<meta property=\"og:image:type\" content=\"image\/jpeg\" \/>\n<meta name=\"twitter:card\" content=\"summary_large_image\" \/>\n<meta name=\"twitter:label1\" content=\"Gesch\u00e4tzte Lesezeit\" \/>\n\t<meta name=\"twitter:data1\" content=\"1\u00a0Minute\" \/>\n<script type=\"application\/ld+json\" class=\"yoast-schema-graph\">{\"@context\":\"https:\\\/\\\/schema.org\",\"@graph\":[{\"@type\":\"WebPage\",\"@id\":\"https:\\\/\\\/marktxxl.de\\\/markt\\\/produkt\\\/nickelodeon-jungs-paw-patrol-charakter-cotton-baseballmuetze-2-stueck-design-set\\\/\",\"url\":\"https:\\\/\\\/marktxxl.de\\\/markt\\\/produkt\\\/nickelodeon-jungs-paw-patrol-charakter-cotton-baseballmuetze-2-stueck-design-set\\\/\",\"name\":\"Nickelodeon Jungs Paw Patrol Charakter Cotton Baseballm\u00fctze, 2 St\u00fcck Design Set - Markt-XXL\",\"isPartOf\":{\"@id\":\"https:\\\/\\\/marktxxl.de\\\/markt\\\/#website\"},\"primaryImageOfPage\":{\"@id\":\"https:\\\/\\\/marktxxl.de\\\/markt\\\/produkt\\\/nickelodeon-jungs-paw-patrol-charakter-cotton-baseballmuetze-2-stueck-design-set\\\/#primaryimage\"},\"image\":{\"@id\":\"https:\\\/\\\/marktxxl.de\\\/markt\\\/produkt\\\/nickelodeon-jungs-paw-patrol-charakter-cotton-baseballmuetze-2-stueck-design-set\\\/#primaryimage\"},\"thumbnailUrl\":\"https:\\\/\\\/m.media-amazon.com\\\/images\\\/I\\\/51u-lLwbGAS._SL500_.jpg\",\"datePublished\":\"2021-11-12T23:58:03+00:00\",\"dateModified\":\"2023-04-10T00:38:14+00:00\",\"description\":\"Markt-XXL Nickelodeon Jungs Paw Patrol Charakter Cotton Baseballm\u00fctze, 2 St\u00fcck Design Set\",\"breadcrumb\":{\"@id\":\"https:\\\/\\\/marktxxl.de\\\/markt\\\/produkt\\\/nickelodeon-jungs-paw-patrol-charakter-cotton-baseballmuetze-2-stueck-design-set\\\/#breadcrumb\"},\"inLanguage\":\"de\",\"potentialAction\":[{\"@type\":\"ReadAction\",\"target\":[\"https:\\\/\\\/marktxxl.de\\\/markt\\\/produkt\\\/nickelodeon-jungs-paw-patrol-charakter-cotton-baseballmuetze-2-stueck-design-set\\\/\"]}]},{\"@type\":\"ImageObject\",\"inLanguage\":\"de\",\"@id\":\"https:\\\/\\\/marktxxl.de\\\/markt\\\/produkt\\\/nickelodeon-jungs-paw-patrol-charakter-cotton-baseballmuetze-2-stueck-design-set\\\/#primaryimage\",\"url\":\"https:\\\/\\\/m.media-amazon.com\\\/images\\\/I\\\/51u-lLwbGAS._SL500_.jpg\",\"contentUrl\":\"https:\\\/\\\/m.media-amazon.com\\\/images\\\/I\\\/51u-lLwbGAS._SL500_.jpg\",\"width\":400,\"height\":500},{\"@type\":\"BreadcrumbList\",\"@id\":\"https:\\\/\\\/marktxxl.de\\\/markt\\\/produkt\\\/nickelodeon-jungs-paw-patrol-charakter-cotton-baseballmuetze-2-stueck-design-set\\\/#breadcrumb\",\"itemListElement\":[{\"@type\":\"ListItem\",\"position\":1,\"name\":\"Startseite\",\"item\":\"https:\\\/\\\/marktxxl.de\\\/markt\\\/\"},{\"@type\":\"ListItem\",\"position\":2,\"name\":\"Markt\",\"item\":\"https:\\\/\\\/marktxxl.de\\\/markt\\\/\"},{\"@type\":\"ListItem\",\"position\":3,\"name\":\"Nickelodeon Jungs Paw Patrol Charakter Cotton Baseballm\u00fctze, 2 St\u00fcck Design Set\"}]},{\"@type\":\"WebSite\",\"@id\":\"https:\\\/\\\/marktxxl.de\\\/markt\\\/#website\",\"url\":\"https:\\\/\\\/marktxxl.de\\\/markt\\\/\",\"name\":\"Markt-XXL\",\"description\":\"Ihr Markt Online\",\"publisher\":{\"@id\":\"https:\\\/\\\/marktxxl.de\\\/markt\\\/#organization\"},\"potentialAction\":[{\"@type\":\"SearchAction\",\"target\":{\"@type\":\"EntryPoint\",\"urlTemplate\":\"https:\\\/\\\/marktxxl.de\\\/markt\\\/?s={search_term_string}\"},\"query-input\":{\"@type\":\"PropertyValueSpecification\",\"valueRequired\":true,\"valueName\":\"search_term_string\"}}],\"inLanguage\":\"de\"},{\"@type\":\"Organization\",\"@id\":\"https:\\\/\\\/marktxxl.de\\\/markt\\\/#organization\",\"name\":\"Markt-XXL\",\"url\":\"https:\\\/\\\/marktxxl.de\\\/markt\\\/\",\"logo\":{\"@type\":\"ImageObject\",\"inLanguage\":\"de\",\"@id\":\"https:\\\/\\\/marktxxl.de\\\/markt\\\/#\\\/schema\\\/logo\\\/image\\\/\",\"url\":\"https:\\\/\\\/marktxxl.de\\\/markt\\\/wp-content\\\/uploads\\\/sites\\\/3\\\/2020\\\/12\\\/logo.png\",\"contentUrl\":\"https:\\\/\\\/marktxxl.de\\\/markt\\\/wp-content\\\/uploads\\\/sites\\\/3\\\/2020\\\/12\\\/logo.png\",\"width\":200,\"height\":70,\"caption\":\"Markt-XXL\"},\"image\":{\"@id\":\"https:\\\/\\\/marktxxl.de\\\/markt\\\/#\\\/schema\\\/logo\\\/image\\\/\"}}]}<\/script>\n<!-- \/ Yoast SEO plugin. -->","yoast_head_json":{"title":"Nickelodeon Jungs Paw Patrol Charakter Cotton Baseballm\u00fctze, 2 St\u00fcck Design Set - Markt-XXL","description":"Markt-XXL Nickelodeon Jungs Paw Patrol Charakter Cotton Baseballm\u00fctze, 2 St\u00fcck Design Set","robots":{"index":"index","follow":"follow","max-snippet":"max-snippet:-1","max-image-preview":"max-image-preview:large","max-video-preview":"max-video-preview:-1"},"canonical":"https:\/\/marktxxl.de\/markt\/produkt\/nickelodeon-jungs-paw-patrol-charakter-cotton-baseballmuetze-2-stueck-design-set\/","og_locale":"de_DE","og_type":"article","og_title":"Nickelodeon Jungs Paw Patrol Charakter Cotton Baseballm\u00fctze, 2 St\u00fcck Design Set - Markt-XXL","og_description":"Markt-XXL Nickelodeon Jungs Paw Patrol Charakter Cotton Baseballm\u00fctze, 2 St\u00fcck Design Set","og_url":"https:\/\/marktxxl.de\/markt\/produkt\/nickelodeon-jungs-paw-patrol-charakter-cotton-baseballmuetze-2-stueck-design-set\/","og_site_name":"Markt-XXL","article_modified_time":"2023-04-10T00:38:14+00:00","og_image":[{"width":400,"height":500,"url":"https:\/\/m.media-amazon.com\/images\/I\/51u-lLwbGAS._SL500_.jpg","type":"image\/jpeg"}],"twitter_card":"summary_large_image","twitter_misc":{"Gesch\u00e4tzte Lesezeit":"1\u00a0Minute"},"schema":{"@context":"https:\/\/schema.org","@graph":[{"@type":"WebPage","@id":"https:\/\/marktxxl.de\/markt\/produkt\/nickelodeon-jungs-paw-patrol-charakter-cotton-baseballmuetze-2-stueck-design-set\/","url":"https:\/\/marktxxl.de\/markt\/produkt\/nickelodeon-jungs-paw-patrol-charakter-cotton-baseballmuetze-2-stueck-design-set\/","name":"Nickelodeon Jungs Paw Patrol Charakter Cotton Baseballm\u00fctze, 2 St\u00fcck Design Set - Markt-XXL","isPartOf":{"@id":"https:\/\/marktxxl.de\/markt\/#website"},"primaryImageOfPage":{"@id":"https:\/\/marktxxl.de\/markt\/produkt\/nickelodeon-jungs-paw-patrol-charakter-cotton-baseballmuetze-2-stueck-design-set\/#primaryimage"},"image":{"@id":"https:\/\/marktxxl.de\/markt\/produkt\/nickelodeon-jungs-paw-patrol-charakter-cotton-baseballmuetze-2-stueck-design-set\/#primaryimage"},"thumbnailUrl":"https:\/\/m.media-amazon.com\/images\/I\/51u-lLwbGAS._SL500_.jpg","datePublished":"2021-11-12T23:58:03+00:00","dateModified":"2023-04-10T00:38:14+00:00","description":"Markt-XXL Nickelodeon Jungs Paw Patrol Charakter Cotton Baseballm\u00fctze, 2 St\u00fcck Design Set","breadcrumb":{"@id":"https:\/\/marktxxl.de\/markt\/produkt\/nickelodeon-jungs-paw-patrol-charakter-cotton-baseballmuetze-2-stueck-design-set\/#breadcrumb"},"inLanguage":"de","potentialAction":[{"@type":"ReadAction","target":["https:\/\/marktxxl.de\/markt\/produkt\/nickelodeon-jungs-paw-patrol-charakter-cotton-baseballmuetze-2-stueck-design-set\/"]}]},{"@type":"ImageObject","inLanguage":"de","@id":"https:\/\/marktxxl.de\/markt\/produkt\/nickelodeon-jungs-paw-patrol-charakter-cotton-baseballmuetze-2-stueck-design-set\/#primaryimage","url":"https:\/\/m.media-amazon.com\/images\/I\/51u-lLwbGAS._SL500_.jpg","contentUrl":"https:\/\/m.media-amazon.com\/images\/I\/51u-lLwbGAS._SL500_.jpg","width":400,"height":500},{"@type":"BreadcrumbList","@id":"https:\/\/marktxxl.de\/markt\/produkt\/nickelodeon-jungs-paw-patrol-charakter-cotton-baseballmuetze-2-stueck-design-set\/#breadcrumb","itemListElement":[{"@type":"ListItem","position":1,"name":"Startseite","item":"https:\/\/marktxxl.de\/markt\/"},{"@type":"ListItem","position":2,"name":"Markt","item":"https:\/\/marktxxl.de\/markt\/"},{"@type":"ListItem","position":3,"name":"Nickelodeon Jungs Paw Patrol Charakter Cotton Baseballm\u00fctze, 2 St\u00fcck Design Set"}]},{"@type":"WebSite","@id":"https:\/\/marktxxl.de\/markt\/#website","url":"https:\/\/marktxxl.de\/markt\/","name":"Markt-XXL","description":"Ihr Markt Online","publisher":{"@id":"https:\/\/marktxxl.de\/markt\/#organization"},"potentialAction":[{"@type":"SearchAction","target":{"@type":"EntryPoint","urlTemplate":"https:\/\/marktxxl.de\/markt\/?s={search_term_string}"},"query-input":{"@type":"PropertyValueSpecification","valueRequired":true,"valueName":"search_term_string"}}],"inLanguage":"de"},{"@type":"Organization","@id":"https:\/\/marktxxl.de\/markt\/#organization","name":"Markt-XXL","url":"https:\/\/marktxxl.de\/markt\/","logo":{"@type":"ImageObject","inLanguage":"de","@id":"https:\/\/marktxxl.de\/markt\/#\/schema\/logo\/image\/","url":"https:\/\/marktxxl.de\/markt\/wp-content\/uploads\/sites\/3\/2020\/12\/logo.png","contentUrl":"https:\/\/marktxxl.de\/markt\/wp-content\/uploads\/sites\/3\/2020\/12\/logo.png","width":200,"height":70,"caption":"Markt-XXL"},"image":{"@id":"https:\/\/marktxxl.de\/markt\/#\/schema\/logo\/image\/"}}]}},"_links":{"self":[{"href":"https:\/\/marktxxl.de\/markt\/wp-json\/wp\/v2\/product\/73464","targetHints":{"allow":["GET"]}}],"collection":[{"href":"https:\/\/marktxxl.de\/markt\/wp-json\/wp\/v2\/product"}],"about":[{"href":"https:\/\/marktxxl.de\/markt\/wp-json\/wp\/v2\/types\/product"}],"replies":[{"embeddable":true,"href":"https:\/\/marktxxl.de\/markt\/wp-json\/wp\/v2\/comments?post=73464"}],"wp:featuredmedia":[{"embeddable":true,"href":"https:\/\/marktxxl.de\/markt\/wp-json\/wp\/v2\/media\/73465"}],"wp:attachment":[{"href":"https:\/\/marktxxl.de\/markt\/wp-json\/wp\/v2\/media?parent=73464"}],"wp:term":[{"taxonomy":"product_brand","embeddable":true,"href":"https:\/\/marktxxl.de\/markt\/wp-json\/wp\/v2\/product_brand?post=73464"},{"taxonomy":"product_cat","embeddable":true,"href":"https:\/\/marktxxl.de\/markt\/wp-json\/wp\/v2\/product_cat?post=73464"},{"taxonomy":"product_tag","embeddable":true,"href":"https:\/\/marktxxl.de\/markt\/wp-json\/wp\/v2\/product_tag?post=73464"}],"curies":[{"name":"wp","href":"https:\/\/api.w.org\/{rel}","templated":true}]}}