{"id":73426,"date":"2021-11-13T00:57:43","date_gmt":"2021-11-12T23:57:43","guid":{"rendered":"https:\/\/marktxxl.de\/markt\/produkt\/flairlux-baldachin-rechteckig-lampe-2-flammig-schwarz-metall-lampenbaldachin-rechteckig-zum-bau-von-deckenleuchten-lampe-fuer-esstisch-lampenaufhaengung-lampenzubehoer-diy-l-50-x-b-5-x-h-25\/"},"modified":"2023-04-10T02:38:13","modified_gmt":"2023-04-10T00:38:13","slug":"flairlux-baldachin-rechteckig-lampe-2-flammig-schwarz-metall-lampenbaldachin-rechteckig-zum-bau-von-deckenleuchten-lampe-fuer-esstisch-lampenaufhaengung-lampenzubehoer-diy-l-50-x-b-5-x-h-25","status":"publish","type":"product","link":"https:\/\/marktxxl.de\/markt\/produkt\/flairlux-baldachin-rechteckig-lampe-2-flammig-schwarz-metall-lampenbaldachin-rechteckig-zum-bau-von-deckenleuchten-lampe-fuer-esstisch-lampenaufhaengung-lampenzubehoer-diy-l-50-x-b-5-x-h-25\/","title":{"rendered":"Flairlux Baldachin rechteckig Lampe 2 flammig schwarz Metall Lampenbaldachin rechteckig zum Bau von Deckenleuchten\u2026"},"content":{"rendered":"<p>\u2714 Baldachin rechteckig 2 fach Lampe schwarz Metall Lampenbaldachin rechteckig zum Bau von Deckenleuchten | Lampe f\u00fcr Esstisch | Lampenaufh\u00e4ngung DIY<br \/>\n\u2714 Machen Sie mehr aus Ihrer Leuchte, dieser rechteckige Baldachin erm\u00f6glicht Ihnen eine individuelle DIY Deckenleuchte f\u00fcr Ihren Esstisch. Egal ob dieser in einer Bar einem Restaurant oder zuhause steht. Nat\u00fcrlich ist auch die Deckenh\u00f6he egal, da sie Textilkabel bei uns meterweise erhalten und so die L\u00e4nge der Kabel selbst bestimmen.<br \/>\n\u2714 Nutzen Sie unsere DIY Zubeh\u00f6r f\u00fcr diesen rechteckigen 2 loch Baldachin wie Fassungen, Textilkabel und Gl\u00fchbirnen f\u00fcr eine rundum perfekte Leuchte nach Ihren W\u00fcnschen. Angepasst an Ihre Einrichtung.<br \/>\n\u2714 Ma\u00dfe &amp; Material : L 50 x B 5 x H 2,5 Lackierter Stahl schwarz , Keine scharfen Kanten ! Leichte Montage auch f\u00fcr Anf\u00e4nger ! Ohne Spezialwerkzeug<br \/>\n\u2714 Qualit\u00e4t vom Profi : 5 Jahre Erfahrung f\u00fcr DIY Beleuchtung &#8211; Wissen macht den Unterschied &#8211; Setzten Sie auf Qualit\u00e4t sowie unsere Produkterfahrung<br \/>\n<div class=\"main-cross-sell\" data-asin=\"B07SD94GC7\">\n\n\t<div class=\"WooZone-cross-sell-loader\">\n\t\t<div>\n\t\t\t<div id=\"floatingBarsG\">\n\t\t\t\t<div class=\"blockG\" id=\"rotateG_01\"><\/div>\n\t\t\t\t<div class=\"blockG\" id=\"rotateG_02\"><\/div>\n\t\t\t\t<div class=\"blockG\" id=\"rotateG_03\"><\/div>\n\t\t\t\t<div class=\"blockG\" id=\"rotateG_04\"><\/div>\n\t\t\t\t<div class=\"blockG\" id=\"rotateG_05\"><\/div>\n\t\t\t\t<div class=\"blockG\" id=\"rotateG_06\"><\/div>\n\t\t\t\t<div class=\"blockG\" id=\"rotateG_07\"><\/div>\n\t\t\t\t<div class=\"blockG\" id=\"rotateG_08\"><\/div>\n\t\t\t<\/div>\n\t\t\t<div class=\"WooZone-cross-sell-loader-text\"><\/div>\n\t\t<\/div>\n\t<\/div>\n\n\t\t\n<\/div>\n<div style=\"clear:both;\"><\/div><\/p>\n","protected":false},"excerpt":{"rendered":"<p>\u2714 Baldachin rechteckig 2 fach Lampe schwarz Metall Lampenbaldachin rechteckig zum Bau von Deckenleuchten | Lampe f\u00fcr Esstisch | Lampenaufh\u00e4ngung DIY<br \/>\n\u2714 Machen Sie mehr aus Ihrer Leuchte, dieser rechteckige Baldachin erm\u00f6glicht Ihnen eine individuelle DIY Deckenleuchte f\u00fcr Ihren Esstisch. Egal ob dieser in einer Bar einem Restaurant oder zuhause steht. Nat\u00fcrlich ist auch die Deckenh\u00f6he egal, da sie Textilkabel bei uns meterweise erhalten und so die L\u00e4nge der Kabel selbst bestimmen.<br \/>\n\u2714 Nutzen Sie unsere DIY Zubeh\u00f6r f\u00fcr diesen rechteckigen 2 loch Baldachin wie Fassungen, Textilkabel und Gl\u00fchbirnen f\u00fcr eine rundum perfekte Leuchte nach Ihren W\u00fcnschen. Angepasst an Ihre Einrichtung.<\/p>\n","protected":false},"featured_media":73427,"comment_status":"open","ping_status":"closed","template":"","meta":[],"product_brand":[],"product_cat":[2108,11509],"product_tag":[],"class_list":{"0":"post-73426","1":"product","2":"type-product","3":"status-publish","4":"has-post-thumbnail","6":"product_cat-beleuchtung","7":"product_cat-innenbeleuchtung","8":"pa_binding-misc","9":"pa_brand-flairlux","10":"pa_color-schwarz","11":"pa_manufacturer-flairlux-gmbh","12":"pa_size-l-50-x-b-5-x-h-25","14":"first","15":"instock","16":"shipping-taxable","17":"purchasable","18":"product-type-simple","19":"customify-col","20":"product-has-gallery"},"yoast_head":"<!-- This site is optimized with the Yoast SEO plugin v27.4 - https:\/\/yoast.com\/product\/yoast-seo-wordpress\/ -->\n<title>Flairlux Baldachin rechteckig Lampe 2 flammig schwarz Metall Lampenbaldachin rechteckig zum Bau von Deckenleuchten\u2026 - Markt-XXL<\/title>\n<meta name=\"description\" content=\"Markt-XXL Flairlux Baldachin rechteckig Lampe 2 flammig schwarz Metall Lampenbaldachin rechteckig zum Bau von Deckenleuchten\u2026\" \/>\n<meta name=\"robots\" content=\"index, follow, max-snippet:-1, max-image-preview:large, max-video-preview:-1\" \/>\n<link rel=\"canonical\" href=\"https:\/\/marktxxl.de\/markt\/produkt\/flairlux-baldachin-rechteckig-lampe-2-flammig-schwarz-metall-lampenbaldachin-rechteckig-zum-bau-von-deckenleuchten-lampe-fuer-esstisch-lampenaufhaengung-lampenzubehoer-diy-l-50-x-b-5-x-h-25\/\" \/>\n<meta property=\"og:locale\" content=\"de_DE\" \/>\n<meta property=\"og:type\" content=\"article\" \/>\n<meta property=\"og:title\" content=\"Flairlux Baldachin rechteckig Lampe 2 flammig schwarz Metall Lampenbaldachin rechteckig zum Bau von Deckenleuchten\u2026 - Markt-XXL\" \/>\n<meta property=\"og:description\" content=\"Markt-XXL Flairlux Baldachin rechteckig Lampe 2 flammig schwarz Metall Lampenbaldachin rechteckig zum Bau von Deckenleuchten\u2026\" \/>\n<meta property=\"og:url\" content=\"https:\/\/marktxxl.de\/markt\/produkt\/flairlux-baldachin-rechteckig-lampe-2-flammig-schwarz-metall-lampenbaldachin-rechteckig-zum-bau-von-deckenleuchten-lampe-fuer-esstisch-lampenaufhaengung-lampenzubehoer-diy-l-50-x-b-5-x-h-25\/\" \/>\n<meta property=\"og:site_name\" content=\"Markt-XXL\" \/>\n<meta property=\"article:modified_time\" content=\"2023-04-10T00:38:13+00:00\" \/>\n<meta property=\"og:image\" content=\"https:\/\/m.media-amazon.com\/images\/I\/31AydAfeTPL._SL500_.jpg\" \/>\n\t<meta property=\"og:image:width\" content=\"500\" \/>\n\t<meta property=\"og:image:height\" content=\"500\" \/>\n\t<meta property=\"og:image:type\" content=\"image\/jpeg\" \/>\n<meta name=\"twitter:card\" content=\"summary_large_image\" \/>\n<meta name=\"twitter:label1\" content=\"Gesch\u00e4tzte Lesezeit\" \/>\n\t<meta name=\"twitter:data1\" content=\"1\u00a0Minute\" \/>\n<script type=\"application\/ld+json\" class=\"yoast-schema-graph\">{\"@context\":\"https:\\\/\\\/schema.org\",\"@graph\":[{\"@type\":\"WebPage\",\"@id\":\"https:\\\/\\\/marktxxl.de\\\/markt\\\/produkt\\\/flairlux-baldachin-rechteckig-lampe-2-flammig-schwarz-metall-lampenbaldachin-rechteckig-zum-bau-von-deckenleuchten-lampe-fuer-esstisch-lampenaufhaengung-lampenzubehoer-diy-l-50-x-b-5-x-h-25\\\/\",\"url\":\"https:\\\/\\\/marktxxl.de\\\/markt\\\/produkt\\\/flairlux-baldachin-rechteckig-lampe-2-flammig-schwarz-metall-lampenbaldachin-rechteckig-zum-bau-von-deckenleuchten-lampe-fuer-esstisch-lampenaufhaengung-lampenzubehoer-diy-l-50-x-b-5-x-h-25\\\/\",\"name\":\"Flairlux Baldachin rechteckig Lampe 2 flammig schwarz Metall Lampenbaldachin rechteckig zum Bau von Deckenleuchten\u2026 - Markt-XXL\",\"isPartOf\":{\"@id\":\"https:\\\/\\\/marktxxl.de\\\/markt\\\/#website\"},\"primaryImageOfPage\":{\"@id\":\"https:\\\/\\\/marktxxl.de\\\/markt\\\/produkt\\\/flairlux-baldachin-rechteckig-lampe-2-flammig-schwarz-metall-lampenbaldachin-rechteckig-zum-bau-von-deckenleuchten-lampe-fuer-esstisch-lampenaufhaengung-lampenzubehoer-diy-l-50-x-b-5-x-h-25\\\/#primaryimage\"},\"image\":{\"@id\":\"https:\\\/\\\/marktxxl.de\\\/markt\\\/produkt\\\/flairlux-baldachin-rechteckig-lampe-2-flammig-schwarz-metall-lampenbaldachin-rechteckig-zum-bau-von-deckenleuchten-lampe-fuer-esstisch-lampenaufhaengung-lampenzubehoer-diy-l-50-x-b-5-x-h-25\\\/#primaryimage\"},\"thumbnailUrl\":\"https:\\\/\\\/m.media-amazon.com\\\/images\\\/I\\\/31AydAfeTPL._SL500_.jpg\",\"datePublished\":\"2021-11-12T23:57:43+00:00\",\"dateModified\":\"2023-04-10T00:38:13+00:00\",\"description\":\"Markt-XXL Flairlux Baldachin rechteckig Lampe 2 flammig schwarz Metall Lampenbaldachin rechteckig zum Bau von Deckenleuchten\u2026\",\"breadcrumb\":{\"@id\":\"https:\\\/\\\/marktxxl.de\\\/markt\\\/produkt\\\/flairlux-baldachin-rechteckig-lampe-2-flammig-schwarz-metall-lampenbaldachin-rechteckig-zum-bau-von-deckenleuchten-lampe-fuer-esstisch-lampenaufhaengung-lampenzubehoer-diy-l-50-x-b-5-x-h-25\\\/#breadcrumb\"},\"inLanguage\":\"de\",\"potentialAction\":[{\"@type\":\"ReadAction\",\"target\":[\"https:\\\/\\\/marktxxl.de\\\/markt\\\/produkt\\\/flairlux-baldachin-rechteckig-lampe-2-flammig-schwarz-metall-lampenbaldachin-rechteckig-zum-bau-von-deckenleuchten-lampe-fuer-esstisch-lampenaufhaengung-lampenzubehoer-diy-l-50-x-b-5-x-h-25\\\/\"]}]},{\"@type\":\"ImageObject\",\"inLanguage\":\"de\",\"@id\":\"https:\\\/\\\/marktxxl.de\\\/markt\\\/produkt\\\/flairlux-baldachin-rechteckig-lampe-2-flammig-schwarz-metall-lampenbaldachin-rechteckig-zum-bau-von-deckenleuchten-lampe-fuer-esstisch-lampenaufhaengung-lampenzubehoer-diy-l-50-x-b-5-x-h-25\\\/#primaryimage\",\"url\":\"https:\\\/\\\/m.media-amazon.com\\\/images\\\/I\\\/31AydAfeTPL._SL500_.jpg\",\"contentUrl\":\"https:\\\/\\\/m.media-amazon.com\\\/images\\\/I\\\/31AydAfeTPL._SL500_.jpg\",\"width\":500,\"height\":500},{\"@type\":\"BreadcrumbList\",\"@id\":\"https:\\\/\\\/marktxxl.de\\\/markt\\\/produkt\\\/flairlux-baldachin-rechteckig-lampe-2-flammig-schwarz-metall-lampenbaldachin-rechteckig-zum-bau-von-deckenleuchten-lampe-fuer-esstisch-lampenaufhaengung-lampenzubehoer-diy-l-50-x-b-5-x-h-25\\\/#breadcrumb\",\"itemListElement\":[{\"@type\":\"ListItem\",\"position\":1,\"name\":\"Startseite\",\"item\":\"https:\\\/\\\/marktxxl.de\\\/markt\\\/\"},{\"@type\":\"ListItem\",\"position\":2,\"name\":\"Markt\",\"item\":\"https:\\\/\\\/marktxxl.de\\\/markt\\\/\"},{\"@type\":\"ListItem\",\"position\":3,\"name\":\"Flairlux Baldachin rechteckig Lampe 2 flammig schwarz Metall Lampenbaldachin rechteckig zum Bau von Deckenleuchten\u2026\"}]},{\"@type\":\"WebSite\",\"@id\":\"https:\\\/\\\/marktxxl.de\\\/markt\\\/#website\",\"url\":\"https:\\\/\\\/marktxxl.de\\\/markt\\\/\",\"name\":\"Markt-XXL\",\"description\":\"Ihr Markt Online\",\"publisher\":{\"@id\":\"https:\\\/\\\/marktxxl.de\\\/markt\\\/#organization\"},\"potentialAction\":[{\"@type\":\"SearchAction\",\"target\":{\"@type\":\"EntryPoint\",\"urlTemplate\":\"https:\\\/\\\/marktxxl.de\\\/markt\\\/?s={search_term_string}\"},\"query-input\":{\"@type\":\"PropertyValueSpecification\",\"valueRequired\":true,\"valueName\":\"search_term_string\"}}],\"inLanguage\":\"de\"},{\"@type\":\"Organization\",\"@id\":\"https:\\\/\\\/marktxxl.de\\\/markt\\\/#organization\",\"name\":\"Markt-XXL\",\"url\":\"https:\\\/\\\/marktxxl.de\\\/markt\\\/\",\"logo\":{\"@type\":\"ImageObject\",\"inLanguage\":\"de\",\"@id\":\"https:\\\/\\\/marktxxl.de\\\/markt\\\/#\\\/schema\\\/logo\\\/image\\\/\",\"url\":\"https:\\\/\\\/marktxxl.de\\\/markt\\\/wp-content\\\/uploads\\\/sites\\\/3\\\/2020\\\/12\\\/logo.png\",\"contentUrl\":\"https:\\\/\\\/marktxxl.de\\\/markt\\\/wp-content\\\/uploads\\\/sites\\\/3\\\/2020\\\/12\\\/logo.png\",\"width\":200,\"height\":70,\"caption\":\"Markt-XXL\"},\"image\":{\"@id\":\"https:\\\/\\\/marktxxl.de\\\/markt\\\/#\\\/schema\\\/logo\\\/image\\\/\"}}]}<\/script>\n<!-- \/ Yoast SEO plugin. -->","yoast_head_json":{"title":"Flairlux Baldachin rechteckig Lampe 2 flammig schwarz Metall Lampenbaldachin rechteckig zum Bau von Deckenleuchten\u2026 - Markt-XXL","description":"Markt-XXL Flairlux Baldachin rechteckig Lampe 2 flammig schwarz Metall Lampenbaldachin rechteckig zum Bau von Deckenleuchten\u2026","robots":{"index":"index","follow":"follow","max-snippet":"max-snippet:-1","max-image-preview":"max-image-preview:large","max-video-preview":"max-video-preview:-1"},"canonical":"https:\/\/marktxxl.de\/markt\/produkt\/flairlux-baldachin-rechteckig-lampe-2-flammig-schwarz-metall-lampenbaldachin-rechteckig-zum-bau-von-deckenleuchten-lampe-fuer-esstisch-lampenaufhaengung-lampenzubehoer-diy-l-50-x-b-5-x-h-25\/","og_locale":"de_DE","og_type":"article","og_title":"Flairlux Baldachin rechteckig Lampe 2 flammig schwarz Metall Lampenbaldachin rechteckig zum Bau von Deckenleuchten\u2026 - Markt-XXL","og_description":"Markt-XXL Flairlux Baldachin rechteckig Lampe 2 flammig schwarz Metall Lampenbaldachin rechteckig zum Bau von Deckenleuchten\u2026","og_url":"https:\/\/marktxxl.de\/markt\/produkt\/flairlux-baldachin-rechteckig-lampe-2-flammig-schwarz-metall-lampenbaldachin-rechteckig-zum-bau-von-deckenleuchten-lampe-fuer-esstisch-lampenaufhaengung-lampenzubehoer-diy-l-50-x-b-5-x-h-25\/","og_site_name":"Markt-XXL","article_modified_time":"2023-04-10T00:38:13+00:00","og_image":[{"width":500,"height":500,"url":"https:\/\/m.media-amazon.com\/images\/I\/31AydAfeTPL._SL500_.jpg","type":"image\/jpeg"}],"twitter_card":"summary_large_image","twitter_misc":{"Gesch\u00e4tzte Lesezeit":"1\u00a0Minute"},"schema":{"@context":"https:\/\/schema.org","@graph":[{"@type":"WebPage","@id":"https:\/\/marktxxl.de\/markt\/produkt\/flairlux-baldachin-rechteckig-lampe-2-flammig-schwarz-metall-lampenbaldachin-rechteckig-zum-bau-von-deckenleuchten-lampe-fuer-esstisch-lampenaufhaengung-lampenzubehoer-diy-l-50-x-b-5-x-h-25\/","url":"https:\/\/marktxxl.de\/markt\/produkt\/flairlux-baldachin-rechteckig-lampe-2-flammig-schwarz-metall-lampenbaldachin-rechteckig-zum-bau-von-deckenleuchten-lampe-fuer-esstisch-lampenaufhaengung-lampenzubehoer-diy-l-50-x-b-5-x-h-25\/","name":"Flairlux Baldachin rechteckig Lampe 2 flammig schwarz Metall Lampenbaldachin rechteckig zum Bau von Deckenleuchten\u2026 - Markt-XXL","isPartOf":{"@id":"https:\/\/marktxxl.de\/markt\/#website"},"primaryImageOfPage":{"@id":"https:\/\/marktxxl.de\/markt\/produkt\/flairlux-baldachin-rechteckig-lampe-2-flammig-schwarz-metall-lampenbaldachin-rechteckig-zum-bau-von-deckenleuchten-lampe-fuer-esstisch-lampenaufhaengung-lampenzubehoer-diy-l-50-x-b-5-x-h-25\/#primaryimage"},"image":{"@id":"https:\/\/marktxxl.de\/markt\/produkt\/flairlux-baldachin-rechteckig-lampe-2-flammig-schwarz-metall-lampenbaldachin-rechteckig-zum-bau-von-deckenleuchten-lampe-fuer-esstisch-lampenaufhaengung-lampenzubehoer-diy-l-50-x-b-5-x-h-25\/#primaryimage"},"thumbnailUrl":"https:\/\/m.media-amazon.com\/images\/I\/31AydAfeTPL._SL500_.jpg","datePublished":"2021-11-12T23:57:43+00:00","dateModified":"2023-04-10T00:38:13+00:00","description":"Markt-XXL Flairlux Baldachin rechteckig Lampe 2 flammig schwarz Metall Lampenbaldachin rechteckig zum Bau von Deckenleuchten\u2026","breadcrumb":{"@id":"https:\/\/marktxxl.de\/markt\/produkt\/flairlux-baldachin-rechteckig-lampe-2-flammig-schwarz-metall-lampenbaldachin-rechteckig-zum-bau-von-deckenleuchten-lampe-fuer-esstisch-lampenaufhaengung-lampenzubehoer-diy-l-50-x-b-5-x-h-25\/#breadcrumb"},"inLanguage":"de","potentialAction":[{"@type":"ReadAction","target":["https:\/\/marktxxl.de\/markt\/produkt\/flairlux-baldachin-rechteckig-lampe-2-flammig-schwarz-metall-lampenbaldachin-rechteckig-zum-bau-von-deckenleuchten-lampe-fuer-esstisch-lampenaufhaengung-lampenzubehoer-diy-l-50-x-b-5-x-h-25\/"]}]},{"@type":"ImageObject","inLanguage":"de","@id":"https:\/\/marktxxl.de\/markt\/produkt\/flairlux-baldachin-rechteckig-lampe-2-flammig-schwarz-metall-lampenbaldachin-rechteckig-zum-bau-von-deckenleuchten-lampe-fuer-esstisch-lampenaufhaengung-lampenzubehoer-diy-l-50-x-b-5-x-h-25\/#primaryimage","url":"https:\/\/m.media-amazon.com\/images\/I\/31AydAfeTPL._SL500_.jpg","contentUrl":"https:\/\/m.media-amazon.com\/images\/I\/31AydAfeTPL._SL500_.jpg","width":500,"height":500},{"@type":"BreadcrumbList","@id":"https:\/\/marktxxl.de\/markt\/produkt\/flairlux-baldachin-rechteckig-lampe-2-flammig-schwarz-metall-lampenbaldachin-rechteckig-zum-bau-von-deckenleuchten-lampe-fuer-esstisch-lampenaufhaengung-lampenzubehoer-diy-l-50-x-b-5-x-h-25\/#breadcrumb","itemListElement":[{"@type":"ListItem","position":1,"name":"Startseite","item":"https:\/\/marktxxl.de\/markt\/"},{"@type":"ListItem","position":2,"name":"Markt","item":"https:\/\/marktxxl.de\/markt\/"},{"@type":"ListItem","position":3,"name":"Flairlux Baldachin rechteckig Lampe 2 flammig schwarz Metall Lampenbaldachin rechteckig zum Bau von Deckenleuchten\u2026"}]},{"@type":"WebSite","@id":"https:\/\/marktxxl.de\/markt\/#website","url":"https:\/\/marktxxl.de\/markt\/","name":"Markt-XXL","description":"Ihr Markt Online","publisher":{"@id":"https:\/\/marktxxl.de\/markt\/#organization"},"potentialAction":[{"@type":"SearchAction","target":{"@type":"EntryPoint","urlTemplate":"https:\/\/marktxxl.de\/markt\/?s={search_term_string}"},"query-input":{"@type":"PropertyValueSpecification","valueRequired":true,"valueName":"search_term_string"}}],"inLanguage":"de"},{"@type":"Organization","@id":"https:\/\/marktxxl.de\/markt\/#organization","name":"Markt-XXL","url":"https:\/\/marktxxl.de\/markt\/","logo":{"@type":"ImageObject","inLanguage":"de","@id":"https:\/\/marktxxl.de\/markt\/#\/schema\/logo\/image\/","url":"https:\/\/marktxxl.de\/markt\/wp-content\/uploads\/sites\/3\/2020\/12\/logo.png","contentUrl":"https:\/\/marktxxl.de\/markt\/wp-content\/uploads\/sites\/3\/2020\/12\/logo.png","width":200,"height":70,"caption":"Markt-XXL"},"image":{"@id":"https:\/\/marktxxl.de\/markt\/#\/schema\/logo\/image\/"}}]}},"_links":{"self":[{"href":"https:\/\/marktxxl.de\/markt\/wp-json\/wp\/v2\/product\/73426","targetHints":{"allow":["GET"]}}],"collection":[{"href":"https:\/\/marktxxl.de\/markt\/wp-json\/wp\/v2\/product"}],"about":[{"href":"https:\/\/marktxxl.de\/markt\/wp-json\/wp\/v2\/types\/product"}],"replies":[{"embeddable":true,"href":"https:\/\/marktxxl.de\/markt\/wp-json\/wp\/v2\/comments?post=73426"}],"wp:featuredmedia":[{"embeddable":true,"href":"https:\/\/marktxxl.de\/markt\/wp-json\/wp\/v2\/media\/73427"}],"wp:attachment":[{"href":"https:\/\/marktxxl.de\/markt\/wp-json\/wp\/v2\/media?parent=73426"}],"wp:term":[{"taxonomy":"product_brand","embeddable":true,"href":"https:\/\/marktxxl.de\/markt\/wp-json\/wp\/v2\/product_brand?post=73426"},{"taxonomy":"product_cat","embeddable":true,"href":"https:\/\/marktxxl.de\/markt\/wp-json\/wp\/v2\/product_cat?post=73426"},{"taxonomy":"product_tag","embeddable":true,"href":"https:\/\/marktxxl.de\/markt\/wp-json\/wp\/v2\/product_tag?post=73426"}],"curies":[{"name":"wp","href":"https:\/\/api.w.org\/{rel}","templated":true}]}}