{"id":73091,"date":"2021-11-13T00:39:23","date_gmt":"2021-11-12T23:39:23","guid":{"rendered":"https:\/\/marktxxl.de\/markt\/produkt\/lieber-ein-wolf-odins-als-ein-lamm-gottes-wikinger-t-shirt\/"},"modified":"2023-04-10T02:38:06","modified_gmt":"2023-04-10T00:38:06","slug":"lieber-ein-wolf-odins-als-ein-lamm-gottes-wikinger-t-shirt","status":"publish","type":"product","link":"https:\/\/marktxxl.de\/markt\/produkt\/lieber-ein-wolf-odins-als-ein-lamm-gottes-wikinger-t-shirt\/","title":{"rendered":"Lieber Ein Wolf Odins Als Ein Lamm Gottes Wikinger T-Shirt"},"content":{"rendered":"<p>Lieber Ein Wolf Odins Als Ein Lamm Gottes Outfit. Wikinger Vikings Spruch f\u00fcr echte Nordm\u00e4nner. Bei den alten G\u00f6ttern Odin und Thor. Dieses Design ist f\u00fcr echte Krieger Walhallas und Metal Fans.<br \/>\nPerfekte Geschenkidee zum Geburtstag, Vatertag, Weihnachten, Ostern oder f\u00fcr jeden anderen Anlass. Das ideale Geschenk f\u00fcr alle die die ausgefallene Bekleidung tragen.<br \/>\nKlassisch geschnitten, doppelt gen\u00e4hter Saum.<br \/>\n<div class=\"main-cross-sell\" data-asin=\"B07HCNQBVZ\">\n\n\t<div class=\"WooZone-cross-sell-loader\">\n\t\t<div>\n\t\t\t<div id=\"floatingBarsG\">\n\t\t\t\t<div class=\"blockG\" id=\"rotateG_01\"><\/div>\n\t\t\t\t<div class=\"blockG\" id=\"rotateG_02\"><\/div>\n\t\t\t\t<div class=\"blockG\" id=\"rotateG_03\"><\/div>\n\t\t\t\t<div class=\"blockG\" id=\"rotateG_04\"><\/div>\n\t\t\t\t<div class=\"blockG\" id=\"rotateG_05\"><\/div>\n\t\t\t\t<div class=\"blockG\" id=\"rotateG_06\"><\/div>\n\t\t\t\t<div class=\"blockG\" id=\"rotateG_07\"><\/div>\n\t\t\t\t<div class=\"blockG\" id=\"rotateG_08\"><\/div>\n\t\t\t<\/div>\n\t\t\t<div class=\"WooZone-cross-sell-loader-text\"><\/div>\n\t\t<\/div>\n\t<\/div>\n\n\t\t\n<\/div>\n<div style=\"clear:both;\"><\/div><\/p>\n","protected":false},"excerpt":{"rendered":"<p>Lieber Ein Wolf Odins Als Ein Lamm Gottes Outfit. Wikinger Vikings Spruch f\u00fcr echte Nordm\u00e4nner. Bei den alten G\u00f6ttern Odin und Thor. Dieses Design ist f\u00fcr echte Krieger Walhallas und Metal Fans.<br \/>\nPerfekte Geschenkidee zum Geburtstag, Vatertag, Weihnachten, Ostern oder f\u00fcr jeden anderen Anlass. Das ideale Geschenk f\u00fcr alle die die ausgefallene Bekleidung tragen.<br \/>\nKlassisch geschnitten, doppelt gen\u00e4hter Saum.<\/p>\n","protected":false},"featured_media":73092,"comment_status":"open","ping_status":"closed","template":"","meta":[],"product_brand":[],"product_cat":[1186,4069],"product_tag":[],"class_list":{"0":"post-73091","1":"product","2":"type-product","3":"status-publish","4":"has-post-thumbnail","6":"product_cat-bekleidung","7":"product_cat-spezielle-anlaesse","8":"pa_binding-textilien","9":"pa_brand-walhalla-wikinger-designs","10":"pa_color-schwarz","11":"pa_manufacturer-walhalla-wikinger-designs","12":"pa_size-s","14":"first","15":"instock","16":"shipping-taxable","17":"purchasable","18":"product-type-simple","19":"customify-col","20":"product-has-gallery"},"yoast_head":"<!-- This site is optimized with the Yoast SEO plugin v27.4 - https:\/\/yoast.com\/product\/yoast-seo-wordpress\/ -->\n<title>Lieber Ein Wolf Odins Als Ein Lamm Gottes Wikinger T-Shirt - Markt-XXL<\/title>\n<meta name=\"description\" content=\"Markt-XXL Lieber Ein Wolf Odins Als Ein Lamm Gottes Wikinger T-Shirt\" \/>\n<meta name=\"robots\" content=\"index, follow, max-snippet:-1, max-image-preview:large, max-video-preview:-1\" \/>\n<link rel=\"canonical\" href=\"https:\/\/marktxxl.de\/markt\/produkt\/lieber-ein-wolf-odins-als-ein-lamm-gottes-wikinger-t-shirt\/\" \/>\n<meta property=\"og:locale\" content=\"de_DE\" \/>\n<meta property=\"og:type\" content=\"article\" \/>\n<meta property=\"og:title\" content=\"Lieber Ein Wolf Odins Als Ein Lamm Gottes Wikinger T-Shirt - Markt-XXL\" \/>\n<meta property=\"og:description\" content=\"Markt-XXL Lieber Ein Wolf Odins Als Ein Lamm Gottes Wikinger T-Shirt\" \/>\n<meta property=\"og:url\" content=\"https:\/\/marktxxl.de\/markt\/produkt\/lieber-ein-wolf-odins-als-ein-lamm-gottes-wikinger-t-shirt\/\" \/>\n<meta property=\"og:site_name\" content=\"Markt-XXL\" \/>\n<meta property=\"article:modified_time\" content=\"2023-04-10T00:38:06+00:00\" \/>\n<meta property=\"og:image\" content=\"https:\/\/m.media-amazon.com\/images\/I\/41QSGNCv3ZS._SL500_.jpg\" \/>\n\t<meta property=\"og:image:width\" content=\"500\" \/>\n\t<meta property=\"og:image:height\" content=\"468\" \/>\n\t<meta property=\"og:image:type\" content=\"image\/jpeg\" \/>\n<meta name=\"twitter:card\" content=\"summary_large_image\" \/>\n<script type=\"application\/ld+json\" class=\"yoast-schema-graph\">{\"@context\":\"https:\\\/\\\/schema.org\",\"@graph\":[{\"@type\":\"WebPage\",\"@id\":\"https:\\\/\\\/marktxxl.de\\\/markt\\\/produkt\\\/lieber-ein-wolf-odins-als-ein-lamm-gottes-wikinger-t-shirt\\\/\",\"url\":\"https:\\\/\\\/marktxxl.de\\\/markt\\\/produkt\\\/lieber-ein-wolf-odins-als-ein-lamm-gottes-wikinger-t-shirt\\\/\",\"name\":\"Lieber Ein Wolf Odins Als Ein Lamm Gottes Wikinger T-Shirt - Markt-XXL\",\"isPartOf\":{\"@id\":\"https:\\\/\\\/marktxxl.de\\\/markt\\\/#website\"},\"primaryImageOfPage\":{\"@id\":\"https:\\\/\\\/marktxxl.de\\\/markt\\\/produkt\\\/lieber-ein-wolf-odins-als-ein-lamm-gottes-wikinger-t-shirt\\\/#primaryimage\"},\"image\":{\"@id\":\"https:\\\/\\\/marktxxl.de\\\/markt\\\/produkt\\\/lieber-ein-wolf-odins-als-ein-lamm-gottes-wikinger-t-shirt\\\/#primaryimage\"},\"thumbnailUrl\":\"https:\\\/\\\/m.media-amazon.com\\\/images\\\/I\\\/41QSGNCv3ZS._SL500_.jpg\",\"datePublished\":\"2021-11-12T23:39:23+00:00\",\"dateModified\":\"2023-04-10T00:38:06+00:00\",\"description\":\"Markt-XXL Lieber Ein Wolf Odins Als Ein Lamm Gottes Wikinger T-Shirt\",\"breadcrumb\":{\"@id\":\"https:\\\/\\\/marktxxl.de\\\/markt\\\/produkt\\\/lieber-ein-wolf-odins-als-ein-lamm-gottes-wikinger-t-shirt\\\/#breadcrumb\"},\"inLanguage\":\"de\",\"potentialAction\":[{\"@type\":\"ReadAction\",\"target\":[\"https:\\\/\\\/marktxxl.de\\\/markt\\\/produkt\\\/lieber-ein-wolf-odins-als-ein-lamm-gottes-wikinger-t-shirt\\\/\"]}]},{\"@type\":\"ImageObject\",\"inLanguage\":\"de\",\"@id\":\"https:\\\/\\\/marktxxl.de\\\/markt\\\/produkt\\\/lieber-ein-wolf-odins-als-ein-lamm-gottes-wikinger-t-shirt\\\/#primaryimage\",\"url\":\"https:\\\/\\\/m.media-amazon.com\\\/images\\\/I\\\/41QSGNCv3ZS._SL500_.jpg\",\"contentUrl\":\"https:\\\/\\\/m.media-amazon.com\\\/images\\\/I\\\/41QSGNCv3ZS._SL500_.jpg\",\"width\":500,\"height\":468},{\"@type\":\"BreadcrumbList\",\"@id\":\"https:\\\/\\\/marktxxl.de\\\/markt\\\/produkt\\\/lieber-ein-wolf-odins-als-ein-lamm-gottes-wikinger-t-shirt\\\/#breadcrumb\",\"itemListElement\":[{\"@type\":\"ListItem\",\"position\":1,\"name\":\"Startseite\",\"item\":\"https:\\\/\\\/marktxxl.de\\\/markt\\\/\"},{\"@type\":\"ListItem\",\"position\":2,\"name\":\"Markt\",\"item\":\"https:\\\/\\\/marktxxl.de\\\/markt\\\/\"},{\"@type\":\"ListItem\",\"position\":3,\"name\":\"Lieber Ein Wolf Odins Als Ein Lamm Gottes Wikinger T-Shirt\"}]},{\"@type\":\"WebSite\",\"@id\":\"https:\\\/\\\/marktxxl.de\\\/markt\\\/#website\",\"url\":\"https:\\\/\\\/marktxxl.de\\\/markt\\\/\",\"name\":\"Markt-XXL\",\"description\":\"Ihr Markt Online\",\"publisher\":{\"@id\":\"https:\\\/\\\/marktxxl.de\\\/markt\\\/#organization\"},\"potentialAction\":[{\"@type\":\"SearchAction\",\"target\":{\"@type\":\"EntryPoint\",\"urlTemplate\":\"https:\\\/\\\/marktxxl.de\\\/markt\\\/?s={search_term_string}\"},\"query-input\":{\"@type\":\"PropertyValueSpecification\",\"valueRequired\":true,\"valueName\":\"search_term_string\"}}],\"inLanguage\":\"de\"},{\"@type\":\"Organization\",\"@id\":\"https:\\\/\\\/marktxxl.de\\\/markt\\\/#organization\",\"name\":\"Markt-XXL\",\"url\":\"https:\\\/\\\/marktxxl.de\\\/markt\\\/\",\"logo\":{\"@type\":\"ImageObject\",\"inLanguage\":\"de\",\"@id\":\"https:\\\/\\\/marktxxl.de\\\/markt\\\/#\\\/schema\\\/logo\\\/image\\\/\",\"url\":\"https:\\\/\\\/marktxxl.de\\\/markt\\\/wp-content\\\/uploads\\\/sites\\\/3\\\/2020\\\/12\\\/logo.png\",\"contentUrl\":\"https:\\\/\\\/marktxxl.de\\\/markt\\\/wp-content\\\/uploads\\\/sites\\\/3\\\/2020\\\/12\\\/logo.png\",\"width\":200,\"height\":70,\"caption\":\"Markt-XXL\"},\"image\":{\"@id\":\"https:\\\/\\\/marktxxl.de\\\/markt\\\/#\\\/schema\\\/logo\\\/image\\\/\"}}]}<\/script>\n<!-- \/ Yoast SEO plugin. -->","yoast_head_json":{"title":"Lieber Ein Wolf Odins Als Ein Lamm Gottes Wikinger T-Shirt - Markt-XXL","description":"Markt-XXL Lieber Ein Wolf Odins Als Ein Lamm Gottes Wikinger T-Shirt","robots":{"index":"index","follow":"follow","max-snippet":"max-snippet:-1","max-image-preview":"max-image-preview:large","max-video-preview":"max-video-preview:-1"},"canonical":"https:\/\/marktxxl.de\/markt\/produkt\/lieber-ein-wolf-odins-als-ein-lamm-gottes-wikinger-t-shirt\/","og_locale":"de_DE","og_type":"article","og_title":"Lieber Ein Wolf Odins Als Ein Lamm Gottes Wikinger T-Shirt - Markt-XXL","og_description":"Markt-XXL Lieber Ein Wolf Odins Als Ein Lamm Gottes Wikinger T-Shirt","og_url":"https:\/\/marktxxl.de\/markt\/produkt\/lieber-ein-wolf-odins-als-ein-lamm-gottes-wikinger-t-shirt\/","og_site_name":"Markt-XXL","article_modified_time":"2023-04-10T00:38:06+00:00","og_image":[{"width":500,"height":468,"url":"https:\/\/m.media-amazon.com\/images\/I\/41QSGNCv3ZS._SL500_.jpg","type":"image\/jpeg"}],"twitter_card":"summary_large_image","schema":{"@context":"https:\/\/schema.org","@graph":[{"@type":"WebPage","@id":"https:\/\/marktxxl.de\/markt\/produkt\/lieber-ein-wolf-odins-als-ein-lamm-gottes-wikinger-t-shirt\/","url":"https:\/\/marktxxl.de\/markt\/produkt\/lieber-ein-wolf-odins-als-ein-lamm-gottes-wikinger-t-shirt\/","name":"Lieber Ein Wolf Odins Als Ein Lamm Gottes Wikinger T-Shirt - Markt-XXL","isPartOf":{"@id":"https:\/\/marktxxl.de\/markt\/#website"},"primaryImageOfPage":{"@id":"https:\/\/marktxxl.de\/markt\/produkt\/lieber-ein-wolf-odins-als-ein-lamm-gottes-wikinger-t-shirt\/#primaryimage"},"image":{"@id":"https:\/\/marktxxl.de\/markt\/produkt\/lieber-ein-wolf-odins-als-ein-lamm-gottes-wikinger-t-shirt\/#primaryimage"},"thumbnailUrl":"https:\/\/m.media-amazon.com\/images\/I\/41QSGNCv3ZS._SL500_.jpg","datePublished":"2021-11-12T23:39:23+00:00","dateModified":"2023-04-10T00:38:06+00:00","description":"Markt-XXL Lieber Ein Wolf Odins Als Ein Lamm Gottes Wikinger T-Shirt","breadcrumb":{"@id":"https:\/\/marktxxl.de\/markt\/produkt\/lieber-ein-wolf-odins-als-ein-lamm-gottes-wikinger-t-shirt\/#breadcrumb"},"inLanguage":"de","potentialAction":[{"@type":"ReadAction","target":["https:\/\/marktxxl.de\/markt\/produkt\/lieber-ein-wolf-odins-als-ein-lamm-gottes-wikinger-t-shirt\/"]}]},{"@type":"ImageObject","inLanguage":"de","@id":"https:\/\/marktxxl.de\/markt\/produkt\/lieber-ein-wolf-odins-als-ein-lamm-gottes-wikinger-t-shirt\/#primaryimage","url":"https:\/\/m.media-amazon.com\/images\/I\/41QSGNCv3ZS._SL500_.jpg","contentUrl":"https:\/\/m.media-amazon.com\/images\/I\/41QSGNCv3ZS._SL500_.jpg","width":500,"height":468},{"@type":"BreadcrumbList","@id":"https:\/\/marktxxl.de\/markt\/produkt\/lieber-ein-wolf-odins-als-ein-lamm-gottes-wikinger-t-shirt\/#breadcrumb","itemListElement":[{"@type":"ListItem","position":1,"name":"Startseite","item":"https:\/\/marktxxl.de\/markt\/"},{"@type":"ListItem","position":2,"name":"Markt","item":"https:\/\/marktxxl.de\/markt\/"},{"@type":"ListItem","position":3,"name":"Lieber Ein Wolf Odins Als Ein Lamm Gottes Wikinger T-Shirt"}]},{"@type":"WebSite","@id":"https:\/\/marktxxl.de\/markt\/#website","url":"https:\/\/marktxxl.de\/markt\/","name":"Markt-XXL","description":"Ihr Markt Online","publisher":{"@id":"https:\/\/marktxxl.de\/markt\/#organization"},"potentialAction":[{"@type":"SearchAction","target":{"@type":"EntryPoint","urlTemplate":"https:\/\/marktxxl.de\/markt\/?s={search_term_string}"},"query-input":{"@type":"PropertyValueSpecification","valueRequired":true,"valueName":"search_term_string"}}],"inLanguage":"de"},{"@type":"Organization","@id":"https:\/\/marktxxl.de\/markt\/#organization","name":"Markt-XXL","url":"https:\/\/marktxxl.de\/markt\/","logo":{"@type":"ImageObject","inLanguage":"de","@id":"https:\/\/marktxxl.de\/markt\/#\/schema\/logo\/image\/","url":"https:\/\/marktxxl.de\/markt\/wp-content\/uploads\/sites\/3\/2020\/12\/logo.png","contentUrl":"https:\/\/marktxxl.de\/markt\/wp-content\/uploads\/sites\/3\/2020\/12\/logo.png","width":200,"height":70,"caption":"Markt-XXL"},"image":{"@id":"https:\/\/marktxxl.de\/markt\/#\/schema\/logo\/image\/"}}]}},"_links":{"self":[{"href":"https:\/\/marktxxl.de\/markt\/wp-json\/wp\/v2\/product\/73091","targetHints":{"allow":["GET"]}}],"collection":[{"href":"https:\/\/marktxxl.de\/markt\/wp-json\/wp\/v2\/product"}],"about":[{"href":"https:\/\/marktxxl.de\/markt\/wp-json\/wp\/v2\/types\/product"}],"replies":[{"embeddable":true,"href":"https:\/\/marktxxl.de\/markt\/wp-json\/wp\/v2\/comments?post=73091"}],"wp:featuredmedia":[{"embeddable":true,"href":"https:\/\/marktxxl.de\/markt\/wp-json\/wp\/v2\/media\/73092"}],"wp:attachment":[{"href":"https:\/\/marktxxl.de\/markt\/wp-json\/wp\/v2\/media?parent=73091"}],"wp:term":[{"taxonomy":"product_brand","embeddable":true,"href":"https:\/\/marktxxl.de\/markt\/wp-json\/wp\/v2\/product_brand?post=73091"},{"taxonomy":"product_cat","embeddable":true,"href":"https:\/\/marktxxl.de\/markt\/wp-json\/wp\/v2\/product_cat?post=73091"},{"taxonomy":"product_tag","embeddable":true,"href":"https:\/\/marktxxl.de\/markt\/wp-json\/wp\/v2\/product_tag?post=73091"}],"curies":[{"name":"wp","href":"https:\/\/api.w.org\/{rel}","templated":true}]}}