{"id":73082,"date":"2021-11-13T00:39:17","date_gmt":"2021-11-12T23:39:17","guid":{"rendered":"https:\/\/marktxxl.de\/markt\/produkt\/grisim-damen-crew-socken-mit-niedlichem-tiermotiv-3-5-paar-groesse-39-42\/"},"modified":"2023-04-10T02:38:06","modified_gmt":"2023-04-10T00:38:06","slug":"grisim-damen-crew-socken-mit-niedlichem-tiermotiv-3-5-paar-groesse-39-42","status":"publish","type":"product","link":"https:\/\/marktxxl.de\/markt\/produkt\/grisim-damen-crew-socken-mit-niedlichem-tiermotiv-3-5-paar-groesse-39-42\/","title":{"rendered":"GRISIM Damen Crew-Socken mit niedlichem Tiermotiv, 3-5 Paar, Gr\u00f6\u00dfe 39-42"},"content":{"rendered":"<p>Hochwertige Socken f\u00fcr den Alltag \u2013 Grisim&#8217;s Socken sind weich, dehnbar und atmungsaktiv, was die beste Erfahrung f\u00fcr seine Kunden bietet. Durch das Tragen f\u00fchlen Sie sich gut und bequem. Diese Socken eignen sich f\u00fcr alle Anl\u00e4sse jeden Tag von Montag bis Sonntag. Es besteht aus: gek\u00e4mmter Baumwolle 84%, Polyester 11%, Elastik 5%. Hergestellt in Korea.<br \/>\nEmpfohlene Gr\u00f6\u00dfe und Recycling-Paket \u2013 diese Socken sind geeignet f\u00fcr US-Frauen Gr\u00f6\u00dfe 39 bis 40. Paket enth\u00e4lt 4\u20135 Paar gemischte Farben. Wir verwenden auch Recyclingpapier f\u00fcr die Verpackung.<br \/>\nEinzigartiges und lustiges Design \u2013 Design der Socken ist sehr einzigartig und lustig. Die Farben sind sehr hell und doch klar, so dass unsere Socken Sie zum L\u00e4cheln bringen werden, da sie sowohl sehr modisch als auch liebenswert sind.<br \/>\nZielauswahl \u2013 das beste Geschenk f\u00fcr besondere Tage. Diese t\u00e4glichen Crew Socken sind gut als Geburtstagsgeschenk, M\u00e4dchen-Geschenk, Weihnachtsgeschenk, Neujahrsgeschenk und Urlaubsgeschenk. Auch perfekt f\u00fcr Teenager-M\u00e4dchen und erwachsene Frauen.<br \/>\nMultifunktional: Diese Socken sind f\u00fcr alle t\u00e4glichen Anl\u00e4sse geeignet, einschlie\u00dflich Arbeit, Laufen, Wandern oder andere Sportarten. Sie k\u00f6nnen sie \u00fcberall und jederzeit tragen, ohne an Komfort zu verlieren. Kann in der Maschine oder per Hand gewaschen werden.<br \/>\n<div class=\"main-cross-sell\" data-asin=\"B08547DH9M\">\n\n\t<div class=\"WooZone-cross-sell-loader\">\n\t\t<div>\n\t\t\t<div id=\"floatingBarsG\">\n\t\t\t\t<div class=\"blockG\" id=\"rotateG_01\"><\/div>\n\t\t\t\t<div class=\"blockG\" id=\"rotateG_02\"><\/div>\n\t\t\t\t<div class=\"blockG\" id=\"rotateG_03\"><\/div>\n\t\t\t\t<div class=\"blockG\" id=\"rotateG_04\"><\/div>\n\t\t\t\t<div class=\"blockG\" id=\"rotateG_05\"><\/div>\n\t\t\t\t<div class=\"blockG\" id=\"rotateG_06\"><\/div>\n\t\t\t\t<div class=\"blockG\" id=\"rotateG_07\"><\/div>\n\t\t\t\t<div class=\"blockG\" id=\"rotateG_08\"><\/div>\n\t\t\t<\/div>\n\t\t\t<div class=\"WooZone-cross-sell-loader-text\"><\/div>\n\t\t<\/div>\n\t<\/div>\n\n\t\t\n<\/div>\n<div style=\"clear:both;\"><\/div><\/p>\n","protected":false},"excerpt":{"rendered":"<p>Hochwertige Socken f\u00fcr den Alltag \u2013 Grisim&#8217;s Socken sind weich, dehnbar und atmungsaktiv, was die beste Erfahrung f\u00fcr seine Kunden bietet. Durch das Tragen f\u00fchlen Sie sich gut und bequem. Diese Socken eignen sich f\u00fcr alle Anl\u00e4sse jeden Tag von Montag bis Sonntag. Es besteht aus: gek\u00e4mmter Baumwolle 84%, Polyester 11%, Elastik 5%. Hergestellt in Korea.<br \/>\nEmpfohlene Gr\u00f6\u00dfe und Recycling-Paket \u2013 diese Socken sind geeignet f\u00fcr US-Frauen Gr\u00f6\u00dfe 39 bis 40. Paket enth\u00e4lt 4\u20135 Paar gemischte Farben. Wir verwenden auch Recyclingpapier f\u00fcr die Verpackung.<br \/>\nEinzigartiges und lustiges Design \u2013 Design der Socken ist sehr einzigartig und lustig. Die Farben sind sehr hell und doch klar, so dass unsere Socken Sie zum L\u00e4cheln bringen werden, da sie sowohl sehr modisch als auch liebenswert sind.<\/p>\n","protected":false},"featured_media":73083,"comment_status":"open","ping_status":"closed","template":"","meta":[],"product_brand":[],"product_cat":[1186,4069],"product_tag":[],"class_list":{"0":"post-73082","1":"product","2":"type-product","3":"status-publish","4":"has-post-thumbnail","6":"product_cat-bekleidung","7":"product_cat-spezielle-anlaesse","8":"pa_brand-grisim","9":"pa_model-g-01","10":"pa_size-m","12":"first","13":"instock","14":"shipping-taxable","15":"purchasable","16":"product-type-simple","17":"customify-col","18":"product-has-gallery"},"yoast_head":"<!-- This site is optimized with the Yoast SEO plugin v27.3 - https:\/\/yoast.com\/product\/yoast-seo-wordpress\/ -->\n<title>GRISIM Damen Crew-Socken mit niedlichem Tiermotiv, 3-5 Paar, Gr\u00f6\u00dfe 39-42 - Markt-XXL<\/title>\n<meta name=\"description\" content=\"Markt-XXL GRISIM Damen Crew-Socken mit niedlichem Tiermotiv, 3-5 Paar, Gr\u00f6\u00dfe 39-42\" \/>\n<meta name=\"robots\" content=\"index, follow, max-snippet:-1, max-image-preview:large, max-video-preview:-1\" \/>\n<link rel=\"canonical\" href=\"https:\/\/marktxxl.de\/markt\/produkt\/grisim-damen-crew-socken-mit-niedlichem-tiermotiv-3-5-paar-groesse-39-42\/\" \/>\n<meta property=\"og:locale\" content=\"de_DE\" \/>\n<meta property=\"og:type\" content=\"article\" \/>\n<meta property=\"og:title\" content=\"GRISIM Damen Crew-Socken mit niedlichem Tiermotiv, 3-5 Paar, Gr\u00f6\u00dfe 39-42 - Markt-XXL\" \/>\n<meta property=\"og:description\" content=\"Markt-XXL GRISIM Damen Crew-Socken mit niedlichem Tiermotiv, 3-5 Paar, Gr\u00f6\u00dfe 39-42\" \/>\n<meta property=\"og:url\" content=\"https:\/\/marktxxl.de\/markt\/produkt\/grisim-damen-crew-socken-mit-niedlichem-tiermotiv-3-5-paar-groesse-39-42\/\" \/>\n<meta property=\"og:site_name\" content=\"Markt-XXL\" \/>\n<meta property=\"article:modified_time\" content=\"2023-04-10T00:38:06+00:00\" \/>\n<meta property=\"og:image\" content=\"https:\/\/m.media-amazon.com\/images\/I\/51Q9NPn5TCL._SL500_.jpg\" \/>\n\t<meta property=\"og:image:width\" content=\"500\" \/>\n\t<meta property=\"og:image:height\" content=\"500\" \/>\n\t<meta property=\"og:image:type\" content=\"image\/jpeg\" \/>\n<meta name=\"twitter:card\" content=\"summary_large_image\" \/>\n<meta name=\"twitter:label1\" content=\"Gesch\u00e4tzte Lesezeit\" \/>\n\t<meta name=\"twitter:data1\" content=\"1\u00a0Minute\" \/>\n<script type=\"application\/ld+json\" class=\"yoast-schema-graph\">{\"@context\":\"https:\\\/\\\/schema.org\",\"@graph\":[{\"@type\":\"WebPage\",\"@id\":\"https:\\\/\\\/marktxxl.de\\\/markt\\\/produkt\\\/grisim-damen-crew-socken-mit-niedlichem-tiermotiv-3-5-paar-groesse-39-42\\\/\",\"url\":\"https:\\\/\\\/marktxxl.de\\\/markt\\\/produkt\\\/grisim-damen-crew-socken-mit-niedlichem-tiermotiv-3-5-paar-groesse-39-42\\\/\",\"name\":\"GRISIM Damen Crew-Socken mit niedlichem Tiermotiv, 3-5 Paar, Gr\u00f6\u00dfe 39-42 - Markt-XXL\",\"isPartOf\":{\"@id\":\"https:\\\/\\\/marktxxl.de\\\/markt\\\/#website\"},\"primaryImageOfPage\":{\"@id\":\"https:\\\/\\\/marktxxl.de\\\/markt\\\/produkt\\\/grisim-damen-crew-socken-mit-niedlichem-tiermotiv-3-5-paar-groesse-39-42\\\/#primaryimage\"},\"image\":{\"@id\":\"https:\\\/\\\/marktxxl.de\\\/markt\\\/produkt\\\/grisim-damen-crew-socken-mit-niedlichem-tiermotiv-3-5-paar-groesse-39-42\\\/#primaryimage\"},\"thumbnailUrl\":\"https:\\\/\\\/m.media-amazon.com\\\/images\\\/I\\\/51Q9NPn5TCL._SL500_.jpg\",\"datePublished\":\"2021-11-12T23:39:17+00:00\",\"dateModified\":\"2023-04-10T00:38:06+00:00\",\"description\":\"Markt-XXL GRISIM Damen Crew-Socken mit niedlichem Tiermotiv, 3-5 Paar, Gr\u00f6\u00dfe 39-42\",\"breadcrumb\":{\"@id\":\"https:\\\/\\\/marktxxl.de\\\/markt\\\/produkt\\\/grisim-damen-crew-socken-mit-niedlichem-tiermotiv-3-5-paar-groesse-39-42\\\/#breadcrumb\"},\"inLanguage\":\"de\",\"potentialAction\":[{\"@type\":\"ReadAction\",\"target\":[\"https:\\\/\\\/marktxxl.de\\\/markt\\\/produkt\\\/grisim-damen-crew-socken-mit-niedlichem-tiermotiv-3-5-paar-groesse-39-42\\\/\"]}]},{\"@type\":\"ImageObject\",\"inLanguage\":\"de\",\"@id\":\"https:\\\/\\\/marktxxl.de\\\/markt\\\/produkt\\\/grisim-damen-crew-socken-mit-niedlichem-tiermotiv-3-5-paar-groesse-39-42\\\/#primaryimage\",\"url\":\"https:\\\/\\\/m.media-amazon.com\\\/images\\\/I\\\/51Q9NPn5TCL._SL500_.jpg\",\"contentUrl\":\"https:\\\/\\\/m.media-amazon.com\\\/images\\\/I\\\/51Q9NPn5TCL._SL500_.jpg\",\"width\":500,\"height\":500},{\"@type\":\"BreadcrumbList\",\"@id\":\"https:\\\/\\\/marktxxl.de\\\/markt\\\/produkt\\\/grisim-damen-crew-socken-mit-niedlichem-tiermotiv-3-5-paar-groesse-39-42\\\/#breadcrumb\",\"itemListElement\":[{\"@type\":\"ListItem\",\"position\":1,\"name\":\"Startseite\",\"item\":\"https:\\\/\\\/marktxxl.de\\\/markt\\\/\"},{\"@type\":\"ListItem\",\"position\":2,\"name\":\"Markt\",\"item\":\"https:\\\/\\\/marktxxl.de\\\/markt\\\/\"},{\"@type\":\"ListItem\",\"position\":3,\"name\":\"GRISIM Damen Crew-Socken mit niedlichem Tiermotiv, 3-5 Paar, Gr\u00f6\u00dfe 39-42\"}]},{\"@type\":\"WebSite\",\"@id\":\"https:\\\/\\\/marktxxl.de\\\/markt\\\/#website\",\"url\":\"https:\\\/\\\/marktxxl.de\\\/markt\\\/\",\"name\":\"Markt-XXL\",\"description\":\"Ihr Markt Online\",\"publisher\":{\"@id\":\"https:\\\/\\\/marktxxl.de\\\/markt\\\/#organization\"},\"potentialAction\":[{\"@type\":\"SearchAction\",\"target\":{\"@type\":\"EntryPoint\",\"urlTemplate\":\"https:\\\/\\\/marktxxl.de\\\/markt\\\/?s={search_term_string}\"},\"query-input\":{\"@type\":\"PropertyValueSpecification\",\"valueRequired\":true,\"valueName\":\"search_term_string\"}}],\"inLanguage\":\"de\"},{\"@type\":\"Organization\",\"@id\":\"https:\\\/\\\/marktxxl.de\\\/markt\\\/#organization\",\"name\":\"Markt-XXL\",\"url\":\"https:\\\/\\\/marktxxl.de\\\/markt\\\/\",\"logo\":{\"@type\":\"ImageObject\",\"inLanguage\":\"de\",\"@id\":\"https:\\\/\\\/marktxxl.de\\\/markt\\\/#\\\/schema\\\/logo\\\/image\\\/\",\"url\":\"https:\\\/\\\/marktxxl.de\\\/markt\\\/wp-content\\\/uploads\\\/sites\\\/3\\\/2020\\\/12\\\/logo.png\",\"contentUrl\":\"https:\\\/\\\/marktxxl.de\\\/markt\\\/wp-content\\\/uploads\\\/sites\\\/3\\\/2020\\\/12\\\/logo.png\",\"width\":200,\"height\":70,\"caption\":\"Markt-XXL\"},\"image\":{\"@id\":\"https:\\\/\\\/marktxxl.de\\\/markt\\\/#\\\/schema\\\/logo\\\/image\\\/\"}}]}<\/script>\n<!-- \/ Yoast SEO plugin. -->","yoast_head_json":{"title":"GRISIM Damen Crew-Socken mit niedlichem Tiermotiv, 3-5 Paar, Gr\u00f6\u00dfe 39-42 - Markt-XXL","description":"Markt-XXL GRISIM Damen Crew-Socken mit niedlichem Tiermotiv, 3-5 Paar, Gr\u00f6\u00dfe 39-42","robots":{"index":"index","follow":"follow","max-snippet":"max-snippet:-1","max-image-preview":"max-image-preview:large","max-video-preview":"max-video-preview:-1"},"canonical":"https:\/\/marktxxl.de\/markt\/produkt\/grisim-damen-crew-socken-mit-niedlichem-tiermotiv-3-5-paar-groesse-39-42\/","og_locale":"de_DE","og_type":"article","og_title":"GRISIM Damen Crew-Socken mit niedlichem Tiermotiv, 3-5 Paar, Gr\u00f6\u00dfe 39-42 - Markt-XXL","og_description":"Markt-XXL GRISIM Damen Crew-Socken mit niedlichem Tiermotiv, 3-5 Paar, Gr\u00f6\u00dfe 39-42","og_url":"https:\/\/marktxxl.de\/markt\/produkt\/grisim-damen-crew-socken-mit-niedlichem-tiermotiv-3-5-paar-groesse-39-42\/","og_site_name":"Markt-XXL","article_modified_time":"2023-04-10T00:38:06+00:00","og_image":[{"width":500,"height":500,"url":"https:\/\/m.media-amazon.com\/images\/I\/51Q9NPn5TCL._SL500_.jpg","type":"image\/jpeg"}],"twitter_card":"summary_large_image","twitter_misc":{"Gesch\u00e4tzte Lesezeit":"1\u00a0Minute"},"schema":{"@context":"https:\/\/schema.org","@graph":[{"@type":"WebPage","@id":"https:\/\/marktxxl.de\/markt\/produkt\/grisim-damen-crew-socken-mit-niedlichem-tiermotiv-3-5-paar-groesse-39-42\/","url":"https:\/\/marktxxl.de\/markt\/produkt\/grisim-damen-crew-socken-mit-niedlichem-tiermotiv-3-5-paar-groesse-39-42\/","name":"GRISIM Damen Crew-Socken mit niedlichem Tiermotiv, 3-5 Paar, Gr\u00f6\u00dfe 39-42 - Markt-XXL","isPartOf":{"@id":"https:\/\/marktxxl.de\/markt\/#website"},"primaryImageOfPage":{"@id":"https:\/\/marktxxl.de\/markt\/produkt\/grisim-damen-crew-socken-mit-niedlichem-tiermotiv-3-5-paar-groesse-39-42\/#primaryimage"},"image":{"@id":"https:\/\/marktxxl.de\/markt\/produkt\/grisim-damen-crew-socken-mit-niedlichem-tiermotiv-3-5-paar-groesse-39-42\/#primaryimage"},"thumbnailUrl":"https:\/\/m.media-amazon.com\/images\/I\/51Q9NPn5TCL._SL500_.jpg","datePublished":"2021-11-12T23:39:17+00:00","dateModified":"2023-04-10T00:38:06+00:00","description":"Markt-XXL GRISIM Damen Crew-Socken mit niedlichem Tiermotiv, 3-5 Paar, Gr\u00f6\u00dfe 39-42","breadcrumb":{"@id":"https:\/\/marktxxl.de\/markt\/produkt\/grisim-damen-crew-socken-mit-niedlichem-tiermotiv-3-5-paar-groesse-39-42\/#breadcrumb"},"inLanguage":"de","potentialAction":[{"@type":"ReadAction","target":["https:\/\/marktxxl.de\/markt\/produkt\/grisim-damen-crew-socken-mit-niedlichem-tiermotiv-3-5-paar-groesse-39-42\/"]}]},{"@type":"ImageObject","inLanguage":"de","@id":"https:\/\/marktxxl.de\/markt\/produkt\/grisim-damen-crew-socken-mit-niedlichem-tiermotiv-3-5-paar-groesse-39-42\/#primaryimage","url":"https:\/\/m.media-amazon.com\/images\/I\/51Q9NPn5TCL._SL500_.jpg","contentUrl":"https:\/\/m.media-amazon.com\/images\/I\/51Q9NPn5TCL._SL500_.jpg","width":500,"height":500},{"@type":"BreadcrumbList","@id":"https:\/\/marktxxl.de\/markt\/produkt\/grisim-damen-crew-socken-mit-niedlichem-tiermotiv-3-5-paar-groesse-39-42\/#breadcrumb","itemListElement":[{"@type":"ListItem","position":1,"name":"Startseite","item":"https:\/\/marktxxl.de\/markt\/"},{"@type":"ListItem","position":2,"name":"Markt","item":"https:\/\/marktxxl.de\/markt\/"},{"@type":"ListItem","position":3,"name":"GRISIM Damen Crew-Socken mit niedlichem Tiermotiv, 3-5 Paar, Gr\u00f6\u00dfe 39-42"}]},{"@type":"WebSite","@id":"https:\/\/marktxxl.de\/markt\/#website","url":"https:\/\/marktxxl.de\/markt\/","name":"Markt-XXL","description":"Ihr Markt Online","publisher":{"@id":"https:\/\/marktxxl.de\/markt\/#organization"},"potentialAction":[{"@type":"SearchAction","target":{"@type":"EntryPoint","urlTemplate":"https:\/\/marktxxl.de\/markt\/?s={search_term_string}"},"query-input":{"@type":"PropertyValueSpecification","valueRequired":true,"valueName":"search_term_string"}}],"inLanguage":"de"},{"@type":"Organization","@id":"https:\/\/marktxxl.de\/markt\/#organization","name":"Markt-XXL","url":"https:\/\/marktxxl.de\/markt\/","logo":{"@type":"ImageObject","inLanguage":"de","@id":"https:\/\/marktxxl.de\/markt\/#\/schema\/logo\/image\/","url":"https:\/\/marktxxl.de\/markt\/wp-content\/uploads\/sites\/3\/2020\/12\/logo.png","contentUrl":"https:\/\/marktxxl.de\/markt\/wp-content\/uploads\/sites\/3\/2020\/12\/logo.png","width":200,"height":70,"caption":"Markt-XXL"},"image":{"@id":"https:\/\/marktxxl.de\/markt\/#\/schema\/logo\/image\/"}}]}},"_links":{"self":[{"href":"https:\/\/marktxxl.de\/markt\/wp-json\/wp\/v2\/product\/73082","targetHints":{"allow":["GET"]}}],"collection":[{"href":"https:\/\/marktxxl.de\/markt\/wp-json\/wp\/v2\/product"}],"about":[{"href":"https:\/\/marktxxl.de\/markt\/wp-json\/wp\/v2\/types\/product"}],"replies":[{"embeddable":true,"href":"https:\/\/marktxxl.de\/markt\/wp-json\/wp\/v2\/comments?post=73082"}],"wp:featuredmedia":[{"embeddable":true,"href":"https:\/\/marktxxl.de\/markt\/wp-json\/wp\/v2\/media\/73083"}],"wp:attachment":[{"href":"https:\/\/marktxxl.de\/markt\/wp-json\/wp\/v2\/media?parent=73082"}],"wp:term":[{"taxonomy":"product_brand","embeddable":true,"href":"https:\/\/marktxxl.de\/markt\/wp-json\/wp\/v2\/product_brand?post=73082"},{"taxonomy":"product_cat","embeddable":true,"href":"https:\/\/marktxxl.de\/markt\/wp-json\/wp\/v2\/product_cat?post=73082"},{"taxonomy":"product_tag","embeddable":true,"href":"https:\/\/marktxxl.de\/markt\/wp-json\/wp\/v2\/product_tag?post=73082"}],"curies":[{"name":"wp","href":"https:\/\/api.w.org\/{rel}","templated":true}]}}