{"id":72999,"date":"2021-11-13T00:31:11","date_gmt":"2021-11-12T23:31:11","guid":{"rendered":"https:\/\/marktxxl.de\/markt\/produkt\/pokemon-oversize-hoodie-jungen-decke-mit-aermeln-und-kapuze-pikachu-fleece-blanket-hoodie-pullover\/"},"modified":"2023-04-09T02:18:26","modified_gmt":"2023-04-09T00:18:26","slug":"pokemon-oversize-hoodie-jungen-decke-mit-aermeln-und-kapuze-pikachu-fleece-blanket-hoodie-pullover","status":"publish","type":"product","link":"https:\/\/marktxxl.de\/markt\/produkt\/pokemon-oversize-hoodie-jungen-decke-mit-aermeln-und-kapuze-pikachu-fleece-blanket-hoodie-pullover\/","title":{"rendered":"Pokemon Oversize Hoodie Jungen Decke mit \u00c4rmeln und Kapuze, Pikachu Fleece Blanket Hoodie Pullover"},"content":{"rendered":"<p>POKEMON HOODIE DECKE: \u00dcberraschen Sie einen Pikachu Fan mit einem offiziellen Pokemon Hoodie. Der Pullover Jungen Hoodie aus Fleece ist warm, weich, bequem und das perfekte Kleidungsst\u00fcck zum Entspannen, Videospielen, Fernsehen und Faulenzen. W\u00e4hlen Sie Ihren Favoriten aus verschiedenen Pikachu Hoodie Designs<br \/>\nOFFIZIELLES POKEMON MERCH: Der oversized Hoodie Kinder Jungen Pullover ist ein lizenzierter Pokemon Fanartikel der offiziellen Pokemon Merchandise Kollektion. Unser Pikachu Decken Hoodie Pullover ist erh\u00e4ltlich in verschiedenen, tollen Ausf\u00fchrungen. Durchst\u00f6bern Sie die Bildergalerieund w\u00e4hlen Sie Ihren Favoriten unserer Pokemon Pullover<br \/>\nPRAKTISCHE EINHEITSGR\u00d6SSE: Unser Kapuzenpullover Jungen Hoodie wird in einer praktischen, \u00fcbergro\u00dfen Einheitsgr\u00f6\u00dfe geliefert. Eine Jungen Pullover Gr\u00f6\u00dfentabelle finden Sie in der Bildergalerie<br \/>\nKUSCHELIG UND WARM: F\u00fcr unsere Decken Pullover Hoodies verwenden wir ausschlie\u00dflich hochwertige Materialien. Der Kapuzenpullover f\u00fcr Jungen ist aus Fleece gefertigt und verf\u00fcgt \u00fcber eine kuschelige Kapuze (100% Polyester). Unser Riesen Hoodie ist weich, warm und \u00e4u\u00dferst bequem<br \/>\nPOKEMON GESCHENKE F\u00dcR JUNGS: Unser oversized Kinderpullover f\u00fcr Jungs ist das perfekte Pokemon Geschenk f\u00fcr alle Pikachu Fans. Die kuschelige Hoodie Decke wird Ihre Liebsten begeistern, egal ob zum Geburtstag, zu Weihnachten oder einfach so als Mitbringsel f\u00fcr die kalten Wintertage<br \/>\n<div class=\"main-cross-sell\" data-asin=\"B09LQWJ6JX\">\n\n\t<div class=\"WooZone-cross-sell-loader\">\n\t\t<div>\n\t\t\t<div id=\"floatingBarsG\">\n\t\t\t\t<div class=\"blockG\" id=\"rotateG_01\"><\/div>\n\t\t\t\t<div class=\"blockG\" id=\"rotateG_02\"><\/div>\n\t\t\t\t<div class=\"blockG\" id=\"rotateG_03\"><\/div>\n\t\t\t\t<div class=\"blockG\" id=\"rotateG_04\"><\/div>\n\t\t\t\t<div class=\"blockG\" id=\"rotateG_05\"><\/div>\n\t\t\t\t<div class=\"blockG\" id=\"rotateG_06\"><\/div>\n\t\t\t\t<div class=\"blockG\" id=\"rotateG_07\"><\/div>\n\t\t\t\t<div class=\"blockG\" id=\"rotateG_08\"><\/div>\n\t\t\t<\/div>\n\t\t\t<div class=\"WooZone-cross-sell-loader-text\"><\/div>\n\t\t<\/div>\n\t<\/div>\n\n\t\t\n<\/div>\n<div style=\"clear:both;\"><\/div><\/p>\n","protected":false},"excerpt":{"rendered":"<p>POKEMON HOODIE DECKE: \u00dcberraschen Sie einen Pikachu Fan mit einem offiziellen Pokemon Hoodie. Der Pullover Jungen Hoodie aus Fleece ist warm, weich, bequem und das perfekte Kleidungsst\u00fcck zum Entspannen, Videospielen, Fernsehen und Faulenzen. W\u00e4hlen Sie Ihren Favoriten aus verschiedenen Pikachu Hoodie Designs<br \/>\nOFFIZIELLES POKEMON MERCH: Der oversized Hoodie Kinder Jungen Pullover ist ein lizenzierter Pokemon Fanartikel der offiziellen Pokemon Merchandise Kollektion. Unser Pikachu Decken Hoodie Pullover ist erh\u00e4ltlich in verschiedenen, tollen Ausf\u00fchrungen. Durchst\u00f6bern Sie die Bildergalerieund w\u00e4hlen Sie Ihren Favoriten unserer Pokemon Pullover<br \/>\nPRAKTISCHE EINHEITSGR\u00d6SSE: Unser Kapuzenpullover Jungen Hoodie wird in einer praktischen, \u00fcbergro\u00dfen Einheitsgr\u00f6\u00dfe geliefert. Eine Jungen Pullover Gr\u00f6\u00dfentabelle finden Sie in der Bildergalerie<\/p>\n","protected":false},"featured_media":73000,"comment_status":"open","ping_status":"closed","template":"","meta":[],"product_brand":[],"product_cat":[1186,4034],"product_tag":[],"class_list":{"0":"post-72999","1":"product","2":"type-product","3":"status-publish","4":"has-post-thumbnail","6":"product_cat-bekleidung","7":"product_cat-jungen","8":"pa_brand-pokemon","9":"pa_size-einheitsgroesse","11":"first","12":"instock","13":"shipping-taxable","14":"purchasable","15":"product-type-simple","16":"customify-col","17":"product-has-gallery"},"yoast_head":"<!-- This site is optimized with the Yoast SEO plugin v27.4 - https:\/\/yoast.com\/product\/yoast-seo-wordpress\/ -->\n<title>Pokemon Oversize Hoodie Jungen Decke mit \u00c4rmeln und Kapuze, Pikachu Fleece Blanket Hoodie Pullover - Markt-XXL<\/title>\n<meta name=\"description\" content=\"Markt-XXL Pokemon Oversize Hoodie Jungen Decke mit \u00c4rmeln und Kapuze, Pikachu Fleece Blanket Hoodie Pullover\" \/>\n<meta name=\"robots\" content=\"index, follow, max-snippet:-1, max-image-preview:large, max-video-preview:-1\" \/>\n<link rel=\"canonical\" href=\"https:\/\/marktxxl.de\/markt\/produkt\/pokemon-oversize-hoodie-jungen-decke-mit-aermeln-und-kapuze-pikachu-fleece-blanket-hoodie-pullover\/\" \/>\n<meta property=\"og:locale\" content=\"de_DE\" \/>\n<meta property=\"og:type\" content=\"article\" \/>\n<meta property=\"og:title\" content=\"Pokemon Oversize Hoodie Jungen Decke mit \u00c4rmeln und Kapuze, Pikachu Fleece Blanket Hoodie Pullover - Markt-XXL\" \/>\n<meta property=\"og:description\" content=\"Markt-XXL Pokemon Oversize Hoodie Jungen Decke mit \u00c4rmeln und Kapuze, Pikachu Fleece Blanket Hoodie Pullover\" \/>\n<meta property=\"og:url\" content=\"https:\/\/marktxxl.de\/markt\/produkt\/pokemon-oversize-hoodie-jungen-decke-mit-aermeln-und-kapuze-pikachu-fleece-blanket-hoodie-pullover\/\" \/>\n<meta property=\"og:site_name\" content=\"Markt-XXL\" \/>\n<meta property=\"article:modified_time\" content=\"2023-04-09T00:18:26+00:00\" \/>\n<meta property=\"og:image\" content=\"https:\/\/m.media-amazon.com\/images\/I\/41mO4b+VBvL._SL500_.jpg\" \/>\n\t<meta property=\"og:image:width\" content=\"359\" \/>\n\t<meta property=\"og:image:height\" content=\"500\" \/>\n\t<meta property=\"og:image:type\" content=\"image\/jpeg\" \/>\n<meta name=\"twitter:card\" content=\"summary_large_image\" \/>\n<meta name=\"twitter:label1\" content=\"Gesch\u00e4tzte Lesezeit\" \/>\n\t<meta name=\"twitter:data1\" content=\"1\u00a0Minute\" \/>\n<script type=\"application\/ld+json\" class=\"yoast-schema-graph\">{\"@context\":\"https:\\\/\\\/schema.org\",\"@graph\":[{\"@type\":\"WebPage\",\"@id\":\"https:\\\/\\\/marktxxl.de\\\/markt\\\/produkt\\\/pokemon-oversize-hoodie-jungen-decke-mit-aermeln-und-kapuze-pikachu-fleece-blanket-hoodie-pullover\\\/\",\"url\":\"https:\\\/\\\/marktxxl.de\\\/markt\\\/produkt\\\/pokemon-oversize-hoodie-jungen-decke-mit-aermeln-und-kapuze-pikachu-fleece-blanket-hoodie-pullover\\\/\",\"name\":\"Pokemon Oversize Hoodie Jungen Decke mit \u00c4rmeln und Kapuze, Pikachu Fleece Blanket Hoodie Pullover - Markt-XXL\",\"isPartOf\":{\"@id\":\"https:\\\/\\\/marktxxl.de\\\/markt\\\/#website\"},\"primaryImageOfPage\":{\"@id\":\"https:\\\/\\\/marktxxl.de\\\/markt\\\/produkt\\\/pokemon-oversize-hoodie-jungen-decke-mit-aermeln-und-kapuze-pikachu-fleece-blanket-hoodie-pullover\\\/#primaryimage\"},\"image\":{\"@id\":\"https:\\\/\\\/marktxxl.de\\\/markt\\\/produkt\\\/pokemon-oversize-hoodie-jungen-decke-mit-aermeln-und-kapuze-pikachu-fleece-blanket-hoodie-pullover\\\/#primaryimage\"},\"thumbnailUrl\":\"https:\\\/\\\/m.media-amazon.com\\\/images\\\/I\\\/41mO4b+VBvL._SL500_.jpg\",\"datePublished\":\"2021-11-12T23:31:11+00:00\",\"dateModified\":\"2023-04-09T00:18:26+00:00\",\"description\":\"Markt-XXL Pokemon Oversize Hoodie Jungen Decke mit \u00c4rmeln und Kapuze, Pikachu Fleece Blanket Hoodie Pullover\",\"breadcrumb\":{\"@id\":\"https:\\\/\\\/marktxxl.de\\\/markt\\\/produkt\\\/pokemon-oversize-hoodie-jungen-decke-mit-aermeln-und-kapuze-pikachu-fleece-blanket-hoodie-pullover\\\/#breadcrumb\"},\"inLanguage\":\"de\",\"potentialAction\":[{\"@type\":\"ReadAction\",\"target\":[\"https:\\\/\\\/marktxxl.de\\\/markt\\\/produkt\\\/pokemon-oversize-hoodie-jungen-decke-mit-aermeln-und-kapuze-pikachu-fleece-blanket-hoodie-pullover\\\/\"]}]},{\"@type\":\"ImageObject\",\"inLanguage\":\"de\",\"@id\":\"https:\\\/\\\/marktxxl.de\\\/markt\\\/produkt\\\/pokemon-oversize-hoodie-jungen-decke-mit-aermeln-und-kapuze-pikachu-fleece-blanket-hoodie-pullover\\\/#primaryimage\",\"url\":\"https:\\\/\\\/m.media-amazon.com\\\/images\\\/I\\\/41mO4b+VBvL._SL500_.jpg\",\"contentUrl\":\"https:\\\/\\\/m.media-amazon.com\\\/images\\\/I\\\/41mO4b+VBvL._SL500_.jpg\",\"width\":359,\"height\":500},{\"@type\":\"BreadcrumbList\",\"@id\":\"https:\\\/\\\/marktxxl.de\\\/markt\\\/produkt\\\/pokemon-oversize-hoodie-jungen-decke-mit-aermeln-und-kapuze-pikachu-fleece-blanket-hoodie-pullover\\\/#breadcrumb\",\"itemListElement\":[{\"@type\":\"ListItem\",\"position\":1,\"name\":\"Startseite\",\"item\":\"https:\\\/\\\/marktxxl.de\\\/markt\\\/\"},{\"@type\":\"ListItem\",\"position\":2,\"name\":\"Markt\",\"item\":\"https:\\\/\\\/marktxxl.de\\\/markt\\\/\"},{\"@type\":\"ListItem\",\"position\":3,\"name\":\"Pokemon Oversize Hoodie Jungen Decke mit \u00c4rmeln und Kapuze, Pikachu Fleece Blanket Hoodie Pullover\"}]},{\"@type\":\"WebSite\",\"@id\":\"https:\\\/\\\/marktxxl.de\\\/markt\\\/#website\",\"url\":\"https:\\\/\\\/marktxxl.de\\\/markt\\\/\",\"name\":\"Markt-XXL\",\"description\":\"Ihr Markt Online\",\"publisher\":{\"@id\":\"https:\\\/\\\/marktxxl.de\\\/markt\\\/#organization\"},\"potentialAction\":[{\"@type\":\"SearchAction\",\"target\":{\"@type\":\"EntryPoint\",\"urlTemplate\":\"https:\\\/\\\/marktxxl.de\\\/markt\\\/?s={search_term_string}\"},\"query-input\":{\"@type\":\"PropertyValueSpecification\",\"valueRequired\":true,\"valueName\":\"search_term_string\"}}],\"inLanguage\":\"de\"},{\"@type\":\"Organization\",\"@id\":\"https:\\\/\\\/marktxxl.de\\\/markt\\\/#organization\",\"name\":\"Markt-XXL\",\"url\":\"https:\\\/\\\/marktxxl.de\\\/markt\\\/\",\"logo\":{\"@type\":\"ImageObject\",\"inLanguage\":\"de\",\"@id\":\"https:\\\/\\\/marktxxl.de\\\/markt\\\/#\\\/schema\\\/logo\\\/image\\\/\",\"url\":\"https:\\\/\\\/marktxxl.de\\\/markt\\\/wp-content\\\/uploads\\\/sites\\\/3\\\/2020\\\/12\\\/logo.png\",\"contentUrl\":\"https:\\\/\\\/marktxxl.de\\\/markt\\\/wp-content\\\/uploads\\\/sites\\\/3\\\/2020\\\/12\\\/logo.png\",\"width\":200,\"height\":70,\"caption\":\"Markt-XXL\"},\"image\":{\"@id\":\"https:\\\/\\\/marktxxl.de\\\/markt\\\/#\\\/schema\\\/logo\\\/image\\\/\"}}]}<\/script>\n<!-- \/ Yoast SEO plugin. -->","yoast_head_json":{"title":"Pokemon Oversize Hoodie Jungen Decke mit \u00c4rmeln und Kapuze, Pikachu Fleece Blanket Hoodie Pullover - Markt-XXL","description":"Markt-XXL Pokemon Oversize Hoodie Jungen Decke mit \u00c4rmeln und Kapuze, Pikachu Fleece Blanket Hoodie Pullover","robots":{"index":"index","follow":"follow","max-snippet":"max-snippet:-1","max-image-preview":"max-image-preview:large","max-video-preview":"max-video-preview:-1"},"canonical":"https:\/\/marktxxl.de\/markt\/produkt\/pokemon-oversize-hoodie-jungen-decke-mit-aermeln-und-kapuze-pikachu-fleece-blanket-hoodie-pullover\/","og_locale":"de_DE","og_type":"article","og_title":"Pokemon Oversize Hoodie Jungen Decke mit \u00c4rmeln und Kapuze, Pikachu Fleece Blanket Hoodie Pullover - Markt-XXL","og_description":"Markt-XXL Pokemon Oversize Hoodie Jungen Decke mit \u00c4rmeln und Kapuze, Pikachu Fleece Blanket Hoodie Pullover","og_url":"https:\/\/marktxxl.de\/markt\/produkt\/pokemon-oversize-hoodie-jungen-decke-mit-aermeln-und-kapuze-pikachu-fleece-blanket-hoodie-pullover\/","og_site_name":"Markt-XXL","article_modified_time":"2023-04-09T00:18:26+00:00","og_image":[{"width":359,"height":500,"url":"https:\/\/m.media-amazon.com\/images\/I\/41mO4b+VBvL._SL500_.jpg","type":"image\/jpeg"}],"twitter_card":"summary_large_image","twitter_misc":{"Gesch\u00e4tzte Lesezeit":"1\u00a0Minute"},"schema":{"@context":"https:\/\/schema.org","@graph":[{"@type":"WebPage","@id":"https:\/\/marktxxl.de\/markt\/produkt\/pokemon-oversize-hoodie-jungen-decke-mit-aermeln-und-kapuze-pikachu-fleece-blanket-hoodie-pullover\/","url":"https:\/\/marktxxl.de\/markt\/produkt\/pokemon-oversize-hoodie-jungen-decke-mit-aermeln-und-kapuze-pikachu-fleece-blanket-hoodie-pullover\/","name":"Pokemon Oversize Hoodie Jungen Decke mit \u00c4rmeln und Kapuze, Pikachu Fleece Blanket Hoodie Pullover - Markt-XXL","isPartOf":{"@id":"https:\/\/marktxxl.de\/markt\/#website"},"primaryImageOfPage":{"@id":"https:\/\/marktxxl.de\/markt\/produkt\/pokemon-oversize-hoodie-jungen-decke-mit-aermeln-und-kapuze-pikachu-fleece-blanket-hoodie-pullover\/#primaryimage"},"image":{"@id":"https:\/\/marktxxl.de\/markt\/produkt\/pokemon-oversize-hoodie-jungen-decke-mit-aermeln-und-kapuze-pikachu-fleece-blanket-hoodie-pullover\/#primaryimage"},"thumbnailUrl":"https:\/\/m.media-amazon.com\/images\/I\/41mO4b+VBvL._SL500_.jpg","datePublished":"2021-11-12T23:31:11+00:00","dateModified":"2023-04-09T00:18:26+00:00","description":"Markt-XXL Pokemon Oversize Hoodie Jungen Decke mit \u00c4rmeln und Kapuze, Pikachu Fleece Blanket Hoodie Pullover","breadcrumb":{"@id":"https:\/\/marktxxl.de\/markt\/produkt\/pokemon-oversize-hoodie-jungen-decke-mit-aermeln-und-kapuze-pikachu-fleece-blanket-hoodie-pullover\/#breadcrumb"},"inLanguage":"de","potentialAction":[{"@type":"ReadAction","target":["https:\/\/marktxxl.de\/markt\/produkt\/pokemon-oversize-hoodie-jungen-decke-mit-aermeln-und-kapuze-pikachu-fleece-blanket-hoodie-pullover\/"]}]},{"@type":"ImageObject","inLanguage":"de","@id":"https:\/\/marktxxl.de\/markt\/produkt\/pokemon-oversize-hoodie-jungen-decke-mit-aermeln-und-kapuze-pikachu-fleece-blanket-hoodie-pullover\/#primaryimage","url":"https:\/\/m.media-amazon.com\/images\/I\/41mO4b+VBvL._SL500_.jpg","contentUrl":"https:\/\/m.media-amazon.com\/images\/I\/41mO4b+VBvL._SL500_.jpg","width":359,"height":500},{"@type":"BreadcrumbList","@id":"https:\/\/marktxxl.de\/markt\/produkt\/pokemon-oversize-hoodie-jungen-decke-mit-aermeln-und-kapuze-pikachu-fleece-blanket-hoodie-pullover\/#breadcrumb","itemListElement":[{"@type":"ListItem","position":1,"name":"Startseite","item":"https:\/\/marktxxl.de\/markt\/"},{"@type":"ListItem","position":2,"name":"Markt","item":"https:\/\/marktxxl.de\/markt\/"},{"@type":"ListItem","position":3,"name":"Pokemon Oversize Hoodie Jungen Decke mit \u00c4rmeln und Kapuze, Pikachu Fleece Blanket Hoodie Pullover"}]},{"@type":"WebSite","@id":"https:\/\/marktxxl.de\/markt\/#website","url":"https:\/\/marktxxl.de\/markt\/","name":"Markt-XXL","description":"Ihr Markt Online","publisher":{"@id":"https:\/\/marktxxl.de\/markt\/#organization"},"potentialAction":[{"@type":"SearchAction","target":{"@type":"EntryPoint","urlTemplate":"https:\/\/marktxxl.de\/markt\/?s={search_term_string}"},"query-input":{"@type":"PropertyValueSpecification","valueRequired":true,"valueName":"search_term_string"}}],"inLanguage":"de"},{"@type":"Organization","@id":"https:\/\/marktxxl.de\/markt\/#organization","name":"Markt-XXL","url":"https:\/\/marktxxl.de\/markt\/","logo":{"@type":"ImageObject","inLanguage":"de","@id":"https:\/\/marktxxl.de\/markt\/#\/schema\/logo\/image\/","url":"https:\/\/marktxxl.de\/markt\/wp-content\/uploads\/sites\/3\/2020\/12\/logo.png","contentUrl":"https:\/\/marktxxl.de\/markt\/wp-content\/uploads\/sites\/3\/2020\/12\/logo.png","width":200,"height":70,"caption":"Markt-XXL"},"image":{"@id":"https:\/\/marktxxl.de\/markt\/#\/schema\/logo\/image\/"}}]}},"_links":{"self":[{"href":"https:\/\/marktxxl.de\/markt\/wp-json\/wp\/v2\/product\/72999","targetHints":{"allow":["GET"]}}],"collection":[{"href":"https:\/\/marktxxl.de\/markt\/wp-json\/wp\/v2\/product"}],"about":[{"href":"https:\/\/marktxxl.de\/markt\/wp-json\/wp\/v2\/types\/product"}],"replies":[{"embeddable":true,"href":"https:\/\/marktxxl.de\/markt\/wp-json\/wp\/v2\/comments?post=72999"}],"wp:featuredmedia":[{"embeddable":true,"href":"https:\/\/marktxxl.de\/markt\/wp-json\/wp\/v2\/media\/73000"}],"wp:attachment":[{"href":"https:\/\/marktxxl.de\/markt\/wp-json\/wp\/v2\/media?parent=72999"}],"wp:term":[{"taxonomy":"product_brand","embeddable":true,"href":"https:\/\/marktxxl.de\/markt\/wp-json\/wp\/v2\/product_brand?post=72999"},{"taxonomy":"product_cat","embeddable":true,"href":"https:\/\/marktxxl.de\/markt\/wp-json\/wp\/v2\/product_cat?post=72999"},{"taxonomy":"product_tag","embeddable":true,"href":"https:\/\/marktxxl.de\/markt\/wp-json\/wp\/v2\/product_tag?post=72999"}],"curies":[{"name":"wp","href":"https:\/\/api.w.org\/{rel}","templated":true}]}}