{"id":72917,"date":"2021-11-13T00:27:22","date_gmt":"2021-11-12T23:27:22","guid":{"rendered":"https:\/\/marktxxl.de\/markt\/produkt\/playshoes-unisex-kinder-fleece-maus-weste\/"},"modified":"2023-04-09T02:18:24","modified_gmt":"2023-04-09T00:18:24","slug":"playshoes-unisex-kinder-fleece-maus-weste","status":"publish","type":"product","link":"https:\/\/marktxxl.de\/markt\/produkt\/playshoes-unisex-kinder-fleece-maus-weste\/","title":{"rendered":"Playshoes Unisex Kinder Fleece Maus Weste"},"content":{"rendered":"<p>F\u00fcr alle MAUS Fans! Die kuschelig warme und weiche Kinder Fleece-Weste ist der ideale Begleiter auch an k\u00fchleren Tagen. Fleece ist atmungsaktiv und transportiert die Feuchtigkeit vom K\u00f6rper weg und sorgt so f\u00fcr ein angenehmes Trageklima und es entsteht ein sehr guter W\u00e4rmeschutz<br \/>\nZum Schutz des Gesichtes ihres Kindes hat der Rei\u00dfverschluss eine Zippergarage, so kommt dieser nicht in Kontakt mit dem Gesicht. Zwei Eingrifftaschen mit Rei\u00dfverschluss bieten Platz f\u00fcr die Sch\u00e4tze der Kleinen<br \/>\nDie weiche Outdoor-Fleece-Weste mit dem beliebten Fernsehliebling DIE MAUS wird schnell zum Lieblingsteil im Kleiderschrank<br \/>\nTextiles Vertrauen &#8211; Oeko-Tex-Standard 100 Klasse 1 vom Institut Hohenstein auf Schadstoffe gepr\u00fcft (Pr\u00fcf-Nr. : 11.0.86164)<br \/>\n<div class=\"main-cross-sell\" data-asin=\"B08D719BR7\">\n\n\t<div class=\"WooZone-cross-sell-loader\">\n\t\t<div>\n\t\t\t<div id=\"floatingBarsG\">\n\t\t\t\t<div class=\"blockG\" id=\"rotateG_01\"><\/div>\n\t\t\t\t<div class=\"blockG\" id=\"rotateG_02\"><\/div>\n\t\t\t\t<div class=\"blockG\" id=\"rotateG_03\"><\/div>\n\t\t\t\t<div class=\"blockG\" id=\"rotateG_04\"><\/div>\n\t\t\t\t<div class=\"blockG\" id=\"rotateG_05\"><\/div>\n\t\t\t\t<div class=\"blockG\" id=\"rotateG_06\"><\/div>\n\t\t\t\t<div class=\"blockG\" id=\"rotateG_07\"><\/div>\n\t\t\t\t<div class=\"blockG\" id=\"rotateG_08\"><\/div>\n\t\t\t<\/div>\n\t\t\t<div class=\"WooZone-cross-sell-loader-text\"><\/div>\n\t\t<\/div>\n\t<\/div>\n\n\t\t\n<\/div>\n<div style=\"clear:both;\"><\/div><\/p>\n","protected":false},"excerpt":{"rendered":"<p>F\u00fcr alle MAUS Fans! Die kuschelig warme und weiche Kinder Fleece-Weste ist der ideale Begleiter auch an k\u00fchleren Tagen. Fleece ist atmungsaktiv und transportiert die Feuchtigkeit vom K\u00f6rper weg und sorgt so f\u00fcr ein angenehmes Trageklima und es entsteht ein sehr guter W\u00e4rmeschutz<br \/>\nZum Schutz des Gesichtes ihres Kindes hat der Rei\u00dfverschluss eine Zippergarage, so kommt dieser nicht in Kontakt mit dem Gesicht. Zwei Eingrifftaschen mit Rei\u00dfverschluss bieten Platz f\u00fcr die Sch\u00e4tze der Kleinen<br \/>\nDie weiche Outdoor-Fleece-Weste mit dem beliebten Fernsehliebling DIE MAUS wird schnell zum Lieblingsteil im Kleiderschrank<\/p>\n","protected":false},"featured_media":72918,"comment_status":"open","ping_status":"closed","template":"","meta":[],"product_brand":[],"product_cat":[1186,4034],"product_tag":[],"class_list":{"0":"post-72917","1":"product","2":"type-product","3":"status-publish","4":"has-post-thumbnail","6":"product_cat-bekleidung","7":"product_cat-jungen","8":"pa_binding-textilien","9":"pa_brand-playshoes","10":"pa_manufacturer-playshoes-die-maus","12":"first","13":"instock","14":"shipping-taxable","15":"purchasable","16":"product-type-simple","17":"customify-col","18":"product-has-gallery"},"yoast_head":"<!-- This site is optimized with the Yoast SEO plugin v27.3 - https:\/\/yoast.com\/product\/yoast-seo-wordpress\/ -->\n<title>Playshoes Unisex Kinder Fleece Maus Weste - Markt-XXL<\/title>\n<meta name=\"description\" content=\"Markt-XXL Playshoes Unisex Kinder Fleece Maus Weste\" \/>\n<meta name=\"robots\" content=\"index, follow, max-snippet:-1, max-image-preview:large, max-video-preview:-1\" \/>\n<link rel=\"canonical\" href=\"https:\/\/marktxxl.de\/markt\/produkt\/playshoes-unisex-kinder-fleece-maus-weste\/\" \/>\n<meta property=\"og:locale\" content=\"de_DE\" \/>\n<meta property=\"og:type\" content=\"article\" \/>\n<meta property=\"og:title\" content=\"Playshoes Unisex Kinder Fleece Maus Weste - Markt-XXL\" \/>\n<meta property=\"og:description\" content=\"Markt-XXL Playshoes Unisex Kinder Fleece Maus Weste\" \/>\n<meta property=\"og:url\" content=\"https:\/\/marktxxl.de\/markt\/produkt\/playshoes-unisex-kinder-fleece-maus-weste\/\" \/>\n<meta property=\"og:site_name\" content=\"Markt-XXL\" \/>\n<meta property=\"article:modified_time\" content=\"2023-04-09T00:18:24+00:00\" \/>\n<meta property=\"og:image\" content=\"https:\/\/m.media-amazon.com\/images\/I\/41EqGC91TSL._SL500_.jpg\" \/>\n\t<meta property=\"og:image:width\" content=\"365\" \/>\n\t<meta property=\"og:image:height\" content=\"500\" \/>\n\t<meta property=\"og:image:type\" content=\"image\/jpeg\" \/>\n<meta name=\"twitter:card\" content=\"summary_large_image\" \/>\n<meta name=\"twitter:label1\" content=\"Gesch\u00e4tzte Lesezeit\" \/>\n\t<meta name=\"twitter:data1\" content=\"1\u00a0Minute\" \/>\n<script type=\"application\/ld+json\" class=\"yoast-schema-graph\">{\"@context\":\"https:\\\/\\\/schema.org\",\"@graph\":[{\"@type\":\"WebPage\",\"@id\":\"https:\\\/\\\/marktxxl.de\\\/markt\\\/produkt\\\/playshoes-unisex-kinder-fleece-maus-weste\\\/\",\"url\":\"https:\\\/\\\/marktxxl.de\\\/markt\\\/produkt\\\/playshoes-unisex-kinder-fleece-maus-weste\\\/\",\"name\":\"Playshoes Unisex Kinder Fleece Maus Weste - Markt-XXL\",\"isPartOf\":{\"@id\":\"https:\\\/\\\/marktxxl.de\\\/markt\\\/#website\"},\"primaryImageOfPage\":{\"@id\":\"https:\\\/\\\/marktxxl.de\\\/markt\\\/produkt\\\/playshoes-unisex-kinder-fleece-maus-weste\\\/#primaryimage\"},\"image\":{\"@id\":\"https:\\\/\\\/marktxxl.de\\\/markt\\\/produkt\\\/playshoes-unisex-kinder-fleece-maus-weste\\\/#primaryimage\"},\"thumbnailUrl\":\"https:\\\/\\\/m.media-amazon.com\\\/images\\\/I\\\/41EqGC91TSL._SL500_.jpg\",\"datePublished\":\"2021-11-12T23:27:22+00:00\",\"dateModified\":\"2023-04-09T00:18:24+00:00\",\"description\":\"Markt-XXL Playshoes Unisex Kinder Fleece Maus Weste\",\"breadcrumb\":{\"@id\":\"https:\\\/\\\/marktxxl.de\\\/markt\\\/produkt\\\/playshoes-unisex-kinder-fleece-maus-weste\\\/#breadcrumb\"},\"inLanguage\":\"de\",\"potentialAction\":[{\"@type\":\"ReadAction\",\"target\":[\"https:\\\/\\\/marktxxl.de\\\/markt\\\/produkt\\\/playshoes-unisex-kinder-fleece-maus-weste\\\/\"]}]},{\"@type\":\"ImageObject\",\"inLanguage\":\"de\",\"@id\":\"https:\\\/\\\/marktxxl.de\\\/markt\\\/produkt\\\/playshoes-unisex-kinder-fleece-maus-weste\\\/#primaryimage\",\"url\":\"https:\\\/\\\/m.media-amazon.com\\\/images\\\/I\\\/41EqGC91TSL._SL500_.jpg\",\"contentUrl\":\"https:\\\/\\\/m.media-amazon.com\\\/images\\\/I\\\/41EqGC91TSL._SL500_.jpg\",\"width\":365,\"height\":500},{\"@type\":\"BreadcrumbList\",\"@id\":\"https:\\\/\\\/marktxxl.de\\\/markt\\\/produkt\\\/playshoes-unisex-kinder-fleece-maus-weste\\\/#breadcrumb\",\"itemListElement\":[{\"@type\":\"ListItem\",\"position\":1,\"name\":\"Startseite\",\"item\":\"https:\\\/\\\/marktxxl.de\\\/markt\\\/\"},{\"@type\":\"ListItem\",\"position\":2,\"name\":\"Markt\",\"item\":\"https:\\\/\\\/marktxxl.de\\\/markt\\\/\"},{\"@type\":\"ListItem\",\"position\":3,\"name\":\"Playshoes Unisex Kinder Fleece Maus Weste\"}]},{\"@type\":\"WebSite\",\"@id\":\"https:\\\/\\\/marktxxl.de\\\/markt\\\/#website\",\"url\":\"https:\\\/\\\/marktxxl.de\\\/markt\\\/\",\"name\":\"Markt-XXL\",\"description\":\"Ihr Markt Online\",\"publisher\":{\"@id\":\"https:\\\/\\\/marktxxl.de\\\/markt\\\/#organization\"},\"potentialAction\":[{\"@type\":\"SearchAction\",\"target\":{\"@type\":\"EntryPoint\",\"urlTemplate\":\"https:\\\/\\\/marktxxl.de\\\/markt\\\/?s={search_term_string}\"},\"query-input\":{\"@type\":\"PropertyValueSpecification\",\"valueRequired\":true,\"valueName\":\"search_term_string\"}}],\"inLanguage\":\"de\"},{\"@type\":\"Organization\",\"@id\":\"https:\\\/\\\/marktxxl.de\\\/markt\\\/#organization\",\"name\":\"Markt-XXL\",\"url\":\"https:\\\/\\\/marktxxl.de\\\/markt\\\/\",\"logo\":{\"@type\":\"ImageObject\",\"inLanguage\":\"de\",\"@id\":\"https:\\\/\\\/marktxxl.de\\\/markt\\\/#\\\/schema\\\/logo\\\/image\\\/\",\"url\":\"https:\\\/\\\/marktxxl.de\\\/markt\\\/wp-content\\\/uploads\\\/sites\\\/3\\\/2020\\\/12\\\/logo.png\",\"contentUrl\":\"https:\\\/\\\/marktxxl.de\\\/markt\\\/wp-content\\\/uploads\\\/sites\\\/3\\\/2020\\\/12\\\/logo.png\",\"width\":200,\"height\":70,\"caption\":\"Markt-XXL\"},\"image\":{\"@id\":\"https:\\\/\\\/marktxxl.de\\\/markt\\\/#\\\/schema\\\/logo\\\/image\\\/\"}}]}<\/script>\n<!-- \/ Yoast SEO plugin. -->","yoast_head_json":{"title":"Playshoes Unisex Kinder Fleece Maus Weste - Markt-XXL","description":"Markt-XXL Playshoes Unisex Kinder Fleece Maus Weste","robots":{"index":"index","follow":"follow","max-snippet":"max-snippet:-1","max-image-preview":"max-image-preview:large","max-video-preview":"max-video-preview:-1"},"canonical":"https:\/\/marktxxl.de\/markt\/produkt\/playshoes-unisex-kinder-fleece-maus-weste\/","og_locale":"de_DE","og_type":"article","og_title":"Playshoes Unisex Kinder Fleece Maus Weste - Markt-XXL","og_description":"Markt-XXL Playshoes Unisex Kinder Fleece Maus Weste","og_url":"https:\/\/marktxxl.de\/markt\/produkt\/playshoes-unisex-kinder-fleece-maus-weste\/","og_site_name":"Markt-XXL","article_modified_time":"2023-04-09T00:18:24+00:00","og_image":[{"width":365,"height":500,"url":"https:\/\/m.media-amazon.com\/images\/I\/41EqGC91TSL._SL500_.jpg","type":"image\/jpeg"}],"twitter_card":"summary_large_image","twitter_misc":{"Gesch\u00e4tzte Lesezeit":"1\u00a0Minute"},"schema":{"@context":"https:\/\/schema.org","@graph":[{"@type":"WebPage","@id":"https:\/\/marktxxl.de\/markt\/produkt\/playshoes-unisex-kinder-fleece-maus-weste\/","url":"https:\/\/marktxxl.de\/markt\/produkt\/playshoes-unisex-kinder-fleece-maus-weste\/","name":"Playshoes Unisex Kinder Fleece Maus Weste - Markt-XXL","isPartOf":{"@id":"https:\/\/marktxxl.de\/markt\/#website"},"primaryImageOfPage":{"@id":"https:\/\/marktxxl.de\/markt\/produkt\/playshoes-unisex-kinder-fleece-maus-weste\/#primaryimage"},"image":{"@id":"https:\/\/marktxxl.de\/markt\/produkt\/playshoes-unisex-kinder-fleece-maus-weste\/#primaryimage"},"thumbnailUrl":"https:\/\/m.media-amazon.com\/images\/I\/41EqGC91TSL._SL500_.jpg","datePublished":"2021-11-12T23:27:22+00:00","dateModified":"2023-04-09T00:18:24+00:00","description":"Markt-XXL Playshoes Unisex Kinder Fleece Maus Weste","breadcrumb":{"@id":"https:\/\/marktxxl.de\/markt\/produkt\/playshoes-unisex-kinder-fleece-maus-weste\/#breadcrumb"},"inLanguage":"de","potentialAction":[{"@type":"ReadAction","target":["https:\/\/marktxxl.de\/markt\/produkt\/playshoes-unisex-kinder-fleece-maus-weste\/"]}]},{"@type":"ImageObject","inLanguage":"de","@id":"https:\/\/marktxxl.de\/markt\/produkt\/playshoes-unisex-kinder-fleece-maus-weste\/#primaryimage","url":"https:\/\/m.media-amazon.com\/images\/I\/41EqGC91TSL._SL500_.jpg","contentUrl":"https:\/\/m.media-amazon.com\/images\/I\/41EqGC91TSL._SL500_.jpg","width":365,"height":500},{"@type":"BreadcrumbList","@id":"https:\/\/marktxxl.de\/markt\/produkt\/playshoes-unisex-kinder-fleece-maus-weste\/#breadcrumb","itemListElement":[{"@type":"ListItem","position":1,"name":"Startseite","item":"https:\/\/marktxxl.de\/markt\/"},{"@type":"ListItem","position":2,"name":"Markt","item":"https:\/\/marktxxl.de\/markt\/"},{"@type":"ListItem","position":3,"name":"Playshoes Unisex Kinder Fleece Maus Weste"}]},{"@type":"WebSite","@id":"https:\/\/marktxxl.de\/markt\/#website","url":"https:\/\/marktxxl.de\/markt\/","name":"Markt-XXL","description":"Ihr Markt Online","publisher":{"@id":"https:\/\/marktxxl.de\/markt\/#organization"},"potentialAction":[{"@type":"SearchAction","target":{"@type":"EntryPoint","urlTemplate":"https:\/\/marktxxl.de\/markt\/?s={search_term_string}"},"query-input":{"@type":"PropertyValueSpecification","valueRequired":true,"valueName":"search_term_string"}}],"inLanguage":"de"},{"@type":"Organization","@id":"https:\/\/marktxxl.de\/markt\/#organization","name":"Markt-XXL","url":"https:\/\/marktxxl.de\/markt\/","logo":{"@type":"ImageObject","inLanguage":"de","@id":"https:\/\/marktxxl.de\/markt\/#\/schema\/logo\/image\/","url":"https:\/\/marktxxl.de\/markt\/wp-content\/uploads\/sites\/3\/2020\/12\/logo.png","contentUrl":"https:\/\/marktxxl.de\/markt\/wp-content\/uploads\/sites\/3\/2020\/12\/logo.png","width":200,"height":70,"caption":"Markt-XXL"},"image":{"@id":"https:\/\/marktxxl.de\/markt\/#\/schema\/logo\/image\/"}}]}},"_links":{"self":[{"href":"https:\/\/marktxxl.de\/markt\/wp-json\/wp\/v2\/product\/72917","targetHints":{"allow":["GET"]}}],"collection":[{"href":"https:\/\/marktxxl.de\/markt\/wp-json\/wp\/v2\/product"}],"about":[{"href":"https:\/\/marktxxl.de\/markt\/wp-json\/wp\/v2\/types\/product"}],"replies":[{"embeddable":true,"href":"https:\/\/marktxxl.de\/markt\/wp-json\/wp\/v2\/comments?post=72917"}],"wp:featuredmedia":[{"embeddable":true,"href":"https:\/\/marktxxl.de\/markt\/wp-json\/wp\/v2\/media\/72918"}],"wp:attachment":[{"href":"https:\/\/marktxxl.de\/markt\/wp-json\/wp\/v2\/media?parent=72917"}],"wp:term":[{"taxonomy":"product_brand","embeddable":true,"href":"https:\/\/marktxxl.de\/markt\/wp-json\/wp\/v2\/product_brand?post=72917"},{"taxonomy":"product_cat","embeddable":true,"href":"https:\/\/marktxxl.de\/markt\/wp-json\/wp\/v2\/product_cat?post=72917"},{"taxonomy":"product_tag","embeddable":true,"href":"https:\/\/marktxxl.de\/markt\/wp-json\/wp\/v2\/product_tag?post=72917"}],"curies":[{"name":"wp","href":"https:\/\/api.w.org\/{rel}","templated":true}]}}