{"id":72739,"date":"2021-11-13T00:12:22","date_gmt":"2021-11-12T23:12:22","guid":{"rendered":"https:\/\/marktxxl.de\/markt\/produkt\/rainbow-socks-damen-herren-lustige-meal-socks-box-geschenk-5-paar\/"},"modified":"2023-04-09T02:18:18","modified_gmt":"2023-04-09T00:18:18","slug":"rainbow-socks-damen-herren-lustige-meal-socks-box-geschenk-5-paar","status":"publish","type":"product","link":"https:\/\/marktxxl.de\/markt\/produkt\/rainbow-socks-damen-herren-lustige-meal-socks-box-geschenk-5-paar\/","title":{"rendered":"Rainbow Socks &#8211; Damen Herren Lustige Meal Socks Box Geschenk &#8211; 5 Paar"},"content":{"rendered":"<p>EIN SET F\u00dcR NIMMERSATT \u2013 Unser Meal Socks Box ist ein Vorschlag f\u00fcr alle, die t\u00e4glich B\u00e4renhunger auf lustige Socken oder Fast Food haben. Burger, Pommes und eine Dose Bier in einem Set zum Mitnehmen bilden zusammen 5 Paar originelle Socken und befriedigen den gr\u00f6\u00dften Hunger. Das Set schmeckt Frauen (Gr\u00f6\u00dfen EU 36-40, UK 4-7) und M\u00e4nnern (Gr\u00f6\u00dfen EU 41-46, UK 7.5-11), die ungew\u00f6hnliche baumwollene Socken suchen. Es ist auch in einer vergr\u00f6\u00dferten Version XL zug\u00e4nglich (Gr\u00f6\u00dfen EU 47-50, UK 11.5-15).<br \/>\nBURGER, POMMES UND BIER \u2013 diese drei Leckerbissen findest du in unserer \u00f6kologischen Verpackung mit Griff. Der appetitliche Burger sind 2 Paar Socken \u2013 das eine ist ein knuspriges Br\u00f6tchen und frisches Gem\u00fcse und das zweite ein aromavolles Kotelett mit einer Scheibe K\u00e4se. Weitere zwei Paar Socken bilden knusprige Pommes. Das ideale Getr\u00e4nk zu diesem Gericht ist ein Paar Socken mit dem Bier-Muster in einer Metalldose. Die R\u00e4tsel in der Verpackung machen jedes Lunch angenehm!<br \/>\nEIN LUSTIGES GESCHENK \u2013 Macht deine Freundin gerade Di\u00e4t, aber sie erz\u00e4hlt immer wieder von ihrer Lust auf Burger? Suchst du eine Idee, wie du deinen bekannten Koch \u00fcberraschen kannst? Nicht nur in so einem Fall ist Meal Socks Box ein unvergessliches Geschenk. Dank der praktischen Verpackung sind die Socken sofort fertig zum Einreichen! Die \u00f6kologische Weise, die Schachtel zu transportieren, d.h. mit dem zusammen gefalteten Griff verursacht, dass er unterwegs nicht besch\u00e4digt wird.<br \/>\nEUROP\u00c4ISCHE PRODUKTION \u2013 Jedes von unseren Leckerbissen wurde im Familienunternehmen in Mitteleuropa gen\u00e4ht. Seit vielen Jahren arbeiten wir daran, unsere Techniken der Sockenproduktion zu verbessern, weil ihre Qualit\u00e4t uns genauso wichtig ist, wie ihr Aussehen. Als Basis f\u00fcr unsere Gerichte haben wir zertifiziertes Garn angewendet (das Zertifikat OEKO-TEX), dessen Hauptbestandteil gek\u00e4mmte Baumwolle ist. Sie verursacht, dass die Socken freien Luftverkehr erm\u00f6glichen.<br \/>\nBUNTE SOCKEN &#8211; Rainbow Socks ist eine Marke von bunten Socken, die oft zum Foodtruck der besten Socken-Street-Food werden. Der Appetit wird nur von unseren verr\u00fcckten Ideen erregt. Meal Socks Box ist ein weiterer Vorschlag, neben Pizza oder Gew\u00fcrzgurken f\u00fcr diejenigen, die Lust auf etwas mehr haben als normale Socken und auf mehr als nur ein Paar Socken. Meal Socks Box ist Spa\u00df, den man einfach mit anderen teilt, so wie wir! Rainbow Socks. Where feet and colours meet.<br \/>\n<div class=\"main-cross-sell\" data-asin=\"B08FF7QHBX\">\n\n\t<div class=\"WooZone-cross-sell-loader\">\n\t\t<div>\n\t\t\t<div id=\"floatingBarsG\">\n\t\t\t\t<div class=\"blockG\" id=\"rotateG_01\"><\/div>\n\t\t\t\t<div class=\"blockG\" id=\"rotateG_02\"><\/div>\n\t\t\t\t<div class=\"blockG\" id=\"rotateG_03\"><\/div>\n\t\t\t\t<div class=\"blockG\" id=\"rotateG_04\"><\/div>\n\t\t\t\t<div class=\"blockG\" id=\"rotateG_05\"><\/div>\n\t\t\t\t<div class=\"blockG\" id=\"rotateG_06\"><\/div>\n\t\t\t\t<div class=\"blockG\" id=\"rotateG_07\"><\/div>\n\t\t\t\t<div class=\"blockG\" id=\"rotateG_08\"><\/div>\n\t\t\t<\/div>\n\t\t\t<div class=\"WooZone-cross-sell-loader-text\"><\/div>\n\t\t<\/div>\n\t<\/div>\n\n\t\t\n<\/div>\n<div style=\"clear:both;\"><\/div><\/p>\n","protected":false},"excerpt":{"rendered":"<p>EIN SET F\u00dcR NIMMERSATT \u2013 Unser Meal Socks Box ist ein Vorschlag f\u00fcr alle, die t\u00e4glich B\u00e4renhunger auf lustige Socken oder Fast Food haben. Burger, Pommes und eine Dose Bier in einem Set zum Mitnehmen bilden zusammen 5 Paar originelle Socken und befriedigen den gr\u00f6\u00dften Hunger. Das Set schmeckt Frauen (Gr\u00f6\u00dfen EU 36-40, UK 4-7) und M\u00e4nnern (Gr\u00f6\u00dfen EU 41-46, UK 7.5-11), die ungew\u00f6hnliche baumwollene Socken suchen. Es ist auch in einer vergr\u00f6\u00dferten Version XL zug\u00e4nglich (Gr\u00f6\u00dfen EU 47-50, UK 11.5-15).<br \/>\nBURGER, POMMES UND BIER \u2013 diese drei Leckerbissen findest du in unserer \u00f6kologischen Verpackung mit Griff. Der appetitliche Burger sind 2 Paar Socken \u2013 das eine ist ein knuspriges Br\u00f6tchen und frisches Gem\u00fcse und das zweite ein aromavolles Kotelett mit einer Scheibe K\u00e4se. Weitere zwei Paar Socken bilden knusprige Pommes. Das ideale Getr\u00e4nk zu diesem Gericht ist ein Paar Socken mit dem Bier-Muster in einer Metalldose. Die R\u00e4tsel in der Verpackung machen jedes Lunch angenehm!<br \/>\nEIN LUSTIGES GESCHENK \u2013 Macht deine Freundin gerade Di\u00e4t, aber sie erz\u00e4hlt immer wieder von ihrer Lust auf Burger? Suchst du eine Idee, wie du deinen bekannten Koch \u00fcberraschen kannst? Nicht nur in so einem Fall ist Meal Socks Box ein unvergessliches Geschenk. Dank der praktischen Verpackung sind die Socken sofort fertig zum Einreichen! Die \u00f6kologische Weise, die Schachtel zu transportieren, d.h. mit dem zusammen gefalteten Griff verursacht, dass er unterwegs nicht besch\u00e4digt wird.<\/p>\n","protected":false},"featured_media":72740,"comment_status":"open","ping_status":"closed","template":"","meta":[],"product_brand":[],"product_cat":[1186,3960],"product_tag":[],"class_list":{"0":"post-72739","1":"product","2":"type-product","3":"status-publish","4":"has-post-thumbnail","6":"product_cat-bekleidung","7":"product_cat-herren","8":"pa_brand-rainbow-socks","10":"first","11":"instock","12":"shipping-taxable","13":"purchasable","14":"product-type-simple","15":"customify-col","16":"product-has-gallery"},"yoast_head":"<!-- This site is optimized with the Yoast SEO plugin v27.3 - https:\/\/yoast.com\/product\/yoast-seo-wordpress\/ -->\n<title>Rainbow Socks - Damen Herren Lustige Meal Socks Box Geschenk - 5 Paar - Markt-XXL<\/title>\n<meta name=\"description\" content=\"Markt-XXL Rainbow Socks - Damen Herren Lustige Meal Socks Box Geschenk - 5 Paar\" \/>\n<meta name=\"robots\" content=\"index, follow, max-snippet:-1, max-image-preview:large, max-video-preview:-1\" \/>\n<link rel=\"canonical\" href=\"https:\/\/marktxxl.de\/markt\/produkt\/rainbow-socks-damen-herren-lustige-meal-socks-box-geschenk-5-paar\/\" \/>\n<meta property=\"og:locale\" content=\"de_DE\" \/>\n<meta property=\"og:type\" content=\"article\" \/>\n<meta property=\"og:title\" content=\"Rainbow Socks - Damen Herren Lustige Meal Socks Box Geschenk - 5 Paar - Markt-XXL\" \/>\n<meta property=\"og:description\" content=\"Markt-XXL Rainbow Socks - Damen Herren Lustige Meal Socks Box Geschenk - 5 Paar\" \/>\n<meta property=\"og:url\" content=\"https:\/\/marktxxl.de\/markt\/produkt\/rainbow-socks-damen-herren-lustige-meal-socks-box-geschenk-5-paar\/\" \/>\n<meta property=\"og:site_name\" content=\"Markt-XXL\" \/>\n<meta property=\"article:modified_time\" content=\"2023-04-09T00:18:18+00:00\" \/>\n<meta property=\"og:image\" content=\"https:\/\/m.media-amazon.com\/images\/I\/51-+IRBYlWL._SL500_.jpg\" \/>\n\t<meta property=\"og:image:width\" content=\"500\" \/>\n\t<meta property=\"og:image:height\" content=\"424\" \/>\n\t<meta property=\"og:image:type\" content=\"image\/jpeg\" \/>\n<meta name=\"twitter:card\" content=\"summary_large_image\" \/>\n<meta name=\"twitter:label1\" content=\"Gesch\u00e4tzte Lesezeit\" \/>\n\t<meta name=\"twitter:data1\" content=\"2\u00a0Minuten\" \/>\n<script type=\"application\/ld+json\" class=\"yoast-schema-graph\">{\"@context\":\"https:\\\/\\\/schema.org\",\"@graph\":[{\"@type\":\"WebPage\",\"@id\":\"https:\\\/\\\/marktxxl.de\\\/markt\\\/produkt\\\/rainbow-socks-damen-herren-lustige-meal-socks-box-geschenk-5-paar\\\/\",\"url\":\"https:\\\/\\\/marktxxl.de\\\/markt\\\/produkt\\\/rainbow-socks-damen-herren-lustige-meal-socks-box-geschenk-5-paar\\\/\",\"name\":\"Rainbow Socks - Damen Herren Lustige Meal Socks Box Geschenk - 5 Paar - Markt-XXL\",\"isPartOf\":{\"@id\":\"https:\\\/\\\/marktxxl.de\\\/markt\\\/#website\"},\"primaryImageOfPage\":{\"@id\":\"https:\\\/\\\/marktxxl.de\\\/markt\\\/produkt\\\/rainbow-socks-damen-herren-lustige-meal-socks-box-geschenk-5-paar\\\/#primaryimage\"},\"image\":{\"@id\":\"https:\\\/\\\/marktxxl.de\\\/markt\\\/produkt\\\/rainbow-socks-damen-herren-lustige-meal-socks-box-geschenk-5-paar\\\/#primaryimage\"},\"thumbnailUrl\":\"https:\\\/\\\/m.media-amazon.com\\\/images\\\/I\\\/51-+IRBYlWL._SL500_.jpg\",\"datePublished\":\"2021-11-12T23:12:22+00:00\",\"dateModified\":\"2023-04-09T00:18:18+00:00\",\"description\":\"Markt-XXL Rainbow Socks - Damen Herren Lustige Meal Socks Box Geschenk - 5 Paar\",\"breadcrumb\":{\"@id\":\"https:\\\/\\\/marktxxl.de\\\/markt\\\/produkt\\\/rainbow-socks-damen-herren-lustige-meal-socks-box-geschenk-5-paar\\\/#breadcrumb\"},\"inLanguage\":\"de\",\"potentialAction\":[{\"@type\":\"ReadAction\",\"target\":[\"https:\\\/\\\/marktxxl.de\\\/markt\\\/produkt\\\/rainbow-socks-damen-herren-lustige-meal-socks-box-geschenk-5-paar\\\/\"]}]},{\"@type\":\"ImageObject\",\"inLanguage\":\"de\",\"@id\":\"https:\\\/\\\/marktxxl.de\\\/markt\\\/produkt\\\/rainbow-socks-damen-herren-lustige-meal-socks-box-geschenk-5-paar\\\/#primaryimage\",\"url\":\"https:\\\/\\\/m.media-amazon.com\\\/images\\\/I\\\/51-+IRBYlWL._SL500_.jpg\",\"contentUrl\":\"https:\\\/\\\/m.media-amazon.com\\\/images\\\/I\\\/51-+IRBYlWL._SL500_.jpg\",\"width\":500,\"height\":424},{\"@type\":\"BreadcrumbList\",\"@id\":\"https:\\\/\\\/marktxxl.de\\\/markt\\\/produkt\\\/rainbow-socks-damen-herren-lustige-meal-socks-box-geschenk-5-paar\\\/#breadcrumb\",\"itemListElement\":[{\"@type\":\"ListItem\",\"position\":1,\"name\":\"Startseite\",\"item\":\"https:\\\/\\\/marktxxl.de\\\/markt\\\/\"},{\"@type\":\"ListItem\",\"position\":2,\"name\":\"Markt\",\"item\":\"https:\\\/\\\/marktxxl.de\\\/markt\\\/\"},{\"@type\":\"ListItem\",\"position\":3,\"name\":\"Rainbow Socks &#8211; Damen Herren Lustige Meal Socks Box Geschenk &#8211; 5 Paar\"}]},{\"@type\":\"WebSite\",\"@id\":\"https:\\\/\\\/marktxxl.de\\\/markt\\\/#website\",\"url\":\"https:\\\/\\\/marktxxl.de\\\/markt\\\/\",\"name\":\"Markt-XXL\",\"description\":\"Ihr Markt Online\",\"publisher\":{\"@id\":\"https:\\\/\\\/marktxxl.de\\\/markt\\\/#organization\"},\"potentialAction\":[{\"@type\":\"SearchAction\",\"target\":{\"@type\":\"EntryPoint\",\"urlTemplate\":\"https:\\\/\\\/marktxxl.de\\\/markt\\\/?s={search_term_string}\"},\"query-input\":{\"@type\":\"PropertyValueSpecification\",\"valueRequired\":true,\"valueName\":\"search_term_string\"}}],\"inLanguage\":\"de\"},{\"@type\":\"Organization\",\"@id\":\"https:\\\/\\\/marktxxl.de\\\/markt\\\/#organization\",\"name\":\"Markt-XXL\",\"url\":\"https:\\\/\\\/marktxxl.de\\\/markt\\\/\",\"logo\":{\"@type\":\"ImageObject\",\"inLanguage\":\"de\",\"@id\":\"https:\\\/\\\/marktxxl.de\\\/markt\\\/#\\\/schema\\\/logo\\\/image\\\/\",\"url\":\"https:\\\/\\\/marktxxl.de\\\/markt\\\/wp-content\\\/uploads\\\/sites\\\/3\\\/2020\\\/12\\\/logo.png\",\"contentUrl\":\"https:\\\/\\\/marktxxl.de\\\/markt\\\/wp-content\\\/uploads\\\/sites\\\/3\\\/2020\\\/12\\\/logo.png\",\"width\":200,\"height\":70,\"caption\":\"Markt-XXL\"},\"image\":{\"@id\":\"https:\\\/\\\/marktxxl.de\\\/markt\\\/#\\\/schema\\\/logo\\\/image\\\/\"}}]}<\/script>\n<!-- \/ Yoast SEO plugin. -->","yoast_head_json":{"title":"Rainbow Socks - Damen Herren Lustige Meal Socks Box Geschenk - 5 Paar - Markt-XXL","description":"Markt-XXL Rainbow Socks - Damen Herren Lustige Meal Socks Box Geschenk - 5 Paar","robots":{"index":"index","follow":"follow","max-snippet":"max-snippet:-1","max-image-preview":"max-image-preview:large","max-video-preview":"max-video-preview:-1"},"canonical":"https:\/\/marktxxl.de\/markt\/produkt\/rainbow-socks-damen-herren-lustige-meal-socks-box-geschenk-5-paar\/","og_locale":"de_DE","og_type":"article","og_title":"Rainbow Socks - Damen Herren Lustige Meal Socks Box Geschenk - 5 Paar - Markt-XXL","og_description":"Markt-XXL Rainbow Socks - Damen Herren Lustige Meal Socks Box Geschenk - 5 Paar","og_url":"https:\/\/marktxxl.de\/markt\/produkt\/rainbow-socks-damen-herren-lustige-meal-socks-box-geschenk-5-paar\/","og_site_name":"Markt-XXL","article_modified_time":"2023-04-09T00:18:18+00:00","og_image":[{"width":500,"height":424,"url":"https:\/\/m.media-amazon.com\/images\/I\/51-+IRBYlWL._SL500_.jpg","type":"image\/jpeg"}],"twitter_card":"summary_large_image","twitter_misc":{"Gesch\u00e4tzte Lesezeit":"2\u00a0Minuten"},"schema":{"@context":"https:\/\/schema.org","@graph":[{"@type":"WebPage","@id":"https:\/\/marktxxl.de\/markt\/produkt\/rainbow-socks-damen-herren-lustige-meal-socks-box-geschenk-5-paar\/","url":"https:\/\/marktxxl.de\/markt\/produkt\/rainbow-socks-damen-herren-lustige-meal-socks-box-geschenk-5-paar\/","name":"Rainbow Socks - Damen Herren Lustige Meal Socks Box Geschenk - 5 Paar - Markt-XXL","isPartOf":{"@id":"https:\/\/marktxxl.de\/markt\/#website"},"primaryImageOfPage":{"@id":"https:\/\/marktxxl.de\/markt\/produkt\/rainbow-socks-damen-herren-lustige-meal-socks-box-geschenk-5-paar\/#primaryimage"},"image":{"@id":"https:\/\/marktxxl.de\/markt\/produkt\/rainbow-socks-damen-herren-lustige-meal-socks-box-geschenk-5-paar\/#primaryimage"},"thumbnailUrl":"https:\/\/m.media-amazon.com\/images\/I\/51-+IRBYlWL._SL500_.jpg","datePublished":"2021-11-12T23:12:22+00:00","dateModified":"2023-04-09T00:18:18+00:00","description":"Markt-XXL Rainbow Socks - Damen Herren Lustige Meal Socks Box Geschenk - 5 Paar","breadcrumb":{"@id":"https:\/\/marktxxl.de\/markt\/produkt\/rainbow-socks-damen-herren-lustige-meal-socks-box-geschenk-5-paar\/#breadcrumb"},"inLanguage":"de","potentialAction":[{"@type":"ReadAction","target":["https:\/\/marktxxl.de\/markt\/produkt\/rainbow-socks-damen-herren-lustige-meal-socks-box-geschenk-5-paar\/"]}]},{"@type":"ImageObject","inLanguage":"de","@id":"https:\/\/marktxxl.de\/markt\/produkt\/rainbow-socks-damen-herren-lustige-meal-socks-box-geschenk-5-paar\/#primaryimage","url":"https:\/\/m.media-amazon.com\/images\/I\/51-+IRBYlWL._SL500_.jpg","contentUrl":"https:\/\/m.media-amazon.com\/images\/I\/51-+IRBYlWL._SL500_.jpg","width":500,"height":424},{"@type":"BreadcrumbList","@id":"https:\/\/marktxxl.de\/markt\/produkt\/rainbow-socks-damen-herren-lustige-meal-socks-box-geschenk-5-paar\/#breadcrumb","itemListElement":[{"@type":"ListItem","position":1,"name":"Startseite","item":"https:\/\/marktxxl.de\/markt\/"},{"@type":"ListItem","position":2,"name":"Markt","item":"https:\/\/marktxxl.de\/markt\/"},{"@type":"ListItem","position":3,"name":"Rainbow Socks &#8211; Damen Herren Lustige Meal Socks Box Geschenk &#8211; 5 Paar"}]},{"@type":"WebSite","@id":"https:\/\/marktxxl.de\/markt\/#website","url":"https:\/\/marktxxl.de\/markt\/","name":"Markt-XXL","description":"Ihr Markt Online","publisher":{"@id":"https:\/\/marktxxl.de\/markt\/#organization"},"potentialAction":[{"@type":"SearchAction","target":{"@type":"EntryPoint","urlTemplate":"https:\/\/marktxxl.de\/markt\/?s={search_term_string}"},"query-input":{"@type":"PropertyValueSpecification","valueRequired":true,"valueName":"search_term_string"}}],"inLanguage":"de"},{"@type":"Organization","@id":"https:\/\/marktxxl.de\/markt\/#organization","name":"Markt-XXL","url":"https:\/\/marktxxl.de\/markt\/","logo":{"@type":"ImageObject","inLanguage":"de","@id":"https:\/\/marktxxl.de\/markt\/#\/schema\/logo\/image\/","url":"https:\/\/marktxxl.de\/markt\/wp-content\/uploads\/sites\/3\/2020\/12\/logo.png","contentUrl":"https:\/\/marktxxl.de\/markt\/wp-content\/uploads\/sites\/3\/2020\/12\/logo.png","width":200,"height":70,"caption":"Markt-XXL"},"image":{"@id":"https:\/\/marktxxl.de\/markt\/#\/schema\/logo\/image\/"}}]}},"_links":{"self":[{"href":"https:\/\/marktxxl.de\/markt\/wp-json\/wp\/v2\/product\/72739","targetHints":{"allow":["GET"]}}],"collection":[{"href":"https:\/\/marktxxl.de\/markt\/wp-json\/wp\/v2\/product"}],"about":[{"href":"https:\/\/marktxxl.de\/markt\/wp-json\/wp\/v2\/types\/product"}],"replies":[{"embeddable":true,"href":"https:\/\/marktxxl.de\/markt\/wp-json\/wp\/v2\/comments?post=72739"}],"wp:featuredmedia":[{"embeddable":true,"href":"https:\/\/marktxxl.de\/markt\/wp-json\/wp\/v2\/media\/72740"}],"wp:attachment":[{"href":"https:\/\/marktxxl.de\/markt\/wp-json\/wp\/v2\/media?parent=72739"}],"wp:term":[{"taxonomy":"product_brand","embeddable":true,"href":"https:\/\/marktxxl.de\/markt\/wp-json\/wp\/v2\/product_brand?post=72739"},{"taxonomy":"product_cat","embeddable":true,"href":"https:\/\/marktxxl.de\/markt\/wp-json\/wp\/v2\/product_cat?post=72739"},{"taxonomy":"product_tag","embeddable":true,"href":"https:\/\/marktxxl.de\/markt\/wp-json\/wp\/v2\/product_tag?post=72739"}],"curies":[{"name":"wp","href":"https:\/\/api.w.org\/{rel}","templated":true}]}}