{"id":72667,"date":"2021-11-13T00:07:04","date_gmt":"2021-11-12T23:07:04","guid":{"rendered":"https:\/\/marktxxl.de\/markt\/produkt\/columbia-wasserabweisende-jacke-fuer-maedchen-gyroslope-jacket-nylon-1624561\/"},"modified":"2023-04-09T02:18:17","modified_gmt":"2023-04-09T00:18:17","slug":"columbia-wasserabweisende-jacke-fuer-maedchen-gyroslope-jacket-nylon-1624561","status":"publish","type":"product","link":"https:\/\/marktxxl.de\/markt\/produkt\/columbia-wasserabweisende-jacke-fuer-maedchen-gyroslope-jacket-nylon-1624561\/","title":{"rendered":"Columbia Wasserabweisende Jacke f\u00fcr M\u00e4dchen, Gyroslope Jacket, Nylon, 1624561"},"content":{"rendered":"<p>Wasserabweisende Jacke f\u00fcr M\u00e4dchen, Ideal zum Ski- und Snowboardfahren und f\u00fcr andere Outdoor-Aktivit\u00e4ten im Winter<br \/>\nWasser- und schmutzabweisend dank Omni-Shield-Technologie f\u00fcr mehr Komfort bei allen sportlichen Aktivit\u00e4ten, Wasserdichtes Material (keine wasserdichten N\u00e4hte)<br \/>\nBesonders warmhaltend dank Kunstdaunen-Isolierung, Kinnschutz, Zus\u00e4tzliche Sicherheit im Dunkeln dank 360\u00b0-Reflektoren<br \/>\nFeste, verstellbare Sturmkapuze mit Taffeta-Futter, Verstellbarer, nach oben einklappbarer Schneefang mit Silikongriffen, Skipasstasche, Multimedia- und Brillentasche<br \/>\nLieferumfang: 1x Columbia Wasserabweisende Jacke f\u00fcr M\u00e4dchen, Gyroslope Jacket, Material: 100 % Nylon, 1624561<br \/>\n<div class=\"main-cross-sell\" data-asin=\"B07HDL94JR\">\n\n\t<div class=\"WooZone-cross-sell-loader\">\n\t\t<div>\n\t\t\t<div id=\"floatingBarsG\">\n\t\t\t\t<div class=\"blockG\" id=\"rotateG_01\"><\/div>\n\t\t\t\t<div class=\"blockG\" id=\"rotateG_02\"><\/div>\n\t\t\t\t<div class=\"blockG\" id=\"rotateG_03\"><\/div>\n\t\t\t\t<div class=\"blockG\" id=\"rotateG_04\"><\/div>\n\t\t\t\t<div class=\"blockG\" id=\"rotateG_05\"><\/div>\n\t\t\t\t<div class=\"blockG\" id=\"rotateG_06\"><\/div>\n\t\t\t\t<div class=\"blockG\" id=\"rotateG_07\"><\/div>\n\t\t\t\t<div class=\"blockG\" id=\"rotateG_08\"><\/div>\n\t\t\t<\/div>\n\t\t\t<div class=\"WooZone-cross-sell-loader-text\"><\/div>\n\t\t<\/div>\n\t<\/div>\n\n\t\t\n<\/div>\n<div style=\"clear:both;\"><\/div><\/p>\n","protected":false},"excerpt":{"rendered":"<p>Wasserabweisende Jacke f\u00fcr M\u00e4dchen, Ideal zum Ski- und Snowboardfahren und f\u00fcr andere Outdoor-Aktivit\u00e4ten im Winter<br \/>\nWasser- und schmutzabweisend dank Omni-Shield-Technologie f\u00fcr mehr Komfort bei allen sportlichen Aktivit\u00e4ten, Wasserdichtes Material (keine wasserdichten N\u00e4hte)<br \/>\nBesonders warmhaltend dank Kunstdaunen-Isolierung, Kinnschutz, Zus\u00e4tzliche Sicherheit im Dunkeln dank 360\u00b0-Reflektoren<\/p>\n","protected":false},"featured_media":72668,"comment_status":"open","ping_status":"closed","template":"","meta":[],"product_brand":[],"product_cat":[1186,3990],"product_tag":[],"class_list":{"0":"post-72667","1":"product","2":"type-product","3":"status-publish","4":"has-post-thumbnail","6":"product_cat-bekleidung","7":"product_cat-maedchen","8":"pa_binding-sports-apparel","9":"pa_brand-columbia","10":"pa_color-atoll-nuit","11":"pa_manufacturer-columbia-sportswear","12":"pa_model-sg1088","13":"pa_size-xs","15":"first","16":"instock","17":"shipping-taxable","18":"purchasable","19":"product-type-simple","20":"customify-col","21":"product-has-gallery"},"yoast_head":"<!-- This site is optimized with the Yoast SEO plugin v27.4 - https:\/\/yoast.com\/product\/yoast-seo-wordpress\/ -->\n<title>Columbia Wasserabweisende Jacke f\u00fcr M\u00e4dchen, Gyroslope Jacket, Nylon, 1624561 - Markt-XXL<\/title>\n<meta name=\"description\" content=\"Markt-XXL Columbia Wasserabweisende Jacke f\u00fcr M\u00e4dchen, Gyroslope Jacket, Nylon, 1624561\" \/>\n<meta name=\"robots\" content=\"index, follow, max-snippet:-1, max-image-preview:large, max-video-preview:-1\" \/>\n<link rel=\"canonical\" href=\"https:\/\/marktxxl.de\/markt\/produkt\/columbia-wasserabweisende-jacke-fuer-maedchen-gyroslope-jacket-nylon-1624561\/\" \/>\n<meta property=\"og:locale\" content=\"de_DE\" \/>\n<meta property=\"og:type\" content=\"article\" \/>\n<meta property=\"og:title\" content=\"Columbia Wasserabweisende Jacke f\u00fcr M\u00e4dchen, Gyroslope Jacket, Nylon, 1624561 - Markt-XXL\" \/>\n<meta property=\"og:description\" content=\"Markt-XXL Columbia Wasserabweisende Jacke f\u00fcr M\u00e4dchen, Gyroslope Jacket, Nylon, 1624561\" \/>\n<meta property=\"og:url\" content=\"https:\/\/marktxxl.de\/markt\/produkt\/columbia-wasserabweisende-jacke-fuer-maedchen-gyroslope-jacket-nylon-1624561\/\" \/>\n<meta property=\"og:site_name\" content=\"Markt-XXL\" \/>\n<meta property=\"article:modified_time\" content=\"2023-04-09T00:18:17+00:00\" \/>\n<meta property=\"og:image\" content=\"https:\/\/m.media-amazon.com\/images\/I\/4192534FdYL._SL500_.jpg\" \/>\n\t<meta property=\"og:image:width\" content=\"445\" \/>\n\t<meta property=\"og:image:height\" content=\"500\" \/>\n\t<meta property=\"og:image:type\" content=\"image\/jpeg\" \/>\n<meta name=\"twitter:card\" content=\"summary_large_image\" \/>\n<script type=\"application\/ld+json\" class=\"yoast-schema-graph\">{\"@context\":\"https:\\\/\\\/schema.org\",\"@graph\":[{\"@type\":\"WebPage\",\"@id\":\"https:\\\/\\\/marktxxl.de\\\/markt\\\/produkt\\\/columbia-wasserabweisende-jacke-fuer-maedchen-gyroslope-jacket-nylon-1624561\\\/\",\"url\":\"https:\\\/\\\/marktxxl.de\\\/markt\\\/produkt\\\/columbia-wasserabweisende-jacke-fuer-maedchen-gyroslope-jacket-nylon-1624561\\\/\",\"name\":\"Columbia Wasserabweisende Jacke f\u00fcr M\u00e4dchen, Gyroslope Jacket, Nylon, 1624561 - Markt-XXL\",\"isPartOf\":{\"@id\":\"https:\\\/\\\/marktxxl.de\\\/markt\\\/#website\"},\"primaryImageOfPage\":{\"@id\":\"https:\\\/\\\/marktxxl.de\\\/markt\\\/produkt\\\/columbia-wasserabweisende-jacke-fuer-maedchen-gyroslope-jacket-nylon-1624561\\\/#primaryimage\"},\"image\":{\"@id\":\"https:\\\/\\\/marktxxl.de\\\/markt\\\/produkt\\\/columbia-wasserabweisende-jacke-fuer-maedchen-gyroslope-jacket-nylon-1624561\\\/#primaryimage\"},\"thumbnailUrl\":\"https:\\\/\\\/m.media-amazon.com\\\/images\\\/I\\\/4192534FdYL._SL500_.jpg\",\"datePublished\":\"2021-11-12T23:07:04+00:00\",\"dateModified\":\"2023-04-09T00:18:17+00:00\",\"description\":\"Markt-XXL Columbia Wasserabweisende Jacke f\u00fcr M\u00e4dchen, Gyroslope Jacket, Nylon, 1624561\",\"breadcrumb\":{\"@id\":\"https:\\\/\\\/marktxxl.de\\\/markt\\\/produkt\\\/columbia-wasserabweisende-jacke-fuer-maedchen-gyroslope-jacket-nylon-1624561\\\/#breadcrumb\"},\"inLanguage\":\"de\",\"potentialAction\":[{\"@type\":\"ReadAction\",\"target\":[\"https:\\\/\\\/marktxxl.de\\\/markt\\\/produkt\\\/columbia-wasserabweisende-jacke-fuer-maedchen-gyroslope-jacket-nylon-1624561\\\/\"]}]},{\"@type\":\"ImageObject\",\"inLanguage\":\"de\",\"@id\":\"https:\\\/\\\/marktxxl.de\\\/markt\\\/produkt\\\/columbia-wasserabweisende-jacke-fuer-maedchen-gyroslope-jacket-nylon-1624561\\\/#primaryimage\",\"url\":\"https:\\\/\\\/m.media-amazon.com\\\/images\\\/I\\\/4192534FdYL._SL500_.jpg\",\"contentUrl\":\"https:\\\/\\\/m.media-amazon.com\\\/images\\\/I\\\/4192534FdYL._SL500_.jpg\",\"width\":445,\"height\":500},{\"@type\":\"BreadcrumbList\",\"@id\":\"https:\\\/\\\/marktxxl.de\\\/markt\\\/produkt\\\/columbia-wasserabweisende-jacke-fuer-maedchen-gyroslope-jacket-nylon-1624561\\\/#breadcrumb\",\"itemListElement\":[{\"@type\":\"ListItem\",\"position\":1,\"name\":\"Startseite\",\"item\":\"https:\\\/\\\/marktxxl.de\\\/markt\\\/\"},{\"@type\":\"ListItem\",\"position\":2,\"name\":\"Markt\",\"item\":\"https:\\\/\\\/marktxxl.de\\\/markt\\\/\"},{\"@type\":\"ListItem\",\"position\":3,\"name\":\"Columbia Wasserabweisende Jacke f\u00fcr M\u00e4dchen, Gyroslope Jacket, Nylon, 1624561\"}]},{\"@type\":\"WebSite\",\"@id\":\"https:\\\/\\\/marktxxl.de\\\/markt\\\/#website\",\"url\":\"https:\\\/\\\/marktxxl.de\\\/markt\\\/\",\"name\":\"Markt-XXL\",\"description\":\"Ihr Markt Online\",\"publisher\":{\"@id\":\"https:\\\/\\\/marktxxl.de\\\/markt\\\/#organization\"},\"potentialAction\":[{\"@type\":\"SearchAction\",\"target\":{\"@type\":\"EntryPoint\",\"urlTemplate\":\"https:\\\/\\\/marktxxl.de\\\/markt\\\/?s={search_term_string}\"},\"query-input\":{\"@type\":\"PropertyValueSpecification\",\"valueRequired\":true,\"valueName\":\"search_term_string\"}}],\"inLanguage\":\"de\"},{\"@type\":\"Organization\",\"@id\":\"https:\\\/\\\/marktxxl.de\\\/markt\\\/#organization\",\"name\":\"Markt-XXL\",\"url\":\"https:\\\/\\\/marktxxl.de\\\/markt\\\/\",\"logo\":{\"@type\":\"ImageObject\",\"inLanguage\":\"de\",\"@id\":\"https:\\\/\\\/marktxxl.de\\\/markt\\\/#\\\/schema\\\/logo\\\/image\\\/\",\"url\":\"https:\\\/\\\/marktxxl.de\\\/markt\\\/wp-content\\\/uploads\\\/sites\\\/3\\\/2020\\\/12\\\/logo.png\",\"contentUrl\":\"https:\\\/\\\/marktxxl.de\\\/markt\\\/wp-content\\\/uploads\\\/sites\\\/3\\\/2020\\\/12\\\/logo.png\",\"width\":200,\"height\":70,\"caption\":\"Markt-XXL\"},\"image\":{\"@id\":\"https:\\\/\\\/marktxxl.de\\\/markt\\\/#\\\/schema\\\/logo\\\/image\\\/\"}}]}<\/script>\n<!-- \/ Yoast SEO plugin. -->","yoast_head_json":{"title":"Columbia Wasserabweisende Jacke f\u00fcr M\u00e4dchen, Gyroslope Jacket, Nylon, 1624561 - Markt-XXL","description":"Markt-XXL Columbia Wasserabweisende Jacke f\u00fcr M\u00e4dchen, Gyroslope Jacket, Nylon, 1624561","robots":{"index":"index","follow":"follow","max-snippet":"max-snippet:-1","max-image-preview":"max-image-preview:large","max-video-preview":"max-video-preview:-1"},"canonical":"https:\/\/marktxxl.de\/markt\/produkt\/columbia-wasserabweisende-jacke-fuer-maedchen-gyroslope-jacket-nylon-1624561\/","og_locale":"de_DE","og_type":"article","og_title":"Columbia Wasserabweisende Jacke f\u00fcr M\u00e4dchen, Gyroslope Jacket, Nylon, 1624561 - Markt-XXL","og_description":"Markt-XXL Columbia Wasserabweisende Jacke f\u00fcr M\u00e4dchen, Gyroslope Jacket, Nylon, 1624561","og_url":"https:\/\/marktxxl.de\/markt\/produkt\/columbia-wasserabweisende-jacke-fuer-maedchen-gyroslope-jacket-nylon-1624561\/","og_site_name":"Markt-XXL","article_modified_time":"2023-04-09T00:18:17+00:00","og_image":[{"width":445,"height":500,"url":"https:\/\/m.media-amazon.com\/images\/I\/4192534FdYL._SL500_.jpg","type":"image\/jpeg"}],"twitter_card":"summary_large_image","schema":{"@context":"https:\/\/schema.org","@graph":[{"@type":"WebPage","@id":"https:\/\/marktxxl.de\/markt\/produkt\/columbia-wasserabweisende-jacke-fuer-maedchen-gyroslope-jacket-nylon-1624561\/","url":"https:\/\/marktxxl.de\/markt\/produkt\/columbia-wasserabweisende-jacke-fuer-maedchen-gyroslope-jacket-nylon-1624561\/","name":"Columbia Wasserabweisende Jacke f\u00fcr M\u00e4dchen, Gyroslope Jacket, Nylon, 1624561 - Markt-XXL","isPartOf":{"@id":"https:\/\/marktxxl.de\/markt\/#website"},"primaryImageOfPage":{"@id":"https:\/\/marktxxl.de\/markt\/produkt\/columbia-wasserabweisende-jacke-fuer-maedchen-gyroslope-jacket-nylon-1624561\/#primaryimage"},"image":{"@id":"https:\/\/marktxxl.de\/markt\/produkt\/columbia-wasserabweisende-jacke-fuer-maedchen-gyroslope-jacket-nylon-1624561\/#primaryimage"},"thumbnailUrl":"https:\/\/m.media-amazon.com\/images\/I\/4192534FdYL._SL500_.jpg","datePublished":"2021-11-12T23:07:04+00:00","dateModified":"2023-04-09T00:18:17+00:00","description":"Markt-XXL Columbia Wasserabweisende Jacke f\u00fcr M\u00e4dchen, Gyroslope Jacket, Nylon, 1624561","breadcrumb":{"@id":"https:\/\/marktxxl.de\/markt\/produkt\/columbia-wasserabweisende-jacke-fuer-maedchen-gyroslope-jacket-nylon-1624561\/#breadcrumb"},"inLanguage":"de","potentialAction":[{"@type":"ReadAction","target":["https:\/\/marktxxl.de\/markt\/produkt\/columbia-wasserabweisende-jacke-fuer-maedchen-gyroslope-jacket-nylon-1624561\/"]}]},{"@type":"ImageObject","inLanguage":"de","@id":"https:\/\/marktxxl.de\/markt\/produkt\/columbia-wasserabweisende-jacke-fuer-maedchen-gyroslope-jacket-nylon-1624561\/#primaryimage","url":"https:\/\/m.media-amazon.com\/images\/I\/4192534FdYL._SL500_.jpg","contentUrl":"https:\/\/m.media-amazon.com\/images\/I\/4192534FdYL._SL500_.jpg","width":445,"height":500},{"@type":"BreadcrumbList","@id":"https:\/\/marktxxl.de\/markt\/produkt\/columbia-wasserabweisende-jacke-fuer-maedchen-gyroslope-jacket-nylon-1624561\/#breadcrumb","itemListElement":[{"@type":"ListItem","position":1,"name":"Startseite","item":"https:\/\/marktxxl.de\/markt\/"},{"@type":"ListItem","position":2,"name":"Markt","item":"https:\/\/marktxxl.de\/markt\/"},{"@type":"ListItem","position":3,"name":"Columbia Wasserabweisende Jacke f\u00fcr M\u00e4dchen, Gyroslope Jacket, Nylon, 1624561"}]},{"@type":"WebSite","@id":"https:\/\/marktxxl.de\/markt\/#website","url":"https:\/\/marktxxl.de\/markt\/","name":"Markt-XXL","description":"Ihr Markt Online","publisher":{"@id":"https:\/\/marktxxl.de\/markt\/#organization"},"potentialAction":[{"@type":"SearchAction","target":{"@type":"EntryPoint","urlTemplate":"https:\/\/marktxxl.de\/markt\/?s={search_term_string}"},"query-input":{"@type":"PropertyValueSpecification","valueRequired":true,"valueName":"search_term_string"}}],"inLanguage":"de"},{"@type":"Organization","@id":"https:\/\/marktxxl.de\/markt\/#organization","name":"Markt-XXL","url":"https:\/\/marktxxl.de\/markt\/","logo":{"@type":"ImageObject","inLanguage":"de","@id":"https:\/\/marktxxl.de\/markt\/#\/schema\/logo\/image\/","url":"https:\/\/marktxxl.de\/markt\/wp-content\/uploads\/sites\/3\/2020\/12\/logo.png","contentUrl":"https:\/\/marktxxl.de\/markt\/wp-content\/uploads\/sites\/3\/2020\/12\/logo.png","width":200,"height":70,"caption":"Markt-XXL"},"image":{"@id":"https:\/\/marktxxl.de\/markt\/#\/schema\/logo\/image\/"}}]}},"_links":{"self":[{"href":"https:\/\/marktxxl.de\/markt\/wp-json\/wp\/v2\/product\/72667","targetHints":{"allow":["GET"]}}],"collection":[{"href":"https:\/\/marktxxl.de\/markt\/wp-json\/wp\/v2\/product"}],"about":[{"href":"https:\/\/marktxxl.de\/markt\/wp-json\/wp\/v2\/types\/product"}],"replies":[{"embeddable":true,"href":"https:\/\/marktxxl.de\/markt\/wp-json\/wp\/v2\/comments?post=72667"}],"wp:featuredmedia":[{"embeddable":true,"href":"https:\/\/marktxxl.de\/markt\/wp-json\/wp\/v2\/media\/72668"}],"wp:attachment":[{"href":"https:\/\/marktxxl.de\/markt\/wp-json\/wp\/v2\/media?parent=72667"}],"wp:term":[{"taxonomy":"product_brand","embeddable":true,"href":"https:\/\/marktxxl.de\/markt\/wp-json\/wp\/v2\/product_brand?post=72667"},{"taxonomy":"product_cat","embeddable":true,"href":"https:\/\/marktxxl.de\/markt\/wp-json\/wp\/v2\/product_cat?post=72667"},{"taxonomy":"product_tag","embeddable":true,"href":"https:\/\/marktxxl.de\/markt\/wp-json\/wp\/v2\/product_tag?post=72667"}],"curies":[{"name":"wp","href":"https:\/\/api.w.org\/{rel}","templated":true}]}}