{"id":72621,"date":"2021-11-13T00:03:50","date_gmt":"2021-11-12T23:03:50","guid":{"rendered":"https:\/\/marktxxl.de\/markt\/produkt\/brillenband-aus-starkem-2mm-material-in-vielen-modischen-farben-fuer-alle-arten-von-brillen-geeignetmit-extra-anti-rutsch-oese-die-haelt\/"},"modified":"2023-04-09T02:18:17","modified_gmt":"2023-04-09T00:18:17","slug":"brillenband-aus-starkem-2mm-material-in-vielen-modischen-farben-fuer-alle-arten-von-brillen-geeignetmit-extra-anti-rutsch-oese-die-haelt","status":"publish","type":"product","link":"https:\/\/marktxxl.de\/markt\/produkt\/brillenband-aus-starkem-2mm-material-in-vielen-modischen-farben-fuer-alle-arten-von-brillen-geeignetmit-extra-anti-rutsch-oese-die-haelt\/","title":{"rendered":"Brillenband aus starkem 2mm Material in vielen modischen Farben f\u00fcr alle Arten von Brillen geeignet,mit extra Anti\u2026"},"content":{"rendered":"<p>\u2714\ufe0f VERST\u00c4RKTE ANTI RUTSCH SCHLAUFE &#8211; Der extra starke Metallclip- dieses Brillenbands erm\u00f6glicht es Ihnen, Ihre Brille fest in den Schlaufen zu halten. Es werden 4 starke Ersatz Brillenschlaufen beigelegt. Die Bandl\u00e4nge betr\u00e4gt ca.: 72cm.<br \/>\n\u2714\ufe0f VIELE FARBEN &#8211; Es stehen viele modische Farben zu Verf\u00fcgung. Sie k\u00f6nnen f\u00fcr Lesebrille, Gleitbrille ,Sonnenbrille eine eigene passende Farbe ausw\u00e4hlen.<br \/>\n\u2714\ufe0f Leicht &#8211; Dieser leichte 2mm \u00d8 Brillenhalter aus hochwertigem PE-Material bietet stilvolle Funktionalit\u00e4t . Perfekte Sicherung ihrer Brille f\u00fcr Erwachsene und Kinder<br \/>\n\u2714\ufe0f F\u00dcR ALLE BRILLEN GEEIGNET &#8211; Von kleinen bis zu gro\u00dfen Fassungen bieten diese Brillenb\u00e4nder M\u00e4nner und Frauen eine universelle Verwendung mit optischen Fassungen, Lesebrillen und Sonnenbrillen<br \/>\n\u2714\ufe0f SCHNELLE LIEFERUNG &#8211; Unser in Deutschland gefertigte Brillenband wird schnell geliefert.<br \/>\n<div class=\"main-cross-sell\" data-asin=\"B095Z5JM3Z\">\n\n\t<div class=\"WooZone-cross-sell-loader\">\n\t\t<div>\n\t\t\t<div id=\"floatingBarsG\">\n\t\t\t\t<div class=\"blockG\" id=\"rotateG_01\"><\/div>\n\t\t\t\t<div class=\"blockG\" id=\"rotateG_02\"><\/div>\n\t\t\t\t<div class=\"blockG\" id=\"rotateG_03\"><\/div>\n\t\t\t\t<div class=\"blockG\" id=\"rotateG_04\"><\/div>\n\t\t\t\t<div class=\"blockG\" id=\"rotateG_05\"><\/div>\n\t\t\t\t<div class=\"blockG\" id=\"rotateG_06\"><\/div>\n\t\t\t\t<div class=\"blockG\" id=\"rotateG_07\"><\/div>\n\t\t\t\t<div class=\"blockG\" id=\"rotateG_08\"><\/div>\n\t\t\t<\/div>\n\t\t\t<div class=\"WooZone-cross-sell-loader-text\"><\/div>\n\t\t<\/div>\n\t<\/div>\n\n\t\t\n<\/div>\n<div style=\"clear:both;\"><\/div><\/p>\n","protected":false},"excerpt":{"rendered":"<p>\u2714\ufe0f VERST\u00c4RKTE ANTI RUTSCH SCHLAUFE &#8211; Der extra starke Metallclip- dieses Brillenbands erm\u00f6glicht es Ihnen, Ihre Brille fest in den Schlaufen zu halten. Es werden 4 starke Ersatz Brillenschlaufen beigelegt. Die Bandl\u00e4nge betr\u00e4gt ca.: 72cm.<br \/>\n\u2714\ufe0f VIELE FARBEN &#8211; Es stehen viele modische Farben zu Verf\u00fcgung. Sie k\u00f6nnen f\u00fcr Lesebrille, Gleitbrille ,Sonnenbrille eine eigene passende Farbe ausw\u00e4hlen.<br \/>\n\u2714\ufe0f Leicht &#8211; Dieser leichte 2mm \u00d8 Brillenhalter aus hochwertigem PE-Material bietet stilvolle Funktionalit\u00e4t . Perfekte Sicherung ihrer Brille f\u00fcr Erwachsene und Kinder<\/p>\n","protected":false},"featured_media":72622,"comment_status":"open","ping_status":"closed","template":"","meta":[],"product_brand":[],"product_cat":[1186,3920],"product_tag":[],"class_list":{"0":"post-72621","1":"product","2":"type-product","3":"status-publish","4":"has-post-thumbnail","6":"product_cat-bekleidung","7":"product_cat-damen","8":"pa_brand-hawhy","10":"first","11":"instock","12":"shipping-taxable","13":"purchasable","14":"product-type-simple","15":"customify-col","16":"product-has-gallery"},"yoast_head":"<!-- This site is optimized with the Yoast SEO plugin v27.4 - https:\/\/yoast.com\/product\/yoast-seo-wordpress\/ -->\n<title>Brillenband aus starkem 2mm Material in vielen modischen Farben f\u00fcr alle Arten von Brillen geeignet,mit extra Anti\u2026 - Markt-XXL<\/title>\n<meta name=\"description\" content=\"Markt-XXL Brillenband aus starkem 2mm Material in vielen modischen Farben f\u00fcr alle Arten von Brillen geeignet,mit extra Anti\u2026\" \/>\n<meta name=\"robots\" content=\"index, follow, max-snippet:-1, max-image-preview:large, max-video-preview:-1\" \/>\n<link rel=\"canonical\" href=\"https:\/\/marktxxl.de\/markt\/produkt\/brillenband-aus-starkem-2mm-material-in-vielen-modischen-farben-fuer-alle-arten-von-brillen-geeignetmit-extra-anti-rutsch-oese-die-haelt\/\" \/>\n<meta property=\"og:locale\" content=\"de_DE\" \/>\n<meta property=\"og:type\" content=\"article\" \/>\n<meta property=\"og:title\" content=\"Brillenband aus starkem 2mm Material in vielen modischen Farben f\u00fcr alle Arten von Brillen geeignet,mit extra Anti\u2026 - Markt-XXL\" \/>\n<meta property=\"og:description\" content=\"Markt-XXL Brillenband aus starkem 2mm Material in vielen modischen Farben f\u00fcr alle Arten von Brillen geeignet,mit extra Anti\u2026\" \/>\n<meta property=\"og:url\" content=\"https:\/\/marktxxl.de\/markt\/produkt\/brillenband-aus-starkem-2mm-material-in-vielen-modischen-farben-fuer-alle-arten-von-brillen-geeignetmit-extra-anti-rutsch-oese-die-haelt\/\" \/>\n<meta property=\"og:site_name\" content=\"Markt-XXL\" \/>\n<meta property=\"article:modified_time\" content=\"2023-04-09T00:18:17+00:00\" \/>\n<meta property=\"og:image\" content=\"https:\/\/m.media-amazon.com\/images\/I\/41pgsdtOUoS._SL500_.jpg\" \/>\n\t<meta property=\"og:image:width\" content=\"500\" \/>\n\t<meta property=\"og:image:height\" content=\"500\" \/>\n\t<meta property=\"og:image:type\" content=\"image\/jpeg\" \/>\n<meta name=\"twitter:card\" content=\"summary_large_image\" \/>\n<meta name=\"twitter:label1\" content=\"Gesch\u00e4tzte Lesezeit\" \/>\n\t<meta name=\"twitter:data1\" content=\"1\u00a0Minute\" \/>\n<script type=\"application\/ld+json\" class=\"yoast-schema-graph\">{\"@context\":\"https:\\\/\\\/schema.org\",\"@graph\":[{\"@type\":\"WebPage\",\"@id\":\"https:\\\/\\\/marktxxl.de\\\/markt\\\/produkt\\\/brillenband-aus-starkem-2mm-material-in-vielen-modischen-farben-fuer-alle-arten-von-brillen-geeignetmit-extra-anti-rutsch-oese-die-haelt\\\/\",\"url\":\"https:\\\/\\\/marktxxl.de\\\/markt\\\/produkt\\\/brillenband-aus-starkem-2mm-material-in-vielen-modischen-farben-fuer-alle-arten-von-brillen-geeignetmit-extra-anti-rutsch-oese-die-haelt\\\/\",\"name\":\"Brillenband aus starkem 2mm Material in vielen modischen Farben f\u00fcr alle Arten von Brillen geeignet,mit extra Anti\u2026 - Markt-XXL\",\"isPartOf\":{\"@id\":\"https:\\\/\\\/marktxxl.de\\\/markt\\\/#website\"},\"primaryImageOfPage\":{\"@id\":\"https:\\\/\\\/marktxxl.de\\\/markt\\\/produkt\\\/brillenband-aus-starkem-2mm-material-in-vielen-modischen-farben-fuer-alle-arten-von-brillen-geeignetmit-extra-anti-rutsch-oese-die-haelt\\\/#primaryimage\"},\"image\":{\"@id\":\"https:\\\/\\\/marktxxl.de\\\/markt\\\/produkt\\\/brillenband-aus-starkem-2mm-material-in-vielen-modischen-farben-fuer-alle-arten-von-brillen-geeignetmit-extra-anti-rutsch-oese-die-haelt\\\/#primaryimage\"},\"thumbnailUrl\":\"https:\\\/\\\/m.media-amazon.com\\\/images\\\/I\\\/41pgsdtOUoS._SL500_.jpg\",\"datePublished\":\"2021-11-12T23:03:50+00:00\",\"dateModified\":\"2023-04-09T00:18:17+00:00\",\"description\":\"Markt-XXL Brillenband aus starkem 2mm Material in vielen modischen Farben f\u00fcr alle Arten von Brillen geeignet,mit extra Anti\u2026\",\"breadcrumb\":{\"@id\":\"https:\\\/\\\/marktxxl.de\\\/markt\\\/produkt\\\/brillenband-aus-starkem-2mm-material-in-vielen-modischen-farben-fuer-alle-arten-von-brillen-geeignetmit-extra-anti-rutsch-oese-die-haelt\\\/#breadcrumb\"},\"inLanguage\":\"de\",\"potentialAction\":[{\"@type\":\"ReadAction\",\"target\":[\"https:\\\/\\\/marktxxl.de\\\/markt\\\/produkt\\\/brillenband-aus-starkem-2mm-material-in-vielen-modischen-farben-fuer-alle-arten-von-brillen-geeignetmit-extra-anti-rutsch-oese-die-haelt\\\/\"]}]},{\"@type\":\"ImageObject\",\"inLanguage\":\"de\",\"@id\":\"https:\\\/\\\/marktxxl.de\\\/markt\\\/produkt\\\/brillenband-aus-starkem-2mm-material-in-vielen-modischen-farben-fuer-alle-arten-von-brillen-geeignetmit-extra-anti-rutsch-oese-die-haelt\\\/#primaryimage\",\"url\":\"https:\\\/\\\/m.media-amazon.com\\\/images\\\/I\\\/41pgsdtOUoS._SL500_.jpg\",\"contentUrl\":\"https:\\\/\\\/m.media-amazon.com\\\/images\\\/I\\\/41pgsdtOUoS._SL500_.jpg\",\"width\":500,\"height\":500},{\"@type\":\"BreadcrumbList\",\"@id\":\"https:\\\/\\\/marktxxl.de\\\/markt\\\/produkt\\\/brillenband-aus-starkem-2mm-material-in-vielen-modischen-farben-fuer-alle-arten-von-brillen-geeignetmit-extra-anti-rutsch-oese-die-haelt\\\/#breadcrumb\",\"itemListElement\":[{\"@type\":\"ListItem\",\"position\":1,\"name\":\"Startseite\",\"item\":\"https:\\\/\\\/marktxxl.de\\\/markt\\\/\"},{\"@type\":\"ListItem\",\"position\":2,\"name\":\"Markt\",\"item\":\"https:\\\/\\\/marktxxl.de\\\/markt\\\/\"},{\"@type\":\"ListItem\",\"position\":3,\"name\":\"Brillenband aus starkem 2mm Material in vielen modischen Farben f\u00fcr alle Arten von Brillen geeignet,mit extra Anti\u2026\"}]},{\"@type\":\"WebSite\",\"@id\":\"https:\\\/\\\/marktxxl.de\\\/markt\\\/#website\",\"url\":\"https:\\\/\\\/marktxxl.de\\\/markt\\\/\",\"name\":\"Markt-XXL\",\"description\":\"Ihr Markt Online\",\"publisher\":{\"@id\":\"https:\\\/\\\/marktxxl.de\\\/markt\\\/#organization\"},\"potentialAction\":[{\"@type\":\"SearchAction\",\"target\":{\"@type\":\"EntryPoint\",\"urlTemplate\":\"https:\\\/\\\/marktxxl.de\\\/markt\\\/?s={search_term_string}\"},\"query-input\":{\"@type\":\"PropertyValueSpecification\",\"valueRequired\":true,\"valueName\":\"search_term_string\"}}],\"inLanguage\":\"de\"},{\"@type\":\"Organization\",\"@id\":\"https:\\\/\\\/marktxxl.de\\\/markt\\\/#organization\",\"name\":\"Markt-XXL\",\"url\":\"https:\\\/\\\/marktxxl.de\\\/markt\\\/\",\"logo\":{\"@type\":\"ImageObject\",\"inLanguage\":\"de\",\"@id\":\"https:\\\/\\\/marktxxl.de\\\/markt\\\/#\\\/schema\\\/logo\\\/image\\\/\",\"url\":\"https:\\\/\\\/marktxxl.de\\\/markt\\\/wp-content\\\/uploads\\\/sites\\\/3\\\/2020\\\/12\\\/logo.png\",\"contentUrl\":\"https:\\\/\\\/marktxxl.de\\\/markt\\\/wp-content\\\/uploads\\\/sites\\\/3\\\/2020\\\/12\\\/logo.png\",\"width\":200,\"height\":70,\"caption\":\"Markt-XXL\"},\"image\":{\"@id\":\"https:\\\/\\\/marktxxl.de\\\/markt\\\/#\\\/schema\\\/logo\\\/image\\\/\"}}]}<\/script>\n<!-- \/ Yoast SEO plugin. -->","yoast_head_json":{"title":"Brillenband aus starkem 2mm Material in vielen modischen Farben f\u00fcr alle Arten von Brillen geeignet,mit extra Anti\u2026 - Markt-XXL","description":"Markt-XXL Brillenband aus starkem 2mm Material in vielen modischen Farben f\u00fcr alle Arten von Brillen geeignet,mit extra Anti\u2026","robots":{"index":"index","follow":"follow","max-snippet":"max-snippet:-1","max-image-preview":"max-image-preview:large","max-video-preview":"max-video-preview:-1"},"canonical":"https:\/\/marktxxl.de\/markt\/produkt\/brillenband-aus-starkem-2mm-material-in-vielen-modischen-farben-fuer-alle-arten-von-brillen-geeignetmit-extra-anti-rutsch-oese-die-haelt\/","og_locale":"de_DE","og_type":"article","og_title":"Brillenband aus starkem 2mm Material in vielen modischen Farben f\u00fcr alle Arten von Brillen geeignet,mit extra Anti\u2026 - Markt-XXL","og_description":"Markt-XXL Brillenband aus starkem 2mm Material in vielen modischen Farben f\u00fcr alle Arten von Brillen geeignet,mit extra Anti\u2026","og_url":"https:\/\/marktxxl.de\/markt\/produkt\/brillenband-aus-starkem-2mm-material-in-vielen-modischen-farben-fuer-alle-arten-von-brillen-geeignetmit-extra-anti-rutsch-oese-die-haelt\/","og_site_name":"Markt-XXL","article_modified_time":"2023-04-09T00:18:17+00:00","og_image":[{"width":500,"height":500,"url":"https:\/\/m.media-amazon.com\/images\/I\/41pgsdtOUoS._SL500_.jpg","type":"image\/jpeg"}],"twitter_card":"summary_large_image","twitter_misc":{"Gesch\u00e4tzte Lesezeit":"1\u00a0Minute"},"schema":{"@context":"https:\/\/schema.org","@graph":[{"@type":"WebPage","@id":"https:\/\/marktxxl.de\/markt\/produkt\/brillenband-aus-starkem-2mm-material-in-vielen-modischen-farben-fuer-alle-arten-von-brillen-geeignetmit-extra-anti-rutsch-oese-die-haelt\/","url":"https:\/\/marktxxl.de\/markt\/produkt\/brillenband-aus-starkem-2mm-material-in-vielen-modischen-farben-fuer-alle-arten-von-brillen-geeignetmit-extra-anti-rutsch-oese-die-haelt\/","name":"Brillenband aus starkem 2mm Material in vielen modischen Farben f\u00fcr alle Arten von Brillen geeignet,mit extra Anti\u2026 - Markt-XXL","isPartOf":{"@id":"https:\/\/marktxxl.de\/markt\/#website"},"primaryImageOfPage":{"@id":"https:\/\/marktxxl.de\/markt\/produkt\/brillenband-aus-starkem-2mm-material-in-vielen-modischen-farben-fuer-alle-arten-von-brillen-geeignetmit-extra-anti-rutsch-oese-die-haelt\/#primaryimage"},"image":{"@id":"https:\/\/marktxxl.de\/markt\/produkt\/brillenband-aus-starkem-2mm-material-in-vielen-modischen-farben-fuer-alle-arten-von-brillen-geeignetmit-extra-anti-rutsch-oese-die-haelt\/#primaryimage"},"thumbnailUrl":"https:\/\/m.media-amazon.com\/images\/I\/41pgsdtOUoS._SL500_.jpg","datePublished":"2021-11-12T23:03:50+00:00","dateModified":"2023-04-09T00:18:17+00:00","description":"Markt-XXL Brillenband aus starkem 2mm Material in vielen modischen Farben f\u00fcr alle Arten von Brillen geeignet,mit extra Anti\u2026","breadcrumb":{"@id":"https:\/\/marktxxl.de\/markt\/produkt\/brillenband-aus-starkem-2mm-material-in-vielen-modischen-farben-fuer-alle-arten-von-brillen-geeignetmit-extra-anti-rutsch-oese-die-haelt\/#breadcrumb"},"inLanguage":"de","potentialAction":[{"@type":"ReadAction","target":["https:\/\/marktxxl.de\/markt\/produkt\/brillenband-aus-starkem-2mm-material-in-vielen-modischen-farben-fuer-alle-arten-von-brillen-geeignetmit-extra-anti-rutsch-oese-die-haelt\/"]}]},{"@type":"ImageObject","inLanguage":"de","@id":"https:\/\/marktxxl.de\/markt\/produkt\/brillenband-aus-starkem-2mm-material-in-vielen-modischen-farben-fuer-alle-arten-von-brillen-geeignetmit-extra-anti-rutsch-oese-die-haelt\/#primaryimage","url":"https:\/\/m.media-amazon.com\/images\/I\/41pgsdtOUoS._SL500_.jpg","contentUrl":"https:\/\/m.media-amazon.com\/images\/I\/41pgsdtOUoS._SL500_.jpg","width":500,"height":500},{"@type":"BreadcrumbList","@id":"https:\/\/marktxxl.de\/markt\/produkt\/brillenband-aus-starkem-2mm-material-in-vielen-modischen-farben-fuer-alle-arten-von-brillen-geeignetmit-extra-anti-rutsch-oese-die-haelt\/#breadcrumb","itemListElement":[{"@type":"ListItem","position":1,"name":"Startseite","item":"https:\/\/marktxxl.de\/markt\/"},{"@type":"ListItem","position":2,"name":"Markt","item":"https:\/\/marktxxl.de\/markt\/"},{"@type":"ListItem","position":3,"name":"Brillenband aus starkem 2mm Material in vielen modischen Farben f\u00fcr alle Arten von Brillen geeignet,mit extra Anti\u2026"}]},{"@type":"WebSite","@id":"https:\/\/marktxxl.de\/markt\/#website","url":"https:\/\/marktxxl.de\/markt\/","name":"Markt-XXL","description":"Ihr Markt Online","publisher":{"@id":"https:\/\/marktxxl.de\/markt\/#organization"},"potentialAction":[{"@type":"SearchAction","target":{"@type":"EntryPoint","urlTemplate":"https:\/\/marktxxl.de\/markt\/?s={search_term_string}"},"query-input":{"@type":"PropertyValueSpecification","valueRequired":true,"valueName":"search_term_string"}}],"inLanguage":"de"},{"@type":"Organization","@id":"https:\/\/marktxxl.de\/markt\/#organization","name":"Markt-XXL","url":"https:\/\/marktxxl.de\/markt\/","logo":{"@type":"ImageObject","inLanguage":"de","@id":"https:\/\/marktxxl.de\/markt\/#\/schema\/logo\/image\/","url":"https:\/\/marktxxl.de\/markt\/wp-content\/uploads\/sites\/3\/2020\/12\/logo.png","contentUrl":"https:\/\/marktxxl.de\/markt\/wp-content\/uploads\/sites\/3\/2020\/12\/logo.png","width":200,"height":70,"caption":"Markt-XXL"},"image":{"@id":"https:\/\/marktxxl.de\/markt\/#\/schema\/logo\/image\/"}}]}},"_links":{"self":[{"href":"https:\/\/marktxxl.de\/markt\/wp-json\/wp\/v2\/product\/72621","targetHints":{"allow":["GET"]}}],"collection":[{"href":"https:\/\/marktxxl.de\/markt\/wp-json\/wp\/v2\/product"}],"about":[{"href":"https:\/\/marktxxl.de\/markt\/wp-json\/wp\/v2\/types\/product"}],"replies":[{"embeddable":true,"href":"https:\/\/marktxxl.de\/markt\/wp-json\/wp\/v2\/comments?post=72621"}],"wp:featuredmedia":[{"embeddable":true,"href":"https:\/\/marktxxl.de\/markt\/wp-json\/wp\/v2\/media\/72622"}],"wp:attachment":[{"href":"https:\/\/marktxxl.de\/markt\/wp-json\/wp\/v2\/media?parent=72621"}],"wp:term":[{"taxonomy":"product_brand","embeddable":true,"href":"https:\/\/marktxxl.de\/markt\/wp-json\/wp\/v2\/product_brand?post=72621"},{"taxonomy":"product_cat","embeddable":true,"href":"https:\/\/marktxxl.de\/markt\/wp-json\/wp\/v2\/product_cat?post=72621"},{"taxonomy":"product_tag","embeddable":true,"href":"https:\/\/marktxxl.de\/markt\/wp-json\/wp\/v2\/product_tag?post=72621"}],"curies":[{"name":"wp","href":"https:\/\/api.w.org\/{rel}","templated":true}]}}