{"id":72601,"date":"2021-11-13T00:00:48","date_gmt":"2021-11-12T23:00:48","guid":{"rendered":"https:\/\/marktxxl.de\/markt\/produkt\/shagwear-geldboerse-damen-portemonnaie-maedchen-geldbeutel-large-purse\/"},"modified":"2023-04-09T02:18:16","modified_gmt":"2023-04-09T00:18:16","slug":"shagwear-geldboerse-damen-portemonnaie-maedchen-geldbeutel-large-purse","status":"publish","type":"product","link":"https:\/\/marktxxl.de\/markt\/produkt\/shagwear-geldboerse-damen-portemonnaie-maedchen-geldbeutel-large-purse\/","title":{"rendered":"Shagwear \u00ae Portemonnaie Geldb\u00f6rse Damen Geldbeutel M\u00e4dchen Bifold Mehrfarbig Portmonee Designs: (Blatt \/ Leaf)"},"content":{"rendered":"<p>\u2605 SHAG-WEAR, EINE MARKE DIE GESCHICHTEN ERZ\u00c4HLT \u2605 Sch\u00fctzen Sie Ihr Geld und bringen Sie Ihre Pers\u00f6nlichkeit mit diesem einzigartigen, farbenfrohen Stil zum Ausdruck! Die einmaligen und wundersch\u00f6nen Designs von SHAG-WEAR zeichnen sich durch unz\u00e4hlige Details und eine hohe Individualit\u00e4t aus. SHAG-WEAR Geldb\u00f6rsen und Taschen treffen jeden Geschmack. Stellen Sie sich auf unz\u00e4hlige Komplimente ein! Schlie\u00dfen Sie sich noch heute Hundertausenden von SHAG-WEAR Fans an!<br \/>\n\u2605 Hohe Qualit\u00e4t \u2605 Die Portemonnaies und Handtaschen von SHAG-WEAR werden nur aus hochqualitativsten Materialien hergestellt. Das vegane &#8220;Leder&#8221; ist tierfreundlich. Unsere Produkte besitzen hochwertige Rei\u00dfverschl\u00fcsse sowie magnetische Verschl\u00fcsse, um sicherzustellen, dass Ihre Habseligkeiten gesch\u00fctzt sind.<br \/>\n\u2605 QUALIT\u00c4T, FUNKTIONALIT\u00c4T &amp; STIL \u2605 Die gro\u00dfen SHAG-WEAR Geldbeutel haben eine Gr\u00f6\u00dfe von 18,7 x 9,5 x 3 cm (LxBxH). Inklusive 11 Kartenschlitze, 1 Fach f\u00fcr Fotos\/Ausweis, 3 F\u00e4cher f\u00fcr Notizen und ein doppeltes M\u00fcnzfach mit Druckknopf. Eine wirklich gro\u00dfartige Geldb\u00f6rse f\u00fcr alles, was Sie brauchen!<br \/>\n\u2605 DIE PERFEKTE GESCHENKIDEE \u2605 SHAG-WEAR Geldbeutel sind das perfekte GESCHENK F\u00dcR SIE SELBST &amp; IHRE LIEBEN. Verschenken Sie die Brieftasche zu Geburtstagen, Jahrestagen, zum Muttertag, Weihnachten und zu jedem anderen speziellen Anlass. DAR\u00dcBER FREUT SICH JEDER!<br \/>\n\u2605 ABMESSUNGEN &amp; GEWICHT \u2605 18,7 x 9,5 x 3 cm (LxBxH) (7,4 x 3,75 x 1,2 Zoll), 160 Gramm, genau die richtige Gr\u00f6\u00dfe f\u00fcr ein Portemonnaie, dass sich einfach in der Hand tragen oder in der Tasche verstauen l\u00e4sst. Mit: 11 Kartenschlitzen, 1 Fach f\u00fcr den Ausweis, 3 F\u00e4chern f\u00fcr Notizen und 1 doppeltes M\u00fcnzfach mit Rei\u00dfverschluss.<br \/>\n<div class=\"main-cross-sell\" data-asin=\"B084VT8313\">\n\n\t<div class=\"WooZone-cross-sell-loader\">\n\t\t<div>\n\t\t\t<div id=\"floatingBarsG\">\n\t\t\t\t<div class=\"blockG\" id=\"rotateG_01\"><\/div>\n\t\t\t\t<div class=\"blockG\" id=\"rotateG_02\"><\/div>\n\t\t\t\t<div class=\"blockG\" id=\"rotateG_03\"><\/div>\n\t\t\t\t<div class=\"blockG\" id=\"rotateG_04\"><\/div>\n\t\t\t\t<div class=\"blockG\" id=\"rotateG_05\"><\/div>\n\t\t\t\t<div class=\"blockG\" id=\"rotateG_06\"><\/div>\n\t\t\t\t<div class=\"blockG\" id=\"rotateG_07\"><\/div>\n\t\t\t\t<div class=\"blockG\" id=\"rotateG_08\"><\/div>\n\t\t\t<\/div>\n\t\t\t<div class=\"WooZone-cross-sell-loader-text\"><\/div>\n\t\t<\/div>\n\t<\/div>\n\n\t\t\n<\/div>\n<div style=\"clear:both;\"><\/div><\/p>\n","protected":false},"excerpt":{"rendered":"<p>\u2605 SHAG-WEAR, EINE MARKE DIE GESCHICHTEN ERZ\u00c4HLT \u2605 Sch\u00fctzen Sie Ihr Geld und bringen Sie Ihre Pers\u00f6nlichkeit mit diesem einzigartigen, farbenfrohen Stil zum Ausdruck! Die einmaligen und wundersch\u00f6nen Designs von SHAG-WEAR zeichnen sich durch unz\u00e4hlige Details und eine hohe Individualit\u00e4t aus. SHAG-WEAR Geldb\u00f6rsen und Taschen treffen jeden Geschmack. Stellen Sie sich auf unz\u00e4hlige Komplimente ein! Schlie\u00dfen Sie sich noch heute Hundertausenden von SHAG-WEAR Fans an!<br \/>\n\u2605 Hohe Qualit\u00e4t \u2605 Die Portemonnaies und Handtaschen von SHAG-WEAR werden nur aus hochqualitativsten Materialien hergestellt. Das vegane &#8220;Leder&#8221; ist tierfreundlich. Unsere Produkte besitzen hochwertige Rei\u00dfverschl\u00fcsse sowie magnetische Verschl\u00fcsse, um sicherzustellen, dass Ihre Habseligkeiten gesch\u00fctzt sind.<br \/>\n\u2605 QUALIT\u00c4T, FUNKTIONALIT\u00c4T &amp; STIL \u2605 Die gro\u00dfen SHAG-WEAR Geldbeutel haben eine Gr\u00f6\u00dfe von 18,7 x 9,5 x 3 cm (LxBxH). Inklusive 11 Kartenschlitze, 1 Fach f\u00fcr Fotos\/Ausweis, 3 F\u00e4cher f\u00fcr Notizen und ein doppeltes M\u00fcnzfach mit Druckknopf. Eine wirklich gro\u00dfartige Geldb\u00f6rse f\u00fcr alles, was Sie brauchen!<\/p>\n","protected":false},"featured_media":72602,"comment_status":"open","ping_status":"closed","template":"","meta":[],"product_brand":[],"product_cat":[1186,3920],"product_tag":[],"class_list":{"0":"post-72601","1":"product","2":"type-product","3":"status-publish","4":"has-post-thumbnail","6":"product_cat-bekleidung","7":"product_cat-damen","8":"pa_brand-shagwear","9":"pa_size-l","11":"first","12":"instock","13":"shipping-taxable","14":"purchasable","15":"product-type-simple","16":"customify-col","17":"product-has-gallery"},"yoast_head":"<!-- This site is optimized with the Yoast SEO plugin v27.4 - https:\/\/yoast.com\/product\/yoast-seo-wordpress\/ -->\n<title>Shagwear \u00ae Portemonnaie Geldb\u00f6rse Damen Geldbeutel M\u00e4dchen Bifold Mehrfarbig Portmonee Designs: (Blatt \/ Leaf) - Markt-XXL<\/title>\n<meta name=\"description\" content=\"Markt-XXL Shagwear \u00ae Portemonnaie Geldb\u00f6rse Damen Geldbeutel M\u00e4dchen Bifold Mehrfarbig Portmonee Designs: (Blatt \/ Leaf)\" \/>\n<meta name=\"robots\" content=\"index, follow, max-snippet:-1, max-image-preview:large, max-video-preview:-1\" \/>\n<link rel=\"canonical\" href=\"https:\/\/marktxxl.de\/markt\/produkt\/shagwear-geldboerse-damen-portemonnaie-maedchen-geldbeutel-large-purse\/\" \/>\n<meta property=\"og:locale\" content=\"de_DE\" \/>\n<meta property=\"og:type\" content=\"article\" \/>\n<meta property=\"og:title\" content=\"Shagwear \u00ae Portemonnaie Geldb\u00f6rse Damen Geldbeutel M\u00e4dchen Bifold Mehrfarbig Portmonee Designs: (Blatt \/ Leaf) - Markt-XXL\" \/>\n<meta property=\"og:description\" content=\"Markt-XXL Shagwear \u00ae Portemonnaie Geldb\u00f6rse Damen Geldbeutel M\u00e4dchen Bifold Mehrfarbig Portmonee Designs: (Blatt \/ Leaf)\" \/>\n<meta property=\"og:url\" content=\"https:\/\/marktxxl.de\/markt\/produkt\/shagwear-geldboerse-damen-portemonnaie-maedchen-geldbeutel-large-purse\/\" \/>\n<meta property=\"og:site_name\" content=\"Markt-XXL\" \/>\n<meta property=\"article:modified_time\" content=\"2023-04-09T00:18:16+00:00\" \/>\n<meta property=\"og:image\" content=\"https:\/\/m.media-amazon.com\/images\/I\/41f5iyRFiUL._SL500_.jpg\" \/>\n\t<meta property=\"og:image:width\" content=\"500\" \/>\n\t<meta property=\"og:image:height\" content=\"500\" \/>\n\t<meta property=\"og:image:type\" content=\"image\/jpeg\" \/>\n<meta name=\"twitter:card\" content=\"summary_large_image\" \/>\n<meta name=\"twitter:label1\" content=\"Gesch\u00e4tzte Lesezeit\" \/>\n\t<meta name=\"twitter:data1\" content=\"1\u00a0Minute\" \/>\n<script type=\"application\/ld+json\" class=\"yoast-schema-graph\">{\"@context\":\"https:\\\/\\\/schema.org\",\"@graph\":[{\"@type\":\"WebPage\",\"@id\":\"https:\\\/\\\/marktxxl.de\\\/markt\\\/produkt\\\/shagwear-geldboerse-damen-portemonnaie-maedchen-geldbeutel-large-purse\\\/\",\"url\":\"https:\\\/\\\/marktxxl.de\\\/markt\\\/produkt\\\/shagwear-geldboerse-damen-portemonnaie-maedchen-geldbeutel-large-purse\\\/\",\"name\":\"Shagwear \u00ae Portemonnaie Geldb\u00f6rse Damen Geldbeutel M\u00e4dchen Bifold Mehrfarbig Portmonee Designs: (Blatt \\\/ Leaf) - Markt-XXL\",\"isPartOf\":{\"@id\":\"https:\\\/\\\/marktxxl.de\\\/markt\\\/#website\"},\"primaryImageOfPage\":{\"@id\":\"https:\\\/\\\/marktxxl.de\\\/markt\\\/produkt\\\/shagwear-geldboerse-damen-portemonnaie-maedchen-geldbeutel-large-purse\\\/#primaryimage\"},\"image\":{\"@id\":\"https:\\\/\\\/marktxxl.de\\\/markt\\\/produkt\\\/shagwear-geldboerse-damen-portemonnaie-maedchen-geldbeutel-large-purse\\\/#primaryimage\"},\"thumbnailUrl\":\"https:\\\/\\\/m.media-amazon.com\\\/images\\\/I\\\/41f5iyRFiUL._SL500_.jpg\",\"datePublished\":\"2021-11-12T23:00:48+00:00\",\"dateModified\":\"2023-04-09T00:18:16+00:00\",\"description\":\"Markt-XXL Shagwear \u00ae Portemonnaie Geldb\u00f6rse Damen Geldbeutel M\u00e4dchen Bifold Mehrfarbig Portmonee Designs: (Blatt \\\/ Leaf)\",\"breadcrumb\":{\"@id\":\"https:\\\/\\\/marktxxl.de\\\/markt\\\/produkt\\\/shagwear-geldboerse-damen-portemonnaie-maedchen-geldbeutel-large-purse\\\/#breadcrumb\"},\"inLanguage\":\"de\",\"potentialAction\":[{\"@type\":\"ReadAction\",\"target\":[\"https:\\\/\\\/marktxxl.de\\\/markt\\\/produkt\\\/shagwear-geldboerse-damen-portemonnaie-maedchen-geldbeutel-large-purse\\\/\"]}]},{\"@type\":\"ImageObject\",\"inLanguage\":\"de\",\"@id\":\"https:\\\/\\\/marktxxl.de\\\/markt\\\/produkt\\\/shagwear-geldboerse-damen-portemonnaie-maedchen-geldbeutel-large-purse\\\/#primaryimage\",\"url\":\"https:\\\/\\\/m.media-amazon.com\\\/images\\\/I\\\/41f5iyRFiUL._SL500_.jpg\",\"contentUrl\":\"https:\\\/\\\/m.media-amazon.com\\\/images\\\/I\\\/41f5iyRFiUL._SL500_.jpg\",\"width\":500,\"height\":500},{\"@type\":\"BreadcrumbList\",\"@id\":\"https:\\\/\\\/marktxxl.de\\\/markt\\\/produkt\\\/shagwear-geldboerse-damen-portemonnaie-maedchen-geldbeutel-large-purse\\\/#breadcrumb\",\"itemListElement\":[{\"@type\":\"ListItem\",\"position\":1,\"name\":\"Startseite\",\"item\":\"https:\\\/\\\/marktxxl.de\\\/markt\\\/\"},{\"@type\":\"ListItem\",\"position\":2,\"name\":\"Markt\",\"item\":\"https:\\\/\\\/marktxxl.de\\\/markt\\\/\"},{\"@type\":\"ListItem\",\"position\":3,\"name\":\"Shagwear \u00ae Portemonnaie Geldb\u00f6rse Damen Geldbeutel M\u00e4dchen Bifold Mehrfarbig Portmonee Designs: (Blatt \\\/ Leaf)\"}]},{\"@type\":\"WebSite\",\"@id\":\"https:\\\/\\\/marktxxl.de\\\/markt\\\/#website\",\"url\":\"https:\\\/\\\/marktxxl.de\\\/markt\\\/\",\"name\":\"Markt-XXL\",\"description\":\"Ihr Markt Online\",\"publisher\":{\"@id\":\"https:\\\/\\\/marktxxl.de\\\/markt\\\/#organization\"},\"potentialAction\":[{\"@type\":\"SearchAction\",\"target\":{\"@type\":\"EntryPoint\",\"urlTemplate\":\"https:\\\/\\\/marktxxl.de\\\/markt\\\/?s={search_term_string}\"},\"query-input\":{\"@type\":\"PropertyValueSpecification\",\"valueRequired\":true,\"valueName\":\"search_term_string\"}}],\"inLanguage\":\"de\"},{\"@type\":\"Organization\",\"@id\":\"https:\\\/\\\/marktxxl.de\\\/markt\\\/#organization\",\"name\":\"Markt-XXL\",\"url\":\"https:\\\/\\\/marktxxl.de\\\/markt\\\/\",\"logo\":{\"@type\":\"ImageObject\",\"inLanguage\":\"de\",\"@id\":\"https:\\\/\\\/marktxxl.de\\\/markt\\\/#\\\/schema\\\/logo\\\/image\\\/\",\"url\":\"https:\\\/\\\/marktxxl.de\\\/markt\\\/wp-content\\\/uploads\\\/sites\\\/3\\\/2020\\\/12\\\/logo.png\",\"contentUrl\":\"https:\\\/\\\/marktxxl.de\\\/markt\\\/wp-content\\\/uploads\\\/sites\\\/3\\\/2020\\\/12\\\/logo.png\",\"width\":200,\"height\":70,\"caption\":\"Markt-XXL\"},\"image\":{\"@id\":\"https:\\\/\\\/marktxxl.de\\\/markt\\\/#\\\/schema\\\/logo\\\/image\\\/\"}}]}<\/script>\n<!-- \/ Yoast SEO plugin. -->","yoast_head_json":{"title":"Shagwear \u00ae Portemonnaie Geldb\u00f6rse Damen Geldbeutel M\u00e4dchen Bifold Mehrfarbig Portmonee Designs: (Blatt \/ Leaf) - Markt-XXL","description":"Markt-XXL Shagwear \u00ae Portemonnaie Geldb\u00f6rse Damen Geldbeutel M\u00e4dchen Bifold Mehrfarbig Portmonee Designs: (Blatt \/ Leaf)","robots":{"index":"index","follow":"follow","max-snippet":"max-snippet:-1","max-image-preview":"max-image-preview:large","max-video-preview":"max-video-preview:-1"},"canonical":"https:\/\/marktxxl.de\/markt\/produkt\/shagwear-geldboerse-damen-portemonnaie-maedchen-geldbeutel-large-purse\/","og_locale":"de_DE","og_type":"article","og_title":"Shagwear \u00ae Portemonnaie Geldb\u00f6rse Damen Geldbeutel M\u00e4dchen Bifold Mehrfarbig Portmonee Designs: (Blatt \/ Leaf) - Markt-XXL","og_description":"Markt-XXL Shagwear \u00ae Portemonnaie Geldb\u00f6rse Damen Geldbeutel M\u00e4dchen Bifold Mehrfarbig Portmonee Designs: (Blatt \/ Leaf)","og_url":"https:\/\/marktxxl.de\/markt\/produkt\/shagwear-geldboerse-damen-portemonnaie-maedchen-geldbeutel-large-purse\/","og_site_name":"Markt-XXL","article_modified_time":"2023-04-09T00:18:16+00:00","og_image":[{"width":500,"height":500,"url":"https:\/\/m.media-amazon.com\/images\/I\/41f5iyRFiUL._SL500_.jpg","type":"image\/jpeg"}],"twitter_card":"summary_large_image","twitter_misc":{"Gesch\u00e4tzte Lesezeit":"1\u00a0Minute"},"schema":{"@context":"https:\/\/schema.org","@graph":[{"@type":"WebPage","@id":"https:\/\/marktxxl.de\/markt\/produkt\/shagwear-geldboerse-damen-portemonnaie-maedchen-geldbeutel-large-purse\/","url":"https:\/\/marktxxl.de\/markt\/produkt\/shagwear-geldboerse-damen-portemonnaie-maedchen-geldbeutel-large-purse\/","name":"Shagwear \u00ae Portemonnaie Geldb\u00f6rse Damen Geldbeutel M\u00e4dchen Bifold Mehrfarbig Portmonee Designs: (Blatt \/ Leaf) - Markt-XXL","isPartOf":{"@id":"https:\/\/marktxxl.de\/markt\/#website"},"primaryImageOfPage":{"@id":"https:\/\/marktxxl.de\/markt\/produkt\/shagwear-geldboerse-damen-portemonnaie-maedchen-geldbeutel-large-purse\/#primaryimage"},"image":{"@id":"https:\/\/marktxxl.de\/markt\/produkt\/shagwear-geldboerse-damen-portemonnaie-maedchen-geldbeutel-large-purse\/#primaryimage"},"thumbnailUrl":"https:\/\/m.media-amazon.com\/images\/I\/41f5iyRFiUL._SL500_.jpg","datePublished":"2021-11-12T23:00:48+00:00","dateModified":"2023-04-09T00:18:16+00:00","description":"Markt-XXL Shagwear \u00ae Portemonnaie Geldb\u00f6rse Damen Geldbeutel M\u00e4dchen Bifold Mehrfarbig Portmonee Designs: (Blatt \/ Leaf)","breadcrumb":{"@id":"https:\/\/marktxxl.de\/markt\/produkt\/shagwear-geldboerse-damen-portemonnaie-maedchen-geldbeutel-large-purse\/#breadcrumb"},"inLanguage":"de","potentialAction":[{"@type":"ReadAction","target":["https:\/\/marktxxl.de\/markt\/produkt\/shagwear-geldboerse-damen-portemonnaie-maedchen-geldbeutel-large-purse\/"]}]},{"@type":"ImageObject","inLanguage":"de","@id":"https:\/\/marktxxl.de\/markt\/produkt\/shagwear-geldboerse-damen-portemonnaie-maedchen-geldbeutel-large-purse\/#primaryimage","url":"https:\/\/m.media-amazon.com\/images\/I\/41f5iyRFiUL._SL500_.jpg","contentUrl":"https:\/\/m.media-amazon.com\/images\/I\/41f5iyRFiUL._SL500_.jpg","width":500,"height":500},{"@type":"BreadcrumbList","@id":"https:\/\/marktxxl.de\/markt\/produkt\/shagwear-geldboerse-damen-portemonnaie-maedchen-geldbeutel-large-purse\/#breadcrumb","itemListElement":[{"@type":"ListItem","position":1,"name":"Startseite","item":"https:\/\/marktxxl.de\/markt\/"},{"@type":"ListItem","position":2,"name":"Markt","item":"https:\/\/marktxxl.de\/markt\/"},{"@type":"ListItem","position":3,"name":"Shagwear \u00ae Portemonnaie Geldb\u00f6rse Damen Geldbeutel M\u00e4dchen Bifold Mehrfarbig Portmonee Designs: (Blatt \/ Leaf)"}]},{"@type":"WebSite","@id":"https:\/\/marktxxl.de\/markt\/#website","url":"https:\/\/marktxxl.de\/markt\/","name":"Markt-XXL","description":"Ihr Markt Online","publisher":{"@id":"https:\/\/marktxxl.de\/markt\/#organization"},"potentialAction":[{"@type":"SearchAction","target":{"@type":"EntryPoint","urlTemplate":"https:\/\/marktxxl.de\/markt\/?s={search_term_string}"},"query-input":{"@type":"PropertyValueSpecification","valueRequired":true,"valueName":"search_term_string"}}],"inLanguage":"de"},{"@type":"Organization","@id":"https:\/\/marktxxl.de\/markt\/#organization","name":"Markt-XXL","url":"https:\/\/marktxxl.de\/markt\/","logo":{"@type":"ImageObject","inLanguage":"de","@id":"https:\/\/marktxxl.de\/markt\/#\/schema\/logo\/image\/","url":"https:\/\/marktxxl.de\/markt\/wp-content\/uploads\/sites\/3\/2020\/12\/logo.png","contentUrl":"https:\/\/marktxxl.de\/markt\/wp-content\/uploads\/sites\/3\/2020\/12\/logo.png","width":200,"height":70,"caption":"Markt-XXL"},"image":{"@id":"https:\/\/marktxxl.de\/markt\/#\/schema\/logo\/image\/"}}]}},"_links":{"self":[{"href":"https:\/\/marktxxl.de\/markt\/wp-json\/wp\/v2\/product\/72601","targetHints":{"allow":["GET"]}}],"collection":[{"href":"https:\/\/marktxxl.de\/markt\/wp-json\/wp\/v2\/product"}],"about":[{"href":"https:\/\/marktxxl.de\/markt\/wp-json\/wp\/v2\/types\/product"}],"replies":[{"embeddable":true,"href":"https:\/\/marktxxl.de\/markt\/wp-json\/wp\/v2\/comments?post=72601"}],"wp:featuredmedia":[{"embeddable":true,"href":"https:\/\/marktxxl.de\/markt\/wp-json\/wp\/v2\/media\/72602"}],"wp:attachment":[{"href":"https:\/\/marktxxl.de\/markt\/wp-json\/wp\/v2\/media?parent=72601"}],"wp:term":[{"taxonomy":"product_brand","embeddable":true,"href":"https:\/\/marktxxl.de\/markt\/wp-json\/wp\/v2\/product_brand?post=72601"},{"taxonomy":"product_cat","embeddable":true,"href":"https:\/\/marktxxl.de\/markt\/wp-json\/wp\/v2\/product_cat?post=72601"},{"taxonomy":"product_tag","embeddable":true,"href":"https:\/\/marktxxl.de\/markt\/wp-json\/wp\/v2\/product_tag?post=72601"}],"curies":[{"name":"wp","href":"https:\/\/api.w.org\/{rel}","templated":true}]}}