{"id":72572,"date":"2021-11-13T00:00:29","date_gmt":"2021-11-12T23:00:29","guid":{"rendered":"https:\/\/marktxxl.de\/markt\/produkt\/tommy-hilfiger-poppy-large-zip-around-wallet-corporate\/"},"modified":"2023-04-09T02:18:16","modified_gmt":"2023-04-09T00:18:16","slug":"tommy-hilfiger-poppy-large-zip-around-wallet-corporate","status":"publish","type":"product","link":"https:\/\/marktxxl.de\/markt\/produkt\/tommy-hilfiger-poppy-large-zip-around-wallet-corporate\/","title":{"rendered":"Tommy Hilfiger Damen Geldb\u00f6rse Portemonnaies Poppy L Zip Blau AW0AW08364-0GY"},"content":{"rendered":"<p>Mit dieser TOMMY HILFIGER Geldb\u00f6rse haben Sie Ihre Finanzen immer und \u00fcberall im Griff. Diese Geldb\u00f6rse \u00fcberzeugt mit schlichtem Design und ihrem Innenaufbau. Ihre Karten, Bilder und Ihr Bargeld sind strukturiert im Inneren aufbewahrt, sodass Sie alles griffbereit haben. Ma\u00dfe: 19 x 10,5 x 2,5 cm<br \/>\n<div class=\"main-cross-sell\" data-asin=\"B083ZZJ7BC\">\n\n\t<div class=\"WooZone-cross-sell-loader\">\n\t\t<div>\n\t\t\t<div id=\"floatingBarsG\">\n\t\t\t\t<div class=\"blockG\" id=\"rotateG_01\"><\/div>\n\t\t\t\t<div class=\"blockG\" id=\"rotateG_02\"><\/div>\n\t\t\t\t<div class=\"blockG\" id=\"rotateG_03\"><\/div>\n\t\t\t\t<div class=\"blockG\" id=\"rotateG_04\"><\/div>\n\t\t\t\t<div class=\"blockG\" id=\"rotateG_05\"><\/div>\n\t\t\t\t<div class=\"blockG\" id=\"rotateG_06\"><\/div>\n\t\t\t\t<div class=\"blockG\" id=\"rotateG_07\"><\/div>\n\t\t\t\t<div class=\"blockG\" id=\"rotateG_08\"><\/div>\n\t\t\t<\/div>\n\t\t\t<div class=\"WooZone-cross-sell-loader-text\"><\/div>\n\t\t<\/div>\n\t<\/div>\n\n\t\t\n<\/div>\n<div style=\"clear:both;\"><\/div><\/p>\n","protected":false},"excerpt":{"rendered":"<p>Mit dieser TOMMY HILFIGER Geldb\u00f6rse haben Sie Ihre Finanzen immer und \u00fcberall im Griff. Diese Geldb\u00f6rse \u00fcberzeugt mit schlichtem Design und ihrem Innenaufbau. Ihre Karten, Bilder und Ihr Bargeld sind strukturiert im Inneren aufbewahrt, sodass Sie alles griffbereit haben. Ma\u00dfe: 19 x 10,5 x 2,5 cm<\/p>\n","protected":false},"featured_media":72573,"comment_status":"open","ping_status":"closed","template":"","meta":[],"product_brand":[],"product_cat":[1186,3920],"product_tag":[],"class_list":{"0":"post-72572","1":"product","2":"type-product","3":"status-publish","4":"has-post-thumbnail","6":"product_cat-bekleidung","7":"product_cat-damen","8":"pa_binding-textilien","9":"pa_brand-tommy-hilfiger","10":"pa_color-corporate","11":"pa_height-3-543307083-zoll","12":"pa_length-4-724409444-zoll","13":"pa_manufacturer-tommy-hilfiger","14":"pa_model-aw0aw08364-0gy","15":"pa_size-einheitsgroesse","16":"pa_weight-0-48942622164-pfund","17":"pa_width-0-5905511805-zoll","19":"first","20":"instock","21":"shipping-taxable","22":"purchasable","23":"product-type-simple","24":"customify-col","25":"product-has-gallery"},"yoast_head":"<!-- This site is optimized with the Yoast SEO plugin v27.3 - https:\/\/yoast.com\/product\/yoast-seo-wordpress\/ -->\n<title>Tommy Hilfiger Damen Geldb\u00f6rse Portemonnaies Poppy L Zip Blau AW0AW08364-0GY - Markt-XXL<\/title>\n<meta name=\"description\" content=\"Markt-XXL Tommy Hilfiger Damen Geldb\u00f6rse Portemonnaies Poppy L Zip Blau AW0AW08364-0GY\" \/>\n<meta name=\"robots\" content=\"index, follow, max-snippet:-1, max-image-preview:large, max-video-preview:-1\" \/>\n<link rel=\"canonical\" href=\"https:\/\/marktxxl.de\/markt\/produkt\/tommy-hilfiger-poppy-large-zip-around-wallet-corporate\/\" \/>\n<meta property=\"og:locale\" content=\"de_DE\" \/>\n<meta property=\"og:type\" content=\"article\" \/>\n<meta property=\"og:title\" content=\"Tommy Hilfiger Damen Geldb\u00f6rse Portemonnaies Poppy L Zip Blau AW0AW08364-0GY - Markt-XXL\" \/>\n<meta property=\"og:description\" content=\"Markt-XXL Tommy Hilfiger Damen Geldb\u00f6rse Portemonnaies Poppy L Zip Blau AW0AW08364-0GY\" \/>\n<meta property=\"og:url\" content=\"https:\/\/marktxxl.de\/markt\/produkt\/tommy-hilfiger-poppy-large-zip-around-wallet-corporate\/\" \/>\n<meta property=\"og:site_name\" content=\"Markt-XXL\" \/>\n<meta property=\"article:modified_time\" content=\"2023-04-09T00:18:16+00:00\" \/>\n<meta property=\"og:image\" content=\"https:\/\/m.media-amazon.com\/images\/I\/41z8tYKxllL._SL500_.jpg\" \/>\n\t<meta property=\"og:image:width\" content=\"500\" \/>\n\t<meta property=\"og:image:height\" content=\"285\" \/>\n\t<meta property=\"og:image:type\" content=\"image\/jpeg\" \/>\n<meta name=\"twitter:card\" content=\"summary_large_image\" \/>\n<script type=\"application\/ld+json\" class=\"yoast-schema-graph\">{\"@context\":\"https:\\\/\\\/schema.org\",\"@graph\":[{\"@type\":\"WebPage\",\"@id\":\"https:\\\/\\\/marktxxl.de\\\/markt\\\/produkt\\\/tommy-hilfiger-poppy-large-zip-around-wallet-corporate\\\/\",\"url\":\"https:\\\/\\\/marktxxl.de\\\/markt\\\/produkt\\\/tommy-hilfiger-poppy-large-zip-around-wallet-corporate\\\/\",\"name\":\"Tommy Hilfiger Damen Geldb\u00f6rse Portemonnaies Poppy L Zip Blau AW0AW08364-0GY - Markt-XXL\",\"isPartOf\":{\"@id\":\"https:\\\/\\\/marktxxl.de\\\/markt\\\/#website\"},\"primaryImageOfPage\":{\"@id\":\"https:\\\/\\\/marktxxl.de\\\/markt\\\/produkt\\\/tommy-hilfiger-poppy-large-zip-around-wallet-corporate\\\/#primaryimage\"},\"image\":{\"@id\":\"https:\\\/\\\/marktxxl.de\\\/markt\\\/produkt\\\/tommy-hilfiger-poppy-large-zip-around-wallet-corporate\\\/#primaryimage\"},\"thumbnailUrl\":\"https:\\\/\\\/m.media-amazon.com\\\/images\\\/I\\\/41z8tYKxllL._SL500_.jpg\",\"datePublished\":\"2021-11-12T23:00:29+00:00\",\"dateModified\":\"2023-04-09T00:18:16+00:00\",\"description\":\"Markt-XXL Tommy Hilfiger Damen Geldb\u00f6rse Portemonnaies Poppy L Zip Blau AW0AW08364-0GY\",\"breadcrumb\":{\"@id\":\"https:\\\/\\\/marktxxl.de\\\/markt\\\/produkt\\\/tommy-hilfiger-poppy-large-zip-around-wallet-corporate\\\/#breadcrumb\"},\"inLanguage\":\"de\",\"potentialAction\":[{\"@type\":\"ReadAction\",\"target\":[\"https:\\\/\\\/marktxxl.de\\\/markt\\\/produkt\\\/tommy-hilfiger-poppy-large-zip-around-wallet-corporate\\\/\"]}]},{\"@type\":\"ImageObject\",\"inLanguage\":\"de\",\"@id\":\"https:\\\/\\\/marktxxl.de\\\/markt\\\/produkt\\\/tommy-hilfiger-poppy-large-zip-around-wallet-corporate\\\/#primaryimage\",\"url\":\"https:\\\/\\\/m.media-amazon.com\\\/images\\\/I\\\/41z8tYKxllL._SL500_.jpg\",\"contentUrl\":\"https:\\\/\\\/m.media-amazon.com\\\/images\\\/I\\\/41z8tYKxllL._SL500_.jpg\",\"width\":500,\"height\":285},{\"@type\":\"BreadcrumbList\",\"@id\":\"https:\\\/\\\/marktxxl.de\\\/markt\\\/produkt\\\/tommy-hilfiger-poppy-large-zip-around-wallet-corporate\\\/#breadcrumb\",\"itemListElement\":[{\"@type\":\"ListItem\",\"position\":1,\"name\":\"Startseite\",\"item\":\"https:\\\/\\\/marktxxl.de\\\/markt\\\/\"},{\"@type\":\"ListItem\",\"position\":2,\"name\":\"Markt\",\"item\":\"https:\\\/\\\/marktxxl.de\\\/markt\\\/\"},{\"@type\":\"ListItem\",\"position\":3,\"name\":\"Tommy Hilfiger Damen Geldb\u00f6rse Portemonnaies Poppy L Zip Blau AW0AW08364-0GY\"}]},{\"@type\":\"WebSite\",\"@id\":\"https:\\\/\\\/marktxxl.de\\\/markt\\\/#website\",\"url\":\"https:\\\/\\\/marktxxl.de\\\/markt\\\/\",\"name\":\"Markt-XXL\",\"description\":\"Ihr Markt Online\",\"publisher\":{\"@id\":\"https:\\\/\\\/marktxxl.de\\\/markt\\\/#organization\"},\"potentialAction\":[{\"@type\":\"SearchAction\",\"target\":{\"@type\":\"EntryPoint\",\"urlTemplate\":\"https:\\\/\\\/marktxxl.de\\\/markt\\\/?s={search_term_string}\"},\"query-input\":{\"@type\":\"PropertyValueSpecification\",\"valueRequired\":true,\"valueName\":\"search_term_string\"}}],\"inLanguage\":\"de\"},{\"@type\":\"Organization\",\"@id\":\"https:\\\/\\\/marktxxl.de\\\/markt\\\/#organization\",\"name\":\"Markt-XXL\",\"url\":\"https:\\\/\\\/marktxxl.de\\\/markt\\\/\",\"logo\":{\"@type\":\"ImageObject\",\"inLanguage\":\"de\",\"@id\":\"https:\\\/\\\/marktxxl.de\\\/markt\\\/#\\\/schema\\\/logo\\\/image\\\/\",\"url\":\"https:\\\/\\\/marktxxl.de\\\/markt\\\/wp-content\\\/uploads\\\/sites\\\/3\\\/2020\\\/12\\\/logo.png\",\"contentUrl\":\"https:\\\/\\\/marktxxl.de\\\/markt\\\/wp-content\\\/uploads\\\/sites\\\/3\\\/2020\\\/12\\\/logo.png\",\"width\":200,\"height\":70,\"caption\":\"Markt-XXL\"},\"image\":{\"@id\":\"https:\\\/\\\/marktxxl.de\\\/markt\\\/#\\\/schema\\\/logo\\\/image\\\/\"}}]}<\/script>\n<!-- \/ Yoast SEO plugin. -->","yoast_head_json":{"title":"Tommy Hilfiger Damen Geldb\u00f6rse Portemonnaies Poppy L Zip Blau AW0AW08364-0GY - Markt-XXL","description":"Markt-XXL Tommy Hilfiger Damen Geldb\u00f6rse Portemonnaies Poppy L Zip Blau AW0AW08364-0GY","robots":{"index":"index","follow":"follow","max-snippet":"max-snippet:-1","max-image-preview":"max-image-preview:large","max-video-preview":"max-video-preview:-1"},"canonical":"https:\/\/marktxxl.de\/markt\/produkt\/tommy-hilfiger-poppy-large-zip-around-wallet-corporate\/","og_locale":"de_DE","og_type":"article","og_title":"Tommy Hilfiger Damen Geldb\u00f6rse Portemonnaies Poppy L Zip Blau AW0AW08364-0GY - Markt-XXL","og_description":"Markt-XXL Tommy Hilfiger Damen Geldb\u00f6rse Portemonnaies Poppy L Zip Blau AW0AW08364-0GY","og_url":"https:\/\/marktxxl.de\/markt\/produkt\/tommy-hilfiger-poppy-large-zip-around-wallet-corporate\/","og_site_name":"Markt-XXL","article_modified_time":"2023-04-09T00:18:16+00:00","og_image":[{"width":500,"height":285,"url":"https:\/\/m.media-amazon.com\/images\/I\/41z8tYKxllL._SL500_.jpg","type":"image\/jpeg"}],"twitter_card":"summary_large_image","schema":{"@context":"https:\/\/schema.org","@graph":[{"@type":"WebPage","@id":"https:\/\/marktxxl.de\/markt\/produkt\/tommy-hilfiger-poppy-large-zip-around-wallet-corporate\/","url":"https:\/\/marktxxl.de\/markt\/produkt\/tommy-hilfiger-poppy-large-zip-around-wallet-corporate\/","name":"Tommy Hilfiger Damen Geldb\u00f6rse Portemonnaies Poppy L Zip Blau AW0AW08364-0GY - Markt-XXL","isPartOf":{"@id":"https:\/\/marktxxl.de\/markt\/#website"},"primaryImageOfPage":{"@id":"https:\/\/marktxxl.de\/markt\/produkt\/tommy-hilfiger-poppy-large-zip-around-wallet-corporate\/#primaryimage"},"image":{"@id":"https:\/\/marktxxl.de\/markt\/produkt\/tommy-hilfiger-poppy-large-zip-around-wallet-corporate\/#primaryimage"},"thumbnailUrl":"https:\/\/m.media-amazon.com\/images\/I\/41z8tYKxllL._SL500_.jpg","datePublished":"2021-11-12T23:00:29+00:00","dateModified":"2023-04-09T00:18:16+00:00","description":"Markt-XXL Tommy Hilfiger Damen Geldb\u00f6rse Portemonnaies Poppy L Zip Blau AW0AW08364-0GY","breadcrumb":{"@id":"https:\/\/marktxxl.de\/markt\/produkt\/tommy-hilfiger-poppy-large-zip-around-wallet-corporate\/#breadcrumb"},"inLanguage":"de","potentialAction":[{"@type":"ReadAction","target":["https:\/\/marktxxl.de\/markt\/produkt\/tommy-hilfiger-poppy-large-zip-around-wallet-corporate\/"]}]},{"@type":"ImageObject","inLanguage":"de","@id":"https:\/\/marktxxl.de\/markt\/produkt\/tommy-hilfiger-poppy-large-zip-around-wallet-corporate\/#primaryimage","url":"https:\/\/m.media-amazon.com\/images\/I\/41z8tYKxllL._SL500_.jpg","contentUrl":"https:\/\/m.media-amazon.com\/images\/I\/41z8tYKxllL._SL500_.jpg","width":500,"height":285},{"@type":"BreadcrumbList","@id":"https:\/\/marktxxl.de\/markt\/produkt\/tommy-hilfiger-poppy-large-zip-around-wallet-corporate\/#breadcrumb","itemListElement":[{"@type":"ListItem","position":1,"name":"Startseite","item":"https:\/\/marktxxl.de\/markt\/"},{"@type":"ListItem","position":2,"name":"Markt","item":"https:\/\/marktxxl.de\/markt\/"},{"@type":"ListItem","position":3,"name":"Tommy Hilfiger Damen Geldb\u00f6rse Portemonnaies Poppy L Zip Blau AW0AW08364-0GY"}]},{"@type":"WebSite","@id":"https:\/\/marktxxl.de\/markt\/#website","url":"https:\/\/marktxxl.de\/markt\/","name":"Markt-XXL","description":"Ihr Markt Online","publisher":{"@id":"https:\/\/marktxxl.de\/markt\/#organization"},"potentialAction":[{"@type":"SearchAction","target":{"@type":"EntryPoint","urlTemplate":"https:\/\/marktxxl.de\/markt\/?s={search_term_string}"},"query-input":{"@type":"PropertyValueSpecification","valueRequired":true,"valueName":"search_term_string"}}],"inLanguage":"de"},{"@type":"Organization","@id":"https:\/\/marktxxl.de\/markt\/#organization","name":"Markt-XXL","url":"https:\/\/marktxxl.de\/markt\/","logo":{"@type":"ImageObject","inLanguage":"de","@id":"https:\/\/marktxxl.de\/markt\/#\/schema\/logo\/image\/","url":"https:\/\/marktxxl.de\/markt\/wp-content\/uploads\/sites\/3\/2020\/12\/logo.png","contentUrl":"https:\/\/marktxxl.de\/markt\/wp-content\/uploads\/sites\/3\/2020\/12\/logo.png","width":200,"height":70,"caption":"Markt-XXL"},"image":{"@id":"https:\/\/marktxxl.de\/markt\/#\/schema\/logo\/image\/"}}]}},"_links":{"self":[{"href":"https:\/\/marktxxl.de\/markt\/wp-json\/wp\/v2\/product\/72572","targetHints":{"allow":["GET"]}}],"collection":[{"href":"https:\/\/marktxxl.de\/markt\/wp-json\/wp\/v2\/product"}],"about":[{"href":"https:\/\/marktxxl.de\/markt\/wp-json\/wp\/v2\/types\/product"}],"replies":[{"embeddable":true,"href":"https:\/\/marktxxl.de\/markt\/wp-json\/wp\/v2\/comments?post=72572"}],"wp:featuredmedia":[{"embeddable":true,"href":"https:\/\/marktxxl.de\/markt\/wp-json\/wp\/v2\/media\/72573"}],"wp:attachment":[{"href":"https:\/\/marktxxl.de\/markt\/wp-json\/wp\/v2\/media?parent=72572"}],"wp:term":[{"taxonomy":"product_brand","embeddable":true,"href":"https:\/\/marktxxl.de\/markt\/wp-json\/wp\/v2\/product_brand?post=72572"},{"taxonomy":"product_cat","embeddable":true,"href":"https:\/\/marktxxl.de\/markt\/wp-json\/wp\/v2\/product_cat?post=72572"},{"taxonomy":"product_tag","embeddable":true,"href":"https:\/\/marktxxl.de\/markt\/wp-json\/wp\/v2\/product_tag?post=72572"}],"curies":[{"name":"wp","href":"https:\/\/api.w.org\/{rel}","templated":true}]}}