{"id":72546,"date":"2021-11-12T23:57:48","date_gmt":"2021-11-12T22:57:48","guid":{"rendered":"https:\/\/marktxxl.de\/markt\/produkt\/spirit-of-76-herren-damen-hohe-retro-socken\/"},"modified":"2023-04-09T02:18:15","modified_gmt":"2023-04-09T00:18:15","slug":"spirit-of-76-herren-damen-hohe-retro-socken","status":"publish","type":"product","link":"https:\/\/marktxxl.de\/markt\/produkt\/spirit-of-76-herren-damen-hohe-retro-socken\/","title":{"rendered":"Spirit of 76 Herren &amp; Damen Hohe Retro Socken"},"content":{"rendered":"<p>? KLASSISCHE UNISEX STREIFEN SOCKEN: Unsere kniehohen Socks im sportlich getreiften Retro-Look kombinieren den kultigen Tennissocken Style mit feinsten Materialien und h\u00f6chster Performance. Die langen Kult Str\u00fcmpfe in 70er Jahre Skater Optik sind der ideale Begleiter f\u00fcr Dein Sport-, Streetwear und Freizeit-Outift.<br \/>\n? 100% MADE IN GERMANY: Dank eigener Produktion in deutschem Familienbetrieb garantieren wir faire &amp; transparente Arbeitsbedingungen und minimieren durch kurze Transportwege unseren CO2-Fu\u00dfabdruck.<br \/>\nSpirit of 76 legt gr\u00f6\u00dften Wert auf Nachhaltigkeit entlang der gesamten Wertsch\u00f6fpgunskette bis hin zu \u00d6ko-Tex 100 zertifizierten Garnen und umweltfreundlicher Verpackung aus Recyclingkarton.<br \/>\n? PREMIUM QUALIT\u00c4T &amp; FUNKTION: Die spezielle Passform mit vorgeformter Ferse und nahtloser, gekettelter Spitze garantiert erstklassigen Halt ohne Rutschen und Dr\u00fccken. Obendrein sorgen die gepolsterte Sohle und der perfekt abgestimmte Materialmix mit extra hohem Anteil feingek\u00e4mmter Baumwolle f\u00fcr optimalen Tragekomfort! Veredelt mit der original Spirit of 76 Logo Stickerei am Bund.<br \/>\nMaterial: 82% Baumwolle, 10% Polyamid, 8% Elasthan<br \/>\n? VERSCHIEDENE, &#8220;ECHTE&#8221; GR\u00d6\u00dfEN: Durch spezielle Gr\u00f6\u00dfen- und L\u00e4ngenanpassung garantieren unsere Socken einen idealen Sitz &#8211; Wir geben uns NICHT mit &#8220;one size fits all&#8221; zufrieden!<br \/>\nVerf\u00fcgbare Gr\u00f6\u00dfen: S(35-38) &#8211; M(39-42) &#8211; L(43-46)<br \/>\n<div class=\"main-cross-sell\" data-asin=\"B08YS39X3M\">\n\n\t<div class=\"WooZone-cross-sell-loader\">\n\t\t<div>\n\t\t\t<div id=\"floatingBarsG\">\n\t\t\t\t<div class=\"blockG\" id=\"rotateG_01\"><\/div>\n\t\t\t\t<div class=\"blockG\" id=\"rotateG_02\"><\/div>\n\t\t\t\t<div class=\"blockG\" id=\"rotateG_03\"><\/div>\n\t\t\t\t<div class=\"blockG\" id=\"rotateG_04\"><\/div>\n\t\t\t\t<div class=\"blockG\" id=\"rotateG_05\"><\/div>\n\t\t\t\t<div class=\"blockG\" id=\"rotateG_06\"><\/div>\n\t\t\t\t<div class=\"blockG\" id=\"rotateG_07\"><\/div>\n\t\t\t\t<div class=\"blockG\" id=\"rotateG_08\"><\/div>\n\t\t\t<\/div>\n\t\t\t<div class=\"WooZone-cross-sell-loader-text\"><\/div>\n\t\t<\/div>\n\t<\/div>\n\n\t\t\n<\/div>\n<div style=\"clear:both;\"><\/div><\/p>\n","protected":false},"excerpt":{"rendered":"<p>? KLASSISCHE UNISEX STREIFEN SOCKEN: Unsere kniehohen Socks im sportlich getreiften Retro-Look kombinieren den kultigen Tennissocken Style mit feinsten Materialien und h\u00f6chster Performance. Die langen Kult Str\u00fcmpfe in 70er Jahre Skater Optik sind der ideale Begleiter f\u00fcr Dein Sport-, Streetwear und Freizeit-Outift.<br \/>\n? 100% MADE IN GERMANY: Dank eigener Produktion in deutschem Familienbetrieb garantieren wir faire &amp; transparente Arbeitsbedingungen und minimieren durch kurze Transportwege unseren CO2-Fu\u00dfabdruck.<br \/>\nSpirit of 76 legt gr\u00f6\u00dften Wert auf Nachhaltigkeit entlang der gesamten Wertsch\u00f6fpgunskette bis hin zu \u00d6ko-Tex 100 zertifizierten Garnen und umweltfreundlicher Verpackung aus Recyclingkarton.<\/p>\n","protected":false},"featured_media":72547,"comment_status":"open","ping_status":"closed","template":"","meta":[],"product_brand":[],"product_cat":[1186,3920],"product_tag":[],"class_list":{"0":"post-72546","1":"product","2":"type-product","3":"status-publish","4":"has-post-thumbnail","6":"product_cat-bekleidung","7":"product_cat-damen","8":"pa_brand-spirit-of-76","10":"first","11":"instock","12":"shipping-taxable","13":"purchasable","14":"product-type-simple","15":"customify-col","16":"product-has-gallery"},"yoast_head":"<!-- This site is optimized with the Yoast SEO plugin v27.4 - https:\/\/yoast.com\/product\/yoast-seo-wordpress\/ -->\n<title>Spirit of 76 Herren &amp; Damen Hohe Retro Socken - Markt-XXL<\/title>\n<meta name=\"description\" content=\"Markt-XXL Spirit of 76 Herren &amp; Damen Hohe Retro Socken\" \/>\n<meta name=\"robots\" content=\"index, follow, max-snippet:-1, max-image-preview:large, max-video-preview:-1\" \/>\n<link rel=\"canonical\" href=\"https:\/\/marktxxl.de\/markt\/produkt\/spirit-of-76-herren-damen-hohe-retro-socken\/\" \/>\n<meta property=\"og:locale\" content=\"de_DE\" \/>\n<meta property=\"og:type\" content=\"article\" \/>\n<meta property=\"og:title\" content=\"Spirit of 76 Herren &amp; Damen Hohe Retro Socken - Markt-XXL\" \/>\n<meta property=\"og:description\" content=\"Markt-XXL Spirit of 76 Herren &amp; Damen Hohe Retro Socken\" \/>\n<meta property=\"og:url\" content=\"https:\/\/marktxxl.de\/markt\/produkt\/spirit-of-76-herren-damen-hohe-retro-socken\/\" \/>\n<meta property=\"og:site_name\" content=\"Markt-XXL\" \/>\n<meta property=\"article:modified_time\" content=\"2023-04-09T00:18:15+00:00\" \/>\n<meta property=\"og:image\" content=\"https:\/\/m.media-amazon.com\/images\/I\/3139jDCymIL._SL500_.jpg\" \/>\n\t<meta property=\"og:image:width\" content=\"500\" \/>\n\t<meta property=\"og:image:height\" content=\"500\" \/>\n\t<meta property=\"og:image:type\" content=\"image\/jpeg\" \/>\n<meta name=\"twitter:card\" content=\"summary_large_image\" \/>\n<meta name=\"twitter:label1\" content=\"Gesch\u00e4tzte Lesezeit\" \/>\n\t<meta name=\"twitter:data1\" content=\"1\u00a0Minute\" \/>\n<script type=\"application\/ld+json\" class=\"yoast-schema-graph\">{\"@context\":\"https:\\\/\\\/schema.org\",\"@graph\":[{\"@type\":\"WebPage\",\"@id\":\"https:\\\/\\\/marktxxl.de\\\/markt\\\/produkt\\\/spirit-of-76-herren-damen-hohe-retro-socken\\\/\",\"url\":\"https:\\\/\\\/marktxxl.de\\\/markt\\\/produkt\\\/spirit-of-76-herren-damen-hohe-retro-socken\\\/\",\"name\":\"Spirit of 76 Herren &amp; Damen Hohe Retro Socken - Markt-XXL\",\"isPartOf\":{\"@id\":\"https:\\\/\\\/marktxxl.de\\\/markt\\\/#website\"},\"primaryImageOfPage\":{\"@id\":\"https:\\\/\\\/marktxxl.de\\\/markt\\\/produkt\\\/spirit-of-76-herren-damen-hohe-retro-socken\\\/#primaryimage\"},\"image\":{\"@id\":\"https:\\\/\\\/marktxxl.de\\\/markt\\\/produkt\\\/spirit-of-76-herren-damen-hohe-retro-socken\\\/#primaryimage\"},\"thumbnailUrl\":\"https:\\\/\\\/m.media-amazon.com\\\/images\\\/I\\\/3139jDCymIL._SL500_.jpg\",\"datePublished\":\"2021-11-12T22:57:48+00:00\",\"dateModified\":\"2023-04-09T00:18:15+00:00\",\"description\":\"Markt-XXL Spirit of 76 Herren &amp; Damen Hohe Retro Socken\",\"breadcrumb\":{\"@id\":\"https:\\\/\\\/marktxxl.de\\\/markt\\\/produkt\\\/spirit-of-76-herren-damen-hohe-retro-socken\\\/#breadcrumb\"},\"inLanguage\":\"de\",\"potentialAction\":[{\"@type\":\"ReadAction\",\"target\":[\"https:\\\/\\\/marktxxl.de\\\/markt\\\/produkt\\\/spirit-of-76-herren-damen-hohe-retro-socken\\\/\"]}]},{\"@type\":\"ImageObject\",\"inLanguage\":\"de\",\"@id\":\"https:\\\/\\\/marktxxl.de\\\/markt\\\/produkt\\\/spirit-of-76-herren-damen-hohe-retro-socken\\\/#primaryimage\",\"url\":\"https:\\\/\\\/m.media-amazon.com\\\/images\\\/I\\\/3139jDCymIL._SL500_.jpg\",\"contentUrl\":\"https:\\\/\\\/m.media-amazon.com\\\/images\\\/I\\\/3139jDCymIL._SL500_.jpg\",\"width\":500,\"height\":500},{\"@type\":\"BreadcrumbList\",\"@id\":\"https:\\\/\\\/marktxxl.de\\\/markt\\\/produkt\\\/spirit-of-76-herren-damen-hohe-retro-socken\\\/#breadcrumb\",\"itemListElement\":[{\"@type\":\"ListItem\",\"position\":1,\"name\":\"Startseite\",\"item\":\"https:\\\/\\\/marktxxl.de\\\/markt\\\/\"},{\"@type\":\"ListItem\",\"position\":2,\"name\":\"Markt\",\"item\":\"https:\\\/\\\/marktxxl.de\\\/markt\\\/\"},{\"@type\":\"ListItem\",\"position\":3,\"name\":\"Spirit of 76 Herren &amp; Damen Hohe Retro Socken\"}]},{\"@type\":\"WebSite\",\"@id\":\"https:\\\/\\\/marktxxl.de\\\/markt\\\/#website\",\"url\":\"https:\\\/\\\/marktxxl.de\\\/markt\\\/\",\"name\":\"Markt-XXL\",\"description\":\"Ihr Markt Online\",\"publisher\":{\"@id\":\"https:\\\/\\\/marktxxl.de\\\/markt\\\/#organization\"},\"potentialAction\":[{\"@type\":\"SearchAction\",\"target\":{\"@type\":\"EntryPoint\",\"urlTemplate\":\"https:\\\/\\\/marktxxl.de\\\/markt\\\/?s={search_term_string}\"},\"query-input\":{\"@type\":\"PropertyValueSpecification\",\"valueRequired\":true,\"valueName\":\"search_term_string\"}}],\"inLanguage\":\"de\"},{\"@type\":\"Organization\",\"@id\":\"https:\\\/\\\/marktxxl.de\\\/markt\\\/#organization\",\"name\":\"Markt-XXL\",\"url\":\"https:\\\/\\\/marktxxl.de\\\/markt\\\/\",\"logo\":{\"@type\":\"ImageObject\",\"inLanguage\":\"de\",\"@id\":\"https:\\\/\\\/marktxxl.de\\\/markt\\\/#\\\/schema\\\/logo\\\/image\\\/\",\"url\":\"https:\\\/\\\/marktxxl.de\\\/markt\\\/wp-content\\\/uploads\\\/sites\\\/3\\\/2020\\\/12\\\/logo.png\",\"contentUrl\":\"https:\\\/\\\/marktxxl.de\\\/markt\\\/wp-content\\\/uploads\\\/sites\\\/3\\\/2020\\\/12\\\/logo.png\",\"width\":200,\"height\":70,\"caption\":\"Markt-XXL\"},\"image\":{\"@id\":\"https:\\\/\\\/marktxxl.de\\\/markt\\\/#\\\/schema\\\/logo\\\/image\\\/\"}}]}<\/script>\n<!-- \/ Yoast SEO plugin. -->","yoast_head_json":{"title":"Spirit of 76 Herren &amp; Damen Hohe Retro Socken - Markt-XXL","description":"Markt-XXL Spirit of 76 Herren &amp; Damen Hohe Retro Socken","robots":{"index":"index","follow":"follow","max-snippet":"max-snippet:-1","max-image-preview":"max-image-preview:large","max-video-preview":"max-video-preview:-1"},"canonical":"https:\/\/marktxxl.de\/markt\/produkt\/spirit-of-76-herren-damen-hohe-retro-socken\/","og_locale":"de_DE","og_type":"article","og_title":"Spirit of 76 Herren &amp; Damen Hohe Retro Socken - Markt-XXL","og_description":"Markt-XXL Spirit of 76 Herren &amp; Damen Hohe Retro Socken","og_url":"https:\/\/marktxxl.de\/markt\/produkt\/spirit-of-76-herren-damen-hohe-retro-socken\/","og_site_name":"Markt-XXL","article_modified_time":"2023-04-09T00:18:15+00:00","og_image":[{"width":500,"height":500,"url":"https:\/\/m.media-amazon.com\/images\/I\/3139jDCymIL._SL500_.jpg","type":"image\/jpeg"}],"twitter_card":"summary_large_image","twitter_misc":{"Gesch\u00e4tzte Lesezeit":"1\u00a0Minute"},"schema":{"@context":"https:\/\/schema.org","@graph":[{"@type":"WebPage","@id":"https:\/\/marktxxl.de\/markt\/produkt\/spirit-of-76-herren-damen-hohe-retro-socken\/","url":"https:\/\/marktxxl.de\/markt\/produkt\/spirit-of-76-herren-damen-hohe-retro-socken\/","name":"Spirit of 76 Herren &amp; Damen Hohe Retro Socken - Markt-XXL","isPartOf":{"@id":"https:\/\/marktxxl.de\/markt\/#website"},"primaryImageOfPage":{"@id":"https:\/\/marktxxl.de\/markt\/produkt\/spirit-of-76-herren-damen-hohe-retro-socken\/#primaryimage"},"image":{"@id":"https:\/\/marktxxl.de\/markt\/produkt\/spirit-of-76-herren-damen-hohe-retro-socken\/#primaryimage"},"thumbnailUrl":"https:\/\/m.media-amazon.com\/images\/I\/3139jDCymIL._SL500_.jpg","datePublished":"2021-11-12T22:57:48+00:00","dateModified":"2023-04-09T00:18:15+00:00","description":"Markt-XXL Spirit of 76 Herren &amp; Damen Hohe Retro Socken","breadcrumb":{"@id":"https:\/\/marktxxl.de\/markt\/produkt\/spirit-of-76-herren-damen-hohe-retro-socken\/#breadcrumb"},"inLanguage":"de","potentialAction":[{"@type":"ReadAction","target":["https:\/\/marktxxl.de\/markt\/produkt\/spirit-of-76-herren-damen-hohe-retro-socken\/"]}]},{"@type":"ImageObject","inLanguage":"de","@id":"https:\/\/marktxxl.de\/markt\/produkt\/spirit-of-76-herren-damen-hohe-retro-socken\/#primaryimage","url":"https:\/\/m.media-amazon.com\/images\/I\/3139jDCymIL._SL500_.jpg","contentUrl":"https:\/\/m.media-amazon.com\/images\/I\/3139jDCymIL._SL500_.jpg","width":500,"height":500},{"@type":"BreadcrumbList","@id":"https:\/\/marktxxl.de\/markt\/produkt\/spirit-of-76-herren-damen-hohe-retro-socken\/#breadcrumb","itemListElement":[{"@type":"ListItem","position":1,"name":"Startseite","item":"https:\/\/marktxxl.de\/markt\/"},{"@type":"ListItem","position":2,"name":"Markt","item":"https:\/\/marktxxl.de\/markt\/"},{"@type":"ListItem","position":3,"name":"Spirit of 76 Herren &amp; Damen Hohe Retro Socken"}]},{"@type":"WebSite","@id":"https:\/\/marktxxl.de\/markt\/#website","url":"https:\/\/marktxxl.de\/markt\/","name":"Markt-XXL","description":"Ihr Markt Online","publisher":{"@id":"https:\/\/marktxxl.de\/markt\/#organization"},"potentialAction":[{"@type":"SearchAction","target":{"@type":"EntryPoint","urlTemplate":"https:\/\/marktxxl.de\/markt\/?s={search_term_string}"},"query-input":{"@type":"PropertyValueSpecification","valueRequired":true,"valueName":"search_term_string"}}],"inLanguage":"de"},{"@type":"Organization","@id":"https:\/\/marktxxl.de\/markt\/#organization","name":"Markt-XXL","url":"https:\/\/marktxxl.de\/markt\/","logo":{"@type":"ImageObject","inLanguage":"de","@id":"https:\/\/marktxxl.de\/markt\/#\/schema\/logo\/image\/","url":"https:\/\/marktxxl.de\/markt\/wp-content\/uploads\/sites\/3\/2020\/12\/logo.png","contentUrl":"https:\/\/marktxxl.de\/markt\/wp-content\/uploads\/sites\/3\/2020\/12\/logo.png","width":200,"height":70,"caption":"Markt-XXL"},"image":{"@id":"https:\/\/marktxxl.de\/markt\/#\/schema\/logo\/image\/"}}]}},"_links":{"self":[{"href":"https:\/\/marktxxl.de\/markt\/wp-json\/wp\/v2\/product\/72546","targetHints":{"allow":["GET"]}}],"collection":[{"href":"https:\/\/marktxxl.de\/markt\/wp-json\/wp\/v2\/product"}],"about":[{"href":"https:\/\/marktxxl.de\/markt\/wp-json\/wp\/v2\/types\/product"}],"replies":[{"embeddable":true,"href":"https:\/\/marktxxl.de\/markt\/wp-json\/wp\/v2\/comments?post=72546"}],"wp:featuredmedia":[{"embeddable":true,"href":"https:\/\/marktxxl.de\/markt\/wp-json\/wp\/v2\/media\/72547"}],"wp:attachment":[{"href":"https:\/\/marktxxl.de\/markt\/wp-json\/wp\/v2\/media?parent=72546"}],"wp:term":[{"taxonomy":"product_brand","embeddable":true,"href":"https:\/\/marktxxl.de\/markt\/wp-json\/wp\/v2\/product_brand?post=72546"},{"taxonomy":"product_cat","embeddable":true,"href":"https:\/\/marktxxl.de\/markt\/wp-json\/wp\/v2\/product_cat?post=72546"},{"taxonomy":"product_tag","embeddable":true,"href":"https:\/\/marktxxl.de\/markt\/wp-json\/wp\/v2\/product_tag?post=72546"}],"curies":[{"name":"wp","href":"https:\/\/api.w.org\/{rel}","templated":true}]}}