{"id":72506,"date":"2021-11-12T23:57:25","date_gmt":"2021-11-12T22:57:25","guid":{"rendered":"https:\/\/marktxxl.de\/markt\/produkt\/segrila-damen-sport-bh-set-ohne-buegel-yoga-bustier-gepolsterter\/"},"modified":"2023-04-11T02:45:26","modified_gmt":"2023-04-11T00:45:26","slug":"segrila-damen-sport-bh-set-ohne-buegel-yoga-bustier-gepolsterter","status":"publish","type":"product","link":"https:\/\/marktxxl.de\/markt\/produkt\/segrila-damen-sport-bh-set-ohne-buegel-yoga-bustier-gepolsterter\/","title":{"rendered":"SEGRILA Damen Sport BH Set Ohne B\u00fcgel Yoga Bustier Gepolsterter"},"content":{"rendered":"<p>Gr\u00f6\u00dfe: Bitte \u00fcberpr\u00fcfen Sie vor dem Kauf unsere Gr\u00f6\u00dfentabelle als Referenz. Wenn Sie keine Ahnung haben, welche Gr\u00f6\u00dfe Sie w\u00e4hlen sollen, teilen Sie uns bitte Ihre Gr\u00f6\u00dfeninformationen mit. Wir helfen Ihnen dabei.<br \/>\nMaterial\uff1aSport BH ist aus 60% Nylon, 34% Polyester 6% Elasthan, weich, atmungsaktiv, durch das eintigartige Material wird der Schwei\u00df vom K\u00f6rper weg transportiert und trocknet sehr schnell.<br \/>\nNahtloses Design: Mit nathlosem Design schmiegt sich dieser Sport-BH perfekt und bequem um Ihren K\u00f6per. Ringerr\u00fccken Design sieht sch\u00f6n und bietet eine mittlere St\u00fctzfunktion und sicheren Halt; Abnehmbare BH-Pads &#8211; Das Innere der Tasse hat eine kleine \u00d6ffnung, die ein abnehmbares Pad enth\u00e4lt. Abnehmbare Pads sind einfach zu installieren und herauszunehmen.<br \/>\nAnl\u00e4sse:B\u00fcgelloser Sport BH eignet sich sehr gut f\u00fcr wie Wandern, Joggen, Laufen, Reiten, Fitness usw. Es ist auch eine gute Wahl f\u00fcr den t\u00e4glichen Gebrauch.<br \/>\nPflegehinweis: Es wird empfohlen, von Hand zu waschen mit Wassertemperatur bis 40 Grad, da die Waschmaschine die Lebensdauer des Sport-BHs beeintr\u00e4chtigt. Vor der W\u00e4sche nehmen Sie die Einlagen aus. Lassen Sie ihn nat\u00fcrlich trocknen. Die Qualit\u00e4t wird noch so gut nach mehrmaligem Waschen (wird es nicht verformt und nicht verf\u00e4rben ).<br \/>\n<div class=\"main-cross-sell\" data-asin=\"B09FLMBLMS\">\n\n\t<div class=\"WooZone-cross-sell-loader\">\n\t\t<div>\n\t\t\t<div id=\"floatingBarsG\">\n\t\t\t\t<div class=\"blockG\" id=\"rotateG_01\"><\/div>\n\t\t\t\t<div class=\"blockG\" id=\"rotateG_02\"><\/div>\n\t\t\t\t<div class=\"blockG\" id=\"rotateG_03\"><\/div>\n\t\t\t\t<div class=\"blockG\" id=\"rotateG_04\"><\/div>\n\t\t\t\t<div class=\"blockG\" id=\"rotateG_05\"><\/div>\n\t\t\t\t<div class=\"blockG\" id=\"rotateG_06\"><\/div>\n\t\t\t\t<div class=\"blockG\" id=\"rotateG_07\"><\/div>\n\t\t\t\t<div class=\"blockG\" id=\"rotateG_08\"><\/div>\n\t\t\t<\/div>\n\t\t\t<div class=\"WooZone-cross-sell-loader-text\"><\/div>\n\t\t<\/div>\n\t<\/div>\n\n\t\t\n<\/div>\n<div style=\"clear:both;\"><\/div><\/p>\n","protected":false},"excerpt":{"rendered":"<p>Gr\u00f6\u00dfe: Bitte \u00fcberpr\u00fcfen Sie vor dem Kauf unsere Gr\u00f6\u00dfentabelle als Referenz. Wenn Sie keine Ahnung haben, welche Gr\u00f6\u00dfe Sie w\u00e4hlen sollen, teilen Sie uns bitte Ihre Gr\u00f6\u00dfeninformationen mit. Wir helfen Ihnen dabei.<br \/>\nMaterial\uff1aSport BH ist aus 60% Nylon, 34% Polyester 6% Elasthan, weich, atmungsaktiv, durch das eintigartige Material wird der Schwei\u00df vom K\u00f6rper weg transportiert und trocknet sehr schnell.<br \/>\nNahtloses Design: Mit nathlosem Design schmiegt sich dieser Sport-BH perfekt und bequem um Ihren K\u00f6per. Ringerr\u00fccken Design sieht sch\u00f6n und bietet eine mittlere St\u00fctzfunktion und sicheren Halt; Abnehmbare BH-Pads &#8211; Das Innere der Tasse hat eine kleine \u00d6ffnung, die ein abnehmbares Pad enth\u00e4lt. Abnehmbare Pads sind einfach zu installieren und herauszunehmen.<\/p>\n","protected":false},"featured_media":72507,"comment_status":"open","ping_status":"closed","template":"","meta":[],"product_brand":[],"product_cat":[1186,3920],"product_tag":[],"class_list":{"0":"post-72506","1":"product","2":"type-product","3":"status-publish","4":"has-post-thumbnail","6":"product_cat-bekleidung","7":"product_cat-damen","8":"pa_binding-textilien","9":"pa_brand-segrila","11":"first","12":"instock","13":"shipping-taxable","14":"purchasable","15":"product-type-simple","16":"customify-col","17":"product-has-gallery"},"yoast_head":"<!-- This site is optimized with the Yoast SEO plugin v27.4 - https:\/\/yoast.com\/product\/yoast-seo-wordpress\/ -->\n<title>SEGRILA Damen Sport BH Set Ohne B\u00fcgel Yoga Bustier Gepolsterter - Markt-XXL<\/title>\n<meta name=\"description\" content=\"Markt-XXL SEGRILA Damen Sport BH Set Ohne B\u00fcgel Yoga Bustier Gepolsterter\" \/>\n<meta name=\"robots\" content=\"index, follow, max-snippet:-1, max-image-preview:large, max-video-preview:-1\" \/>\n<link rel=\"canonical\" href=\"https:\/\/marktxxl.de\/markt\/produkt\/segrila-damen-sport-bh-set-ohne-buegel-yoga-bustier-gepolsterter\/\" \/>\n<meta property=\"og:locale\" content=\"de_DE\" \/>\n<meta property=\"og:type\" content=\"article\" \/>\n<meta property=\"og:title\" content=\"SEGRILA Damen Sport BH Set Ohne B\u00fcgel Yoga Bustier Gepolsterter - Markt-XXL\" \/>\n<meta property=\"og:description\" content=\"Markt-XXL SEGRILA Damen Sport BH Set Ohne B\u00fcgel Yoga Bustier Gepolsterter\" \/>\n<meta property=\"og:url\" content=\"https:\/\/marktxxl.de\/markt\/produkt\/segrila-damen-sport-bh-set-ohne-buegel-yoga-bustier-gepolsterter\/\" \/>\n<meta property=\"og:site_name\" content=\"Markt-XXL\" \/>\n<meta property=\"article:modified_time\" content=\"2023-04-11T00:45:26+00:00\" \/>\n<meta property=\"og:image\" content=\"https:\/\/m.media-amazon.com\/images\/I\/31aLD6mk7+L._SL500_.jpg\" \/>\n\t<meta property=\"og:image:width\" content=\"500\" \/>\n\t<meta property=\"og:image:height\" content=\"500\" \/>\n\t<meta property=\"og:image:type\" content=\"image\/jpeg\" \/>\n<meta name=\"twitter:card\" content=\"summary_large_image\" \/>\n<meta name=\"twitter:label1\" content=\"Gesch\u00e4tzte Lesezeit\" \/>\n\t<meta name=\"twitter:data1\" content=\"1\u00a0Minute\" \/>\n<script type=\"application\/ld+json\" class=\"yoast-schema-graph\">{\"@context\":\"https:\\\/\\\/schema.org\",\"@graph\":[{\"@type\":\"WebPage\",\"@id\":\"https:\\\/\\\/marktxxl.de\\\/markt\\\/produkt\\\/segrila-damen-sport-bh-set-ohne-buegel-yoga-bustier-gepolsterter\\\/\",\"url\":\"https:\\\/\\\/marktxxl.de\\\/markt\\\/produkt\\\/segrila-damen-sport-bh-set-ohne-buegel-yoga-bustier-gepolsterter\\\/\",\"name\":\"SEGRILA Damen Sport BH Set Ohne B\u00fcgel Yoga Bustier Gepolsterter - Markt-XXL\",\"isPartOf\":{\"@id\":\"https:\\\/\\\/marktxxl.de\\\/markt\\\/#website\"},\"primaryImageOfPage\":{\"@id\":\"https:\\\/\\\/marktxxl.de\\\/markt\\\/produkt\\\/segrila-damen-sport-bh-set-ohne-buegel-yoga-bustier-gepolsterter\\\/#primaryimage\"},\"image\":{\"@id\":\"https:\\\/\\\/marktxxl.de\\\/markt\\\/produkt\\\/segrila-damen-sport-bh-set-ohne-buegel-yoga-bustier-gepolsterter\\\/#primaryimage\"},\"thumbnailUrl\":\"https:\\\/\\\/m.media-amazon.com\\\/images\\\/I\\\/31aLD6mk7+L._SL500_.jpg\",\"datePublished\":\"2021-11-12T22:57:25+00:00\",\"dateModified\":\"2023-04-11T00:45:26+00:00\",\"description\":\"Markt-XXL SEGRILA Damen Sport BH Set Ohne B\u00fcgel Yoga Bustier Gepolsterter\",\"breadcrumb\":{\"@id\":\"https:\\\/\\\/marktxxl.de\\\/markt\\\/produkt\\\/segrila-damen-sport-bh-set-ohne-buegel-yoga-bustier-gepolsterter\\\/#breadcrumb\"},\"inLanguage\":\"de\",\"potentialAction\":[{\"@type\":\"ReadAction\",\"target\":[\"https:\\\/\\\/marktxxl.de\\\/markt\\\/produkt\\\/segrila-damen-sport-bh-set-ohne-buegel-yoga-bustier-gepolsterter\\\/\"]}]},{\"@type\":\"ImageObject\",\"inLanguage\":\"de\",\"@id\":\"https:\\\/\\\/marktxxl.de\\\/markt\\\/produkt\\\/segrila-damen-sport-bh-set-ohne-buegel-yoga-bustier-gepolsterter\\\/#primaryimage\",\"url\":\"https:\\\/\\\/m.media-amazon.com\\\/images\\\/I\\\/31aLD6mk7+L._SL500_.jpg\",\"contentUrl\":\"https:\\\/\\\/m.media-amazon.com\\\/images\\\/I\\\/31aLD6mk7+L._SL500_.jpg\",\"width\":500,\"height\":500},{\"@type\":\"BreadcrumbList\",\"@id\":\"https:\\\/\\\/marktxxl.de\\\/markt\\\/produkt\\\/segrila-damen-sport-bh-set-ohne-buegel-yoga-bustier-gepolsterter\\\/#breadcrumb\",\"itemListElement\":[{\"@type\":\"ListItem\",\"position\":1,\"name\":\"Startseite\",\"item\":\"https:\\\/\\\/marktxxl.de\\\/markt\\\/\"},{\"@type\":\"ListItem\",\"position\":2,\"name\":\"Markt\",\"item\":\"https:\\\/\\\/marktxxl.de\\\/markt\\\/\"},{\"@type\":\"ListItem\",\"position\":3,\"name\":\"SEGRILA Damen Sport BH Set Ohne B\u00fcgel Yoga Bustier Gepolsterter\"}]},{\"@type\":\"WebSite\",\"@id\":\"https:\\\/\\\/marktxxl.de\\\/markt\\\/#website\",\"url\":\"https:\\\/\\\/marktxxl.de\\\/markt\\\/\",\"name\":\"Markt-XXL\",\"description\":\"Ihr Markt Online\",\"publisher\":{\"@id\":\"https:\\\/\\\/marktxxl.de\\\/markt\\\/#organization\"},\"potentialAction\":[{\"@type\":\"SearchAction\",\"target\":{\"@type\":\"EntryPoint\",\"urlTemplate\":\"https:\\\/\\\/marktxxl.de\\\/markt\\\/?s={search_term_string}\"},\"query-input\":{\"@type\":\"PropertyValueSpecification\",\"valueRequired\":true,\"valueName\":\"search_term_string\"}}],\"inLanguage\":\"de\"},{\"@type\":\"Organization\",\"@id\":\"https:\\\/\\\/marktxxl.de\\\/markt\\\/#organization\",\"name\":\"Markt-XXL\",\"url\":\"https:\\\/\\\/marktxxl.de\\\/markt\\\/\",\"logo\":{\"@type\":\"ImageObject\",\"inLanguage\":\"de\",\"@id\":\"https:\\\/\\\/marktxxl.de\\\/markt\\\/#\\\/schema\\\/logo\\\/image\\\/\",\"url\":\"https:\\\/\\\/marktxxl.de\\\/markt\\\/wp-content\\\/uploads\\\/sites\\\/3\\\/2020\\\/12\\\/logo.png\",\"contentUrl\":\"https:\\\/\\\/marktxxl.de\\\/markt\\\/wp-content\\\/uploads\\\/sites\\\/3\\\/2020\\\/12\\\/logo.png\",\"width\":200,\"height\":70,\"caption\":\"Markt-XXL\"},\"image\":{\"@id\":\"https:\\\/\\\/marktxxl.de\\\/markt\\\/#\\\/schema\\\/logo\\\/image\\\/\"}}]}<\/script>\n<!-- \/ Yoast SEO plugin. -->","yoast_head_json":{"title":"SEGRILA Damen Sport BH Set Ohne B\u00fcgel Yoga Bustier Gepolsterter - Markt-XXL","description":"Markt-XXL SEGRILA Damen Sport BH Set Ohne B\u00fcgel Yoga Bustier Gepolsterter","robots":{"index":"index","follow":"follow","max-snippet":"max-snippet:-1","max-image-preview":"max-image-preview:large","max-video-preview":"max-video-preview:-1"},"canonical":"https:\/\/marktxxl.de\/markt\/produkt\/segrila-damen-sport-bh-set-ohne-buegel-yoga-bustier-gepolsterter\/","og_locale":"de_DE","og_type":"article","og_title":"SEGRILA Damen Sport BH Set Ohne B\u00fcgel Yoga Bustier Gepolsterter - Markt-XXL","og_description":"Markt-XXL SEGRILA Damen Sport BH Set Ohne B\u00fcgel Yoga Bustier Gepolsterter","og_url":"https:\/\/marktxxl.de\/markt\/produkt\/segrila-damen-sport-bh-set-ohne-buegel-yoga-bustier-gepolsterter\/","og_site_name":"Markt-XXL","article_modified_time":"2023-04-11T00:45:26+00:00","og_image":[{"width":500,"height":500,"url":"https:\/\/m.media-amazon.com\/images\/I\/31aLD6mk7+L._SL500_.jpg","type":"image\/jpeg"}],"twitter_card":"summary_large_image","twitter_misc":{"Gesch\u00e4tzte Lesezeit":"1\u00a0Minute"},"schema":{"@context":"https:\/\/schema.org","@graph":[{"@type":"WebPage","@id":"https:\/\/marktxxl.de\/markt\/produkt\/segrila-damen-sport-bh-set-ohne-buegel-yoga-bustier-gepolsterter\/","url":"https:\/\/marktxxl.de\/markt\/produkt\/segrila-damen-sport-bh-set-ohne-buegel-yoga-bustier-gepolsterter\/","name":"SEGRILA Damen Sport BH Set Ohne B\u00fcgel Yoga Bustier Gepolsterter - Markt-XXL","isPartOf":{"@id":"https:\/\/marktxxl.de\/markt\/#website"},"primaryImageOfPage":{"@id":"https:\/\/marktxxl.de\/markt\/produkt\/segrila-damen-sport-bh-set-ohne-buegel-yoga-bustier-gepolsterter\/#primaryimage"},"image":{"@id":"https:\/\/marktxxl.de\/markt\/produkt\/segrila-damen-sport-bh-set-ohne-buegel-yoga-bustier-gepolsterter\/#primaryimage"},"thumbnailUrl":"https:\/\/m.media-amazon.com\/images\/I\/31aLD6mk7+L._SL500_.jpg","datePublished":"2021-11-12T22:57:25+00:00","dateModified":"2023-04-11T00:45:26+00:00","description":"Markt-XXL SEGRILA Damen Sport BH Set Ohne B\u00fcgel Yoga Bustier Gepolsterter","breadcrumb":{"@id":"https:\/\/marktxxl.de\/markt\/produkt\/segrila-damen-sport-bh-set-ohne-buegel-yoga-bustier-gepolsterter\/#breadcrumb"},"inLanguage":"de","potentialAction":[{"@type":"ReadAction","target":["https:\/\/marktxxl.de\/markt\/produkt\/segrila-damen-sport-bh-set-ohne-buegel-yoga-bustier-gepolsterter\/"]}]},{"@type":"ImageObject","inLanguage":"de","@id":"https:\/\/marktxxl.de\/markt\/produkt\/segrila-damen-sport-bh-set-ohne-buegel-yoga-bustier-gepolsterter\/#primaryimage","url":"https:\/\/m.media-amazon.com\/images\/I\/31aLD6mk7+L._SL500_.jpg","contentUrl":"https:\/\/m.media-amazon.com\/images\/I\/31aLD6mk7+L._SL500_.jpg","width":500,"height":500},{"@type":"BreadcrumbList","@id":"https:\/\/marktxxl.de\/markt\/produkt\/segrila-damen-sport-bh-set-ohne-buegel-yoga-bustier-gepolsterter\/#breadcrumb","itemListElement":[{"@type":"ListItem","position":1,"name":"Startseite","item":"https:\/\/marktxxl.de\/markt\/"},{"@type":"ListItem","position":2,"name":"Markt","item":"https:\/\/marktxxl.de\/markt\/"},{"@type":"ListItem","position":3,"name":"SEGRILA Damen Sport BH Set Ohne B\u00fcgel Yoga Bustier Gepolsterter"}]},{"@type":"WebSite","@id":"https:\/\/marktxxl.de\/markt\/#website","url":"https:\/\/marktxxl.de\/markt\/","name":"Markt-XXL","description":"Ihr Markt Online","publisher":{"@id":"https:\/\/marktxxl.de\/markt\/#organization"},"potentialAction":[{"@type":"SearchAction","target":{"@type":"EntryPoint","urlTemplate":"https:\/\/marktxxl.de\/markt\/?s={search_term_string}"},"query-input":{"@type":"PropertyValueSpecification","valueRequired":true,"valueName":"search_term_string"}}],"inLanguage":"de"},{"@type":"Organization","@id":"https:\/\/marktxxl.de\/markt\/#organization","name":"Markt-XXL","url":"https:\/\/marktxxl.de\/markt\/","logo":{"@type":"ImageObject","inLanguage":"de","@id":"https:\/\/marktxxl.de\/markt\/#\/schema\/logo\/image\/","url":"https:\/\/marktxxl.de\/markt\/wp-content\/uploads\/sites\/3\/2020\/12\/logo.png","contentUrl":"https:\/\/marktxxl.de\/markt\/wp-content\/uploads\/sites\/3\/2020\/12\/logo.png","width":200,"height":70,"caption":"Markt-XXL"},"image":{"@id":"https:\/\/marktxxl.de\/markt\/#\/schema\/logo\/image\/"}}]}},"_links":{"self":[{"href":"https:\/\/marktxxl.de\/markt\/wp-json\/wp\/v2\/product\/72506","targetHints":{"allow":["GET"]}}],"collection":[{"href":"https:\/\/marktxxl.de\/markt\/wp-json\/wp\/v2\/product"}],"about":[{"href":"https:\/\/marktxxl.de\/markt\/wp-json\/wp\/v2\/types\/product"}],"replies":[{"embeddable":true,"href":"https:\/\/marktxxl.de\/markt\/wp-json\/wp\/v2\/comments?post=72506"}],"wp:featuredmedia":[{"embeddable":true,"href":"https:\/\/marktxxl.de\/markt\/wp-json\/wp\/v2\/media\/72507"}],"wp:attachment":[{"href":"https:\/\/marktxxl.de\/markt\/wp-json\/wp\/v2\/media?parent=72506"}],"wp:term":[{"taxonomy":"product_brand","embeddable":true,"href":"https:\/\/marktxxl.de\/markt\/wp-json\/wp\/v2\/product_brand?post=72506"},{"taxonomy":"product_cat","embeddable":true,"href":"https:\/\/marktxxl.de\/markt\/wp-json\/wp\/v2\/product_cat?post=72506"},{"taxonomy":"product_tag","embeddable":true,"href":"https:\/\/marktxxl.de\/markt\/wp-json\/wp\/v2\/product_tag?post=72506"}],"curies":[{"name":"wp","href":"https:\/\/api.w.org\/{rel}","templated":true}]}}