{"id":72380,"date":"2021-11-12T23:51:24","date_gmt":"2021-11-12T22:51:24","guid":{"rendered":"https:\/\/marktxxl.de\/markt\/produkt\/make-up-pinsel-fily-duaiu-pinselset-makeup-schminkpinsel-set-synthetische-rouge-contour-foundation-concealer-lidschatten-pinsel-mit-make-up-schwamm-und-reiniger-pinsel-ei\/"},"modified":"2023-04-11T02:45:24","modified_gmt":"2023-04-11T00:45:24","slug":"make-up-pinsel-fily-duaiu-pinselset-makeup-schminkpinsel-set-synthetische-rouge-contour-foundation-concealer-lidschatten-pinsel-mit-make-up-schwamm-und-reiniger-pinsel-ei","status":"publish","type":"product","link":"https:\/\/marktxxl.de\/markt\/produkt\/make-up-pinsel-fily-duaiu-pinselset-makeup-schminkpinsel-set-synthetische-rouge-contour-foundation-concealer-lidschatten-pinsel-mit-make-up-schwamm-und-reiniger-pinsel-ei\/","title":{"rendered":"DUAIU Make-up-Pinsel-Set, 15-teilig, Kristall-Make-up-Pinsel-Set, Lidschatten, Augenbrauen, Grundierung, Mischpuder\u2026"},"content":{"rendered":"<p>\u261b \u301015PCs Pinselset Makeup\u3011 Professionelles, perfektes Make up Pinsel Set enth\u00e4lt Puderpinsel, Grundierungspinsel, Rougepinsel, Konturpinsel, Concealer-Pinsel, Augenpinsel und Augenbrauenpinsel. Komplett mit 4 Farben Make up Schwammpuff und Pinselreiniger Ei. Kreieren Sie makelloses Make up f\u00fcr Anf\u00e4nger und professionelle Make up Liebhaber.<br \/>\n\u261b \u3010Make up Schwamm und B\u00fcrstenei\u3011 4 Farben Make up Schwamm, zwei Verwendungsm\u00f6glichkeiten, nass f\u00fcr fl\u00fcssige Grundierung, BB- oder CC-Creme und andere fl\u00fcssige Kosmetika; trocken f\u00fcr Puder, Konturpuder und Rouge usw. Ein B\u00fcrstenei erm\u00f6glicht Ihnen eine einfache und schnelle Reinigung Ihrer Make-up-Pinsel.<br \/>\n\u261b \u3010Grausamkeitsfreie Make up Pinsel Set\u3011 Professionelles make-up pinsel &amp; zubeh\u00f6r, hohe Weichheit, aus grausamkeitsfreien Kunstfasern, superweiche und hochdicke B\u00fcrstenborsten mit hypoallergener, sanfter bis empfindlicher Haut sch\u00fctzen Ihre empfindliche Haut.<br \/>\n\u261b \u3010Sekund\u00e4res Upgrade\u3011 Laut Kundenfeedback, das von Branchenexperten entworfen und hergestellt wurde, wird die Gr\u00f6\u00dfe des B\u00fcrstengriffs je nach Gr\u00f6\u00dfe der Handfl\u00e4che in drei verschiedenen Gr\u00f6\u00dfen festgelegt. Dies ist bequem zu erfassen und zu steuern und bietet Ihnen mehr Komfort Make-up-Tools.<br \/>\n\u261b \u3010Idee f\u00fcr ein Geschenk\u3011 Das exquisite und modische makeup pinsel Geschenkset ist die beste Wahl f\u00fcr Liebhaber von Make-up. Es ist das perfekte Geschenk f\u00fcr Weihnachten, Geburtstag, Jubil\u00e4um und Muttertag. Wenn Sie Fragen haben, k\u00f6nnen Sie sich gerne an uns wenden.<br \/>\n<div class=\"main-cross-sell\" data-asin=\"B0974RZ2GL\">\n\n\t<div class=\"WooZone-cross-sell-loader\">\n\t\t<div>\n\t\t\t<div id=\"floatingBarsG\">\n\t\t\t\t<div class=\"blockG\" id=\"rotateG_01\"><\/div>\n\t\t\t\t<div class=\"blockG\" id=\"rotateG_02\"><\/div>\n\t\t\t\t<div class=\"blockG\" id=\"rotateG_03\"><\/div>\n\t\t\t\t<div class=\"blockG\" id=\"rotateG_04\"><\/div>\n\t\t\t\t<div class=\"blockG\" id=\"rotateG_05\"><\/div>\n\t\t\t\t<div class=\"blockG\" id=\"rotateG_06\"><\/div>\n\t\t\t\t<div class=\"blockG\" id=\"rotateG_07\"><\/div>\n\t\t\t\t<div class=\"blockG\" id=\"rotateG_08\"><\/div>\n\t\t\t<\/div>\n\t\t\t<div class=\"WooZone-cross-sell-loader-text\"><\/div>\n\t\t<\/div>\n\t<\/div>\n\n\t\t\n<\/div>\n<div style=\"clear:both;\"><\/div><\/p>\n","protected":false},"excerpt":{"rendered":"<p>\u261b \u301015PCs Pinselset Makeup\u3011 Professionelles, perfektes Make up Pinsel Set enth\u00e4lt Puderpinsel, Grundierungspinsel, Rougepinsel, Konturpinsel, Concealer-Pinsel, Augenpinsel und Augenbrauenpinsel. Komplett mit 4 Farben Make up Schwammpuff und Pinselreiniger Ei. Kreieren Sie makelloses Make up f\u00fcr Anf\u00e4nger und professionelle Make up Liebhaber.<br \/>\n\u261b \u3010Make up Schwamm und B\u00fcrstenei\u3011 4 Farben Make up Schwamm, zwei Verwendungsm\u00f6glichkeiten, nass f\u00fcr fl\u00fcssige Grundierung, BB- oder CC-Creme und andere fl\u00fcssige Kosmetika; trocken f\u00fcr Puder, Konturpuder und Rouge usw. Ein B\u00fcrstenei erm\u00f6glicht Ihnen eine einfache und schnelle Reinigung Ihrer Make-up-Pinsel.<br \/>\n\u261b \u3010Grausamkeitsfreie Make up Pinsel Set\u3011 Professionelles make-up pinsel &amp; zubeh\u00f6r, hohe Weichheit, aus grausamkeitsfreien Kunstfasern, superweiche und hochdicke B\u00fcrstenborsten mit hypoallergener, sanfter bis empfindlicher Haut sch\u00fctzen Ihre empfindliche Haut.<\/p>\n","protected":false},"featured_media":72381,"comment_status":"open","ping_status":"closed","template":"","meta":[],"product_brand":[],"product_cat":[2858,7726],"product_tag":[],"class_list":{"0":"post-72380","1":"product","2":"type-product","3":"status-publish","4":"has-post-thumbnail","6":"product_cat-beauty","7":"product_cat-zubehoer-beauty","8":"pa_brand-duaiu","9":"pa_manufacturer-duaiu","11":"first","12":"instock","13":"shipping-taxable","14":"purchasable","15":"product-type-simple","16":"customify-col","17":"product-has-gallery"},"yoast_head":"<!-- This site is optimized with the Yoast SEO plugin v27.4 - https:\/\/yoast.com\/product\/yoast-seo-wordpress\/ -->\n<title>DUAIU Make-up-Pinsel-Set, 15-teilig, Kristall-Make-up-Pinsel-Set, Lidschatten, Augenbrauen, Grundierung, Mischpuder\u2026 - Markt-XXL<\/title>\n<meta name=\"description\" content=\"Markt-XXL DUAIU Make-up-Pinsel-Set, 15-teilig, Kristall-Make-up-Pinsel-Set, Lidschatten, Augenbrauen, Grundierung, Mischpuder\u2026\" \/>\n<meta name=\"robots\" content=\"index, follow, max-snippet:-1, max-image-preview:large, max-video-preview:-1\" \/>\n<link rel=\"canonical\" href=\"https:\/\/marktxxl.de\/markt\/produkt\/make-up-pinsel-fily-duaiu-pinselset-makeup-schminkpinsel-set-synthetische-rouge-contour-foundation-concealer-lidschatten-pinsel-mit-make-up-schwamm-und-reiniger-pinsel-ei\/\" \/>\n<meta property=\"og:locale\" content=\"de_DE\" \/>\n<meta property=\"og:type\" content=\"article\" \/>\n<meta property=\"og:title\" content=\"DUAIU Make-up-Pinsel-Set, 15-teilig, Kristall-Make-up-Pinsel-Set, Lidschatten, Augenbrauen, Grundierung, Mischpuder\u2026 - Markt-XXL\" \/>\n<meta property=\"og:description\" content=\"Markt-XXL DUAIU Make-up-Pinsel-Set, 15-teilig, Kristall-Make-up-Pinsel-Set, Lidschatten, Augenbrauen, Grundierung, Mischpuder\u2026\" \/>\n<meta property=\"og:url\" content=\"https:\/\/marktxxl.de\/markt\/produkt\/make-up-pinsel-fily-duaiu-pinselset-makeup-schminkpinsel-set-synthetische-rouge-contour-foundation-concealer-lidschatten-pinsel-mit-make-up-schwamm-und-reiniger-pinsel-ei\/\" \/>\n<meta property=\"og:site_name\" content=\"Markt-XXL\" \/>\n<meta property=\"article:modified_time\" content=\"2023-04-11T00:45:24+00:00\" \/>\n<meta property=\"og:image\" content=\"https:\/\/m.media-amazon.com\/images\/I\/51FmQZ3dGlL._SL500_.jpg\" \/>\n\t<meta property=\"og:image:width\" content=\"500\" \/>\n\t<meta property=\"og:image:height\" content=\"500\" \/>\n\t<meta property=\"og:image:type\" content=\"image\/jpeg\" \/>\n<meta name=\"twitter:card\" content=\"summary_large_image\" \/>\n<meta name=\"twitter:label1\" content=\"Gesch\u00e4tzte Lesezeit\" \/>\n\t<meta name=\"twitter:data1\" content=\"1\u00a0Minute\" \/>\n<script type=\"application\/ld+json\" class=\"yoast-schema-graph\">{\"@context\":\"https:\\\/\\\/schema.org\",\"@graph\":[{\"@type\":\"WebPage\",\"@id\":\"https:\\\/\\\/marktxxl.de\\\/markt\\\/produkt\\\/make-up-pinsel-fily-duaiu-pinselset-makeup-schminkpinsel-set-synthetische-rouge-contour-foundation-concealer-lidschatten-pinsel-mit-make-up-schwamm-und-reiniger-pinsel-ei\\\/\",\"url\":\"https:\\\/\\\/marktxxl.de\\\/markt\\\/produkt\\\/make-up-pinsel-fily-duaiu-pinselset-makeup-schminkpinsel-set-synthetische-rouge-contour-foundation-concealer-lidschatten-pinsel-mit-make-up-schwamm-und-reiniger-pinsel-ei\\\/\",\"name\":\"DUAIU Make-up-Pinsel-Set, 15-teilig, Kristall-Make-up-Pinsel-Set, Lidschatten, Augenbrauen, Grundierung, Mischpuder\u2026 - Markt-XXL\",\"isPartOf\":{\"@id\":\"https:\\\/\\\/marktxxl.de\\\/markt\\\/#website\"},\"primaryImageOfPage\":{\"@id\":\"https:\\\/\\\/marktxxl.de\\\/markt\\\/produkt\\\/make-up-pinsel-fily-duaiu-pinselset-makeup-schminkpinsel-set-synthetische-rouge-contour-foundation-concealer-lidschatten-pinsel-mit-make-up-schwamm-und-reiniger-pinsel-ei\\\/#primaryimage\"},\"image\":{\"@id\":\"https:\\\/\\\/marktxxl.de\\\/markt\\\/produkt\\\/make-up-pinsel-fily-duaiu-pinselset-makeup-schminkpinsel-set-synthetische-rouge-contour-foundation-concealer-lidschatten-pinsel-mit-make-up-schwamm-und-reiniger-pinsel-ei\\\/#primaryimage\"},\"thumbnailUrl\":\"https:\\\/\\\/m.media-amazon.com\\\/images\\\/I\\\/51FmQZ3dGlL._SL500_.jpg\",\"datePublished\":\"2021-11-12T22:51:24+00:00\",\"dateModified\":\"2023-04-11T00:45:24+00:00\",\"description\":\"Markt-XXL DUAIU Make-up-Pinsel-Set, 15-teilig, Kristall-Make-up-Pinsel-Set, Lidschatten, Augenbrauen, Grundierung, Mischpuder\u2026\",\"breadcrumb\":{\"@id\":\"https:\\\/\\\/marktxxl.de\\\/markt\\\/produkt\\\/make-up-pinsel-fily-duaiu-pinselset-makeup-schminkpinsel-set-synthetische-rouge-contour-foundation-concealer-lidschatten-pinsel-mit-make-up-schwamm-und-reiniger-pinsel-ei\\\/#breadcrumb\"},\"inLanguage\":\"de\",\"potentialAction\":[{\"@type\":\"ReadAction\",\"target\":[\"https:\\\/\\\/marktxxl.de\\\/markt\\\/produkt\\\/make-up-pinsel-fily-duaiu-pinselset-makeup-schminkpinsel-set-synthetische-rouge-contour-foundation-concealer-lidschatten-pinsel-mit-make-up-schwamm-und-reiniger-pinsel-ei\\\/\"]}]},{\"@type\":\"ImageObject\",\"inLanguage\":\"de\",\"@id\":\"https:\\\/\\\/marktxxl.de\\\/markt\\\/produkt\\\/make-up-pinsel-fily-duaiu-pinselset-makeup-schminkpinsel-set-synthetische-rouge-contour-foundation-concealer-lidschatten-pinsel-mit-make-up-schwamm-und-reiniger-pinsel-ei\\\/#primaryimage\",\"url\":\"https:\\\/\\\/m.media-amazon.com\\\/images\\\/I\\\/51FmQZ3dGlL._SL500_.jpg\",\"contentUrl\":\"https:\\\/\\\/m.media-amazon.com\\\/images\\\/I\\\/51FmQZ3dGlL._SL500_.jpg\",\"width\":500,\"height\":500},{\"@type\":\"BreadcrumbList\",\"@id\":\"https:\\\/\\\/marktxxl.de\\\/markt\\\/produkt\\\/make-up-pinsel-fily-duaiu-pinselset-makeup-schminkpinsel-set-synthetische-rouge-contour-foundation-concealer-lidschatten-pinsel-mit-make-up-schwamm-und-reiniger-pinsel-ei\\\/#breadcrumb\",\"itemListElement\":[{\"@type\":\"ListItem\",\"position\":1,\"name\":\"Startseite\",\"item\":\"https:\\\/\\\/marktxxl.de\\\/markt\\\/\"},{\"@type\":\"ListItem\",\"position\":2,\"name\":\"Markt\",\"item\":\"https:\\\/\\\/marktxxl.de\\\/markt\\\/\"},{\"@type\":\"ListItem\",\"position\":3,\"name\":\"DUAIU Make-up-Pinsel-Set, 15-teilig, Kristall-Make-up-Pinsel-Set, Lidschatten, Augenbrauen, Grundierung, Mischpuder\u2026\"}]},{\"@type\":\"WebSite\",\"@id\":\"https:\\\/\\\/marktxxl.de\\\/markt\\\/#website\",\"url\":\"https:\\\/\\\/marktxxl.de\\\/markt\\\/\",\"name\":\"Markt-XXL\",\"description\":\"Ihr Markt Online\",\"publisher\":{\"@id\":\"https:\\\/\\\/marktxxl.de\\\/markt\\\/#organization\"},\"potentialAction\":[{\"@type\":\"SearchAction\",\"target\":{\"@type\":\"EntryPoint\",\"urlTemplate\":\"https:\\\/\\\/marktxxl.de\\\/markt\\\/?s={search_term_string}\"},\"query-input\":{\"@type\":\"PropertyValueSpecification\",\"valueRequired\":true,\"valueName\":\"search_term_string\"}}],\"inLanguage\":\"de\"},{\"@type\":\"Organization\",\"@id\":\"https:\\\/\\\/marktxxl.de\\\/markt\\\/#organization\",\"name\":\"Markt-XXL\",\"url\":\"https:\\\/\\\/marktxxl.de\\\/markt\\\/\",\"logo\":{\"@type\":\"ImageObject\",\"inLanguage\":\"de\",\"@id\":\"https:\\\/\\\/marktxxl.de\\\/markt\\\/#\\\/schema\\\/logo\\\/image\\\/\",\"url\":\"https:\\\/\\\/marktxxl.de\\\/markt\\\/wp-content\\\/uploads\\\/sites\\\/3\\\/2020\\\/12\\\/logo.png\",\"contentUrl\":\"https:\\\/\\\/marktxxl.de\\\/markt\\\/wp-content\\\/uploads\\\/sites\\\/3\\\/2020\\\/12\\\/logo.png\",\"width\":200,\"height\":70,\"caption\":\"Markt-XXL\"},\"image\":{\"@id\":\"https:\\\/\\\/marktxxl.de\\\/markt\\\/#\\\/schema\\\/logo\\\/image\\\/\"}}]}<\/script>\n<!-- \/ Yoast SEO plugin. -->","yoast_head_json":{"title":"DUAIU Make-up-Pinsel-Set, 15-teilig, Kristall-Make-up-Pinsel-Set, Lidschatten, Augenbrauen, Grundierung, Mischpuder\u2026 - Markt-XXL","description":"Markt-XXL DUAIU Make-up-Pinsel-Set, 15-teilig, Kristall-Make-up-Pinsel-Set, Lidschatten, Augenbrauen, Grundierung, Mischpuder\u2026","robots":{"index":"index","follow":"follow","max-snippet":"max-snippet:-1","max-image-preview":"max-image-preview:large","max-video-preview":"max-video-preview:-1"},"canonical":"https:\/\/marktxxl.de\/markt\/produkt\/make-up-pinsel-fily-duaiu-pinselset-makeup-schminkpinsel-set-synthetische-rouge-contour-foundation-concealer-lidschatten-pinsel-mit-make-up-schwamm-und-reiniger-pinsel-ei\/","og_locale":"de_DE","og_type":"article","og_title":"DUAIU Make-up-Pinsel-Set, 15-teilig, Kristall-Make-up-Pinsel-Set, Lidschatten, Augenbrauen, Grundierung, Mischpuder\u2026 - Markt-XXL","og_description":"Markt-XXL DUAIU Make-up-Pinsel-Set, 15-teilig, Kristall-Make-up-Pinsel-Set, Lidschatten, Augenbrauen, Grundierung, Mischpuder\u2026","og_url":"https:\/\/marktxxl.de\/markt\/produkt\/make-up-pinsel-fily-duaiu-pinselset-makeup-schminkpinsel-set-synthetische-rouge-contour-foundation-concealer-lidschatten-pinsel-mit-make-up-schwamm-und-reiniger-pinsel-ei\/","og_site_name":"Markt-XXL","article_modified_time":"2023-04-11T00:45:24+00:00","og_image":[{"width":500,"height":500,"url":"https:\/\/m.media-amazon.com\/images\/I\/51FmQZ3dGlL._SL500_.jpg","type":"image\/jpeg"}],"twitter_card":"summary_large_image","twitter_misc":{"Gesch\u00e4tzte Lesezeit":"1\u00a0Minute"},"schema":{"@context":"https:\/\/schema.org","@graph":[{"@type":"WebPage","@id":"https:\/\/marktxxl.de\/markt\/produkt\/make-up-pinsel-fily-duaiu-pinselset-makeup-schminkpinsel-set-synthetische-rouge-contour-foundation-concealer-lidschatten-pinsel-mit-make-up-schwamm-und-reiniger-pinsel-ei\/","url":"https:\/\/marktxxl.de\/markt\/produkt\/make-up-pinsel-fily-duaiu-pinselset-makeup-schminkpinsel-set-synthetische-rouge-contour-foundation-concealer-lidschatten-pinsel-mit-make-up-schwamm-und-reiniger-pinsel-ei\/","name":"DUAIU Make-up-Pinsel-Set, 15-teilig, Kristall-Make-up-Pinsel-Set, Lidschatten, Augenbrauen, Grundierung, Mischpuder\u2026 - Markt-XXL","isPartOf":{"@id":"https:\/\/marktxxl.de\/markt\/#website"},"primaryImageOfPage":{"@id":"https:\/\/marktxxl.de\/markt\/produkt\/make-up-pinsel-fily-duaiu-pinselset-makeup-schminkpinsel-set-synthetische-rouge-contour-foundation-concealer-lidschatten-pinsel-mit-make-up-schwamm-und-reiniger-pinsel-ei\/#primaryimage"},"image":{"@id":"https:\/\/marktxxl.de\/markt\/produkt\/make-up-pinsel-fily-duaiu-pinselset-makeup-schminkpinsel-set-synthetische-rouge-contour-foundation-concealer-lidschatten-pinsel-mit-make-up-schwamm-und-reiniger-pinsel-ei\/#primaryimage"},"thumbnailUrl":"https:\/\/m.media-amazon.com\/images\/I\/51FmQZ3dGlL._SL500_.jpg","datePublished":"2021-11-12T22:51:24+00:00","dateModified":"2023-04-11T00:45:24+00:00","description":"Markt-XXL DUAIU Make-up-Pinsel-Set, 15-teilig, Kristall-Make-up-Pinsel-Set, Lidschatten, Augenbrauen, Grundierung, Mischpuder\u2026","breadcrumb":{"@id":"https:\/\/marktxxl.de\/markt\/produkt\/make-up-pinsel-fily-duaiu-pinselset-makeup-schminkpinsel-set-synthetische-rouge-contour-foundation-concealer-lidschatten-pinsel-mit-make-up-schwamm-und-reiniger-pinsel-ei\/#breadcrumb"},"inLanguage":"de","potentialAction":[{"@type":"ReadAction","target":["https:\/\/marktxxl.de\/markt\/produkt\/make-up-pinsel-fily-duaiu-pinselset-makeup-schminkpinsel-set-synthetische-rouge-contour-foundation-concealer-lidschatten-pinsel-mit-make-up-schwamm-und-reiniger-pinsel-ei\/"]}]},{"@type":"ImageObject","inLanguage":"de","@id":"https:\/\/marktxxl.de\/markt\/produkt\/make-up-pinsel-fily-duaiu-pinselset-makeup-schminkpinsel-set-synthetische-rouge-contour-foundation-concealer-lidschatten-pinsel-mit-make-up-schwamm-und-reiniger-pinsel-ei\/#primaryimage","url":"https:\/\/m.media-amazon.com\/images\/I\/51FmQZ3dGlL._SL500_.jpg","contentUrl":"https:\/\/m.media-amazon.com\/images\/I\/51FmQZ3dGlL._SL500_.jpg","width":500,"height":500},{"@type":"BreadcrumbList","@id":"https:\/\/marktxxl.de\/markt\/produkt\/make-up-pinsel-fily-duaiu-pinselset-makeup-schminkpinsel-set-synthetische-rouge-contour-foundation-concealer-lidschatten-pinsel-mit-make-up-schwamm-und-reiniger-pinsel-ei\/#breadcrumb","itemListElement":[{"@type":"ListItem","position":1,"name":"Startseite","item":"https:\/\/marktxxl.de\/markt\/"},{"@type":"ListItem","position":2,"name":"Markt","item":"https:\/\/marktxxl.de\/markt\/"},{"@type":"ListItem","position":3,"name":"DUAIU Make-up-Pinsel-Set, 15-teilig, Kristall-Make-up-Pinsel-Set, Lidschatten, Augenbrauen, Grundierung, Mischpuder\u2026"}]},{"@type":"WebSite","@id":"https:\/\/marktxxl.de\/markt\/#website","url":"https:\/\/marktxxl.de\/markt\/","name":"Markt-XXL","description":"Ihr Markt Online","publisher":{"@id":"https:\/\/marktxxl.de\/markt\/#organization"},"potentialAction":[{"@type":"SearchAction","target":{"@type":"EntryPoint","urlTemplate":"https:\/\/marktxxl.de\/markt\/?s={search_term_string}"},"query-input":{"@type":"PropertyValueSpecification","valueRequired":true,"valueName":"search_term_string"}}],"inLanguage":"de"},{"@type":"Organization","@id":"https:\/\/marktxxl.de\/markt\/#organization","name":"Markt-XXL","url":"https:\/\/marktxxl.de\/markt\/","logo":{"@type":"ImageObject","inLanguage":"de","@id":"https:\/\/marktxxl.de\/markt\/#\/schema\/logo\/image\/","url":"https:\/\/marktxxl.de\/markt\/wp-content\/uploads\/sites\/3\/2020\/12\/logo.png","contentUrl":"https:\/\/marktxxl.de\/markt\/wp-content\/uploads\/sites\/3\/2020\/12\/logo.png","width":200,"height":70,"caption":"Markt-XXL"},"image":{"@id":"https:\/\/marktxxl.de\/markt\/#\/schema\/logo\/image\/"}}]}},"_links":{"self":[{"href":"https:\/\/marktxxl.de\/markt\/wp-json\/wp\/v2\/product\/72380","targetHints":{"allow":["GET"]}}],"collection":[{"href":"https:\/\/marktxxl.de\/markt\/wp-json\/wp\/v2\/product"}],"about":[{"href":"https:\/\/marktxxl.de\/markt\/wp-json\/wp\/v2\/types\/product"}],"replies":[{"embeddable":true,"href":"https:\/\/marktxxl.de\/markt\/wp-json\/wp\/v2\/comments?post=72380"}],"wp:featuredmedia":[{"embeddable":true,"href":"https:\/\/marktxxl.de\/markt\/wp-json\/wp\/v2\/media\/72381"}],"wp:attachment":[{"href":"https:\/\/marktxxl.de\/markt\/wp-json\/wp\/v2\/media?parent=72380"}],"wp:term":[{"taxonomy":"product_brand","embeddable":true,"href":"https:\/\/marktxxl.de\/markt\/wp-json\/wp\/v2\/product_brand?post=72380"},{"taxonomy":"product_cat","embeddable":true,"href":"https:\/\/marktxxl.de\/markt\/wp-json\/wp\/v2\/product_cat?post=72380"},{"taxonomy":"product_tag","embeddable":true,"href":"https:\/\/marktxxl.de\/markt\/wp-json\/wp\/v2\/product_tag?post=72380"}],"curies":[{"name":"wp","href":"https:\/\/api.w.org\/{rel}","templated":true}]}}