{"id":72249,"date":"2021-11-12T23:45:36","date_gmt":"2021-11-12T22:45:36","guid":{"rendered":"https:\/\/marktxxl.de\/markt\/produkt\/unicorn-daze-socken-fuer-maedchen-uk-12-5-5-eu-30-5-38-5-6-stueck\/"},"modified":"2023-04-11T02:45:23","modified_gmt":"2023-04-11T00:45:23","slug":"unicorn-daze-socken-fuer-maedchen-uk-12-5-5-eu-30-5-38-5-6-stueck","status":"publish","type":"product","link":"https:\/\/marktxxl.de\/markt\/produkt\/unicorn-daze-socken-fuer-maedchen-uk-12-5-5-eu-30-5-38-5-6-stueck\/","title":{"rendered":"Unicorn Daze Socken f\u00fcr M\u00e4dchen, UK 12-5.5 \/ EU 30.5-38.5, 6 St\u00fcck"},"content":{"rendered":"<p>Unicorn Daze von United Oddsocks<br \/>\n6 einzelne kurze Socken zum Mischen nach dem Zufallsprinzip<br \/>\nGr\u00f6\u00dfe: EUR 30.5-38.5, UK 12-5.5, US 13.5-8<br \/>\nMischen Sie sie auf 15 verschiedene Arten, um Ihre eigenen bezaubernden Paare zu erstellen<br \/>\n<div class=\"main-cross-sell\" data-asin=\"B079SFFGCJ\">\n\n\t<div class=\"WooZone-cross-sell-loader\">\n\t\t<div>\n\t\t\t<div id=\"floatingBarsG\">\n\t\t\t\t<div class=\"blockG\" id=\"rotateG_01\"><\/div>\n\t\t\t\t<div class=\"blockG\" id=\"rotateG_02\"><\/div>\n\t\t\t\t<div class=\"blockG\" id=\"rotateG_03\"><\/div>\n\t\t\t\t<div class=\"blockG\" id=\"rotateG_04\"><\/div>\n\t\t\t\t<div class=\"blockG\" id=\"rotateG_05\"><\/div>\n\t\t\t\t<div class=\"blockG\" id=\"rotateG_06\"><\/div>\n\t\t\t\t<div class=\"blockG\" id=\"rotateG_07\"><\/div>\n\t\t\t\t<div class=\"blockG\" id=\"rotateG_08\"><\/div>\n\t\t\t<\/div>\n\t\t\t<div class=\"WooZone-cross-sell-loader-text\"><\/div>\n\t\t<\/div>\n\t<\/div>\n\n\t\t\n<\/div>\n<div style=\"clear:both;\"><\/div><\/p>\n","protected":false},"excerpt":{"rendered":"<p>Unicorn Daze von United Oddsocks<br \/>\n6 einzelne kurze Socken zum Mischen nach dem Zufallsprinzip<br \/>\nGr\u00f6\u00dfe: EUR 30.5-38.5, UK 12-5.5, US 13.5-8<\/p>\n","protected":false},"featured_media":72250,"comment_status":"open","ping_status":"closed","template":"","meta":[],"product_brand":[],"product_cat":[1186,3990],"product_tag":[],"class_list":{"0":"post-72249","1":"product","2":"type-product","3":"status-publish","4":"has-post-thumbnail","6":"product_cat-bekleidung","7":"product_cat-maedchen","8":"pa_binding-textilien","9":"pa_brand-thames-hudson","10":"pa_brand-united-oddsocks","11":"pa_size-305-385","13":"first","14":"instock","15":"shipping-taxable","16":"purchasable","17":"product-type-simple","18":"customify-col","19":"product-has-gallery"},"yoast_head":"<!-- This site is optimized with the Yoast SEO plugin v27.4 - https:\/\/yoast.com\/product\/yoast-seo-wordpress\/ -->\n<title>Unicorn Daze Socken f\u00fcr M\u00e4dchen, UK 12-5.5 \/ EU 30.5-38.5, 6 St\u00fcck - Markt-XXL<\/title>\n<meta name=\"description\" content=\"Markt-XXL Unicorn Daze Socken f\u00fcr M\u00e4dchen, UK 12-5.5 \/ EU 30.5-38.5, 6 St\u00fcck\" \/>\n<meta name=\"robots\" content=\"index, follow, max-snippet:-1, max-image-preview:large, max-video-preview:-1\" \/>\n<link rel=\"canonical\" href=\"https:\/\/marktxxl.de\/markt\/produkt\/unicorn-daze-socken-fuer-maedchen-uk-12-5-5-eu-30-5-38-5-6-stueck\/\" \/>\n<meta property=\"og:locale\" content=\"de_DE\" \/>\n<meta property=\"og:type\" content=\"article\" \/>\n<meta property=\"og:title\" content=\"Unicorn Daze Socken f\u00fcr M\u00e4dchen, UK 12-5.5 \/ EU 30.5-38.5, 6 St\u00fcck - Markt-XXL\" \/>\n<meta property=\"og:description\" content=\"Markt-XXL Unicorn Daze Socken f\u00fcr M\u00e4dchen, UK 12-5.5 \/ EU 30.5-38.5, 6 St\u00fcck\" \/>\n<meta property=\"og:url\" content=\"https:\/\/marktxxl.de\/markt\/produkt\/unicorn-daze-socken-fuer-maedchen-uk-12-5-5-eu-30-5-38-5-6-stueck\/\" \/>\n<meta property=\"og:site_name\" content=\"Markt-XXL\" \/>\n<meta property=\"article:modified_time\" content=\"2023-04-11T00:45:23+00:00\" \/>\n<meta property=\"og:image\" content=\"https:\/\/m.media-amazon.com\/images\/I\/41dKq4uJxjL._SL500_.jpg\" \/>\n\t<meta property=\"og:image:width\" content=\"500\" \/>\n\t<meta property=\"og:image:height\" content=\"241\" \/>\n\t<meta property=\"og:image:type\" content=\"image\/jpeg\" \/>\n<meta name=\"twitter:card\" content=\"summary_large_image\" \/>\n<script type=\"application\/ld+json\" class=\"yoast-schema-graph\">{\"@context\":\"https:\\\/\\\/schema.org\",\"@graph\":[{\"@type\":\"WebPage\",\"@id\":\"https:\\\/\\\/marktxxl.de\\\/markt\\\/produkt\\\/unicorn-daze-socken-fuer-maedchen-uk-12-5-5-eu-30-5-38-5-6-stueck\\\/\",\"url\":\"https:\\\/\\\/marktxxl.de\\\/markt\\\/produkt\\\/unicorn-daze-socken-fuer-maedchen-uk-12-5-5-eu-30-5-38-5-6-stueck\\\/\",\"name\":\"Unicorn Daze Socken f\u00fcr M\u00e4dchen, UK 12-5.5 \\\/ EU 30.5-38.5, 6 St\u00fcck - Markt-XXL\",\"isPartOf\":{\"@id\":\"https:\\\/\\\/marktxxl.de\\\/markt\\\/#website\"},\"primaryImageOfPage\":{\"@id\":\"https:\\\/\\\/marktxxl.de\\\/markt\\\/produkt\\\/unicorn-daze-socken-fuer-maedchen-uk-12-5-5-eu-30-5-38-5-6-stueck\\\/#primaryimage\"},\"image\":{\"@id\":\"https:\\\/\\\/marktxxl.de\\\/markt\\\/produkt\\\/unicorn-daze-socken-fuer-maedchen-uk-12-5-5-eu-30-5-38-5-6-stueck\\\/#primaryimage\"},\"thumbnailUrl\":\"https:\\\/\\\/m.media-amazon.com\\\/images\\\/I\\\/41dKq4uJxjL._SL500_.jpg\",\"datePublished\":\"2021-11-12T22:45:36+00:00\",\"dateModified\":\"2023-04-11T00:45:23+00:00\",\"description\":\"Markt-XXL Unicorn Daze Socken f\u00fcr M\u00e4dchen, UK 12-5.5 \\\/ EU 30.5-38.5, 6 St\u00fcck\",\"breadcrumb\":{\"@id\":\"https:\\\/\\\/marktxxl.de\\\/markt\\\/produkt\\\/unicorn-daze-socken-fuer-maedchen-uk-12-5-5-eu-30-5-38-5-6-stueck\\\/#breadcrumb\"},\"inLanguage\":\"de\",\"potentialAction\":[{\"@type\":\"ReadAction\",\"target\":[\"https:\\\/\\\/marktxxl.de\\\/markt\\\/produkt\\\/unicorn-daze-socken-fuer-maedchen-uk-12-5-5-eu-30-5-38-5-6-stueck\\\/\"]}]},{\"@type\":\"ImageObject\",\"inLanguage\":\"de\",\"@id\":\"https:\\\/\\\/marktxxl.de\\\/markt\\\/produkt\\\/unicorn-daze-socken-fuer-maedchen-uk-12-5-5-eu-30-5-38-5-6-stueck\\\/#primaryimage\",\"url\":\"https:\\\/\\\/m.media-amazon.com\\\/images\\\/I\\\/41dKq4uJxjL._SL500_.jpg\",\"contentUrl\":\"https:\\\/\\\/m.media-amazon.com\\\/images\\\/I\\\/41dKq4uJxjL._SL500_.jpg\",\"width\":500,\"height\":241},{\"@type\":\"BreadcrumbList\",\"@id\":\"https:\\\/\\\/marktxxl.de\\\/markt\\\/produkt\\\/unicorn-daze-socken-fuer-maedchen-uk-12-5-5-eu-30-5-38-5-6-stueck\\\/#breadcrumb\",\"itemListElement\":[{\"@type\":\"ListItem\",\"position\":1,\"name\":\"Startseite\",\"item\":\"https:\\\/\\\/marktxxl.de\\\/markt\\\/\"},{\"@type\":\"ListItem\",\"position\":2,\"name\":\"Markt\",\"item\":\"https:\\\/\\\/marktxxl.de\\\/markt\\\/\"},{\"@type\":\"ListItem\",\"position\":3,\"name\":\"Unicorn Daze Socken f\u00fcr M\u00e4dchen, UK 12-5.5 \\\/ EU 30.5-38.5, 6 St\u00fcck\"}]},{\"@type\":\"WebSite\",\"@id\":\"https:\\\/\\\/marktxxl.de\\\/markt\\\/#website\",\"url\":\"https:\\\/\\\/marktxxl.de\\\/markt\\\/\",\"name\":\"Markt-XXL\",\"description\":\"Ihr Markt Online\",\"publisher\":{\"@id\":\"https:\\\/\\\/marktxxl.de\\\/markt\\\/#organization\"},\"potentialAction\":[{\"@type\":\"SearchAction\",\"target\":{\"@type\":\"EntryPoint\",\"urlTemplate\":\"https:\\\/\\\/marktxxl.de\\\/markt\\\/?s={search_term_string}\"},\"query-input\":{\"@type\":\"PropertyValueSpecification\",\"valueRequired\":true,\"valueName\":\"search_term_string\"}}],\"inLanguage\":\"de\"},{\"@type\":\"Organization\",\"@id\":\"https:\\\/\\\/marktxxl.de\\\/markt\\\/#organization\",\"name\":\"Markt-XXL\",\"url\":\"https:\\\/\\\/marktxxl.de\\\/markt\\\/\",\"logo\":{\"@type\":\"ImageObject\",\"inLanguage\":\"de\",\"@id\":\"https:\\\/\\\/marktxxl.de\\\/markt\\\/#\\\/schema\\\/logo\\\/image\\\/\",\"url\":\"https:\\\/\\\/marktxxl.de\\\/markt\\\/wp-content\\\/uploads\\\/sites\\\/3\\\/2020\\\/12\\\/logo.png\",\"contentUrl\":\"https:\\\/\\\/marktxxl.de\\\/markt\\\/wp-content\\\/uploads\\\/sites\\\/3\\\/2020\\\/12\\\/logo.png\",\"width\":200,\"height\":70,\"caption\":\"Markt-XXL\"},\"image\":{\"@id\":\"https:\\\/\\\/marktxxl.de\\\/markt\\\/#\\\/schema\\\/logo\\\/image\\\/\"}}]}<\/script>\n<!-- \/ Yoast SEO plugin. -->","yoast_head_json":{"title":"Unicorn Daze Socken f\u00fcr M\u00e4dchen, UK 12-5.5 \/ EU 30.5-38.5, 6 St\u00fcck - Markt-XXL","description":"Markt-XXL Unicorn Daze Socken f\u00fcr M\u00e4dchen, UK 12-5.5 \/ EU 30.5-38.5, 6 St\u00fcck","robots":{"index":"index","follow":"follow","max-snippet":"max-snippet:-1","max-image-preview":"max-image-preview:large","max-video-preview":"max-video-preview:-1"},"canonical":"https:\/\/marktxxl.de\/markt\/produkt\/unicorn-daze-socken-fuer-maedchen-uk-12-5-5-eu-30-5-38-5-6-stueck\/","og_locale":"de_DE","og_type":"article","og_title":"Unicorn Daze Socken f\u00fcr M\u00e4dchen, UK 12-5.5 \/ EU 30.5-38.5, 6 St\u00fcck - Markt-XXL","og_description":"Markt-XXL Unicorn Daze Socken f\u00fcr M\u00e4dchen, UK 12-5.5 \/ EU 30.5-38.5, 6 St\u00fcck","og_url":"https:\/\/marktxxl.de\/markt\/produkt\/unicorn-daze-socken-fuer-maedchen-uk-12-5-5-eu-30-5-38-5-6-stueck\/","og_site_name":"Markt-XXL","article_modified_time":"2023-04-11T00:45:23+00:00","og_image":[{"width":500,"height":241,"url":"https:\/\/m.media-amazon.com\/images\/I\/41dKq4uJxjL._SL500_.jpg","type":"image\/jpeg"}],"twitter_card":"summary_large_image","schema":{"@context":"https:\/\/schema.org","@graph":[{"@type":"WebPage","@id":"https:\/\/marktxxl.de\/markt\/produkt\/unicorn-daze-socken-fuer-maedchen-uk-12-5-5-eu-30-5-38-5-6-stueck\/","url":"https:\/\/marktxxl.de\/markt\/produkt\/unicorn-daze-socken-fuer-maedchen-uk-12-5-5-eu-30-5-38-5-6-stueck\/","name":"Unicorn Daze Socken f\u00fcr M\u00e4dchen, UK 12-5.5 \/ EU 30.5-38.5, 6 St\u00fcck - Markt-XXL","isPartOf":{"@id":"https:\/\/marktxxl.de\/markt\/#website"},"primaryImageOfPage":{"@id":"https:\/\/marktxxl.de\/markt\/produkt\/unicorn-daze-socken-fuer-maedchen-uk-12-5-5-eu-30-5-38-5-6-stueck\/#primaryimage"},"image":{"@id":"https:\/\/marktxxl.de\/markt\/produkt\/unicorn-daze-socken-fuer-maedchen-uk-12-5-5-eu-30-5-38-5-6-stueck\/#primaryimage"},"thumbnailUrl":"https:\/\/m.media-amazon.com\/images\/I\/41dKq4uJxjL._SL500_.jpg","datePublished":"2021-11-12T22:45:36+00:00","dateModified":"2023-04-11T00:45:23+00:00","description":"Markt-XXL Unicorn Daze Socken f\u00fcr M\u00e4dchen, UK 12-5.5 \/ EU 30.5-38.5, 6 St\u00fcck","breadcrumb":{"@id":"https:\/\/marktxxl.de\/markt\/produkt\/unicorn-daze-socken-fuer-maedchen-uk-12-5-5-eu-30-5-38-5-6-stueck\/#breadcrumb"},"inLanguage":"de","potentialAction":[{"@type":"ReadAction","target":["https:\/\/marktxxl.de\/markt\/produkt\/unicorn-daze-socken-fuer-maedchen-uk-12-5-5-eu-30-5-38-5-6-stueck\/"]}]},{"@type":"ImageObject","inLanguage":"de","@id":"https:\/\/marktxxl.de\/markt\/produkt\/unicorn-daze-socken-fuer-maedchen-uk-12-5-5-eu-30-5-38-5-6-stueck\/#primaryimage","url":"https:\/\/m.media-amazon.com\/images\/I\/41dKq4uJxjL._SL500_.jpg","contentUrl":"https:\/\/m.media-amazon.com\/images\/I\/41dKq4uJxjL._SL500_.jpg","width":500,"height":241},{"@type":"BreadcrumbList","@id":"https:\/\/marktxxl.de\/markt\/produkt\/unicorn-daze-socken-fuer-maedchen-uk-12-5-5-eu-30-5-38-5-6-stueck\/#breadcrumb","itemListElement":[{"@type":"ListItem","position":1,"name":"Startseite","item":"https:\/\/marktxxl.de\/markt\/"},{"@type":"ListItem","position":2,"name":"Markt","item":"https:\/\/marktxxl.de\/markt\/"},{"@type":"ListItem","position":3,"name":"Unicorn Daze Socken f\u00fcr M\u00e4dchen, UK 12-5.5 \/ EU 30.5-38.5, 6 St\u00fcck"}]},{"@type":"WebSite","@id":"https:\/\/marktxxl.de\/markt\/#website","url":"https:\/\/marktxxl.de\/markt\/","name":"Markt-XXL","description":"Ihr Markt Online","publisher":{"@id":"https:\/\/marktxxl.de\/markt\/#organization"},"potentialAction":[{"@type":"SearchAction","target":{"@type":"EntryPoint","urlTemplate":"https:\/\/marktxxl.de\/markt\/?s={search_term_string}"},"query-input":{"@type":"PropertyValueSpecification","valueRequired":true,"valueName":"search_term_string"}}],"inLanguage":"de"},{"@type":"Organization","@id":"https:\/\/marktxxl.de\/markt\/#organization","name":"Markt-XXL","url":"https:\/\/marktxxl.de\/markt\/","logo":{"@type":"ImageObject","inLanguage":"de","@id":"https:\/\/marktxxl.de\/markt\/#\/schema\/logo\/image\/","url":"https:\/\/marktxxl.de\/markt\/wp-content\/uploads\/sites\/3\/2020\/12\/logo.png","contentUrl":"https:\/\/marktxxl.de\/markt\/wp-content\/uploads\/sites\/3\/2020\/12\/logo.png","width":200,"height":70,"caption":"Markt-XXL"},"image":{"@id":"https:\/\/marktxxl.de\/markt\/#\/schema\/logo\/image\/"}}]}},"_links":{"self":[{"href":"https:\/\/marktxxl.de\/markt\/wp-json\/wp\/v2\/product\/72249","targetHints":{"allow":["GET"]}}],"collection":[{"href":"https:\/\/marktxxl.de\/markt\/wp-json\/wp\/v2\/product"}],"about":[{"href":"https:\/\/marktxxl.de\/markt\/wp-json\/wp\/v2\/types\/product"}],"replies":[{"embeddable":true,"href":"https:\/\/marktxxl.de\/markt\/wp-json\/wp\/v2\/comments?post=72249"}],"wp:featuredmedia":[{"embeddable":true,"href":"https:\/\/marktxxl.de\/markt\/wp-json\/wp\/v2\/media\/72250"}],"wp:attachment":[{"href":"https:\/\/marktxxl.de\/markt\/wp-json\/wp\/v2\/media?parent=72249"}],"wp:term":[{"taxonomy":"product_brand","embeddable":true,"href":"https:\/\/marktxxl.de\/markt\/wp-json\/wp\/v2\/product_brand?post=72249"},{"taxonomy":"product_cat","embeddable":true,"href":"https:\/\/marktxxl.de\/markt\/wp-json\/wp\/v2\/product_cat?post=72249"},{"taxonomy":"product_tag","embeddable":true,"href":"https:\/\/marktxxl.de\/markt\/wp-json\/wp\/v2\/product_tag?post=72249"}],"curies":[{"name":"wp","href":"https:\/\/api.w.org\/{rel}","templated":true}]}}