{"id":72228,"date":"2021-11-12T23:42:40","date_gmt":"2021-11-12T22:42:40","guid":{"rendered":"https:\/\/marktxxl.de\/markt\/produkt\/disney-lilo-und-stitch-schlafanzug-maedchen-stitch-pyjama-kinder-baumwolle-kinder-schlafanzug-lang-18-monate-bis-14-jahre-baby-schlafanzug\/"},"modified":"2023-04-11T02:45:22","modified_gmt":"2023-04-11T00:45:22","slug":"disney-lilo-und-stitch-schlafanzug-maedchen-stitch-pyjama-kinder-baumwolle-kinder-schlafanzug-lang-18-monate-bis-14-jahre-baby-schlafanzug","status":"publish","type":"product","link":"https:\/\/marktxxl.de\/markt\/produkt\/disney-lilo-und-stitch-schlafanzug-maedchen-stitch-pyjama-kinder-baumwolle-kinder-schlafanzug-lang-18-monate-bis-14-jahre-baby-schlafanzug\/","title":{"rendered":"Disney Lilo und Stitch Schlafanzug M\u00e4dchen, Stitch Pyjama Kinder, Baumwolle Kinder Schlafanzug Lang 18 Monate bis 14\u2026"},"content":{"rendered":"<p>DISNEY STITCH PYJAMA M\u00c4DCHEN: F\u00fcr alle Kleinen und Grossen, die den Disney Film Lilo and Stitch lieben, haben wir diese sch\u00f6nen Jungen und M\u00e4dchen Schlafanzug geeignet. Mit ein h\u00fcbsches, s\u00fc\u00dfes Stitch Aufdruck auf den langarm T Shirt und passende Schlafanzughose lang, Kinder werden sie f\u00fcr die Weichheit des Materials und die Niedlichkeit des Designs lieben.<br \/>\nVIELE VERF\u00dcGBARE GR\u00d6SSEN: Die Schlafanzug Kinder M\u00e4dchen sind in viele verschiedene Gr\u00f6\u00dfen, von Baby Kleinkind bis Teenager 18-24 Monate(86-92 cm), 2-3 Jahre(92-98 cm), 3-4 Jahre(98-104 cm), 4-5 Jahre(104-110 cm), 5-6 Jahre(110-116 cm), 7-8 Jahre(122-128 cm), 9-10 Jahre(134-140 cm), 11-12 Jahre(146-152 cm) und 13-14 Jahre(158-164 cm).<br \/>\nHOCHWERTIGE QUALIT\u00c4TS MATERIAL: Diese Disney Schlafanzug M\u00e4dchen bestehen aus weicher, atmungsaktiver Baumwolle, damit Ihre Kleinen das ganze Jahr \u00fcber bequem und kuschelig bleiben. Das Pyjama Shirt besteht aus 97% Baumwolle und 3% Polyester, w\u00e4hrend das Pyjamahosen aus 100% Baumwolle besteht. Diese Disney Bekleidung M\u00e4dchen ist von ausgezeichneter Qualit\u00e4t und gleichzeitig attraktiv f\u00fcr Kinder mit einer ihrer Lieblings Disney Figuren<br \/>\nDISNEY MERCHANDISE: Die Disney Stitch Kinder Schlafanzug M\u00e4dchen wurden exklusiv f\u00fcr F &amp; F Stores entwickelt und hergestellt. Dieser Disney Schlafanzug Kinder ist leicht in der Waschmaschine zu waschen und kann zu jeder Jahreszeit getragen werden<br \/>\nDISNEY GESCHENKE F\u00dcR KINDER: Die Feierlichkeiten stehen immer vor der T\u00fcr und der Stitch Kinder Pyjama ist ein beliebtes Weihnachtsgeschenk f\u00fcr Jungen und M\u00e4dchen. Kinder aller Alter lieben die Geschichte von Lilo und Stitch und sie werden unsere Kinderschlafanzug M\u00e4dchen mit einem super s\u00fc\u00dfen und glitzernden Stitch lieben. Wenn Sie nach Geburtstag Geschenke f\u00fcr M\u00e4dchen suchen f\u00fcr ein Disney Fan, haben Sie es richtig gefunden<br \/>\n<div class=\"main-cross-sell\" data-asin=\"B08MXX9ZFJ\">\n\n\t<div class=\"WooZone-cross-sell-loader\">\n\t\t<div>\n\t\t\t<div id=\"floatingBarsG\">\n\t\t\t\t<div class=\"blockG\" id=\"rotateG_01\"><\/div>\n\t\t\t\t<div class=\"blockG\" id=\"rotateG_02\"><\/div>\n\t\t\t\t<div class=\"blockG\" id=\"rotateG_03\"><\/div>\n\t\t\t\t<div class=\"blockG\" id=\"rotateG_04\"><\/div>\n\t\t\t\t<div class=\"blockG\" id=\"rotateG_05\"><\/div>\n\t\t\t\t<div class=\"blockG\" id=\"rotateG_06\"><\/div>\n\t\t\t\t<div class=\"blockG\" id=\"rotateG_07\"><\/div>\n\t\t\t\t<div class=\"blockG\" id=\"rotateG_08\"><\/div>\n\t\t\t<\/div>\n\t\t\t<div class=\"WooZone-cross-sell-loader-text\"><\/div>\n\t\t<\/div>\n\t<\/div>\n\n\t\t\n<\/div>\n<div style=\"clear:both;\"><\/div><\/p>\n","protected":false},"excerpt":{"rendered":"<p>DISNEY STITCH PYJAMA M\u00c4DCHEN: F\u00fcr alle Kleinen und Grossen, die den Disney Film Lilo and Stitch lieben, haben wir diese sch\u00f6nen Jungen und M\u00e4dchen Schlafanzug geeignet. Mit ein h\u00fcbsches, s\u00fc\u00dfes Stitch Aufdruck auf den langarm T Shirt und passende Schlafanzughose lang, Kinder werden sie f\u00fcr die Weichheit des Materials und die Niedlichkeit des Designs lieben.<br \/>\nVIELE VERF\u00dcGBARE GR\u00d6SSEN: Die Schlafanzug Kinder M\u00e4dchen sind in viele verschiedene Gr\u00f6\u00dfen, von Baby Kleinkind bis Teenager 18-24 Monate(86-92 cm), 2-3 Jahre(92-98 cm), 3-4 Jahre(98-104 cm), 4-5 Jahre(104-110 cm), 5-6 Jahre(110-116 cm), 7-8 Jahre(122-128 cm), 9-10 Jahre(134-140 cm), 11-12 Jahre(146-152 cm) und 13-14 Jahre(158-164 cm).<br \/>\nHOCHWERTIGE QUALIT\u00c4TS MATERIAL: Diese Disney Schlafanzug M\u00e4dchen bestehen aus weicher, atmungsaktiver Baumwolle, damit Ihre Kleinen das ganze Jahr \u00fcber bequem und kuschelig bleiben. Das Pyjama Shirt besteht aus 97% Baumwolle und 3% Polyester, w\u00e4hrend das Pyjamahosen aus 100% Baumwolle besteht. Diese Disney Bekleidung M\u00e4dchen ist von ausgezeichneter Qualit\u00e4t und gleichzeitig attraktiv f\u00fcr Kinder mit einer ihrer Lieblings Disney Figuren<\/p>\n","protected":false},"featured_media":72229,"comment_status":"open","ping_status":"closed","template":"","meta":[],"product_brand":[],"product_cat":[1186,3990],"product_tag":[],"class_list":{"0":"post-72228","1":"product","2":"type-product","3":"status-publish","4":"has-post-thumbnail","6":"product_cat-bekleidung","7":"product_cat-maedchen","8":"pa_binding-textilien","9":"pa_brand-disney","10":"pa_color-grau","11":"pa_size-24989","13":"first","14":"instock","15":"shipping-taxable","16":"purchasable","17":"product-type-simple","18":"customify-col","19":"product-has-gallery"},"yoast_head":"<!-- This site is optimized with the Yoast SEO plugin v27.4 - https:\/\/yoast.com\/product\/yoast-seo-wordpress\/ -->\n<title>Disney Lilo und Stitch Schlafanzug M\u00e4dchen, Stitch Pyjama Kinder, Baumwolle Kinder Schlafanzug Lang 18 Monate bis 14\u2026 - Markt-XXL<\/title>\n<meta name=\"description\" content=\"Markt-XXL Disney Lilo und Stitch Schlafanzug M\u00e4dchen, Stitch Pyjama Kinder, Baumwolle Kinder Schlafanzug Lang 18 Monate bis 14\u2026\" \/>\n<meta name=\"robots\" content=\"index, follow, max-snippet:-1, max-image-preview:large, max-video-preview:-1\" \/>\n<link rel=\"canonical\" href=\"https:\/\/marktxxl.de\/markt\/produkt\/disney-lilo-und-stitch-schlafanzug-maedchen-stitch-pyjama-kinder-baumwolle-kinder-schlafanzug-lang-18-monate-bis-14-jahre-baby-schlafanzug\/\" \/>\n<meta property=\"og:locale\" content=\"de_DE\" \/>\n<meta property=\"og:type\" content=\"article\" \/>\n<meta property=\"og:title\" content=\"Disney Lilo und Stitch Schlafanzug M\u00e4dchen, Stitch Pyjama Kinder, Baumwolle Kinder Schlafanzug Lang 18 Monate bis 14\u2026 - Markt-XXL\" \/>\n<meta property=\"og:description\" content=\"Markt-XXL Disney Lilo und Stitch Schlafanzug M\u00e4dchen, Stitch Pyjama Kinder, Baumwolle Kinder Schlafanzug Lang 18 Monate bis 14\u2026\" \/>\n<meta property=\"og:url\" content=\"https:\/\/marktxxl.de\/markt\/produkt\/disney-lilo-und-stitch-schlafanzug-maedchen-stitch-pyjama-kinder-baumwolle-kinder-schlafanzug-lang-18-monate-bis-14-jahre-baby-schlafanzug\/\" \/>\n<meta property=\"og:site_name\" content=\"Markt-XXL\" \/>\n<meta property=\"article:modified_time\" content=\"2023-04-11T00:45:22+00:00\" \/>\n<meta property=\"og:image\" content=\"https:\/\/m.media-amazon.com\/images\/I\/51PJGQRhs0L._SL500_.jpg\" \/>\n\t<meta property=\"og:image:width\" content=\"500\" \/>\n\t<meta property=\"og:image:height\" content=\"500\" \/>\n\t<meta property=\"og:image:type\" content=\"image\/jpeg\" \/>\n<meta name=\"twitter:card\" content=\"summary_large_image\" \/>\n<meta name=\"twitter:label1\" content=\"Gesch\u00e4tzte Lesezeit\" \/>\n\t<meta name=\"twitter:data1\" content=\"2\u00a0Minuten\" \/>\n<script type=\"application\/ld+json\" class=\"yoast-schema-graph\">{\"@context\":\"https:\\\/\\\/schema.org\",\"@graph\":[{\"@type\":\"WebPage\",\"@id\":\"https:\\\/\\\/marktxxl.de\\\/markt\\\/produkt\\\/disney-lilo-und-stitch-schlafanzug-maedchen-stitch-pyjama-kinder-baumwolle-kinder-schlafanzug-lang-18-monate-bis-14-jahre-baby-schlafanzug\\\/\",\"url\":\"https:\\\/\\\/marktxxl.de\\\/markt\\\/produkt\\\/disney-lilo-und-stitch-schlafanzug-maedchen-stitch-pyjama-kinder-baumwolle-kinder-schlafanzug-lang-18-monate-bis-14-jahre-baby-schlafanzug\\\/\",\"name\":\"Disney Lilo und Stitch Schlafanzug M\u00e4dchen, Stitch Pyjama Kinder, Baumwolle Kinder Schlafanzug Lang 18 Monate bis 14\u2026 - Markt-XXL\",\"isPartOf\":{\"@id\":\"https:\\\/\\\/marktxxl.de\\\/markt\\\/#website\"},\"primaryImageOfPage\":{\"@id\":\"https:\\\/\\\/marktxxl.de\\\/markt\\\/produkt\\\/disney-lilo-und-stitch-schlafanzug-maedchen-stitch-pyjama-kinder-baumwolle-kinder-schlafanzug-lang-18-monate-bis-14-jahre-baby-schlafanzug\\\/#primaryimage\"},\"image\":{\"@id\":\"https:\\\/\\\/marktxxl.de\\\/markt\\\/produkt\\\/disney-lilo-und-stitch-schlafanzug-maedchen-stitch-pyjama-kinder-baumwolle-kinder-schlafanzug-lang-18-monate-bis-14-jahre-baby-schlafanzug\\\/#primaryimage\"},\"thumbnailUrl\":\"https:\\\/\\\/m.media-amazon.com\\\/images\\\/I\\\/51PJGQRhs0L._SL500_.jpg\",\"datePublished\":\"2021-11-12T22:42:40+00:00\",\"dateModified\":\"2023-04-11T00:45:22+00:00\",\"description\":\"Markt-XXL Disney Lilo und Stitch Schlafanzug M\u00e4dchen, Stitch Pyjama Kinder, Baumwolle Kinder Schlafanzug Lang 18 Monate bis 14\u2026\",\"breadcrumb\":{\"@id\":\"https:\\\/\\\/marktxxl.de\\\/markt\\\/produkt\\\/disney-lilo-und-stitch-schlafanzug-maedchen-stitch-pyjama-kinder-baumwolle-kinder-schlafanzug-lang-18-monate-bis-14-jahre-baby-schlafanzug\\\/#breadcrumb\"},\"inLanguage\":\"de\",\"potentialAction\":[{\"@type\":\"ReadAction\",\"target\":[\"https:\\\/\\\/marktxxl.de\\\/markt\\\/produkt\\\/disney-lilo-und-stitch-schlafanzug-maedchen-stitch-pyjama-kinder-baumwolle-kinder-schlafanzug-lang-18-monate-bis-14-jahre-baby-schlafanzug\\\/\"]}]},{\"@type\":\"ImageObject\",\"inLanguage\":\"de\",\"@id\":\"https:\\\/\\\/marktxxl.de\\\/markt\\\/produkt\\\/disney-lilo-und-stitch-schlafanzug-maedchen-stitch-pyjama-kinder-baumwolle-kinder-schlafanzug-lang-18-monate-bis-14-jahre-baby-schlafanzug\\\/#primaryimage\",\"url\":\"https:\\\/\\\/m.media-amazon.com\\\/images\\\/I\\\/51PJGQRhs0L._SL500_.jpg\",\"contentUrl\":\"https:\\\/\\\/m.media-amazon.com\\\/images\\\/I\\\/51PJGQRhs0L._SL500_.jpg\",\"width\":500,\"height\":500},{\"@type\":\"BreadcrumbList\",\"@id\":\"https:\\\/\\\/marktxxl.de\\\/markt\\\/produkt\\\/disney-lilo-und-stitch-schlafanzug-maedchen-stitch-pyjama-kinder-baumwolle-kinder-schlafanzug-lang-18-monate-bis-14-jahre-baby-schlafanzug\\\/#breadcrumb\",\"itemListElement\":[{\"@type\":\"ListItem\",\"position\":1,\"name\":\"Startseite\",\"item\":\"https:\\\/\\\/marktxxl.de\\\/markt\\\/\"},{\"@type\":\"ListItem\",\"position\":2,\"name\":\"Markt\",\"item\":\"https:\\\/\\\/marktxxl.de\\\/markt\\\/\"},{\"@type\":\"ListItem\",\"position\":3,\"name\":\"Disney Lilo und Stitch Schlafanzug M\u00e4dchen, Stitch Pyjama Kinder, Baumwolle Kinder Schlafanzug Lang 18 Monate bis 14\u2026\"}]},{\"@type\":\"WebSite\",\"@id\":\"https:\\\/\\\/marktxxl.de\\\/markt\\\/#website\",\"url\":\"https:\\\/\\\/marktxxl.de\\\/markt\\\/\",\"name\":\"Markt-XXL\",\"description\":\"Ihr Markt Online\",\"publisher\":{\"@id\":\"https:\\\/\\\/marktxxl.de\\\/markt\\\/#organization\"},\"potentialAction\":[{\"@type\":\"SearchAction\",\"target\":{\"@type\":\"EntryPoint\",\"urlTemplate\":\"https:\\\/\\\/marktxxl.de\\\/markt\\\/?s={search_term_string}\"},\"query-input\":{\"@type\":\"PropertyValueSpecification\",\"valueRequired\":true,\"valueName\":\"search_term_string\"}}],\"inLanguage\":\"de\"},{\"@type\":\"Organization\",\"@id\":\"https:\\\/\\\/marktxxl.de\\\/markt\\\/#organization\",\"name\":\"Markt-XXL\",\"url\":\"https:\\\/\\\/marktxxl.de\\\/markt\\\/\",\"logo\":{\"@type\":\"ImageObject\",\"inLanguage\":\"de\",\"@id\":\"https:\\\/\\\/marktxxl.de\\\/markt\\\/#\\\/schema\\\/logo\\\/image\\\/\",\"url\":\"https:\\\/\\\/marktxxl.de\\\/markt\\\/wp-content\\\/uploads\\\/sites\\\/3\\\/2020\\\/12\\\/logo.png\",\"contentUrl\":\"https:\\\/\\\/marktxxl.de\\\/markt\\\/wp-content\\\/uploads\\\/sites\\\/3\\\/2020\\\/12\\\/logo.png\",\"width\":200,\"height\":70,\"caption\":\"Markt-XXL\"},\"image\":{\"@id\":\"https:\\\/\\\/marktxxl.de\\\/markt\\\/#\\\/schema\\\/logo\\\/image\\\/\"}}]}<\/script>\n<!-- \/ Yoast SEO plugin. -->","yoast_head_json":{"title":"Disney Lilo und Stitch Schlafanzug M\u00e4dchen, Stitch Pyjama Kinder, Baumwolle Kinder Schlafanzug Lang 18 Monate bis 14\u2026 - Markt-XXL","description":"Markt-XXL Disney Lilo und Stitch Schlafanzug M\u00e4dchen, Stitch Pyjama Kinder, Baumwolle Kinder Schlafanzug Lang 18 Monate bis 14\u2026","robots":{"index":"index","follow":"follow","max-snippet":"max-snippet:-1","max-image-preview":"max-image-preview:large","max-video-preview":"max-video-preview:-1"},"canonical":"https:\/\/marktxxl.de\/markt\/produkt\/disney-lilo-und-stitch-schlafanzug-maedchen-stitch-pyjama-kinder-baumwolle-kinder-schlafanzug-lang-18-monate-bis-14-jahre-baby-schlafanzug\/","og_locale":"de_DE","og_type":"article","og_title":"Disney Lilo und Stitch Schlafanzug M\u00e4dchen, Stitch Pyjama Kinder, Baumwolle Kinder Schlafanzug Lang 18 Monate bis 14\u2026 - Markt-XXL","og_description":"Markt-XXL Disney Lilo und Stitch Schlafanzug M\u00e4dchen, Stitch Pyjama Kinder, Baumwolle Kinder Schlafanzug Lang 18 Monate bis 14\u2026","og_url":"https:\/\/marktxxl.de\/markt\/produkt\/disney-lilo-und-stitch-schlafanzug-maedchen-stitch-pyjama-kinder-baumwolle-kinder-schlafanzug-lang-18-monate-bis-14-jahre-baby-schlafanzug\/","og_site_name":"Markt-XXL","article_modified_time":"2023-04-11T00:45:22+00:00","og_image":[{"width":500,"height":500,"url":"https:\/\/m.media-amazon.com\/images\/I\/51PJGQRhs0L._SL500_.jpg","type":"image\/jpeg"}],"twitter_card":"summary_large_image","twitter_misc":{"Gesch\u00e4tzte Lesezeit":"2\u00a0Minuten"},"schema":{"@context":"https:\/\/schema.org","@graph":[{"@type":"WebPage","@id":"https:\/\/marktxxl.de\/markt\/produkt\/disney-lilo-und-stitch-schlafanzug-maedchen-stitch-pyjama-kinder-baumwolle-kinder-schlafanzug-lang-18-monate-bis-14-jahre-baby-schlafanzug\/","url":"https:\/\/marktxxl.de\/markt\/produkt\/disney-lilo-und-stitch-schlafanzug-maedchen-stitch-pyjama-kinder-baumwolle-kinder-schlafanzug-lang-18-monate-bis-14-jahre-baby-schlafanzug\/","name":"Disney Lilo und Stitch Schlafanzug M\u00e4dchen, Stitch Pyjama Kinder, Baumwolle Kinder Schlafanzug Lang 18 Monate bis 14\u2026 - Markt-XXL","isPartOf":{"@id":"https:\/\/marktxxl.de\/markt\/#website"},"primaryImageOfPage":{"@id":"https:\/\/marktxxl.de\/markt\/produkt\/disney-lilo-und-stitch-schlafanzug-maedchen-stitch-pyjama-kinder-baumwolle-kinder-schlafanzug-lang-18-monate-bis-14-jahre-baby-schlafanzug\/#primaryimage"},"image":{"@id":"https:\/\/marktxxl.de\/markt\/produkt\/disney-lilo-und-stitch-schlafanzug-maedchen-stitch-pyjama-kinder-baumwolle-kinder-schlafanzug-lang-18-monate-bis-14-jahre-baby-schlafanzug\/#primaryimage"},"thumbnailUrl":"https:\/\/m.media-amazon.com\/images\/I\/51PJGQRhs0L._SL500_.jpg","datePublished":"2021-11-12T22:42:40+00:00","dateModified":"2023-04-11T00:45:22+00:00","description":"Markt-XXL Disney Lilo und Stitch Schlafanzug M\u00e4dchen, Stitch Pyjama Kinder, Baumwolle Kinder Schlafanzug Lang 18 Monate bis 14\u2026","breadcrumb":{"@id":"https:\/\/marktxxl.de\/markt\/produkt\/disney-lilo-und-stitch-schlafanzug-maedchen-stitch-pyjama-kinder-baumwolle-kinder-schlafanzug-lang-18-monate-bis-14-jahre-baby-schlafanzug\/#breadcrumb"},"inLanguage":"de","potentialAction":[{"@type":"ReadAction","target":["https:\/\/marktxxl.de\/markt\/produkt\/disney-lilo-und-stitch-schlafanzug-maedchen-stitch-pyjama-kinder-baumwolle-kinder-schlafanzug-lang-18-monate-bis-14-jahre-baby-schlafanzug\/"]}]},{"@type":"ImageObject","inLanguage":"de","@id":"https:\/\/marktxxl.de\/markt\/produkt\/disney-lilo-und-stitch-schlafanzug-maedchen-stitch-pyjama-kinder-baumwolle-kinder-schlafanzug-lang-18-monate-bis-14-jahre-baby-schlafanzug\/#primaryimage","url":"https:\/\/m.media-amazon.com\/images\/I\/51PJGQRhs0L._SL500_.jpg","contentUrl":"https:\/\/m.media-amazon.com\/images\/I\/51PJGQRhs0L._SL500_.jpg","width":500,"height":500},{"@type":"BreadcrumbList","@id":"https:\/\/marktxxl.de\/markt\/produkt\/disney-lilo-und-stitch-schlafanzug-maedchen-stitch-pyjama-kinder-baumwolle-kinder-schlafanzug-lang-18-monate-bis-14-jahre-baby-schlafanzug\/#breadcrumb","itemListElement":[{"@type":"ListItem","position":1,"name":"Startseite","item":"https:\/\/marktxxl.de\/markt\/"},{"@type":"ListItem","position":2,"name":"Markt","item":"https:\/\/marktxxl.de\/markt\/"},{"@type":"ListItem","position":3,"name":"Disney Lilo und Stitch Schlafanzug M\u00e4dchen, Stitch Pyjama Kinder, Baumwolle Kinder Schlafanzug Lang 18 Monate bis 14\u2026"}]},{"@type":"WebSite","@id":"https:\/\/marktxxl.de\/markt\/#website","url":"https:\/\/marktxxl.de\/markt\/","name":"Markt-XXL","description":"Ihr Markt Online","publisher":{"@id":"https:\/\/marktxxl.de\/markt\/#organization"},"potentialAction":[{"@type":"SearchAction","target":{"@type":"EntryPoint","urlTemplate":"https:\/\/marktxxl.de\/markt\/?s={search_term_string}"},"query-input":{"@type":"PropertyValueSpecification","valueRequired":true,"valueName":"search_term_string"}}],"inLanguage":"de"},{"@type":"Organization","@id":"https:\/\/marktxxl.de\/markt\/#organization","name":"Markt-XXL","url":"https:\/\/marktxxl.de\/markt\/","logo":{"@type":"ImageObject","inLanguage":"de","@id":"https:\/\/marktxxl.de\/markt\/#\/schema\/logo\/image\/","url":"https:\/\/marktxxl.de\/markt\/wp-content\/uploads\/sites\/3\/2020\/12\/logo.png","contentUrl":"https:\/\/marktxxl.de\/markt\/wp-content\/uploads\/sites\/3\/2020\/12\/logo.png","width":200,"height":70,"caption":"Markt-XXL"},"image":{"@id":"https:\/\/marktxxl.de\/markt\/#\/schema\/logo\/image\/"}}]}},"_links":{"self":[{"href":"https:\/\/marktxxl.de\/markt\/wp-json\/wp\/v2\/product\/72228","targetHints":{"allow":["GET"]}}],"collection":[{"href":"https:\/\/marktxxl.de\/markt\/wp-json\/wp\/v2\/product"}],"about":[{"href":"https:\/\/marktxxl.de\/markt\/wp-json\/wp\/v2\/types\/product"}],"replies":[{"embeddable":true,"href":"https:\/\/marktxxl.de\/markt\/wp-json\/wp\/v2\/comments?post=72228"}],"wp:featuredmedia":[{"embeddable":true,"href":"https:\/\/marktxxl.de\/markt\/wp-json\/wp\/v2\/media\/72229"}],"wp:attachment":[{"href":"https:\/\/marktxxl.de\/markt\/wp-json\/wp\/v2\/media?parent=72228"}],"wp:term":[{"taxonomy":"product_brand","embeddable":true,"href":"https:\/\/marktxxl.de\/markt\/wp-json\/wp\/v2\/product_brand?post=72228"},{"taxonomy":"product_cat","embeddable":true,"href":"https:\/\/marktxxl.de\/markt\/wp-json\/wp\/v2\/product_cat?post=72228"},{"taxonomy":"product_tag","embeddable":true,"href":"https:\/\/marktxxl.de\/markt\/wp-json\/wp\/v2\/product_tag?post=72228"}],"curies":[{"name":"wp","href":"https:\/\/api.w.org\/{rel}","templated":true}]}}