{"id":72152,"date":"2021-11-12T23:39:25","date_gmt":"2021-11-12T22:39:25","guid":{"rendered":"https:\/\/marktxxl.de\/markt\/produkt\/oversized-unisex-decke-hoodie-mit-aermeln-kapuze-grosse-fronttasche-tragbare-kuscheldecke-mit-flanell-sherpa-fleece-riesige-decke-sweatshirt-fuer-erwachsene-jugendliche-kinder\/"},"modified":"2023-04-11T02:45:21","modified_gmt":"2023-04-11T00:45:21","slug":"oversized-unisex-decke-hoodie-mit-aermeln-kapuze-grosse-fronttasche-tragbare-kuscheldecke-mit-flanell-sherpa-fleece-riesige-decke-sweatshirt-fuer-erwachsene-jugendliche-kinder","status":"publish","type":"product","link":"https:\/\/marktxxl.de\/markt\/produkt\/oversized-unisex-decke-hoodie-mit-aermeln-kapuze-grosse-fronttasche-tragbare-kuscheldecke-mit-flanell-sherpa-fleece-riesige-decke-sweatshirt-fuer-erwachsene-jugendliche-kinder\/","title":{"rendered":"Oversized Unisex Decke Hoodie mit \u00c4rmeln Kapuze Gro\u00dfe Fronttasche Tragbare Kuscheldecke mit Flanell Sherpa Fleece\u2026"},"content":{"rendered":"<p>Kapuzenjacke: Diese \u00fcbergro\u00dfe lose tragbare Decke verwendet superweiches, hochwertiges Sherpa-Fleece, das Sie von Kopf bis Fu\u00df warm halten kann, mit elastischen B\u00fcndchen und praktischer Riesentasche f\u00fcr alle Ihre Bed\u00fcrfnisse. Machen Sie sich keine Sorgen \u00fcber Verrutschen oder Verrutschen. Es zieht auch nicht auf dem Boden.<br \/>\nDieses warme kuschelige Riesen-Kapuzen-Sweatshirt ist f\u00fcr viele Anl\u00e4sse geeignet: Sie k\u00f6nnen diesen Kapuzenpullover tragen, um zu Hause zu entspannen, wie Fernsehen, Videospiele zu spielen oder am Laptop zu arbeiten. Sie k\u00f6nnen es auch beim Camping, auf Reisen oder bei Sportveranstaltungen oder Konzerten tragen.<br \/>\nSnuggies Huggle Kapuzenpullover, Decke: Einheitsgr\u00f6\u00dfe. Diese gem\u00fctliche und bequeme Decke ist geeignet f\u00fcr Frauen, M\u00e4dchen, Jugendliche, Jugendliche, Erwachsene, M\u00e4nner, Freunde und Familie<br \/>\nPerfektes Geschenk: Tolles Geschenk f\u00fcr Geburtstag, Muttertag, Vatertag, Erntedankfest, Weihnachten, Neujahr, Valentinstag. In verschiedenen Farben erh\u00e4ltlich.<br \/>\nW\u00e4sche-Leitfaden: Legen Sie es in kaltes Wasser und waschen Sie es, dann separat auf niedriger Stufe im Trockner trocknen.<br \/>\n<div class=\"main-cross-sell\" data-asin=\"B08DKQN9J8\">\n\n\t<div class=\"WooZone-cross-sell-loader\">\n\t\t<div>\n\t\t\t<div id=\"floatingBarsG\">\n\t\t\t\t<div class=\"blockG\" id=\"rotateG_01\"><\/div>\n\t\t\t\t<div class=\"blockG\" id=\"rotateG_02\"><\/div>\n\t\t\t\t<div class=\"blockG\" id=\"rotateG_03\"><\/div>\n\t\t\t\t<div class=\"blockG\" id=\"rotateG_04\"><\/div>\n\t\t\t\t<div class=\"blockG\" id=\"rotateG_05\"><\/div>\n\t\t\t\t<div class=\"blockG\" id=\"rotateG_06\"><\/div>\n\t\t\t\t<div class=\"blockG\" id=\"rotateG_07\"><\/div>\n\t\t\t\t<div class=\"blockG\" id=\"rotateG_08\"><\/div>\n\t\t\t<\/div>\n\t\t\t<div class=\"WooZone-cross-sell-loader-text\"><\/div>\n\t\t<\/div>\n\t<\/div>\n\n\t\t\n<\/div>\n<div style=\"clear:both;\"><\/div><\/p>\n","protected":false},"excerpt":{"rendered":"<p>Kapuzenjacke: Diese \u00fcbergro\u00dfe lose tragbare Decke verwendet superweiches, hochwertiges Sherpa-Fleece, das Sie von Kopf bis Fu\u00df warm halten kann, mit elastischen B\u00fcndchen und praktischer Riesentasche f\u00fcr alle Ihre Bed\u00fcrfnisse. Machen Sie sich keine Sorgen \u00fcber Verrutschen oder Verrutschen. Es zieht auch nicht auf dem Boden.<br \/>\nDieses warme kuschelige Riesen-Kapuzen-Sweatshirt ist f\u00fcr viele Anl\u00e4sse geeignet: Sie k\u00f6nnen diesen Kapuzenpullover tragen, um zu Hause zu entspannen, wie Fernsehen, Videospiele zu spielen oder am Laptop zu arbeiten. Sie k\u00f6nnen es auch beim Camping, auf Reisen oder bei Sportveranstaltungen oder Konzerten tragen.<br \/>\nSnuggies Huggle Kapuzenpullover, Decke: Einheitsgr\u00f6\u00dfe. Diese gem\u00fctliche und bequeme Decke ist geeignet f\u00fcr Frauen, M\u00e4dchen, Jugendliche, Jugendliche, Erwachsene, M\u00e4nner, Freunde und Familie<\/p>\n","protected":false},"featured_media":72153,"comment_status":"open","ping_status":"closed","template":"","meta":[],"product_brand":[],"product_cat":[1186,3990],"product_tag":[],"class_list":{"0":"post-72152","1":"product","2":"type-product","3":"status-publish","4":"has-post-thumbnail","6":"product_cat-bekleidung","7":"product_cat-maedchen","8":"pa_brand-pro-maison","9":"pa_manufacturer-pro-maison","10":"pa_size-32-40","12":"first","13":"instock","14":"shipping-taxable","15":"purchasable","16":"product-type-simple","17":"customify-col","18":"product-has-gallery"},"yoast_head":"<!-- This site is optimized with the Yoast SEO plugin v27.4 - https:\/\/yoast.com\/product\/yoast-seo-wordpress\/ -->\n<title>Oversized Unisex Decke Hoodie mit \u00c4rmeln Kapuze Gro\u00dfe Fronttasche Tragbare Kuscheldecke mit Flanell Sherpa Fleece\u2026 - Markt-XXL<\/title>\n<meta name=\"description\" content=\"Markt-XXL Oversized Unisex Decke Hoodie mit \u00c4rmeln Kapuze Gro\u00dfe Fronttasche Tragbare Kuscheldecke mit Flanell Sherpa Fleece\u2026\" \/>\n<meta name=\"robots\" content=\"index, follow, max-snippet:-1, max-image-preview:large, max-video-preview:-1\" \/>\n<link rel=\"canonical\" href=\"https:\/\/marktxxl.de\/markt\/produkt\/oversized-unisex-decke-hoodie-mit-aermeln-kapuze-grosse-fronttasche-tragbare-kuscheldecke-mit-flanell-sherpa-fleece-riesige-decke-sweatshirt-fuer-erwachsene-jugendliche-kinder\/\" \/>\n<meta property=\"og:locale\" content=\"de_DE\" \/>\n<meta property=\"og:type\" content=\"article\" \/>\n<meta property=\"og:title\" content=\"Oversized Unisex Decke Hoodie mit \u00c4rmeln Kapuze Gro\u00dfe Fronttasche Tragbare Kuscheldecke mit Flanell Sherpa Fleece\u2026 - Markt-XXL\" \/>\n<meta property=\"og:description\" content=\"Markt-XXL Oversized Unisex Decke Hoodie mit \u00c4rmeln Kapuze Gro\u00dfe Fronttasche Tragbare Kuscheldecke mit Flanell Sherpa Fleece\u2026\" \/>\n<meta property=\"og:url\" content=\"https:\/\/marktxxl.de\/markt\/produkt\/oversized-unisex-decke-hoodie-mit-aermeln-kapuze-grosse-fronttasche-tragbare-kuscheldecke-mit-flanell-sherpa-fleece-riesige-decke-sweatshirt-fuer-erwachsene-jugendliche-kinder\/\" \/>\n<meta property=\"og:site_name\" content=\"Markt-XXL\" \/>\n<meta property=\"article:modified_time\" content=\"2023-04-11T00:45:21+00:00\" \/>\n<meta property=\"og:image\" content=\"https:\/\/m.media-amazon.com\/images\/I\/412EXrzkNiL._SL500_.jpg\" \/>\n\t<meta property=\"og:image:width\" content=\"500\" \/>\n\t<meta property=\"og:image:height\" content=\"500\" \/>\n\t<meta property=\"og:image:type\" content=\"image\/jpeg\" \/>\n<meta name=\"twitter:card\" content=\"summary_large_image\" \/>\n<meta name=\"twitter:label1\" content=\"Gesch\u00e4tzte Lesezeit\" \/>\n\t<meta name=\"twitter:data1\" content=\"1\u00a0Minute\" \/>\n<script type=\"application\/ld+json\" class=\"yoast-schema-graph\">{\"@context\":\"https:\\\/\\\/schema.org\",\"@graph\":[{\"@type\":\"WebPage\",\"@id\":\"https:\\\/\\\/marktxxl.de\\\/markt\\\/produkt\\\/oversized-unisex-decke-hoodie-mit-aermeln-kapuze-grosse-fronttasche-tragbare-kuscheldecke-mit-flanell-sherpa-fleece-riesige-decke-sweatshirt-fuer-erwachsene-jugendliche-kinder\\\/\",\"url\":\"https:\\\/\\\/marktxxl.de\\\/markt\\\/produkt\\\/oversized-unisex-decke-hoodie-mit-aermeln-kapuze-grosse-fronttasche-tragbare-kuscheldecke-mit-flanell-sherpa-fleece-riesige-decke-sweatshirt-fuer-erwachsene-jugendliche-kinder\\\/\",\"name\":\"Oversized Unisex Decke Hoodie mit \u00c4rmeln Kapuze Gro\u00dfe Fronttasche Tragbare Kuscheldecke mit Flanell Sherpa Fleece\u2026 - Markt-XXL\",\"isPartOf\":{\"@id\":\"https:\\\/\\\/marktxxl.de\\\/markt\\\/#website\"},\"primaryImageOfPage\":{\"@id\":\"https:\\\/\\\/marktxxl.de\\\/markt\\\/produkt\\\/oversized-unisex-decke-hoodie-mit-aermeln-kapuze-grosse-fronttasche-tragbare-kuscheldecke-mit-flanell-sherpa-fleece-riesige-decke-sweatshirt-fuer-erwachsene-jugendliche-kinder\\\/#primaryimage\"},\"image\":{\"@id\":\"https:\\\/\\\/marktxxl.de\\\/markt\\\/produkt\\\/oversized-unisex-decke-hoodie-mit-aermeln-kapuze-grosse-fronttasche-tragbare-kuscheldecke-mit-flanell-sherpa-fleece-riesige-decke-sweatshirt-fuer-erwachsene-jugendliche-kinder\\\/#primaryimage\"},\"thumbnailUrl\":\"https:\\\/\\\/m.media-amazon.com\\\/images\\\/I\\\/412EXrzkNiL._SL500_.jpg\",\"datePublished\":\"2021-11-12T22:39:25+00:00\",\"dateModified\":\"2023-04-11T00:45:21+00:00\",\"description\":\"Markt-XXL Oversized Unisex Decke Hoodie mit \u00c4rmeln Kapuze Gro\u00dfe Fronttasche Tragbare Kuscheldecke mit Flanell Sherpa Fleece\u2026\",\"breadcrumb\":{\"@id\":\"https:\\\/\\\/marktxxl.de\\\/markt\\\/produkt\\\/oversized-unisex-decke-hoodie-mit-aermeln-kapuze-grosse-fronttasche-tragbare-kuscheldecke-mit-flanell-sherpa-fleece-riesige-decke-sweatshirt-fuer-erwachsene-jugendliche-kinder\\\/#breadcrumb\"},\"inLanguage\":\"de\",\"potentialAction\":[{\"@type\":\"ReadAction\",\"target\":[\"https:\\\/\\\/marktxxl.de\\\/markt\\\/produkt\\\/oversized-unisex-decke-hoodie-mit-aermeln-kapuze-grosse-fronttasche-tragbare-kuscheldecke-mit-flanell-sherpa-fleece-riesige-decke-sweatshirt-fuer-erwachsene-jugendliche-kinder\\\/\"]}]},{\"@type\":\"ImageObject\",\"inLanguage\":\"de\",\"@id\":\"https:\\\/\\\/marktxxl.de\\\/markt\\\/produkt\\\/oversized-unisex-decke-hoodie-mit-aermeln-kapuze-grosse-fronttasche-tragbare-kuscheldecke-mit-flanell-sherpa-fleece-riesige-decke-sweatshirt-fuer-erwachsene-jugendliche-kinder\\\/#primaryimage\",\"url\":\"https:\\\/\\\/m.media-amazon.com\\\/images\\\/I\\\/412EXrzkNiL._SL500_.jpg\",\"contentUrl\":\"https:\\\/\\\/m.media-amazon.com\\\/images\\\/I\\\/412EXrzkNiL._SL500_.jpg\",\"width\":500,\"height\":500},{\"@type\":\"BreadcrumbList\",\"@id\":\"https:\\\/\\\/marktxxl.de\\\/markt\\\/produkt\\\/oversized-unisex-decke-hoodie-mit-aermeln-kapuze-grosse-fronttasche-tragbare-kuscheldecke-mit-flanell-sherpa-fleece-riesige-decke-sweatshirt-fuer-erwachsene-jugendliche-kinder\\\/#breadcrumb\",\"itemListElement\":[{\"@type\":\"ListItem\",\"position\":1,\"name\":\"Startseite\",\"item\":\"https:\\\/\\\/marktxxl.de\\\/markt\\\/\"},{\"@type\":\"ListItem\",\"position\":2,\"name\":\"Markt\",\"item\":\"https:\\\/\\\/marktxxl.de\\\/markt\\\/\"},{\"@type\":\"ListItem\",\"position\":3,\"name\":\"Oversized Unisex Decke Hoodie mit \u00c4rmeln Kapuze Gro\u00dfe Fronttasche Tragbare Kuscheldecke mit Flanell Sherpa Fleece\u2026\"}]},{\"@type\":\"WebSite\",\"@id\":\"https:\\\/\\\/marktxxl.de\\\/markt\\\/#website\",\"url\":\"https:\\\/\\\/marktxxl.de\\\/markt\\\/\",\"name\":\"Markt-XXL\",\"description\":\"Ihr Markt Online\",\"publisher\":{\"@id\":\"https:\\\/\\\/marktxxl.de\\\/markt\\\/#organization\"},\"potentialAction\":[{\"@type\":\"SearchAction\",\"target\":{\"@type\":\"EntryPoint\",\"urlTemplate\":\"https:\\\/\\\/marktxxl.de\\\/markt\\\/?s={search_term_string}\"},\"query-input\":{\"@type\":\"PropertyValueSpecification\",\"valueRequired\":true,\"valueName\":\"search_term_string\"}}],\"inLanguage\":\"de\"},{\"@type\":\"Organization\",\"@id\":\"https:\\\/\\\/marktxxl.de\\\/markt\\\/#organization\",\"name\":\"Markt-XXL\",\"url\":\"https:\\\/\\\/marktxxl.de\\\/markt\\\/\",\"logo\":{\"@type\":\"ImageObject\",\"inLanguage\":\"de\",\"@id\":\"https:\\\/\\\/marktxxl.de\\\/markt\\\/#\\\/schema\\\/logo\\\/image\\\/\",\"url\":\"https:\\\/\\\/marktxxl.de\\\/markt\\\/wp-content\\\/uploads\\\/sites\\\/3\\\/2020\\\/12\\\/logo.png\",\"contentUrl\":\"https:\\\/\\\/marktxxl.de\\\/markt\\\/wp-content\\\/uploads\\\/sites\\\/3\\\/2020\\\/12\\\/logo.png\",\"width\":200,\"height\":70,\"caption\":\"Markt-XXL\"},\"image\":{\"@id\":\"https:\\\/\\\/marktxxl.de\\\/markt\\\/#\\\/schema\\\/logo\\\/image\\\/\"}}]}<\/script>\n<!-- \/ Yoast SEO plugin. -->","yoast_head_json":{"title":"Oversized Unisex Decke Hoodie mit \u00c4rmeln Kapuze Gro\u00dfe Fronttasche Tragbare Kuscheldecke mit Flanell Sherpa Fleece\u2026 - Markt-XXL","description":"Markt-XXL Oversized Unisex Decke Hoodie mit \u00c4rmeln Kapuze Gro\u00dfe Fronttasche Tragbare Kuscheldecke mit Flanell Sherpa Fleece\u2026","robots":{"index":"index","follow":"follow","max-snippet":"max-snippet:-1","max-image-preview":"max-image-preview:large","max-video-preview":"max-video-preview:-1"},"canonical":"https:\/\/marktxxl.de\/markt\/produkt\/oversized-unisex-decke-hoodie-mit-aermeln-kapuze-grosse-fronttasche-tragbare-kuscheldecke-mit-flanell-sherpa-fleece-riesige-decke-sweatshirt-fuer-erwachsene-jugendliche-kinder\/","og_locale":"de_DE","og_type":"article","og_title":"Oversized Unisex Decke Hoodie mit \u00c4rmeln Kapuze Gro\u00dfe Fronttasche Tragbare Kuscheldecke mit Flanell Sherpa Fleece\u2026 - Markt-XXL","og_description":"Markt-XXL Oversized Unisex Decke Hoodie mit \u00c4rmeln Kapuze Gro\u00dfe Fronttasche Tragbare Kuscheldecke mit Flanell Sherpa Fleece\u2026","og_url":"https:\/\/marktxxl.de\/markt\/produkt\/oversized-unisex-decke-hoodie-mit-aermeln-kapuze-grosse-fronttasche-tragbare-kuscheldecke-mit-flanell-sherpa-fleece-riesige-decke-sweatshirt-fuer-erwachsene-jugendliche-kinder\/","og_site_name":"Markt-XXL","article_modified_time":"2023-04-11T00:45:21+00:00","og_image":[{"width":500,"height":500,"url":"https:\/\/m.media-amazon.com\/images\/I\/412EXrzkNiL._SL500_.jpg","type":"image\/jpeg"}],"twitter_card":"summary_large_image","twitter_misc":{"Gesch\u00e4tzte Lesezeit":"1\u00a0Minute"},"schema":{"@context":"https:\/\/schema.org","@graph":[{"@type":"WebPage","@id":"https:\/\/marktxxl.de\/markt\/produkt\/oversized-unisex-decke-hoodie-mit-aermeln-kapuze-grosse-fronttasche-tragbare-kuscheldecke-mit-flanell-sherpa-fleece-riesige-decke-sweatshirt-fuer-erwachsene-jugendliche-kinder\/","url":"https:\/\/marktxxl.de\/markt\/produkt\/oversized-unisex-decke-hoodie-mit-aermeln-kapuze-grosse-fronttasche-tragbare-kuscheldecke-mit-flanell-sherpa-fleece-riesige-decke-sweatshirt-fuer-erwachsene-jugendliche-kinder\/","name":"Oversized Unisex Decke Hoodie mit \u00c4rmeln Kapuze Gro\u00dfe Fronttasche Tragbare Kuscheldecke mit Flanell Sherpa Fleece\u2026 - Markt-XXL","isPartOf":{"@id":"https:\/\/marktxxl.de\/markt\/#website"},"primaryImageOfPage":{"@id":"https:\/\/marktxxl.de\/markt\/produkt\/oversized-unisex-decke-hoodie-mit-aermeln-kapuze-grosse-fronttasche-tragbare-kuscheldecke-mit-flanell-sherpa-fleece-riesige-decke-sweatshirt-fuer-erwachsene-jugendliche-kinder\/#primaryimage"},"image":{"@id":"https:\/\/marktxxl.de\/markt\/produkt\/oversized-unisex-decke-hoodie-mit-aermeln-kapuze-grosse-fronttasche-tragbare-kuscheldecke-mit-flanell-sherpa-fleece-riesige-decke-sweatshirt-fuer-erwachsene-jugendliche-kinder\/#primaryimage"},"thumbnailUrl":"https:\/\/m.media-amazon.com\/images\/I\/412EXrzkNiL._SL500_.jpg","datePublished":"2021-11-12T22:39:25+00:00","dateModified":"2023-04-11T00:45:21+00:00","description":"Markt-XXL Oversized Unisex Decke Hoodie mit \u00c4rmeln Kapuze Gro\u00dfe Fronttasche Tragbare Kuscheldecke mit Flanell Sherpa Fleece\u2026","breadcrumb":{"@id":"https:\/\/marktxxl.de\/markt\/produkt\/oversized-unisex-decke-hoodie-mit-aermeln-kapuze-grosse-fronttasche-tragbare-kuscheldecke-mit-flanell-sherpa-fleece-riesige-decke-sweatshirt-fuer-erwachsene-jugendliche-kinder\/#breadcrumb"},"inLanguage":"de","potentialAction":[{"@type":"ReadAction","target":["https:\/\/marktxxl.de\/markt\/produkt\/oversized-unisex-decke-hoodie-mit-aermeln-kapuze-grosse-fronttasche-tragbare-kuscheldecke-mit-flanell-sherpa-fleece-riesige-decke-sweatshirt-fuer-erwachsene-jugendliche-kinder\/"]}]},{"@type":"ImageObject","inLanguage":"de","@id":"https:\/\/marktxxl.de\/markt\/produkt\/oversized-unisex-decke-hoodie-mit-aermeln-kapuze-grosse-fronttasche-tragbare-kuscheldecke-mit-flanell-sherpa-fleece-riesige-decke-sweatshirt-fuer-erwachsene-jugendliche-kinder\/#primaryimage","url":"https:\/\/m.media-amazon.com\/images\/I\/412EXrzkNiL._SL500_.jpg","contentUrl":"https:\/\/m.media-amazon.com\/images\/I\/412EXrzkNiL._SL500_.jpg","width":500,"height":500},{"@type":"BreadcrumbList","@id":"https:\/\/marktxxl.de\/markt\/produkt\/oversized-unisex-decke-hoodie-mit-aermeln-kapuze-grosse-fronttasche-tragbare-kuscheldecke-mit-flanell-sherpa-fleece-riesige-decke-sweatshirt-fuer-erwachsene-jugendliche-kinder\/#breadcrumb","itemListElement":[{"@type":"ListItem","position":1,"name":"Startseite","item":"https:\/\/marktxxl.de\/markt\/"},{"@type":"ListItem","position":2,"name":"Markt","item":"https:\/\/marktxxl.de\/markt\/"},{"@type":"ListItem","position":3,"name":"Oversized Unisex Decke Hoodie mit \u00c4rmeln Kapuze Gro\u00dfe Fronttasche Tragbare Kuscheldecke mit Flanell Sherpa Fleece\u2026"}]},{"@type":"WebSite","@id":"https:\/\/marktxxl.de\/markt\/#website","url":"https:\/\/marktxxl.de\/markt\/","name":"Markt-XXL","description":"Ihr Markt Online","publisher":{"@id":"https:\/\/marktxxl.de\/markt\/#organization"},"potentialAction":[{"@type":"SearchAction","target":{"@type":"EntryPoint","urlTemplate":"https:\/\/marktxxl.de\/markt\/?s={search_term_string}"},"query-input":{"@type":"PropertyValueSpecification","valueRequired":true,"valueName":"search_term_string"}}],"inLanguage":"de"},{"@type":"Organization","@id":"https:\/\/marktxxl.de\/markt\/#organization","name":"Markt-XXL","url":"https:\/\/marktxxl.de\/markt\/","logo":{"@type":"ImageObject","inLanguage":"de","@id":"https:\/\/marktxxl.de\/markt\/#\/schema\/logo\/image\/","url":"https:\/\/marktxxl.de\/markt\/wp-content\/uploads\/sites\/3\/2020\/12\/logo.png","contentUrl":"https:\/\/marktxxl.de\/markt\/wp-content\/uploads\/sites\/3\/2020\/12\/logo.png","width":200,"height":70,"caption":"Markt-XXL"},"image":{"@id":"https:\/\/marktxxl.de\/markt\/#\/schema\/logo\/image\/"}}]}},"_links":{"self":[{"href":"https:\/\/marktxxl.de\/markt\/wp-json\/wp\/v2\/product\/72152","targetHints":{"allow":["GET"]}}],"collection":[{"href":"https:\/\/marktxxl.de\/markt\/wp-json\/wp\/v2\/product"}],"about":[{"href":"https:\/\/marktxxl.de\/markt\/wp-json\/wp\/v2\/types\/product"}],"replies":[{"embeddable":true,"href":"https:\/\/marktxxl.de\/markt\/wp-json\/wp\/v2\/comments?post=72152"}],"wp:featuredmedia":[{"embeddable":true,"href":"https:\/\/marktxxl.de\/markt\/wp-json\/wp\/v2\/media\/72153"}],"wp:attachment":[{"href":"https:\/\/marktxxl.de\/markt\/wp-json\/wp\/v2\/media?parent=72152"}],"wp:term":[{"taxonomy":"product_brand","embeddable":true,"href":"https:\/\/marktxxl.de\/markt\/wp-json\/wp\/v2\/product_brand?post=72152"},{"taxonomy":"product_cat","embeddable":true,"href":"https:\/\/marktxxl.de\/markt\/wp-json\/wp\/v2\/product_cat?post=72152"},{"taxonomy":"product_tag","embeddable":true,"href":"https:\/\/marktxxl.de\/markt\/wp-json\/wp\/v2\/product_tag?post=72152"}],"curies":[{"name":"wp","href":"https:\/\/api.w.org\/{rel}","templated":true}]}}