{"id":72129,"date":"2021-11-12T23:39:11","date_gmt":"2021-11-12T22:39:11","guid":{"rendered":"https:\/\/marktxxl.de\/markt\/produkt\/disney-maedchen-girls-frozen-fantasy-nightgown-nachthemd\/"},"modified":"2023-04-11T02:45:21","modified_gmt":"2023-04-11T00:45:21","slug":"disney-maedchen-girls-frozen-fantasy-nightgown-nachthemd","status":"publish","type":"product","link":"https:\/\/marktxxl.de\/markt\/produkt\/disney-maedchen-girls-frozen-fantasy-nightgown-nachthemd\/","title":{"rendered":"Disney M\u00e4dchen Girls&#8217; Frozen Fantasy Nightgown Nachthemd"},"content":{"rendered":"<p>Die Eisk\u00f6nigin 2: Machen Sie sich gem\u00fctlich und machen Sie sich bereit f\u00fcr einige Blizzarding-Spa\u00df mit Schwestern Elsa, Anna und nat\u00fcrlich auch Olaf. M\u00f6ge ihre Tr\u00e4ume sie auf spannende Abenteuer mit durch Arendelle nehmen. Offizielles Lizenzprodukt.<br \/>\nFantastisches Nachthemd: Ein glitzerndes Kleid, genau wie Ihre Lieblings-Prinzessin. Ausgefallene \u00c4rmel, glitzernde Overlays, R\u00fcschen und Applikationen, diese sicher f\u00fcrs Schlafen. Verkleiden Sie sich mit allen R\u00fcschen und Komfort.<br \/>\nGr\u00f6\u00dfen: Alle Gr\u00f6\u00dfen entsprechen den Standardvorschriften der National Retail Federation f\u00fcr Kleinkinder (12 Monate, 18 Monate, 24 Monate, 2T, 3T, 4T), sowie gro\u00dfen Kindern (4, 6, 8, 10, 12)<br \/>\nSicherheit und Komfort: Hergestellt aus weichen und bequemen Stoffen, um eine gem\u00fctliche Nachtruhe zu gew\u00e4hrleisten. Dieser Artikel besteht aus 100 % Polyester. Gem\u00e4\u00df Sicherheitsma\u00dfnahmen ist dieser Artikel schwer entflammbar.<br \/>\nPflegeleicht: Dieses Produkt ist aus hochwertigen Stoffen hergestellt, wodurch es leicht zu pflegen ist und das Schlafengehen zu einem Kinderspiel wird. Um die Kopfschmerzen der W\u00e4sche auf ein Minimum zu halten und sicherzustellen, dass die Artikel nach wiederholtem Waschen gut bleiben, verwenden Sie bitte Waschmittel und trocknen bei niedriger Temperatur.<br \/>\n<div class=\"main-cross-sell\" data-asin=\"B087DNMBL7\">\n\n\t<div class=\"WooZone-cross-sell-loader\">\n\t\t<div>\n\t\t\t<div id=\"floatingBarsG\">\n\t\t\t\t<div class=\"blockG\" id=\"rotateG_01\"><\/div>\n\t\t\t\t<div class=\"blockG\" id=\"rotateG_02\"><\/div>\n\t\t\t\t<div class=\"blockG\" id=\"rotateG_03\"><\/div>\n\t\t\t\t<div class=\"blockG\" id=\"rotateG_04\"><\/div>\n\t\t\t\t<div class=\"blockG\" id=\"rotateG_05\"><\/div>\n\t\t\t\t<div class=\"blockG\" id=\"rotateG_06\"><\/div>\n\t\t\t\t<div class=\"blockG\" id=\"rotateG_07\"><\/div>\n\t\t\t\t<div class=\"blockG\" id=\"rotateG_08\"><\/div>\n\t\t\t<\/div>\n\t\t\t<div class=\"WooZone-cross-sell-loader-text\"><\/div>\n\t\t<\/div>\n\t<\/div>\n\n\t\t\n<\/div>\n<div style=\"clear:both;\"><\/div><\/p>\n","protected":false},"excerpt":{"rendered":"<p>Die Eisk\u00f6nigin 2: Machen Sie sich gem\u00fctlich und machen Sie sich bereit f\u00fcr einige Blizzarding-Spa\u00df mit Schwestern Elsa, Anna und nat\u00fcrlich auch Olaf. M\u00f6ge ihre Tr\u00e4ume sie auf spannende Abenteuer mit durch Arendelle nehmen. Offizielles Lizenzprodukt.<br \/>\nFantastisches Nachthemd: Ein glitzerndes Kleid, genau wie Ihre Lieblings-Prinzessin. Ausgefallene \u00c4rmel, glitzernde Overlays, R\u00fcschen und Applikationen, diese sicher f\u00fcrs Schlafen. Verkleiden Sie sich mit allen R\u00fcschen und Komfort.<br \/>\nGr\u00f6\u00dfen: Alle Gr\u00f6\u00dfen entsprechen den Standardvorschriften der National Retail Federation f\u00fcr Kleinkinder (12 Monate, 18 Monate, 24 Monate, 2T, 3T, 4T), sowie gro\u00dfen Kindern (4, 6, 8, 10, 12)<\/p>\n","protected":false},"featured_media":72130,"comment_status":"open","ping_status":"closed","template":"","meta":[],"product_brand":[],"product_cat":[1186,3990],"product_tag":[],"class_list":{"0":"post-72129","1":"product","2":"type-product","3":"status-publish","4":"has-post-thumbnail","6":"product_cat-bekleidung","7":"product_cat-maedchen","8":"pa_binding-textilien","9":"pa_brand-disney","10":"pa_color-rose","11":"pa_manufacturer-disney","12":"pa_model-21f2049ggtdz","14":"first","15":"instock","16":"shipping-taxable","17":"purchasable","18":"product-type-simple","19":"customify-col","20":"product-has-gallery"},"yoast_head":"<!-- This site is optimized with the Yoast SEO plugin v27.4 - https:\/\/yoast.com\/product\/yoast-seo-wordpress\/ -->\n<title>Disney M\u00e4dchen Girls&#039; Frozen Fantasy Nightgown Nachthemd - Markt-XXL<\/title>\n<meta name=\"description\" content=\"Markt-XXL Disney M\u00e4dchen Girls&#039; Frozen Fantasy Nightgown Nachthemd\" \/>\n<meta name=\"robots\" content=\"index, follow, max-snippet:-1, max-image-preview:large, max-video-preview:-1\" \/>\n<link rel=\"canonical\" href=\"https:\/\/marktxxl.de\/markt\/produkt\/disney-maedchen-girls-frozen-fantasy-nightgown-nachthemd\/\" \/>\n<meta property=\"og:locale\" content=\"de_DE\" \/>\n<meta property=\"og:type\" content=\"article\" \/>\n<meta property=\"og:title\" content=\"Disney M\u00e4dchen Girls&#039; Frozen Fantasy Nightgown Nachthemd - Markt-XXL\" \/>\n<meta property=\"og:description\" content=\"Markt-XXL Disney M\u00e4dchen Girls&#039; Frozen Fantasy Nightgown Nachthemd\" \/>\n<meta property=\"og:url\" content=\"https:\/\/marktxxl.de\/markt\/produkt\/disney-maedchen-girls-frozen-fantasy-nightgown-nachthemd\/\" \/>\n<meta property=\"og:site_name\" content=\"Markt-XXL\" \/>\n<meta property=\"article:modified_time\" content=\"2023-04-11T00:45:21+00:00\" \/>\n<meta property=\"og:image\" content=\"https:\/\/m.media-amazon.com\/images\/I\/51+p1uQpA+L._SL500_.jpg\" \/>\n\t<meta property=\"og:image:width\" content=\"400\" \/>\n\t<meta property=\"og:image:height\" content=\"500\" \/>\n\t<meta property=\"og:image:type\" content=\"image\/jpeg\" \/>\n<meta name=\"twitter:card\" content=\"summary_large_image\" \/>\n<meta name=\"twitter:label1\" content=\"Gesch\u00e4tzte Lesezeit\" \/>\n\t<meta name=\"twitter:data1\" content=\"1\u00a0Minute\" \/>\n<script type=\"application\/ld+json\" class=\"yoast-schema-graph\">{\"@context\":\"https:\\\/\\\/schema.org\",\"@graph\":[{\"@type\":\"WebPage\",\"@id\":\"https:\\\/\\\/marktxxl.de\\\/markt\\\/produkt\\\/disney-maedchen-girls-frozen-fantasy-nightgown-nachthemd\\\/\",\"url\":\"https:\\\/\\\/marktxxl.de\\\/markt\\\/produkt\\\/disney-maedchen-girls-frozen-fantasy-nightgown-nachthemd\\\/\",\"name\":\"Disney M\u00e4dchen Girls' Frozen Fantasy Nightgown Nachthemd - Markt-XXL\",\"isPartOf\":{\"@id\":\"https:\\\/\\\/marktxxl.de\\\/markt\\\/#website\"},\"primaryImageOfPage\":{\"@id\":\"https:\\\/\\\/marktxxl.de\\\/markt\\\/produkt\\\/disney-maedchen-girls-frozen-fantasy-nightgown-nachthemd\\\/#primaryimage\"},\"image\":{\"@id\":\"https:\\\/\\\/marktxxl.de\\\/markt\\\/produkt\\\/disney-maedchen-girls-frozen-fantasy-nightgown-nachthemd\\\/#primaryimage\"},\"thumbnailUrl\":\"https:\\\/\\\/m.media-amazon.com\\\/images\\\/I\\\/51+p1uQpA+L._SL500_.jpg\",\"datePublished\":\"2021-11-12T22:39:11+00:00\",\"dateModified\":\"2023-04-11T00:45:21+00:00\",\"description\":\"Markt-XXL Disney M\u00e4dchen Girls' Frozen Fantasy Nightgown Nachthemd\",\"breadcrumb\":{\"@id\":\"https:\\\/\\\/marktxxl.de\\\/markt\\\/produkt\\\/disney-maedchen-girls-frozen-fantasy-nightgown-nachthemd\\\/#breadcrumb\"},\"inLanguage\":\"de\",\"potentialAction\":[{\"@type\":\"ReadAction\",\"target\":[\"https:\\\/\\\/marktxxl.de\\\/markt\\\/produkt\\\/disney-maedchen-girls-frozen-fantasy-nightgown-nachthemd\\\/\"]}]},{\"@type\":\"ImageObject\",\"inLanguage\":\"de\",\"@id\":\"https:\\\/\\\/marktxxl.de\\\/markt\\\/produkt\\\/disney-maedchen-girls-frozen-fantasy-nightgown-nachthemd\\\/#primaryimage\",\"url\":\"https:\\\/\\\/m.media-amazon.com\\\/images\\\/I\\\/51+p1uQpA+L._SL500_.jpg\",\"contentUrl\":\"https:\\\/\\\/m.media-amazon.com\\\/images\\\/I\\\/51+p1uQpA+L._SL500_.jpg\",\"width\":400,\"height\":500},{\"@type\":\"BreadcrumbList\",\"@id\":\"https:\\\/\\\/marktxxl.de\\\/markt\\\/produkt\\\/disney-maedchen-girls-frozen-fantasy-nightgown-nachthemd\\\/#breadcrumb\",\"itemListElement\":[{\"@type\":\"ListItem\",\"position\":1,\"name\":\"Startseite\",\"item\":\"https:\\\/\\\/marktxxl.de\\\/markt\\\/\"},{\"@type\":\"ListItem\",\"position\":2,\"name\":\"Markt\",\"item\":\"https:\\\/\\\/marktxxl.de\\\/markt\\\/\"},{\"@type\":\"ListItem\",\"position\":3,\"name\":\"Disney M\u00e4dchen Girls&#8217; Frozen Fantasy Nightgown Nachthemd\"}]},{\"@type\":\"WebSite\",\"@id\":\"https:\\\/\\\/marktxxl.de\\\/markt\\\/#website\",\"url\":\"https:\\\/\\\/marktxxl.de\\\/markt\\\/\",\"name\":\"Markt-XXL\",\"description\":\"Ihr Markt Online\",\"publisher\":{\"@id\":\"https:\\\/\\\/marktxxl.de\\\/markt\\\/#organization\"},\"potentialAction\":[{\"@type\":\"SearchAction\",\"target\":{\"@type\":\"EntryPoint\",\"urlTemplate\":\"https:\\\/\\\/marktxxl.de\\\/markt\\\/?s={search_term_string}\"},\"query-input\":{\"@type\":\"PropertyValueSpecification\",\"valueRequired\":true,\"valueName\":\"search_term_string\"}}],\"inLanguage\":\"de\"},{\"@type\":\"Organization\",\"@id\":\"https:\\\/\\\/marktxxl.de\\\/markt\\\/#organization\",\"name\":\"Markt-XXL\",\"url\":\"https:\\\/\\\/marktxxl.de\\\/markt\\\/\",\"logo\":{\"@type\":\"ImageObject\",\"inLanguage\":\"de\",\"@id\":\"https:\\\/\\\/marktxxl.de\\\/markt\\\/#\\\/schema\\\/logo\\\/image\\\/\",\"url\":\"https:\\\/\\\/marktxxl.de\\\/markt\\\/wp-content\\\/uploads\\\/sites\\\/3\\\/2020\\\/12\\\/logo.png\",\"contentUrl\":\"https:\\\/\\\/marktxxl.de\\\/markt\\\/wp-content\\\/uploads\\\/sites\\\/3\\\/2020\\\/12\\\/logo.png\",\"width\":200,\"height\":70,\"caption\":\"Markt-XXL\"},\"image\":{\"@id\":\"https:\\\/\\\/marktxxl.de\\\/markt\\\/#\\\/schema\\\/logo\\\/image\\\/\"}}]}<\/script>\n<!-- \/ Yoast SEO plugin. -->","yoast_head_json":{"title":"Disney M\u00e4dchen Girls' Frozen Fantasy Nightgown Nachthemd - Markt-XXL","description":"Markt-XXL Disney M\u00e4dchen Girls' Frozen Fantasy Nightgown Nachthemd","robots":{"index":"index","follow":"follow","max-snippet":"max-snippet:-1","max-image-preview":"max-image-preview:large","max-video-preview":"max-video-preview:-1"},"canonical":"https:\/\/marktxxl.de\/markt\/produkt\/disney-maedchen-girls-frozen-fantasy-nightgown-nachthemd\/","og_locale":"de_DE","og_type":"article","og_title":"Disney M\u00e4dchen Girls' Frozen Fantasy Nightgown Nachthemd - Markt-XXL","og_description":"Markt-XXL Disney M\u00e4dchen Girls' Frozen Fantasy Nightgown Nachthemd","og_url":"https:\/\/marktxxl.de\/markt\/produkt\/disney-maedchen-girls-frozen-fantasy-nightgown-nachthemd\/","og_site_name":"Markt-XXL","article_modified_time":"2023-04-11T00:45:21+00:00","og_image":[{"width":400,"height":500,"url":"https:\/\/m.media-amazon.com\/images\/I\/51+p1uQpA+L._SL500_.jpg","type":"image\/jpeg"}],"twitter_card":"summary_large_image","twitter_misc":{"Gesch\u00e4tzte Lesezeit":"1\u00a0Minute"},"schema":{"@context":"https:\/\/schema.org","@graph":[{"@type":"WebPage","@id":"https:\/\/marktxxl.de\/markt\/produkt\/disney-maedchen-girls-frozen-fantasy-nightgown-nachthemd\/","url":"https:\/\/marktxxl.de\/markt\/produkt\/disney-maedchen-girls-frozen-fantasy-nightgown-nachthemd\/","name":"Disney M\u00e4dchen Girls' Frozen Fantasy Nightgown Nachthemd - Markt-XXL","isPartOf":{"@id":"https:\/\/marktxxl.de\/markt\/#website"},"primaryImageOfPage":{"@id":"https:\/\/marktxxl.de\/markt\/produkt\/disney-maedchen-girls-frozen-fantasy-nightgown-nachthemd\/#primaryimage"},"image":{"@id":"https:\/\/marktxxl.de\/markt\/produkt\/disney-maedchen-girls-frozen-fantasy-nightgown-nachthemd\/#primaryimage"},"thumbnailUrl":"https:\/\/m.media-amazon.com\/images\/I\/51+p1uQpA+L._SL500_.jpg","datePublished":"2021-11-12T22:39:11+00:00","dateModified":"2023-04-11T00:45:21+00:00","description":"Markt-XXL Disney M\u00e4dchen Girls' Frozen Fantasy Nightgown Nachthemd","breadcrumb":{"@id":"https:\/\/marktxxl.de\/markt\/produkt\/disney-maedchen-girls-frozen-fantasy-nightgown-nachthemd\/#breadcrumb"},"inLanguage":"de","potentialAction":[{"@type":"ReadAction","target":["https:\/\/marktxxl.de\/markt\/produkt\/disney-maedchen-girls-frozen-fantasy-nightgown-nachthemd\/"]}]},{"@type":"ImageObject","inLanguage":"de","@id":"https:\/\/marktxxl.de\/markt\/produkt\/disney-maedchen-girls-frozen-fantasy-nightgown-nachthemd\/#primaryimage","url":"https:\/\/m.media-amazon.com\/images\/I\/51+p1uQpA+L._SL500_.jpg","contentUrl":"https:\/\/m.media-amazon.com\/images\/I\/51+p1uQpA+L._SL500_.jpg","width":400,"height":500},{"@type":"BreadcrumbList","@id":"https:\/\/marktxxl.de\/markt\/produkt\/disney-maedchen-girls-frozen-fantasy-nightgown-nachthemd\/#breadcrumb","itemListElement":[{"@type":"ListItem","position":1,"name":"Startseite","item":"https:\/\/marktxxl.de\/markt\/"},{"@type":"ListItem","position":2,"name":"Markt","item":"https:\/\/marktxxl.de\/markt\/"},{"@type":"ListItem","position":3,"name":"Disney M\u00e4dchen Girls&#8217; Frozen Fantasy Nightgown Nachthemd"}]},{"@type":"WebSite","@id":"https:\/\/marktxxl.de\/markt\/#website","url":"https:\/\/marktxxl.de\/markt\/","name":"Markt-XXL","description":"Ihr Markt Online","publisher":{"@id":"https:\/\/marktxxl.de\/markt\/#organization"},"potentialAction":[{"@type":"SearchAction","target":{"@type":"EntryPoint","urlTemplate":"https:\/\/marktxxl.de\/markt\/?s={search_term_string}"},"query-input":{"@type":"PropertyValueSpecification","valueRequired":true,"valueName":"search_term_string"}}],"inLanguage":"de"},{"@type":"Organization","@id":"https:\/\/marktxxl.de\/markt\/#organization","name":"Markt-XXL","url":"https:\/\/marktxxl.de\/markt\/","logo":{"@type":"ImageObject","inLanguage":"de","@id":"https:\/\/marktxxl.de\/markt\/#\/schema\/logo\/image\/","url":"https:\/\/marktxxl.de\/markt\/wp-content\/uploads\/sites\/3\/2020\/12\/logo.png","contentUrl":"https:\/\/marktxxl.de\/markt\/wp-content\/uploads\/sites\/3\/2020\/12\/logo.png","width":200,"height":70,"caption":"Markt-XXL"},"image":{"@id":"https:\/\/marktxxl.de\/markt\/#\/schema\/logo\/image\/"}}]}},"_links":{"self":[{"href":"https:\/\/marktxxl.de\/markt\/wp-json\/wp\/v2\/product\/72129","targetHints":{"allow":["GET"]}}],"collection":[{"href":"https:\/\/marktxxl.de\/markt\/wp-json\/wp\/v2\/product"}],"about":[{"href":"https:\/\/marktxxl.de\/markt\/wp-json\/wp\/v2\/types\/product"}],"replies":[{"embeddable":true,"href":"https:\/\/marktxxl.de\/markt\/wp-json\/wp\/v2\/comments?post=72129"}],"wp:featuredmedia":[{"embeddable":true,"href":"https:\/\/marktxxl.de\/markt\/wp-json\/wp\/v2\/media\/72130"}],"wp:attachment":[{"href":"https:\/\/marktxxl.de\/markt\/wp-json\/wp\/v2\/media?parent=72129"}],"wp:term":[{"taxonomy":"product_brand","embeddable":true,"href":"https:\/\/marktxxl.de\/markt\/wp-json\/wp\/v2\/product_brand?post=72129"},{"taxonomy":"product_cat","embeddable":true,"href":"https:\/\/marktxxl.de\/markt\/wp-json\/wp\/v2\/product_cat?post=72129"},{"taxonomy":"product_tag","embeddable":true,"href":"https:\/\/marktxxl.de\/markt\/wp-json\/wp\/v2\/product_tag?post=72129"}],"curies":[{"name":"wp","href":"https:\/\/api.w.org\/{rel}","templated":true}]}}